{"id":35546,"date":"2025-06-10T13:54:07","date_gmt":"2025-06-10T09:54:07","guid":{"rendered":"https:\/\/airsystems.ge\/shop\/product\/hma-bt-low-temperature-industrial-dehumidifiers\/"},"modified":"2025-06-10T13:57:38","modified_gmt":"2025-06-10T09:57:38","slug":"hma-bt-low-temperature-industrial-dehumidifiers","status":"publish","type":"product","link":"https:\/\/climatemaster.ge\/hy\/product\/hma-bt-low-temperature-industrial-dehumidifiers\/","title":{"rendered":"HMA BT A\u015fa\u011f\u0131 temperaturlu s\u0259naye n\u0259ml\u0259ndiricil\u0259ri"},"content":{"rendered":"<div class=\"elementor-element elementor-element-70da8153 elementor-widget elementor-widget-theme-page-title elementor-page-title elementor-widget-heading\" data-id=\"70da8153\" data-element_type=\"widget\" data-widget_type=\"theme-page-title.default\">\n<div class=\"elementor-widget-container\">\n<p>HMA\/BT soyuq otaq s\u0259naye n\u0259ml\u0259ndiricil\u0259ri seriyas\u0131 r\u00fctub\u0259t s\u0259viyy\u0259sin\u0259 n\u0259zar\u0259t edilm\u0259li v\u0259 ya su buxar\u0131n\u0131n kondensasiyas\u0131n\u0131n qar\u015f\u0131s\u0131n\u0131n al\u0131nmal\u0131 oldu\u011fu s\u0259naye v\u0259 ya kommersiya m\u0259qs\u0259dl\u0259ri \u00fc\u00e7\u00fcn x\u00fcsusil\u0259 n\u0259z\u0259rd\u0259 tutulmu\u015f y\u00fcks\u0259k performansl\u0131 qur\u011fulard\u0131r. Bu qur\u011fular x\u00fcsusil\u0259 a\u015fa\u011f\u0131 temperatur \u015f\u0259raitind\u0259 r\u00fctub\u0259t\u0259 n\u0259zar\u0259t edilm\u0259li olan soyuq otaqlar, zirz\u0259mil\u0259r v\u0259 s\u0259naye sah\u0259l\u0259ri \u00fc\u00e7\u00fcn n\u0259z\u0259rd\u0259 tutulub. Bu seriya 263-d\u0259n 940 l\/24 saata q\u0259d\u0259r olan tutumu \u0259hat\u0259 ed\u0259n 6 modeld\u0259n ibar\u0259tdir. B\u00f6lm\u0259l\u0259r asan texniki xidm\u0259t v\u0259 texniki xidm\u0259t \u00fc\u00e7\u00fcn n\u0259z\u0259rd\u0259 tutulmu\u015fdur, \u0259slind\u0259 daxili hiss\u0259l\u0259r \u0259sas\u0259n s\u0259s ke\u00e7irm\u0259y\u0259n texniki b\u00f6lm\u0259d\u0259 yerl\u0259\u015fir, h\u0259tta qur\u011fu i\u015fl\u0259k v\u0259ziyy\u0259td\u0259 olsa bel\u0259 asanl\u0131qla \u0259ld\u0259 edil\u0259 bil\u0259r.<br \/>\nB\u00f6lm\u0259l\u0259r geni\u015f temperatur diapazonu il\u0259 i\u015fl\u0259m\u0259k \u00fc\u00e7\u00fcn x\u00fcsusi soyuducu d\u00f6vr\u0259 dizayn\u0131 il\u0259 t\u0259chiz edilmi\u015fdir, onlar h\u0259m\u00e7inin isti qaz vurma sistemi (buxarland\u0131r\u0131c\u0131n\u0131n buzunu \u0259ritm\u0259k \u00fc\u00e7\u00fcn istifad\u0259 olunur) v\u0259 a\u015fa\u011f\u0131 \u0259traf m\u00fchit temperaturu \u015f\u0259raitind\u0259 i\u015fl\u0259y\u0259rk\u0259n antifriz q\u0131zd\u0131r\u0131c\u0131s\u0131 il\u0259 t\u0259chiz edilmi\u015f kondensat ax\u0131d\u0131c\u0131 damc\u0131 qab\u0131 il\u0259 t\u0259chiz edilmi\u015fdir.<br \/>\nB\u00f6lm\u0259l\u0259r RS485 qo\u015fulmas\u0131 \u00fc\u00e7\u00fcn haz\u0131rl\u0131ql\u0131 qabaqc\u0131l mikroprosessorla t\u0259chiz edilmi\u015fdir (ist\u0259y\u0259 g\u00f6r\u0259).<br \/>\nTemperatur v\u0259 r\u00fctub\u0259t problar\u0131 ist\u0259k \u0259sas\u0131nda t\u0259min edil\u0259n aksesuarlard\u0131r.<\/p>\n<\/div>\n<\/div>\n<div class=\"elementor-element elementor-element-427e8a79 e-flex e-con-boxed e-con e-child\" data-id=\"427e8a79\" data-element_type=\"container\">\n<div class=\"e-con-inner\">\n<div class=\"elementor-element elementor-element-6e19ed90 hidebutton mc-bl elementor-align-left elementor-widget elementor-widget-button\" data-id=\"6e19ed90\" data-element_type=\"widget\" data-widget_type=\"button.default\">\n<div class=\"elementor-widget-container\">\n<div class=\"elementor-button-wrapper\"><a class=\"elementor-button elementor-button-link elementor-size-sm\" href=\"https:\/\/www.enextechnologies.com\/wp-content\/uploads\/2025\/03\/HMA-BT_ENG.pdf\" target=\"_blank\" rel=\"noopener\"><span class=\"elementor-button-content-wrapper\"><span class=\"elementor-button-text\">BROCHURE<\/span><\/span><\/a><\/div>\n<\/div>\n<\/div>\n<\/div>\n<\/div>\n","protected":false},"excerpt":{"rendered":"<div class=\"elementor-element elementor-element-f80f489 elementor-widget elementor-widget-heading\" data-id=\"f80f489\" data-element_type=\"widget\" data-widget_type=\"heading.default\">\n<div class=\"elementor-widget-container\">\n<div class=\"elementor-heading-title elementor-size-default\">N\u0259ml\u0259ndirm\u0259 qabiliyy\u0259ti 260 l\/24 saatdan 940 l\/24 saata q\u0259d\u0259r<br \/>\n3500 m3\/saatdan 8500 m3\/saata q\u0259d\u0259r hava ax\u0131n\u0131<\/div>\n<\/div>\n<\/div>\n","protected":false},"featured_media":35541,"template":"","meta":[],"product_brand":[],"product_cat":[1725,874],"product_tag":[],"class_list":{"0":"post-35546","1":"product","2":"type-product","3":"status-publish","4":"has-post-thumbnail","6":"product_cat-1725","7":"product_cat--hy-","9":"first","10":"instock","11":"shipping-taxable","12":"product-type-simple"},"yoast_head":"<!-- This site is optimized with the Yoast SEO plugin v27.1.1 - https:\/\/yoast.com\/product\/yoast-seo-wordpress\/ -->\n<title>HMA BT A\u015fa\u011f\u0131 temperaturlu s\u0259naye n\u0259ml\u0259ndiricil\u0259ri - Climate Master<\/title>\n<meta name=\"robots\" content=\"index, follow, max-snippet:-1, max-image-preview:large, max-video-preview:-1\" \/>\n<link rel=\"canonical\" href=\"https:\/\/climatemaster.ge\/hy\/product\/hma-bt-low-temperature-industrial-dehumidifiers\/\" \/>\n<meta property=\"og:locale\" content=\"hy_AM\" \/>\n<meta property=\"og:type\" content=\"article\" \/>\n<meta property=\"og:title\" content=\"HMA BT A\u015fa\u011f\u0131 temperaturlu s\u0259naye n\u0259ml\u0259ndiricil\u0259ri - Climate Master\" \/>\n<meta property=\"og:description\" content=\"N\u0259ml\u0259ndirm\u0259 qabiliyy\u0259ti 260 l\/24 saatdan 940 l\/24 saata q\u0259d\u0259r 3500 m3\/saatdan 8500 m3\/saata q\u0259d\u0259r hava ax\u0131n\u0131\" \/>\n<meta property=\"og:url\" content=\"https:\/\/climatemaster.ge\/hy\/product\/hma-bt-low-temperature-industrial-dehumidifiers\/\" \/>\n<meta property=\"og:site_name\" content=\"Climate Master\" \/>\n<meta property=\"article:modified_time\" content=\"2025-06-10T09:57:38+00:00\" \/>\n<meta property=\"og:image\" content=\"https:\/\/climatemaster.ge\/wp-content\/uploads\/2025\/06\/HMA-2.jpg\" \/>\n\t<meta property=\"og:image:width\" content=\"1352\" \/>\n\t<meta property=\"og:image:height\" content=\"1366\" \/>\n\t<meta property=\"og:image:type\" content=\"image\/jpeg\" \/>\n<meta name=\"twitter:card\" content=\"summary_large_image\" \/>\n<meta name=\"twitter:label1\" content=\"Est. reading time\" \/>\n\t<meta name=\"twitter:data1\" content=\"1 minute\" \/>\n<script type=\"application\/ld+json\" class=\"yoast-schema-graph\">{\"@context\":\"https:\/\/schema.org\",\"@graph\":[{\"@type\":\"WebPage\",\"@id\":\"https:\/\/climatemaster.ge\/hy\/product\/hma-bt-low-temperature-industrial-dehumidifiers\/\",\"url\":\"https:\/\/climatemaster.ge\/hy\/product\/hma-bt-low-temperature-industrial-dehumidifiers\/\",\"name\":\"HMA BT A\u015fa\u011f\u0131 temperaturlu s\u0259naye n\u0259ml\u0259ndiricil\u0259ri - Climate Master\",\"isPartOf\":{\"@id\":\"https:\/\/climatemaster.ge\/#website\"},\"primaryImageOfPage\":{\"@id\":\"https:\/\/climatemaster.ge\/hy\/product\/hma-bt-low-temperature-industrial-dehumidifiers\/#primaryimage\"},\"image\":{\"@id\":\"https:\/\/climatemaster.ge\/hy\/product\/hma-bt-low-temperature-industrial-dehumidifiers\/#primaryimage\"},\"thumbnailUrl\":\"https:\/\/climatemaster.ge\/wp-content\/uploads\/2025\/06\/HMA-2.jpg\",\"datePublished\":\"2025-06-10T09:54:07+00:00\",\"dateModified\":\"2025-06-10T09:57:38+00:00\",\"breadcrumb\":{\"@id\":\"https:\/\/climatemaster.ge\/hy\/product\/hma-bt-low-temperature-industrial-dehumidifiers\/#breadcrumb\"},\"inLanguage\":\"hy-AM\",\"potentialAction\":[{\"@type\":\"ReadAction\",\"target\":[\"https:\/\/climatemaster.ge\/hy\/product\/hma-bt-low-temperature-industrial-dehumidifiers\/\"]}]},{\"@type\":\"ImageObject\",\"inLanguage\":\"hy-AM\",\"@id\":\"https:\/\/climatemaster.ge\/hy\/product\/hma-bt-low-temperature-industrial-dehumidifiers\/#primaryimage\",\"url\":\"https:\/\/climatemaster.ge\/wp-content\/uploads\/2025\/06\/HMA-2.jpg\",\"contentUrl\":\"https:\/\/climatemaster.ge\/wp-content\/uploads\/2025\/06\/HMA-2.jpg\",\"width\":1352,\"height\":1366},{\"@type\":\"BreadcrumbList\",\"@id\":\"https:\/\/climatemaster.ge\/hy\/product\/hma-bt-low-temperature-industrial-dehumidifiers\/#breadcrumb\",\"itemListElement\":[{\"@type\":\"ListItem\",\"position\":1,\"name\":\"Home\",\"item\":\"https:\/\/climatemaster.ge\/\"},{\"@type\":\"ListItem\",\"position\":2,\"name\":\"\u0531\u057a\u0580\u0561\u0576\u0584\u0576\u0565\u0580\",\"item\":\"https:\/\/climatemaster.ge\/products\/\"},{\"@type\":\"ListItem\",\"position\":3,\"name\":\"HMA BT A\u015fa\u011f\u0131 temperaturlu s\u0259naye n\u0259ml\u0259ndiricil\u0259ri\"}]},{\"@type\":\"WebSite\",\"@id\":\"https:\/\/climatemaster.ge\/#website\",\"url\":\"https:\/\/climatemaster.ge\/\",\"name\":\"Climate Master\",\"description\":\"\",\"publisher\":{\"@id\":\"https:\/\/climatemaster.ge\/#organization\"},\"potentialAction\":[{\"@type\":\"SearchAction\",\"target\":{\"@type\":\"EntryPoint\",\"urlTemplate\":\"https:\/\/climatemaster.ge\/?s={search_term_string}\"},\"query-input\":{\"@type\":\"PropertyValueSpecification\",\"valueRequired\":true,\"valueName\":\"search_term_string\"}}],\"inLanguage\":\"hy-AM\"},{\"@type\":\"Organization\",\"@id\":\"https:\/\/climatemaster.ge\/#organization\",\"name\":\"Climate Master\",\"url\":\"https:\/\/climatemaster.ge\/\",\"logo\":{\"@type\":\"ImageObject\",\"inLanguage\":\"hy-AM\",\"@id\":\"https:\/\/climatemaster.ge\/#\/schema\/logo\/image\/\",\"url\":\"https:\/\/climatemaster.ge\/wp-content\/uploads\/2026\/03\/Untitled-2.png\",\"contentUrl\":\"https:\/\/climatemaster.ge\/wp-content\/uploads\/2026\/03\/Untitled-2.png\",\"width\":600,\"height\":338,\"caption\":\"Climate Master\"},\"image\":{\"@id\":\"https:\/\/climatemaster.ge\/#\/schema\/logo\/image\/\"}}]}<\/script>\n<!-- \/ Yoast SEO plugin. -->","yoast_head_json":{"title":"HMA BT A\u015fa\u011f\u0131 temperaturlu s\u0259naye n\u0259ml\u0259ndiricil\u0259ri - Climate Master","robots":{"index":"index","follow":"follow","max-snippet":"max-snippet:-1","max-image-preview":"max-image-preview:large","max-video-preview":"max-video-preview:-1"},"canonical":"https:\/\/climatemaster.ge\/hy\/product\/hma-bt-low-temperature-industrial-dehumidifiers\/","og_locale":"hy_AM","og_type":"article","og_title":"HMA BT A\u015fa\u011f\u0131 temperaturlu s\u0259naye n\u0259ml\u0259ndiricil\u0259ri - Climate Master","og_description":"N\u0259ml\u0259ndirm\u0259 qabiliyy\u0259ti 260 l\/24 saatdan 940 l\/24 saata q\u0259d\u0259r 3500 m3\/saatdan 8500 m3\/saata q\u0259d\u0259r hava ax\u0131n\u0131","og_url":"https:\/\/climatemaster.ge\/hy\/product\/hma-bt-low-temperature-industrial-dehumidifiers\/","og_site_name":"Climate Master","article_modified_time":"2025-06-10T09:57:38+00:00","og_image":[{"width":1352,"height":1366,"url":"https:\/\/climatemaster.ge\/wp-content\/uploads\/2025\/06\/HMA-2.jpg","type":"image\/jpeg"}],"twitter_card":"summary_large_image","twitter_misc":{"Est. reading time":"1 minute"},"schema":{"@context":"https:\/\/schema.org","@graph":[{"@type":"WebPage","@id":"https:\/\/climatemaster.ge\/hy\/product\/hma-bt-low-temperature-industrial-dehumidifiers\/","url":"https:\/\/climatemaster.ge\/hy\/product\/hma-bt-low-temperature-industrial-dehumidifiers\/","name":"HMA BT A\u015fa\u011f\u0131 temperaturlu s\u0259naye n\u0259ml\u0259ndiricil\u0259ri - Climate Master","isPartOf":{"@id":"https:\/\/climatemaster.ge\/#website"},"primaryImageOfPage":{"@id":"https:\/\/climatemaster.ge\/hy\/product\/hma-bt-low-temperature-industrial-dehumidifiers\/#primaryimage"},"image":{"@id":"https:\/\/climatemaster.ge\/hy\/product\/hma-bt-low-temperature-industrial-dehumidifiers\/#primaryimage"},"thumbnailUrl":"https:\/\/climatemaster.ge\/wp-content\/uploads\/2025\/06\/HMA-2.jpg","datePublished":"2025-06-10T09:54:07+00:00","dateModified":"2025-06-10T09:57:38+00:00","breadcrumb":{"@id":"https:\/\/climatemaster.ge\/hy\/product\/hma-bt-low-temperature-industrial-dehumidifiers\/#breadcrumb"},"inLanguage":"hy-AM","potentialAction":[{"@type":"ReadAction","target":["https:\/\/climatemaster.ge\/hy\/product\/hma-bt-low-temperature-industrial-dehumidifiers\/"]}]},{"@type":"ImageObject","inLanguage":"hy-AM","@id":"https:\/\/climatemaster.ge\/hy\/product\/hma-bt-low-temperature-industrial-dehumidifiers\/#primaryimage","url":"https:\/\/climatemaster.ge\/wp-content\/uploads\/2025\/06\/HMA-2.jpg","contentUrl":"https:\/\/climatemaster.ge\/wp-content\/uploads\/2025\/06\/HMA-2.jpg","width":1352,"height":1366},{"@type":"BreadcrumbList","@id":"https:\/\/climatemaster.ge\/hy\/product\/hma-bt-low-temperature-industrial-dehumidifiers\/#breadcrumb","itemListElement":[{"@type":"ListItem","position":1,"name":"Home","item":"https:\/\/climatemaster.ge\/"},{"@type":"ListItem","position":2,"name":"\u0531\u057a\u0580\u0561\u0576\u0584\u0576\u0565\u0580","item":"https:\/\/climatemaster.ge\/products\/"},{"@type":"ListItem","position":3,"name":"HMA BT A\u015fa\u011f\u0131 temperaturlu s\u0259naye n\u0259ml\u0259ndiricil\u0259ri"}]},{"@type":"WebSite","@id":"https:\/\/climatemaster.ge\/#website","url":"https:\/\/climatemaster.ge\/","name":"Climate Master","description":"","publisher":{"@id":"https:\/\/climatemaster.ge\/#organization"},"potentialAction":[{"@type":"SearchAction","target":{"@type":"EntryPoint","urlTemplate":"https:\/\/climatemaster.ge\/?s={search_term_string}"},"query-input":{"@type":"PropertyValueSpecification","valueRequired":true,"valueName":"search_term_string"}}],"inLanguage":"hy-AM"},{"@type":"Organization","@id":"https:\/\/climatemaster.ge\/#organization","name":"Climate Master","url":"https:\/\/climatemaster.ge\/","logo":{"@type":"ImageObject","inLanguage":"hy-AM","@id":"https:\/\/climatemaster.ge\/#\/schema\/logo\/image\/","url":"https:\/\/climatemaster.ge\/wp-content\/uploads\/2026\/03\/Untitled-2.png","contentUrl":"https:\/\/climatemaster.ge\/wp-content\/uploads\/2026\/03\/Untitled-2.png","width":600,"height":338,"caption":"Climate Master"},"image":{"@id":"https:\/\/climatemaster.ge\/#\/schema\/logo\/image\/"}}]}},"_links":{"self":[{"href":"https:\/\/climatemaster.ge\/hy\/wp-json\/wp\/v2\/product\/35546","targetHints":{"allow":["GET"]}}],"collection":[{"href":"https:\/\/climatemaster.ge\/hy\/wp-json\/wp\/v2\/product"}],"about":[{"href":"https:\/\/climatemaster.ge\/hy\/wp-json\/wp\/v2\/types\/product"}],"wp:featuredmedia":[{"embeddable":true,"href":"https:\/\/climatemaster.ge\/hy\/wp-json\/wp\/v2\/media\/35541"}],"wp:attachment":[{"href":"https:\/\/climatemaster.ge\/hy\/wp-json\/wp\/v2\/media?parent=35546"}],"wp:term":[{"taxonomy":"product_brand","embeddable":true,"href":"https:\/\/climatemaster.ge\/hy\/wp-json\/wp\/v2\/product_brand?post=35546"},{"taxonomy":"product_cat","embeddable":true,"href":"https:\/\/climatemaster.ge\/hy\/wp-json\/wp\/v2\/product_cat?post=35546"},{"taxonomy":"product_tag","embeddable":true,"href":"https:\/\/climatemaster.ge\/hy\/wp-json\/wp\/v2\/product_tag?post=35546"}],"curies":[{"name":"wp","href":"https:\/\/api.w.org\/{rel}","templated":true}]}}