{"id":43595,"date":"2025-11-01T21:33:34","date_gmt":"2025-11-01T17:33:34","guid":{"rendered":"https:\/\/airsystems.ge\/shop\/product\/rooftop-climamaster-series-17-3-kw-mrc-hwn1-r-mrc-60hwn1-r-midea\/"},"modified":"2025-11-01T21:40:52","modified_gmt":"2025-11-01T17:40:52","slug":"rooftop-climamaster-series-17-3-kw-mrc-hwn1-r-mrc-60hwn1-r-midea","status":"publish","type":"product","link":"https:\/\/climatemaster.ge\/fr\/produit\/rooftop-climamaster-series-17-3-kw-mrc-hwn1-r-mrc-60hwn1-r-midea\/","title":{"rendered":"Unit\u00e9s de toit Climatiseur de toiture  S\u00e9rie ClimaMaster 17.3 kW MRC-**HWN1-R  MRC-60HWN1-R  MIDEA"},"content":{"rendered":"","protected":false},"excerpt":{"rendered":"<h1>S\u00e9rie ClimaMaster<\/h1>\n<p>Sp\u00e9cifications du produit<\/p>\n<p>Fonctionnement en mode refroidissement et chauffage<br \/>\nLarge plage de puissance, format compact<br \/>\nInstallation possible en toiture ou au sol<br \/>\nCompresseur \u00e0 spirale fiable<br \/>\nConstruction robuste<br \/>\nContr\u00f4leur filaire<br \/>\nFiltre lavable<br \/>\nFonctionnement fiable\u00a0: protections multiples pour une stabilit\u00e9 optimale<\/p>\n","protected":false},"featured_media":43590,"template":"","meta":[],"product_brand":[],"product_cat":[2010],"product_tag":[],"class_list":{"0":"post-43595","1":"product","2":"type-product","3":"status-publish","4":"has-post-thumbnail","6":"product_cat-unites-de-toit","8":"first","9":"instock","10":"shipping-taxable","11":"product-type-simple"},"yoast_head":"<!-- This site is optimized with the Yoast SEO plugin v27.1.1 - https:\/\/yoast.com\/product\/yoast-seo-wordpress\/ -->\n<title>Unit\u00e9s de toit Climatiseur de toiture S\u00e9rie ClimaMaster 17.3 kW MRC-**HWN1-R MRC-60HWN1-R MIDEA - Climate Master<\/title>\n<meta name=\"robots\" content=\"index, follow, max-snippet:-1, max-image-preview:large, max-video-preview:-1\" \/>\n<link rel=\"canonical\" href=\"https:\/\/climatemaster.ge\/fr\/produit\/rooftop-climamaster-series-17-3-kw-mrc-hwn1-r-mrc-60hwn1-r-midea\/\" \/>\n<meta property=\"og:locale\" content=\"fr_FR\" \/>\n<meta property=\"og:type\" content=\"article\" \/>\n<meta property=\"og:title\" content=\"Unit\u00e9s de toit Climatiseur de toiture S\u00e9rie ClimaMaster 17.3 kW MRC-**HWN1-R MRC-60HWN1-R MIDEA - Climate Master\" \/>\n<meta property=\"og:description\" content=\"S\u00e9rie ClimaMaster Sp\u00e9cifications du produit  Fonctionnement en mode refroidissement et chauffage Large plage de puissance, format compact Installation possible en toiture ou au sol Compresseur \u00e0 spirale fiable Construction robuste Contr\u00f4leur filaire Filtre lavable Fonctionnement fiable\u00a0: protections multiples pour une stabilit\u00e9 optimale\" \/>\n<meta property=\"og:url\" content=\"https:\/\/climatemaster.ge\/fr\/produit\/rooftop-climamaster-series-17-3-kw-mrc-hwn1-r-mrc-60hwn1-r-midea\/\" \/>\n<meta property=\"og:site_name\" content=\"Climate Master\" \/>\n<meta property=\"article:modified_time\" content=\"2025-11-01T17:40:52+00:00\" \/>\n<meta property=\"og:image\" content=\"https:\/\/climatemaster.ge\/wp-content\/uploads\/2025\/11\/ROOFTOP-PACKAGE-Climamaster.webp\" \/>\n\t<meta property=\"og:image:width\" content=\"784\" \/>\n\t<meta property=\"og:image:height\" content=\"559\" \/>\n\t<meta property=\"og:image:type\" content=\"image\/webp\" \/>\n<meta name=\"twitter:card\" content=\"summary_large_image\" \/>\n<script type=\"application\/ld+json\" class=\"yoast-schema-graph\">{\"@context\":\"https:\/\/schema.org\",\"@graph\":[{\"@type\":\"WebPage\",\"@id\":\"https:\/\/climatemaster.ge\/fr\/produit\/rooftop-climamaster-series-17-3-kw-mrc-hwn1-r-mrc-60hwn1-r-midea\/\",\"url\":\"https:\/\/climatemaster.ge\/fr\/produit\/rooftop-climamaster-series-17-3-kw-mrc-hwn1-r-mrc-60hwn1-r-midea\/\",\"name\":\"Unit\u00e9s de toit Climatiseur de toiture S\u00e9rie ClimaMaster 17.3 kW MRC-**HWN1-R MRC-60HWN1-R MIDEA - Climate Master\",\"isPartOf\":{\"@id\":\"https:\/\/climatemaster.ge\/#website\"},\"primaryImageOfPage\":{\"@id\":\"https:\/\/climatemaster.ge\/fr\/produit\/rooftop-climamaster-series-17-3-kw-mrc-hwn1-r-mrc-60hwn1-r-midea\/#primaryimage\"},\"image\":{\"@id\":\"https:\/\/climatemaster.ge\/fr\/produit\/rooftop-climamaster-series-17-3-kw-mrc-hwn1-r-mrc-60hwn1-r-midea\/#primaryimage\"},\"thumbnailUrl\":\"https:\/\/climatemaster.ge\/wp-content\/uploads\/2025\/11\/ROOFTOP-PACKAGE-Climamaster.webp\",\"datePublished\":\"2025-11-01T17:33:34+00:00\",\"dateModified\":\"2025-11-01T17:40:52+00:00\",\"breadcrumb\":{\"@id\":\"https:\/\/climatemaster.ge\/fr\/produit\/rooftop-climamaster-series-17-3-kw-mrc-hwn1-r-mrc-60hwn1-r-midea\/#breadcrumb\"},\"inLanguage\":\"fr-FR\",\"potentialAction\":[{\"@type\":\"ReadAction\",\"target\":[\"https:\/\/climatemaster.ge\/fr\/produit\/rooftop-climamaster-series-17-3-kw-mrc-hwn1-r-mrc-60hwn1-r-midea\/\"]}]},{\"@type\":\"ImageObject\",\"inLanguage\":\"fr-FR\",\"@id\":\"https:\/\/climatemaster.ge\/fr\/produit\/rooftop-climamaster-series-17-3-kw-mrc-hwn1-r-mrc-60hwn1-r-midea\/#primaryimage\",\"url\":\"https:\/\/climatemaster.ge\/wp-content\/uploads\/2025\/11\/ROOFTOP-PACKAGE-Climamaster.webp\",\"contentUrl\":\"https:\/\/climatemaster.ge\/wp-content\/uploads\/2025\/11\/ROOFTOP-PACKAGE-Climamaster.webp\",\"width\":784,\"height\":559},{\"@type\":\"BreadcrumbList\",\"@id\":\"https:\/\/climatemaster.ge\/fr\/produit\/rooftop-climamaster-series-17-3-kw-mrc-hwn1-r-mrc-60hwn1-r-midea\/#breadcrumb\",\"itemListElement\":[{\"@type\":\"ListItem\",\"position\":1,\"name\":\"Home\",\"item\":\"https:\/\/climatemaster.ge\/\"},{\"@type\":\"ListItem\",\"position\":2,\"name\":\"Products\",\"item\":\"https:\/\/climatemaster.ge\/products\/\"},{\"@type\":\"ListItem\",\"position\":3,\"name\":\"Unit\u00e9s de toit Climatiseur de toiture S\u00e9rie ClimaMaster 17.3 kW MRC-**HWN1-R MRC-60HWN1-R MIDEA\"}]},{\"@type\":\"WebSite\",\"@id\":\"https:\/\/climatemaster.ge\/#website\",\"url\":\"https:\/\/climatemaster.ge\/\",\"name\":\"Climate Master\",\"description\":\"\",\"publisher\":{\"@id\":\"https:\/\/climatemaster.ge\/#organization\"},\"potentialAction\":[{\"@type\":\"SearchAction\",\"target\":{\"@type\":\"EntryPoint\",\"urlTemplate\":\"https:\/\/climatemaster.ge\/?s={search_term_string}\"},\"query-input\":{\"@type\":\"PropertyValueSpecification\",\"valueRequired\":true,\"valueName\":\"search_term_string\"}}],\"inLanguage\":\"fr-FR\"},{\"@type\":\"Organization\",\"@id\":\"https:\/\/climatemaster.ge\/#organization\",\"name\":\"Climate Master\",\"url\":\"https:\/\/climatemaster.ge\/\",\"logo\":{\"@type\":\"ImageObject\",\"inLanguage\":\"fr-FR\",\"@id\":\"https:\/\/climatemaster.ge\/#\/schema\/logo\/image\/\",\"url\":\"https:\/\/climatemaster.ge\/wp-content\/uploads\/2026\/03\/Untitled-2.png\",\"contentUrl\":\"https:\/\/climatemaster.ge\/wp-content\/uploads\/2026\/03\/Untitled-2.png\",\"width\":600,\"height\":338,\"caption\":\"Climate Master\"},\"image\":{\"@id\":\"https:\/\/climatemaster.ge\/#\/schema\/logo\/image\/\"}}]}<\/script>\n<!-- \/ Yoast SEO plugin. -->","yoast_head_json":{"title":"Unit\u00e9s de toit Climatiseur de toiture S\u00e9rie ClimaMaster 17.3 kW MRC-**HWN1-R MRC-60HWN1-R MIDEA - Climate Master","robots":{"index":"index","follow":"follow","max-snippet":"max-snippet:-1","max-image-preview":"max-image-preview:large","max-video-preview":"max-video-preview:-1"},"canonical":"https:\/\/climatemaster.ge\/fr\/produit\/rooftop-climamaster-series-17-3-kw-mrc-hwn1-r-mrc-60hwn1-r-midea\/","og_locale":"fr_FR","og_type":"article","og_title":"Unit\u00e9s de toit Climatiseur de toiture S\u00e9rie ClimaMaster 17.3 kW MRC-**HWN1-R MRC-60HWN1-R MIDEA - Climate Master","og_description":"S\u00e9rie ClimaMaster Sp\u00e9cifications du produit  Fonctionnement en mode refroidissement et chauffage Large plage de puissance, format compact Installation possible en toiture ou au sol Compresseur \u00e0 spirale fiable Construction robuste Contr\u00f4leur filaire Filtre lavable Fonctionnement fiable\u00a0: protections multiples pour une stabilit\u00e9 optimale","og_url":"https:\/\/climatemaster.ge\/fr\/produit\/rooftop-climamaster-series-17-3-kw-mrc-hwn1-r-mrc-60hwn1-r-midea\/","og_site_name":"Climate Master","article_modified_time":"2025-11-01T17:40:52+00:00","og_image":[{"width":784,"height":559,"url":"https:\/\/climatemaster.ge\/wp-content\/uploads\/2025\/11\/ROOFTOP-PACKAGE-Climamaster.webp","type":"image\/webp"}],"twitter_card":"summary_large_image","schema":{"@context":"https:\/\/schema.org","@graph":[{"@type":"WebPage","@id":"https:\/\/climatemaster.ge\/fr\/produit\/rooftop-climamaster-series-17-3-kw-mrc-hwn1-r-mrc-60hwn1-r-midea\/","url":"https:\/\/climatemaster.ge\/fr\/produit\/rooftop-climamaster-series-17-3-kw-mrc-hwn1-r-mrc-60hwn1-r-midea\/","name":"Unit\u00e9s de toit Climatiseur de toiture S\u00e9rie ClimaMaster 17.3 kW MRC-**HWN1-R MRC-60HWN1-R MIDEA - Climate Master","isPartOf":{"@id":"https:\/\/climatemaster.ge\/#website"},"primaryImageOfPage":{"@id":"https:\/\/climatemaster.ge\/fr\/produit\/rooftop-climamaster-series-17-3-kw-mrc-hwn1-r-mrc-60hwn1-r-midea\/#primaryimage"},"image":{"@id":"https:\/\/climatemaster.ge\/fr\/produit\/rooftop-climamaster-series-17-3-kw-mrc-hwn1-r-mrc-60hwn1-r-midea\/#primaryimage"},"thumbnailUrl":"https:\/\/climatemaster.ge\/wp-content\/uploads\/2025\/11\/ROOFTOP-PACKAGE-Climamaster.webp","datePublished":"2025-11-01T17:33:34+00:00","dateModified":"2025-11-01T17:40:52+00:00","breadcrumb":{"@id":"https:\/\/climatemaster.ge\/fr\/produit\/rooftop-climamaster-series-17-3-kw-mrc-hwn1-r-mrc-60hwn1-r-midea\/#breadcrumb"},"inLanguage":"fr-FR","potentialAction":[{"@type":"ReadAction","target":["https:\/\/climatemaster.ge\/fr\/produit\/rooftop-climamaster-series-17-3-kw-mrc-hwn1-r-mrc-60hwn1-r-midea\/"]}]},{"@type":"ImageObject","inLanguage":"fr-FR","@id":"https:\/\/climatemaster.ge\/fr\/produit\/rooftop-climamaster-series-17-3-kw-mrc-hwn1-r-mrc-60hwn1-r-midea\/#primaryimage","url":"https:\/\/climatemaster.ge\/wp-content\/uploads\/2025\/11\/ROOFTOP-PACKAGE-Climamaster.webp","contentUrl":"https:\/\/climatemaster.ge\/wp-content\/uploads\/2025\/11\/ROOFTOP-PACKAGE-Climamaster.webp","width":784,"height":559},{"@type":"BreadcrumbList","@id":"https:\/\/climatemaster.ge\/fr\/produit\/rooftop-climamaster-series-17-3-kw-mrc-hwn1-r-mrc-60hwn1-r-midea\/#breadcrumb","itemListElement":[{"@type":"ListItem","position":1,"name":"Home","item":"https:\/\/climatemaster.ge\/"},{"@type":"ListItem","position":2,"name":"Products","item":"https:\/\/climatemaster.ge\/products\/"},{"@type":"ListItem","position":3,"name":"Unit\u00e9s de toit Climatiseur de toiture S\u00e9rie ClimaMaster 17.3 kW MRC-**HWN1-R MRC-60HWN1-R MIDEA"}]},{"@type":"WebSite","@id":"https:\/\/climatemaster.ge\/#website","url":"https:\/\/climatemaster.ge\/","name":"Climate Master","description":"","publisher":{"@id":"https:\/\/climatemaster.ge\/#organization"},"potentialAction":[{"@type":"SearchAction","target":{"@type":"EntryPoint","urlTemplate":"https:\/\/climatemaster.ge\/?s={search_term_string}"},"query-input":{"@type":"PropertyValueSpecification","valueRequired":true,"valueName":"search_term_string"}}],"inLanguage":"fr-FR"},{"@type":"Organization","@id":"https:\/\/climatemaster.ge\/#organization","name":"Climate Master","url":"https:\/\/climatemaster.ge\/","logo":{"@type":"ImageObject","inLanguage":"fr-FR","@id":"https:\/\/climatemaster.ge\/#\/schema\/logo\/image\/","url":"https:\/\/climatemaster.ge\/wp-content\/uploads\/2026\/03\/Untitled-2.png","contentUrl":"https:\/\/climatemaster.ge\/wp-content\/uploads\/2026\/03\/Untitled-2.png","width":600,"height":338,"caption":"Climate Master"},"image":{"@id":"https:\/\/climatemaster.ge\/#\/schema\/logo\/image\/"}}]}},"_links":{"self":[{"href":"https:\/\/climatemaster.ge\/fr\/wp-json\/wp\/v2\/product\/43595","targetHints":{"allow":["GET"]}}],"collection":[{"href":"https:\/\/climatemaster.ge\/fr\/wp-json\/wp\/v2\/product"}],"about":[{"href":"https:\/\/climatemaster.ge\/fr\/wp-json\/wp\/v2\/types\/product"}],"wp:featuredmedia":[{"embeddable":true,"href":"https:\/\/climatemaster.ge\/fr\/wp-json\/wp\/v2\/media\/43590"}],"wp:attachment":[{"href":"https:\/\/climatemaster.ge\/fr\/wp-json\/wp\/v2\/media?parent=43595"}],"wp:term":[{"taxonomy":"product_brand","embeddable":true,"href":"https:\/\/climatemaster.ge\/fr\/wp-json\/wp\/v2\/product_brand?post=43595"},{"taxonomy":"product_cat","embeddable":true,"href":"https:\/\/climatemaster.ge\/fr\/wp-json\/wp\/v2\/product_cat?post=43595"},{"taxonomy":"product_tag","embeddable":true,"href":"https:\/\/climatemaster.ge\/fr\/wp-json\/wp\/v2\/product_tag?post=43595"}],"curies":[{"name":"wp","href":"https:\/\/api.w.org\/{rel}","templated":true}]}}