{"id":43379,"date":"2025-10-25T17:31:53","date_gmt":"2025-10-25T13:31:53","guid":{"rendered":"https:\/\/airsystems.ge\/shop\/product\/multi-split-ac-indoor-unit-wall-mounted-forest-af-series-7-24-kbtu-af-nxd0-m-af-07nxd0-m-af-09nxd0-m-af-12nxd0-m-af-18nxd0-m-af-24nxd0-m-midea\/"},"modified":"2025-10-25T17:37:16","modified_gmt":"2025-10-25T13:37:16","slug":"multi-split-ac-indoor-unit-wall-mounted-forest-af-series-7-24-kbtu-af-nxd0-m-af-07nxd0-m-af-09nxd0-m-af-12nxd0-m-af-18nxd0-m-af-24nxd0-m-midea","status":"publish","type":"product","link":"https:\/\/climatemaster.ge\/fr\/produit\/multi-split-ac-indoor-unit-wall-mounted-forest-af-series-7-24-kbtu-af-nxd0-m-af-07nxd0-m-af-09nxd0-m-af-12nxd0-m-af-18nxd0-m-af-24nxd0-m-midea\/","title":{"rendered":"Climatiseur multi-split  Unit\u00e9 int\u00e9rieure  S\u00e9rie Forest (AF) murale 7 &#8211; 24 KBTU AF-**NXD0-M AF-07NXD0-M AF-09NXD0-M AF-12NXD0-M AF-18NXD0-M AF-24NXD0-M  MIDEA"},"content":{"rendered":"","protected":false},"excerpt":{"rendered":"<h1>S\u00e9rie Forest (AF) murale<\/h1>\n<p>Caract\u00e9ristiques produit<\/p>\n<p>Unit\u00e9 int\u00e9rieure murale pour syst\u00e8me multi-split<\/p>\n<p>Technologie Inverter 3 vitesses<br \/>\nFonction d&rsquo;oscillation verticale des volets<br \/>\nT\u00e9l\u00e9commande<br \/>\nEfficace par temps froid<br \/>\nFonctionnement silencieux<\/p>\n","protected":false},"featured_media":43359,"template":"","meta":[],"product_brand":[],"product_cat":[2004],"product_tag":[],"class_list":{"0":"post-43379","1":"product","2":"type-product","3":"status-publish","4":"has-post-thumbnail","6":"product_cat-climatiseur-multi-split","8":"first","9":"instock","10":"shipping-taxable","11":"product-type-simple"},"yoast_head":"<!-- This site is optimized with the Yoast SEO plugin v27.1.1 - https:\/\/yoast.com\/product\/yoast-seo-wordpress\/ -->\n<title>Climatiseur multi-split Unit\u00e9 int\u00e9rieure S\u00e9rie Forest (AF) murale 7 - 24 KBTU AF-**NXD0-M AF-07NXD0-M AF-09NXD0-M AF-12NXD0-M AF-18NXD0-M AF-24NXD0-M MIDEA - Climate Master<\/title>\n<meta name=\"robots\" content=\"index, follow, max-snippet:-1, max-image-preview:large, max-video-preview:-1\" \/>\n<link rel=\"canonical\" href=\"https:\/\/climatemaster.ge\/fr\/produit\/multi-split-ac-indoor-unit-wall-mounted-forest-af-series-7-24-kbtu-af-nxd0-m-af-07nxd0-m-af-09nxd0-m-af-12nxd0-m-af-18nxd0-m-af-24nxd0-m-midea\/\" \/>\n<meta property=\"og:locale\" content=\"fr_FR\" \/>\n<meta property=\"og:type\" content=\"article\" \/>\n<meta property=\"og:title\" content=\"Climatiseur multi-split Unit\u00e9 int\u00e9rieure S\u00e9rie Forest (AF) murale 7 - 24 KBTU AF-**NXD0-M AF-07NXD0-M AF-09NXD0-M AF-12NXD0-M AF-18NXD0-M AF-24NXD0-M MIDEA - Climate Master\" \/>\n<meta property=\"og:description\" content=\"S\u00e9rie Forest (AF) murale Caract\u00e9ristiques produit  Unit\u00e9 int\u00e9rieure murale pour syst\u00e8me multi-split  Technologie Inverter 3 vitesses Fonction d&#039;oscillation verticale des volets T\u00e9l\u00e9commande Efficace par temps froid Fonctionnement silencieux\" \/>\n<meta property=\"og:url\" content=\"https:\/\/climatemaster.ge\/fr\/produit\/multi-split-ac-indoor-unit-wall-mounted-forest-af-series-7-24-kbtu-af-nxd0-m-af-07nxd0-m-af-09nxd0-m-af-12nxd0-m-af-18nxd0-m-af-24nxd0-m-midea\/\" \/>\n<meta property=\"og:site_name\" content=\"Climate Master\" \/>\n<meta property=\"article:modified_time\" content=\"2025-10-25T13:37:16+00:00\" \/>\n<meta property=\"og:image\" content=\"https:\/\/climatemaster.ge\/wp-content\/uploads\/2025\/10\/AF_RESULT.webp\" \/>\n\t<meta property=\"og:image:width\" content=\"768\" \/>\n\t<meta property=\"og:image:height\" content=\"768\" \/>\n\t<meta property=\"og:image:type\" content=\"image\/webp\" \/>\n<meta name=\"twitter:card\" content=\"summary_large_image\" \/>\n<script type=\"application\/ld+json\" class=\"yoast-schema-graph\">{\"@context\":\"https:\/\/schema.org\",\"@graph\":[{\"@type\":\"WebPage\",\"@id\":\"https:\/\/climatemaster.ge\/fr\/produit\/multi-split-ac-indoor-unit-wall-mounted-forest-af-series-7-24-kbtu-af-nxd0-m-af-07nxd0-m-af-09nxd0-m-af-12nxd0-m-af-18nxd0-m-af-24nxd0-m-midea\/\",\"url\":\"https:\/\/climatemaster.ge\/fr\/produit\/multi-split-ac-indoor-unit-wall-mounted-forest-af-series-7-24-kbtu-af-nxd0-m-af-07nxd0-m-af-09nxd0-m-af-12nxd0-m-af-18nxd0-m-af-24nxd0-m-midea\/\",\"name\":\"Climatiseur multi-split Unit\u00e9 int\u00e9rieure S\u00e9rie Forest (AF) murale 7 - 24 KBTU AF-**NXD0-M AF-07NXD0-M AF-09NXD0-M AF-12NXD0-M AF-18NXD0-M AF-24NXD0-M MIDEA - Climate Master\",\"isPartOf\":{\"@id\":\"https:\/\/climatemaster.ge\/#website\"},\"primaryImageOfPage\":{\"@id\":\"https:\/\/climatemaster.ge\/fr\/produit\/multi-split-ac-indoor-unit-wall-mounted-forest-af-series-7-24-kbtu-af-nxd0-m-af-07nxd0-m-af-09nxd0-m-af-12nxd0-m-af-18nxd0-m-af-24nxd0-m-midea\/#primaryimage\"},\"image\":{\"@id\":\"https:\/\/climatemaster.ge\/fr\/produit\/multi-split-ac-indoor-unit-wall-mounted-forest-af-series-7-24-kbtu-af-nxd0-m-af-07nxd0-m-af-09nxd0-m-af-12nxd0-m-af-18nxd0-m-af-24nxd0-m-midea\/#primaryimage\"},\"thumbnailUrl\":\"https:\/\/climatemaster.ge\/wp-content\/uploads\/2025\/10\/AF_RESULT.webp\",\"datePublished\":\"2025-10-25T13:31:53+00:00\",\"dateModified\":\"2025-10-25T13:37:16+00:00\",\"breadcrumb\":{\"@id\":\"https:\/\/climatemaster.ge\/fr\/produit\/multi-split-ac-indoor-unit-wall-mounted-forest-af-series-7-24-kbtu-af-nxd0-m-af-07nxd0-m-af-09nxd0-m-af-12nxd0-m-af-18nxd0-m-af-24nxd0-m-midea\/#breadcrumb\"},\"inLanguage\":\"fr-FR\",\"potentialAction\":[{\"@type\":\"ReadAction\",\"target\":[\"https:\/\/climatemaster.ge\/fr\/produit\/multi-split-ac-indoor-unit-wall-mounted-forest-af-series-7-24-kbtu-af-nxd0-m-af-07nxd0-m-af-09nxd0-m-af-12nxd0-m-af-18nxd0-m-af-24nxd0-m-midea\/\"]}]},{\"@type\":\"ImageObject\",\"inLanguage\":\"fr-FR\",\"@id\":\"https:\/\/climatemaster.ge\/fr\/produit\/multi-split-ac-indoor-unit-wall-mounted-forest-af-series-7-24-kbtu-af-nxd0-m-af-07nxd0-m-af-09nxd0-m-af-12nxd0-m-af-18nxd0-m-af-24nxd0-m-midea\/#primaryimage\",\"url\":\"https:\/\/climatemaster.ge\/wp-content\/uploads\/2025\/10\/AF_RESULT.webp\",\"contentUrl\":\"https:\/\/climatemaster.ge\/wp-content\/uploads\/2025\/10\/AF_RESULT.webp\",\"width\":768,\"height\":768},{\"@type\":\"BreadcrumbList\",\"@id\":\"https:\/\/climatemaster.ge\/fr\/produit\/multi-split-ac-indoor-unit-wall-mounted-forest-af-series-7-24-kbtu-af-nxd0-m-af-07nxd0-m-af-09nxd0-m-af-12nxd0-m-af-18nxd0-m-af-24nxd0-m-midea\/#breadcrumb\",\"itemListElement\":[{\"@type\":\"ListItem\",\"position\":1,\"name\":\"Home\",\"item\":\"https:\/\/climatemaster.ge\/\"},{\"@type\":\"ListItem\",\"position\":2,\"name\":\"Products\",\"item\":\"https:\/\/climatemaster.ge\/products\/\"},{\"@type\":\"ListItem\",\"position\":3,\"name\":\"Climatiseur multi-split Unit\u00e9 int\u00e9rieure S\u00e9rie Forest (AF) murale 7 &#8211; 24 KBTU AF-**NXD0-M AF-07NXD0-M AF-09NXD0-M AF-12NXD0-M AF-18NXD0-M AF-24NXD0-M MIDEA\"}]},{\"@type\":\"WebSite\",\"@id\":\"https:\/\/climatemaster.ge\/#website\",\"url\":\"https:\/\/climatemaster.ge\/\",\"name\":\"Climate Master\",\"description\":\"\",\"publisher\":{\"@id\":\"https:\/\/climatemaster.ge\/#organization\"},\"potentialAction\":[{\"@type\":\"SearchAction\",\"target\":{\"@type\":\"EntryPoint\",\"urlTemplate\":\"https:\/\/climatemaster.ge\/?s={search_term_string}\"},\"query-input\":{\"@type\":\"PropertyValueSpecification\",\"valueRequired\":true,\"valueName\":\"search_term_string\"}}],\"inLanguage\":\"fr-FR\"},{\"@type\":\"Organization\",\"@id\":\"https:\/\/climatemaster.ge\/#organization\",\"name\":\"Climate Master\",\"url\":\"https:\/\/climatemaster.ge\/\",\"logo\":{\"@type\":\"ImageObject\",\"inLanguage\":\"fr-FR\",\"@id\":\"https:\/\/climatemaster.ge\/#\/schema\/logo\/image\/\",\"url\":\"https:\/\/climatemaster.ge\/wp-content\/uploads\/2026\/03\/Untitled-2.png\",\"contentUrl\":\"https:\/\/climatemaster.ge\/wp-content\/uploads\/2026\/03\/Untitled-2.png\",\"width\":600,\"height\":338,\"caption\":\"Climate Master\"},\"image\":{\"@id\":\"https:\/\/climatemaster.ge\/#\/schema\/logo\/image\/\"}}]}<\/script>\n<!-- \/ Yoast SEO plugin. -->","yoast_head_json":{"title":"Climatiseur multi-split Unit\u00e9 int\u00e9rieure S\u00e9rie Forest (AF) murale 7 - 24 KBTU AF-**NXD0-M AF-07NXD0-M AF-09NXD0-M AF-12NXD0-M AF-18NXD0-M AF-24NXD0-M MIDEA - Climate Master","robots":{"index":"index","follow":"follow","max-snippet":"max-snippet:-1","max-image-preview":"max-image-preview:large","max-video-preview":"max-video-preview:-1"},"canonical":"https:\/\/climatemaster.ge\/fr\/produit\/multi-split-ac-indoor-unit-wall-mounted-forest-af-series-7-24-kbtu-af-nxd0-m-af-07nxd0-m-af-09nxd0-m-af-12nxd0-m-af-18nxd0-m-af-24nxd0-m-midea\/","og_locale":"fr_FR","og_type":"article","og_title":"Climatiseur multi-split Unit\u00e9 int\u00e9rieure S\u00e9rie Forest (AF) murale 7 - 24 KBTU AF-**NXD0-M AF-07NXD0-M AF-09NXD0-M AF-12NXD0-M AF-18NXD0-M AF-24NXD0-M MIDEA - Climate Master","og_description":"S\u00e9rie Forest (AF) murale Caract\u00e9ristiques produit  Unit\u00e9 int\u00e9rieure murale pour syst\u00e8me multi-split  Technologie Inverter 3 vitesses Fonction d'oscillation verticale des volets T\u00e9l\u00e9commande Efficace par temps froid Fonctionnement silencieux","og_url":"https:\/\/climatemaster.ge\/fr\/produit\/multi-split-ac-indoor-unit-wall-mounted-forest-af-series-7-24-kbtu-af-nxd0-m-af-07nxd0-m-af-09nxd0-m-af-12nxd0-m-af-18nxd0-m-af-24nxd0-m-midea\/","og_site_name":"Climate Master","article_modified_time":"2025-10-25T13:37:16+00:00","og_image":[{"width":768,"height":768,"url":"https:\/\/climatemaster.ge\/wp-content\/uploads\/2025\/10\/AF_RESULT.webp","type":"image\/webp"}],"twitter_card":"summary_large_image","schema":{"@context":"https:\/\/schema.org","@graph":[{"@type":"WebPage","@id":"https:\/\/climatemaster.ge\/fr\/produit\/multi-split-ac-indoor-unit-wall-mounted-forest-af-series-7-24-kbtu-af-nxd0-m-af-07nxd0-m-af-09nxd0-m-af-12nxd0-m-af-18nxd0-m-af-24nxd0-m-midea\/","url":"https:\/\/climatemaster.ge\/fr\/produit\/multi-split-ac-indoor-unit-wall-mounted-forest-af-series-7-24-kbtu-af-nxd0-m-af-07nxd0-m-af-09nxd0-m-af-12nxd0-m-af-18nxd0-m-af-24nxd0-m-midea\/","name":"Climatiseur multi-split Unit\u00e9 int\u00e9rieure S\u00e9rie Forest (AF) murale 7 - 24 KBTU AF-**NXD0-M AF-07NXD0-M AF-09NXD0-M AF-12NXD0-M AF-18NXD0-M AF-24NXD0-M MIDEA - Climate Master","isPartOf":{"@id":"https:\/\/climatemaster.ge\/#website"},"primaryImageOfPage":{"@id":"https:\/\/climatemaster.ge\/fr\/produit\/multi-split-ac-indoor-unit-wall-mounted-forest-af-series-7-24-kbtu-af-nxd0-m-af-07nxd0-m-af-09nxd0-m-af-12nxd0-m-af-18nxd0-m-af-24nxd0-m-midea\/#primaryimage"},"image":{"@id":"https:\/\/climatemaster.ge\/fr\/produit\/multi-split-ac-indoor-unit-wall-mounted-forest-af-series-7-24-kbtu-af-nxd0-m-af-07nxd0-m-af-09nxd0-m-af-12nxd0-m-af-18nxd0-m-af-24nxd0-m-midea\/#primaryimage"},"thumbnailUrl":"https:\/\/climatemaster.ge\/wp-content\/uploads\/2025\/10\/AF_RESULT.webp","datePublished":"2025-10-25T13:31:53+00:00","dateModified":"2025-10-25T13:37:16+00:00","breadcrumb":{"@id":"https:\/\/climatemaster.ge\/fr\/produit\/multi-split-ac-indoor-unit-wall-mounted-forest-af-series-7-24-kbtu-af-nxd0-m-af-07nxd0-m-af-09nxd0-m-af-12nxd0-m-af-18nxd0-m-af-24nxd0-m-midea\/#breadcrumb"},"inLanguage":"fr-FR","potentialAction":[{"@type":"ReadAction","target":["https:\/\/climatemaster.ge\/fr\/produit\/multi-split-ac-indoor-unit-wall-mounted-forest-af-series-7-24-kbtu-af-nxd0-m-af-07nxd0-m-af-09nxd0-m-af-12nxd0-m-af-18nxd0-m-af-24nxd0-m-midea\/"]}]},{"@type":"ImageObject","inLanguage":"fr-FR","@id":"https:\/\/climatemaster.ge\/fr\/produit\/multi-split-ac-indoor-unit-wall-mounted-forest-af-series-7-24-kbtu-af-nxd0-m-af-07nxd0-m-af-09nxd0-m-af-12nxd0-m-af-18nxd0-m-af-24nxd0-m-midea\/#primaryimage","url":"https:\/\/climatemaster.ge\/wp-content\/uploads\/2025\/10\/AF_RESULT.webp","contentUrl":"https:\/\/climatemaster.ge\/wp-content\/uploads\/2025\/10\/AF_RESULT.webp","width":768,"height":768},{"@type":"BreadcrumbList","@id":"https:\/\/climatemaster.ge\/fr\/produit\/multi-split-ac-indoor-unit-wall-mounted-forest-af-series-7-24-kbtu-af-nxd0-m-af-07nxd0-m-af-09nxd0-m-af-12nxd0-m-af-18nxd0-m-af-24nxd0-m-midea\/#breadcrumb","itemListElement":[{"@type":"ListItem","position":1,"name":"Home","item":"https:\/\/climatemaster.ge\/"},{"@type":"ListItem","position":2,"name":"Products","item":"https:\/\/climatemaster.ge\/products\/"},{"@type":"ListItem","position":3,"name":"Climatiseur multi-split Unit\u00e9 int\u00e9rieure S\u00e9rie Forest (AF) murale 7 &#8211; 24 KBTU AF-**NXD0-M AF-07NXD0-M AF-09NXD0-M AF-12NXD0-M AF-18NXD0-M AF-24NXD0-M MIDEA"}]},{"@type":"WebSite","@id":"https:\/\/climatemaster.ge\/#website","url":"https:\/\/climatemaster.ge\/","name":"Climate Master","description":"","publisher":{"@id":"https:\/\/climatemaster.ge\/#organization"},"potentialAction":[{"@type":"SearchAction","target":{"@type":"EntryPoint","urlTemplate":"https:\/\/climatemaster.ge\/?s={search_term_string}"},"query-input":{"@type":"PropertyValueSpecification","valueRequired":true,"valueName":"search_term_string"}}],"inLanguage":"fr-FR"},{"@type":"Organization","@id":"https:\/\/climatemaster.ge\/#organization","name":"Climate Master","url":"https:\/\/climatemaster.ge\/","logo":{"@type":"ImageObject","inLanguage":"fr-FR","@id":"https:\/\/climatemaster.ge\/#\/schema\/logo\/image\/","url":"https:\/\/climatemaster.ge\/wp-content\/uploads\/2026\/03\/Untitled-2.png","contentUrl":"https:\/\/climatemaster.ge\/wp-content\/uploads\/2026\/03\/Untitled-2.png","width":600,"height":338,"caption":"Climate Master"},"image":{"@id":"https:\/\/climatemaster.ge\/#\/schema\/logo\/image\/"}}]}},"_links":{"self":[{"href":"https:\/\/climatemaster.ge\/fr\/wp-json\/wp\/v2\/product\/43379","targetHints":{"allow":["GET"]}}],"collection":[{"href":"https:\/\/climatemaster.ge\/fr\/wp-json\/wp\/v2\/product"}],"about":[{"href":"https:\/\/climatemaster.ge\/fr\/wp-json\/wp\/v2\/types\/product"}],"wp:featuredmedia":[{"embeddable":true,"href":"https:\/\/climatemaster.ge\/fr\/wp-json\/wp\/v2\/media\/43359"}],"wp:attachment":[{"href":"https:\/\/climatemaster.ge\/fr\/wp-json\/wp\/v2\/media?parent=43379"}],"wp:term":[{"taxonomy":"product_brand","embeddable":true,"href":"https:\/\/climatemaster.ge\/fr\/wp-json\/wp\/v2\/product_brand?post=43379"},{"taxonomy":"product_cat","embeddable":true,"href":"https:\/\/climatemaster.ge\/fr\/wp-json\/wp\/v2\/product_cat?post=43379"},{"taxonomy":"product_tag","embeddable":true,"href":"https:\/\/climatemaster.ge\/fr\/wp-json\/wp\/v2\/product_tag?post=43379"}],"curies":[{"name":"wp","href":"https:\/\/api.w.org\/{rel}","templated":true}]}}