{"id":43187,"date":"2025-10-18T18:33:54","date_gmt":"2025-10-18T14:33:54","guid":{"rendered":"https:\/\/airsystems.ge\/shop\/product\/vrf-system-indoor-unit-cassette-compact-cassette-2nd-generation-dc-2-8-4-5-kw-mi2-q4cdn1-mi2-22q4cdn1-mi2-28q4cdn1-mi2-36q4cdn1-mi2-45q4cdn1-midea\/"},"modified":"2025-10-18T18:37:31","modified_gmt":"2025-10-18T14:37:31","slug":"vrf-system-indoor-unit-cassette-compact-cassette-2nd-generation-dc-2-8-4-5-kw-mi2-q4cdn1-mi2-22q4cdn1-mi2-28q4cdn1-mi2-36q4cdn1-mi2-45q4cdn1-midea","status":"publish","type":"product","link":"https:\/\/climatemaster.ge\/fr\/produit\/vrf-system-indoor-unit-cassette-compact-cassette-2nd-generation-dc-2-8-4-5-kw-mi2-q4cdn1-mi2-22q4cdn1-mi2-28q4cdn1-mi2-36q4cdn1-mi2-45q4cdn1-midea\/","title":{"rendered":"Unit\u00e9 int\u00e9rieure cassette DRV  Cassette compacte, 2e g\u00e9n\u00e9ration, CC 2,8 &#8211; 4,5 kW MI2-**Q4CDN1  MI2-22Q4CDN1 MI2-28Q4CDN1 MI2-36Q4CDN1 MI2-45Q4CDN1  MIDEA"},"content":{"rendered":"","protected":false},"excerpt":{"rendered":"<section class=\"section_product-inner-hero\">\n<div class=\"padding-global\">\n<div id=\"lg-parent\" class=\"grid\">\n<div id=\"w-node-c63541f9-43bc-1c18-7844-90c28a81f2cb-875f3092\" class=\"product-inner_info-block\">\n<div class=\"product-inner_info-block-inner\">\n<div class=\"product-inner_text-block\">\n<h1>Cassette compacte, 2e g\u00e9n\u00e9ration, DC<\/h1>\n<p>Caract\u00e9ristiques du produit<\/p>\n<p>Cassette compacte quatre voies, 2e g\u00e9n\u00e9ration<\/p>\n<p>Technologie Inverter 7 vitesses<br \/>\nFormat compact, installation facile<br \/>\nFlux d&rsquo;air \u00e0 360\u00b0\u00a0: assure une distribution uniforme de l&rsquo;air<br \/>\nR\u00e9glage individuel des volets<br \/>\nHauteur de relevage de la pompe de vidange\u00a0: 75 cm<br \/>\nPrise d&rsquo;air frais\u00a0: jusqu&rsquo;\u00e0 10\u00a0%<br \/>\nFonctionnement silencieux<\/p>\n<\/div>\n<\/div>\n<\/div>\n<\/div>\n<\/div>\n<\/section>\n","protected":false},"featured_media":43181,"template":"","meta":[],"product_brand":[],"product_cat":[1992],"product_tag":[],"class_list":{"0":"post-43187","1":"product","2":"type-product","3":"status-publish","4":"has-post-thumbnail","6":"product_cat-systeme-vrf","8":"first","9":"instock","10":"shipping-taxable","11":"product-type-simple"},"yoast_head":"<!-- This site is optimized with the Yoast SEO plugin v27.1.1 - https:\/\/yoast.com\/product\/yoast-seo-wordpress\/ -->\n<title>Unit\u00e9 int\u00e9rieure cassette DRV Cassette compacte, 2e g\u00e9n\u00e9ration, CC 2,8 - 4,5 kW MI2-**Q4CDN1 MI2-22Q4CDN1 MI2-28Q4CDN1 MI2-36Q4CDN1 MI2-45Q4CDN1 MIDEA - Climate Master<\/title>\n<meta name=\"robots\" content=\"index, follow, max-snippet:-1, max-image-preview:large, max-video-preview:-1\" \/>\n<link rel=\"canonical\" href=\"https:\/\/climatemaster.ge\/fr\/produit\/vrf-system-indoor-unit-cassette-compact-cassette-2nd-generation-dc-2-8-4-5-kw-mi2-q4cdn1-mi2-22q4cdn1-mi2-28q4cdn1-mi2-36q4cdn1-mi2-45q4cdn1-midea\/\" \/>\n<meta property=\"og:locale\" content=\"fr_FR\" \/>\n<meta property=\"og:type\" content=\"article\" \/>\n<meta property=\"og:title\" content=\"Unit\u00e9 int\u00e9rieure cassette DRV Cassette compacte, 2e g\u00e9n\u00e9ration, CC 2,8 - 4,5 kW MI2-**Q4CDN1 MI2-22Q4CDN1 MI2-28Q4CDN1 MI2-36Q4CDN1 MI2-45Q4CDN1 MIDEA - Climate Master\" \/>\n<meta property=\"og:description\" content=\"Cassette compacte, 2e g\u00e9n\u00e9ration, DC Caract\u00e9ristiques du produit  Cassette compacte quatre voies, 2e g\u00e9n\u00e9ration  Technologie Inverter 7 vitesses Format compact, installation facile Flux d&#039;air \u00e0 360\u00b0\u00a0: assure une distribution uniforme de l&#039;air R\u00e9glage individuel des volets Hauteur de relevage de la pompe de vidange\u00a0: 75 cm Prise d&#039;air frais\u00a0: jusqu&#039;\u00e0 10\u00a0% Fonctionnement silencieux\" \/>\n<meta property=\"og:url\" content=\"https:\/\/climatemaster.ge\/fr\/produit\/vrf-system-indoor-unit-cassette-compact-cassette-2nd-generation-dc-2-8-4-5-kw-mi2-q4cdn1-mi2-22q4cdn1-mi2-28q4cdn1-mi2-36q4cdn1-mi2-45q4cdn1-midea\/\" \/>\n<meta property=\"og:site_name\" content=\"Climate Master\" \/>\n<meta property=\"article:modified_time\" content=\"2025-10-18T14:37:31+00:00\" \/>\n<meta property=\"og:image\" content=\"https:\/\/climatemaster.ge\/wp-content\/uploads\/2025\/10\/cq5dam.web_.5000.5000_c-2.webp\" \/>\n\t<meta property=\"og:image:width\" content=\"768\" \/>\n\t<meta property=\"og:image:height\" content=\"768\" \/>\n\t<meta property=\"og:image:type\" content=\"image\/webp\" \/>\n<meta name=\"twitter:card\" content=\"summary_large_image\" \/>\n<script type=\"application\/ld+json\" class=\"yoast-schema-graph\">{\"@context\":\"https:\/\/schema.org\",\"@graph\":[{\"@type\":\"WebPage\",\"@id\":\"https:\/\/climatemaster.ge\/fr\/produit\/vrf-system-indoor-unit-cassette-compact-cassette-2nd-generation-dc-2-8-4-5-kw-mi2-q4cdn1-mi2-22q4cdn1-mi2-28q4cdn1-mi2-36q4cdn1-mi2-45q4cdn1-midea\/\",\"url\":\"https:\/\/climatemaster.ge\/fr\/produit\/vrf-system-indoor-unit-cassette-compact-cassette-2nd-generation-dc-2-8-4-5-kw-mi2-q4cdn1-mi2-22q4cdn1-mi2-28q4cdn1-mi2-36q4cdn1-mi2-45q4cdn1-midea\/\",\"name\":\"Unit\u00e9 int\u00e9rieure cassette DRV Cassette compacte, 2e g\u00e9n\u00e9ration, CC 2,8 - 4,5 kW MI2-**Q4CDN1 MI2-22Q4CDN1 MI2-28Q4CDN1 MI2-36Q4CDN1 MI2-45Q4CDN1 MIDEA - Climate Master\",\"isPartOf\":{\"@id\":\"https:\/\/climatemaster.ge\/#website\"},\"primaryImageOfPage\":{\"@id\":\"https:\/\/climatemaster.ge\/fr\/produit\/vrf-system-indoor-unit-cassette-compact-cassette-2nd-generation-dc-2-8-4-5-kw-mi2-q4cdn1-mi2-22q4cdn1-mi2-28q4cdn1-mi2-36q4cdn1-mi2-45q4cdn1-midea\/#primaryimage\"},\"image\":{\"@id\":\"https:\/\/climatemaster.ge\/fr\/produit\/vrf-system-indoor-unit-cassette-compact-cassette-2nd-generation-dc-2-8-4-5-kw-mi2-q4cdn1-mi2-22q4cdn1-mi2-28q4cdn1-mi2-36q4cdn1-mi2-45q4cdn1-midea\/#primaryimage\"},\"thumbnailUrl\":\"https:\/\/climatemaster.ge\/wp-content\/uploads\/2025\/10\/cq5dam.web_.5000.5000_c-2.webp\",\"datePublished\":\"2025-10-18T14:33:54+00:00\",\"dateModified\":\"2025-10-18T14:37:31+00:00\",\"breadcrumb\":{\"@id\":\"https:\/\/climatemaster.ge\/fr\/produit\/vrf-system-indoor-unit-cassette-compact-cassette-2nd-generation-dc-2-8-4-5-kw-mi2-q4cdn1-mi2-22q4cdn1-mi2-28q4cdn1-mi2-36q4cdn1-mi2-45q4cdn1-midea\/#breadcrumb\"},\"inLanguage\":\"fr-FR\",\"potentialAction\":[{\"@type\":\"ReadAction\",\"target\":[\"https:\/\/climatemaster.ge\/fr\/produit\/vrf-system-indoor-unit-cassette-compact-cassette-2nd-generation-dc-2-8-4-5-kw-mi2-q4cdn1-mi2-22q4cdn1-mi2-28q4cdn1-mi2-36q4cdn1-mi2-45q4cdn1-midea\/\"]}]},{\"@type\":\"ImageObject\",\"inLanguage\":\"fr-FR\",\"@id\":\"https:\/\/climatemaster.ge\/fr\/produit\/vrf-system-indoor-unit-cassette-compact-cassette-2nd-generation-dc-2-8-4-5-kw-mi2-q4cdn1-mi2-22q4cdn1-mi2-28q4cdn1-mi2-36q4cdn1-mi2-45q4cdn1-midea\/#primaryimage\",\"url\":\"https:\/\/climatemaster.ge\/wp-content\/uploads\/2025\/10\/cq5dam.web_.5000.5000_c-2.webp\",\"contentUrl\":\"https:\/\/climatemaster.ge\/wp-content\/uploads\/2025\/10\/cq5dam.web_.5000.5000_c-2.webp\",\"width\":768,\"height\":768},{\"@type\":\"BreadcrumbList\",\"@id\":\"https:\/\/climatemaster.ge\/fr\/produit\/vrf-system-indoor-unit-cassette-compact-cassette-2nd-generation-dc-2-8-4-5-kw-mi2-q4cdn1-mi2-22q4cdn1-mi2-28q4cdn1-mi2-36q4cdn1-mi2-45q4cdn1-midea\/#breadcrumb\",\"itemListElement\":[{\"@type\":\"ListItem\",\"position\":1,\"name\":\"Home\",\"item\":\"https:\/\/climatemaster.ge\/\"},{\"@type\":\"ListItem\",\"position\":2,\"name\":\"Products\",\"item\":\"https:\/\/climatemaster.ge\/products\/\"},{\"@type\":\"ListItem\",\"position\":3,\"name\":\"Unit\u00e9 int\u00e9rieure cassette DRV Cassette compacte, 2e g\u00e9n\u00e9ration, CC 2,8 &#8211; 4,5 kW MI2-**Q4CDN1 MI2-22Q4CDN1 MI2-28Q4CDN1 MI2-36Q4CDN1 MI2-45Q4CDN1 MIDEA\"}]},{\"@type\":\"WebSite\",\"@id\":\"https:\/\/climatemaster.ge\/#website\",\"url\":\"https:\/\/climatemaster.ge\/\",\"name\":\"Climate Master\",\"description\":\"\",\"publisher\":{\"@id\":\"https:\/\/climatemaster.ge\/#organization\"},\"potentialAction\":[{\"@type\":\"SearchAction\",\"target\":{\"@type\":\"EntryPoint\",\"urlTemplate\":\"https:\/\/climatemaster.ge\/?s={search_term_string}\"},\"query-input\":{\"@type\":\"PropertyValueSpecification\",\"valueRequired\":true,\"valueName\":\"search_term_string\"}}],\"inLanguage\":\"fr-FR\"},{\"@type\":\"Organization\",\"@id\":\"https:\/\/climatemaster.ge\/#organization\",\"name\":\"Climate Master\",\"url\":\"https:\/\/climatemaster.ge\/\",\"logo\":{\"@type\":\"ImageObject\",\"inLanguage\":\"fr-FR\",\"@id\":\"https:\/\/climatemaster.ge\/#\/schema\/logo\/image\/\",\"url\":\"https:\/\/climatemaster.ge\/wp-content\/uploads\/2026\/03\/Untitled-2.png\",\"contentUrl\":\"https:\/\/climatemaster.ge\/wp-content\/uploads\/2026\/03\/Untitled-2.png\",\"width\":600,\"height\":338,\"caption\":\"Climate Master\"},\"image\":{\"@id\":\"https:\/\/climatemaster.ge\/#\/schema\/logo\/image\/\"}}]}<\/script>\n<!-- \/ Yoast SEO plugin. -->","yoast_head_json":{"title":"Unit\u00e9 int\u00e9rieure cassette DRV Cassette compacte, 2e g\u00e9n\u00e9ration, CC 2,8 - 4,5 kW MI2-**Q4CDN1 MI2-22Q4CDN1 MI2-28Q4CDN1 MI2-36Q4CDN1 MI2-45Q4CDN1 MIDEA - Climate Master","robots":{"index":"index","follow":"follow","max-snippet":"max-snippet:-1","max-image-preview":"max-image-preview:large","max-video-preview":"max-video-preview:-1"},"canonical":"https:\/\/climatemaster.ge\/fr\/produit\/vrf-system-indoor-unit-cassette-compact-cassette-2nd-generation-dc-2-8-4-5-kw-mi2-q4cdn1-mi2-22q4cdn1-mi2-28q4cdn1-mi2-36q4cdn1-mi2-45q4cdn1-midea\/","og_locale":"fr_FR","og_type":"article","og_title":"Unit\u00e9 int\u00e9rieure cassette DRV Cassette compacte, 2e g\u00e9n\u00e9ration, CC 2,8 - 4,5 kW MI2-**Q4CDN1 MI2-22Q4CDN1 MI2-28Q4CDN1 MI2-36Q4CDN1 MI2-45Q4CDN1 MIDEA - Climate Master","og_description":"Cassette compacte, 2e g\u00e9n\u00e9ration, DC Caract\u00e9ristiques du produit  Cassette compacte quatre voies, 2e g\u00e9n\u00e9ration  Technologie Inverter 7 vitesses Format compact, installation facile Flux d'air \u00e0 360\u00b0\u00a0: assure une distribution uniforme de l'air R\u00e9glage individuel des volets Hauteur de relevage de la pompe de vidange\u00a0: 75 cm Prise d'air frais\u00a0: jusqu'\u00e0 10\u00a0% Fonctionnement silencieux","og_url":"https:\/\/climatemaster.ge\/fr\/produit\/vrf-system-indoor-unit-cassette-compact-cassette-2nd-generation-dc-2-8-4-5-kw-mi2-q4cdn1-mi2-22q4cdn1-mi2-28q4cdn1-mi2-36q4cdn1-mi2-45q4cdn1-midea\/","og_site_name":"Climate Master","article_modified_time":"2025-10-18T14:37:31+00:00","og_image":[{"width":768,"height":768,"url":"https:\/\/climatemaster.ge\/wp-content\/uploads\/2025\/10\/cq5dam.web_.5000.5000_c-2.webp","type":"image\/webp"}],"twitter_card":"summary_large_image","schema":{"@context":"https:\/\/schema.org","@graph":[{"@type":"WebPage","@id":"https:\/\/climatemaster.ge\/fr\/produit\/vrf-system-indoor-unit-cassette-compact-cassette-2nd-generation-dc-2-8-4-5-kw-mi2-q4cdn1-mi2-22q4cdn1-mi2-28q4cdn1-mi2-36q4cdn1-mi2-45q4cdn1-midea\/","url":"https:\/\/climatemaster.ge\/fr\/produit\/vrf-system-indoor-unit-cassette-compact-cassette-2nd-generation-dc-2-8-4-5-kw-mi2-q4cdn1-mi2-22q4cdn1-mi2-28q4cdn1-mi2-36q4cdn1-mi2-45q4cdn1-midea\/","name":"Unit\u00e9 int\u00e9rieure cassette DRV Cassette compacte, 2e g\u00e9n\u00e9ration, CC 2,8 - 4,5 kW MI2-**Q4CDN1 MI2-22Q4CDN1 MI2-28Q4CDN1 MI2-36Q4CDN1 MI2-45Q4CDN1 MIDEA - Climate Master","isPartOf":{"@id":"https:\/\/climatemaster.ge\/#website"},"primaryImageOfPage":{"@id":"https:\/\/climatemaster.ge\/fr\/produit\/vrf-system-indoor-unit-cassette-compact-cassette-2nd-generation-dc-2-8-4-5-kw-mi2-q4cdn1-mi2-22q4cdn1-mi2-28q4cdn1-mi2-36q4cdn1-mi2-45q4cdn1-midea\/#primaryimage"},"image":{"@id":"https:\/\/climatemaster.ge\/fr\/produit\/vrf-system-indoor-unit-cassette-compact-cassette-2nd-generation-dc-2-8-4-5-kw-mi2-q4cdn1-mi2-22q4cdn1-mi2-28q4cdn1-mi2-36q4cdn1-mi2-45q4cdn1-midea\/#primaryimage"},"thumbnailUrl":"https:\/\/climatemaster.ge\/wp-content\/uploads\/2025\/10\/cq5dam.web_.5000.5000_c-2.webp","datePublished":"2025-10-18T14:33:54+00:00","dateModified":"2025-10-18T14:37:31+00:00","breadcrumb":{"@id":"https:\/\/climatemaster.ge\/fr\/produit\/vrf-system-indoor-unit-cassette-compact-cassette-2nd-generation-dc-2-8-4-5-kw-mi2-q4cdn1-mi2-22q4cdn1-mi2-28q4cdn1-mi2-36q4cdn1-mi2-45q4cdn1-midea\/#breadcrumb"},"inLanguage":"fr-FR","potentialAction":[{"@type":"ReadAction","target":["https:\/\/climatemaster.ge\/fr\/produit\/vrf-system-indoor-unit-cassette-compact-cassette-2nd-generation-dc-2-8-4-5-kw-mi2-q4cdn1-mi2-22q4cdn1-mi2-28q4cdn1-mi2-36q4cdn1-mi2-45q4cdn1-midea\/"]}]},{"@type":"ImageObject","inLanguage":"fr-FR","@id":"https:\/\/climatemaster.ge\/fr\/produit\/vrf-system-indoor-unit-cassette-compact-cassette-2nd-generation-dc-2-8-4-5-kw-mi2-q4cdn1-mi2-22q4cdn1-mi2-28q4cdn1-mi2-36q4cdn1-mi2-45q4cdn1-midea\/#primaryimage","url":"https:\/\/climatemaster.ge\/wp-content\/uploads\/2025\/10\/cq5dam.web_.5000.5000_c-2.webp","contentUrl":"https:\/\/climatemaster.ge\/wp-content\/uploads\/2025\/10\/cq5dam.web_.5000.5000_c-2.webp","width":768,"height":768},{"@type":"BreadcrumbList","@id":"https:\/\/climatemaster.ge\/fr\/produit\/vrf-system-indoor-unit-cassette-compact-cassette-2nd-generation-dc-2-8-4-5-kw-mi2-q4cdn1-mi2-22q4cdn1-mi2-28q4cdn1-mi2-36q4cdn1-mi2-45q4cdn1-midea\/#breadcrumb","itemListElement":[{"@type":"ListItem","position":1,"name":"Home","item":"https:\/\/climatemaster.ge\/"},{"@type":"ListItem","position":2,"name":"Products","item":"https:\/\/climatemaster.ge\/products\/"},{"@type":"ListItem","position":3,"name":"Unit\u00e9 int\u00e9rieure cassette DRV Cassette compacte, 2e g\u00e9n\u00e9ration, CC 2,8 &#8211; 4,5 kW MI2-**Q4CDN1 MI2-22Q4CDN1 MI2-28Q4CDN1 MI2-36Q4CDN1 MI2-45Q4CDN1 MIDEA"}]},{"@type":"WebSite","@id":"https:\/\/climatemaster.ge\/#website","url":"https:\/\/climatemaster.ge\/","name":"Climate Master","description":"","publisher":{"@id":"https:\/\/climatemaster.ge\/#organization"},"potentialAction":[{"@type":"SearchAction","target":{"@type":"EntryPoint","urlTemplate":"https:\/\/climatemaster.ge\/?s={search_term_string}"},"query-input":{"@type":"PropertyValueSpecification","valueRequired":true,"valueName":"search_term_string"}}],"inLanguage":"fr-FR"},{"@type":"Organization","@id":"https:\/\/climatemaster.ge\/#organization","name":"Climate Master","url":"https:\/\/climatemaster.ge\/","logo":{"@type":"ImageObject","inLanguage":"fr-FR","@id":"https:\/\/climatemaster.ge\/#\/schema\/logo\/image\/","url":"https:\/\/climatemaster.ge\/wp-content\/uploads\/2026\/03\/Untitled-2.png","contentUrl":"https:\/\/climatemaster.ge\/wp-content\/uploads\/2026\/03\/Untitled-2.png","width":600,"height":338,"caption":"Climate Master"},"image":{"@id":"https:\/\/climatemaster.ge\/#\/schema\/logo\/image\/"}}]}},"_links":{"self":[{"href":"https:\/\/climatemaster.ge\/fr\/wp-json\/wp\/v2\/product\/43187","targetHints":{"allow":["GET"]}}],"collection":[{"href":"https:\/\/climatemaster.ge\/fr\/wp-json\/wp\/v2\/product"}],"about":[{"href":"https:\/\/climatemaster.ge\/fr\/wp-json\/wp\/v2\/types\/product"}],"wp:featuredmedia":[{"embeddable":true,"href":"https:\/\/climatemaster.ge\/fr\/wp-json\/wp\/v2\/media\/43181"}],"wp:attachment":[{"href":"https:\/\/climatemaster.ge\/fr\/wp-json\/wp\/v2\/media?parent=43187"}],"wp:term":[{"taxonomy":"product_brand","embeddable":true,"href":"https:\/\/climatemaster.ge\/fr\/wp-json\/wp\/v2\/product_brand?post=43187"},{"taxonomy":"product_cat","embeddable":true,"href":"https:\/\/climatemaster.ge\/fr\/wp-json\/wp\/v2\/product_cat?post=43187"},{"taxonomy":"product_tag","embeddable":true,"href":"https:\/\/climatemaster.ge\/fr\/wp-json\/wp\/v2\/product_tag?post=43187"}],"curies":[{"name":"wp","href":"https:\/\/api.w.org\/{rel}","templated":true}]}}