{"id":43154,"date":"2025-10-18T17:20:15","date_gmt":"2025-10-18T13:20:15","guid":{"rendered":"https:\/\/airsystems.ge\/shop\/product\/vrf-system-indoor-unit-cassette-four-way-cassette-second-generation-ac-2-8-16-kw-mdv-dq4-n1-eb-mdv-d28q4-n1-eb-mdv-d36q4-n1-eb-mdv-d45q4-n1-eb-mdv-d56q4-n1-eb-mdv-d71q4-n1-eb-mdv-d8\/"},"modified":"2025-10-18T17:25:06","modified_gmt":"2025-10-18T13:25:06","slug":"vrf-system-indoor-unit-cassette-four-way-cassette-second-generation-ac-2-8-16-kw-mdv-dq4-n1-eb-mdv-d28q4-n1-eb-mdv-d36q4-n1-eb-mdv-d45q4-n1-eb-mdv-d56q4-n1-eb-mdv-d71q4-n1-eb-mdv-d8","status":"publish","type":"product","link":"https:\/\/climatemaster.ge\/fr\/produit\/vrf-system-indoor-unit-cassette-four-way-cassette-second-generation-ac-2-8-16-kw-mdv-dq4-n1-eb-mdv-d28q4-n1-eb-mdv-d36q4-n1-eb-mdv-d45q4-n1-eb-mdv-d56q4-n1-eb-mdv-d71q4-n1-eb-mdv-d8\/","title":{"rendered":"Syst\u00e8me VRF Unit\u00e9 int\u00e9rieure Cassette Cassette \u00e0 quatre voies, deuxi\u00e8me g\u00e9n\u00e9ration, AC 2,8 &#8211; 16 kW MDV-D**Q4\/N1-E(B)  MDV-D28Q4\/N1-E(B) MDV-D36Q4\/N1-E(B) MDV-D45Q4\/N1-E(B) MDV-D56Q4\/N1-E(B) MDV-D71Q4\/N1-E(B) MDV-D80Q4\/N1-E(B) MDV-D90Q4\/N1-E(B) MDV-D100Q4\/N1-E(B) MDV-D112Q4\/N1-E(B) MDV-D140Q4\/N1-E(B)  MIDEA"},"content":{"rendered":"","protected":false},"excerpt":{"rendered":"<h1>Four-Way Cassette, Second Generation, AC<\/h1>\n<p>Cassette \u00e0 quatre voies, deuxi\u00e8me g\u00e9n\u00e9ration, AC<br \/>\nProduit Sp\u00e9cifications<\/p>\n<p>Cassette quatre voies 2e g\u00e9n\u00e9ration<\/p>\n<p>3 vitesses de ventilation<br \/>\nFlux d&rsquo;air \u00e0 360\u00b0\u00a0: assure une distribution uniforme de l&rsquo;air<br \/>\nR\u00e9glage individuel des volets<br \/>\nHauteur de relevage de la pompe de vidange\u00a0: 75\u00a0cm<br \/>\nPrise d&rsquo;air frais\u00a0: jusqu&rsquo;\u00e0 10\u00a0%<\/p>\n","protected":false},"featured_media":43148,"template":"","meta":[],"product_brand":[],"product_cat":[1992],"product_tag":[],"class_list":{"0":"post-43154","1":"product","2":"type-product","3":"status-publish","4":"has-post-thumbnail","6":"product_cat-systeme-vrf","8":"first","9":"instock","10":"shipping-taxable","11":"product-type-simple"},"yoast_head":"<!-- This site is optimized with the Yoast SEO plugin v27.1.1 - https:\/\/yoast.com\/product\/yoast-seo-wordpress\/ -->\n<title>Syst\u00e8me VRF Unit\u00e9 int\u00e9rieure Cassette Cassette \u00e0 quatre voies, deuxi\u00e8me g\u00e9n\u00e9ration, AC 2,8 - 16 kW MDV-D**Q4\/N1-E(B) MDV-D28Q4\/N1-E(B) MDV-D36Q4\/N1-E(B) MDV-D45Q4\/N1-E(B) MDV-D56Q4\/N1-E(B) MDV-D71Q4\/N1-E(B) MDV-D80Q4\/N1-E(B) MDV-D90Q4\/N1-E(B) MDV-D100Q4\/N1-E(B) MDV-D112Q4\/N1-E(B) MDV-D140Q4\/N1-E(B) MIDEA - Climate Master<\/title>\n<meta name=\"robots\" content=\"index, follow, max-snippet:-1, max-image-preview:large, max-video-preview:-1\" \/>\n<link rel=\"canonical\" href=\"https:\/\/climatemaster.ge\/fr\/produit\/vrf-system-indoor-unit-cassette-four-way-cassette-second-generation-ac-2-8-16-kw-mdv-dq4-n1-eb-mdv-d28q4-n1-eb-mdv-d36q4-n1-eb-mdv-d45q4-n1-eb-mdv-d56q4-n1-eb-mdv-d71q4-n1-eb-mdv-d8\/\" \/>\n<meta property=\"og:locale\" content=\"fr_FR\" \/>\n<meta property=\"og:type\" content=\"article\" \/>\n<meta property=\"og:title\" content=\"Syst\u00e8me VRF Unit\u00e9 int\u00e9rieure Cassette Cassette \u00e0 quatre voies, deuxi\u00e8me g\u00e9n\u00e9ration, AC 2,8 - 16 kW MDV-D**Q4\/N1-E(B) MDV-D28Q4\/N1-E(B) MDV-D36Q4\/N1-E(B) MDV-D45Q4\/N1-E(B) MDV-D56Q4\/N1-E(B) MDV-D71Q4\/N1-E(B) MDV-D80Q4\/N1-E(B) MDV-D90Q4\/N1-E(B) MDV-D100Q4\/N1-E(B) MDV-D112Q4\/N1-E(B) MDV-D140Q4\/N1-E(B) MIDEA - Climate Master\" \/>\n<meta property=\"og:description\" content=\"Four-Way Cassette, Second Generation, AC Cassette \u00e0 quatre voies, deuxi\u00e8me g\u00e9n\u00e9ration, AC Produit Sp\u00e9cifications  Cassette quatre voies 2e g\u00e9n\u00e9ration  3 vitesses de ventilation Flux d&#039;air \u00e0 360\u00b0\u00a0: assure une distribution uniforme de l&#039;air R\u00e9glage individuel des volets Hauteur de relevage de la pompe de vidange\u00a0: 75\u00a0cm Prise d&#039;air frais\u00a0: jusqu&#039;\u00e0 10\u00a0%\" \/>\n<meta property=\"og:url\" content=\"https:\/\/climatemaster.ge\/fr\/produit\/vrf-system-indoor-unit-cassette-four-way-cassette-second-generation-ac-2-8-16-kw-mdv-dq4-n1-eb-mdv-d28q4-n1-eb-mdv-d36q4-n1-eb-mdv-d45q4-n1-eb-mdv-d56q4-n1-eb-mdv-d71q4-n1-eb-mdv-d8\/\" \/>\n<meta property=\"og:site_name\" content=\"Climate Master\" \/>\n<meta property=\"article:modified_time\" content=\"2025-10-18T13:25:06+00:00\" \/>\n<meta property=\"og:image\" content=\"https:\/\/climatemaster.ge\/wp-content\/uploads\/2025\/10\/cq5dam.web_.5000.5000_c-1.webp\" \/>\n\t<meta property=\"og:image:width\" content=\"768\" \/>\n\t<meta property=\"og:image:height\" content=\"768\" \/>\n\t<meta property=\"og:image:type\" content=\"image\/webp\" \/>\n<meta name=\"twitter:card\" content=\"summary_large_image\" \/>\n<script type=\"application\/ld+json\" class=\"yoast-schema-graph\">{\"@context\":\"https:\/\/schema.org\",\"@graph\":[{\"@type\":\"WebPage\",\"@id\":\"https:\/\/climatemaster.ge\/fr\/produit\/vrf-system-indoor-unit-cassette-four-way-cassette-second-generation-ac-2-8-16-kw-mdv-dq4-n1-eb-mdv-d28q4-n1-eb-mdv-d36q4-n1-eb-mdv-d45q4-n1-eb-mdv-d56q4-n1-eb-mdv-d71q4-n1-eb-mdv-d8\/\",\"url\":\"https:\/\/climatemaster.ge\/fr\/produit\/vrf-system-indoor-unit-cassette-four-way-cassette-second-generation-ac-2-8-16-kw-mdv-dq4-n1-eb-mdv-d28q4-n1-eb-mdv-d36q4-n1-eb-mdv-d45q4-n1-eb-mdv-d56q4-n1-eb-mdv-d71q4-n1-eb-mdv-d8\/\",\"name\":\"Syst\u00e8me VRF Unit\u00e9 int\u00e9rieure Cassette Cassette \u00e0 quatre voies, deuxi\u00e8me g\u00e9n\u00e9ration, AC 2,8 - 16 kW MDV-D**Q4\/N1-E(B) MDV-D28Q4\/N1-E(B) MDV-D36Q4\/N1-E(B) MDV-D45Q4\/N1-E(B) MDV-D56Q4\/N1-E(B) MDV-D71Q4\/N1-E(B) MDV-D80Q4\/N1-E(B) MDV-D90Q4\/N1-E(B) MDV-D100Q4\/N1-E(B) MDV-D112Q4\/N1-E(B) MDV-D140Q4\/N1-E(B) MIDEA - Climate Master\",\"isPartOf\":{\"@id\":\"https:\/\/climatemaster.ge\/#website\"},\"primaryImageOfPage\":{\"@id\":\"https:\/\/climatemaster.ge\/fr\/produit\/vrf-system-indoor-unit-cassette-four-way-cassette-second-generation-ac-2-8-16-kw-mdv-dq4-n1-eb-mdv-d28q4-n1-eb-mdv-d36q4-n1-eb-mdv-d45q4-n1-eb-mdv-d56q4-n1-eb-mdv-d71q4-n1-eb-mdv-d8\/#primaryimage\"},\"image\":{\"@id\":\"https:\/\/climatemaster.ge\/fr\/produit\/vrf-system-indoor-unit-cassette-four-way-cassette-second-generation-ac-2-8-16-kw-mdv-dq4-n1-eb-mdv-d28q4-n1-eb-mdv-d36q4-n1-eb-mdv-d45q4-n1-eb-mdv-d56q4-n1-eb-mdv-d71q4-n1-eb-mdv-d8\/#primaryimage\"},\"thumbnailUrl\":\"https:\/\/climatemaster.ge\/wp-content\/uploads\/2025\/10\/cq5dam.web_.5000.5000_c-1.webp\",\"datePublished\":\"2025-10-18T13:20:15+00:00\",\"dateModified\":\"2025-10-18T13:25:06+00:00\",\"breadcrumb\":{\"@id\":\"https:\/\/climatemaster.ge\/fr\/produit\/vrf-system-indoor-unit-cassette-four-way-cassette-second-generation-ac-2-8-16-kw-mdv-dq4-n1-eb-mdv-d28q4-n1-eb-mdv-d36q4-n1-eb-mdv-d45q4-n1-eb-mdv-d56q4-n1-eb-mdv-d71q4-n1-eb-mdv-d8\/#breadcrumb\"},\"inLanguage\":\"fr-FR\",\"potentialAction\":[{\"@type\":\"ReadAction\",\"target\":[\"https:\/\/climatemaster.ge\/fr\/produit\/vrf-system-indoor-unit-cassette-four-way-cassette-second-generation-ac-2-8-16-kw-mdv-dq4-n1-eb-mdv-d28q4-n1-eb-mdv-d36q4-n1-eb-mdv-d45q4-n1-eb-mdv-d56q4-n1-eb-mdv-d71q4-n1-eb-mdv-d8\/\"]}]},{\"@type\":\"ImageObject\",\"inLanguage\":\"fr-FR\",\"@id\":\"https:\/\/climatemaster.ge\/fr\/produit\/vrf-system-indoor-unit-cassette-four-way-cassette-second-generation-ac-2-8-16-kw-mdv-dq4-n1-eb-mdv-d28q4-n1-eb-mdv-d36q4-n1-eb-mdv-d45q4-n1-eb-mdv-d56q4-n1-eb-mdv-d71q4-n1-eb-mdv-d8\/#primaryimage\",\"url\":\"https:\/\/climatemaster.ge\/wp-content\/uploads\/2025\/10\/cq5dam.web_.5000.5000_c-1.webp\",\"contentUrl\":\"https:\/\/climatemaster.ge\/wp-content\/uploads\/2025\/10\/cq5dam.web_.5000.5000_c-1.webp\",\"width\":768,\"height\":768},{\"@type\":\"BreadcrumbList\",\"@id\":\"https:\/\/climatemaster.ge\/fr\/produit\/vrf-system-indoor-unit-cassette-four-way-cassette-second-generation-ac-2-8-16-kw-mdv-dq4-n1-eb-mdv-d28q4-n1-eb-mdv-d36q4-n1-eb-mdv-d45q4-n1-eb-mdv-d56q4-n1-eb-mdv-d71q4-n1-eb-mdv-d8\/#breadcrumb\",\"itemListElement\":[{\"@type\":\"ListItem\",\"position\":1,\"name\":\"Home\",\"item\":\"https:\/\/climatemaster.ge\/\"},{\"@type\":\"ListItem\",\"position\":2,\"name\":\"Products\",\"item\":\"https:\/\/climatemaster.ge\/products\/\"},{\"@type\":\"ListItem\",\"position\":3,\"name\":\"Syst\u00e8me VRF Unit\u00e9 int\u00e9rieure Cassette Cassette \u00e0 quatre voies, deuxi\u00e8me g\u00e9n\u00e9ration, AC 2,8 &#8211; 16 kW MDV-D**Q4\/N1-E(B) MDV-D28Q4\/N1-E(B) MDV-D36Q4\/N1-E(B) MDV-D45Q4\/N1-E(B) MDV-D56Q4\/N1-E(B) MDV-D71Q4\/N1-E(B) MDV-D80Q4\/N1-E(B) MDV-D90Q4\/N1-E(B) MDV-D100Q4\/N1-E(B) MDV-D112Q4\/N1-E(B) MDV-D140Q4\/N1-E(B) MIDEA\"}]},{\"@type\":\"WebSite\",\"@id\":\"https:\/\/climatemaster.ge\/#website\",\"url\":\"https:\/\/climatemaster.ge\/\",\"name\":\"Climate Master\",\"description\":\"\",\"publisher\":{\"@id\":\"https:\/\/climatemaster.ge\/#organization\"},\"potentialAction\":[{\"@type\":\"SearchAction\",\"target\":{\"@type\":\"EntryPoint\",\"urlTemplate\":\"https:\/\/climatemaster.ge\/?s={search_term_string}\"},\"query-input\":{\"@type\":\"PropertyValueSpecification\",\"valueRequired\":true,\"valueName\":\"search_term_string\"}}],\"inLanguage\":\"fr-FR\"},{\"@type\":\"Organization\",\"@id\":\"https:\/\/climatemaster.ge\/#organization\",\"name\":\"Climate Master\",\"url\":\"https:\/\/climatemaster.ge\/\",\"logo\":{\"@type\":\"ImageObject\",\"inLanguage\":\"fr-FR\",\"@id\":\"https:\/\/climatemaster.ge\/#\/schema\/logo\/image\/\",\"url\":\"https:\/\/climatemaster.ge\/wp-content\/uploads\/2026\/03\/Untitled-2.png\",\"contentUrl\":\"https:\/\/climatemaster.ge\/wp-content\/uploads\/2026\/03\/Untitled-2.png\",\"width\":600,\"height\":338,\"caption\":\"Climate Master\"},\"image\":{\"@id\":\"https:\/\/climatemaster.ge\/#\/schema\/logo\/image\/\"}}]}<\/script>\n<!-- \/ Yoast SEO plugin. -->","yoast_head_json":{"title":"Syst\u00e8me VRF Unit\u00e9 int\u00e9rieure Cassette Cassette \u00e0 quatre voies, deuxi\u00e8me g\u00e9n\u00e9ration, AC 2,8 - 16 kW MDV-D**Q4\/N1-E(B) MDV-D28Q4\/N1-E(B) MDV-D36Q4\/N1-E(B) MDV-D45Q4\/N1-E(B) MDV-D56Q4\/N1-E(B) MDV-D71Q4\/N1-E(B) MDV-D80Q4\/N1-E(B) MDV-D90Q4\/N1-E(B) MDV-D100Q4\/N1-E(B) MDV-D112Q4\/N1-E(B) MDV-D140Q4\/N1-E(B) MIDEA - Climate Master","robots":{"index":"index","follow":"follow","max-snippet":"max-snippet:-1","max-image-preview":"max-image-preview:large","max-video-preview":"max-video-preview:-1"},"canonical":"https:\/\/climatemaster.ge\/fr\/produit\/vrf-system-indoor-unit-cassette-four-way-cassette-second-generation-ac-2-8-16-kw-mdv-dq4-n1-eb-mdv-d28q4-n1-eb-mdv-d36q4-n1-eb-mdv-d45q4-n1-eb-mdv-d56q4-n1-eb-mdv-d71q4-n1-eb-mdv-d8\/","og_locale":"fr_FR","og_type":"article","og_title":"Syst\u00e8me VRF Unit\u00e9 int\u00e9rieure Cassette Cassette \u00e0 quatre voies, deuxi\u00e8me g\u00e9n\u00e9ration, AC 2,8 - 16 kW MDV-D**Q4\/N1-E(B) MDV-D28Q4\/N1-E(B) MDV-D36Q4\/N1-E(B) MDV-D45Q4\/N1-E(B) MDV-D56Q4\/N1-E(B) MDV-D71Q4\/N1-E(B) MDV-D80Q4\/N1-E(B) MDV-D90Q4\/N1-E(B) MDV-D100Q4\/N1-E(B) MDV-D112Q4\/N1-E(B) MDV-D140Q4\/N1-E(B) MIDEA - Climate Master","og_description":"Four-Way Cassette, Second Generation, AC Cassette \u00e0 quatre voies, deuxi\u00e8me g\u00e9n\u00e9ration, AC Produit Sp\u00e9cifications  Cassette quatre voies 2e g\u00e9n\u00e9ration  3 vitesses de ventilation Flux d'air \u00e0 360\u00b0\u00a0: assure une distribution uniforme de l'air R\u00e9glage individuel des volets Hauteur de relevage de la pompe de vidange\u00a0: 75\u00a0cm Prise d'air frais\u00a0: jusqu'\u00e0 10\u00a0%","og_url":"https:\/\/climatemaster.ge\/fr\/produit\/vrf-system-indoor-unit-cassette-four-way-cassette-second-generation-ac-2-8-16-kw-mdv-dq4-n1-eb-mdv-d28q4-n1-eb-mdv-d36q4-n1-eb-mdv-d45q4-n1-eb-mdv-d56q4-n1-eb-mdv-d71q4-n1-eb-mdv-d8\/","og_site_name":"Climate Master","article_modified_time":"2025-10-18T13:25:06+00:00","og_image":[{"width":768,"height":768,"url":"https:\/\/climatemaster.ge\/wp-content\/uploads\/2025\/10\/cq5dam.web_.5000.5000_c-1.webp","type":"image\/webp"}],"twitter_card":"summary_large_image","schema":{"@context":"https:\/\/schema.org","@graph":[{"@type":"WebPage","@id":"https:\/\/climatemaster.ge\/fr\/produit\/vrf-system-indoor-unit-cassette-four-way-cassette-second-generation-ac-2-8-16-kw-mdv-dq4-n1-eb-mdv-d28q4-n1-eb-mdv-d36q4-n1-eb-mdv-d45q4-n1-eb-mdv-d56q4-n1-eb-mdv-d71q4-n1-eb-mdv-d8\/","url":"https:\/\/climatemaster.ge\/fr\/produit\/vrf-system-indoor-unit-cassette-four-way-cassette-second-generation-ac-2-8-16-kw-mdv-dq4-n1-eb-mdv-d28q4-n1-eb-mdv-d36q4-n1-eb-mdv-d45q4-n1-eb-mdv-d56q4-n1-eb-mdv-d71q4-n1-eb-mdv-d8\/","name":"Syst\u00e8me VRF Unit\u00e9 int\u00e9rieure Cassette Cassette \u00e0 quatre voies, deuxi\u00e8me g\u00e9n\u00e9ration, AC 2,8 - 16 kW MDV-D**Q4\/N1-E(B) MDV-D28Q4\/N1-E(B) MDV-D36Q4\/N1-E(B) MDV-D45Q4\/N1-E(B) MDV-D56Q4\/N1-E(B) MDV-D71Q4\/N1-E(B) MDV-D80Q4\/N1-E(B) MDV-D90Q4\/N1-E(B) MDV-D100Q4\/N1-E(B) MDV-D112Q4\/N1-E(B) MDV-D140Q4\/N1-E(B) MIDEA - Climate Master","isPartOf":{"@id":"https:\/\/climatemaster.ge\/#website"},"primaryImageOfPage":{"@id":"https:\/\/climatemaster.ge\/fr\/produit\/vrf-system-indoor-unit-cassette-four-way-cassette-second-generation-ac-2-8-16-kw-mdv-dq4-n1-eb-mdv-d28q4-n1-eb-mdv-d36q4-n1-eb-mdv-d45q4-n1-eb-mdv-d56q4-n1-eb-mdv-d71q4-n1-eb-mdv-d8\/#primaryimage"},"image":{"@id":"https:\/\/climatemaster.ge\/fr\/produit\/vrf-system-indoor-unit-cassette-four-way-cassette-second-generation-ac-2-8-16-kw-mdv-dq4-n1-eb-mdv-d28q4-n1-eb-mdv-d36q4-n1-eb-mdv-d45q4-n1-eb-mdv-d56q4-n1-eb-mdv-d71q4-n1-eb-mdv-d8\/#primaryimage"},"thumbnailUrl":"https:\/\/climatemaster.ge\/wp-content\/uploads\/2025\/10\/cq5dam.web_.5000.5000_c-1.webp","datePublished":"2025-10-18T13:20:15+00:00","dateModified":"2025-10-18T13:25:06+00:00","breadcrumb":{"@id":"https:\/\/climatemaster.ge\/fr\/produit\/vrf-system-indoor-unit-cassette-four-way-cassette-second-generation-ac-2-8-16-kw-mdv-dq4-n1-eb-mdv-d28q4-n1-eb-mdv-d36q4-n1-eb-mdv-d45q4-n1-eb-mdv-d56q4-n1-eb-mdv-d71q4-n1-eb-mdv-d8\/#breadcrumb"},"inLanguage":"fr-FR","potentialAction":[{"@type":"ReadAction","target":["https:\/\/climatemaster.ge\/fr\/produit\/vrf-system-indoor-unit-cassette-four-way-cassette-second-generation-ac-2-8-16-kw-mdv-dq4-n1-eb-mdv-d28q4-n1-eb-mdv-d36q4-n1-eb-mdv-d45q4-n1-eb-mdv-d56q4-n1-eb-mdv-d71q4-n1-eb-mdv-d8\/"]}]},{"@type":"ImageObject","inLanguage":"fr-FR","@id":"https:\/\/climatemaster.ge\/fr\/produit\/vrf-system-indoor-unit-cassette-four-way-cassette-second-generation-ac-2-8-16-kw-mdv-dq4-n1-eb-mdv-d28q4-n1-eb-mdv-d36q4-n1-eb-mdv-d45q4-n1-eb-mdv-d56q4-n1-eb-mdv-d71q4-n1-eb-mdv-d8\/#primaryimage","url":"https:\/\/climatemaster.ge\/wp-content\/uploads\/2025\/10\/cq5dam.web_.5000.5000_c-1.webp","contentUrl":"https:\/\/climatemaster.ge\/wp-content\/uploads\/2025\/10\/cq5dam.web_.5000.5000_c-1.webp","width":768,"height":768},{"@type":"BreadcrumbList","@id":"https:\/\/climatemaster.ge\/fr\/produit\/vrf-system-indoor-unit-cassette-four-way-cassette-second-generation-ac-2-8-16-kw-mdv-dq4-n1-eb-mdv-d28q4-n1-eb-mdv-d36q4-n1-eb-mdv-d45q4-n1-eb-mdv-d56q4-n1-eb-mdv-d71q4-n1-eb-mdv-d8\/#breadcrumb","itemListElement":[{"@type":"ListItem","position":1,"name":"Home","item":"https:\/\/climatemaster.ge\/"},{"@type":"ListItem","position":2,"name":"Products","item":"https:\/\/climatemaster.ge\/products\/"},{"@type":"ListItem","position":3,"name":"Syst\u00e8me VRF Unit\u00e9 int\u00e9rieure Cassette Cassette \u00e0 quatre voies, deuxi\u00e8me g\u00e9n\u00e9ration, AC 2,8 &#8211; 16 kW MDV-D**Q4\/N1-E(B) MDV-D28Q4\/N1-E(B) MDV-D36Q4\/N1-E(B) MDV-D45Q4\/N1-E(B) MDV-D56Q4\/N1-E(B) MDV-D71Q4\/N1-E(B) MDV-D80Q4\/N1-E(B) MDV-D90Q4\/N1-E(B) MDV-D100Q4\/N1-E(B) MDV-D112Q4\/N1-E(B) MDV-D140Q4\/N1-E(B) MIDEA"}]},{"@type":"WebSite","@id":"https:\/\/climatemaster.ge\/#website","url":"https:\/\/climatemaster.ge\/","name":"Climate Master","description":"","publisher":{"@id":"https:\/\/climatemaster.ge\/#organization"},"potentialAction":[{"@type":"SearchAction","target":{"@type":"EntryPoint","urlTemplate":"https:\/\/climatemaster.ge\/?s={search_term_string}"},"query-input":{"@type":"PropertyValueSpecification","valueRequired":true,"valueName":"search_term_string"}}],"inLanguage":"fr-FR"},{"@type":"Organization","@id":"https:\/\/climatemaster.ge\/#organization","name":"Climate Master","url":"https:\/\/climatemaster.ge\/","logo":{"@type":"ImageObject","inLanguage":"fr-FR","@id":"https:\/\/climatemaster.ge\/#\/schema\/logo\/image\/","url":"https:\/\/climatemaster.ge\/wp-content\/uploads\/2026\/03\/Untitled-2.png","contentUrl":"https:\/\/climatemaster.ge\/wp-content\/uploads\/2026\/03\/Untitled-2.png","width":600,"height":338,"caption":"Climate Master"},"image":{"@id":"https:\/\/climatemaster.ge\/#\/schema\/logo\/image\/"}}]}},"_links":{"self":[{"href":"https:\/\/climatemaster.ge\/fr\/wp-json\/wp\/v2\/product\/43154","targetHints":{"allow":["GET"]}}],"collection":[{"href":"https:\/\/climatemaster.ge\/fr\/wp-json\/wp\/v2\/product"}],"about":[{"href":"https:\/\/climatemaster.ge\/fr\/wp-json\/wp\/v2\/types\/product"}],"wp:featuredmedia":[{"embeddable":true,"href":"https:\/\/climatemaster.ge\/fr\/wp-json\/wp\/v2\/media\/43148"}],"wp:attachment":[{"href":"https:\/\/climatemaster.ge\/fr\/wp-json\/wp\/v2\/media?parent=43154"}],"wp:term":[{"taxonomy":"product_brand","embeddable":true,"href":"https:\/\/climatemaster.ge\/fr\/wp-json\/wp\/v2\/product_brand?post=43154"},{"taxonomy":"product_cat","embeddable":true,"href":"https:\/\/climatemaster.ge\/fr\/wp-json\/wp\/v2\/product_cat?post=43154"},{"taxonomy":"product_tag","embeddable":true,"href":"https:\/\/climatemaster.ge\/fr\/wp-json\/wp\/v2\/product_tag?post=43154"}],"curies":[{"name":"wp","href":"https:\/\/api.w.org\/{rel}","templated":true}]}}