{"id":42997,"date":"2025-10-18T12:57:09","date_gmt":"2025-10-18T08:57:09","guid":{"rendered":"https:\/\/airsystems.ge\/shop\/product\/vrf-system-indoor-unit-floor-standing-ceiling-floor-ceiling-floor-2nd-generation-ac-3-6-14-kw-mdv-ddl-n1-cb-mdv-d36dl-n1-cb-mdv-d45dl-n1-cb-mdv-d56dl-n1-cb-mdv-d71dl-n1-cb-mdv-d80\/"},"modified":"2025-10-18T13:02:12","modified_gmt":"2025-10-18T09:02:12","slug":"vrf-system-indoor-unit-floor-standing-ceiling-floor-ceiling-floor-2nd-generation-ac-3-6-14-kw-mdv-ddl-n1-cb-mdv-d36dl-n1-cb-mdv-d45dl-n1-cb-mdv-d56dl-n1-cb-mdv-d71dl-n1-cb-mdv-d80","status":"publish","type":"product","link":"https:\/\/climatemaster.ge\/fr\/produit\/vrf-system-indoor-unit-floor-standing-ceiling-floor-ceiling-floor-2nd-generation-ac-3-6-14-kw-mdv-ddl-n1-cb-mdv-d36dl-n1-cb-mdv-d45dl-n1-cb-mdv-d56dl-n1-cb-mdv-d71dl-n1-cb-mdv-d80\/","title":{"rendered":"Syst\u00e8me DRV Unit\u00e9 int\u00e9rieure au sol Plafonnier et sol Plafonnier et sol, 2e g\u00e9n\u00e9ration, climatiseur 3,6 &#8211; 14 kW MDV-D**DL\/N1-C(B)  MDV-D36DL\/N1-C(B) MDV-D45DL\/N1-C(B) MDV-D56DL\/N1-C(B) MDV-D71DL\/N1-C(B) MDV-D80DL\/N1-C(B) MDV-D90DL\/N1-C(B) MDV-D112DL\/N1-C(B) MDV-D140DL\/N1-C(B  MIDEA"},"content":{"rendered":"","protected":false},"excerpt":{"rendered":"<h1>Plafonnier et sol, 2e g\u00e9n\u00e9ration, climatiseur<\/h1>\n<p>Caract\u00e9ristiques du produit<\/p>\n<p>Unit\u00e9 int\u00e9rieure au sol et plafond, 2e g\u00e9n\u00e9ration<\/p>\n<p>3 vitesses de ventilation<br \/>\nFonction d&rsquo;orientation verticale des volets<\/p>\n","protected":false},"featured_media":42992,"template":"","meta":[],"product_brand":[],"product_cat":[1992],"product_tag":[],"class_list":{"0":"post-42997","1":"product","2":"type-product","3":"status-publish","4":"has-post-thumbnail","6":"product_cat-systeme-vrf","8":"first","9":"instock","10":"shipping-taxable","11":"product-type-simple"},"yoast_head":"<!-- This site is optimized with the Yoast SEO plugin v27.1.1 - https:\/\/yoast.com\/product\/yoast-seo-wordpress\/ -->\n<title>Syst\u00e8me DRV Unit\u00e9 int\u00e9rieure au sol Plafonnier et sol Plafonnier et sol, 2e g\u00e9n\u00e9ration, climatiseur 3,6 - 14 kW MDV-D**DL\/N1-C(B) MDV-D36DL\/N1-C(B) MDV-D45DL\/N1-C(B) MDV-D56DL\/N1-C(B) MDV-D71DL\/N1-C(B) MDV-D80DL\/N1-C(B) MDV-D90DL\/N1-C(B) MDV-D112DL\/N1-C(B) MDV-D140DL\/N1-C(B MIDEA - Climate Master<\/title>\n<meta name=\"robots\" content=\"index, follow, max-snippet:-1, max-image-preview:large, max-video-preview:-1\" \/>\n<link rel=\"canonical\" href=\"https:\/\/climatemaster.ge\/fr\/produit\/vrf-system-indoor-unit-floor-standing-ceiling-floor-ceiling-floor-2nd-generation-ac-3-6-14-kw-mdv-ddl-n1-cb-mdv-d36dl-n1-cb-mdv-d45dl-n1-cb-mdv-d56dl-n1-cb-mdv-d71dl-n1-cb-mdv-d80\/\" \/>\n<meta property=\"og:locale\" content=\"fr_FR\" \/>\n<meta property=\"og:type\" content=\"article\" \/>\n<meta property=\"og:title\" content=\"Syst\u00e8me DRV Unit\u00e9 int\u00e9rieure au sol Plafonnier et sol Plafonnier et sol, 2e g\u00e9n\u00e9ration, climatiseur 3,6 - 14 kW MDV-D**DL\/N1-C(B) MDV-D36DL\/N1-C(B) MDV-D45DL\/N1-C(B) MDV-D56DL\/N1-C(B) MDV-D71DL\/N1-C(B) MDV-D80DL\/N1-C(B) MDV-D90DL\/N1-C(B) MDV-D112DL\/N1-C(B) MDV-D140DL\/N1-C(B MIDEA - Climate Master\" \/>\n<meta property=\"og:description\" content=\"Plafonnier et sol, 2e g\u00e9n\u00e9ration, climatiseur Caract\u00e9ristiques du produit  Unit\u00e9 int\u00e9rieure au sol et plafond, 2e g\u00e9n\u00e9ration  3 vitesses de ventilation Fonction d&#039;orientation verticale des volets\" \/>\n<meta property=\"og:url\" content=\"https:\/\/climatemaster.ge\/fr\/produit\/vrf-system-indoor-unit-floor-standing-ceiling-floor-ceiling-floor-2nd-generation-ac-3-6-14-kw-mdv-ddl-n1-cb-mdv-d36dl-n1-cb-mdv-d45dl-n1-cb-mdv-d56dl-n1-cb-mdv-d71dl-n1-cb-mdv-d80\/\" \/>\n<meta property=\"og:site_name\" content=\"Climate Master\" \/>\n<meta property=\"article:modified_time\" content=\"2025-10-18T09:02:12+00:00\" \/>\n<meta property=\"og:image\" content=\"https:\/\/climatemaster.ge\/wp-content\/uploads\/2025\/10\/CEILING_RESULT.webp\" \/>\n\t<meta property=\"og:image:width\" content=\"768\" \/>\n\t<meta property=\"og:image:height\" content=\"768\" \/>\n\t<meta property=\"og:image:type\" content=\"image\/webp\" \/>\n<meta name=\"twitter:card\" content=\"summary_large_image\" \/>\n<script type=\"application\/ld+json\" class=\"yoast-schema-graph\">{\"@context\":\"https:\/\/schema.org\",\"@graph\":[{\"@type\":\"WebPage\",\"@id\":\"https:\/\/climatemaster.ge\/fr\/produit\/vrf-system-indoor-unit-floor-standing-ceiling-floor-ceiling-floor-2nd-generation-ac-3-6-14-kw-mdv-ddl-n1-cb-mdv-d36dl-n1-cb-mdv-d45dl-n1-cb-mdv-d56dl-n1-cb-mdv-d71dl-n1-cb-mdv-d80\/\",\"url\":\"https:\/\/climatemaster.ge\/fr\/produit\/vrf-system-indoor-unit-floor-standing-ceiling-floor-ceiling-floor-2nd-generation-ac-3-6-14-kw-mdv-ddl-n1-cb-mdv-d36dl-n1-cb-mdv-d45dl-n1-cb-mdv-d56dl-n1-cb-mdv-d71dl-n1-cb-mdv-d80\/\",\"name\":\"Syst\u00e8me DRV Unit\u00e9 int\u00e9rieure au sol Plafonnier et sol Plafonnier et sol, 2e g\u00e9n\u00e9ration, climatiseur 3,6 - 14 kW MDV-D**DL\/N1-C(B) MDV-D36DL\/N1-C(B) MDV-D45DL\/N1-C(B) MDV-D56DL\/N1-C(B) MDV-D71DL\/N1-C(B) MDV-D80DL\/N1-C(B) MDV-D90DL\/N1-C(B) MDV-D112DL\/N1-C(B) MDV-D140DL\/N1-C(B MIDEA - Climate Master\",\"isPartOf\":{\"@id\":\"https:\/\/climatemaster.ge\/#website\"},\"primaryImageOfPage\":{\"@id\":\"https:\/\/climatemaster.ge\/fr\/produit\/vrf-system-indoor-unit-floor-standing-ceiling-floor-ceiling-floor-2nd-generation-ac-3-6-14-kw-mdv-ddl-n1-cb-mdv-d36dl-n1-cb-mdv-d45dl-n1-cb-mdv-d56dl-n1-cb-mdv-d71dl-n1-cb-mdv-d80\/#primaryimage\"},\"image\":{\"@id\":\"https:\/\/climatemaster.ge\/fr\/produit\/vrf-system-indoor-unit-floor-standing-ceiling-floor-ceiling-floor-2nd-generation-ac-3-6-14-kw-mdv-ddl-n1-cb-mdv-d36dl-n1-cb-mdv-d45dl-n1-cb-mdv-d56dl-n1-cb-mdv-d71dl-n1-cb-mdv-d80\/#primaryimage\"},\"thumbnailUrl\":\"https:\/\/climatemaster.ge\/wp-content\/uploads\/2025\/10\/CEILING_RESULT.webp\",\"datePublished\":\"2025-10-18T08:57:09+00:00\",\"dateModified\":\"2025-10-18T09:02:12+00:00\",\"breadcrumb\":{\"@id\":\"https:\/\/climatemaster.ge\/fr\/produit\/vrf-system-indoor-unit-floor-standing-ceiling-floor-ceiling-floor-2nd-generation-ac-3-6-14-kw-mdv-ddl-n1-cb-mdv-d36dl-n1-cb-mdv-d45dl-n1-cb-mdv-d56dl-n1-cb-mdv-d71dl-n1-cb-mdv-d80\/#breadcrumb\"},\"inLanguage\":\"fr-FR\",\"potentialAction\":[{\"@type\":\"ReadAction\",\"target\":[\"https:\/\/climatemaster.ge\/fr\/produit\/vrf-system-indoor-unit-floor-standing-ceiling-floor-ceiling-floor-2nd-generation-ac-3-6-14-kw-mdv-ddl-n1-cb-mdv-d36dl-n1-cb-mdv-d45dl-n1-cb-mdv-d56dl-n1-cb-mdv-d71dl-n1-cb-mdv-d80\/\"]}]},{\"@type\":\"ImageObject\",\"inLanguage\":\"fr-FR\",\"@id\":\"https:\/\/climatemaster.ge\/fr\/produit\/vrf-system-indoor-unit-floor-standing-ceiling-floor-ceiling-floor-2nd-generation-ac-3-6-14-kw-mdv-ddl-n1-cb-mdv-d36dl-n1-cb-mdv-d45dl-n1-cb-mdv-d56dl-n1-cb-mdv-d71dl-n1-cb-mdv-d80\/#primaryimage\",\"url\":\"https:\/\/climatemaster.ge\/wp-content\/uploads\/2025\/10\/CEILING_RESULT.webp\",\"contentUrl\":\"https:\/\/climatemaster.ge\/wp-content\/uploads\/2025\/10\/CEILING_RESULT.webp\",\"width\":768,\"height\":768},{\"@type\":\"BreadcrumbList\",\"@id\":\"https:\/\/climatemaster.ge\/fr\/produit\/vrf-system-indoor-unit-floor-standing-ceiling-floor-ceiling-floor-2nd-generation-ac-3-6-14-kw-mdv-ddl-n1-cb-mdv-d36dl-n1-cb-mdv-d45dl-n1-cb-mdv-d56dl-n1-cb-mdv-d71dl-n1-cb-mdv-d80\/#breadcrumb\",\"itemListElement\":[{\"@type\":\"ListItem\",\"position\":1,\"name\":\"Home\",\"item\":\"https:\/\/climatemaster.ge\/\"},{\"@type\":\"ListItem\",\"position\":2,\"name\":\"Products\",\"item\":\"https:\/\/climatemaster.ge\/products\/\"},{\"@type\":\"ListItem\",\"position\":3,\"name\":\"Syst\u00e8me DRV Unit\u00e9 int\u00e9rieure au sol Plafonnier et sol Plafonnier et sol, 2e g\u00e9n\u00e9ration, climatiseur 3,6 &#8211; 14 kW MDV-D**DL\/N1-C(B) MDV-D36DL\/N1-C(B) MDV-D45DL\/N1-C(B) MDV-D56DL\/N1-C(B) MDV-D71DL\/N1-C(B) MDV-D80DL\/N1-C(B) MDV-D90DL\/N1-C(B) MDV-D112DL\/N1-C(B) MDV-D140DL\/N1-C(B MIDEA\"}]},{\"@type\":\"WebSite\",\"@id\":\"https:\/\/climatemaster.ge\/#website\",\"url\":\"https:\/\/climatemaster.ge\/\",\"name\":\"Climate Master\",\"description\":\"\",\"publisher\":{\"@id\":\"https:\/\/climatemaster.ge\/#organization\"},\"potentialAction\":[{\"@type\":\"SearchAction\",\"target\":{\"@type\":\"EntryPoint\",\"urlTemplate\":\"https:\/\/climatemaster.ge\/?s={search_term_string}\"},\"query-input\":{\"@type\":\"PropertyValueSpecification\",\"valueRequired\":true,\"valueName\":\"search_term_string\"}}],\"inLanguage\":\"fr-FR\"},{\"@type\":\"Organization\",\"@id\":\"https:\/\/climatemaster.ge\/#organization\",\"name\":\"Climate Master\",\"url\":\"https:\/\/climatemaster.ge\/\",\"logo\":{\"@type\":\"ImageObject\",\"inLanguage\":\"fr-FR\",\"@id\":\"https:\/\/climatemaster.ge\/#\/schema\/logo\/image\/\",\"url\":\"https:\/\/climatemaster.ge\/wp-content\/uploads\/2026\/03\/Untitled-2.png\",\"contentUrl\":\"https:\/\/climatemaster.ge\/wp-content\/uploads\/2026\/03\/Untitled-2.png\",\"width\":600,\"height\":338,\"caption\":\"Climate Master\"},\"image\":{\"@id\":\"https:\/\/climatemaster.ge\/#\/schema\/logo\/image\/\"}}]}<\/script>\n<!-- \/ Yoast SEO plugin. -->","yoast_head_json":{"title":"Syst\u00e8me DRV Unit\u00e9 int\u00e9rieure au sol Plafonnier et sol Plafonnier et sol, 2e g\u00e9n\u00e9ration, climatiseur 3,6 - 14 kW MDV-D**DL\/N1-C(B) MDV-D36DL\/N1-C(B) MDV-D45DL\/N1-C(B) MDV-D56DL\/N1-C(B) MDV-D71DL\/N1-C(B) MDV-D80DL\/N1-C(B) MDV-D90DL\/N1-C(B) MDV-D112DL\/N1-C(B) MDV-D140DL\/N1-C(B MIDEA - Climate Master","robots":{"index":"index","follow":"follow","max-snippet":"max-snippet:-1","max-image-preview":"max-image-preview:large","max-video-preview":"max-video-preview:-1"},"canonical":"https:\/\/climatemaster.ge\/fr\/produit\/vrf-system-indoor-unit-floor-standing-ceiling-floor-ceiling-floor-2nd-generation-ac-3-6-14-kw-mdv-ddl-n1-cb-mdv-d36dl-n1-cb-mdv-d45dl-n1-cb-mdv-d56dl-n1-cb-mdv-d71dl-n1-cb-mdv-d80\/","og_locale":"fr_FR","og_type":"article","og_title":"Syst\u00e8me DRV Unit\u00e9 int\u00e9rieure au sol Plafonnier et sol Plafonnier et sol, 2e g\u00e9n\u00e9ration, climatiseur 3,6 - 14 kW MDV-D**DL\/N1-C(B) MDV-D36DL\/N1-C(B) MDV-D45DL\/N1-C(B) MDV-D56DL\/N1-C(B) MDV-D71DL\/N1-C(B) MDV-D80DL\/N1-C(B) MDV-D90DL\/N1-C(B) MDV-D112DL\/N1-C(B) MDV-D140DL\/N1-C(B MIDEA - Climate Master","og_description":"Plafonnier et sol, 2e g\u00e9n\u00e9ration, climatiseur Caract\u00e9ristiques du produit  Unit\u00e9 int\u00e9rieure au sol et plafond, 2e g\u00e9n\u00e9ration  3 vitesses de ventilation Fonction d'orientation verticale des volets","og_url":"https:\/\/climatemaster.ge\/fr\/produit\/vrf-system-indoor-unit-floor-standing-ceiling-floor-ceiling-floor-2nd-generation-ac-3-6-14-kw-mdv-ddl-n1-cb-mdv-d36dl-n1-cb-mdv-d45dl-n1-cb-mdv-d56dl-n1-cb-mdv-d71dl-n1-cb-mdv-d80\/","og_site_name":"Climate Master","article_modified_time":"2025-10-18T09:02:12+00:00","og_image":[{"width":768,"height":768,"url":"https:\/\/climatemaster.ge\/wp-content\/uploads\/2025\/10\/CEILING_RESULT.webp","type":"image\/webp"}],"twitter_card":"summary_large_image","schema":{"@context":"https:\/\/schema.org","@graph":[{"@type":"WebPage","@id":"https:\/\/climatemaster.ge\/fr\/produit\/vrf-system-indoor-unit-floor-standing-ceiling-floor-ceiling-floor-2nd-generation-ac-3-6-14-kw-mdv-ddl-n1-cb-mdv-d36dl-n1-cb-mdv-d45dl-n1-cb-mdv-d56dl-n1-cb-mdv-d71dl-n1-cb-mdv-d80\/","url":"https:\/\/climatemaster.ge\/fr\/produit\/vrf-system-indoor-unit-floor-standing-ceiling-floor-ceiling-floor-2nd-generation-ac-3-6-14-kw-mdv-ddl-n1-cb-mdv-d36dl-n1-cb-mdv-d45dl-n1-cb-mdv-d56dl-n1-cb-mdv-d71dl-n1-cb-mdv-d80\/","name":"Syst\u00e8me DRV Unit\u00e9 int\u00e9rieure au sol Plafonnier et sol Plafonnier et sol, 2e g\u00e9n\u00e9ration, climatiseur 3,6 - 14 kW MDV-D**DL\/N1-C(B) MDV-D36DL\/N1-C(B) MDV-D45DL\/N1-C(B) MDV-D56DL\/N1-C(B) MDV-D71DL\/N1-C(B) MDV-D80DL\/N1-C(B) MDV-D90DL\/N1-C(B) MDV-D112DL\/N1-C(B) MDV-D140DL\/N1-C(B MIDEA - Climate Master","isPartOf":{"@id":"https:\/\/climatemaster.ge\/#website"},"primaryImageOfPage":{"@id":"https:\/\/climatemaster.ge\/fr\/produit\/vrf-system-indoor-unit-floor-standing-ceiling-floor-ceiling-floor-2nd-generation-ac-3-6-14-kw-mdv-ddl-n1-cb-mdv-d36dl-n1-cb-mdv-d45dl-n1-cb-mdv-d56dl-n1-cb-mdv-d71dl-n1-cb-mdv-d80\/#primaryimage"},"image":{"@id":"https:\/\/climatemaster.ge\/fr\/produit\/vrf-system-indoor-unit-floor-standing-ceiling-floor-ceiling-floor-2nd-generation-ac-3-6-14-kw-mdv-ddl-n1-cb-mdv-d36dl-n1-cb-mdv-d45dl-n1-cb-mdv-d56dl-n1-cb-mdv-d71dl-n1-cb-mdv-d80\/#primaryimage"},"thumbnailUrl":"https:\/\/climatemaster.ge\/wp-content\/uploads\/2025\/10\/CEILING_RESULT.webp","datePublished":"2025-10-18T08:57:09+00:00","dateModified":"2025-10-18T09:02:12+00:00","breadcrumb":{"@id":"https:\/\/climatemaster.ge\/fr\/produit\/vrf-system-indoor-unit-floor-standing-ceiling-floor-ceiling-floor-2nd-generation-ac-3-6-14-kw-mdv-ddl-n1-cb-mdv-d36dl-n1-cb-mdv-d45dl-n1-cb-mdv-d56dl-n1-cb-mdv-d71dl-n1-cb-mdv-d80\/#breadcrumb"},"inLanguage":"fr-FR","potentialAction":[{"@type":"ReadAction","target":["https:\/\/climatemaster.ge\/fr\/produit\/vrf-system-indoor-unit-floor-standing-ceiling-floor-ceiling-floor-2nd-generation-ac-3-6-14-kw-mdv-ddl-n1-cb-mdv-d36dl-n1-cb-mdv-d45dl-n1-cb-mdv-d56dl-n1-cb-mdv-d71dl-n1-cb-mdv-d80\/"]}]},{"@type":"ImageObject","inLanguage":"fr-FR","@id":"https:\/\/climatemaster.ge\/fr\/produit\/vrf-system-indoor-unit-floor-standing-ceiling-floor-ceiling-floor-2nd-generation-ac-3-6-14-kw-mdv-ddl-n1-cb-mdv-d36dl-n1-cb-mdv-d45dl-n1-cb-mdv-d56dl-n1-cb-mdv-d71dl-n1-cb-mdv-d80\/#primaryimage","url":"https:\/\/climatemaster.ge\/wp-content\/uploads\/2025\/10\/CEILING_RESULT.webp","contentUrl":"https:\/\/climatemaster.ge\/wp-content\/uploads\/2025\/10\/CEILING_RESULT.webp","width":768,"height":768},{"@type":"BreadcrumbList","@id":"https:\/\/climatemaster.ge\/fr\/produit\/vrf-system-indoor-unit-floor-standing-ceiling-floor-ceiling-floor-2nd-generation-ac-3-6-14-kw-mdv-ddl-n1-cb-mdv-d36dl-n1-cb-mdv-d45dl-n1-cb-mdv-d56dl-n1-cb-mdv-d71dl-n1-cb-mdv-d80\/#breadcrumb","itemListElement":[{"@type":"ListItem","position":1,"name":"Home","item":"https:\/\/climatemaster.ge\/"},{"@type":"ListItem","position":2,"name":"Products","item":"https:\/\/climatemaster.ge\/products\/"},{"@type":"ListItem","position":3,"name":"Syst\u00e8me DRV Unit\u00e9 int\u00e9rieure au sol Plafonnier et sol Plafonnier et sol, 2e g\u00e9n\u00e9ration, climatiseur 3,6 &#8211; 14 kW MDV-D**DL\/N1-C(B) MDV-D36DL\/N1-C(B) MDV-D45DL\/N1-C(B) MDV-D56DL\/N1-C(B) MDV-D71DL\/N1-C(B) MDV-D80DL\/N1-C(B) MDV-D90DL\/N1-C(B) MDV-D112DL\/N1-C(B) MDV-D140DL\/N1-C(B MIDEA"}]},{"@type":"WebSite","@id":"https:\/\/climatemaster.ge\/#website","url":"https:\/\/climatemaster.ge\/","name":"Climate Master","description":"","publisher":{"@id":"https:\/\/climatemaster.ge\/#organization"},"potentialAction":[{"@type":"SearchAction","target":{"@type":"EntryPoint","urlTemplate":"https:\/\/climatemaster.ge\/?s={search_term_string}"},"query-input":{"@type":"PropertyValueSpecification","valueRequired":true,"valueName":"search_term_string"}}],"inLanguage":"fr-FR"},{"@type":"Organization","@id":"https:\/\/climatemaster.ge\/#organization","name":"Climate Master","url":"https:\/\/climatemaster.ge\/","logo":{"@type":"ImageObject","inLanguage":"fr-FR","@id":"https:\/\/climatemaster.ge\/#\/schema\/logo\/image\/","url":"https:\/\/climatemaster.ge\/wp-content\/uploads\/2026\/03\/Untitled-2.png","contentUrl":"https:\/\/climatemaster.ge\/wp-content\/uploads\/2026\/03\/Untitled-2.png","width":600,"height":338,"caption":"Climate Master"},"image":{"@id":"https:\/\/climatemaster.ge\/#\/schema\/logo\/image\/"}}]}},"_links":{"self":[{"href":"https:\/\/climatemaster.ge\/fr\/wp-json\/wp\/v2\/product\/42997","targetHints":{"allow":["GET"]}}],"collection":[{"href":"https:\/\/climatemaster.ge\/fr\/wp-json\/wp\/v2\/product"}],"about":[{"href":"https:\/\/climatemaster.ge\/fr\/wp-json\/wp\/v2\/types\/product"}],"wp:featuredmedia":[{"embeddable":true,"href":"https:\/\/climatemaster.ge\/fr\/wp-json\/wp\/v2\/media\/42992"}],"wp:attachment":[{"href":"https:\/\/climatemaster.ge\/fr\/wp-json\/wp\/v2\/media?parent=42997"}],"wp:term":[{"taxonomy":"product_brand","embeddable":true,"href":"https:\/\/climatemaster.ge\/fr\/wp-json\/wp\/v2\/product_brand?post=42997"},{"taxonomy":"product_cat","embeddable":true,"href":"https:\/\/climatemaster.ge\/fr\/wp-json\/wp\/v2\/product_cat?post=42997"},{"taxonomy":"product_tag","embeddable":true,"href":"https:\/\/climatemaster.ge\/fr\/wp-json\/wp\/v2\/product_tag?post=42997"}],"curies":[{"name":"wp","href":"https:\/\/api.w.org\/{rel}","templated":true}]}}