{"id":42700,"date":"2025-10-14T18:12:31","date_gmt":"2025-10-14T14:12:31","guid":{"rendered":"https:\/\/airsystems.ge\/shop\/product\/vrf-system-horizontal-discharge-v8s-series-25-2-67-kw-mv8s-wv2gn1-mv8s-252wv2gn1-mv8s-280wv2gn1-mv8s-335wv2gn1-mv8s-400wv2gn1-mv8s-450wv2gn1-mv8s-500wv2gn1-mv8s-560wv2gn1-mv8s-615wv2gn1-mv8s-670\/"},"modified":"2025-10-14T18:19:02","modified_gmt":"2025-10-14T14:19:02","slug":"vrf-system-horizontal-discharge-v8s-series-25-2-67-kw-mv8s-wv2gn1-mv8s-252wv2gn1-mv8s-280wv2gn1-mv8s-335wv2gn1-mv8s-400wv2gn1-mv8s-450wv2gn1-mv8s-500wv2gn1-mv8s-560wv2gn1-mv8s-615wv2gn1-mv8s-670","status":"publish","type":"product","link":"https:\/\/climatemaster.ge\/fr\/produit\/vrf-system-horizontal-discharge-v8s-series-25-2-67-kw-mv8s-wv2gn1-mv8s-252wv2gn1-mv8s-280wv2gn1-mv8s-335wv2gn1-mv8s-400wv2gn1-mv8s-450wv2gn1-mv8s-500wv2gn1-mv8s-560wv2gn1-mv8s-615wv2gn1-mv8s-670\/","title":{"rendered":"Unit\u00e9 ext\u00e9rieure DRV \u00e0 refoulement horizontal, s\u00e9rie V8S 25,2 &#8211; 67 kW MV8S-***WV2GN1  MV8S-252WV2GN1 MV8S-280WV2GN1 MV8S-335WV2GN1 MV8S-400WV2GN1 MV8S-450WV2GN1 MV8S-500WV2GN1 MV8S-560WV2GN1 MV8S-615WV2GN1 MV8S-670WV2GN1"},"content":{"rendered":"","protected":false},"excerpt":{"rendered":"<h1>S\u00e9rie V8S<\/h1>\n<p>Caract\u00e9ristiques du produit<\/p>\n<p>Unit\u00e9 ext\u00e9rieure DRV<\/p>\n<p>Conception modulaire\u00a0: 4 unit\u00e9s ext\u00e9rieures connectables<br \/>\nOnduleur CC continu continu<br \/>\nLarge plage de puissance, format compact<br \/>\nLarge rapport de combinaison\u00a0: 50-200\u00a0%<br \/>\nCompresseur \u00e0 injection de vapeur am\u00e9lior\u00e9e (EVI)<br \/>\nMETA 2\u00a0: Am\u00e9lior\u00e9 Efficacit\u00e9 et contr\u00f4le de la d\u00e9shumidification<br \/>\nHyperlink\u00a0: R\u00e9duction du temps et des co\u00fbts d&rsquo;installation<br \/>\nVaste plage de fonctionnement\u00a0: Hiver\u00a0: -30\u00a0\u00b0C, \u00c9t\u00e9\u00a0: 55\u00a0\u00b0C<br \/>\nDouble fonction de secours\u00a0: Fonctionnement continu en cas de panne<br \/>\nDoctor m 2.0\u00a0: Outil de maintenance intelligent<br \/>\nSuper Sense\u00a0: Surveillance avanc\u00e9e du r\u00e9frig\u00e9rant<br \/>\nZen air 2.0\u00a0: Gestion multifonctionnelle du flux d&rsquo;air<br \/>\nMode silencieux avanc\u00e9 \u00e0 15 niveaux<br \/>\nFonction de d\u00e9poussi\u00e9rage\/d\u00e9neigement automatique<\/p>\n","protected":false},"featured_media":42689,"template":"","meta":[],"product_brand":[],"product_cat":[1992],"product_tag":[],"class_list":{"0":"post-42700","1":"product","2":"type-product","3":"status-publish","4":"has-post-thumbnail","6":"product_cat-systeme-vrf","8":"first","9":"instock","10":"shipping-taxable","11":"product-type-simple"},"yoast_head":"<!-- This site is optimized with the Yoast SEO plugin v27.1.1 - https:\/\/yoast.com\/product\/yoast-seo-wordpress\/ -->\n<title>Unit\u00e9 ext\u00e9rieure DRV \u00e0 refoulement horizontal, s\u00e9rie V8S 25,2 - 67 kW MV8S-***WV2GN1 MV8S-252WV2GN1 MV8S-280WV2GN1 MV8S-335WV2GN1 MV8S-400WV2GN1 MV8S-450WV2GN1 MV8S-500WV2GN1 MV8S-560WV2GN1 MV8S-615WV2GN1 MV8S-670WV2GN1 - Climate Master<\/title>\n<meta name=\"robots\" content=\"index, follow, max-snippet:-1, max-image-preview:large, max-video-preview:-1\" \/>\n<link rel=\"canonical\" href=\"https:\/\/climatemaster.ge\/fr\/produit\/vrf-system-horizontal-discharge-v8s-series-25-2-67-kw-mv8s-wv2gn1-mv8s-252wv2gn1-mv8s-280wv2gn1-mv8s-335wv2gn1-mv8s-400wv2gn1-mv8s-450wv2gn1-mv8s-500wv2gn1-mv8s-560wv2gn1-mv8s-615wv2gn1-mv8s-670\/\" \/>\n<meta property=\"og:locale\" content=\"fr_FR\" \/>\n<meta property=\"og:type\" content=\"article\" \/>\n<meta property=\"og:title\" content=\"Unit\u00e9 ext\u00e9rieure DRV \u00e0 refoulement horizontal, s\u00e9rie V8S 25,2 - 67 kW MV8S-***WV2GN1 MV8S-252WV2GN1 MV8S-280WV2GN1 MV8S-335WV2GN1 MV8S-400WV2GN1 MV8S-450WV2GN1 MV8S-500WV2GN1 MV8S-560WV2GN1 MV8S-615WV2GN1 MV8S-670WV2GN1 - Climate Master\" \/>\n<meta property=\"og:description\" content=\"S\u00e9rie V8S Caract\u00e9ristiques du produit  Unit\u00e9 ext\u00e9rieure DRV  Conception modulaire\u00a0: 4 unit\u00e9s ext\u00e9rieures connectables Onduleur CC continu continu Large plage de puissance, format compact Large rapport de combinaison\u00a0: 50-200\u00a0% Compresseur \u00e0 injection de vapeur am\u00e9lior\u00e9e (EVI) META 2\u00a0: Am\u00e9lior\u00e9 Efficacit\u00e9 et contr\u00f4le de la d\u00e9shumidification Hyperlink\u00a0: R\u00e9duction du temps et des co\u00fbts d&#039;installation Vaste plage de fonctionnement\u00a0: Hiver\u00a0: -30\u00a0\u00b0C, \u00c9t\u00e9\u00a0: 55\u00a0\u00b0C Double fonction de secours\u00a0: Fonctionnement continu en cas de panne Doctor m 2.0\u00a0: Outil de maintenance intelligent Super Sense\u00a0: Surveillance avanc\u00e9e du r\u00e9frig\u00e9rant Zen air 2.0\u00a0: Gestion multifonctionnelle du flux d&#039;air Mode silencieux avanc\u00e9 \u00e0 15 niveaux Fonction de d\u00e9poussi\u00e9rage\/d\u00e9neigement automatique\" \/>\n<meta property=\"og:url\" content=\"https:\/\/climatemaster.ge\/fr\/produit\/vrf-system-horizontal-discharge-v8s-series-25-2-67-kw-mv8s-wv2gn1-mv8s-252wv2gn1-mv8s-280wv2gn1-mv8s-335wv2gn1-mv8s-400wv2gn1-mv8s-450wv2gn1-mv8s-500wv2gn1-mv8s-560wv2gn1-mv8s-615wv2gn1-mv8s-670\/\" \/>\n<meta property=\"og:site_name\" content=\"Climate Master\" \/>\n<meta property=\"article:modified_time\" content=\"2025-10-14T14:19:02+00:00\" \/>\n<meta property=\"og:image\" content=\"https:\/\/climatemaster.ge\/wp-content\/uploads\/2025\/10\/V8S-8-14HP-LEFT_RESULT.webp\" \/>\n\t<meta property=\"og:image:width\" content=\"768\" \/>\n\t<meta property=\"og:image:height\" content=\"1251\" \/>\n\t<meta property=\"og:image:type\" content=\"image\/webp\" \/>\n<meta name=\"twitter:card\" content=\"summary_large_image\" \/>\n<script type=\"application\/ld+json\" class=\"yoast-schema-graph\">{\"@context\":\"https:\/\/schema.org\",\"@graph\":[{\"@type\":\"WebPage\",\"@id\":\"https:\/\/climatemaster.ge\/fr\/produit\/vrf-system-horizontal-discharge-v8s-series-25-2-67-kw-mv8s-wv2gn1-mv8s-252wv2gn1-mv8s-280wv2gn1-mv8s-335wv2gn1-mv8s-400wv2gn1-mv8s-450wv2gn1-mv8s-500wv2gn1-mv8s-560wv2gn1-mv8s-615wv2gn1-mv8s-670\/\",\"url\":\"https:\/\/climatemaster.ge\/fr\/produit\/vrf-system-horizontal-discharge-v8s-series-25-2-67-kw-mv8s-wv2gn1-mv8s-252wv2gn1-mv8s-280wv2gn1-mv8s-335wv2gn1-mv8s-400wv2gn1-mv8s-450wv2gn1-mv8s-500wv2gn1-mv8s-560wv2gn1-mv8s-615wv2gn1-mv8s-670\/\",\"name\":\"Unit\u00e9 ext\u00e9rieure DRV \u00e0 refoulement horizontal, s\u00e9rie V8S 25,2 - 67 kW MV8S-***WV2GN1 MV8S-252WV2GN1 MV8S-280WV2GN1 MV8S-335WV2GN1 MV8S-400WV2GN1 MV8S-450WV2GN1 MV8S-500WV2GN1 MV8S-560WV2GN1 MV8S-615WV2GN1 MV8S-670WV2GN1 - Climate Master\",\"isPartOf\":{\"@id\":\"https:\/\/climatemaster.ge\/#website\"},\"primaryImageOfPage\":{\"@id\":\"https:\/\/climatemaster.ge\/fr\/produit\/vrf-system-horizontal-discharge-v8s-series-25-2-67-kw-mv8s-wv2gn1-mv8s-252wv2gn1-mv8s-280wv2gn1-mv8s-335wv2gn1-mv8s-400wv2gn1-mv8s-450wv2gn1-mv8s-500wv2gn1-mv8s-560wv2gn1-mv8s-615wv2gn1-mv8s-670\/#primaryimage\"},\"image\":{\"@id\":\"https:\/\/climatemaster.ge\/fr\/produit\/vrf-system-horizontal-discharge-v8s-series-25-2-67-kw-mv8s-wv2gn1-mv8s-252wv2gn1-mv8s-280wv2gn1-mv8s-335wv2gn1-mv8s-400wv2gn1-mv8s-450wv2gn1-mv8s-500wv2gn1-mv8s-560wv2gn1-mv8s-615wv2gn1-mv8s-670\/#primaryimage\"},\"thumbnailUrl\":\"https:\/\/climatemaster.ge\/wp-content\/uploads\/2025\/10\/V8S-8-14HP-LEFT_RESULT.webp\",\"datePublished\":\"2025-10-14T14:12:31+00:00\",\"dateModified\":\"2025-10-14T14:19:02+00:00\",\"breadcrumb\":{\"@id\":\"https:\/\/climatemaster.ge\/fr\/produit\/vrf-system-horizontal-discharge-v8s-series-25-2-67-kw-mv8s-wv2gn1-mv8s-252wv2gn1-mv8s-280wv2gn1-mv8s-335wv2gn1-mv8s-400wv2gn1-mv8s-450wv2gn1-mv8s-500wv2gn1-mv8s-560wv2gn1-mv8s-615wv2gn1-mv8s-670\/#breadcrumb\"},\"inLanguage\":\"fr-FR\",\"potentialAction\":[{\"@type\":\"ReadAction\",\"target\":[\"https:\/\/climatemaster.ge\/fr\/produit\/vrf-system-horizontal-discharge-v8s-series-25-2-67-kw-mv8s-wv2gn1-mv8s-252wv2gn1-mv8s-280wv2gn1-mv8s-335wv2gn1-mv8s-400wv2gn1-mv8s-450wv2gn1-mv8s-500wv2gn1-mv8s-560wv2gn1-mv8s-615wv2gn1-mv8s-670\/\"]}]},{\"@type\":\"ImageObject\",\"inLanguage\":\"fr-FR\",\"@id\":\"https:\/\/climatemaster.ge\/fr\/produit\/vrf-system-horizontal-discharge-v8s-series-25-2-67-kw-mv8s-wv2gn1-mv8s-252wv2gn1-mv8s-280wv2gn1-mv8s-335wv2gn1-mv8s-400wv2gn1-mv8s-450wv2gn1-mv8s-500wv2gn1-mv8s-560wv2gn1-mv8s-615wv2gn1-mv8s-670\/#primaryimage\",\"url\":\"https:\/\/climatemaster.ge\/wp-content\/uploads\/2025\/10\/V8S-8-14HP-LEFT_RESULT.webp\",\"contentUrl\":\"https:\/\/climatemaster.ge\/wp-content\/uploads\/2025\/10\/V8S-8-14HP-LEFT_RESULT.webp\",\"width\":768,\"height\":1251},{\"@type\":\"BreadcrumbList\",\"@id\":\"https:\/\/climatemaster.ge\/fr\/produit\/vrf-system-horizontal-discharge-v8s-series-25-2-67-kw-mv8s-wv2gn1-mv8s-252wv2gn1-mv8s-280wv2gn1-mv8s-335wv2gn1-mv8s-400wv2gn1-mv8s-450wv2gn1-mv8s-500wv2gn1-mv8s-560wv2gn1-mv8s-615wv2gn1-mv8s-670\/#breadcrumb\",\"itemListElement\":[{\"@type\":\"ListItem\",\"position\":1,\"name\":\"Home\",\"item\":\"https:\/\/climatemaster.ge\/\"},{\"@type\":\"ListItem\",\"position\":2,\"name\":\"Products\",\"item\":\"https:\/\/climatemaster.ge\/products\/\"},{\"@type\":\"ListItem\",\"position\":3,\"name\":\"Unit\u00e9 ext\u00e9rieure DRV \u00e0 refoulement horizontal, s\u00e9rie V8S 25,2 &#8211; 67 kW MV8S-***WV2GN1 MV8S-252WV2GN1 MV8S-280WV2GN1 MV8S-335WV2GN1 MV8S-400WV2GN1 MV8S-450WV2GN1 MV8S-500WV2GN1 MV8S-560WV2GN1 MV8S-615WV2GN1 MV8S-670WV2GN1\"}]},{\"@type\":\"WebSite\",\"@id\":\"https:\/\/climatemaster.ge\/#website\",\"url\":\"https:\/\/climatemaster.ge\/\",\"name\":\"Climate Master\",\"description\":\"\",\"publisher\":{\"@id\":\"https:\/\/climatemaster.ge\/#organization\"},\"potentialAction\":[{\"@type\":\"SearchAction\",\"target\":{\"@type\":\"EntryPoint\",\"urlTemplate\":\"https:\/\/climatemaster.ge\/?s={search_term_string}\"},\"query-input\":{\"@type\":\"PropertyValueSpecification\",\"valueRequired\":true,\"valueName\":\"search_term_string\"}}],\"inLanguage\":\"fr-FR\"},{\"@type\":\"Organization\",\"@id\":\"https:\/\/climatemaster.ge\/#organization\",\"name\":\"Climate Master\",\"url\":\"https:\/\/climatemaster.ge\/\",\"logo\":{\"@type\":\"ImageObject\",\"inLanguage\":\"fr-FR\",\"@id\":\"https:\/\/climatemaster.ge\/#\/schema\/logo\/image\/\",\"url\":\"https:\/\/climatemaster.ge\/wp-content\/uploads\/2026\/03\/Untitled-2.png\",\"contentUrl\":\"https:\/\/climatemaster.ge\/wp-content\/uploads\/2026\/03\/Untitled-2.png\",\"width\":600,\"height\":338,\"caption\":\"Climate Master\"},\"image\":{\"@id\":\"https:\/\/climatemaster.ge\/#\/schema\/logo\/image\/\"}}]}<\/script>\n<!-- \/ Yoast SEO plugin. -->","yoast_head_json":{"title":"Unit\u00e9 ext\u00e9rieure DRV \u00e0 refoulement horizontal, s\u00e9rie V8S 25,2 - 67 kW MV8S-***WV2GN1 MV8S-252WV2GN1 MV8S-280WV2GN1 MV8S-335WV2GN1 MV8S-400WV2GN1 MV8S-450WV2GN1 MV8S-500WV2GN1 MV8S-560WV2GN1 MV8S-615WV2GN1 MV8S-670WV2GN1 - Climate Master","robots":{"index":"index","follow":"follow","max-snippet":"max-snippet:-1","max-image-preview":"max-image-preview:large","max-video-preview":"max-video-preview:-1"},"canonical":"https:\/\/climatemaster.ge\/fr\/produit\/vrf-system-horizontal-discharge-v8s-series-25-2-67-kw-mv8s-wv2gn1-mv8s-252wv2gn1-mv8s-280wv2gn1-mv8s-335wv2gn1-mv8s-400wv2gn1-mv8s-450wv2gn1-mv8s-500wv2gn1-mv8s-560wv2gn1-mv8s-615wv2gn1-mv8s-670\/","og_locale":"fr_FR","og_type":"article","og_title":"Unit\u00e9 ext\u00e9rieure DRV \u00e0 refoulement horizontal, s\u00e9rie V8S 25,2 - 67 kW MV8S-***WV2GN1 MV8S-252WV2GN1 MV8S-280WV2GN1 MV8S-335WV2GN1 MV8S-400WV2GN1 MV8S-450WV2GN1 MV8S-500WV2GN1 MV8S-560WV2GN1 MV8S-615WV2GN1 MV8S-670WV2GN1 - Climate Master","og_description":"S\u00e9rie V8S Caract\u00e9ristiques du produit  Unit\u00e9 ext\u00e9rieure DRV  Conception modulaire\u00a0: 4 unit\u00e9s ext\u00e9rieures connectables Onduleur CC continu continu Large plage de puissance, format compact Large rapport de combinaison\u00a0: 50-200\u00a0% Compresseur \u00e0 injection de vapeur am\u00e9lior\u00e9e (EVI) META 2\u00a0: Am\u00e9lior\u00e9 Efficacit\u00e9 et contr\u00f4le de la d\u00e9shumidification Hyperlink\u00a0: R\u00e9duction du temps et des co\u00fbts d'installation Vaste plage de fonctionnement\u00a0: Hiver\u00a0: -30\u00a0\u00b0C, \u00c9t\u00e9\u00a0: 55\u00a0\u00b0C Double fonction de secours\u00a0: Fonctionnement continu en cas de panne Doctor m 2.0\u00a0: Outil de maintenance intelligent Super Sense\u00a0: Surveillance avanc\u00e9e du r\u00e9frig\u00e9rant Zen air 2.0\u00a0: Gestion multifonctionnelle du flux d'air Mode silencieux avanc\u00e9 \u00e0 15 niveaux Fonction de d\u00e9poussi\u00e9rage\/d\u00e9neigement automatique","og_url":"https:\/\/climatemaster.ge\/fr\/produit\/vrf-system-horizontal-discharge-v8s-series-25-2-67-kw-mv8s-wv2gn1-mv8s-252wv2gn1-mv8s-280wv2gn1-mv8s-335wv2gn1-mv8s-400wv2gn1-mv8s-450wv2gn1-mv8s-500wv2gn1-mv8s-560wv2gn1-mv8s-615wv2gn1-mv8s-670\/","og_site_name":"Climate Master","article_modified_time":"2025-10-14T14:19:02+00:00","og_image":[{"width":768,"height":1251,"url":"https:\/\/climatemaster.ge\/wp-content\/uploads\/2025\/10\/V8S-8-14HP-LEFT_RESULT.webp","type":"image\/webp"}],"twitter_card":"summary_large_image","schema":{"@context":"https:\/\/schema.org","@graph":[{"@type":"WebPage","@id":"https:\/\/climatemaster.ge\/fr\/produit\/vrf-system-horizontal-discharge-v8s-series-25-2-67-kw-mv8s-wv2gn1-mv8s-252wv2gn1-mv8s-280wv2gn1-mv8s-335wv2gn1-mv8s-400wv2gn1-mv8s-450wv2gn1-mv8s-500wv2gn1-mv8s-560wv2gn1-mv8s-615wv2gn1-mv8s-670\/","url":"https:\/\/climatemaster.ge\/fr\/produit\/vrf-system-horizontal-discharge-v8s-series-25-2-67-kw-mv8s-wv2gn1-mv8s-252wv2gn1-mv8s-280wv2gn1-mv8s-335wv2gn1-mv8s-400wv2gn1-mv8s-450wv2gn1-mv8s-500wv2gn1-mv8s-560wv2gn1-mv8s-615wv2gn1-mv8s-670\/","name":"Unit\u00e9 ext\u00e9rieure DRV \u00e0 refoulement horizontal, s\u00e9rie V8S 25,2 - 67 kW MV8S-***WV2GN1 MV8S-252WV2GN1 MV8S-280WV2GN1 MV8S-335WV2GN1 MV8S-400WV2GN1 MV8S-450WV2GN1 MV8S-500WV2GN1 MV8S-560WV2GN1 MV8S-615WV2GN1 MV8S-670WV2GN1 - Climate Master","isPartOf":{"@id":"https:\/\/climatemaster.ge\/#website"},"primaryImageOfPage":{"@id":"https:\/\/climatemaster.ge\/fr\/produit\/vrf-system-horizontal-discharge-v8s-series-25-2-67-kw-mv8s-wv2gn1-mv8s-252wv2gn1-mv8s-280wv2gn1-mv8s-335wv2gn1-mv8s-400wv2gn1-mv8s-450wv2gn1-mv8s-500wv2gn1-mv8s-560wv2gn1-mv8s-615wv2gn1-mv8s-670\/#primaryimage"},"image":{"@id":"https:\/\/climatemaster.ge\/fr\/produit\/vrf-system-horizontal-discharge-v8s-series-25-2-67-kw-mv8s-wv2gn1-mv8s-252wv2gn1-mv8s-280wv2gn1-mv8s-335wv2gn1-mv8s-400wv2gn1-mv8s-450wv2gn1-mv8s-500wv2gn1-mv8s-560wv2gn1-mv8s-615wv2gn1-mv8s-670\/#primaryimage"},"thumbnailUrl":"https:\/\/climatemaster.ge\/wp-content\/uploads\/2025\/10\/V8S-8-14HP-LEFT_RESULT.webp","datePublished":"2025-10-14T14:12:31+00:00","dateModified":"2025-10-14T14:19:02+00:00","breadcrumb":{"@id":"https:\/\/climatemaster.ge\/fr\/produit\/vrf-system-horizontal-discharge-v8s-series-25-2-67-kw-mv8s-wv2gn1-mv8s-252wv2gn1-mv8s-280wv2gn1-mv8s-335wv2gn1-mv8s-400wv2gn1-mv8s-450wv2gn1-mv8s-500wv2gn1-mv8s-560wv2gn1-mv8s-615wv2gn1-mv8s-670\/#breadcrumb"},"inLanguage":"fr-FR","potentialAction":[{"@type":"ReadAction","target":["https:\/\/climatemaster.ge\/fr\/produit\/vrf-system-horizontal-discharge-v8s-series-25-2-67-kw-mv8s-wv2gn1-mv8s-252wv2gn1-mv8s-280wv2gn1-mv8s-335wv2gn1-mv8s-400wv2gn1-mv8s-450wv2gn1-mv8s-500wv2gn1-mv8s-560wv2gn1-mv8s-615wv2gn1-mv8s-670\/"]}]},{"@type":"ImageObject","inLanguage":"fr-FR","@id":"https:\/\/climatemaster.ge\/fr\/produit\/vrf-system-horizontal-discharge-v8s-series-25-2-67-kw-mv8s-wv2gn1-mv8s-252wv2gn1-mv8s-280wv2gn1-mv8s-335wv2gn1-mv8s-400wv2gn1-mv8s-450wv2gn1-mv8s-500wv2gn1-mv8s-560wv2gn1-mv8s-615wv2gn1-mv8s-670\/#primaryimage","url":"https:\/\/climatemaster.ge\/wp-content\/uploads\/2025\/10\/V8S-8-14HP-LEFT_RESULT.webp","contentUrl":"https:\/\/climatemaster.ge\/wp-content\/uploads\/2025\/10\/V8S-8-14HP-LEFT_RESULT.webp","width":768,"height":1251},{"@type":"BreadcrumbList","@id":"https:\/\/climatemaster.ge\/fr\/produit\/vrf-system-horizontal-discharge-v8s-series-25-2-67-kw-mv8s-wv2gn1-mv8s-252wv2gn1-mv8s-280wv2gn1-mv8s-335wv2gn1-mv8s-400wv2gn1-mv8s-450wv2gn1-mv8s-500wv2gn1-mv8s-560wv2gn1-mv8s-615wv2gn1-mv8s-670\/#breadcrumb","itemListElement":[{"@type":"ListItem","position":1,"name":"Home","item":"https:\/\/climatemaster.ge\/"},{"@type":"ListItem","position":2,"name":"Products","item":"https:\/\/climatemaster.ge\/products\/"},{"@type":"ListItem","position":3,"name":"Unit\u00e9 ext\u00e9rieure DRV \u00e0 refoulement horizontal, s\u00e9rie V8S 25,2 &#8211; 67 kW MV8S-***WV2GN1 MV8S-252WV2GN1 MV8S-280WV2GN1 MV8S-335WV2GN1 MV8S-400WV2GN1 MV8S-450WV2GN1 MV8S-500WV2GN1 MV8S-560WV2GN1 MV8S-615WV2GN1 MV8S-670WV2GN1"}]},{"@type":"WebSite","@id":"https:\/\/climatemaster.ge\/#website","url":"https:\/\/climatemaster.ge\/","name":"Climate Master","description":"","publisher":{"@id":"https:\/\/climatemaster.ge\/#organization"},"potentialAction":[{"@type":"SearchAction","target":{"@type":"EntryPoint","urlTemplate":"https:\/\/climatemaster.ge\/?s={search_term_string}"},"query-input":{"@type":"PropertyValueSpecification","valueRequired":true,"valueName":"search_term_string"}}],"inLanguage":"fr-FR"},{"@type":"Organization","@id":"https:\/\/climatemaster.ge\/#organization","name":"Climate Master","url":"https:\/\/climatemaster.ge\/","logo":{"@type":"ImageObject","inLanguage":"fr-FR","@id":"https:\/\/climatemaster.ge\/#\/schema\/logo\/image\/","url":"https:\/\/climatemaster.ge\/wp-content\/uploads\/2026\/03\/Untitled-2.png","contentUrl":"https:\/\/climatemaster.ge\/wp-content\/uploads\/2026\/03\/Untitled-2.png","width":600,"height":338,"caption":"Climate Master"},"image":{"@id":"https:\/\/climatemaster.ge\/#\/schema\/logo\/image\/"}}]}},"_links":{"self":[{"href":"https:\/\/climatemaster.ge\/fr\/wp-json\/wp\/v2\/product\/42700","targetHints":{"allow":["GET"]}}],"collection":[{"href":"https:\/\/climatemaster.ge\/fr\/wp-json\/wp\/v2\/product"}],"about":[{"href":"https:\/\/climatemaster.ge\/fr\/wp-json\/wp\/v2\/types\/product"}],"wp:featuredmedia":[{"embeddable":true,"href":"https:\/\/climatemaster.ge\/fr\/wp-json\/wp\/v2\/media\/42689"}],"wp:attachment":[{"href":"https:\/\/climatemaster.ge\/fr\/wp-json\/wp\/v2\/media?parent=42700"}],"wp:term":[{"taxonomy":"product_brand","embeddable":true,"href":"https:\/\/climatemaster.ge\/fr\/wp-json\/wp\/v2\/product_brand?post=42700"},{"taxonomy":"product_cat","embeddable":true,"href":"https:\/\/climatemaster.ge\/fr\/wp-json\/wp\/v2\/product_cat?post=42700"},{"taxonomy":"product_tag","embeddable":true,"href":"https:\/\/climatemaster.ge\/fr\/wp-json\/wp\/v2\/product_tag?post=42700"}],"curies":[{"name":"wp","href":"https:\/\/api.w.org\/{rel}","templated":true}]}}