{"id":40848,"date":"2025-09-26T18:45:30","date_gmt":"2025-09-26T14:45:30","guid":{"rendered":"https:\/\/airsystems.ge\/shop\/product\/master-bv-400-indirect-oil-fired-air-heater-indirect-oil-fired-air-heaters-with-2-stage-master-burner\/"},"modified":"2025-09-26T18:57:26","modified_gmt":"2025-09-26T14:57:26","slug":"master-bv-400-indirect-oil-fired-air-heater-indirect-oil-fired-air-heaters-with-2-stage-master-burner","status":"publish","type":"product","link":"https:\/\/climatemaster.ge\/fr\/produit\/master-bv-400-indirect-oil-fired-air-heater-indirect-oil-fired-air-heaters-with-2-stage-master-burner\/","title":{"rendered":"Master BV 400 \u2013 A\u00e9rotherme indirect au fioul A\u00e9rothermes indirects au fioul avec br\u00fbleur Master \u00e0 2 allures"},"content":{"rendered":"<section class=\"max-w-[1088px] mx-auto w-full px-5 my-10 md:my-12 lg:my-16 xl:my-20 xl:px-0\" data-block=\"bullet-list\">\n<div class=\"md:text-center\">\n<p><strong>Principales caract\u00e9ristiques<\/strong><\/p>\n<p>Air chaud propre<br \/>\nSilence tr\u00e8s faible (72 dB)<br \/>\nVentilateur \u00e0 prise rapide permettant une pression d&rsquo;air \u00e9lev\u00e9e de 500 Pa<br \/>\nBr\u00fbleur Master \u00e0 2 allures<br \/>\nKit d&rsquo;alimentation en air<br \/>\nR\u00e9servoir rotomoul\u00e9<br \/>\nPrise pour thermostat \u00e0 distance<br \/>\n\u00c9changeur de chaleur \u00e0 haut rendement<br \/>\nChambre de combustion en acier inoxydable<br \/>\nChariot inclus<br \/>\nTuyau pour r\u00e9servoir de carburant anti-goutte<br \/>\nCes appareils de chauffage peuvent fonctionner au biocarburant HVO 100, au diesel ou au k\u00e9ros\u00e8ne<\/p>\n<\/div>\n<\/section>\n<section class=\"max-w-[1088px] mx-auto w-full px-5 my-10 md:my-12 lg:my-16 xl:my-20 xl:px-0\" data-block=\"product-specifications\">\n<div class=\"md:text-center\">\n<h3 class=\"text-black font-bold text-lg md:text-xl lg:text-2xl\"><strong>Product specifications<\/strong><\/h3>\n<\/div>\n<div class=\" md:mt-10\">\n<div class=\"\">\n<div class=\"lg:mt-0 \">\n<div id=\"spec-bv-400\" class=\"prose max-w-full md:overflow-auto\" data-spec-content=\"\">\n<div class=\"spreadsheet-container hidden md:block\">\n<table class=\"w-full table-fixed mb-0\">\n<thead>\n<tr>\n<th class=\"font-bold text-base\"><span class=\"block px-4\">Specifications<\/span><\/th>\n<th class=\"font-bold text-base text-center\"><span class=\"block px-10 md:px-20\">Units<\/span><\/th>\n<th class=\"font-bold text-base text-center will-change\"><span class=\"block px-4\">BV\u00a0400<\/span><\/th>\n<\/tr>\n<\/thead>\n<tbody>\n<tr class=\"bg-grey-200\/50 p-2\">\n<td colspan=\"1\"><span class=\"block px-4\">Heating power<\/span><\/td>\n<td class=\"text-center\">\n<div class=\"px-10 md:px-20 flex items-center justify-center\">kW<\/div>\n<\/td>\n<td class=\"text-center will-change\">\n<div class=\"px-10 md:px-20 flex items-center justify-center\">110\/80<\/div>\n<\/td>\n<\/tr>\n<tr class=\" p-2\">\n<td colspan=\"1\"><span class=\"block px-4\">Heating power<\/span><\/td>\n<td class=\"text-center\">\n<div class=\"px-10 md:px-20 flex items-center justify-center\">Btu\/h<\/div>\n<\/td>\n<td class=\"text-center will-change\">\n<div class=\"px-10 md:px-20 flex items-center justify-center\">375,000\/237,000<\/div>\n<\/td>\n<\/tr>\n<tr class=\"bg-grey-200\/50 p-2\">\n<td colspan=\"1\"><span class=\"block px-4\">Heating power<\/span><\/td>\n<td class=\"text-center\">\n<div class=\"px-10 md:px-20 flex items-center justify-center\">kcal\/h<\/div>\n<\/td>\n<td class=\"text-center will-change\">\n<div class=\"px-10 md:px-20 flex items-center justify-center\">94,600\/68,800<\/div>\n<\/td>\n<\/tr>\n<tr class=\" p-2\">\n<td colspan=\"1\"><span class=\"block px-4\">Fan<\/span><\/td>\n<td class=\"text-center\">\n<div class=\"px-10 md:px-20 flex items-center justify-center\">type<\/div>\n<\/td>\n<td class=\"text-center will-change\">\n<div class=\"px-10 md:px-20 flex items-center justify-center\">Plug fan<\/div>\n<\/td>\n<\/tr>\n<tr class=\"bg-grey-200\/50 p-2\">\n<td colspan=\"1\"><span class=\"block px-4\">Total air pressure<\/span><\/td>\n<td class=\"text-center\">\n<div class=\"px-10 md:px-20 flex items-center justify-center\">Pa<\/div>\n<\/td>\n<td class=\"text-center will-change\">\n<div class=\"px-10 md:px-20 flex items-center justify-center\">500<\/div>\n<\/td>\n<\/tr>\n<tr class=\" p-2\">\n<td colspan=\"1\"><span class=\"block px-4\">Ductability<\/span><\/td>\n<td class=\"text-center\">\n<div class=\"px-10 md:px-20 flex items-center justify-center\">m<\/div>\n<\/td>\n<td class=\"text-center will-change\">\n<div class=\"px-10 md:px-20 flex items-center justify-center\">50<\/div>\n<\/td>\n<\/tr>\n<tr class=\"bg-grey-200\/50 p-2\">\n<td colspan=\"1\"><span class=\"block px-4\">Air flow<\/span><\/td>\n<td class=\"text-center\">\n<div class=\"px-10 md:px-20 flex items-center justify-center\">m\u00b3\/h<\/div>\n<\/td>\n<td class=\"text-center will-change\">\n<div class=\"px-10 md:px-20 flex items-center justify-center\">6,200<\/div>\n<\/td>\n<\/tr>\n<tr class=\" p-2\">\n<td colspan=\"1\"><span class=\"block px-4\">Motor power fan<\/span><\/td>\n<td class=\"text-center\">\n<div class=\"px-10 md:px-20 flex items-center justify-center\">W\/rpm<\/div>\n<\/td>\n<td class=\"text-center will-change\">\n<div class=\"px-10 md:px-20 flex items-center justify-center\">750\/1,400<\/div>\n<\/td>\n<\/tr>\n<tr class=\"bg-grey-200\/50 p-2\">\n<td colspan=\"1\"><span class=\"block px-4\">Flex tube<\/span><\/td>\n<td class=\"text-center\">\n<div class=\"px-10 md:px-20 flex items-center justify-center\">mm<\/div>\n<\/td>\n<td class=\"text-center will-change\">\n<div class=\"px-10 md:px-20 flex items-center justify-center\">2 tubes \u00d8305mm or 1 tube \u00d8407mm<\/div>\n<\/td>\n<\/tr>\n<tr class=\" p-2\">\n<td colspan=\"1\"><span class=\"block px-4\">Maximum air temperature<\/span><\/td>\n<td class=\"text-center\">\n<div class=\"px-10 md:px-20 flex items-center justify-center\">\u00b0C<\/div>\n<\/td>\n<td class=\"text-center will-change\">\n<div class=\"px-10 md:px-20 flex items-center justify-center\">95<\/div>\n<\/td>\n<\/tr>\n<tr class=\"bg-grey-200\/50 p-2\">\n<td colspan=\"1\"><span class=\"block px-4\">Summer ventilation<\/span><\/td>\n<td class=\"text-center\">\n<div class=\"px-10 md:px-20 flex items-center justify-center\"><\/div>\n<\/td>\n<td class=\"text-center will-change\">\n<div class=\"px-10 md:px-20 flex items-center justify-center\">Yes<\/div>\n<\/td>\n<\/tr>\n<tr class=\" p-2\">\n<td colspan=\"1\"><span class=\"block px-4\">Remote thermostat<\/span><\/td>\n<td class=\"text-center\">\n<div class=\"px-10 md:px-20 flex items-center justify-center\"><\/div>\n<\/td>\n<td class=\"text-center will-change\">\n<div class=\"px-10 md:px-20 flex items-center justify-center\">Analogue or digital<\/div>\n<\/td>\n<\/tr>\n<tr class=\"bg-grey-200\/50 p-2\">\n<td colspan=\"1\"><span class=\"block px-4\">Flue tube<\/span><\/td>\n<td class=\"text-center\">\n<div class=\"px-10 md:px-20 flex items-center justify-center\">mm<\/div>\n<\/td>\n<td class=\"text-center will-change\">\n<div class=\"px-10 md:px-20 flex items-center justify-center\">150<\/div>\n<\/td>\n<\/tr>\n<tr class=\" p-2\">\n<td colspan=\"1\"><span class=\"block px-4\">Electronic box protection<\/span><\/td>\n<td class=\"text-center\">\n<div class=\"px-10 md:px-20 flex items-center justify-center\">IP<\/div>\n<\/td>\n<td class=\"text-center will-change\">\n<div class=\"px-10 md:px-20 flex items-center justify-center\">IP44<\/div>\n<\/td>\n<\/tr>\n<tr class=\"bg-grey-200\/50 p-2\">\n<td colspan=\"1\"><span class=\"block px-4\">Fuel tank capacity<\/span><\/td>\n<td class=\"text-center\">\n<div class=\"px-10 md:px-20 flex items-center justify-center\">l<\/div>\n<\/td>\n<td class=\"text-center will-change\">\n<div class=\"px-10 md:px-20 flex items-center justify-center\">150<\/div>\n<\/td>\n<\/tr>\n<tr class=\" p-2\">\n<td colspan=\"1\"><span class=\"block px-4\">Fuel consumption<\/span><\/td>\n<td class=\"text-center\">\n<div class=\"px-10 md:px-20 flex items-center justify-center\">l\/h<\/div>\n<\/td>\n<td class=\"text-center will-change\">\n<div class=\"px-10 md:px-20 flex items-center justify-center\">10.2 high mode\/7.7 low mode<\/div>\n<\/td>\n<\/tr>\n<tr class=\"bg-grey-200\/50 p-2\">\n<td colspan=\"1\"><span class=\"block px-4\">Rated current<\/span><\/td>\n<td class=\"text-center\">\n<div class=\"px-10 md:px-20 flex items-center justify-center\">A<\/div>\n<\/td>\n<td class=\"text-center will-change\">\n<div class=\"px-10 md:px-20 flex items-center justify-center\">6.8<\/div>\n<\/td>\n<\/tr>\n<tr class=\" p-2\">\n<td colspan=\"1\"><span class=\"block px-4\">Power supply<\/span><\/td>\n<td class=\"text-center\">\n<div class=\"px-10 md:px-20 flex items-center justify-center\">V\/Hz<\/div>\n<\/td>\n<td class=\"text-center will-change\">\n<div class=\"px-10 md:px-20 flex items-center justify-center\">220-240\/1ph\/50<\/div>\n<\/td>\n<\/tr>\n<tr class=\"bg-grey-200\/50 p-2\">\n<td colspan=\"1\"><span class=\"block px-4\">Product size (l x w x h)<\/span><\/td>\n<td class=\"text-center\">\n<div class=\"px-10 md:px-20 flex items-center justify-center\">mm<\/div>\n<\/td>\n<td class=\"text-center will-change\">\n<div class=\"px-10 md:px-20 flex items-center justify-center\">2086 x 717 x 1233<\/div>\n<\/td>\n<\/tr>\n<tr class=\" p-2\">\n<td colspan=\"1\"><span class=\"block px-4\">Box size (l x w x h)<\/span><\/td>\n<td class=\"text-center\">\n<div class=\"px-10 md:px-20 flex items-center justify-center\">mm<\/div>\n<\/td>\n<td class=\"text-center will-change\">\n<div class=\"px-10 md:px-20 flex items-center justify-center\">1670 x 710 x 1670<\/div>\n<\/td>\n<\/tr>\n<tr class=\"bg-grey-200\/50 p-2\">\n<td colspan=\"1\"><span class=\"block px-4\">Net\/gross weight<\/span><\/td>\n<td class=\"text-center\">\n<div class=\"px-10 md:px-20 flex items-center justify-center\">kg<\/div>\n<\/td>\n<td class=\"text-center will-change\">\n<div class=\"px-10 md:px-20 flex items-center justify-center\">200\/220<\/div>\n<\/td>\n<\/tr>\n<\/tbody>\n<\/table>\n<\/div>\n<\/div>\n<\/div>\n<\/div>\n<\/div>\n<\/section>\n<section class=\"max-w-[1088px] mx-auto w-full px-5 my-10 md:my-12 lg:my-16 xl:my-20 xl:px-0\" data-block=\"link-list\">\n<div class=\"max-w-[1088px] mx-auto\">\n<div class=\"md:text-center\">\n<p><strong>Adapt\u00e9s pour\u00a0:<\/strong><\/p>\n<p>Agriculture<br \/>\nAutomobile<br \/>\nB\u00e2timents commerciaux<br \/>\nConstruction<br \/>\nServices d&rsquo;urgence<br \/>\n\u00c9v\u00e9nements et festivals<br \/>\nIndustrie, usines et production<br \/>\nMilitaire et a\u00e9rospatiale<br \/>\nSoci\u00e9t\u00e9s de location<br \/>\nTransport et logistique<\/p>\n<\/div>\n<\/div>\n<\/section>\n","protected":false},"excerpt":{"rendered":"<p>Les a\u00e9rothermes indirects au fioul Master, \u00e9quip\u00e9s d&rsquo;un br\u00fbleur s\u00e9par\u00e9, produisent un grand volume d&rsquo;air 100 % propre, sec et chaud. \u00c9quip\u00e9s d&rsquo;un r\u00e9servoir de carburant, ils sont tr\u00e8s faciles \u00e0 d\u00e9placer et \u00e0 transporter. Ils disposent d&rsquo;un kit d&rsquo;admission d&rsquo;air s\u00e9par\u00e9 pour l&rsquo;alimentation en air de combustion, tr\u00e8s utile en zones pollu\u00e9es. De plus, ils peuvent \u00eatre utilis\u00e9s avec un ou deux tubes flexibles pour diffuser l&rsquo;air chaud.<\/p>\n<p>D\u00e9couvrez tous nos a\u00e9rothermes indirects au fioul, nos chauffages de tente de qualit\u00e9 professionnelle et d&rsquo;autres types de chauffages professionnels pour r\u00e9pondre \u00e0 vos besoins.<\/p>\n","protected":false},"featured_media":40789,"template":"","meta":[],"product_brand":[],"product_cat":[1986],"product_tag":[],"class_list":{"0":"post-40848","1":"product","2":"type-product","3":"status-publish","4":"has-post-thumbnail","6":"product_cat-chauffage-calorifer","8":"first","9":"instock","10":"shipping-taxable","11":"purchasable","12":"product-type-simple"},"yoast_head":"<!-- This site is optimized with the Yoast SEO plugin v27.1.1 - https:\/\/yoast.com\/product\/yoast-seo-wordpress\/ -->\n<title>Master BV 400 \u2013 A\u00e9rotherme indirect au fioul A\u00e9rothermes indirects au fioul avec br\u00fbleur Master \u00e0 2 allures - Climate Master<\/title>\n<meta name=\"robots\" content=\"index, follow, max-snippet:-1, max-image-preview:large, max-video-preview:-1\" \/>\n<link rel=\"canonical\" href=\"https:\/\/climatemaster.ge\/fr\/produit\/master-bv-400-indirect-oil-fired-air-heater-indirect-oil-fired-air-heaters-with-2-stage-master-burner\/\" \/>\n<meta property=\"og:locale\" content=\"fr_FR\" \/>\n<meta property=\"og:type\" content=\"article\" \/>\n<meta property=\"og:title\" content=\"Master BV 400 \u2013 A\u00e9rotherme indirect au fioul A\u00e9rothermes indirects au fioul avec br\u00fbleur Master \u00e0 2 allures - Climate Master\" \/>\n<meta property=\"og:description\" content=\"Les a\u00e9rothermes indirects au fioul Master, \u00e9quip\u00e9s d&#039;un br\u00fbleur s\u00e9par\u00e9, produisent un grand volume d&#039;air 100 % propre, sec et chaud. \u00c9quip\u00e9s d&#039;un r\u00e9servoir de carburant, ils sont tr\u00e8s faciles \u00e0 d\u00e9placer et \u00e0 transporter. Ils disposent d&#039;un kit d&#039;admission d&#039;air s\u00e9par\u00e9 pour l&#039;alimentation en air de combustion, tr\u00e8s utile en zones pollu\u00e9es. De plus, ils peuvent \u00eatre utilis\u00e9s avec un ou deux tubes flexibles pour diffuser l&#039;air chaud.  D\u00e9couvrez tous nos a\u00e9rothermes indirects au fioul, nos chauffages de tente de qualit\u00e9 professionnelle et d&#039;autres types de chauffages professionnels pour r\u00e9pondre \u00e0 vos besoins.\" \/>\n<meta property=\"og:url\" content=\"https:\/\/climatemaster.ge\/fr\/produit\/master-bv-400-indirect-oil-fired-air-heater-indirect-oil-fired-air-heaters-with-2-stage-master-burner\/\" \/>\n<meta property=\"og:site_name\" content=\"Climate Master\" \/>\n<meta property=\"article:modified_time\" content=\"2025-09-26T14:57:26+00:00\" \/>\n<meta property=\"og:image\" content=\"https:\/\/climatemaster.ge\/wp-content\/uploads\/2025\/09\/Master-BV-400-Outlet.jpg\" \/>\n\t<meta property=\"og:image:width\" content=\"1000\" \/>\n\t<meta property=\"og:image:height\" content=\"1000\" \/>\n\t<meta property=\"og:image:type\" content=\"image\/jpeg\" \/>\n<meta name=\"twitter:card\" content=\"summary_large_image\" \/>\n<meta name=\"twitter:label1\" content=\"Dur\u00e9e de lecture estim\u00e9e\" \/>\n\t<meta name=\"twitter:data1\" content=\"1 minute\" \/>\n<script type=\"application\/ld+json\" class=\"yoast-schema-graph\">{\"@context\":\"https:\/\/schema.org\",\"@graph\":[{\"@type\":\"WebPage\",\"@id\":\"https:\/\/climatemaster.ge\/fr\/produit\/master-bv-400-indirect-oil-fired-air-heater-indirect-oil-fired-air-heaters-with-2-stage-master-burner\/\",\"url\":\"https:\/\/climatemaster.ge\/fr\/produit\/master-bv-400-indirect-oil-fired-air-heater-indirect-oil-fired-air-heaters-with-2-stage-master-burner\/\",\"name\":\"Master BV 400 \u2013 A\u00e9rotherme indirect au fioul A\u00e9rothermes indirects au fioul avec br\u00fbleur Master \u00e0 2 allures - Climate Master\",\"isPartOf\":{\"@id\":\"https:\/\/climatemaster.ge\/#website\"},\"primaryImageOfPage\":{\"@id\":\"https:\/\/climatemaster.ge\/fr\/produit\/master-bv-400-indirect-oil-fired-air-heater-indirect-oil-fired-air-heaters-with-2-stage-master-burner\/#primaryimage\"},\"image\":{\"@id\":\"https:\/\/climatemaster.ge\/fr\/produit\/master-bv-400-indirect-oil-fired-air-heater-indirect-oil-fired-air-heaters-with-2-stage-master-burner\/#primaryimage\"},\"thumbnailUrl\":\"https:\/\/climatemaster.ge\/wp-content\/uploads\/2025\/09\/Master-BV-400-Outlet.jpg\",\"datePublished\":\"2025-09-26T14:45:30+00:00\",\"dateModified\":\"2025-09-26T14:57:26+00:00\",\"breadcrumb\":{\"@id\":\"https:\/\/climatemaster.ge\/fr\/produit\/master-bv-400-indirect-oil-fired-air-heater-indirect-oil-fired-air-heaters-with-2-stage-master-burner\/#breadcrumb\"},\"inLanguage\":\"fr-FR\",\"potentialAction\":[{\"@type\":\"ReadAction\",\"target\":[\"https:\/\/climatemaster.ge\/fr\/produit\/master-bv-400-indirect-oil-fired-air-heater-indirect-oil-fired-air-heaters-with-2-stage-master-burner\/\"]}]},{\"@type\":\"ImageObject\",\"inLanguage\":\"fr-FR\",\"@id\":\"https:\/\/climatemaster.ge\/fr\/produit\/master-bv-400-indirect-oil-fired-air-heater-indirect-oil-fired-air-heaters-with-2-stage-master-burner\/#primaryimage\",\"url\":\"https:\/\/climatemaster.ge\/wp-content\/uploads\/2025\/09\/Master-BV-400-Outlet.jpg\",\"contentUrl\":\"https:\/\/climatemaster.ge\/wp-content\/uploads\/2025\/09\/Master-BV-400-Outlet.jpg\",\"width\":1000,\"height\":1000},{\"@type\":\"BreadcrumbList\",\"@id\":\"https:\/\/climatemaster.ge\/fr\/produit\/master-bv-400-indirect-oil-fired-air-heater-indirect-oil-fired-air-heaters-with-2-stage-master-burner\/#breadcrumb\",\"itemListElement\":[{\"@type\":\"ListItem\",\"position\":1,\"name\":\"Home\",\"item\":\"https:\/\/climatemaster.ge\/\"},{\"@type\":\"ListItem\",\"position\":2,\"name\":\"Products\",\"item\":\"https:\/\/climatemaster.ge\/products\/\"},{\"@type\":\"ListItem\",\"position\":3,\"name\":\"Master BV 400 \u2013 A\u00e9rotherme indirect au fioul A\u00e9rothermes indirects au fioul avec br\u00fbleur Master \u00e0 2 allures\"}]},{\"@type\":\"WebSite\",\"@id\":\"https:\/\/climatemaster.ge\/#website\",\"url\":\"https:\/\/climatemaster.ge\/\",\"name\":\"Climate Master\",\"description\":\"\",\"publisher\":{\"@id\":\"https:\/\/climatemaster.ge\/#organization\"},\"potentialAction\":[{\"@type\":\"SearchAction\",\"target\":{\"@type\":\"EntryPoint\",\"urlTemplate\":\"https:\/\/climatemaster.ge\/?s={search_term_string}\"},\"query-input\":{\"@type\":\"PropertyValueSpecification\",\"valueRequired\":true,\"valueName\":\"search_term_string\"}}],\"inLanguage\":\"fr-FR\"},{\"@type\":\"Organization\",\"@id\":\"https:\/\/climatemaster.ge\/#organization\",\"name\":\"Climate Master\",\"url\":\"https:\/\/climatemaster.ge\/\",\"logo\":{\"@type\":\"ImageObject\",\"inLanguage\":\"fr-FR\",\"@id\":\"https:\/\/climatemaster.ge\/#\/schema\/logo\/image\/\",\"url\":\"https:\/\/climatemaster.ge\/wp-content\/uploads\/2026\/03\/Untitled-2.png\",\"contentUrl\":\"https:\/\/climatemaster.ge\/wp-content\/uploads\/2026\/03\/Untitled-2.png\",\"width\":600,\"height\":338,\"caption\":\"Climate Master\"},\"image\":{\"@id\":\"https:\/\/climatemaster.ge\/#\/schema\/logo\/image\/\"}}]}<\/script>\n<!-- \/ Yoast SEO plugin. -->","yoast_head_json":{"title":"Master BV 400 \u2013 A\u00e9rotherme indirect au fioul A\u00e9rothermes indirects au fioul avec br\u00fbleur Master \u00e0 2 allures - Climate Master","robots":{"index":"index","follow":"follow","max-snippet":"max-snippet:-1","max-image-preview":"max-image-preview:large","max-video-preview":"max-video-preview:-1"},"canonical":"https:\/\/climatemaster.ge\/fr\/produit\/master-bv-400-indirect-oil-fired-air-heater-indirect-oil-fired-air-heaters-with-2-stage-master-burner\/","og_locale":"fr_FR","og_type":"article","og_title":"Master BV 400 \u2013 A\u00e9rotherme indirect au fioul A\u00e9rothermes indirects au fioul avec br\u00fbleur Master \u00e0 2 allures - Climate Master","og_description":"Les a\u00e9rothermes indirects au fioul Master, \u00e9quip\u00e9s d'un br\u00fbleur s\u00e9par\u00e9, produisent un grand volume d'air 100 % propre, sec et chaud. \u00c9quip\u00e9s d'un r\u00e9servoir de carburant, ils sont tr\u00e8s faciles \u00e0 d\u00e9placer et \u00e0 transporter. Ils disposent d'un kit d'admission d'air s\u00e9par\u00e9 pour l'alimentation en air de combustion, tr\u00e8s utile en zones pollu\u00e9es. De plus, ils peuvent \u00eatre utilis\u00e9s avec un ou deux tubes flexibles pour diffuser l'air chaud.  D\u00e9couvrez tous nos a\u00e9rothermes indirects au fioul, nos chauffages de tente de qualit\u00e9 professionnelle et d'autres types de chauffages professionnels pour r\u00e9pondre \u00e0 vos besoins.","og_url":"https:\/\/climatemaster.ge\/fr\/produit\/master-bv-400-indirect-oil-fired-air-heater-indirect-oil-fired-air-heaters-with-2-stage-master-burner\/","og_site_name":"Climate Master","article_modified_time":"2025-09-26T14:57:26+00:00","og_image":[{"width":1000,"height":1000,"url":"https:\/\/climatemaster.ge\/wp-content\/uploads\/2025\/09\/Master-BV-400-Outlet.jpg","type":"image\/jpeg"}],"twitter_card":"summary_large_image","twitter_misc":{"Dur\u00e9e de lecture estim\u00e9e":"1 minute"},"schema":{"@context":"https:\/\/schema.org","@graph":[{"@type":"WebPage","@id":"https:\/\/climatemaster.ge\/fr\/produit\/master-bv-400-indirect-oil-fired-air-heater-indirect-oil-fired-air-heaters-with-2-stage-master-burner\/","url":"https:\/\/climatemaster.ge\/fr\/produit\/master-bv-400-indirect-oil-fired-air-heater-indirect-oil-fired-air-heaters-with-2-stage-master-burner\/","name":"Master BV 400 \u2013 A\u00e9rotherme indirect au fioul A\u00e9rothermes indirects au fioul avec br\u00fbleur Master \u00e0 2 allures - Climate Master","isPartOf":{"@id":"https:\/\/climatemaster.ge\/#website"},"primaryImageOfPage":{"@id":"https:\/\/climatemaster.ge\/fr\/produit\/master-bv-400-indirect-oil-fired-air-heater-indirect-oil-fired-air-heaters-with-2-stage-master-burner\/#primaryimage"},"image":{"@id":"https:\/\/climatemaster.ge\/fr\/produit\/master-bv-400-indirect-oil-fired-air-heater-indirect-oil-fired-air-heaters-with-2-stage-master-burner\/#primaryimage"},"thumbnailUrl":"https:\/\/climatemaster.ge\/wp-content\/uploads\/2025\/09\/Master-BV-400-Outlet.jpg","datePublished":"2025-09-26T14:45:30+00:00","dateModified":"2025-09-26T14:57:26+00:00","breadcrumb":{"@id":"https:\/\/climatemaster.ge\/fr\/produit\/master-bv-400-indirect-oil-fired-air-heater-indirect-oil-fired-air-heaters-with-2-stage-master-burner\/#breadcrumb"},"inLanguage":"fr-FR","potentialAction":[{"@type":"ReadAction","target":["https:\/\/climatemaster.ge\/fr\/produit\/master-bv-400-indirect-oil-fired-air-heater-indirect-oil-fired-air-heaters-with-2-stage-master-burner\/"]}]},{"@type":"ImageObject","inLanguage":"fr-FR","@id":"https:\/\/climatemaster.ge\/fr\/produit\/master-bv-400-indirect-oil-fired-air-heater-indirect-oil-fired-air-heaters-with-2-stage-master-burner\/#primaryimage","url":"https:\/\/climatemaster.ge\/wp-content\/uploads\/2025\/09\/Master-BV-400-Outlet.jpg","contentUrl":"https:\/\/climatemaster.ge\/wp-content\/uploads\/2025\/09\/Master-BV-400-Outlet.jpg","width":1000,"height":1000},{"@type":"BreadcrumbList","@id":"https:\/\/climatemaster.ge\/fr\/produit\/master-bv-400-indirect-oil-fired-air-heater-indirect-oil-fired-air-heaters-with-2-stage-master-burner\/#breadcrumb","itemListElement":[{"@type":"ListItem","position":1,"name":"Home","item":"https:\/\/climatemaster.ge\/"},{"@type":"ListItem","position":2,"name":"Products","item":"https:\/\/climatemaster.ge\/products\/"},{"@type":"ListItem","position":3,"name":"Master BV 400 \u2013 A\u00e9rotherme indirect au fioul A\u00e9rothermes indirects au fioul avec br\u00fbleur Master \u00e0 2 allures"}]},{"@type":"WebSite","@id":"https:\/\/climatemaster.ge\/#website","url":"https:\/\/climatemaster.ge\/","name":"Climate Master","description":"","publisher":{"@id":"https:\/\/climatemaster.ge\/#organization"},"potentialAction":[{"@type":"SearchAction","target":{"@type":"EntryPoint","urlTemplate":"https:\/\/climatemaster.ge\/?s={search_term_string}"},"query-input":{"@type":"PropertyValueSpecification","valueRequired":true,"valueName":"search_term_string"}}],"inLanguage":"fr-FR"},{"@type":"Organization","@id":"https:\/\/climatemaster.ge\/#organization","name":"Climate Master","url":"https:\/\/climatemaster.ge\/","logo":{"@type":"ImageObject","inLanguage":"fr-FR","@id":"https:\/\/climatemaster.ge\/#\/schema\/logo\/image\/","url":"https:\/\/climatemaster.ge\/wp-content\/uploads\/2026\/03\/Untitled-2.png","contentUrl":"https:\/\/climatemaster.ge\/wp-content\/uploads\/2026\/03\/Untitled-2.png","width":600,"height":338,"caption":"Climate Master"},"image":{"@id":"https:\/\/climatemaster.ge\/#\/schema\/logo\/image\/"}}]}},"_links":{"self":[{"href":"https:\/\/climatemaster.ge\/fr\/wp-json\/wp\/v2\/product\/40848","targetHints":{"allow":["GET"]}}],"collection":[{"href":"https:\/\/climatemaster.ge\/fr\/wp-json\/wp\/v2\/product"}],"about":[{"href":"https:\/\/climatemaster.ge\/fr\/wp-json\/wp\/v2\/types\/product"}],"wp:featuredmedia":[{"embeddable":true,"href":"https:\/\/climatemaster.ge\/fr\/wp-json\/wp\/v2\/media\/40789"}],"wp:attachment":[{"href":"https:\/\/climatemaster.ge\/fr\/wp-json\/wp\/v2\/media?parent=40848"}],"wp:term":[{"taxonomy":"product_brand","embeddable":true,"href":"https:\/\/climatemaster.ge\/fr\/wp-json\/wp\/v2\/product_brand?post=40848"},{"taxonomy":"product_cat","embeddable":true,"href":"https:\/\/climatemaster.ge\/fr\/wp-json\/wp\/v2\/product_cat?post=40848"},{"taxonomy":"product_tag","embeddable":true,"href":"https:\/\/climatemaster.ge\/fr\/wp-json\/wp\/v2\/product_tag?post=40848"}],"curies":[{"name":"wp","href":"https:\/\/api.w.org\/{rel}","templated":true}]}}