{"id":40572,"date":"2025-09-25T23:51:47","date_gmt":"2025-09-25T19:51:47","guid":{"rendered":"https:\/\/airsystems.ge\/shop\/product\/master-eko-3-electric-heater-for-pest-control-electric-heaters-for-thermal-disinfection-and-pest-control\/"},"modified":"2025-09-25T23:58:52","modified_gmt":"2025-09-25T19:58:52","slug":"master-eko-3-electric-heater-for-pest-control-electric-heaters-for-thermal-disinfection-and-pest-control","status":"publish","type":"product","link":"https:\/\/climatemaster.ge\/fr\/produit\/master-eko-3-electric-heater-for-pest-control-electric-heaters-for-thermal-disinfection-and-pest-control\/","title":{"rendered":"Master EKO 9 \u2013 Chauffage \u00e9lectrique pour la d\u00e9sinfection thermique Chauffages \u00e9lectriques pour la d\u00e9sinfection thermique et la lutte antiparasitaire"},"content":{"rendered":"<section class=\"max-w-[1088px] mx-auto w-full px-5 my-10 md:my-12 lg:my-16 xl:my-20 xl:px-0\" data-block=\"bullet-list\">\n<div class=\"md:text-center\">\n<h3 class=\"text-black font-bold text-lg md:text-xl lg:text-2xl\">Principales caract\u00e9ristiques<\/h3>\n<\/div>\n<div class=\"mt-6 md:mt-10\">\n<div class=\"flex flex-wrap\">\n<div class=\"w-full md:w-1\/2 auto-bullets md:pr-16\">\n<div class=\"pl-5\">\n<p>Compact et l\u00e9ger<br \/>\nConnexion \u00e0 un thermostat num\u00e9rique externe THK, sp\u00e9cifique \u00e0 cette application, inclus dans le pack<br \/>\nThermostat de surchauffe<br \/>\nMoteur avec protection thermique et intervention<br \/>\nLe Master EKO est plac\u00e9 \u00e0 l&rsquo;int\u00e9rieur de la pi\u00e8ce et recircule l&rsquo;air, augmentant progressivement la temp\u00e9rature.<br \/>\nRecommand\u00e9 pour la lutte antiparasitaire dans les domaines suivants\u00a0: h\u00f4tels, auberges, h\u00f4pitaux, restaurants, boulangeries, cuisines professionnelles, wagons, avions, prisons, casernes et conteneurs.<br \/>\nLes radiateurs EKO maintiennent la temp\u00e9rature au-dessus de 45\u00a0\u00b0C. Cette temp\u00e9rature est indispensable pour une \u00e9radication compl\u00e8te des nuisibles.<br \/>\nLe d\u00e9bit d&rsquo;air \u00e9lev\u00e9 permet une augmentation rapide et une r\u00e9partition homog\u00e8ne de la temp\u00e9rature dans la pi\u00e8ce.<br \/>\nEKO agit sur le fait que les insectes, les larves et les \u0153ufs meurent de d\u00e9shydratation lorsqu&rsquo;ils sont maintenus \u00e0 une temp\u00e9rature sup\u00e9rieure \u00e0 45\u00a0\u00b0C pendant quelques heures.<\/p>\n<\/div>\n<\/div>\n<\/div>\n<\/div>\n<\/section>\n<section class=\"max-w-[1088px] mx-auto w-full px-5 my-10 md:my-12 lg:my-16 xl:my-20 xl:px-0\" data-block=\"product-specifications\">\n<div class=\"md:text-center\">\n<h3 class=\"text-black font-bold text-lg md:text-xl lg:text-2xl\"><strong>Product specifications<\/strong><\/h3>\n<\/div>\n<div class=\" md:mt-10\">\n<div class=\"\">\n<div class=\"lg:mt-0 \">\n<div id=\"spec-eko-3\" class=\"prose max-w-full md:overflow-auto\" data-spec-content=\"\">\n<div class=\"spreadsheet-container hidden md:block\">\n<table class=\"w-full table-fixed mb-0\">\n<thead>\n<tr>\n<th class=\"font-bold text-base\"><span class=\"block px-4\">Specifications<\/span><\/th>\n<th class=\"font-bold text-base text-center\"><span class=\"block px-10 md:px-20\">Units<\/span><\/th>\n<th class=\"font-bold text-base text-center will-change\"><span class=\"block px-4\">EKO\u00a03<\/span><\/th>\n<\/tr>\n<\/thead>\n<tbody>\n<tr class=\"bg-grey-200\/50 p-2\">\n<td colspan=\"1\"><span class=\"block px-4\">Heating power<\/span><\/td>\n<td class=\"text-center\">\n<div class=\"px-10 md:px-20 flex items-center justify-center\">kW<\/div>\n<\/td>\n<td class=\"text-center will-change\">\n<div class=\"px-10 md:px-20 flex items-center justify-center\">2.8<\/div>\n<\/td>\n<\/tr>\n<tr class=\" p-2\">\n<td colspan=\"1\"><span class=\"block px-4\">Heating power<\/span><\/td>\n<td class=\"text-center\">\n<div class=\"px-10 md:px-20 flex items-center justify-center\">Btu\/h<\/div>\n<\/td>\n<td class=\"text-center will-change\">\n<div class=\"px-10 md:px-20 flex items-center justify-center\">11,260<\/div>\n<\/td>\n<\/tr>\n<tr class=\"bg-grey-200\/50 p-2\">\n<td colspan=\"1\"><span class=\"block px-4\">Heating power<\/span><\/td>\n<td class=\"text-center\">\n<div class=\"px-10 md:px-20 flex items-center justify-center\">kcal\/h<\/div>\n<\/td>\n<td class=\"text-center will-change\">\n<div class=\"px-10 md:px-20 flex items-center justify-center\">2,866<\/div>\n<\/td>\n<\/tr>\n<tr class=\" p-2\">\n<td colspan=\"1\"><span class=\"block px-4\">Air flow<\/span><\/td>\n<td class=\"text-center\">\n<div class=\"px-10 md:px-20 flex items-center justify-center\">m\u00b3\/h<\/div>\n<\/td>\n<td class=\"text-center will-change\">\n<div class=\"px-10 md:px-20 flex items-center justify-center\">800<\/div>\n<\/td>\n<\/tr>\n<tr class=\"bg-grey-200\/50 p-2\">\n<td colspan=\"1\"><span class=\"block px-4\">Power supply<\/span><\/td>\n<td class=\"text-center\">\n<div class=\"px-10 md:px-20 flex items-center justify-center\">V\/Hz<\/div>\n<\/td>\n<td class=\"text-center will-change\">\n<div class=\"px-10 md:px-20 flex items-center justify-center\">230\/1ph\/50<\/div>\n<\/td>\n<\/tr>\n<tr class=\" p-2\">\n<td colspan=\"1\"><span class=\"block px-4\">Rated current<\/span><\/td>\n<td class=\"text-center\">\n<div class=\"px-10 md:px-20 flex items-center justify-center\">A<\/div>\n<\/td>\n<td class=\"text-center will-change\">\n<div class=\"px-10 md:px-20 flex items-center justify-center\">12.4<\/div>\n<\/td>\n<\/tr>\n<tr class=\"bg-grey-200\/50 p-2\">\n<td colspan=\"1\"><span class=\"block px-4\">Remote thermostat<\/span><\/td>\n<td class=\"text-center\">\n<div class=\"px-10 md:px-20 flex items-center justify-center\"><\/div>\n<\/td>\n<td class=\"text-center will-change\">\n<div class=\"px-10 md:px-20 flex items-center justify-center\">Digital<\/div>\n<\/td>\n<\/tr>\n<tr class=\" p-2\">\n<td colspan=\"1\"><span class=\"block px-4\">Product size (l x w x h)<\/span><\/td>\n<td class=\"text-center\">\n<div class=\"px-10 md:px-20 flex items-center justify-center\">mm<\/div>\n<\/td>\n<td class=\"text-center will-change\">\n<div class=\"px-10 md:px-20 flex items-center justify-center\">455 x 440 x 600<\/div>\n<\/td>\n<\/tr>\n<tr class=\"bg-grey-200\/50 p-2\">\n<td colspan=\"1\"><span class=\"block px-4\">Box size (l x w x h)<\/span><\/td>\n<td class=\"text-center\">\n<div class=\"px-10 md:px-20 flex items-center justify-center\">mm<\/div>\n<\/td>\n<td class=\"text-center will-change\">\n<div class=\"px-10 md:px-20 flex items-center justify-center\">500 x 400 x 655<\/div>\n<\/td>\n<\/tr>\n<tr class=\" p-2\">\n<td colspan=\"1\"><span class=\"block px-4\">Net\/gross weight<\/span><\/td>\n<td class=\"text-center\">\n<div class=\"px-10 md:px-20 flex items-center justify-center\">kg<\/div>\n<\/td>\n<td class=\"text-center will-change\">\n<div class=\"px-10 md:px-20 flex items-center justify-center\">19\/24<\/div>\n<\/td>\n<\/tr>\n<tr class=\"bg-grey-200\/50 p-2\">\n<td colspan=\"1\"><span class=\"block px-4\">Pallet<\/span><\/td>\n<td class=\"text-center\">\n<div class=\"px-10 md:px-20 flex items-center justify-center\">pcs<\/div>\n<\/td>\n<td class=\"text-center will-change\">\n<div class=\"px-10 md:px-20 flex items-center justify-center\">12<\/div>\n<\/td>\n<\/tr>\n<tr class=\" p-2\">\n<td colspan=\"1\"><span class=\"block px-4\">Included in the box<\/span><\/td>\n<td class=\"text-center\">\n<div class=\"px-10 md:px-20 flex items-center justify-center\"><\/div>\n<\/td>\n<td class=\"text-center will-change\">\n<div class=\"px-10 md:px-20 flex items-center justify-center\">Remote thermostat THK with probe<\/div>\n<\/td>\n<\/tr>\n<\/tbody>\n<\/table>\n<\/div>\n<\/div>\n<\/div>\n<\/div>\n<\/div>\n<\/section>\n<section class=\"max-w-[1088px] mx-auto w-full px-5 my-10 md:my-12 lg:my-16 xl:my-20 xl:px-0\" data-block=\"link-list\">\n<div class=\"max-w-[1088px] mx-auto\">\n<div class=\"md:text-center\">\n<h3 class=\"text-black font-bold text-lg md:text-xl lg:text-2xl\">Convient pour\u00a0:<\/h3>\n<\/div>\n<div class=\"mt-6 max-w-4xl mx-auto\">\n<div class=\"flex flex-wrap md:ml-20\">\n<div class=\"w-full md:w-1\/2 auto-bullets md:pr-16\">\n<ul>\n<li class=\"flex items-center gap-5 text-sm text-black mt-3 md:text-base lg:text-lg\">Agriculture<br \/>\nB\u00e2timents commerciaux<br \/>\nServices d&rsquo;urgence<br \/>\nIndustrie, usines et production<br \/>\nMilitaire et a\u00e9rospatiale<br \/>\nSoci\u00e9t\u00e9s de location<br \/>\nTransport et logistique<\/li>\n<\/ul>\n<\/div>\n<\/div>\n<\/div>\n<\/div>\n<\/section>\n","protected":false},"excerpt":{"rendered":"<p>Une d\u00e9sinfection efficace n\u00e9cessite des temp\u00e9ratures \u00e9lev\u00e9es. Mais pour \u00e9viter un choc thermique dans la pi\u00e8ce et les objets qui s&rsquo;y trouvent, la temp\u00e9rature doit \u00eatre augment\u00e9e progressivement. Les chauffages EKO sp\u00e9cialement con\u00e7us par Master r\u00e9pondent \u00e0 ces besoins.<\/p>\n<p>Compact et l\u00e9ger, l&rsquo;EKO 9 peut \u00eatre plac\u00e9 \u00e0 l&rsquo;int\u00e9rieur de la pi\u00e8ce infest\u00e9e d&rsquo;insectes et recircule l&rsquo;air en augmentant la temp\u00e9rature par paliers de 15 \u00b0C pour atteindre et maintenir la temp\u00e9rature optimale de 50 \u00b0C et \u00e9liminer les insectes.<\/p>\n<p>D\u00e9couvrez tous nos chauffages de d\u00e9sinfection thermique et chauffages \u00e9lectriques portables, ou d\u00e9couvrez une gamme compl\u00e8te de chauffages \u00e0 usage commercial et industriel pour r\u00e9pondre \u00e0 vos besoins.<\/p>\n","protected":false},"featured_media":40549,"template":"","meta":[],"product_brand":[],"product_cat":[1986],"product_tag":[],"class_list":{"0":"post-40572","1":"product","2":"type-product","3":"status-publish","4":"has-post-thumbnail","6":"product_cat-chauffage-calorifer","8":"first","9":"instock","10":"shipping-taxable","11":"purchasable","12":"product-type-simple"},"yoast_head":"<!-- This site is optimized with the Yoast SEO plugin v27.1.1 - https:\/\/yoast.com\/product\/yoast-seo-wordpress\/ -->\n<title>Master EKO 9 \u2013 Chauffage \u00e9lectrique pour la d\u00e9sinfection thermique Chauffages \u00e9lectriques pour la d\u00e9sinfection thermique et la lutte antiparasitaire - Climate Master<\/title>\n<meta name=\"robots\" content=\"index, follow, max-snippet:-1, max-image-preview:large, max-video-preview:-1\" \/>\n<link rel=\"canonical\" href=\"https:\/\/climatemaster.ge\/fr\/produit\/master-eko-3-electric-heater-for-pest-control-electric-heaters-for-thermal-disinfection-and-pest-control\/\" \/>\n<meta property=\"og:locale\" content=\"fr_FR\" \/>\n<meta property=\"og:type\" content=\"article\" \/>\n<meta property=\"og:title\" content=\"Master EKO 9 \u2013 Chauffage \u00e9lectrique pour la d\u00e9sinfection thermique Chauffages \u00e9lectriques pour la d\u00e9sinfection thermique et la lutte antiparasitaire - Climate Master\" \/>\n<meta property=\"og:description\" content=\"Une d\u00e9sinfection efficace n\u00e9cessite des temp\u00e9ratures \u00e9lev\u00e9es. Mais pour \u00e9viter un choc thermique dans la pi\u00e8ce et les objets qui s&#039;y trouvent, la temp\u00e9rature doit \u00eatre augment\u00e9e progressivement. Les chauffages EKO sp\u00e9cialement con\u00e7us par Master r\u00e9pondent \u00e0 ces besoins.  Compact et l\u00e9ger, l&#039;EKO 9 peut \u00eatre plac\u00e9 \u00e0 l&#039;int\u00e9rieur de la pi\u00e8ce infest\u00e9e d&#039;insectes et recircule l&#039;air en augmentant la temp\u00e9rature par paliers de 15 \u00b0C pour atteindre et maintenir la temp\u00e9rature optimale de 50 \u00b0C et \u00e9liminer les insectes.  D\u00e9couvrez tous nos chauffages de d\u00e9sinfection thermique et chauffages \u00e9lectriques portables, ou d\u00e9couvrez une gamme compl\u00e8te de chauffages \u00e0 usage commercial et industriel pour r\u00e9pondre \u00e0 vos besoins.\" \/>\n<meta property=\"og:url\" content=\"https:\/\/climatemaster.ge\/fr\/produit\/master-eko-3-electric-heater-for-pest-control-electric-heaters-for-thermal-disinfection-and-pest-control\/\" \/>\n<meta property=\"og:site_name\" content=\"Climate Master\" \/>\n<meta property=\"article:modified_time\" content=\"2025-09-25T19:58:52+00:00\" \/>\n<meta property=\"og:image\" content=\"https:\/\/climatemaster.ge\/wp-content\/uploads\/2025\/09\/Master-EKO-3_2.jpg\" \/>\n\t<meta property=\"og:image:width\" content=\"1000\" \/>\n\t<meta property=\"og:image:height\" content=\"1000\" \/>\n\t<meta property=\"og:image:type\" content=\"image\/jpeg\" \/>\n<meta name=\"twitter:card\" content=\"summary_large_image\" \/>\n<meta name=\"twitter:label1\" content=\"Dur\u00e9e de lecture estim\u00e9e\" \/>\n\t<meta name=\"twitter:data1\" content=\"1 minute\" \/>\n<script type=\"application\/ld+json\" class=\"yoast-schema-graph\">{\"@context\":\"https:\/\/schema.org\",\"@graph\":[{\"@type\":\"WebPage\",\"@id\":\"https:\/\/climatemaster.ge\/fr\/produit\/master-eko-3-electric-heater-for-pest-control-electric-heaters-for-thermal-disinfection-and-pest-control\/\",\"url\":\"https:\/\/climatemaster.ge\/fr\/produit\/master-eko-3-electric-heater-for-pest-control-electric-heaters-for-thermal-disinfection-and-pest-control\/\",\"name\":\"Master EKO 9 \u2013 Chauffage \u00e9lectrique pour la d\u00e9sinfection thermique Chauffages \u00e9lectriques pour la d\u00e9sinfection thermique et la lutte antiparasitaire - Climate Master\",\"isPartOf\":{\"@id\":\"https:\/\/climatemaster.ge\/#website\"},\"primaryImageOfPage\":{\"@id\":\"https:\/\/climatemaster.ge\/fr\/produit\/master-eko-3-electric-heater-for-pest-control-electric-heaters-for-thermal-disinfection-and-pest-control\/#primaryimage\"},\"image\":{\"@id\":\"https:\/\/climatemaster.ge\/fr\/produit\/master-eko-3-electric-heater-for-pest-control-electric-heaters-for-thermal-disinfection-and-pest-control\/#primaryimage\"},\"thumbnailUrl\":\"https:\/\/climatemaster.ge\/wp-content\/uploads\/2025\/09\/Master-EKO-3_2.jpg\",\"datePublished\":\"2025-09-25T19:51:47+00:00\",\"dateModified\":\"2025-09-25T19:58:52+00:00\",\"breadcrumb\":{\"@id\":\"https:\/\/climatemaster.ge\/fr\/produit\/master-eko-3-electric-heater-for-pest-control-electric-heaters-for-thermal-disinfection-and-pest-control\/#breadcrumb\"},\"inLanguage\":\"fr-FR\",\"potentialAction\":[{\"@type\":\"ReadAction\",\"target\":[\"https:\/\/climatemaster.ge\/fr\/produit\/master-eko-3-electric-heater-for-pest-control-electric-heaters-for-thermal-disinfection-and-pest-control\/\"]}]},{\"@type\":\"ImageObject\",\"inLanguage\":\"fr-FR\",\"@id\":\"https:\/\/climatemaster.ge\/fr\/produit\/master-eko-3-electric-heater-for-pest-control-electric-heaters-for-thermal-disinfection-and-pest-control\/#primaryimage\",\"url\":\"https:\/\/climatemaster.ge\/wp-content\/uploads\/2025\/09\/Master-EKO-3_2.jpg\",\"contentUrl\":\"https:\/\/climatemaster.ge\/wp-content\/uploads\/2025\/09\/Master-EKO-3_2.jpg\",\"width\":1000,\"height\":1000},{\"@type\":\"BreadcrumbList\",\"@id\":\"https:\/\/climatemaster.ge\/fr\/produit\/master-eko-3-electric-heater-for-pest-control-electric-heaters-for-thermal-disinfection-and-pest-control\/#breadcrumb\",\"itemListElement\":[{\"@type\":\"ListItem\",\"position\":1,\"name\":\"Home\",\"item\":\"https:\/\/climatemaster.ge\/\"},{\"@type\":\"ListItem\",\"position\":2,\"name\":\"Products\",\"item\":\"https:\/\/climatemaster.ge\/products\/\"},{\"@type\":\"ListItem\",\"position\":3,\"name\":\"Master EKO 9 \u2013 Chauffage \u00e9lectrique pour la d\u00e9sinfection thermique Chauffages \u00e9lectriques pour la d\u00e9sinfection thermique et la lutte antiparasitaire\"}]},{\"@type\":\"WebSite\",\"@id\":\"https:\/\/climatemaster.ge\/#website\",\"url\":\"https:\/\/climatemaster.ge\/\",\"name\":\"Climate Master\",\"description\":\"\",\"publisher\":{\"@id\":\"https:\/\/climatemaster.ge\/#organization\"},\"potentialAction\":[{\"@type\":\"SearchAction\",\"target\":{\"@type\":\"EntryPoint\",\"urlTemplate\":\"https:\/\/climatemaster.ge\/?s={search_term_string}\"},\"query-input\":{\"@type\":\"PropertyValueSpecification\",\"valueRequired\":true,\"valueName\":\"search_term_string\"}}],\"inLanguage\":\"fr-FR\"},{\"@type\":\"Organization\",\"@id\":\"https:\/\/climatemaster.ge\/#organization\",\"name\":\"Climate Master\",\"url\":\"https:\/\/climatemaster.ge\/\",\"logo\":{\"@type\":\"ImageObject\",\"inLanguage\":\"fr-FR\",\"@id\":\"https:\/\/climatemaster.ge\/#\/schema\/logo\/image\/\",\"url\":\"https:\/\/climatemaster.ge\/wp-content\/uploads\/2026\/03\/Untitled-2.png\",\"contentUrl\":\"https:\/\/climatemaster.ge\/wp-content\/uploads\/2026\/03\/Untitled-2.png\",\"width\":600,\"height\":338,\"caption\":\"Climate Master\"},\"image\":{\"@id\":\"https:\/\/climatemaster.ge\/#\/schema\/logo\/image\/\"}}]}<\/script>\n<!-- \/ Yoast SEO plugin. -->","yoast_head_json":{"title":"Master EKO 9 \u2013 Chauffage \u00e9lectrique pour la d\u00e9sinfection thermique Chauffages \u00e9lectriques pour la d\u00e9sinfection thermique et la lutte antiparasitaire - Climate Master","robots":{"index":"index","follow":"follow","max-snippet":"max-snippet:-1","max-image-preview":"max-image-preview:large","max-video-preview":"max-video-preview:-1"},"canonical":"https:\/\/climatemaster.ge\/fr\/produit\/master-eko-3-electric-heater-for-pest-control-electric-heaters-for-thermal-disinfection-and-pest-control\/","og_locale":"fr_FR","og_type":"article","og_title":"Master EKO 9 \u2013 Chauffage \u00e9lectrique pour la d\u00e9sinfection thermique Chauffages \u00e9lectriques pour la d\u00e9sinfection thermique et la lutte antiparasitaire - Climate Master","og_description":"Une d\u00e9sinfection efficace n\u00e9cessite des temp\u00e9ratures \u00e9lev\u00e9es. Mais pour \u00e9viter un choc thermique dans la pi\u00e8ce et les objets qui s'y trouvent, la temp\u00e9rature doit \u00eatre augment\u00e9e progressivement. Les chauffages EKO sp\u00e9cialement con\u00e7us par Master r\u00e9pondent \u00e0 ces besoins.  Compact et l\u00e9ger, l'EKO 9 peut \u00eatre plac\u00e9 \u00e0 l'int\u00e9rieur de la pi\u00e8ce infest\u00e9e d'insectes et recircule l'air en augmentant la temp\u00e9rature par paliers de 15 \u00b0C pour atteindre et maintenir la temp\u00e9rature optimale de 50 \u00b0C et \u00e9liminer les insectes.  D\u00e9couvrez tous nos chauffages de d\u00e9sinfection thermique et chauffages \u00e9lectriques portables, ou d\u00e9couvrez une gamme compl\u00e8te de chauffages \u00e0 usage commercial et industriel pour r\u00e9pondre \u00e0 vos besoins.","og_url":"https:\/\/climatemaster.ge\/fr\/produit\/master-eko-3-electric-heater-for-pest-control-electric-heaters-for-thermal-disinfection-and-pest-control\/","og_site_name":"Climate Master","article_modified_time":"2025-09-25T19:58:52+00:00","og_image":[{"width":1000,"height":1000,"url":"https:\/\/climatemaster.ge\/wp-content\/uploads\/2025\/09\/Master-EKO-3_2.jpg","type":"image\/jpeg"}],"twitter_card":"summary_large_image","twitter_misc":{"Dur\u00e9e de lecture estim\u00e9e":"1 minute"},"schema":{"@context":"https:\/\/schema.org","@graph":[{"@type":"WebPage","@id":"https:\/\/climatemaster.ge\/fr\/produit\/master-eko-3-electric-heater-for-pest-control-electric-heaters-for-thermal-disinfection-and-pest-control\/","url":"https:\/\/climatemaster.ge\/fr\/produit\/master-eko-3-electric-heater-for-pest-control-electric-heaters-for-thermal-disinfection-and-pest-control\/","name":"Master EKO 9 \u2013 Chauffage \u00e9lectrique pour la d\u00e9sinfection thermique Chauffages \u00e9lectriques pour la d\u00e9sinfection thermique et la lutte antiparasitaire - Climate Master","isPartOf":{"@id":"https:\/\/climatemaster.ge\/#website"},"primaryImageOfPage":{"@id":"https:\/\/climatemaster.ge\/fr\/produit\/master-eko-3-electric-heater-for-pest-control-electric-heaters-for-thermal-disinfection-and-pest-control\/#primaryimage"},"image":{"@id":"https:\/\/climatemaster.ge\/fr\/produit\/master-eko-3-electric-heater-for-pest-control-electric-heaters-for-thermal-disinfection-and-pest-control\/#primaryimage"},"thumbnailUrl":"https:\/\/climatemaster.ge\/wp-content\/uploads\/2025\/09\/Master-EKO-3_2.jpg","datePublished":"2025-09-25T19:51:47+00:00","dateModified":"2025-09-25T19:58:52+00:00","breadcrumb":{"@id":"https:\/\/climatemaster.ge\/fr\/produit\/master-eko-3-electric-heater-for-pest-control-electric-heaters-for-thermal-disinfection-and-pest-control\/#breadcrumb"},"inLanguage":"fr-FR","potentialAction":[{"@type":"ReadAction","target":["https:\/\/climatemaster.ge\/fr\/produit\/master-eko-3-electric-heater-for-pest-control-electric-heaters-for-thermal-disinfection-and-pest-control\/"]}]},{"@type":"ImageObject","inLanguage":"fr-FR","@id":"https:\/\/climatemaster.ge\/fr\/produit\/master-eko-3-electric-heater-for-pest-control-electric-heaters-for-thermal-disinfection-and-pest-control\/#primaryimage","url":"https:\/\/climatemaster.ge\/wp-content\/uploads\/2025\/09\/Master-EKO-3_2.jpg","contentUrl":"https:\/\/climatemaster.ge\/wp-content\/uploads\/2025\/09\/Master-EKO-3_2.jpg","width":1000,"height":1000},{"@type":"BreadcrumbList","@id":"https:\/\/climatemaster.ge\/fr\/produit\/master-eko-3-electric-heater-for-pest-control-electric-heaters-for-thermal-disinfection-and-pest-control\/#breadcrumb","itemListElement":[{"@type":"ListItem","position":1,"name":"Home","item":"https:\/\/climatemaster.ge\/"},{"@type":"ListItem","position":2,"name":"Products","item":"https:\/\/climatemaster.ge\/products\/"},{"@type":"ListItem","position":3,"name":"Master EKO 9 \u2013 Chauffage \u00e9lectrique pour la d\u00e9sinfection thermique Chauffages \u00e9lectriques pour la d\u00e9sinfection thermique et la lutte antiparasitaire"}]},{"@type":"WebSite","@id":"https:\/\/climatemaster.ge\/#website","url":"https:\/\/climatemaster.ge\/","name":"Climate Master","description":"","publisher":{"@id":"https:\/\/climatemaster.ge\/#organization"},"potentialAction":[{"@type":"SearchAction","target":{"@type":"EntryPoint","urlTemplate":"https:\/\/climatemaster.ge\/?s={search_term_string}"},"query-input":{"@type":"PropertyValueSpecification","valueRequired":true,"valueName":"search_term_string"}}],"inLanguage":"fr-FR"},{"@type":"Organization","@id":"https:\/\/climatemaster.ge\/#organization","name":"Climate Master","url":"https:\/\/climatemaster.ge\/","logo":{"@type":"ImageObject","inLanguage":"fr-FR","@id":"https:\/\/climatemaster.ge\/#\/schema\/logo\/image\/","url":"https:\/\/climatemaster.ge\/wp-content\/uploads\/2026\/03\/Untitled-2.png","contentUrl":"https:\/\/climatemaster.ge\/wp-content\/uploads\/2026\/03\/Untitled-2.png","width":600,"height":338,"caption":"Climate Master"},"image":{"@id":"https:\/\/climatemaster.ge\/#\/schema\/logo\/image\/"}}]}},"_links":{"self":[{"href":"https:\/\/climatemaster.ge\/fr\/wp-json\/wp\/v2\/product\/40572","targetHints":{"allow":["GET"]}}],"collection":[{"href":"https:\/\/climatemaster.ge\/fr\/wp-json\/wp\/v2\/product"}],"about":[{"href":"https:\/\/climatemaster.ge\/fr\/wp-json\/wp\/v2\/types\/product"}],"wp:featuredmedia":[{"embeddable":true,"href":"https:\/\/climatemaster.ge\/fr\/wp-json\/wp\/v2\/media\/40549"}],"wp:attachment":[{"href":"https:\/\/climatemaster.ge\/fr\/wp-json\/wp\/v2\/media?parent=40572"}],"wp:term":[{"taxonomy":"product_brand","embeddable":true,"href":"https:\/\/climatemaster.ge\/fr\/wp-json\/wp\/v2\/product_brand?post=40572"},{"taxonomy":"product_cat","embeddable":true,"href":"https:\/\/climatemaster.ge\/fr\/wp-json\/wp\/v2\/product_cat?post=40572"},{"taxonomy":"product_tag","embeddable":true,"href":"https:\/\/climatemaster.ge\/fr\/wp-json\/wp\/v2\/product_tag?post=40572"}],"curies":[{"name":"wp","href":"https:\/\/api.w.org\/{rel}","templated":true}]}}