{"id":39699,"date":"2025-09-10T14:09:28","date_gmt":"2025-09-10T10:09:28","guid":{"rendered":"https:\/\/airsystems.ge\/shop\/product\/39665\/"},"modified":"2025-09-10T14:15:16","modified_gmt":"2025-09-10T10:15:16","slug":"39665","status":"publish","type":"product","link":"https:\/\/climatemaster.ge\/fr\/produit\/39665\/","title":{"rendered":"Cassettes filtrantes propres CFC-A Cassette filtrante propre avec filtre HEPA H14"},"content":{"rendered":"<div id=\"scroll-41447b83\" class=\"content-element content-element-grid gtm-component-grid mb-400 container-fluid px-0\">\n<div class=\"row\">\n<div class=\"md:col-12\">\n<div class=\"row mx-200 md:mx-400 pb-400 gap-y-0\">\n<div class=\"content-container content-container-grid-cell px-0 col-12 md:col-4 lg:col-4\">\n<div id=\"scroll-812c8be0\" class=\"content-element content-element-text-image gtm-component-text-image\">\n<div class=\"row\">\n<div class=\"col-12 md:col-12\">\n<figure class=\"w-full flex flex-col\">\n<div class=\"TextImage_text-image-col-image-img-container__3Fpb_ flex flex-1 relative\"><img decoding=\"async\" id=\"\" class=\"object-center\" src=\"https:\/\/a.storyblok.com\/f\/108972\/4294x4294\/0b65bb6f92\/cfc-front_panels_web_02.png\/m\/1920x0\/filters:quality(80)\" sizes=\" (min-width: 1024px) 28vw, (min-width: 768px) 28vw, 85vw \" srcset=\"https:\/\/a.storyblok.com\/f\/108972\/4294x4294\/0b65bb6f92\/cfc-front_panels_web_02.png\/m\/256x0\/filters:quality(80) 256w, https:\/\/a.storyblok.com\/f\/108972\/4294x4294\/0b65bb6f92\/cfc-front_panels_web_02.png\/m\/384x0\/filters:quality(80) 384w, https:\/\/a.storyblok.com\/f\/108972\/4294x4294\/0b65bb6f92\/cfc-front_panels_web_02.png\/m\/640x0\/filters:quality(80) 640w, https:\/\/a.storyblok.com\/f\/108972\/4294x4294\/0b65bb6f92\/cfc-front_panels_web_02.png\/m\/750x0\/filters:quality(80) 750w, https:\/\/a.storyblok.com\/f\/108972\/4294x4294\/0b65bb6f92\/cfc-front_panels_web_02.png\/m\/828x0\/filters:quality(80) 828w, https:\/\/a.storyblok.com\/f\/108972\/4294x4294\/0b65bb6f92\/cfc-front_panels_web_02.png\/m\/1080x0\/filters:quality(80) 1080w, https:\/\/a.storyblok.com\/f\/108972\/4294x4294\/0b65bb6f92\/cfc-front_panels_web_02.png\/m\/1200x0\/filters:quality(80) 1200w, https:\/\/a.storyblok.com\/f\/108972\/4294x4294\/0b65bb6f92\/cfc-front_panels_web_02.png\/m\/1920x0\/filters:quality(80) 1920w\" alt=\"\" data-nimg=\"responsive\" \/><\/div>\n<\/figure>\n<\/div>\n<div class=\"col-12 md:col-12 pt-200\">\n<div class=\"flex flex-col text-flow\"><\/div>\n<\/div>\n<\/div>\n<\/div>\n<\/div>\n<div class=\"content-container content-container-grid-cell px-0 col-12 md:col-4 lg:col-4\">\n<div id=\"scroll-The-choice-is-yours\" class=\"content-element content-element-text-image gtm-component-text-image TextImage_text-image-extended__PHD6R TextImage_text-image-extended--color-cool__D7Z9u h-full TextImage_text-image-extended--small__TcSmz\">\n<div class=\"h-full\">\n<div class=\"TextImage_text-image--large-text__BQ5io h-full row\">\n<div class=\"h-full\">\n<div class=\"h-full TextImage_text-image-extended--bg__vXJy6\">\n<div class=\"\">\n<div class=\"TextImage_text-image-extended-grid__NC5f2 py-200\">\n<div class=\"flex flex-col text-flow\">\n<h2 class=\"TextImage_text-image-headline__FwqZ7 whitespace-pre-line\">\u00c0 vous de choisir\u00a0!<\/h2>\n<div class=\"text-md text-tagline font-tagline leading-headings mb-100 order-first\">CFC-A<br \/>\nLa cassette filtrante propre CFC-A est livr\u00e9e avec 2 types de raccordements de gaines, horizontaux ou verticaux, 5 types de panneaux avant et 2 types de filtres HEPA H14, pour une combinaison parfaitement adapt\u00e9e \u00e0 vos besoins\u00a0!<\/div>\n<\/div>\n<\/div>\n<\/div>\n<\/div>\n<\/div>\n<\/div>\n<\/div>\n<\/div>\n<\/div>\n<div class=\"content-container content-container-grid-cell px-0 col-12 md:col-4 lg:col-4\">\n<div id=\"scroll-02700b25\" class=\"content-element content-element-text-image gtm-component-text-image TextImage_text-image-extended__PHD6R TextImage_text-image-extended--color-white__vYHgH TextImage_text-image-extended--style-background-flush__pnzne h-full TextImage_text-image-extended--small__TcSmz TextImage_text-image-extended--large-image__MIV9W\">\n<figure class=\"w-full flex flex-col TextImage_text-image-col-image-caption--with-offset__GRi4z\">\n<div class=\"TextImage_text-image-col-image-img-container__3Fpb_ flex flex-1 relative\"><img decoding=\"async\" id=\"\" class=\"object-center\" src=\"https:\/\/a.storyblok.com\/f\/108972\/4294x4294\/bf15ff6be2\/cfc-a-scene_02b.png\/m\/1920x0\/filters:quality(80)\" sizes=\" (min-width: 1024px) 28vw, (min-width: 768px) 28vw, 85vw \" srcset=\"https:\/\/a.storyblok.com\/f\/108972\/4294x4294\/bf15ff6be2\/cfc-a-scene_02b.png\/m\/256x0\/filters:quality(80) 256w, https:\/\/a.storyblok.com\/f\/108972\/4294x4294\/bf15ff6be2\/cfc-a-scene_02b.png\/m\/384x0\/filters:quality(80) 384w, https:\/\/a.storyblok.com\/f\/108972\/4294x4294\/bf15ff6be2\/cfc-a-scene_02b.png\/m\/640x0\/filters:quality(80) 640w, https:\/\/a.storyblok.com\/f\/108972\/4294x4294\/bf15ff6be2\/cfc-a-scene_02b.png\/m\/750x0\/filters:quality(80) 750w, https:\/\/a.storyblok.com\/f\/108972\/4294x4294\/bf15ff6be2\/cfc-a-scene_02b.png\/m\/828x0\/filters:quality(80) 828w, https:\/\/a.storyblok.com\/f\/108972\/4294x4294\/bf15ff6be2\/cfc-a-scene_02b.png\/m\/1080x0\/filters:quality(80) 1080w, https:\/\/a.storyblok.com\/f\/108972\/4294x4294\/bf15ff6be2\/cfc-a-scene_02b.png\/m\/1200x0\/filters:quality(80) 1200w, https:\/\/a.storyblok.com\/f\/108972\/4294x4294\/bf15ff6be2\/cfc-a-scene_02b.png\/m\/1920x0\/filters:quality(80) 1920w\" alt=\"\" data-nimg=\"responsive\" \/><\/div>\n<\/figure>\n<div class=\"h-full px-0\">\n<div class=\"TextImage_text-image--large-text__BQ5io h-full\">\n<div class=\"h-full\">\n<div class=\"TextImage_text-image-extended--bg__vXJy6\">\n<div class=\"\">\n<div class=\"TextImage_text-image-extended-grid__NC5f2 py-200\">\n<div class=\"flex flex-col text-flow\"><\/div>\n<\/div>\n<\/div>\n<\/div>\n<\/div>\n<\/div>\n<\/div>\n<\/div>\n<\/div>\n<\/div>\n<\/div>\n<\/div>\n<\/div>\n<div id=\"scroll-NEW-Additional-Measurement-Ports\" class=\"content-element content-element-text-image gtm-component-text-image TextImage_text-image-extended__PHD6R TextImage_text-image-extended--color-cool__D7Z9u TextImage_text-image-extended--style-frame__jgX_i\">\n<div class=\"container-fluid\">\n<div class=\"row\">\n<div class=\"col-12\">\n<div class=\"TextImage_text-image-extended--frame__2m8Ak\">\n<div class=\"row mx-0 flex-row-reverse\">\n<div class=\"flex items-center col-6 pr-400 py-400\">\n<figure class=\"w-full flex flex-col pr-400\">\n<div class=\"TextImage_text-image-col-image-img-container__3Fpb_ flex flex-1 relative\"><img decoding=\"async\" id=\"\" class=\"object-center\" src=\"https:\/\/a.storyblok.com\/f\/108972\/3829x3000\/1335991e3a\/cfc-a_ports_detail.png\/m\/1920x0\/filters:quality(80)\" sizes=\"(min-width: 768px) 40vw, 90vw\" srcset=\"https:\/\/a.storyblok.com\/f\/108972\/3829x3000\/1335991e3a\/cfc-a_ports_detail.png\/m\/256x0\/filters:quality(80) 256w, https:\/\/a.storyblok.com\/f\/108972\/3829x3000\/1335991e3a\/cfc-a_ports_detail.png\/m\/384x0\/filters:quality(80) 384w, https:\/\/a.storyblok.com\/f\/108972\/3829x3000\/1335991e3a\/cfc-a_ports_detail.png\/m\/640x0\/filters:quality(80) 640w, https:\/\/a.storyblok.com\/f\/108972\/3829x3000\/1335991e3a\/cfc-a_ports_detail.png\/m\/750x0\/filters:quality(80) 750w, https:\/\/a.storyblok.com\/f\/108972\/3829x3000\/1335991e3a\/cfc-a_ports_detail.png\/m\/828x0\/filters:quality(80) 828w, https:\/\/a.storyblok.com\/f\/108972\/3829x3000\/1335991e3a\/cfc-a_ports_detail.png\/m\/1080x0\/filters:quality(80) 1080w, https:\/\/a.storyblok.com\/f\/108972\/3829x3000\/1335991e3a\/cfc-a_ports_detail.png\/m\/1200x0\/filters:quality(80) 1200w, https:\/\/a.storyblok.com\/f\/108972\/3829x3000\/1335991e3a\/cfc-a_ports_detail.png\/m\/1920x0\/filters:quality(80) 1920w\" alt=\"\" data-nimg=\"responsive\" \/><\/div>\n<\/figure>\n<\/div>\n<div class=\"flex items-center col-5 pl-0\">\n<div class=\"py-400\">\n<div class=\"py-400 mb-100\">\n<div class=\"flex flex-col text-flow\">\n<h2 class=\"TextImage_text-image-headline__FwqZ7 whitespace-pre-line\">NOUVEAU\u00a0! Ports de mesure suppl\u00e9mentaires<\/h2>\n<div class=\"richtext-wrap reset-margin-last TextImage_text-image-text-wrap__B_mcT\">\n<p>Des ports de mesure suppl\u00e9mentaires am\u00e9liorent la surveillance de la filtration de l&rsquo;air en permettant la mesure simultan\u00e9e de la perte de charge statique (\u0394P) ou de la r\u00e9sistance du filtre, et de la concentration d&rsquo;a\u00e9rosols en amont. La perte de charge statique permet d&rsquo;\u00e9valuer l&rsquo;efficacit\u00e9 du flux d&rsquo;air et de d\u00e9tecter les obstructions, tandis que la r\u00e9sistance du filtre indique son \u00e9tat. La mesure de la concentration d&rsquo;a\u00e9rosols en amont permet d&rsquo;\u00e9valuer l&rsquo;efficacit\u00e9 du syst\u00e8me \u00e0 capturer les particules, ce qui permet une meilleure optimisation et maintenance des syst\u00e8mes de qualit\u00e9 de l&rsquo;air.<\/p>\n<\/div>\n<\/div>\n<\/div>\n<\/div>\n<\/div>\n<\/div>\n<\/div>\n<\/div>\n<\/div>\n<\/div>\n<\/div>\n","protected":false},"excerpt":{"rendered":"<div>\n<p>Filtration d&rsquo;air haute efficacit\u00e9<\/p>\n<p>Pour soufflage ou extraction d&rsquo;air<\/p>\n<p>Con\u00e7u pour de nombreux types d&rsquo;installations au plafond<\/p>\n<p>Climatisation d&rsquo;\u00e9tanch\u00e9it\u00e9 disponible pour les raccordements de gaines circulaires (CFC-A et CFC-AG)<\/p>\n<p>Conception compacte pour les plafonds \u00e0 espace restreint (CFC-AS et CFC-AGS)<\/p>\n<p>Conforme aux exigences d&rsquo;hygi\u00e8ne de la norme VDI 6022<\/p>\n<p>Fournit un air propre et st\u00e9rile dans les zones de salles blanches class\u00e9es selon la norme ISO 14644-1<\/p>\n<p>Classe de fuite\u00a0: L1 selon la norme EN 1886:2007<\/p>\n<\/div>\n<div class=\"flex flex-col gap-100\">\n<div class=\"flex flex-col flex-wrap gap-100 md:flex-row md:items-center gtm-purchase-option\" data-gtm-name=\"filter_type\" data-gtm-label=\"H14 HEPA seal type\">\n<p><label class=\"flex gap-050 md:w-700 leading-none hyphens-auto print:w-full print:max-w-2\/5 text-label-small\">H14 HEPA seal type<\/label><\/p>\n<div class=\"flex flex-1 flex-wrap gap-050\"><button class=\"select-btn select-btn-small select-btn-selected gtm-purchase-option-value\" type=\"button\" data-gtm-name=\"Rubber seal\" data-gtm-label=\"Rubber seal\">Rubber seal<\/button><button class=\"select-btn select-btn-small select-btn-default gtm-purchase-option-value\" type=\"button\" data-gtm-name=\"Gel seal\" data-gtm-label=\"Gel seal\">Gel seal<\/button><\/div>\n<\/div>\n<div class=\"flex flex-col flex-wrap gap-100 md:flex-row md:items-center gtm-purchase-option\" data-gtm-name=\"filter_dimension\" data-gtm-label=\"Filter dimensions\">\n<p><label class=\"flex gap-050 md:w-700 leading-none hyphens-auto print:w-full print:max-w-2\/5 text-label-small\">Filter dimensions<\/label><\/p>\n<div class=\"flex flex-1 flex-wrap gap-050\"><button class=\"select-btn select-btn-small select-btn-selected gtm-purchase-option-value\" type=\"button\" data-gtm-name=\"305x305x80\" data-gtm-label=\"305x305x80\">305x305x80<\/button><button class=\"select-btn select-btn-small select-btn-default gtm-purchase-option-value\" type=\"button\" data-gtm-name=\"457x457x80\" data-gtm-label=\"457x457x80\">457x457x80<\/button><button class=\"select-btn select-btn-small select-btn-default gtm-purchase-option-value\" type=\"button\" data-gtm-name=\"535x535x80\" data-gtm-label=\"535x535x80\">535x535x80<\/button><button class=\"select-btn select-btn-small select-btn-default gtm-purchase-option-value\" type=\"button\" data-gtm-name=\"557x557x80\" data-gtm-label=\"557x557x80\">557x557x80<\/button><button class=\"select-btn select-btn-small select-btn-default gtm-purchase-option-value\" type=\"button\" data-gtm-name=\"575x575x80\" data-gtm-label=\"575x575x80\">575x575x80<\/button><button class=\"select-btn select-btn-small select-btn-default gtm-purchase-option-value\" type=\"button\" data-gtm-name=\"610x610x80\" data-gtm-label=\"610x610x80\">610x610x80<\/button><\/div>\n<\/div>\n<div class=\"flex flex-col flex-wrap gap-100 md:flex-row md:items-center gtm-purchase-option\" data-gtm-name=\"connection_type\" data-gtm-label=\"Connection type\">\n<p><label class=\"flex gap-050 md:w-700 leading-none hyphens-auto print:w-full print:max-w-2\/5 text-label-small\">Connection type<\/label><\/p>\n<div class=\"flex flex-1 flex-wrap gap-050\"><button class=\"select-btn select-btn-small select-btn-selected gtm-purchase-option-value\" type=\"button\" data-gtm-name=\"Circular\" data-gtm-label=\"Circular\">Circular<\/button><button class=\"select-btn select-btn-small select-btn-default gtm-purchase-option-value\" type=\"button\" data-gtm-name=\"Rectangular\" data-gtm-label=\"Rectangular\">Rectangular<\/button><\/div>\n<\/div>\n<div class=\"flex flex-col flex-wrap gap-100 md:flex-row md:items-center gtm-purchase-option\" data-gtm-name=\"inlet_circular\" data-gtm-label=\"Nominal connection\">\n<p><label class=\"flex gap-050 md:w-700 leading-none hyphens-auto print:w-full print:max-w-2\/5 text-label-small\">Nominal connection<\/label><\/p>\n<div class=\"flex flex-1 flex-wrap gap-050\"><button class=\"select-btn select-btn-small select-btn-selected gtm-purchase-option-value\" type=\"button\" data-gtm-name=\"125\" data-gtm-label=\"125\">125<\/button><button class=\"select-btn select-btn-small select-btn-default gtm-purchase-option-value\" type=\"button\" data-gtm-name=\"160\" data-gtm-label=\"160\">160<\/button><button class=\"select-btn select-btn-small select-btn-default select-btn-disabled gtm-purchase-option-value\" type=\"button\" data-gtm-name=\"200\" data-gtm-label=\"200\">200<\/button><button class=\"select-btn select-btn-small select-btn-default select-btn-disabled gtm-purchase-option-value\" type=\"button\" data-gtm-name=\"250\" data-gtm-label=\"250\">250<\/button><button class=\"select-btn select-btn-small select-btn-default select-btn-disabled gtm-purchase-option-value\" type=\"button\" data-gtm-name=\"315\" data-gtm-label=\"315\">315<\/button><\/div>\n<\/div>\n<\/div>\n<div class=\"gtm-sku-info flex flex-col gap-y-050 text-label-tiny text-neutral-600\">\n<div class=\"flex flex-wrap items-baseline gap-x-100 gap-y-025\"><span class=\"gtm-article-name\">CFC-A-H-305x305x80-125-D-SW<\/span><span class=\"whitespace-nowrap gtm-article-number text-base font-bold\">#251463<\/span><\/div>\n<\/div>\n","protected":false},"featured_media":39669,"template":"","meta":[],"product_brand":[],"product_cat":[1967,1895,1841],"product_tag":[],"class_list":{"0":"post-39699","1":"product","2":"type-product","3":"status-publish","4":"has-post-thumbnail","6":"product_cat-cassettes-filtrantes-propres","7":"product_cat-diffuseurs-diffuseurs-pour-la-ventilation","8":"product_cat-produits-de-distribution-dair","10":"first","11":"instock","12":"shipping-taxable","13":"product-type-simple"},"yoast_head":"<!-- This site is optimized with the Yoast SEO plugin v27.1.1 - https:\/\/yoast.com\/product\/yoast-seo-wordpress\/ -->\n<title>Cassettes filtrantes propres CFC-A Cassette filtrante propre avec filtre HEPA H14 - Climate Master<\/title>\n<meta name=\"robots\" content=\"index, follow, max-snippet:-1, max-image-preview:large, max-video-preview:-1\" \/>\n<link rel=\"canonical\" href=\"https:\/\/climatemaster.ge\/fr\/produit\/39665\/\" \/>\n<meta property=\"og:locale\" content=\"fr_FR\" \/>\n<meta property=\"og:type\" content=\"article\" \/>\n<meta property=\"og:title\" content=\"Cassettes filtrantes propres CFC-A Cassette filtrante propre avec filtre HEPA H14 - Climate Master\" \/>\n<meta property=\"og:description\" content=\"Filtration d&#039;air haute efficacit\u00e9  Pour soufflage ou extraction d&#039;air  Con\u00e7u pour de nombreux types d&#039;installations au plafond  Climatisation d&#039;\u00e9tanch\u00e9it\u00e9 disponible pour les raccordements de gaines circulaires (CFC-A et CFC-AG)  Conception compacte pour les plafonds \u00e0 espace restreint (CFC-AS et CFC-AGS)  Conforme aux exigences d&#039;hygi\u00e8ne de la norme VDI 6022  Fournit un air propre et st\u00e9rile dans les zones de salles blanches class\u00e9es selon la norme ISO 14644-1  Classe de fuite\u00a0: L1 selon la norme EN 1886:2007      H14 HEPA seal type Rubber sealGel seal    Filter dimensions 305x305x80457x457x80535x535x80557x557x80575x575x80610x610x80    Connection type CircularRectangular    Nominal connection 125160200250315    CFC-A-H-305x305x80-125-D-SW#251463\" \/>\n<meta property=\"og:url\" content=\"https:\/\/climatemaster.ge\/fr\/produit\/39665\/\" \/>\n<meta property=\"og:site_name\" content=\"Climate Master\" \/>\n<meta property=\"article:modified_time\" content=\"2025-09-10T10:15:16+00:00\" \/>\n<meta property=\"og:image\" content=\"https:\/\/climatemaster.ge\/wp-content\/uploads\/2025\/09\/RENDERING_CFC-A_HQ.jpg\" \/>\n\t<meta property=\"og:image:width\" content=\"384\" \/>\n\t<meta property=\"og:image:height\" content=\"288\" \/>\n\t<meta property=\"og:image:type\" content=\"image\/jpeg\" \/>\n<meta name=\"twitter:card\" content=\"summary_large_image\" \/>\n<meta name=\"twitter:label1\" content=\"Dur\u00e9e de lecture estim\u00e9e\" \/>\n\t<meta name=\"twitter:data1\" content=\"1 minute\" \/>\n<script type=\"application\/ld+json\" class=\"yoast-schema-graph\">{\"@context\":\"https:\/\/schema.org\",\"@graph\":[{\"@type\":\"WebPage\",\"@id\":\"https:\/\/climatemaster.ge\/fr\/produit\/39665\/\",\"url\":\"https:\/\/climatemaster.ge\/fr\/produit\/39665\/\",\"name\":\"Cassettes filtrantes propres CFC-A Cassette filtrante propre avec filtre HEPA H14 - Climate Master\",\"isPartOf\":{\"@id\":\"https:\/\/climatemaster.ge\/#website\"},\"primaryImageOfPage\":{\"@id\":\"https:\/\/climatemaster.ge\/fr\/produit\/39665\/#primaryimage\"},\"image\":{\"@id\":\"https:\/\/climatemaster.ge\/fr\/produit\/39665\/#primaryimage\"},\"thumbnailUrl\":\"https:\/\/climatemaster.ge\/wp-content\/uploads\/2025\/09\/RENDERING_CFC-A_HQ.jpg\",\"datePublished\":\"2025-09-10T10:09:28+00:00\",\"dateModified\":\"2025-09-10T10:15:16+00:00\",\"breadcrumb\":{\"@id\":\"https:\/\/climatemaster.ge\/fr\/produit\/39665\/#breadcrumb\"},\"inLanguage\":\"fr-FR\",\"potentialAction\":[{\"@type\":\"ReadAction\",\"target\":[\"https:\/\/climatemaster.ge\/fr\/produit\/39665\/\"]}]},{\"@type\":\"ImageObject\",\"inLanguage\":\"fr-FR\",\"@id\":\"https:\/\/climatemaster.ge\/fr\/produit\/39665\/#primaryimage\",\"url\":\"https:\/\/climatemaster.ge\/wp-content\/uploads\/2025\/09\/RENDERING_CFC-A_HQ.jpg\",\"contentUrl\":\"https:\/\/climatemaster.ge\/wp-content\/uploads\/2025\/09\/RENDERING_CFC-A_HQ.jpg\",\"width\":384,\"height\":288},{\"@type\":\"BreadcrumbList\",\"@id\":\"https:\/\/climatemaster.ge\/fr\/produit\/39665\/#breadcrumb\",\"itemListElement\":[{\"@type\":\"ListItem\",\"position\":1,\"name\":\"Home\",\"item\":\"https:\/\/climatemaster.ge\/\"},{\"@type\":\"ListItem\",\"position\":2,\"name\":\"Products\",\"item\":\"https:\/\/climatemaster.ge\/products\/\"},{\"@type\":\"ListItem\",\"position\":3,\"name\":\"Cassettes filtrantes propres CFC-A Cassette filtrante propre avec filtre HEPA H14\"}]},{\"@type\":\"WebSite\",\"@id\":\"https:\/\/climatemaster.ge\/#website\",\"url\":\"https:\/\/climatemaster.ge\/\",\"name\":\"Climate Master\",\"description\":\"\",\"publisher\":{\"@id\":\"https:\/\/climatemaster.ge\/#organization\"},\"potentialAction\":[{\"@type\":\"SearchAction\",\"target\":{\"@type\":\"EntryPoint\",\"urlTemplate\":\"https:\/\/climatemaster.ge\/?s={search_term_string}\"},\"query-input\":{\"@type\":\"PropertyValueSpecification\",\"valueRequired\":true,\"valueName\":\"search_term_string\"}}],\"inLanguage\":\"fr-FR\"},{\"@type\":\"Organization\",\"@id\":\"https:\/\/climatemaster.ge\/#organization\",\"name\":\"Climate Master\",\"url\":\"https:\/\/climatemaster.ge\/\",\"logo\":{\"@type\":\"ImageObject\",\"inLanguage\":\"fr-FR\",\"@id\":\"https:\/\/climatemaster.ge\/#\/schema\/logo\/image\/\",\"url\":\"https:\/\/climatemaster.ge\/wp-content\/uploads\/2026\/03\/Untitled-2.png\",\"contentUrl\":\"https:\/\/climatemaster.ge\/wp-content\/uploads\/2026\/03\/Untitled-2.png\",\"width\":600,\"height\":338,\"caption\":\"Climate Master\"},\"image\":{\"@id\":\"https:\/\/climatemaster.ge\/#\/schema\/logo\/image\/\"}}]}<\/script>\n<!-- \/ Yoast SEO plugin. -->","yoast_head_json":{"title":"Cassettes filtrantes propres CFC-A Cassette filtrante propre avec filtre HEPA H14 - Climate Master","robots":{"index":"index","follow":"follow","max-snippet":"max-snippet:-1","max-image-preview":"max-image-preview:large","max-video-preview":"max-video-preview:-1"},"canonical":"https:\/\/climatemaster.ge\/fr\/produit\/39665\/","og_locale":"fr_FR","og_type":"article","og_title":"Cassettes filtrantes propres CFC-A Cassette filtrante propre avec filtre HEPA H14 - Climate Master","og_description":"Filtration d'air haute efficacit\u00e9  Pour soufflage ou extraction d'air  Con\u00e7u pour de nombreux types d'installations au plafond  Climatisation d'\u00e9tanch\u00e9it\u00e9 disponible pour les raccordements de gaines circulaires (CFC-A et CFC-AG)  Conception compacte pour les plafonds \u00e0 espace restreint (CFC-AS et CFC-AGS)  Conforme aux exigences d'hygi\u00e8ne de la norme VDI 6022  Fournit un air propre et st\u00e9rile dans les zones de salles blanches class\u00e9es selon la norme ISO 14644-1  Classe de fuite\u00a0: L1 selon la norme EN 1886:2007      H14 HEPA seal type Rubber sealGel seal    Filter dimensions 305x305x80457x457x80535x535x80557x557x80575x575x80610x610x80    Connection type CircularRectangular    Nominal connection 125160200250315    CFC-A-H-305x305x80-125-D-SW#251463","og_url":"https:\/\/climatemaster.ge\/fr\/produit\/39665\/","og_site_name":"Climate Master","article_modified_time":"2025-09-10T10:15:16+00:00","og_image":[{"width":384,"height":288,"url":"https:\/\/climatemaster.ge\/wp-content\/uploads\/2025\/09\/RENDERING_CFC-A_HQ.jpg","type":"image\/jpeg"}],"twitter_card":"summary_large_image","twitter_misc":{"Dur\u00e9e de lecture estim\u00e9e":"1 minute"},"schema":{"@context":"https:\/\/schema.org","@graph":[{"@type":"WebPage","@id":"https:\/\/climatemaster.ge\/fr\/produit\/39665\/","url":"https:\/\/climatemaster.ge\/fr\/produit\/39665\/","name":"Cassettes filtrantes propres CFC-A Cassette filtrante propre avec filtre HEPA H14 - Climate Master","isPartOf":{"@id":"https:\/\/climatemaster.ge\/#website"},"primaryImageOfPage":{"@id":"https:\/\/climatemaster.ge\/fr\/produit\/39665\/#primaryimage"},"image":{"@id":"https:\/\/climatemaster.ge\/fr\/produit\/39665\/#primaryimage"},"thumbnailUrl":"https:\/\/climatemaster.ge\/wp-content\/uploads\/2025\/09\/RENDERING_CFC-A_HQ.jpg","datePublished":"2025-09-10T10:09:28+00:00","dateModified":"2025-09-10T10:15:16+00:00","breadcrumb":{"@id":"https:\/\/climatemaster.ge\/fr\/produit\/39665\/#breadcrumb"},"inLanguage":"fr-FR","potentialAction":[{"@type":"ReadAction","target":["https:\/\/climatemaster.ge\/fr\/produit\/39665\/"]}]},{"@type":"ImageObject","inLanguage":"fr-FR","@id":"https:\/\/climatemaster.ge\/fr\/produit\/39665\/#primaryimage","url":"https:\/\/climatemaster.ge\/wp-content\/uploads\/2025\/09\/RENDERING_CFC-A_HQ.jpg","contentUrl":"https:\/\/climatemaster.ge\/wp-content\/uploads\/2025\/09\/RENDERING_CFC-A_HQ.jpg","width":384,"height":288},{"@type":"BreadcrumbList","@id":"https:\/\/climatemaster.ge\/fr\/produit\/39665\/#breadcrumb","itemListElement":[{"@type":"ListItem","position":1,"name":"Home","item":"https:\/\/climatemaster.ge\/"},{"@type":"ListItem","position":2,"name":"Products","item":"https:\/\/climatemaster.ge\/products\/"},{"@type":"ListItem","position":3,"name":"Cassettes filtrantes propres CFC-A Cassette filtrante propre avec filtre HEPA H14"}]},{"@type":"WebSite","@id":"https:\/\/climatemaster.ge\/#website","url":"https:\/\/climatemaster.ge\/","name":"Climate Master","description":"","publisher":{"@id":"https:\/\/climatemaster.ge\/#organization"},"potentialAction":[{"@type":"SearchAction","target":{"@type":"EntryPoint","urlTemplate":"https:\/\/climatemaster.ge\/?s={search_term_string}"},"query-input":{"@type":"PropertyValueSpecification","valueRequired":true,"valueName":"search_term_string"}}],"inLanguage":"fr-FR"},{"@type":"Organization","@id":"https:\/\/climatemaster.ge\/#organization","name":"Climate Master","url":"https:\/\/climatemaster.ge\/","logo":{"@type":"ImageObject","inLanguage":"fr-FR","@id":"https:\/\/climatemaster.ge\/#\/schema\/logo\/image\/","url":"https:\/\/climatemaster.ge\/wp-content\/uploads\/2026\/03\/Untitled-2.png","contentUrl":"https:\/\/climatemaster.ge\/wp-content\/uploads\/2026\/03\/Untitled-2.png","width":600,"height":338,"caption":"Climate Master"},"image":{"@id":"https:\/\/climatemaster.ge\/#\/schema\/logo\/image\/"}}]}},"_links":{"self":[{"href":"https:\/\/climatemaster.ge\/fr\/wp-json\/wp\/v2\/product\/39699","targetHints":{"allow":["GET"]}}],"collection":[{"href":"https:\/\/climatemaster.ge\/fr\/wp-json\/wp\/v2\/product"}],"about":[{"href":"https:\/\/climatemaster.ge\/fr\/wp-json\/wp\/v2\/types\/product"}],"wp:featuredmedia":[{"embeddable":true,"href":"https:\/\/climatemaster.ge\/fr\/wp-json\/wp\/v2\/media\/39669"}],"wp:attachment":[{"href":"https:\/\/climatemaster.ge\/fr\/wp-json\/wp\/v2\/media?parent=39699"}],"wp:term":[{"taxonomy":"product_brand","embeddable":true,"href":"https:\/\/climatemaster.ge\/fr\/wp-json\/wp\/v2\/product_brand?post=39699"},{"taxonomy":"product_cat","embeddable":true,"href":"https:\/\/climatemaster.ge\/fr\/wp-json\/wp\/v2\/product_cat?post=39699"},{"taxonomy":"product_tag","embeddable":true,"href":"https:\/\/climatemaster.ge\/fr\/wp-json\/wp\/v2\/product_tag?post=39699"}],"curies":[{"name":"wp","href":"https:\/\/api.w.org\/{rel}","templated":true}]}}