{"id":39370,"date":"2025-09-09T22:10:37","date_gmt":"2025-09-09T18:10:37","guid":{"rendered":"https:\/\/airsystems.ge\/shop\/product\/cap-f-nozzle-diffusers-t-bar-ceiling-diffuser-with-multiple-individually-adjustable-nozzles\/"},"modified":"2025-09-09T22:12:53","modified_gmt":"2025-09-09T18:12:53","slug":"cap-f-nozzle-diffusers-t-bar-ceiling-diffuser-with-multiple-individually-adjustable-nozzles","status":"publish","type":"product","link":"https:\/\/climatemaster.ge\/fr\/produit\/cap-f-nozzle-diffusers-t-bar-ceiling-diffuser-with-multiple-individually-adjustable-nozzles\/","title":{"rendered":"Diffuseurs \u00e0 buses CAP-F Diffuseur de plafond en T avec plusieurs buses r\u00e9glables individuellement."},"content":{"rendered":"<p><img decoding=\"async\" id=\"\" class=\"object-center\" src=\"https:\/\/a.storyblok.com\/f\/108972\/2599x1123\/e717a2ca4c\/nozzles_cap-c.png\/m\/1920x0\/filters:quality(80)\" sizes=\"100vw\" srcset=\"https:\/\/a.storyblok.com\/f\/108972\/2599x1123\/e717a2ca4c\/nozzles_cap-c.png\/m\/640x0\/filters:quality(80) 640w, https:\/\/a.storyblok.com\/f\/108972\/2599x1123\/e717a2ca4c\/nozzles_cap-c.png\/m\/750x0\/filters:quality(80) 750w, https:\/\/a.storyblok.com\/f\/108972\/2599x1123\/e717a2ca4c\/nozzles_cap-c.png\/m\/828x0\/filters:quality(80) 828w, https:\/\/a.storyblok.com\/f\/108972\/2599x1123\/e717a2ca4c\/nozzles_cap-c.png\/m\/1080x0\/filters:quality(80) 1080w, https:\/\/a.storyblok.com\/f\/108972\/2599x1123\/e717a2ca4c\/nozzles_cap-c.png\/m\/1200x0\/filters:quality(80) 1200w, https:\/\/a.storyblok.com\/f\/108972\/2599x1123\/e717a2ca4c\/nozzles_cap-c.png\/m\/1920x0\/filters:quality(80) 1920w\" alt=\"Nozzles Cap C\" data-nimg=\"responsive\" \/><\/p>\n","protected":false},"excerpt":{"rendered":"<div class=\"row\">\n<div class=\"col-12 text-style-body-small\">\n<div class=\"richtext-wrap reset-margin-last\">\n<p>D\u00e9bit d&rsquo;air \u00e9lev\u00e9 et faible niveau sonore.<\/p>\n<p>Les buses de la plaque de diffusion sont orientables \u00e0 360\u00b0.<\/p>\n<p>Conception compacte id\u00e9ale pour les faux plafonds en T, notamment dans les bureaux, les magasins, les locaux m\u00e9dicaux et les salles de classe.<\/p>\n<\/div>\n<\/div>\n<\/div>\n<div class=\"flex flex-col gap-200\">\n<div class=\"flex flex-col flex-wrap gap-100 md:flex-row md:items-center gtm-purchase-option\" data-gtm-name=\"size\" data-gtm-label=\"Dimensions\">\n<p><label class=\"flex gap-050 md:w-700 leading-none hyphens-auto print:w-full print:max-w-2\/5 text-label-small\">Dimensions<\/label><\/p>\n<div class=\"flex flex-1 flex-wrap gap-050\">\n<div class=\"dropdown-wrapper dropdown-wrapper-small w-full gtm-purchase-option-value gtm-purchase-option-value-dropdown\"><select class=\"form-dropdown form-input form-dropdown-small\"><option value=\"12560016\" data-gtm-name=\"CAP-F-125-600-16\" data-gtm-label=\"CAP-F-125-600-16\">CAP-F-125-600-16<\/option><option value=\"16060025\" data-gtm-name=\"CAP-F-160-600-25\" data-gtm-label=\"CAP-F-160-600-25\">CAP-F-160-600-25<\/option><option value=\"20060036\" data-gtm-name=\"CAP-F-200-600-36\" data-gtm-label=\"CAP-F-200-600-36\">CAP-F-200-600-36<\/option><option value=\"25060049\" data-gtm-name=\"CAP-F-250-600-49\" data-gtm-label=\"CAP-F-250-600-49\">CAP-F-250-600-49<\/option><option value=\"31560081\" data-gtm-name=\"CAP-F-315-600-81\" data-gtm-label=\"CAP-F-315-600-81\">CAP-F-315-600-81<\/option><option value=\"40060081\" data-gtm-name=\"CAP-F-400-600-81\" data-gtm-label=\"CAP-F-400-600-81\">CAP-F-400-600-81<\/option><\/select><\/div>\n<\/div>\n<\/div>\n<\/div>\n<div class=\"gtm-sku-info flex flex-col gap-y-050 text-label-tiny text-neutral-600\">\n<div class=\"flex flex-wrap items-baseline gap-x-100 gap-y-025\"><span class=\"gtm-article-name\">CAP-F-125-600-16-SW<\/span><span class=\"whitespace-nowrap gtm-article-number text-base font-bold\">#160093<\/span><\/div>\n<\/div>\n","protected":false},"featured_media":39329,"template":"","meta":[],"product_brand":[],"product_cat":[1907,1895,1841],"product_tag":[],"class_list":{"0":"post-39370","1":"product","2":"type-product","3":"status-publish","4":"has-post-thumbnail","6":"product_cat-diffuseurs-a-buses","7":"product_cat-diffuseurs-diffuseurs-pour-la-ventilation","8":"product_cat-produits-de-distribution-dair","10":"first","11":"instock","12":"shipping-taxable","13":"product-type-simple"},"yoast_head":"<!-- This site is optimized with the Yoast SEO plugin v27.1.1 - https:\/\/yoast.com\/product\/yoast-seo-wordpress\/ -->\n<title>Diffuseurs \u00e0 buses CAP-F Diffuseur de plafond en T avec plusieurs buses r\u00e9glables individuellement. - Climate Master<\/title>\n<meta name=\"robots\" content=\"index, follow, max-snippet:-1, max-image-preview:large, max-video-preview:-1\" \/>\n<link rel=\"canonical\" href=\"https:\/\/climatemaster.ge\/fr\/produit\/cap-f-nozzle-diffusers-t-bar-ceiling-diffuser-with-multiple-individually-adjustable-nozzles\/\" \/>\n<meta property=\"og:locale\" content=\"fr_FR\" \/>\n<meta property=\"og:type\" content=\"article\" \/>\n<meta property=\"og:title\" content=\"Diffuseurs \u00e0 buses CAP-F Diffuseur de plafond en T avec plusieurs buses r\u00e9glables individuellement. - Climate Master\" \/>\n<meta property=\"og:description\" content=\"D\u00e9bit d&#039;air \u00e9lev\u00e9 et faible niveau sonore.  Les buses de la plaque de diffusion sont orientables \u00e0 360\u00b0.  Conception compacte id\u00e9ale pour les faux plafonds en T, notamment dans les bureaux, les magasins, les locaux m\u00e9dicaux et les salles de classe.        Dimensions   CAP-F-125-600-16 CAP-F-160-600-25 CAP-F-200-600-36 CAP-F-250-600-49 CAP-F-315-600-81 CAP-F-400-600-81      CAP-F-125-600-16-SW#160093\" \/>\n<meta property=\"og:url\" content=\"https:\/\/climatemaster.ge\/fr\/produit\/cap-f-nozzle-diffusers-t-bar-ceiling-diffuser-with-multiple-individually-adjustable-nozzles\/\" \/>\n<meta property=\"og:site_name\" content=\"Climate Master\" \/>\n<meta property=\"article:modified_time\" content=\"2025-09-09T18:12:53+00:00\" \/>\n<meta property=\"og:image\" content=\"https:\/\/climatemaster.ge\/wp-content\/uploads\/2025\/09\/PRODUCT-MAIN-IMAGE_CAP-F-1.jpg\" \/>\n\t<meta property=\"og:image:width\" content=\"384\" \/>\n\t<meta property=\"og:image:height\" content=\"288\" \/>\n\t<meta property=\"og:image:type\" content=\"image\/jpeg\" \/>\n<meta name=\"twitter:card\" content=\"summary_large_image\" \/>\n<script type=\"application\/ld+json\" class=\"yoast-schema-graph\">{\"@context\":\"https:\/\/schema.org\",\"@graph\":[{\"@type\":\"WebPage\",\"@id\":\"https:\/\/climatemaster.ge\/fr\/produit\/cap-f-nozzle-diffusers-t-bar-ceiling-diffuser-with-multiple-individually-adjustable-nozzles\/\",\"url\":\"https:\/\/climatemaster.ge\/fr\/produit\/cap-f-nozzle-diffusers-t-bar-ceiling-diffuser-with-multiple-individually-adjustable-nozzles\/\",\"name\":\"Diffuseurs \u00e0 buses CAP-F Diffuseur de plafond en T avec plusieurs buses r\u00e9glables individuellement. - Climate Master\",\"isPartOf\":{\"@id\":\"https:\/\/climatemaster.ge\/#website\"},\"primaryImageOfPage\":{\"@id\":\"https:\/\/climatemaster.ge\/fr\/produit\/cap-f-nozzle-diffusers-t-bar-ceiling-diffuser-with-multiple-individually-adjustable-nozzles\/#primaryimage\"},\"image\":{\"@id\":\"https:\/\/climatemaster.ge\/fr\/produit\/cap-f-nozzle-diffusers-t-bar-ceiling-diffuser-with-multiple-individually-adjustable-nozzles\/#primaryimage\"},\"thumbnailUrl\":\"https:\/\/climatemaster.ge\/wp-content\/uploads\/2025\/09\/PRODUCT-MAIN-IMAGE_CAP-F-1.jpg\",\"datePublished\":\"2025-09-09T18:10:37+00:00\",\"dateModified\":\"2025-09-09T18:12:53+00:00\",\"breadcrumb\":{\"@id\":\"https:\/\/climatemaster.ge\/fr\/produit\/cap-f-nozzle-diffusers-t-bar-ceiling-diffuser-with-multiple-individually-adjustable-nozzles\/#breadcrumb\"},\"inLanguage\":\"fr-FR\",\"potentialAction\":[{\"@type\":\"ReadAction\",\"target\":[\"https:\/\/climatemaster.ge\/fr\/produit\/cap-f-nozzle-diffusers-t-bar-ceiling-diffuser-with-multiple-individually-adjustable-nozzles\/\"]}]},{\"@type\":\"ImageObject\",\"inLanguage\":\"fr-FR\",\"@id\":\"https:\/\/climatemaster.ge\/fr\/produit\/cap-f-nozzle-diffusers-t-bar-ceiling-diffuser-with-multiple-individually-adjustable-nozzles\/#primaryimage\",\"url\":\"https:\/\/climatemaster.ge\/wp-content\/uploads\/2025\/09\/PRODUCT-MAIN-IMAGE_CAP-F-1.jpg\",\"contentUrl\":\"https:\/\/climatemaster.ge\/wp-content\/uploads\/2025\/09\/PRODUCT-MAIN-IMAGE_CAP-F-1.jpg\",\"width\":384,\"height\":288},{\"@type\":\"BreadcrumbList\",\"@id\":\"https:\/\/climatemaster.ge\/fr\/produit\/cap-f-nozzle-diffusers-t-bar-ceiling-diffuser-with-multiple-individually-adjustable-nozzles\/#breadcrumb\",\"itemListElement\":[{\"@type\":\"ListItem\",\"position\":1,\"name\":\"Home\",\"item\":\"https:\/\/climatemaster.ge\/\"},{\"@type\":\"ListItem\",\"position\":2,\"name\":\"Products\",\"item\":\"https:\/\/climatemaster.ge\/products\/\"},{\"@type\":\"ListItem\",\"position\":3,\"name\":\"Diffuseurs \u00e0 buses CAP-F Diffuseur de plafond en T avec plusieurs buses r\u00e9glables individuellement.\"}]},{\"@type\":\"WebSite\",\"@id\":\"https:\/\/climatemaster.ge\/#website\",\"url\":\"https:\/\/climatemaster.ge\/\",\"name\":\"Climate Master\",\"description\":\"\",\"publisher\":{\"@id\":\"https:\/\/climatemaster.ge\/#organization\"},\"potentialAction\":[{\"@type\":\"SearchAction\",\"target\":{\"@type\":\"EntryPoint\",\"urlTemplate\":\"https:\/\/climatemaster.ge\/?s={search_term_string}\"},\"query-input\":{\"@type\":\"PropertyValueSpecification\",\"valueRequired\":true,\"valueName\":\"search_term_string\"}}],\"inLanguage\":\"fr-FR\"},{\"@type\":\"Organization\",\"@id\":\"https:\/\/climatemaster.ge\/#organization\",\"name\":\"Climate Master\",\"url\":\"https:\/\/climatemaster.ge\/\",\"logo\":{\"@type\":\"ImageObject\",\"inLanguage\":\"fr-FR\",\"@id\":\"https:\/\/climatemaster.ge\/#\/schema\/logo\/image\/\",\"url\":\"https:\/\/climatemaster.ge\/wp-content\/uploads\/2026\/03\/Untitled-2.png\",\"contentUrl\":\"https:\/\/climatemaster.ge\/wp-content\/uploads\/2026\/03\/Untitled-2.png\",\"width\":600,\"height\":338,\"caption\":\"Climate Master\"},\"image\":{\"@id\":\"https:\/\/climatemaster.ge\/#\/schema\/logo\/image\/\"}}]}<\/script>\n<!-- \/ Yoast SEO plugin. -->","yoast_head_json":{"title":"Diffuseurs \u00e0 buses CAP-F Diffuseur de plafond en T avec plusieurs buses r\u00e9glables individuellement. - Climate Master","robots":{"index":"index","follow":"follow","max-snippet":"max-snippet:-1","max-image-preview":"max-image-preview:large","max-video-preview":"max-video-preview:-1"},"canonical":"https:\/\/climatemaster.ge\/fr\/produit\/cap-f-nozzle-diffusers-t-bar-ceiling-diffuser-with-multiple-individually-adjustable-nozzles\/","og_locale":"fr_FR","og_type":"article","og_title":"Diffuseurs \u00e0 buses CAP-F Diffuseur de plafond en T avec plusieurs buses r\u00e9glables individuellement. - Climate Master","og_description":"D\u00e9bit d'air \u00e9lev\u00e9 et faible niveau sonore.  Les buses de la plaque de diffusion sont orientables \u00e0 360\u00b0.  Conception compacte id\u00e9ale pour les faux plafonds en T, notamment dans les bureaux, les magasins, les locaux m\u00e9dicaux et les salles de classe.        Dimensions   CAP-F-125-600-16 CAP-F-160-600-25 CAP-F-200-600-36 CAP-F-250-600-49 CAP-F-315-600-81 CAP-F-400-600-81      CAP-F-125-600-16-SW#160093","og_url":"https:\/\/climatemaster.ge\/fr\/produit\/cap-f-nozzle-diffusers-t-bar-ceiling-diffuser-with-multiple-individually-adjustable-nozzles\/","og_site_name":"Climate Master","article_modified_time":"2025-09-09T18:12:53+00:00","og_image":[{"width":384,"height":288,"url":"https:\/\/climatemaster.ge\/wp-content\/uploads\/2025\/09\/PRODUCT-MAIN-IMAGE_CAP-F-1.jpg","type":"image\/jpeg"}],"twitter_card":"summary_large_image","schema":{"@context":"https:\/\/schema.org","@graph":[{"@type":"WebPage","@id":"https:\/\/climatemaster.ge\/fr\/produit\/cap-f-nozzle-diffusers-t-bar-ceiling-diffuser-with-multiple-individually-adjustable-nozzles\/","url":"https:\/\/climatemaster.ge\/fr\/produit\/cap-f-nozzle-diffusers-t-bar-ceiling-diffuser-with-multiple-individually-adjustable-nozzles\/","name":"Diffuseurs \u00e0 buses CAP-F Diffuseur de plafond en T avec plusieurs buses r\u00e9glables individuellement. - Climate Master","isPartOf":{"@id":"https:\/\/climatemaster.ge\/#website"},"primaryImageOfPage":{"@id":"https:\/\/climatemaster.ge\/fr\/produit\/cap-f-nozzle-diffusers-t-bar-ceiling-diffuser-with-multiple-individually-adjustable-nozzles\/#primaryimage"},"image":{"@id":"https:\/\/climatemaster.ge\/fr\/produit\/cap-f-nozzle-diffusers-t-bar-ceiling-diffuser-with-multiple-individually-adjustable-nozzles\/#primaryimage"},"thumbnailUrl":"https:\/\/climatemaster.ge\/wp-content\/uploads\/2025\/09\/PRODUCT-MAIN-IMAGE_CAP-F-1.jpg","datePublished":"2025-09-09T18:10:37+00:00","dateModified":"2025-09-09T18:12:53+00:00","breadcrumb":{"@id":"https:\/\/climatemaster.ge\/fr\/produit\/cap-f-nozzle-diffusers-t-bar-ceiling-diffuser-with-multiple-individually-adjustable-nozzles\/#breadcrumb"},"inLanguage":"fr-FR","potentialAction":[{"@type":"ReadAction","target":["https:\/\/climatemaster.ge\/fr\/produit\/cap-f-nozzle-diffusers-t-bar-ceiling-diffuser-with-multiple-individually-adjustable-nozzles\/"]}]},{"@type":"ImageObject","inLanguage":"fr-FR","@id":"https:\/\/climatemaster.ge\/fr\/produit\/cap-f-nozzle-diffusers-t-bar-ceiling-diffuser-with-multiple-individually-adjustable-nozzles\/#primaryimage","url":"https:\/\/climatemaster.ge\/wp-content\/uploads\/2025\/09\/PRODUCT-MAIN-IMAGE_CAP-F-1.jpg","contentUrl":"https:\/\/climatemaster.ge\/wp-content\/uploads\/2025\/09\/PRODUCT-MAIN-IMAGE_CAP-F-1.jpg","width":384,"height":288},{"@type":"BreadcrumbList","@id":"https:\/\/climatemaster.ge\/fr\/produit\/cap-f-nozzle-diffusers-t-bar-ceiling-diffuser-with-multiple-individually-adjustable-nozzles\/#breadcrumb","itemListElement":[{"@type":"ListItem","position":1,"name":"Home","item":"https:\/\/climatemaster.ge\/"},{"@type":"ListItem","position":2,"name":"Products","item":"https:\/\/climatemaster.ge\/products\/"},{"@type":"ListItem","position":3,"name":"Diffuseurs \u00e0 buses CAP-F Diffuseur de plafond en T avec plusieurs buses r\u00e9glables individuellement."}]},{"@type":"WebSite","@id":"https:\/\/climatemaster.ge\/#website","url":"https:\/\/climatemaster.ge\/","name":"Climate Master","description":"","publisher":{"@id":"https:\/\/climatemaster.ge\/#organization"},"potentialAction":[{"@type":"SearchAction","target":{"@type":"EntryPoint","urlTemplate":"https:\/\/climatemaster.ge\/?s={search_term_string}"},"query-input":{"@type":"PropertyValueSpecification","valueRequired":true,"valueName":"search_term_string"}}],"inLanguage":"fr-FR"},{"@type":"Organization","@id":"https:\/\/climatemaster.ge\/#organization","name":"Climate Master","url":"https:\/\/climatemaster.ge\/","logo":{"@type":"ImageObject","inLanguage":"fr-FR","@id":"https:\/\/climatemaster.ge\/#\/schema\/logo\/image\/","url":"https:\/\/climatemaster.ge\/wp-content\/uploads\/2026\/03\/Untitled-2.png","contentUrl":"https:\/\/climatemaster.ge\/wp-content\/uploads\/2026\/03\/Untitled-2.png","width":600,"height":338,"caption":"Climate Master"},"image":{"@id":"https:\/\/climatemaster.ge\/#\/schema\/logo\/image\/"}}]}},"_links":{"self":[{"href":"https:\/\/climatemaster.ge\/fr\/wp-json\/wp\/v2\/product\/39370","targetHints":{"allow":["GET"]}}],"collection":[{"href":"https:\/\/climatemaster.ge\/fr\/wp-json\/wp\/v2\/product"}],"about":[{"href":"https:\/\/climatemaster.ge\/fr\/wp-json\/wp\/v2\/types\/product"}],"wp:featuredmedia":[{"embeddable":true,"href":"https:\/\/climatemaster.ge\/fr\/wp-json\/wp\/v2\/media\/39329"}],"wp:attachment":[{"href":"https:\/\/climatemaster.ge\/fr\/wp-json\/wp\/v2\/media?parent=39370"}],"wp:term":[{"taxonomy":"product_brand","embeddable":true,"href":"https:\/\/climatemaster.ge\/fr\/wp-json\/wp\/v2\/product_brand?post=39370"},{"taxonomy":"product_cat","embeddable":true,"href":"https:\/\/climatemaster.ge\/fr\/wp-json\/wp\/v2\/product_cat?post=39370"},{"taxonomy":"product_tag","embeddable":true,"href":"https:\/\/climatemaster.ge\/fr\/wp-json\/wp\/v2\/product_tag?post=39370"}],"curies":[{"name":"wp","href":"https:\/\/api.w.org\/{rel}","templated":true}]}}