{"id":38885,"date":"2025-09-09T20:11:12","date_gmt":"2025-09-09T16:11:12","guid":{"rendered":"https:\/\/airsystems.ge\/shop\/product\/adq-basic-diffusers-ceiling-diffuser-with-fixed-deflectors-for-air-supply-and-extraction-in-a-range-of-settings\/"},"modified":"2025-09-09T20:13:22","modified_gmt":"2025-09-09T16:13:22","slug":"adq-basic-diffusers-ceiling-diffuser-with-fixed-deflectors-for-air-supply-and-extraction-in-a-range-of-settings","status":"publish","type":"product","link":"https:\/\/climatemaster.ge\/fr\/produit\/adq-basic-diffusers-ceiling-diffuser-with-fixed-deflectors-for-air-supply-and-extraction-in-a-range-of-settings\/","title":{"rendered":"Diffuseurs ADQ Basic Diffuseur de plafond \u00e0 d\u00e9flecteurs fixes pour le soufflage et l&rsquo;extraction d&rsquo;air dans diverses configurations"},"content":{"rendered":"","protected":false},"excerpt":{"rendered":"<div class=\"row\">\n<div class=\"col-12 text-style-body-small\">\n<div class=\"richtext-wrap reset-margin-last\">\n<p>Installation au plafond<\/p>\n<p>Imperm\u00e9abilit\u00e9 longue dur\u00e9e<\/p>\n<p>Haute induction<\/p>\n<p>Soufflage et extraction d&rsquo;air<\/p>\n<\/div>\n<\/div>\n<\/div>\n<div class=\"flex flex-col gap-200\">\n<div class=\"flex flex-col flex-wrap gap-100 md:flex-row md:items-center gtm-purchase-option\" data-gtm-name=\"size\" data-gtm-label=\"Size\">\n<p><label class=\"flex gap-050 md:w-700 leading-none hyphens-auto print:w-full print:max-w-2\/5 text-label-small\">Size<\/label><\/p>\n<div class=\"flex flex-1 flex-wrap gap-050\"><button class=\"select-btn select-btn-small select-btn-selected gtm-purchase-option-value\" type=\"button\" data-gtm-name=\"250\" data-gtm-label=\"250\">250<\/button><button class=\"select-btn select-btn-small select-btn-default gtm-purchase-option-value\" type=\"button\" data-gtm-name=\"300\" data-gtm-label=\"300\">300<\/button><button class=\"select-btn select-btn-small select-btn-default gtm-purchase-option-value\" type=\"button\" data-gtm-name=\"400\" data-gtm-label=\"400\">400<\/button><button class=\"select-btn select-btn-small select-btn-default gtm-purchase-option-value\" type=\"button\" data-gtm-name=\"500\" data-gtm-label=\"500\">500<\/button><button class=\"select-btn select-btn-small select-btn-default gtm-purchase-option-value\" type=\"button\" data-gtm-name=\"600\" data-gtm-label=\"600\">600<\/button><button class=\"select-btn select-btn-small select-btn-default gtm-purchase-option-value\" type=\"button\" data-gtm-name=\"625\" data-gtm-label=\"625\">625<\/button><\/div>\n<\/div>\n<\/div>\n<div class=\"gtm-sku-info flex flex-col gap-y-050 text-label-tiny text-neutral-600\">\n<div class=\"flex flex-wrap items-baseline gap-x-100 gap-y-025\"><span class=\"gtm-article-name\">ADQ-250-SW<\/span><span class=\"whitespace-nowrap gtm-article-number text-base font-bold\">#215606<\/span><\/div>\n<\/div>\n","protected":false},"featured_media":38880,"template":"","meta":[],"product_brand":[],"product_cat":[1901,1895,1841],"product_tag":[],"class_list":{"0":"post-38885","1":"product","2":"type-product","3":"status-publish","4":"has-post-thumbnail","6":"product_cat-diffuseurs-de-base","7":"product_cat-diffuseurs-diffuseurs-pour-la-ventilation","8":"product_cat-produits-de-distribution-dair","10":"first","11":"instock","12":"shipping-taxable","13":"product-type-simple"},"yoast_head":"<!-- This site is optimized with the Yoast SEO plugin v27.1.1 - https:\/\/yoast.com\/product\/yoast-seo-wordpress\/ -->\n<title>Diffuseurs ADQ Basic Diffuseur de plafond \u00e0 d\u00e9flecteurs fixes pour le soufflage et l&#039;extraction d&#039;air dans diverses configurations - Climate Master<\/title>\n<meta name=\"robots\" content=\"index, follow, max-snippet:-1, max-image-preview:large, max-video-preview:-1\" \/>\n<link rel=\"canonical\" href=\"https:\/\/climatemaster.ge\/fr\/produit\/adq-basic-diffusers-ceiling-diffuser-with-fixed-deflectors-for-air-supply-and-extraction-in-a-range-of-settings\/\" \/>\n<meta property=\"og:locale\" content=\"fr_FR\" \/>\n<meta property=\"og:type\" content=\"article\" \/>\n<meta property=\"og:title\" content=\"Diffuseurs ADQ Basic Diffuseur de plafond \u00e0 d\u00e9flecteurs fixes pour le soufflage et l&#039;extraction d&#039;air dans diverses configurations - Climate Master\" \/>\n<meta property=\"og:description\" content=\"Installation au plafond  Imperm\u00e9abilit\u00e9 longue dur\u00e9e  Haute induction  Soufflage et extraction d&#039;air        Size 250300400500600625    ADQ-250-SW#215606\" \/>\n<meta property=\"og:url\" content=\"https:\/\/climatemaster.ge\/fr\/produit\/adq-basic-diffusers-ceiling-diffuser-with-fixed-deflectors-for-air-supply-and-extraction-in-a-range-of-settings\/\" \/>\n<meta property=\"og:site_name\" content=\"Climate Master\" \/>\n<meta property=\"article:modified_time\" content=\"2025-09-09T16:13:22+00:00\" \/>\n<meta property=\"og:image\" content=\"https:\/\/climatemaster.ge\/wp-content\/uploads\/2025\/09\/PRODUCT-MAIN-IMAGE_ADQ.jpg\" \/>\n\t<meta property=\"og:image:width\" content=\"384\" \/>\n\t<meta property=\"og:image:height\" content=\"288\" \/>\n\t<meta property=\"og:image:type\" content=\"image\/jpeg\" \/>\n<meta name=\"twitter:card\" content=\"summary_large_image\" \/>\n<script type=\"application\/ld+json\" class=\"yoast-schema-graph\">{\"@context\":\"https:\/\/schema.org\",\"@graph\":[{\"@type\":\"WebPage\",\"@id\":\"https:\/\/climatemaster.ge\/fr\/produit\/adq-basic-diffusers-ceiling-diffuser-with-fixed-deflectors-for-air-supply-and-extraction-in-a-range-of-settings\/\",\"url\":\"https:\/\/climatemaster.ge\/fr\/produit\/adq-basic-diffusers-ceiling-diffuser-with-fixed-deflectors-for-air-supply-and-extraction-in-a-range-of-settings\/\",\"name\":\"Diffuseurs ADQ Basic Diffuseur de plafond \u00e0 d\u00e9flecteurs fixes pour le soufflage et l'extraction d'air dans diverses configurations - Climate Master\",\"isPartOf\":{\"@id\":\"https:\/\/climatemaster.ge\/#website\"},\"primaryImageOfPage\":{\"@id\":\"https:\/\/climatemaster.ge\/fr\/produit\/adq-basic-diffusers-ceiling-diffuser-with-fixed-deflectors-for-air-supply-and-extraction-in-a-range-of-settings\/#primaryimage\"},\"image\":{\"@id\":\"https:\/\/climatemaster.ge\/fr\/produit\/adq-basic-diffusers-ceiling-diffuser-with-fixed-deflectors-for-air-supply-and-extraction-in-a-range-of-settings\/#primaryimage\"},\"thumbnailUrl\":\"https:\/\/climatemaster.ge\/wp-content\/uploads\/2025\/09\/PRODUCT-MAIN-IMAGE_ADQ.jpg\",\"datePublished\":\"2025-09-09T16:11:12+00:00\",\"dateModified\":\"2025-09-09T16:13:22+00:00\",\"breadcrumb\":{\"@id\":\"https:\/\/climatemaster.ge\/fr\/produit\/adq-basic-diffusers-ceiling-diffuser-with-fixed-deflectors-for-air-supply-and-extraction-in-a-range-of-settings\/#breadcrumb\"},\"inLanguage\":\"fr-FR\",\"potentialAction\":[{\"@type\":\"ReadAction\",\"target\":[\"https:\/\/climatemaster.ge\/fr\/produit\/adq-basic-diffusers-ceiling-diffuser-with-fixed-deflectors-for-air-supply-and-extraction-in-a-range-of-settings\/\"]}]},{\"@type\":\"ImageObject\",\"inLanguage\":\"fr-FR\",\"@id\":\"https:\/\/climatemaster.ge\/fr\/produit\/adq-basic-diffusers-ceiling-diffuser-with-fixed-deflectors-for-air-supply-and-extraction-in-a-range-of-settings\/#primaryimage\",\"url\":\"https:\/\/climatemaster.ge\/wp-content\/uploads\/2025\/09\/PRODUCT-MAIN-IMAGE_ADQ.jpg\",\"contentUrl\":\"https:\/\/climatemaster.ge\/wp-content\/uploads\/2025\/09\/PRODUCT-MAIN-IMAGE_ADQ.jpg\",\"width\":384,\"height\":288},{\"@type\":\"BreadcrumbList\",\"@id\":\"https:\/\/climatemaster.ge\/fr\/produit\/adq-basic-diffusers-ceiling-diffuser-with-fixed-deflectors-for-air-supply-and-extraction-in-a-range-of-settings\/#breadcrumb\",\"itemListElement\":[{\"@type\":\"ListItem\",\"position\":1,\"name\":\"Home\",\"item\":\"https:\/\/climatemaster.ge\/\"},{\"@type\":\"ListItem\",\"position\":2,\"name\":\"Products\",\"item\":\"https:\/\/climatemaster.ge\/products\/\"},{\"@type\":\"ListItem\",\"position\":3,\"name\":\"Diffuseurs ADQ Basic Diffuseur de plafond \u00e0 d\u00e9flecteurs fixes pour le soufflage et l&rsquo;extraction d&rsquo;air dans diverses configurations\"}]},{\"@type\":\"WebSite\",\"@id\":\"https:\/\/climatemaster.ge\/#website\",\"url\":\"https:\/\/climatemaster.ge\/\",\"name\":\"Climate Master\",\"description\":\"\",\"publisher\":{\"@id\":\"https:\/\/climatemaster.ge\/#organization\"},\"potentialAction\":[{\"@type\":\"SearchAction\",\"target\":{\"@type\":\"EntryPoint\",\"urlTemplate\":\"https:\/\/climatemaster.ge\/?s={search_term_string}\"},\"query-input\":{\"@type\":\"PropertyValueSpecification\",\"valueRequired\":true,\"valueName\":\"search_term_string\"}}],\"inLanguage\":\"fr-FR\"},{\"@type\":\"Organization\",\"@id\":\"https:\/\/climatemaster.ge\/#organization\",\"name\":\"Climate Master\",\"url\":\"https:\/\/climatemaster.ge\/\",\"logo\":{\"@type\":\"ImageObject\",\"inLanguage\":\"fr-FR\",\"@id\":\"https:\/\/climatemaster.ge\/#\/schema\/logo\/image\/\",\"url\":\"https:\/\/climatemaster.ge\/wp-content\/uploads\/2026\/03\/Untitled-2.png\",\"contentUrl\":\"https:\/\/climatemaster.ge\/wp-content\/uploads\/2026\/03\/Untitled-2.png\",\"width\":600,\"height\":338,\"caption\":\"Climate Master\"},\"image\":{\"@id\":\"https:\/\/climatemaster.ge\/#\/schema\/logo\/image\/\"}}]}<\/script>\n<!-- \/ Yoast SEO plugin. -->","yoast_head_json":{"title":"Diffuseurs ADQ Basic Diffuseur de plafond \u00e0 d\u00e9flecteurs fixes pour le soufflage et l'extraction d'air dans diverses configurations - Climate Master","robots":{"index":"index","follow":"follow","max-snippet":"max-snippet:-1","max-image-preview":"max-image-preview:large","max-video-preview":"max-video-preview:-1"},"canonical":"https:\/\/climatemaster.ge\/fr\/produit\/adq-basic-diffusers-ceiling-diffuser-with-fixed-deflectors-for-air-supply-and-extraction-in-a-range-of-settings\/","og_locale":"fr_FR","og_type":"article","og_title":"Diffuseurs ADQ Basic Diffuseur de plafond \u00e0 d\u00e9flecteurs fixes pour le soufflage et l'extraction d'air dans diverses configurations - Climate Master","og_description":"Installation au plafond  Imperm\u00e9abilit\u00e9 longue dur\u00e9e  Haute induction  Soufflage et extraction d'air        Size 250300400500600625    ADQ-250-SW#215606","og_url":"https:\/\/climatemaster.ge\/fr\/produit\/adq-basic-diffusers-ceiling-diffuser-with-fixed-deflectors-for-air-supply-and-extraction-in-a-range-of-settings\/","og_site_name":"Climate Master","article_modified_time":"2025-09-09T16:13:22+00:00","og_image":[{"width":384,"height":288,"url":"https:\/\/climatemaster.ge\/wp-content\/uploads\/2025\/09\/PRODUCT-MAIN-IMAGE_ADQ.jpg","type":"image\/jpeg"}],"twitter_card":"summary_large_image","schema":{"@context":"https:\/\/schema.org","@graph":[{"@type":"WebPage","@id":"https:\/\/climatemaster.ge\/fr\/produit\/adq-basic-diffusers-ceiling-diffuser-with-fixed-deflectors-for-air-supply-and-extraction-in-a-range-of-settings\/","url":"https:\/\/climatemaster.ge\/fr\/produit\/adq-basic-diffusers-ceiling-diffuser-with-fixed-deflectors-for-air-supply-and-extraction-in-a-range-of-settings\/","name":"Diffuseurs ADQ Basic Diffuseur de plafond \u00e0 d\u00e9flecteurs fixes pour le soufflage et l'extraction d'air dans diverses configurations - Climate Master","isPartOf":{"@id":"https:\/\/climatemaster.ge\/#website"},"primaryImageOfPage":{"@id":"https:\/\/climatemaster.ge\/fr\/produit\/adq-basic-diffusers-ceiling-diffuser-with-fixed-deflectors-for-air-supply-and-extraction-in-a-range-of-settings\/#primaryimage"},"image":{"@id":"https:\/\/climatemaster.ge\/fr\/produit\/adq-basic-diffusers-ceiling-diffuser-with-fixed-deflectors-for-air-supply-and-extraction-in-a-range-of-settings\/#primaryimage"},"thumbnailUrl":"https:\/\/climatemaster.ge\/wp-content\/uploads\/2025\/09\/PRODUCT-MAIN-IMAGE_ADQ.jpg","datePublished":"2025-09-09T16:11:12+00:00","dateModified":"2025-09-09T16:13:22+00:00","breadcrumb":{"@id":"https:\/\/climatemaster.ge\/fr\/produit\/adq-basic-diffusers-ceiling-diffuser-with-fixed-deflectors-for-air-supply-and-extraction-in-a-range-of-settings\/#breadcrumb"},"inLanguage":"fr-FR","potentialAction":[{"@type":"ReadAction","target":["https:\/\/climatemaster.ge\/fr\/produit\/adq-basic-diffusers-ceiling-diffuser-with-fixed-deflectors-for-air-supply-and-extraction-in-a-range-of-settings\/"]}]},{"@type":"ImageObject","inLanguage":"fr-FR","@id":"https:\/\/climatemaster.ge\/fr\/produit\/adq-basic-diffusers-ceiling-diffuser-with-fixed-deflectors-for-air-supply-and-extraction-in-a-range-of-settings\/#primaryimage","url":"https:\/\/climatemaster.ge\/wp-content\/uploads\/2025\/09\/PRODUCT-MAIN-IMAGE_ADQ.jpg","contentUrl":"https:\/\/climatemaster.ge\/wp-content\/uploads\/2025\/09\/PRODUCT-MAIN-IMAGE_ADQ.jpg","width":384,"height":288},{"@type":"BreadcrumbList","@id":"https:\/\/climatemaster.ge\/fr\/produit\/adq-basic-diffusers-ceiling-diffuser-with-fixed-deflectors-for-air-supply-and-extraction-in-a-range-of-settings\/#breadcrumb","itemListElement":[{"@type":"ListItem","position":1,"name":"Home","item":"https:\/\/climatemaster.ge\/"},{"@type":"ListItem","position":2,"name":"Products","item":"https:\/\/climatemaster.ge\/products\/"},{"@type":"ListItem","position":3,"name":"Diffuseurs ADQ Basic Diffuseur de plafond \u00e0 d\u00e9flecteurs fixes pour le soufflage et l&rsquo;extraction d&rsquo;air dans diverses configurations"}]},{"@type":"WebSite","@id":"https:\/\/climatemaster.ge\/#website","url":"https:\/\/climatemaster.ge\/","name":"Climate Master","description":"","publisher":{"@id":"https:\/\/climatemaster.ge\/#organization"},"potentialAction":[{"@type":"SearchAction","target":{"@type":"EntryPoint","urlTemplate":"https:\/\/climatemaster.ge\/?s={search_term_string}"},"query-input":{"@type":"PropertyValueSpecification","valueRequired":true,"valueName":"search_term_string"}}],"inLanguage":"fr-FR"},{"@type":"Organization","@id":"https:\/\/climatemaster.ge\/#organization","name":"Climate Master","url":"https:\/\/climatemaster.ge\/","logo":{"@type":"ImageObject","inLanguage":"fr-FR","@id":"https:\/\/climatemaster.ge\/#\/schema\/logo\/image\/","url":"https:\/\/climatemaster.ge\/wp-content\/uploads\/2026\/03\/Untitled-2.png","contentUrl":"https:\/\/climatemaster.ge\/wp-content\/uploads\/2026\/03\/Untitled-2.png","width":600,"height":338,"caption":"Climate Master"},"image":{"@id":"https:\/\/climatemaster.ge\/#\/schema\/logo\/image\/"}}]}},"_links":{"self":[{"href":"https:\/\/climatemaster.ge\/fr\/wp-json\/wp\/v2\/product\/38885","targetHints":{"allow":["GET"]}}],"collection":[{"href":"https:\/\/climatemaster.ge\/fr\/wp-json\/wp\/v2\/product"}],"about":[{"href":"https:\/\/climatemaster.ge\/fr\/wp-json\/wp\/v2\/types\/product"}],"wp:featuredmedia":[{"embeddable":true,"href":"https:\/\/climatemaster.ge\/fr\/wp-json\/wp\/v2\/media\/38880"}],"wp:attachment":[{"href":"https:\/\/climatemaster.ge\/fr\/wp-json\/wp\/v2\/media?parent=38885"}],"wp:term":[{"taxonomy":"product_brand","embeddable":true,"href":"https:\/\/climatemaster.ge\/fr\/wp-json\/wp\/v2\/product_brand?post=38885"},{"taxonomy":"product_cat","embeddable":true,"href":"https:\/\/climatemaster.ge\/fr\/wp-json\/wp\/v2\/product_cat?post=38885"},{"taxonomy":"product_tag","embeddable":true,"href":"https:\/\/climatemaster.ge\/fr\/wp-json\/wp\/v2\/product_tag?post=38885"}],"curies":[{"name":"wp","href":"https:\/\/api.w.org\/{rel}","templated":true}]}}