{"id":38671,"date":"2025-09-09T19:17:35","date_gmt":"2025-09-09T15:17:35","guid":{"rendered":"https:\/\/airsystems.ge\/shop\/product\/aqua-h-linear-diffusers-linear-slot-diffuser-ideal-for-swimming-pool-installations\/"},"modified":"2025-09-09T19:20:11","modified_gmt":"2025-09-09T15:20:11","slug":"aqua-h-linear-diffusers-linear-slot-diffuser-ideal-for-swimming-pool-installations","status":"publish","type":"product","link":"https:\/\/climatemaster.ge\/fr\/produit\/aqua-h-linear-diffusers-linear-slot-diffuser-ideal-for-swimming-pool-installations\/","title":{"rendered":"Diffuseurs lin\u00e9aires AQUA-H Diffuseur lin\u00e9aire \u00e0 fentes, id\u00e9al pour les installations en piscine"},"content":{"rendered":"<p><iframe loading=\"lazy\" title=\"AQUA-H Slot diffuser\" width=\"500\" height=\"281\" src=\"https:\/\/www.youtube.com\/embed\/tJ3xPCp-JE4?feature=oembed\" frameborder=\"0\" allow=\"accelerometer; autoplay; clipboard-write; encrypted-media; gyroscope; picture-in-picture; web-share\" referrerpolicy=\"strict-origin-when-cross-origin\" allowfullscreen><\/iframe><\/p>\n<p>&nbsp;<\/p>\n","protected":false},"excerpt":{"rendered":"<div class=\"row\">\n<div class=\"col-12 text-style-body-small\">\n<div class=\"richtext-wrap reset-margin-last\">\n<p>Design moderne, fin et compact<\/p>\n<p>Faible niveau sonore pour une vitesse de soufflage d&rsquo;air suffisamment \u00e9lev\u00e9e<\/p>\n<p>Diffuseur homog\u00e8ne sur toute la longueur<\/p>\n<p>Segments de diffuseur individuels de diff\u00e9rentes longueurs<\/p>\n<p>Segments avec profil\u00e9s de s\u00e9paration des fentes amovibles et segments \u00e0 90\u00b0 disponibles<\/p>\n<p>Installation possible en plusieurs groupes de segments de diffuseur<\/p>\n<p>Conception robuste permettant de marcher sur le diffuseur install\u00e9<\/p>\n<p>Pl\u00e9nums de raccordement avec raccordement par le bas ou par le c\u00f4t\u00e9<\/p>\n<\/div>\n<\/div>\n<\/div>\n<div>\n<div class=\"dropdown-wrapper\"><select class=\"form-dropdown form-input\"><option value=\"508394\">AQUA-H-1-10-1000<\/option><option value=\"508397\">AQUA-H-1-10-1500<\/option><option value=\"508430\">AQUA-H-1-10-2000<\/option><option value=\"508433\">AQUA-H-1-10-2500<\/option><option value=\"508436\">AQUA-H-1-10-3000<\/option><option value=\"508391\">AQUA-H-1-10-500<\/option><option value=\"508395\">AQUA-H-1-12-1000<\/option><option value=\"508398\">AQUA-H-1-12-1500<\/option><option value=\"508431\">AQUA-H-1-12-2000<\/option><option value=\"508434\">AQUA-H-1-12-2500<\/option><option value=\"508437\">AQUA-H-1-12-3000<\/option><option value=\"508392\">AQUA-H-1-12-500<\/option><option value=\"508393\">AQUA-H-1-8-1000<\/option><option value=\"508396\">AQUA-H-1-8-1500<\/option><option value=\"508399\">AQUA-H-1-8-2000<\/option><option value=\"508432\">AQUA-H-1-8-2500<\/option><option value=\"508435\">AQUA-H-1-8-3000<\/option><option value=\"508390\">AQUA-H-1-8-500<\/option><option value=\"508442\">AQUA-H-2-10-1000<\/option><option value=\"508445\">AQUA-H-2-10-1500<\/option><option value=\"508448\">AQUA-H-2-10-2000<\/option><option value=\"508451\">AQUA-H-2-10-2500<\/option><option value=\"508454\">AQUA-H-2-10-3000<\/option><option value=\"508439\">AQUA-H-2-10-500<\/option><option value=\"508443\">AQUA-H-2-12-1000<\/option><option value=\"508446\">AQUA-H-2-12-1500<\/option><option value=\"508449\">AQUA-H-2-12-2000<\/option><option value=\"508452\">AQUA-H-2-12-2500<\/option><option value=\"508455\">AQUA-H-2-12-3000<\/option><option value=\"508440\">AQUA-H-2-12-500<\/option><option value=\"508441\">AQUA-H-2-8-1000<\/option><option value=\"508444\">AQUA-H-2-8-1500<\/option><option value=\"508447\">AQUA-H-2-8-2000<\/option><option value=\"508450\">AQUA-H-2-8-2500<\/option><option value=\"508453\">AQUA-H-2-8-3000<\/option><option value=\"508438\">AQUA-H-2-8-500<\/option><option value=\"508460\">AQUA-H-3-10-1000<\/option><option value=\"508463\">AQUA-H-3-10-1500<\/option><option value=\"508466\">AQUA-H-3-10-2000<\/option><option value=\"508469\">AQUA-H-3-10-2500<\/option><option value=\"508472\">AQUA-H-3-10-3000<\/option><option value=\"508457\">AQUA-H-3-10-500<\/option><option value=\"508461\">AQUA-H-3-12-1000<\/option><option value=\"508464\">AQUA-H-3-12-1500<\/option><option value=\"508467\">AQUA-H-3-12-2000<\/option><option value=\"508470\">AQUA-H-3-12-2500<\/option><option value=\"508473\">AQUA-H-3-12-3000<\/option><option value=\"508458\">AQUA-H-3-12-500<\/option><option value=\"508459\">AQUA-H-3-8-1000<\/option><option value=\"508462\">AQUA-H-3-8-1500<\/option><option value=\"508465\">AQUA-H-3-8-2000<\/option><option value=\"508468\">AQUA-H-3-8-2500<\/option><option value=\"508471\">AQUA-H-3-8-3000<\/option><option value=\"508456\">AQUA-H-3-8-500<\/option><option value=\"508478\">AQUA-H-4-10-1000<\/option><option value=\"508483\">AQUA-H-4-10-1500<\/option><option value=\"508487\">AQUA-H-4-10-2000<\/option><option value=\"508513\">AQUA-H-4-10-2500<\/option><option value=\"508516\">AQUA-H-4-10-3000<\/option><option value=\"508475\">AQUA-H-4-10-500<\/option><option value=\"508479\">AQUA-H-4-12-1000<\/option><option value=\"508484\">AQUA-H-4-12-1500<\/option><option value=\"508494\">AQUA-H-4-12-2000<\/option><option value=\"508514\">AQUA-H-4-12-2500<\/option><option value=\"508517\">AQUA-H-4-12-3000<\/option><option value=\"508476\">AQUA-H-4-12-500<\/option><option value=\"508477\">AQUA-H-4-8-1000<\/option><option value=\"508480\">AQUA-H-4-8-1500<\/option><option value=\"508486\">AQUA-H-4-8-2000<\/option><option value=\"508512\">AQUA-H-4-8-2500<\/option><option value=\"508515\">AQUA-H-4-8-3000<\/option><option value=\"508474\">AQUA-H-4-8-500<\/option><option value=\"508522\">AQUA-H-5-10-1000<\/option><option value=\"508525\">AQUA-H-5-10-1500<\/option><option value=\"508528\">AQUA-H-5-10-2000<\/option><option value=\"508531\">AQUA-H-5-10-2500<\/option><option value=\"508534\">AQUA-H-5-10-3000<\/option><option value=\"508519\">AQUA-H-5-10-500<\/option><option value=\"508523\">AQUA-H-5-12-1000<\/option><option value=\"508526\">AQUA-H-5-12-1500<\/option><option value=\"508529\">AQUA-H-5-12-2000<\/option><option value=\"508532\">AQUA-H-5-12-2500<\/option><option value=\"508535\">AQUA-H-5-12-3000<\/option><option value=\"508520\">AQUA-H-5-12-500<\/option><option value=\"508521\">AQUA-H-5-8-1000<\/option><option value=\"508524\">AQUA-H-5-8-1500<\/option><option value=\"508527\">AQUA-H-5-8-2000<\/option><option value=\"508530\">AQUA-H-5-8-2500<\/option><option value=\"508533\">AQUA-H-5-8-3000<\/option><option value=\"508518\">AQUA-H-5-8-500<\/option><option value=\"508540\">AQUA-H-6-10-1000<\/option><option value=\"508543\">AQUA-H-6-10-1500<\/option><option value=\"508546\">AQUA-H-6-10-2000<\/option><option value=\"508549\">AQUA-H-6-10-2500<\/option><option value=\"508552\">AQUA-H-6-10-3000<\/option><option value=\"508537\">AQUA-H-6-10-500<\/option><option value=\"508541\">AQUA-H-6-12-1000<\/option><option value=\"508544\">AQUA-H-6-12-1500<\/option><option value=\"508547\">AQUA-H-6-12-2000<\/option><option value=\"508550\">AQUA-H-6-12-2500<\/option><option value=\"508553\">AQUA-H-6-12-3000<\/option><option value=\"508538\">AQUA-H-6-12-500<\/option><option value=\"508539\">AQUA-H-6-8-1000<\/option><option value=\"508542\">AQUA-H-6-8-1500<\/option><option value=\"508545\">AQUA-H-6-8-2000<\/option><option value=\"508548\">AQUA-H-6-8-2500<\/option><option value=\"508551\">AQUA-H-6-8-3000<\/option><option value=\"508536\">AQUA-H-6-8-500<\/option><\/select><\/div>\n<\/div>\n<div class=\"gtm-sku-info flex flex-col gap-y-050 text-label-tiny text-neutral-600\">\n<div class=\"flex flex-wrap items-baseline gap-x-100 gap-y-025\"><span class=\"gtm-article-name\">AQUA-H-1-10-1000<\/span><span class=\"whitespace-nowrap gtm-article-number text-base font-bold\">#508394<\/span><\/div>\n<\/div>\n","protected":false},"featured_media":38642,"template":"","meta":[],"product_brand":[],"product_cat":[1895,1925,1841],"product_tag":[],"class_list":{"0":"post-38671","1":"product","2":"type-product","3":"status-publish","4":"has-post-thumbnail","6":"product_cat-diffuseurs-diffuseurs-pour-la-ventilation","7":"product_cat-diffuseurs-lineaires","8":"product_cat-produits-de-distribution-dair","10":"first","11":"instock","12":"shipping-taxable","13":"product-type-simple"},"yoast_head":"<!-- This site is optimized with the Yoast SEO plugin v27.1.1 - https:\/\/yoast.com\/product\/yoast-seo-wordpress\/ -->\n<title>Diffuseurs lin\u00e9aires AQUA-H Diffuseur lin\u00e9aire \u00e0 fentes, id\u00e9al pour les installations en piscine - Climate Master<\/title>\n<meta name=\"robots\" content=\"index, follow, max-snippet:-1, max-image-preview:large, max-video-preview:-1\" \/>\n<link rel=\"canonical\" href=\"https:\/\/climatemaster.ge\/fr\/produit\/aqua-h-linear-diffusers-linear-slot-diffuser-ideal-for-swimming-pool-installations\/\" \/>\n<meta property=\"og:locale\" content=\"fr_FR\" \/>\n<meta property=\"og:type\" content=\"article\" \/>\n<meta property=\"og:title\" content=\"Diffuseurs lin\u00e9aires AQUA-H Diffuseur lin\u00e9aire \u00e0 fentes, id\u00e9al pour les installations en piscine - Climate Master\" \/>\n<meta property=\"og:description\" content=\"Design moderne, fin et compact  Faible niveau sonore pour une vitesse de soufflage d&#039;air suffisamment \u00e9lev\u00e9e  Diffuseur homog\u00e8ne sur toute la longueur  Segments de diffuseur individuels de diff\u00e9rentes longueurs  Segments avec profil\u00e9s de s\u00e9paration des fentes amovibles et segments \u00e0 90\u00b0 disponibles  Installation possible en plusieurs groupes de segments de diffuseur  Conception robuste permettant de marcher sur le diffuseur install\u00e9  Pl\u00e9nums de raccordement avec raccordement par le bas ou par le c\u00f4t\u00e9       AQUA-H-1-10-1000 AQUA-H-1-10-1500 AQUA-H-1-10-2000 AQUA-H-1-10-2500 AQUA-H-1-10-3000 AQUA-H-1-10-500 AQUA-H-1-12-1000 AQUA-H-1-12-1500 AQUA-H-1-12-2000 AQUA-H-1-12-2500 AQUA-H-1-12-3000 AQUA-H-1-12-500 AQUA-H-1-8-1000 AQUA-H-1-8-1500 AQUA-H-1-8-2000 AQUA-H-1-8-2500 AQUA-H-1-8-3000 AQUA-H-1-8-500 AQUA-H-2-10-1000 AQUA-H-2-10-1500 AQUA-H-2-10-2000 AQUA-H-2-10-2500 AQUA-H-2-10-3000 AQUA-H-2-10-500 AQUA-H-2-12-1000 AQUA-H-2-12-1500 AQUA-H-2-12-2000 AQUA-H-2-12-2500 AQUA-H-2-12-3000 AQUA-H-2-12-500 AQUA-H-2-8-1000 AQUA-H-2-8-1500 AQUA-H-2-8-2000 AQUA-H-2-8-2500 AQUA-H-2-8-3000 AQUA-H-2-8-500 AQUA-H-3-10-1000 AQUA-H-3-10-1500 AQUA-H-3-10-2000 AQUA-H-3-10-2500 AQUA-H-3-10-3000 AQUA-H-3-10-500 AQUA-H-3-12-1000 AQUA-H-3-12-1500 AQUA-H-3-12-2000 AQUA-H-3-12-2500 AQUA-H-3-12-3000 AQUA-H-3-12-500 AQUA-H-3-8-1000 AQUA-H-3-8-1500 AQUA-H-3-8-2000 AQUA-H-3-8-2500 AQUA-H-3-8-3000 AQUA-H-3-8-500 AQUA-H-4-10-1000 AQUA-H-4-10-1500 AQUA-H-4-10-2000 AQUA-H-4-10-2500 AQUA-H-4-10-3000 AQUA-H-4-10-500 AQUA-H-4-12-1000 AQUA-H-4-12-1500 AQUA-H-4-12-2000 AQUA-H-4-12-2500 AQUA-H-4-12-3000 AQUA-H-4-12-500 AQUA-H-4-8-1000 AQUA-H-4-8-1500 AQUA-H-4-8-2000 AQUA-H-4-8-2500 AQUA-H-4-8-3000 AQUA-H-4-8-500 AQUA-H-5-10-1000 AQUA-H-5-10-1500 AQUA-H-5-10-2000 AQUA-H-5-10-2500 AQUA-H-5-10-3000 AQUA-H-5-10-500 AQUA-H-5-12-1000 AQUA-H-5-12-1500 AQUA-H-5-12-2000 AQUA-H-5-12-2500 AQUA-H-5-12-3000 AQUA-H-5-12-500 AQUA-H-5-8-1000 AQUA-H-5-8-1500 AQUA-H-5-8-2000 AQUA-H-5-8-2500 AQUA-H-5-8-3000 AQUA-H-5-8-500 AQUA-H-6-10-1000 AQUA-H-6-10-1500 AQUA-H-6-10-2000 AQUA-H-6-10-2500 AQUA-H-6-10-3000 AQUA-H-6-10-500 AQUA-H-6-12-1000 AQUA-H-6-12-1500 AQUA-H-6-12-2000 AQUA-H-6-12-2500 AQUA-H-6-12-3000 AQUA-H-6-12-500 AQUA-H-6-8-1000 AQUA-H-6-8-1500 AQUA-H-6-8-2000 AQUA-H-6-8-2500 AQUA-H-6-8-3000 AQUA-H-6-8-500    AQUA-H-1-10-1000#508394\" \/>\n<meta property=\"og:url\" content=\"https:\/\/climatemaster.ge\/fr\/produit\/aqua-h-linear-diffusers-linear-slot-diffuser-ideal-for-swimming-pool-installations\/\" \/>\n<meta property=\"og:site_name\" content=\"Climate Master\" \/>\n<meta property=\"article:modified_time\" content=\"2025-09-09T15:20:11+00:00\" \/>\n<meta property=\"og:image\" content=\"https:\/\/climatemaster.ge\/wp-content\/uploads\/2025\/09\/RENDERING_AQUA-H_HQ.jpg\" \/>\n\t<meta property=\"og:image:width\" content=\"384\" \/>\n\t<meta property=\"og:image:height\" content=\"288\" \/>\n\t<meta property=\"og:image:type\" content=\"image\/jpeg\" \/>\n<meta name=\"twitter:card\" content=\"summary_large_image\" \/>\n<script type=\"application\/ld+json\" class=\"yoast-schema-graph\">{\"@context\":\"https:\/\/schema.org\",\"@graph\":[{\"@type\":\"WebPage\",\"@id\":\"https:\/\/climatemaster.ge\/fr\/produit\/aqua-h-linear-diffusers-linear-slot-diffuser-ideal-for-swimming-pool-installations\/\",\"url\":\"https:\/\/climatemaster.ge\/fr\/produit\/aqua-h-linear-diffusers-linear-slot-diffuser-ideal-for-swimming-pool-installations\/\",\"name\":\"Diffuseurs lin\u00e9aires AQUA-H Diffuseur lin\u00e9aire \u00e0 fentes, id\u00e9al pour les installations en piscine - Climate Master\",\"isPartOf\":{\"@id\":\"https:\/\/climatemaster.ge\/#website\"},\"primaryImageOfPage\":{\"@id\":\"https:\/\/climatemaster.ge\/fr\/produit\/aqua-h-linear-diffusers-linear-slot-diffuser-ideal-for-swimming-pool-installations\/#primaryimage\"},\"image\":{\"@id\":\"https:\/\/climatemaster.ge\/fr\/produit\/aqua-h-linear-diffusers-linear-slot-diffuser-ideal-for-swimming-pool-installations\/#primaryimage\"},\"thumbnailUrl\":\"https:\/\/climatemaster.ge\/wp-content\/uploads\/2025\/09\/RENDERING_AQUA-H_HQ.jpg\",\"datePublished\":\"2025-09-09T15:17:35+00:00\",\"dateModified\":\"2025-09-09T15:20:11+00:00\",\"breadcrumb\":{\"@id\":\"https:\/\/climatemaster.ge\/fr\/produit\/aqua-h-linear-diffusers-linear-slot-diffuser-ideal-for-swimming-pool-installations\/#breadcrumb\"},\"inLanguage\":\"fr-FR\",\"potentialAction\":[{\"@type\":\"ReadAction\",\"target\":[\"https:\/\/climatemaster.ge\/fr\/produit\/aqua-h-linear-diffusers-linear-slot-diffuser-ideal-for-swimming-pool-installations\/\"]}]},{\"@type\":\"ImageObject\",\"inLanguage\":\"fr-FR\",\"@id\":\"https:\/\/climatemaster.ge\/fr\/produit\/aqua-h-linear-diffusers-linear-slot-diffuser-ideal-for-swimming-pool-installations\/#primaryimage\",\"url\":\"https:\/\/climatemaster.ge\/wp-content\/uploads\/2025\/09\/RENDERING_AQUA-H_HQ.jpg\",\"contentUrl\":\"https:\/\/climatemaster.ge\/wp-content\/uploads\/2025\/09\/RENDERING_AQUA-H_HQ.jpg\",\"width\":384,\"height\":288},{\"@type\":\"BreadcrumbList\",\"@id\":\"https:\/\/climatemaster.ge\/fr\/produit\/aqua-h-linear-diffusers-linear-slot-diffuser-ideal-for-swimming-pool-installations\/#breadcrumb\",\"itemListElement\":[{\"@type\":\"ListItem\",\"position\":1,\"name\":\"Home\",\"item\":\"https:\/\/climatemaster.ge\/\"},{\"@type\":\"ListItem\",\"position\":2,\"name\":\"Products\",\"item\":\"https:\/\/climatemaster.ge\/products\/\"},{\"@type\":\"ListItem\",\"position\":3,\"name\":\"Diffuseurs lin\u00e9aires AQUA-H Diffuseur lin\u00e9aire \u00e0 fentes, id\u00e9al pour les installations en piscine\"}]},{\"@type\":\"WebSite\",\"@id\":\"https:\/\/climatemaster.ge\/#website\",\"url\":\"https:\/\/climatemaster.ge\/\",\"name\":\"Climate Master\",\"description\":\"\",\"publisher\":{\"@id\":\"https:\/\/climatemaster.ge\/#organization\"},\"potentialAction\":[{\"@type\":\"SearchAction\",\"target\":{\"@type\":\"EntryPoint\",\"urlTemplate\":\"https:\/\/climatemaster.ge\/?s={search_term_string}\"},\"query-input\":{\"@type\":\"PropertyValueSpecification\",\"valueRequired\":true,\"valueName\":\"search_term_string\"}}],\"inLanguage\":\"fr-FR\"},{\"@type\":\"Organization\",\"@id\":\"https:\/\/climatemaster.ge\/#organization\",\"name\":\"Climate Master\",\"url\":\"https:\/\/climatemaster.ge\/\",\"logo\":{\"@type\":\"ImageObject\",\"inLanguage\":\"fr-FR\",\"@id\":\"https:\/\/climatemaster.ge\/#\/schema\/logo\/image\/\",\"url\":\"https:\/\/climatemaster.ge\/wp-content\/uploads\/2026\/03\/Untitled-2.png\",\"contentUrl\":\"https:\/\/climatemaster.ge\/wp-content\/uploads\/2026\/03\/Untitled-2.png\",\"width\":600,\"height\":338,\"caption\":\"Climate Master\"},\"image\":{\"@id\":\"https:\/\/climatemaster.ge\/#\/schema\/logo\/image\/\"}}]}<\/script>\n<!-- \/ Yoast SEO plugin. -->","yoast_head_json":{"title":"Diffuseurs lin\u00e9aires AQUA-H Diffuseur lin\u00e9aire \u00e0 fentes, id\u00e9al pour les installations en piscine - Climate Master","robots":{"index":"index","follow":"follow","max-snippet":"max-snippet:-1","max-image-preview":"max-image-preview:large","max-video-preview":"max-video-preview:-1"},"canonical":"https:\/\/climatemaster.ge\/fr\/produit\/aqua-h-linear-diffusers-linear-slot-diffuser-ideal-for-swimming-pool-installations\/","og_locale":"fr_FR","og_type":"article","og_title":"Diffuseurs lin\u00e9aires AQUA-H Diffuseur lin\u00e9aire \u00e0 fentes, id\u00e9al pour les installations en piscine - Climate Master","og_description":"Design moderne, fin et compact  Faible niveau sonore pour une vitesse de soufflage d'air suffisamment \u00e9lev\u00e9e  Diffuseur homog\u00e8ne sur toute la longueur  Segments de diffuseur individuels de diff\u00e9rentes longueurs  Segments avec profil\u00e9s de s\u00e9paration des fentes amovibles et segments \u00e0 90\u00b0 disponibles  Installation possible en plusieurs groupes de segments de diffuseur  Conception robuste permettant de marcher sur le diffuseur install\u00e9  Pl\u00e9nums de raccordement avec raccordement par le bas ou par le c\u00f4t\u00e9       AQUA-H-1-10-1000 AQUA-H-1-10-1500 AQUA-H-1-10-2000 AQUA-H-1-10-2500 AQUA-H-1-10-3000 AQUA-H-1-10-500 AQUA-H-1-12-1000 AQUA-H-1-12-1500 AQUA-H-1-12-2000 AQUA-H-1-12-2500 AQUA-H-1-12-3000 AQUA-H-1-12-500 AQUA-H-1-8-1000 AQUA-H-1-8-1500 AQUA-H-1-8-2000 AQUA-H-1-8-2500 AQUA-H-1-8-3000 AQUA-H-1-8-500 AQUA-H-2-10-1000 AQUA-H-2-10-1500 AQUA-H-2-10-2000 AQUA-H-2-10-2500 AQUA-H-2-10-3000 AQUA-H-2-10-500 AQUA-H-2-12-1000 AQUA-H-2-12-1500 AQUA-H-2-12-2000 AQUA-H-2-12-2500 AQUA-H-2-12-3000 AQUA-H-2-12-500 AQUA-H-2-8-1000 AQUA-H-2-8-1500 AQUA-H-2-8-2000 AQUA-H-2-8-2500 AQUA-H-2-8-3000 AQUA-H-2-8-500 AQUA-H-3-10-1000 AQUA-H-3-10-1500 AQUA-H-3-10-2000 AQUA-H-3-10-2500 AQUA-H-3-10-3000 AQUA-H-3-10-500 AQUA-H-3-12-1000 AQUA-H-3-12-1500 AQUA-H-3-12-2000 AQUA-H-3-12-2500 AQUA-H-3-12-3000 AQUA-H-3-12-500 AQUA-H-3-8-1000 AQUA-H-3-8-1500 AQUA-H-3-8-2000 AQUA-H-3-8-2500 AQUA-H-3-8-3000 AQUA-H-3-8-500 AQUA-H-4-10-1000 AQUA-H-4-10-1500 AQUA-H-4-10-2000 AQUA-H-4-10-2500 AQUA-H-4-10-3000 AQUA-H-4-10-500 AQUA-H-4-12-1000 AQUA-H-4-12-1500 AQUA-H-4-12-2000 AQUA-H-4-12-2500 AQUA-H-4-12-3000 AQUA-H-4-12-500 AQUA-H-4-8-1000 AQUA-H-4-8-1500 AQUA-H-4-8-2000 AQUA-H-4-8-2500 AQUA-H-4-8-3000 AQUA-H-4-8-500 AQUA-H-5-10-1000 AQUA-H-5-10-1500 AQUA-H-5-10-2000 AQUA-H-5-10-2500 AQUA-H-5-10-3000 AQUA-H-5-10-500 AQUA-H-5-12-1000 AQUA-H-5-12-1500 AQUA-H-5-12-2000 AQUA-H-5-12-2500 AQUA-H-5-12-3000 AQUA-H-5-12-500 AQUA-H-5-8-1000 AQUA-H-5-8-1500 AQUA-H-5-8-2000 AQUA-H-5-8-2500 AQUA-H-5-8-3000 AQUA-H-5-8-500 AQUA-H-6-10-1000 AQUA-H-6-10-1500 AQUA-H-6-10-2000 AQUA-H-6-10-2500 AQUA-H-6-10-3000 AQUA-H-6-10-500 AQUA-H-6-12-1000 AQUA-H-6-12-1500 AQUA-H-6-12-2000 AQUA-H-6-12-2500 AQUA-H-6-12-3000 AQUA-H-6-12-500 AQUA-H-6-8-1000 AQUA-H-6-8-1500 AQUA-H-6-8-2000 AQUA-H-6-8-2500 AQUA-H-6-8-3000 AQUA-H-6-8-500    AQUA-H-1-10-1000#508394","og_url":"https:\/\/climatemaster.ge\/fr\/produit\/aqua-h-linear-diffusers-linear-slot-diffuser-ideal-for-swimming-pool-installations\/","og_site_name":"Climate Master","article_modified_time":"2025-09-09T15:20:11+00:00","og_image":[{"width":384,"height":288,"url":"https:\/\/climatemaster.ge\/wp-content\/uploads\/2025\/09\/RENDERING_AQUA-H_HQ.jpg","type":"image\/jpeg"}],"twitter_card":"summary_large_image","schema":{"@context":"https:\/\/schema.org","@graph":[{"@type":"WebPage","@id":"https:\/\/climatemaster.ge\/fr\/produit\/aqua-h-linear-diffusers-linear-slot-diffuser-ideal-for-swimming-pool-installations\/","url":"https:\/\/climatemaster.ge\/fr\/produit\/aqua-h-linear-diffusers-linear-slot-diffuser-ideal-for-swimming-pool-installations\/","name":"Diffuseurs lin\u00e9aires AQUA-H Diffuseur lin\u00e9aire \u00e0 fentes, id\u00e9al pour les installations en piscine - Climate Master","isPartOf":{"@id":"https:\/\/climatemaster.ge\/#website"},"primaryImageOfPage":{"@id":"https:\/\/climatemaster.ge\/fr\/produit\/aqua-h-linear-diffusers-linear-slot-diffuser-ideal-for-swimming-pool-installations\/#primaryimage"},"image":{"@id":"https:\/\/climatemaster.ge\/fr\/produit\/aqua-h-linear-diffusers-linear-slot-diffuser-ideal-for-swimming-pool-installations\/#primaryimage"},"thumbnailUrl":"https:\/\/climatemaster.ge\/wp-content\/uploads\/2025\/09\/RENDERING_AQUA-H_HQ.jpg","datePublished":"2025-09-09T15:17:35+00:00","dateModified":"2025-09-09T15:20:11+00:00","breadcrumb":{"@id":"https:\/\/climatemaster.ge\/fr\/produit\/aqua-h-linear-diffusers-linear-slot-diffuser-ideal-for-swimming-pool-installations\/#breadcrumb"},"inLanguage":"fr-FR","potentialAction":[{"@type":"ReadAction","target":["https:\/\/climatemaster.ge\/fr\/produit\/aqua-h-linear-diffusers-linear-slot-diffuser-ideal-for-swimming-pool-installations\/"]}]},{"@type":"ImageObject","inLanguage":"fr-FR","@id":"https:\/\/climatemaster.ge\/fr\/produit\/aqua-h-linear-diffusers-linear-slot-diffuser-ideal-for-swimming-pool-installations\/#primaryimage","url":"https:\/\/climatemaster.ge\/wp-content\/uploads\/2025\/09\/RENDERING_AQUA-H_HQ.jpg","contentUrl":"https:\/\/climatemaster.ge\/wp-content\/uploads\/2025\/09\/RENDERING_AQUA-H_HQ.jpg","width":384,"height":288},{"@type":"BreadcrumbList","@id":"https:\/\/climatemaster.ge\/fr\/produit\/aqua-h-linear-diffusers-linear-slot-diffuser-ideal-for-swimming-pool-installations\/#breadcrumb","itemListElement":[{"@type":"ListItem","position":1,"name":"Home","item":"https:\/\/climatemaster.ge\/"},{"@type":"ListItem","position":2,"name":"Products","item":"https:\/\/climatemaster.ge\/products\/"},{"@type":"ListItem","position":3,"name":"Diffuseurs lin\u00e9aires AQUA-H Diffuseur lin\u00e9aire \u00e0 fentes, id\u00e9al pour les installations en piscine"}]},{"@type":"WebSite","@id":"https:\/\/climatemaster.ge\/#website","url":"https:\/\/climatemaster.ge\/","name":"Climate Master","description":"","publisher":{"@id":"https:\/\/climatemaster.ge\/#organization"},"potentialAction":[{"@type":"SearchAction","target":{"@type":"EntryPoint","urlTemplate":"https:\/\/climatemaster.ge\/?s={search_term_string}"},"query-input":{"@type":"PropertyValueSpecification","valueRequired":true,"valueName":"search_term_string"}}],"inLanguage":"fr-FR"},{"@type":"Organization","@id":"https:\/\/climatemaster.ge\/#organization","name":"Climate Master","url":"https:\/\/climatemaster.ge\/","logo":{"@type":"ImageObject","inLanguage":"fr-FR","@id":"https:\/\/climatemaster.ge\/#\/schema\/logo\/image\/","url":"https:\/\/climatemaster.ge\/wp-content\/uploads\/2026\/03\/Untitled-2.png","contentUrl":"https:\/\/climatemaster.ge\/wp-content\/uploads\/2026\/03\/Untitled-2.png","width":600,"height":338,"caption":"Climate Master"},"image":{"@id":"https:\/\/climatemaster.ge\/#\/schema\/logo\/image\/"}}]}},"_links":{"self":[{"href":"https:\/\/climatemaster.ge\/fr\/wp-json\/wp\/v2\/product\/38671","targetHints":{"allow":["GET"]}}],"collection":[{"href":"https:\/\/climatemaster.ge\/fr\/wp-json\/wp\/v2\/product"}],"about":[{"href":"https:\/\/climatemaster.ge\/fr\/wp-json\/wp\/v2\/types\/product"}],"wp:featuredmedia":[{"embeddable":true,"href":"https:\/\/climatemaster.ge\/fr\/wp-json\/wp\/v2\/media\/38642"}],"wp:attachment":[{"href":"https:\/\/climatemaster.ge\/fr\/wp-json\/wp\/v2\/media?parent=38671"}],"wp:term":[{"taxonomy":"product_brand","embeddable":true,"href":"https:\/\/climatemaster.ge\/fr\/wp-json\/wp\/v2\/product_brand?post=38671"},{"taxonomy":"product_cat","embeddable":true,"href":"https:\/\/climatemaster.ge\/fr\/wp-json\/wp\/v2\/product_cat?post=38671"},{"taxonomy":"product_tag","embeddable":true,"href":"https:\/\/climatemaster.ge\/fr\/wp-json\/wp\/v2\/product_tag?post=38671"}],"curies":[{"name":"wp","href":"https:\/\/api.w.org\/{rel}","templated":true}]}}