{"id":38532,"date":"2025-09-09T18:21:42","date_gmt":"2025-09-09T14:21:42","guid":{"rendered":"https:\/\/airsystems.ge\/shop\/product\/tsn-f-swirl-diffusers-swirl-diffuser-for-t-bar-ceilings\/"},"modified":"2025-09-09T18:24:38","modified_gmt":"2025-09-09T14:24:38","slug":"tsn-f-swirl-diffusers-swirl-diffuser-for-t-bar-ceilings","status":"publish","type":"product","link":"https:\/\/climatemaster.ge\/fr\/produit\/tsn-f-swirl-diffusers-swirl-diffuser-for-t-bar-ceilings\/","title":{"rendered":"Diffuseurs h\u00e9lico\u00efdaux TSN-F Diffuseur h\u00e9lico\u00efdal pour plafonds \u00e0 barres en T"},"content":{"rendered":"","protected":false},"excerpt":{"rendered":"<div class=\"row\">\n<div class=\"col-12 text-style-body-small\">\n<div class=\"richtext-wrap reset-margin-last\">\n<p>Conception simple et s\u00fbre, installation et manipulation ais\u00e9es<\/p>\n<p>Fonctionne sans pl\u00e9num de raccordement, peut \u00eatre raccord\u00e9 directement \u00e0 la gaine<\/p>\n<p>Faible encombrement<\/p>\n<p>Bon \u00e9quilibre entre d\u00e9bit d&rsquo;air, perte de charge et niveau sonore<\/p>\n<p>Excellent taux d&rsquo;induction pour de faibles d\u00e9bits d&rsquo;air<\/p>\n<\/div>\n<\/div>\n<\/div>\n<div class=\"flex flex-col gap-200\">\n<div class=\"flex flex-col flex-wrap gap-100 md:flex-row md:items-center gtm-purchase-option\" data-gtm-name=\"size\" data-gtm-label=\"Size\">\n<p><label class=\"flex gap-050 md:w-700 leading-none hyphens-auto print:w-full print:max-w-2\/5 text-label-small\">Size<\/label><\/p>\n<div class=\"flex flex-1 flex-wrap gap-050\"><button class=\"select-btn select-btn-small select-btn-selected gtm-purchase-option-value\" type=\"button\" data-gtm-name=\"125\" data-gtm-label=\"125\">125<\/button><button class=\"select-btn select-btn-small select-btn-default gtm-purchase-option-value\" type=\"button\" data-gtm-name=\"160\" data-gtm-label=\"160\">160<\/button><button class=\"select-btn select-btn-small select-btn-default gtm-purchase-option-value\" type=\"button\" data-gtm-name=\"200\" data-gtm-label=\"200\">200<\/button><button class=\"select-btn select-btn-small select-btn-default gtm-purchase-option-value\" type=\"button\" data-gtm-name=\"250\" data-gtm-label=\"250\">250<\/button><button class=\"select-btn select-btn-small select-btn-default gtm-purchase-option-value\" type=\"button\" data-gtm-name=\"315\" data-gtm-label=\"315\">315<\/button><button class=\"select-btn select-btn-small select-btn-default gtm-purchase-option-value\" type=\"button\" data-gtm-name=\"400\" data-gtm-label=\"400\">400<\/button><\/div>\n<\/div>\n<div class=\"flex flex-col flex-wrap gap-100 md:flex-row md:items-center gtm-purchase-option\" data-gtm-name=\"tbar\" data-gtm-label=\"T-bar raster size\">\n<p><label class=\"flex gap-050 md:w-700 leading-none hyphens-auto print:w-full print:max-w-2\/5 text-label-small\">T-bar raster size<\/label><\/p>\n<div class=\"flex flex-1 flex-wrap gap-050\"><button class=\"select-btn select-btn-small select-btn-selected gtm-purchase-option-value\" type=\"button\" data-gtm-name=\"600\" data-gtm-label=\"600\">600<\/button><button class=\"select-btn select-btn-small select-btn-default gtm-purchase-option-value\" type=\"button\" data-gtm-name=\"625\" data-gtm-label=\"625\">625<\/button><\/div>\n<\/div>\n<\/div>\n<div class=\"gtm-sku-info flex flex-col gap-y-050 text-label-tiny text-neutral-600\">\n<div class=\"flex flex-wrap items-baseline gap-x-100 gap-y-025\"><span class=\"gtm-article-name\">TSN-F-125-600-SW<\/span><span class=\"whitespace-nowrap gtm-article-number text-base font-bold\">#471746<\/span><\/div>\n<\/div>\n","protected":false},"featured_media":38509,"template":"","meta":[],"product_brand":[],"product_cat":[1895,1931,1841],"product_tag":[],"class_list":{"0":"post-38532","1":"product","2":"type-product","3":"status-publish","4":"has-post-thumbnail","6":"product_cat-diffuseurs-diffuseurs-pour-la-ventilation","7":"product_cat-diffuseurs-tourbillonnaires","8":"product_cat-produits-de-distribution-dair","10":"first","11":"instock","12":"shipping-taxable","13":"product-type-simple"},"yoast_head":"<!-- This site is optimized with the Yoast SEO plugin v27.1.1 - https:\/\/yoast.com\/product\/yoast-seo-wordpress\/ -->\n<title>Diffuseurs h\u00e9lico\u00efdaux TSN-F Diffuseur h\u00e9lico\u00efdal pour plafonds \u00e0 barres en T - Climate Master<\/title>\n<meta name=\"robots\" content=\"index, follow, max-snippet:-1, max-image-preview:large, max-video-preview:-1\" \/>\n<link rel=\"canonical\" href=\"https:\/\/climatemaster.ge\/fr\/produit\/tsn-f-swirl-diffusers-swirl-diffuser-for-t-bar-ceilings\/\" \/>\n<meta property=\"og:locale\" content=\"fr_FR\" \/>\n<meta property=\"og:type\" content=\"article\" \/>\n<meta property=\"og:title\" content=\"Diffuseurs h\u00e9lico\u00efdaux TSN-F Diffuseur h\u00e9lico\u00efdal pour plafonds \u00e0 barres en T - Climate Master\" \/>\n<meta property=\"og:description\" content=\"Conception simple et s\u00fbre, installation et manipulation ais\u00e9es  Fonctionne sans pl\u00e9num de raccordement, peut \u00eatre raccord\u00e9 directement \u00e0 la gaine  Faible encombrement  Bon \u00e9quilibre entre d\u00e9bit d&#039;air, perte de charge et niveau sonore  Excellent taux d&#039;induction pour de faibles d\u00e9bits d&#039;air        Size 125160200250315400    T-bar raster size 600625    TSN-F-125-600-SW#471746\" \/>\n<meta property=\"og:url\" content=\"https:\/\/climatemaster.ge\/fr\/produit\/tsn-f-swirl-diffusers-swirl-diffuser-for-t-bar-ceilings\/\" \/>\n<meta property=\"og:site_name\" content=\"Climate Master\" \/>\n<meta property=\"article:modified_time\" content=\"2025-09-09T14:24:38+00:00\" \/>\n<meta property=\"og:image\" content=\"https:\/\/climatemaster.ge\/wp-content\/uploads\/2025\/09\/TSN-F-HQ.jpg\" \/>\n\t<meta property=\"og:image:width\" content=\"384\" \/>\n\t<meta property=\"og:image:height\" content=\"240\" \/>\n\t<meta property=\"og:image:type\" content=\"image\/jpeg\" \/>\n<meta name=\"twitter:card\" content=\"summary_large_image\" \/>\n<script type=\"application\/ld+json\" class=\"yoast-schema-graph\">{\"@context\":\"https:\/\/schema.org\",\"@graph\":[{\"@type\":\"WebPage\",\"@id\":\"https:\/\/climatemaster.ge\/fr\/produit\/tsn-f-swirl-diffusers-swirl-diffuser-for-t-bar-ceilings\/\",\"url\":\"https:\/\/climatemaster.ge\/fr\/produit\/tsn-f-swirl-diffusers-swirl-diffuser-for-t-bar-ceilings\/\",\"name\":\"Diffuseurs h\u00e9lico\u00efdaux TSN-F Diffuseur h\u00e9lico\u00efdal pour plafonds \u00e0 barres en T - Climate Master\",\"isPartOf\":{\"@id\":\"https:\/\/climatemaster.ge\/#website\"},\"primaryImageOfPage\":{\"@id\":\"https:\/\/climatemaster.ge\/fr\/produit\/tsn-f-swirl-diffusers-swirl-diffuser-for-t-bar-ceilings\/#primaryimage\"},\"image\":{\"@id\":\"https:\/\/climatemaster.ge\/fr\/produit\/tsn-f-swirl-diffusers-swirl-diffuser-for-t-bar-ceilings\/#primaryimage\"},\"thumbnailUrl\":\"https:\/\/climatemaster.ge\/wp-content\/uploads\/2025\/09\/TSN-F-HQ.jpg\",\"datePublished\":\"2025-09-09T14:21:42+00:00\",\"dateModified\":\"2025-09-09T14:24:38+00:00\",\"breadcrumb\":{\"@id\":\"https:\/\/climatemaster.ge\/fr\/produit\/tsn-f-swirl-diffusers-swirl-diffuser-for-t-bar-ceilings\/#breadcrumb\"},\"inLanguage\":\"fr-FR\",\"potentialAction\":[{\"@type\":\"ReadAction\",\"target\":[\"https:\/\/climatemaster.ge\/fr\/produit\/tsn-f-swirl-diffusers-swirl-diffuser-for-t-bar-ceilings\/\"]}]},{\"@type\":\"ImageObject\",\"inLanguage\":\"fr-FR\",\"@id\":\"https:\/\/climatemaster.ge\/fr\/produit\/tsn-f-swirl-diffusers-swirl-diffuser-for-t-bar-ceilings\/#primaryimage\",\"url\":\"https:\/\/climatemaster.ge\/wp-content\/uploads\/2025\/09\/TSN-F-HQ.jpg\",\"contentUrl\":\"https:\/\/climatemaster.ge\/wp-content\/uploads\/2025\/09\/TSN-F-HQ.jpg\",\"width\":384,\"height\":240},{\"@type\":\"BreadcrumbList\",\"@id\":\"https:\/\/climatemaster.ge\/fr\/produit\/tsn-f-swirl-diffusers-swirl-diffuser-for-t-bar-ceilings\/#breadcrumb\",\"itemListElement\":[{\"@type\":\"ListItem\",\"position\":1,\"name\":\"Home\",\"item\":\"https:\/\/climatemaster.ge\/\"},{\"@type\":\"ListItem\",\"position\":2,\"name\":\"Products\",\"item\":\"https:\/\/climatemaster.ge\/products\/\"},{\"@type\":\"ListItem\",\"position\":3,\"name\":\"Diffuseurs h\u00e9lico\u00efdaux TSN-F Diffuseur h\u00e9lico\u00efdal pour plafonds \u00e0 barres en T\"}]},{\"@type\":\"WebSite\",\"@id\":\"https:\/\/climatemaster.ge\/#website\",\"url\":\"https:\/\/climatemaster.ge\/\",\"name\":\"Climate Master\",\"description\":\"\",\"publisher\":{\"@id\":\"https:\/\/climatemaster.ge\/#organization\"},\"potentialAction\":[{\"@type\":\"SearchAction\",\"target\":{\"@type\":\"EntryPoint\",\"urlTemplate\":\"https:\/\/climatemaster.ge\/?s={search_term_string}\"},\"query-input\":{\"@type\":\"PropertyValueSpecification\",\"valueRequired\":true,\"valueName\":\"search_term_string\"}}],\"inLanguage\":\"fr-FR\"},{\"@type\":\"Organization\",\"@id\":\"https:\/\/climatemaster.ge\/#organization\",\"name\":\"Climate Master\",\"url\":\"https:\/\/climatemaster.ge\/\",\"logo\":{\"@type\":\"ImageObject\",\"inLanguage\":\"fr-FR\",\"@id\":\"https:\/\/climatemaster.ge\/#\/schema\/logo\/image\/\",\"url\":\"https:\/\/climatemaster.ge\/wp-content\/uploads\/2026\/03\/Untitled-2.png\",\"contentUrl\":\"https:\/\/climatemaster.ge\/wp-content\/uploads\/2026\/03\/Untitled-2.png\",\"width\":600,\"height\":338,\"caption\":\"Climate Master\"},\"image\":{\"@id\":\"https:\/\/climatemaster.ge\/#\/schema\/logo\/image\/\"}}]}<\/script>\n<!-- \/ Yoast SEO plugin. -->","yoast_head_json":{"title":"Diffuseurs h\u00e9lico\u00efdaux TSN-F Diffuseur h\u00e9lico\u00efdal pour plafonds \u00e0 barres en T - Climate Master","robots":{"index":"index","follow":"follow","max-snippet":"max-snippet:-1","max-image-preview":"max-image-preview:large","max-video-preview":"max-video-preview:-1"},"canonical":"https:\/\/climatemaster.ge\/fr\/produit\/tsn-f-swirl-diffusers-swirl-diffuser-for-t-bar-ceilings\/","og_locale":"fr_FR","og_type":"article","og_title":"Diffuseurs h\u00e9lico\u00efdaux TSN-F Diffuseur h\u00e9lico\u00efdal pour plafonds \u00e0 barres en T - Climate Master","og_description":"Conception simple et s\u00fbre, installation et manipulation ais\u00e9es  Fonctionne sans pl\u00e9num de raccordement, peut \u00eatre raccord\u00e9 directement \u00e0 la gaine  Faible encombrement  Bon \u00e9quilibre entre d\u00e9bit d'air, perte de charge et niveau sonore  Excellent taux d'induction pour de faibles d\u00e9bits d'air        Size 125160200250315400    T-bar raster size 600625    TSN-F-125-600-SW#471746","og_url":"https:\/\/climatemaster.ge\/fr\/produit\/tsn-f-swirl-diffusers-swirl-diffuser-for-t-bar-ceilings\/","og_site_name":"Climate Master","article_modified_time":"2025-09-09T14:24:38+00:00","og_image":[{"width":384,"height":240,"url":"https:\/\/climatemaster.ge\/wp-content\/uploads\/2025\/09\/TSN-F-HQ.jpg","type":"image\/jpeg"}],"twitter_card":"summary_large_image","schema":{"@context":"https:\/\/schema.org","@graph":[{"@type":"WebPage","@id":"https:\/\/climatemaster.ge\/fr\/produit\/tsn-f-swirl-diffusers-swirl-diffuser-for-t-bar-ceilings\/","url":"https:\/\/climatemaster.ge\/fr\/produit\/tsn-f-swirl-diffusers-swirl-diffuser-for-t-bar-ceilings\/","name":"Diffuseurs h\u00e9lico\u00efdaux TSN-F Diffuseur h\u00e9lico\u00efdal pour plafonds \u00e0 barres en T - Climate Master","isPartOf":{"@id":"https:\/\/climatemaster.ge\/#website"},"primaryImageOfPage":{"@id":"https:\/\/climatemaster.ge\/fr\/produit\/tsn-f-swirl-diffusers-swirl-diffuser-for-t-bar-ceilings\/#primaryimage"},"image":{"@id":"https:\/\/climatemaster.ge\/fr\/produit\/tsn-f-swirl-diffusers-swirl-diffuser-for-t-bar-ceilings\/#primaryimage"},"thumbnailUrl":"https:\/\/climatemaster.ge\/wp-content\/uploads\/2025\/09\/TSN-F-HQ.jpg","datePublished":"2025-09-09T14:21:42+00:00","dateModified":"2025-09-09T14:24:38+00:00","breadcrumb":{"@id":"https:\/\/climatemaster.ge\/fr\/produit\/tsn-f-swirl-diffusers-swirl-diffuser-for-t-bar-ceilings\/#breadcrumb"},"inLanguage":"fr-FR","potentialAction":[{"@type":"ReadAction","target":["https:\/\/climatemaster.ge\/fr\/produit\/tsn-f-swirl-diffusers-swirl-diffuser-for-t-bar-ceilings\/"]}]},{"@type":"ImageObject","inLanguage":"fr-FR","@id":"https:\/\/climatemaster.ge\/fr\/produit\/tsn-f-swirl-diffusers-swirl-diffuser-for-t-bar-ceilings\/#primaryimage","url":"https:\/\/climatemaster.ge\/wp-content\/uploads\/2025\/09\/TSN-F-HQ.jpg","contentUrl":"https:\/\/climatemaster.ge\/wp-content\/uploads\/2025\/09\/TSN-F-HQ.jpg","width":384,"height":240},{"@type":"BreadcrumbList","@id":"https:\/\/climatemaster.ge\/fr\/produit\/tsn-f-swirl-diffusers-swirl-diffuser-for-t-bar-ceilings\/#breadcrumb","itemListElement":[{"@type":"ListItem","position":1,"name":"Home","item":"https:\/\/climatemaster.ge\/"},{"@type":"ListItem","position":2,"name":"Products","item":"https:\/\/climatemaster.ge\/products\/"},{"@type":"ListItem","position":3,"name":"Diffuseurs h\u00e9lico\u00efdaux TSN-F Diffuseur h\u00e9lico\u00efdal pour plafonds \u00e0 barres en T"}]},{"@type":"WebSite","@id":"https:\/\/climatemaster.ge\/#website","url":"https:\/\/climatemaster.ge\/","name":"Climate Master","description":"","publisher":{"@id":"https:\/\/climatemaster.ge\/#organization"},"potentialAction":[{"@type":"SearchAction","target":{"@type":"EntryPoint","urlTemplate":"https:\/\/climatemaster.ge\/?s={search_term_string}"},"query-input":{"@type":"PropertyValueSpecification","valueRequired":true,"valueName":"search_term_string"}}],"inLanguage":"fr-FR"},{"@type":"Organization","@id":"https:\/\/climatemaster.ge\/#organization","name":"Climate Master","url":"https:\/\/climatemaster.ge\/","logo":{"@type":"ImageObject","inLanguage":"fr-FR","@id":"https:\/\/climatemaster.ge\/#\/schema\/logo\/image\/","url":"https:\/\/climatemaster.ge\/wp-content\/uploads\/2026\/03\/Untitled-2.png","contentUrl":"https:\/\/climatemaster.ge\/wp-content\/uploads\/2026\/03\/Untitled-2.png","width":600,"height":338,"caption":"Climate Master"},"image":{"@id":"https:\/\/climatemaster.ge\/#\/schema\/logo\/image\/"}}]}},"_links":{"self":[{"href":"https:\/\/climatemaster.ge\/fr\/wp-json\/wp\/v2\/product\/38532","targetHints":{"allow":["GET"]}}],"collection":[{"href":"https:\/\/climatemaster.ge\/fr\/wp-json\/wp\/v2\/product"}],"about":[{"href":"https:\/\/climatemaster.ge\/fr\/wp-json\/wp\/v2\/types\/product"}],"wp:featuredmedia":[{"embeddable":true,"href":"https:\/\/climatemaster.ge\/fr\/wp-json\/wp\/v2\/media\/38509"}],"wp:attachment":[{"href":"https:\/\/climatemaster.ge\/fr\/wp-json\/wp\/v2\/media?parent=38532"}],"wp:term":[{"taxonomy":"product_brand","embeddable":true,"href":"https:\/\/climatemaster.ge\/fr\/wp-json\/wp\/v2\/product_brand?post=38532"},{"taxonomy":"product_cat","embeddable":true,"href":"https:\/\/climatemaster.ge\/fr\/wp-json\/wp\/v2\/product_cat?post=38532"},{"taxonomy":"product_tag","embeddable":true,"href":"https:\/\/climatemaster.ge\/fr\/wp-json\/wp\/v2\/product_tag?post=38532"}],"curies":[{"name":"wp","href":"https:\/\/api.w.org\/{rel}","templated":true}]}}