{"id":38244,"date":"2025-09-08T22:15:56","date_gmt":"2025-09-08T18:15:56","guid":{"rendered":"https:\/\/airsystems.ge\/shop\/product\/vvkr-c-s-swirl-diffusers-swirl-supply-diffuser-suitable-for-restaurants-offices-and-shopping-centres\/"},"modified":"2025-09-08T22:17:52","modified_gmt":"2025-09-08T18:17:52","slug":"vvkr-c-s-swirl-diffusers-swirl-supply-diffuser-suitable-for-restaurants-offices-and-shopping-centres","status":"publish","type":"product","link":"https:\/\/climatemaster.ge\/fr\/produit\/vvkr-c-s-swirl-diffusers-swirl-supply-diffuser-suitable-for-restaurants-offices-and-shopping-centres\/","title":{"rendered":"Diffuseurs \u00e0 jet h\u00e9lico\u00efdal VVKR-C-S Diffuseur \u00e0 jet h\u00e9lico\u00efdal adapt\u00e9 aux restaurants, bureaux et centres commerciaux"},"content":{"rendered":"","protected":false},"excerpt":{"rendered":"<div>\n<p>Conception simple<\/p>\n<p>Excellent taux d&rsquo;induction<\/p>\n<p>Applications vari\u00e9es<\/p>\n<p>Acier galvanis\u00e9<\/p>\n<\/div>\n<div class=\"flex flex-col gap-200\">\n<div class=\"flex flex-col flex-wrap gap-100 md:flex-row md:items-center gtm-purchase-option\" data-gtm-name=\"size\" data-gtm-label=\"Size\">\n<p><label class=\"flex gap-050 md:w-700 leading-none hyphens-auto print:w-full print:max-w-2\/5 text-label-small\">Size<\/label><\/p>\n<div class=\"flex flex-1 flex-wrap gap-050\"><button class=\"select-btn select-btn-small select-btn-selected gtm-purchase-option-value\" type=\"button\" data-gtm-name=\"300\" data-gtm-label=\"300\">300<\/button><button class=\"select-btn select-btn-small select-btn-default gtm-purchase-option-value\" type=\"button\" data-gtm-name=\"400\" data-gtm-label=\"400\">400<\/button><button class=\"select-btn select-btn-small select-btn-default gtm-purchase-option-value\" type=\"button\" data-gtm-name=\"500\" data-gtm-label=\"500\">500<\/button><button class=\"select-btn select-btn-small select-btn-default gtm-purchase-option-value\" type=\"button\" data-gtm-name=\"600\" data-gtm-label=\"600\">600<\/button><button class=\"select-btn select-btn-small select-btn-default gtm-purchase-option-value\" type=\"button\" data-gtm-name=\"625\" data-gtm-label=\"625\">625<\/button><button class=\"select-btn select-btn-small select-btn-default gtm-purchase-option-value\" type=\"button\" data-gtm-name=\"800\" data-gtm-label=\"800\">800<\/button><button class=\"select-btn select-btn-small select-btn-default gtm-purchase-option-value\" type=\"button\" data-gtm-name=\"825\" data-gtm-label=\"825\">825<\/button><\/div>\n<\/div>\n<div class=\"flex flex-col flex-wrap gap-100 md:flex-row md:items-center gtm-purchase-option\" data-gtm-name=\"deflectors_color\" data-gtm-label=\"Colour of deflectors\">\n<p><label class=\"flex gap-050 md:w-700 leading-none hyphens-auto print:w-full print:max-w-2\/5 text-label-small\">Colour of deflectors<\/label><\/p>\n<div class=\"flex flex-1 flex-wrap gap-050\"><button class=\"select-btn select-btn-small select-btn-selected gtm-purchase-option-value\" type=\"button\" data-gtm-name=\"Black\" data-gtm-label=\"Black\">Black<\/button><button class=\"select-btn select-btn-small select-btn-default gtm-purchase-option-value\" type=\"button\" data-gtm-name=\"White\" data-gtm-label=\"White\">White<\/button><\/div>\n<\/div>\n<\/div>\n<div class=\"gtm-sku-info flex flex-col gap-y-050 text-label-tiny text-neutral-600\">\n<div class=\"flex flex-wrap items-baseline gap-x-100 gap-y-025\"><span class=\"gtm-article-name\">VVKR-C-S-300-8-B-SW<\/span><span class=\"whitespace-nowrap gtm-article-number text-base font-bold\">#218145<\/span><\/div>\n<\/div>\n","protected":false},"featured_media":38233,"template":"","meta":[],"product_brand":[],"product_cat":[1895,1931,1841],"product_tag":[],"class_list":{"0":"post-38244","1":"product","2":"type-product","3":"status-publish","4":"has-post-thumbnail","6":"product_cat-diffuseurs-diffuseurs-pour-la-ventilation","7":"product_cat-diffuseurs-tourbillonnaires","8":"product_cat-produits-de-distribution-dair","10":"first","11":"instock","12":"shipping-taxable","13":"product-type-simple"},"yoast_head":"<!-- This site is optimized with the Yoast SEO plugin v27.1.1 - https:\/\/yoast.com\/product\/yoast-seo-wordpress\/ -->\n<title>Diffuseurs \u00e0 jet h\u00e9lico\u00efdal VVKR-C-S Diffuseur \u00e0 jet h\u00e9lico\u00efdal adapt\u00e9 aux restaurants, bureaux et centres commerciaux - Climate Master<\/title>\n<meta name=\"robots\" content=\"index, follow, max-snippet:-1, max-image-preview:large, max-video-preview:-1\" \/>\n<link rel=\"canonical\" href=\"https:\/\/climatemaster.ge\/fr\/produit\/vvkr-c-s-swirl-diffusers-swirl-supply-diffuser-suitable-for-restaurants-offices-and-shopping-centres\/\" \/>\n<meta property=\"og:locale\" content=\"fr_FR\" \/>\n<meta property=\"og:type\" content=\"article\" \/>\n<meta property=\"og:title\" content=\"Diffuseurs \u00e0 jet h\u00e9lico\u00efdal VVKR-C-S Diffuseur \u00e0 jet h\u00e9lico\u00efdal adapt\u00e9 aux restaurants, bureaux et centres commerciaux - Climate Master\" \/>\n<meta property=\"og:description\" content=\"Conception simple  Excellent taux d&#039;induction  Applications vari\u00e9es  Acier galvanis\u00e9      Size 300400500600625800825    Colour of deflectors BlackWhite    VVKR-C-S-300-8-B-SW#218145\" \/>\n<meta property=\"og:url\" content=\"https:\/\/climatemaster.ge\/fr\/produit\/vvkr-c-s-swirl-diffusers-swirl-supply-diffuser-suitable-for-restaurants-offices-and-shopping-centres\/\" \/>\n<meta property=\"og:site_name\" content=\"Climate Master\" \/>\n<meta property=\"article:modified_time\" content=\"2025-09-08T18:17:52+00:00\" \/>\n<meta property=\"og:image\" content=\"https:\/\/climatemaster.ge\/wp-content\/uploads\/2025\/09\/PRODUCT-MAIN-IMAGE_VVKR_C_S.jpg\" \/>\n\t<meta property=\"og:image:width\" content=\"384\" \/>\n\t<meta property=\"og:image:height\" content=\"288\" \/>\n\t<meta property=\"og:image:type\" content=\"image\/jpeg\" \/>\n<meta name=\"twitter:card\" content=\"summary_large_image\" \/>\n<script type=\"application\/ld+json\" class=\"yoast-schema-graph\">{\"@context\":\"https:\/\/schema.org\",\"@graph\":[{\"@type\":\"WebPage\",\"@id\":\"https:\/\/climatemaster.ge\/fr\/produit\/vvkr-c-s-swirl-diffusers-swirl-supply-diffuser-suitable-for-restaurants-offices-and-shopping-centres\/\",\"url\":\"https:\/\/climatemaster.ge\/fr\/produit\/vvkr-c-s-swirl-diffusers-swirl-supply-diffuser-suitable-for-restaurants-offices-and-shopping-centres\/\",\"name\":\"Diffuseurs \u00e0 jet h\u00e9lico\u00efdal VVKR-C-S Diffuseur \u00e0 jet h\u00e9lico\u00efdal adapt\u00e9 aux restaurants, bureaux et centres commerciaux - Climate Master\",\"isPartOf\":{\"@id\":\"https:\/\/climatemaster.ge\/#website\"},\"primaryImageOfPage\":{\"@id\":\"https:\/\/climatemaster.ge\/fr\/produit\/vvkr-c-s-swirl-diffusers-swirl-supply-diffuser-suitable-for-restaurants-offices-and-shopping-centres\/#primaryimage\"},\"image\":{\"@id\":\"https:\/\/climatemaster.ge\/fr\/produit\/vvkr-c-s-swirl-diffusers-swirl-supply-diffuser-suitable-for-restaurants-offices-and-shopping-centres\/#primaryimage\"},\"thumbnailUrl\":\"https:\/\/climatemaster.ge\/wp-content\/uploads\/2025\/09\/PRODUCT-MAIN-IMAGE_VVKR_C_S.jpg\",\"datePublished\":\"2025-09-08T18:15:56+00:00\",\"dateModified\":\"2025-09-08T18:17:52+00:00\",\"breadcrumb\":{\"@id\":\"https:\/\/climatemaster.ge\/fr\/produit\/vvkr-c-s-swirl-diffusers-swirl-supply-diffuser-suitable-for-restaurants-offices-and-shopping-centres\/#breadcrumb\"},\"inLanguage\":\"fr-FR\",\"potentialAction\":[{\"@type\":\"ReadAction\",\"target\":[\"https:\/\/climatemaster.ge\/fr\/produit\/vvkr-c-s-swirl-diffusers-swirl-supply-diffuser-suitable-for-restaurants-offices-and-shopping-centres\/\"]}]},{\"@type\":\"ImageObject\",\"inLanguage\":\"fr-FR\",\"@id\":\"https:\/\/climatemaster.ge\/fr\/produit\/vvkr-c-s-swirl-diffusers-swirl-supply-diffuser-suitable-for-restaurants-offices-and-shopping-centres\/#primaryimage\",\"url\":\"https:\/\/climatemaster.ge\/wp-content\/uploads\/2025\/09\/PRODUCT-MAIN-IMAGE_VVKR_C_S.jpg\",\"contentUrl\":\"https:\/\/climatemaster.ge\/wp-content\/uploads\/2025\/09\/PRODUCT-MAIN-IMAGE_VVKR_C_S.jpg\",\"width\":384,\"height\":288},{\"@type\":\"BreadcrumbList\",\"@id\":\"https:\/\/climatemaster.ge\/fr\/produit\/vvkr-c-s-swirl-diffusers-swirl-supply-diffuser-suitable-for-restaurants-offices-and-shopping-centres\/#breadcrumb\",\"itemListElement\":[{\"@type\":\"ListItem\",\"position\":1,\"name\":\"Home\",\"item\":\"https:\/\/climatemaster.ge\/\"},{\"@type\":\"ListItem\",\"position\":2,\"name\":\"Products\",\"item\":\"https:\/\/climatemaster.ge\/products\/\"},{\"@type\":\"ListItem\",\"position\":3,\"name\":\"Diffuseurs \u00e0 jet h\u00e9lico\u00efdal VVKR-C-S Diffuseur \u00e0 jet h\u00e9lico\u00efdal adapt\u00e9 aux restaurants, bureaux et centres commerciaux\"}]},{\"@type\":\"WebSite\",\"@id\":\"https:\/\/climatemaster.ge\/#website\",\"url\":\"https:\/\/climatemaster.ge\/\",\"name\":\"Climate Master\",\"description\":\"\",\"publisher\":{\"@id\":\"https:\/\/climatemaster.ge\/#organization\"},\"potentialAction\":[{\"@type\":\"SearchAction\",\"target\":{\"@type\":\"EntryPoint\",\"urlTemplate\":\"https:\/\/climatemaster.ge\/?s={search_term_string}\"},\"query-input\":{\"@type\":\"PropertyValueSpecification\",\"valueRequired\":true,\"valueName\":\"search_term_string\"}}],\"inLanguage\":\"fr-FR\"},{\"@type\":\"Organization\",\"@id\":\"https:\/\/climatemaster.ge\/#organization\",\"name\":\"Climate Master\",\"url\":\"https:\/\/climatemaster.ge\/\",\"logo\":{\"@type\":\"ImageObject\",\"inLanguage\":\"fr-FR\",\"@id\":\"https:\/\/climatemaster.ge\/#\/schema\/logo\/image\/\",\"url\":\"https:\/\/climatemaster.ge\/wp-content\/uploads\/2026\/03\/Untitled-2.png\",\"contentUrl\":\"https:\/\/climatemaster.ge\/wp-content\/uploads\/2026\/03\/Untitled-2.png\",\"width\":600,\"height\":338,\"caption\":\"Climate Master\"},\"image\":{\"@id\":\"https:\/\/climatemaster.ge\/#\/schema\/logo\/image\/\"}}]}<\/script>\n<!-- \/ Yoast SEO plugin. -->","yoast_head_json":{"title":"Diffuseurs \u00e0 jet h\u00e9lico\u00efdal VVKR-C-S Diffuseur \u00e0 jet h\u00e9lico\u00efdal adapt\u00e9 aux restaurants, bureaux et centres commerciaux - Climate Master","robots":{"index":"index","follow":"follow","max-snippet":"max-snippet:-1","max-image-preview":"max-image-preview:large","max-video-preview":"max-video-preview:-1"},"canonical":"https:\/\/climatemaster.ge\/fr\/produit\/vvkr-c-s-swirl-diffusers-swirl-supply-diffuser-suitable-for-restaurants-offices-and-shopping-centres\/","og_locale":"fr_FR","og_type":"article","og_title":"Diffuseurs \u00e0 jet h\u00e9lico\u00efdal VVKR-C-S Diffuseur \u00e0 jet h\u00e9lico\u00efdal adapt\u00e9 aux restaurants, bureaux et centres commerciaux - Climate Master","og_description":"Conception simple  Excellent taux d'induction  Applications vari\u00e9es  Acier galvanis\u00e9      Size 300400500600625800825    Colour of deflectors BlackWhite    VVKR-C-S-300-8-B-SW#218145","og_url":"https:\/\/climatemaster.ge\/fr\/produit\/vvkr-c-s-swirl-diffusers-swirl-supply-diffuser-suitable-for-restaurants-offices-and-shopping-centres\/","og_site_name":"Climate Master","article_modified_time":"2025-09-08T18:17:52+00:00","og_image":[{"width":384,"height":288,"url":"https:\/\/climatemaster.ge\/wp-content\/uploads\/2025\/09\/PRODUCT-MAIN-IMAGE_VVKR_C_S.jpg","type":"image\/jpeg"}],"twitter_card":"summary_large_image","schema":{"@context":"https:\/\/schema.org","@graph":[{"@type":"WebPage","@id":"https:\/\/climatemaster.ge\/fr\/produit\/vvkr-c-s-swirl-diffusers-swirl-supply-diffuser-suitable-for-restaurants-offices-and-shopping-centres\/","url":"https:\/\/climatemaster.ge\/fr\/produit\/vvkr-c-s-swirl-diffusers-swirl-supply-diffuser-suitable-for-restaurants-offices-and-shopping-centres\/","name":"Diffuseurs \u00e0 jet h\u00e9lico\u00efdal VVKR-C-S Diffuseur \u00e0 jet h\u00e9lico\u00efdal adapt\u00e9 aux restaurants, bureaux et centres commerciaux - Climate Master","isPartOf":{"@id":"https:\/\/climatemaster.ge\/#website"},"primaryImageOfPage":{"@id":"https:\/\/climatemaster.ge\/fr\/produit\/vvkr-c-s-swirl-diffusers-swirl-supply-diffuser-suitable-for-restaurants-offices-and-shopping-centres\/#primaryimage"},"image":{"@id":"https:\/\/climatemaster.ge\/fr\/produit\/vvkr-c-s-swirl-diffusers-swirl-supply-diffuser-suitable-for-restaurants-offices-and-shopping-centres\/#primaryimage"},"thumbnailUrl":"https:\/\/climatemaster.ge\/wp-content\/uploads\/2025\/09\/PRODUCT-MAIN-IMAGE_VVKR_C_S.jpg","datePublished":"2025-09-08T18:15:56+00:00","dateModified":"2025-09-08T18:17:52+00:00","breadcrumb":{"@id":"https:\/\/climatemaster.ge\/fr\/produit\/vvkr-c-s-swirl-diffusers-swirl-supply-diffuser-suitable-for-restaurants-offices-and-shopping-centres\/#breadcrumb"},"inLanguage":"fr-FR","potentialAction":[{"@type":"ReadAction","target":["https:\/\/climatemaster.ge\/fr\/produit\/vvkr-c-s-swirl-diffusers-swirl-supply-diffuser-suitable-for-restaurants-offices-and-shopping-centres\/"]}]},{"@type":"ImageObject","inLanguage":"fr-FR","@id":"https:\/\/climatemaster.ge\/fr\/produit\/vvkr-c-s-swirl-diffusers-swirl-supply-diffuser-suitable-for-restaurants-offices-and-shopping-centres\/#primaryimage","url":"https:\/\/climatemaster.ge\/wp-content\/uploads\/2025\/09\/PRODUCT-MAIN-IMAGE_VVKR_C_S.jpg","contentUrl":"https:\/\/climatemaster.ge\/wp-content\/uploads\/2025\/09\/PRODUCT-MAIN-IMAGE_VVKR_C_S.jpg","width":384,"height":288},{"@type":"BreadcrumbList","@id":"https:\/\/climatemaster.ge\/fr\/produit\/vvkr-c-s-swirl-diffusers-swirl-supply-diffuser-suitable-for-restaurants-offices-and-shopping-centres\/#breadcrumb","itemListElement":[{"@type":"ListItem","position":1,"name":"Home","item":"https:\/\/climatemaster.ge\/"},{"@type":"ListItem","position":2,"name":"Products","item":"https:\/\/climatemaster.ge\/products\/"},{"@type":"ListItem","position":3,"name":"Diffuseurs \u00e0 jet h\u00e9lico\u00efdal VVKR-C-S Diffuseur \u00e0 jet h\u00e9lico\u00efdal adapt\u00e9 aux restaurants, bureaux et centres commerciaux"}]},{"@type":"WebSite","@id":"https:\/\/climatemaster.ge\/#website","url":"https:\/\/climatemaster.ge\/","name":"Climate Master","description":"","publisher":{"@id":"https:\/\/climatemaster.ge\/#organization"},"potentialAction":[{"@type":"SearchAction","target":{"@type":"EntryPoint","urlTemplate":"https:\/\/climatemaster.ge\/?s={search_term_string}"},"query-input":{"@type":"PropertyValueSpecification","valueRequired":true,"valueName":"search_term_string"}}],"inLanguage":"fr-FR"},{"@type":"Organization","@id":"https:\/\/climatemaster.ge\/#organization","name":"Climate Master","url":"https:\/\/climatemaster.ge\/","logo":{"@type":"ImageObject","inLanguage":"fr-FR","@id":"https:\/\/climatemaster.ge\/#\/schema\/logo\/image\/","url":"https:\/\/climatemaster.ge\/wp-content\/uploads\/2026\/03\/Untitled-2.png","contentUrl":"https:\/\/climatemaster.ge\/wp-content\/uploads\/2026\/03\/Untitled-2.png","width":600,"height":338,"caption":"Climate Master"},"image":{"@id":"https:\/\/climatemaster.ge\/#\/schema\/logo\/image\/"}}]}},"_links":{"self":[{"href":"https:\/\/climatemaster.ge\/fr\/wp-json\/wp\/v2\/product\/38244","targetHints":{"allow":["GET"]}}],"collection":[{"href":"https:\/\/climatemaster.ge\/fr\/wp-json\/wp\/v2\/product"}],"about":[{"href":"https:\/\/climatemaster.ge\/fr\/wp-json\/wp\/v2\/types\/product"}],"wp:featuredmedia":[{"embeddable":true,"href":"https:\/\/climatemaster.ge\/fr\/wp-json\/wp\/v2\/media\/38233"}],"wp:attachment":[{"href":"https:\/\/climatemaster.ge\/fr\/wp-json\/wp\/v2\/media?parent=38244"}],"wp:term":[{"taxonomy":"product_brand","embeddable":true,"href":"https:\/\/climatemaster.ge\/fr\/wp-json\/wp\/v2\/product_brand?post=38244"},{"taxonomy":"product_cat","embeddable":true,"href":"https:\/\/climatemaster.ge\/fr\/wp-json\/wp\/v2\/product_cat?post=38244"},{"taxonomy":"product_tag","embeddable":true,"href":"https:\/\/climatemaster.ge\/fr\/wp-json\/wp\/v2\/product_tag?post=38244"}],"curies":[{"name":"wp","href":"https:\/\/api.w.org\/{rel}","templated":true}]}}