{"id":38129,"date":"2025-09-08T19:08:15","date_gmt":"2025-09-08T15:08:15","guid":{"rendered":"https:\/\/airsystems.ge\/shop\/product\/vvkr-f-swirl-diffusers-square-swirl-diffuser-suitable-for-t-bar-suspended-ceiling-installation\/"},"modified":"2025-09-08T21:30:44","modified_gmt":"2025-09-08T17:30:44","slug":"vvkr-f-swirl-diffusers-square-swirl-diffuser-suitable-for-t-bar-suspended-ceiling-installation","status":"publish","type":"product","link":"https:\/\/climatemaster.ge\/fr\/produit\/vvkr-f-swirl-diffusers-square-swirl-diffuser-suitable-for-t-bar-suspended-ceiling-installation\/","title":{"rendered":"Diffuseurs h\u00e9lico\u00efdaux VVKR-F Diffuseur h\u00e9lico\u00efdal carr\u00e9 adapt\u00e9 aux faux plafonds en T"},"content":{"rendered":"<div class=\"mb-400 gtm-product-section container-fluid\" data-gtm-name=\"Benefits\" data-gtm-label=\"Benefits (en)\" data-gtm-vis-recent-on-screen53434917_103=\"100700\" data-gtm-vis-first-on-screen53434917_103=\"100700\" data-gtm-vis-total-visible-time53434917_103=\"1500\" data-gtm-vis-has-fired53434917_103=\"1\">\n<div class=\"row\">\n<div class=\"content-element content-element-product-benefit col-12 sm:col-6 mb-400\">\n<div class=\"bg-card px-300 py-250 mobile-nav:px-200 mobile-nav:py-150 h-full flex overflow-hidden card-border\">\n<div class=\"min-w-0\">\n<div class=\"mb-400 gtm-product-section container-fluid\" data-gtm-name=\"Benefits\" data-gtm-label=\"Benefits (en)\" data-gtm-vis-first-on-screen53434917_103=\"100700\" data-gtm-vis-total-visible-time53434917_103=\"1500\" data-gtm-vis-has-fired53434917_103=\"1\">\n<div class=\"row\">\n<div class=\"content-element content-element-product-benefit col-12 sm:col-6 mb-400\">\n<div class=\"bg-card px-300 py-250 mobile-nav:px-200 mobile-nav:py-150 h-full flex overflow-hidden card-border\">\n<div class=\"min-w-0\">\n<p><strong>Installation facile<\/strong><br \/>\nLe diffuseur h\u00e9lico\u00efdal carr\u00e9 VVKR-F pr\u00e9sente une conception simple et s\u00fbre, facilitant son installation et sa manipulation.<\/p>\n<p><strong>Raccordement direct<\/strong><br \/>\nLe WVKR-F fonctionne sans pl\u00e9num de raccordement gr\u00e2ce \u00e0 un raccordement direct au coude ou au t\u00e9 de la gaine.<\/p>\n<p><strong>\u00c9quilibr\u00e9<\/strong><br \/>\nLe diffuseur offre un rapport \u00e9quilibr\u00e9 entre d\u00e9bit d&rsquo;air, perte de charge et niveau sonore.<\/p>\n<p>Le VVKR-F est un diffuseur h\u00e9lico\u00efdal carr\u00e9 \u00e9quip\u00e9 de d\u00e9flecteurs r\u00e9glables. Disponible en diff\u00e9rentes tailles, il est con\u00e7u pour une installation facile dans les faux plafonds en T. Il offre un large \u00e9ventail d&rsquo;applications et est g\u00e9n\u00e9ralement install\u00e9 dans les bureaux, les \u00e9coles, les locaux m\u00e9dicaux, les halls publics, les espaces d&rsquo;accueil et les couloirs. Il est destin\u00e9 au soufflage d&rsquo;air et peut \u00e9galement \u00eatre utilis\u00e9 pour l&rsquo;extraction d&rsquo;air. La hauteur d&rsquo;installation recommand\u00e9e est de 4 m maximum. Le VVKR-F offre un excellent taux d&rsquo;induction, m\u00eame \u00e0 faible d\u00e9bit d&rsquo;air, et offre un \u00e9quilibre parfait entre d\u00e9bit d&rsquo;air, perte de charge et niveau sonore. Fabriqu\u00e9 en t\u00f4le d&rsquo;acier galvanis\u00e9e avec une finition peinture poudre, le VVKR-F se compose d&rsquo;un bo\u00eetier de support, dot\u00e9 d&rsquo;un raccord de conduit circulaire, et d&rsquo;une plaque frontale avec d\u00e9flecteurs polym\u00e8res r\u00e9glables. La forme ext\u00e9rieure du bo\u00eetier de support a \u00e9t\u00e9 con\u00e7ue pour s&rsquo;adapter aux cadres de plafond en T. La plaque frontale s&rsquo;ouvre et se retire facilement et sans outils gr\u00e2ce \u00e0 une patte rabattable sur le bord.<\/p>\n<p><strong>Votre commande, votre style\u00a0!<\/strong><br \/>\nNotre produit est personnalisable selon vos pr\u00e9f\u00e9rences, vous permettant de le commander avec n&rsquo;importe quelle finition RAL pour une harmonie parfaite avec votre vision esth\u00e9tique.<\/p>\n<\/div>\n<\/div>\n<\/div>\n<\/div>\n<\/div>\n<\/div>\n<\/div>\n<\/div>\n<\/div>\n<\/div>\n","protected":false},"excerpt":{"rendered":"<div>\n<ul>\n<li>Conception simple\n<p>Installation facile<\/p>\n<p>D\u00e9bit d&rsquo;air variable<\/p>\n<p>Excellent taux d&rsquo;induction<\/li>\n<\/ul>\n<\/div>\n<div class=\"flex flex-col gap-200\">\n<div class=\"flex flex-col flex-wrap gap-100 md:flex-row md:items-center gtm-purchase-option\" data-gtm-name=\"size\" data-gtm-label=\"Size\">\n<p><label class=\"flex gap-050 md:w-700 leading-none hyphens-auto print:w-full print:max-w-2\/5 text-label-small\">Size<\/label><\/p>\n<div class=\"flex flex-1 flex-wrap gap-050\"><button class=\"select-btn select-btn-small select-btn-selected gtm-purchase-option-value\" type=\"button\" data-gtm-name=\"125\" data-gtm-label=\"125\">125<\/button><button class=\"select-btn select-btn-small select-btn-default gtm-purchase-option-value\" type=\"button\" data-gtm-name=\"160\" data-gtm-label=\"160\">160<\/button><button class=\"select-btn select-btn-small select-btn-default gtm-purchase-option-value\" type=\"button\" data-gtm-name=\"200\" data-gtm-label=\"200\">200<\/button><button class=\"select-btn select-btn-small select-btn-default gtm-purchase-option-value\" type=\"button\" data-gtm-name=\"250\" data-gtm-label=\"250\">250<\/button><\/div>\n<\/div>\n<\/div>\n<div class=\"gtm-sku-info flex flex-col gap-y-050 text-label-tiny text-neutral-600\">\n<div class=\"flex flex-wrap items-baseline gap-x-100 gap-y-025\"><span class=\"gtm-article-name\">VVKR-F-125-600-8-B-SW<\/span><span class=\"whitespace-nowrap gtm-article-number text-base font-bold\">#229532<\/span><\/div>\n<\/div>\n","protected":false},"featured_media":38124,"template":"","meta":[],"product_brand":[],"product_cat":[1895,1931,1841],"product_tag":[],"class_list":{"0":"post-38129","1":"product","2":"type-product","3":"status-publish","4":"has-post-thumbnail","6":"product_cat-diffuseurs-diffuseurs-pour-la-ventilation","7":"product_cat-diffuseurs-tourbillonnaires","8":"product_cat-produits-de-distribution-dair","10":"first","11":"instock","12":"shipping-taxable","13":"product-type-simple"},"yoast_head":"<!-- This site is optimized with the Yoast SEO plugin v27.1.1 - https:\/\/yoast.com\/product\/yoast-seo-wordpress\/ -->\n<title>Diffuseurs h\u00e9lico\u00efdaux VVKR-F Diffuseur h\u00e9lico\u00efdal carr\u00e9 adapt\u00e9 aux faux plafonds en T - Climate Master<\/title>\n<meta name=\"robots\" content=\"index, follow, max-snippet:-1, max-image-preview:large, max-video-preview:-1\" \/>\n<link rel=\"canonical\" href=\"https:\/\/climatemaster.ge\/fr\/produit\/vvkr-f-swirl-diffusers-square-swirl-diffuser-suitable-for-t-bar-suspended-ceiling-installation\/\" \/>\n<meta property=\"og:locale\" content=\"fr_FR\" \/>\n<meta property=\"og:type\" content=\"article\" \/>\n<meta property=\"og:title\" content=\"Diffuseurs h\u00e9lico\u00efdaux VVKR-F Diffuseur h\u00e9lico\u00efdal carr\u00e9 adapt\u00e9 aux faux plafonds en T - Climate Master\" \/>\n<meta property=\"og:description\" content=\"Conception simple  Installation facile  D\u00e9bit d&#039;air variable  Excellent taux d&#039;induction      Size 125160200250    VVKR-F-125-600-8-B-SW#229532\" \/>\n<meta property=\"og:url\" content=\"https:\/\/climatemaster.ge\/fr\/produit\/vvkr-f-swirl-diffusers-square-swirl-diffuser-suitable-for-t-bar-suspended-ceiling-installation\/\" \/>\n<meta property=\"og:site_name\" content=\"Climate Master\" \/>\n<meta property=\"article:modified_time\" content=\"2025-09-08T17:30:44+00:00\" \/>\n<meta property=\"og:image\" content=\"https:\/\/climatemaster.ge\/wp-content\/uploads\/2025\/09\/PRODUCT-MAIN-IMAGE_VVKR_F.jpg\" \/>\n\t<meta property=\"og:image:width\" content=\"384\" \/>\n\t<meta property=\"og:image:height\" content=\"288\" \/>\n\t<meta property=\"og:image:type\" content=\"image\/jpeg\" \/>\n<meta name=\"twitter:card\" content=\"summary_large_image\" \/>\n<meta name=\"twitter:label1\" content=\"Dur\u00e9e de lecture estim\u00e9e\" \/>\n\t<meta name=\"twitter:data1\" content=\"1 minute\" \/>\n<script type=\"application\/ld+json\" class=\"yoast-schema-graph\">{\"@context\":\"https:\/\/schema.org\",\"@graph\":[{\"@type\":\"WebPage\",\"@id\":\"https:\/\/climatemaster.ge\/fr\/produit\/vvkr-f-swirl-diffusers-square-swirl-diffuser-suitable-for-t-bar-suspended-ceiling-installation\/\",\"url\":\"https:\/\/climatemaster.ge\/fr\/produit\/vvkr-f-swirl-diffusers-square-swirl-diffuser-suitable-for-t-bar-suspended-ceiling-installation\/\",\"name\":\"Diffuseurs h\u00e9lico\u00efdaux VVKR-F Diffuseur h\u00e9lico\u00efdal carr\u00e9 adapt\u00e9 aux faux plafonds en T - Climate Master\",\"isPartOf\":{\"@id\":\"https:\/\/climatemaster.ge\/#website\"},\"primaryImageOfPage\":{\"@id\":\"https:\/\/climatemaster.ge\/fr\/produit\/vvkr-f-swirl-diffusers-square-swirl-diffuser-suitable-for-t-bar-suspended-ceiling-installation\/#primaryimage\"},\"image\":{\"@id\":\"https:\/\/climatemaster.ge\/fr\/produit\/vvkr-f-swirl-diffusers-square-swirl-diffuser-suitable-for-t-bar-suspended-ceiling-installation\/#primaryimage\"},\"thumbnailUrl\":\"https:\/\/climatemaster.ge\/wp-content\/uploads\/2025\/09\/PRODUCT-MAIN-IMAGE_VVKR_F.jpg\",\"datePublished\":\"2025-09-08T15:08:15+00:00\",\"dateModified\":\"2025-09-08T17:30:44+00:00\",\"breadcrumb\":{\"@id\":\"https:\/\/climatemaster.ge\/fr\/produit\/vvkr-f-swirl-diffusers-square-swirl-diffuser-suitable-for-t-bar-suspended-ceiling-installation\/#breadcrumb\"},\"inLanguage\":\"fr-FR\",\"potentialAction\":[{\"@type\":\"ReadAction\",\"target\":[\"https:\/\/climatemaster.ge\/fr\/produit\/vvkr-f-swirl-diffusers-square-swirl-diffuser-suitable-for-t-bar-suspended-ceiling-installation\/\"]}]},{\"@type\":\"ImageObject\",\"inLanguage\":\"fr-FR\",\"@id\":\"https:\/\/climatemaster.ge\/fr\/produit\/vvkr-f-swirl-diffusers-square-swirl-diffuser-suitable-for-t-bar-suspended-ceiling-installation\/#primaryimage\",\"url\":\"https:\/\/climatemaster.ge\/wp-content\/uploads\/2025\/09\/PRODUCT-MAIN-IMAGE_VVKR_F.jpg\",\"contentUrl\":\"https:\/\/climatemaster.ge\/wp-content\/uploads\/2025\/09\/PRODUCT-MAIN-IMAGE_VVKR_F.jpg\",\"width\":384,\"height\":288},{\"@type\":\"BreadcrumbList\",\"@id\":\"https:\/\/climatemaster.ge\/fr\/produit\/vvkr-f-swirl-diffusers-square-swirl-diffuser-suitable-for-t-bar-suspended-ceiling-installation\/#breadcrumb\",\"itemListElement\":[{\"@type\":\"ListItem\",\"position\":1,\"name\":\"Home\",\"item\":\"https:\/\/climatemaster.ge\/\"},{\"@type\":\"ListItem\",\"position\":2,\"name\":\"Products\",\"item\":\"https:\/\/climatemaster.ge\/products\/\"},{\"@type\":\"ListItem\",\"position\":3,\"name\":\"Diffuseurs h\u00e9lico\u00efdaux VVKR-F Diffuseur h\u00e9lico\u00efdal carr\u00e9 adapt\u00e9 aux faux plafonds en T\"}]},{\"@type\":\"WebSite\",\"@id\":\"https:\/\/climatemaster.ge\/#website\",\"url\":\"https:\/\/climatemaster.ge\/\",\"name\":\"Climate Master\",\"description\":\"\",\"publisher\":{\"@id\":\"https:\/\/climatemaster.ge\/#organization\"},\"potentialAction\":[{\"@type\":\"SearchAction\",\"target\":{\"@type\":\"EntryPoint\",\"urlTemplate\":\"https:\/\/climatemaster.ge\/?s={search_term_string}\"},\"query-input\":{\"@type\":\"PropertyValueSpecification\",\"valueRequired\":true,\"valueName\":\"search_term_string\"}}],\"inLanguage\":\"fr-FR\"},{\"@type\":\"Organization\",\"@id\":\"https:\/\/climatemaster.ge\/#organization\",\"name\":\"Climate Master\",\"url\":\"https:\/\/climatemaster.ge\/\",\"logo\":{\"@type\":\"ImageObject\",\"inLanguage\":\"fr-FR\",\"@id\":\"https:\/\/climatemaster.ge\/#\/schema\/logo\/image\/\",\"url\":\"https:\/\/climatemaster.ge\/wp-content\/uploads\/2026\/03\/Untitled-2.png\",\"contentUrl\":\"https:\/\/climatemaster.ge\/wp-content\/uploads\/2026\/03\/Untitled-2.png\",\"width\":600,\"height\":338,\"caption\":\"Climate Master\"},\"image\":{\"@id\":\"https:\/\/climatemaster.ge\/#\/schema\/logo\/image\/\"}}]}<\/script>\n<!-- \/ Yoast SEO plugin. -->","yoast_head_json":{"title":"Diffuseurs h\u00e9lico\u00efdaux VVKR-F Diffuseur h\u00e9lico\u00efdal carr\u00e9 adapt\u00e9 aux faux plafonds en T - Climate Master","robots":{"index":"index","follow":"follow","max-snippet":"max-snippet:-1","max-image-preview":"max-image-preview:large","max-video-preview":"max-video-preview:-1"},"canonical":"https:\/\/climatemaster.ge\/fr\/produit\/vvkr-f-swirl-diffusers-square-swirl-diffuser-suitable-for-t-bar-suspended-ceiling-installation\/","og_locale":"fr_FR","og_type":"article","og_title":"Diffuseurs h\u00e9lico\u00efdaux VVKR-F Diffuseur h\u00e9lico\u00efdal carr\u00e9 adapt\u00e9 aux faux plafonds en T - Climate Master","og_description":"Conception simple  Installation facile  D\u00e9bit d'air variable  Excellent taux d'induction      Size 125160200250    VVKR-F-125-600-8-B-SW#229532","og_url":"https:\/\/climatemaster.ge\/fr\/produit\/vvkr-f-swirl-diffusers-square-swirl-diffuser-suitable-for-t-bar-suspended-ceiling-installation\/","og_site_name":"Climate Master","article_modified_time":"2025-09-08T17:30:44+00:00","og_image":[{"width":384,"height":288,"url":"https:\/\/climatemaster.ge\/wp-content\/uploads\/2025\/09\/PRODUCT-MAIN-IMAGE_VVKR_F.jpg","type":"image\/jpeg"}],"twitter_card":"summary_large_image","twitter_misc":{"Dur\u00e9e de lecture estim\u00e9e":"1 minute"},"schema":{"@context":"https:\/\/schema.org","@graph":[{"@type":"WebPage","@id":"https:\/\/climatemaster.ge\/fr\/produit\/vvkr-f-swirl-diffusers-square-swirl-diffuser-suitable-for-t-bar-suspended-ceiling-installation\/","url":"https:\/\/climatemaster.ge\/fr\/produit\/vvkr-f-swirl-diffusers-square-swirl-diffuser-suitable-for-t-bar-suspended-ceiling-installation\/","name":"Diffuseurs h\u00e9lico\u00efdaux VVKR-F Diffuseur h\u00e9lico\u00efdal carr\u00e9 adapt\u00e9 aux faux plafonds en T - Climate Master","isPartOf":{"@id":"https:\/\/climatemaster.ge\/#website"},"primaryImageOfPage":{"@id":"https:\/\/climatemaster.ge\/fr\/produit\/vvkr-f-swirl-diffusers-square-swirl-diffuser-suitable-for-t-bar-suspended-ceiling-installation\/#primaryimage"},"image":{"@id":"https:\/\/climatemaster.ge\/fr\/produit\/vvkr-f-swirl-diffusers-square-swirl-diffuser-suitable-for-t-bar-suspended-ceiling-installation\/#primaryimage"},"thumbnailUrl":"https:\/\/climatemaster.ge\/wp-content\/uploads\/2025\/09\/PRODUCT-MAIN-IMAGE_VVKR_F.jpg","datePublished":"2025-09-08T15:08:15+00:00","dateModified":"2025-09-08T17:30:44+00:00","breadcrumb":{"@id":"https:\/\/climatemaster.ge\/fr\/produit\/vvkr-f-swirl-diffusers-square-swirl-diffuser-suitable-for-t-bar-suspended-ceiling-installation\/#breadcrumb"},"inLanguage":"fr-FR","potentialAction":[{"@type":"ReadAction","target":["https:\/\/climatemaster.ge\/fr\/produit\/vvkr-f-swirl-diffusers-square-swirl-diffuser-suitable-for-t-bar-suspended-ceiling-installation\/"]}]},{"@type":"ImageObject","inLanguage":"fr-FR","@id":"https:\/\/climatemaster.ge\/fr\/produit\/vvkr-f-swirl-diffusers-square-swirl-diffuser-suitable-for-t-bar-suspended-ceiling-installation\/#primaryimage","url":"https:\/\/climatemaster.ge\/wp-content\/uploads\/2025\/09\/PRODUCT-MAIN-IMAGE_VVKR_F.jpg","contentUrl":"https:\/\/climatemaster.ge\/wp-content\/uploads\/2025\/09\/PRODUCT-MAIN-IMAGE_VVKR_F.jpg","width":384,"height":288},{"@type":"BreadcrumbList","@id":"https:\/\/climatemaster.ge\/fr\/produit\/vvkr-f-swirl-diffusers-square-swirl-diffuser-suitable-for-t-bar-suspended-ceiling-installation\/#breadcrumb","itemListElement":[{"@type":"ListItem","position":1,"name":"Home","item":"https:\/\/climatemaster.ge\/"},{"@type":"ListItem","position":2,"name":"Products","item":"https:\/\/climatemaster.ge\/products\/"},{"@type":"ListItem","position":3,"name":"Diffuseurs h\u00e9lico\u00efdaux VVKR-F Diffuseur h\u00e9lico\u00efdal carr\u00e9 adapt\u00e9 aux faux plafonds en T"}]},{"@type":"WebSite","@id":"https:\/\/climatemaster.ge\/#website","url":"https:\/\/climatemaster.ge\/","name":"Climate Master","description":"","publisher":{"@id":"https:\/\/climatemaster.ge\/#organization"},"potentialAction":[{"@type":"SearchAction","target":{"@type":"EntryPoint","urlTemplate":"https:\/\/climatemaster.ge\/?s={search_term_string}"},"query-input":{"@type":"PropertyValueSpecification","valueRequired":true,"valueName":"search_term_string"}}],"inLanguage":"fr-FR"},{"@type":"Organization","@id":"https:\/\/climatemaster.ge\/#organization","name":"Climate Master","url":"https:\/\/climatemaster.ge\/","logo":{"@type":"ImageObject","inLanguage":"fr-FR","@id":"https:\/\/climatemaster.ge\/#\/schema\/logo\/image\/","url":"https:\/\/climatemaster.ge\/wp-content\/uploads\/2026\/03\/Untitled-2.png","contentUrl":"https:\/\/climatemaster.ge\/wp-content\/uploads\/2026\/03\/Untitled-2.png","width":600,"height":338,"caption":"Climate Master"},"image":{"@id":"https:\/\/climatemaster.ge\/#\/schema\/logo\/image\/"}}]}},"_links":{"self":[{"href":"https:\/\/climatemaster.ge\/fr\/wp-json\/wp\/v2\/product\/38129","targetHints":{"allow":["GET"]}}],"collection":[{"href":"https:\/\/climatemaster.ge\/fr\/wp-json\/wp\/v2\/product"}],"about":[{"href":"https:\/\/climatemaster.ge\/fr\/wp-json\/wp\/v2\/types\/product"}],"wp:featuredmedia":[{"embeddable":true,"href":"https:\/\/climatemaster.ge\/fr\/wp-json\/wp\/v2\/media\/38124"}],"wp:attachment":[{"href":"https:\/\/climatemaster.ge\/fr\/wp-json\/wp\/v2\/media?parent=38129"}],"wp:term":[{"taxonomy":"product_brand","embeddable":true,"href":"https:\/\/climatemaster.ge\/fr\/wp-json\/wp\/v2\/product_brand?post=38129"},{"taxonomy":"product_cat","embeddable":true,"href":"https:\/\/climatemaster.ge\/fr\/wp-json\/wp\/v2\/product_cat?post=38129"},{"taxonomy":"product_tag","embeddable":true,"href":"https:\/\/climatemaster.ge\/fr\/wp-json\/wp\/v2\/product_tag?post=38129"}],"curies":[{"name":"wp","href":"https:\/\/api.w.org\/{rel}","templated":true}]}}