{"id":38116,"date":"2025-09-08T18:58:56","date_gmt":"2025-09-08T14:58:56","guid":{"rendered":"https:\/\/airsystems.ge\/shop\/product\/bure-variable-geometry-diffusers-high-induction-diffuser-for-heating-and-cooling-in-big-halls-and-industrial-buildings\/"},"modified":"2025-09-08T19:02:34","modified_gmt":"2025-09-08T15:02:34","slug":"bure-variable-geometry-diffusers-high-induction-diffuser-for-heating-and-cooling-in-big-halls-and-industrial-buildings","status":"publish","type":"product","link":"https:\/\/climatemaster.ge\/fr\/produit\/bure-variable-geometry-diffusers-high-induction-diffuser-for-heating-and-cooling-in-big-halls-and-industrial-buildings\/","title":{"rendered":"Diffuseurs \u00e0 g\u00e9om\u00e9trie variable BURE Diffuseur \u00e0 haute induction pour le chauffage et le refroidissement des grands halls et b\u00e2timents industriels"},"content":{"rendered":"<div class=\"mb-400 gtm-product-section container-fluid\" data-gtm-name=\"Benefits\" data-gtm-label=\"Benefits (en)\" data-gtm-vis-first-on-screen53434917_103=\"112405\" data-gtm-vis-total-visible-time53434917_103=\"1500\" data-gtm-vis-has-fired53434917_103=\"1\">\n<div class=\"row\">\n<div class=\"content-element content-element-product-benefit col-12 sm:col-6 mb-400\">\n<div class=\"bg-card px-300 py-250 mobile-nav:px-200 mobile-nav:py-150 h-full flex overflow-hidden card-border\">\n<div class=\"min-w-0\">\n<p><strong>Ventilation haute capacit\u00e9<\/strong><br \/>\nLe diffuseur BURE assure une ventilation efficace et haute capacit\u00e9 pour les grands halls et b\u00e2timents industriels.<\/p>\n<p><strong>Chauffage et refroidissement<\/strong><br \/>\nLe diffuseur \u00e0 haute induction BURE assure le chauffage et le refroidissement dans diverses configurations.<\/p>\n<p><strong>Variation de la perte de charge<\/strong><br \/>\nLe r\u00e9glage de la g\u00e9om\u00e9trie a une faible influence sur la variation de la perte de charge.<\/p>\n<p>Disponible en diff\u00e9rentes tailles, le diffuseur BURE \u00e0 g\u00e9om\u00e9trie r\u00e9glable assure une ventilation haute capacit\u00e9 efficace et confortable des grands halls et b\u00e2timents industriels. Con\u00e7u pour un chauffage et un refroidissement efficaces, il est adapt\u00e9 \u00e0 une installation \u00e0 une hauteur comprise entre 4 et 12 m dans les grands halls industriels et publics. Le r\u00e9glage du jet d&rsquo;air peut \u00eatre effectu\u00e9 manuellement (BURE-HC), par un actionneur \u00e9lectrique (BURE-MC, BURE-M2) ou par un actionneur thermique (BURE-TC).<\/p>\n<p>Le m\u00e9canisme de contr\u00f4le de toutes les options BURE ajuste le flux d&rsquo;air en continu, quelle que soit la position s\u00e9lectionn\u00e9e, entre un r\u00e9glage horizontal et vertical. Le BURE est compos\u00e9 d&rsquo;un robinet d&rsquo;admission et d&rsquo;une cage int\u00e9rieure et ext\u00e9rieure avec des ouvertures pour l&rsquo;alimentation en air de la surface p\u00e9riph\u00e9rique et de la face inf\u00e9rieure. Selon le mode de fonctionnement, les ouvertures de la surface p\u00e9riph\u00e9rique (refroidissement, flux d&rsquo;air horizontal) ou de la face inf\u00e9rieure (chauffage, flux d&rsquo;air vertical) sont ouvertes.<\/p>\n<\/div>\n<\/div>\n<\/div>\n<\/div>\n<\/div>\n<div class=\"content-container content-container-page gtm-product-section\" data-gtm-name=\"Content\" data-gtm-label=\"Content (en)\" data-gtm-vis-recent-on-screen53434917_103=\"115302\" data-gtm-vis-first-on-screen53434917_103=\"115302\" data-gtm-vis-total-visible-time53434917_103=\"1500\" data-gtm-vis-has-fired53434917_103=\"1\">\n<div id=\"scroll-f4101694\" class=\"content-element content-element-grid gtm-component-grid mb-400 overflow-x-hidden container-screen px-0\">\n<div class=\"row mx-0 md:mx-0 pb-400 gap-y-0\">\n<div class=\"content-container content-container-grid-cell px-0 col-12 md:col-4 lg:col-4\">\n<div id=\"scroll-08e18222\" class=\"content-element content-element-video gtm-component-video\">\n<div class=\"relative\">\n<div class=\"block w-full\"><\/div>\n<p><iframe class=\"absolute inset-0 w-full h-full object-center object-contain\" title=\"Youtube Video\" src=\"https:\/\/www.youtube.com\/embed\/Y0wdB5_lceI\" frameborder=\"0\" allowfullscreen=\"allowfullscreen\" data-mce-fragment=\"1\"><\/iframe><\/p>\n<\/div>\n<\/div>\n<\/div>\n<div class=\"content-container content-container-grid-cell px-0 col-12 md:col-4 lg:col-4\">\n<div class=\"content-element content-element-divider gtm-component-divider container-fluid\">\n<div class=\"row\">\n<div class=\"md:col-7 md:offset-1\">\n<div class=\"\">\n<hr class=\"m-0 border-none\" \/>\n<\/div>\n<\/div>\n<\/div>\n<\/div>\n<\/div>\n<div class=\"content-container content-container-grid-cell px-0 col-12 md:col-4 lg:col-4\">\n<div id=\"scroll-8cb89d90\" class=\"break-words hyphens-auto content-element content-element-stat Stat_stat__1ggk2 Stat_stat--size-l__U0qD1 Stat_stat--color-cool__OWgK6 Stat_stat--is-card__QFUIr Stat_stat--is-in-grid__VRgRO\"><strong>Votre commande, votre style\u00a0!<\/strong><br \/>\nNotre produit est personnalisable selon vos pr\u00e9f\u00e9rences, vous permettant de le commander avec n&rsquo;importe quelle finition RAL pour une harmonie parfaite avec votre esth\u00e9tique.<\/div>\n<\/div>\n<\/div>\n<\/div>\n<\/div>\n","protected":false},"excerpt":{"rendered":"<div>\n<p>G\u00e9om\u00e9trie r\u00e9glable<\/p>\n<p>Grande capacit\u00e9<\/p>\n<p>Format compact<\/p>\n<p>Grande port\u00e9e<\/p>\n<\/div>\n<div class=\"flex flex-col gap-200\">\n<div class=\"flex flex-col flex-wrap gap-100 md:flex-row md:items-center gtm-purchase-option\" data-gtm-name=\"size\" data-gtm-label=\"Size (DN)\">\n<p><label class=\"flex gap-050 md:w-700 leading-none hyphens-auto print:w-full print:max-w-2\/5 text-label-small\">Size (DN)<\/label><\/p>\n<div class=\"flex flex-1 flex-wrap gap-050\"><button class=\"select-btn select-btn-small select-btn-selected gtm-purchase-option-value\" type=\"button\" data-gtm-name=\"250\" data-gtm-label=\"250\">250<\/button><button class=\"select-btn select-btn-small select-btn-default gtm-purchase-option-value\" type=\"button\" data-gtm-name=\"315\" data-gtm-label=\"315\">315<\/button><button class=\"select-btn select-btn-small select-btn-default gtm-purchase-option-value\" type=\"button\" data-gtm-name=\"400\" data-gtm-label=\"400\">400<\/button><button class=\"select-btn select-btn-small select-btn-default gtm-purchase-option-value\" type=\"button\" data-gtm-name=\"500\" data-gtm-label=\"500\">500<\/button><button class=\"select-btn select-btn-small select-btn-default gtm-purchase-option-value\" type=\"button\" data-gtm-name=\"630\" data-gtm-label=\"630\">630<\/button><\/div>\n<\/div>\n<\/div>\n<div class=\"gtm-sku-info flex flex-col gap-y-050 text-label-tiny text-neutral-600\">\n<div class=\"flex flex-wrap items-baseline gap-x-100 gap-y-025\"><span class=\"gtm-article-name\">BURE-250-TC-SW<\/span><span class=\"whitespace-nowrap gtm-article-number text-base font-bold\">#268580<\/span><\/div>\n<\/div>\n","protected":false},"featured_media":38086,"template":"","meta":[],"product_brand":[],"product_cat":[1939,1895,1841],"product_tag":[],"class_list":{"0":"post-38116","1":"product","2":"type-product","3":"status-publish","4":"has-post-thumbnail","6":"product_cat-diffuseurs-a-geometrie-variable","7":"product_cat-diffuseurs-diffuseurs-pour-la-ventilation","8":"product_cat-produits-de-distribution-dair","10":"first","11":"instock","12":"shipping-taxable","13":"product-type-simple"},"yoast_head":"<!-- This site is optimized with the Yoast SEO plugin v27.1.1 - https:\/\/yoast.com\/product\/yoast-seo-wordpress\/ -->\n<title>Diffuseurs \u00e0 g\u00e9om\u00e9trie variable BURE Diffuseur \u00e0 haute induction pour le chauffage et le refroidissement des grands halls et b\u00e2timents industriels - Climate Master<\/title>\n<meta name=\"robots\" content=\"index, follow, max-snippet:-1, max-image-preview:large, max-video-preview:-1\" \/>\n<link rel=\"canonical\" href=\"https:\/\/climatemaster.ge\/fr\/produit\/bure-variable-geometry-diffusers-high-induction-diffuser-for-heating-and-cooling-in-big-halls-and-industrial-buildings\/\" \/>\n<meta property=\"og:locale\" content=\"fr_FR\" \/>\n<meta property=\"og:type\" content=\"article\" \/>\n<meta property=\"og:title\" content=\"Diffuseurs \u00e0 g\u00e9om\u00e9trie variable BURE Diffuseur \u00e0 haute induction pour le chauffage et le refroidissement des grands halls et b\u00e2timents industriels - Climate Master\" \/>\n<meta property=\"og:description\" content=\"G\u00e9om\u00e9trie r\u00e9glable  Grande capacit\u00e9  Format compact  Grande port\u00e9e      Size (DN) 250315400500630    BURE-250-TC-SW#268580\" \/>\n<meta property=\"og:url\" content=\"https:\/\/climatemaster.ge\/fr\/produit\/bure-variable-geometry-diffusers-high-induction-diffuser-for-heating-and-cooling-in-big-halls-and-industrial-buildings\/\" \/>\n<meta property=\"og:site_name\" content=\"Climate Master\" \/>\n<meta property=\"article:modified_time\" content=\"2025-09-08T15:02:34+00:00\" \/>\n<meta property=\"og:image\" content=\"https:\/\/climatemaster.ge\/wp-content\/uploads\/2025\/09\/PRODUCT-MAIN-IMAGE_BURE.jpg\" \/>\n\t<meta property=\"og:image:width\" content=\"384\" \/>\n\t<meta property=\"og:image:height\" content=\"288\" \/>\n\t<meta property=\"og:image:type\" content=\"image\/jpeg\" \/>\n<meta name=\"twitter:card\" content=\"summary_large_image\" \/>\n<meta name=\"twitter:label1\" content=\"Dur\u00e9e de lecture estim\u00e9e\" \/>\n\t<meta name=\"twitter:data1\" content=\"1 minute\" \/>\n<script type=\"application\/ld+json\" class=\"yoast-schema-graph\">{\"@context\":\"https:\/\/schema.org\",\"@graph\":[{\"@type\":\"WebPage\",\"@id\":\"https:\/\/climatemaster.ge\/fr\/produit\/bure-variable-geometry-diffusers-high-induction-diffuser-for-heating-and-cooling-in-big-halls-and-industrial-buildings\/\",\"url\":\"https:\/\/climatemaster.ge\/fr\/produit\/bure-variable-geometry-diffusers-high-induction-diffuser-for-heating-and-cooling-in-big-halls-and-industrial-buildings\/\",\"name\":\"Diffuseurs \u00e0 g\u00e9om\u00e9trie variable BURE Diffuseur \u00e0 haute induction pour le chauffage et le refroidissement des grands halls et b\u00e2timents industriels - Climate Master\",\"isPartOf\":{\"@id\":\"https:\/\/climatemaster.ge\/#website\"},\"primaryImageOfPage\":{\"@id\":\"https:\/\/climatemaster.ge\/fr\/produit\/bure-variable-geometry-diffusers-high-induction-diffuser-for-heating-and-cooling-in-big-halls-and-industrial-buildings\/#primaryimage\"},\"image\":{\"@id\":\"https:\/\/climatemaster.ge\/fr\/produit\/bure-variable-geometry-diffusers-high-induction-diffuser-for-heating-and-cooling-in-big-halls-and-industrial-buildings\/#primaryimage\"},\"thumbnailUrl\":\"https:\/\/climatemaster.ge\/wp-content\/uploads\/2025\/09\/PRODUCT-MAIN-IMAGE_BURE.jpg\",\"datePublished\":\"2025-09-08T14:58:56+00:00\",\"dateModified\":\"2025-09-08T15:02:34+00:00\",\"breadcrumb\":{\"@id\":\"https:\/\/climatemaster.ge\/fr\/produit\/bure-variable-geometry-diffusers-high-induction-diffuser-for-heating-and-cooling-in-big-halls-and-industrial-buildings\/#breadcrumb\"},\"inLanguage\":\"fr-FR\",\"potentialAction\":[{\"@type\":\"ReadAction\",\"target\":[\"https:\/\/climatemaster.ge\/fr\/produit\/bure-variable-geometry-diffusers-high-induction-diffuser-for-heating-and-cooling-in-big-halls-and-industrial-buildings\/\"]}]},{\"@type\":\"ImageObject\",\"inLanguage\":\"fr-FR\",\"@id\":\"https:\/\/climatemaster.ge\/fr\/produit\/bure-variable-geometry-diffusers-high-induction-diffuser-for-heating-and-cooling-in-big-halls-and-industrial-buildings\/#primaryimage\",\"url\":\"https:\/\/climatemaster.ge\/wp-content\/uploads\/2025\/09\/PRODUCT-MAIN-IMAGE_BURE.jpg\",\"contentUrl\":\"https:\/\/climatemaster.ge\/wp-content\/uploads\/2025\/09\/PRODUCT-MAIN-IMAGE_BURE.jpg\",\"width\":384,\"height\":288},{\"@type\":\"BreadcrumbList\",\"@id\":\"https:\/\/climatemaster.ge\/fr\/produit\/bure-variable-geometry-diffusers-high-induction-diffuser-for-heating-and-cooling-in-big-halls-and-industrial-buildings\/#breadcrumb\",\"itemListElement\":[{\"@type\":\"ListItem\",\"position\":1,\"name\":\"Home\",\"item\":\"https:\/\/climatemaster.ge\/\"},{\"@type\":\"ListItem\",\"position\":2,\"name\":\"Products\",\"item\":\"https:\/\/climatemaster.ge\/products\/\"},{\"@type\":\"ListItem\",\"position\":3,\"name\":\"Diffuseurs \u00e0 g\u00e9om\u00e9trie variable BURE Diffuseur \u00e0 haute induction pour le chauffage et le refroidissement des grands halls et b\u00e2timents industriels\"}]},{\"@type\":\"WebSite\",\"@id\":\"https:\/\/climatemaster.ge\/#website\",\"url\":\"https:\/\/climatemaster.ge\/\",\"name\":\"Climate Master\",\"description\":\"\",\"publisher\":{\"@id\":\"https:\/\/climatemaster.ge\/#organization\"},\"potentialAction\":[{\"@type\":\"SearchAction\",\"target\":{\"@type\":\"EntryPoint\",\"urlTemplate\":\"https:\/\/climatemaster.ge\/?s={search_term_string}\"},\"query-input\":{\"@type\":\"PropertyValueSpecification\",\"valueRequired\":true,\"valueName\":\"search_term_string\"}}],\"inLanguage\":\"fr-FR\"},{\"@type\":\"Organization\",\"@id\":\"https:\/\/climatemaster.ge\/#organization\",\"name\":\"Climate Master\",\"url\":\"https:\/\/climatemaster.ge\/\",\"logo\":{\"@type\":\"ImageObject\",\"inLanguage\":\"fr-FR\",\"@id\":\"https:\/\/climatemaster.ge\/#\/schema\/logo\/image\/\",\"url\":\"https:\/\/climatemaster.ge\/wp-content\/uploads\/2026\/03\/Untitled-2.png\",\"contentUrl\":\"https:\/\/climatemaster.ge\/wp-content\/uploads\/2026\/03\/Untitled-2.png\",\"width\":600,\"height\":338,\"caption\":\"Climate Master\"},\"image\":{\"@id\":\"https:\/\/climatemaster.ge\/#\/schema\/logo\/image\/\"}}]}<\/script>\n<!-- \/ Yoast SEO plugin. -->","yoast_head_json":{"title":"Diffuseurs \u00e0 g\u00e9om\u00e9trie variable BURE Diffuseur \u00e0 haute induction pour le chauffage et le refroidissement des grands halls et b\u00e2timents industriels - Climate Master","robots":{"index":"index","follow":"follow","max-snippet":"max-snippet:-1","max-image-preview":"max-image-preview:large","max-video-preview":"max-video-preview:-1"},"canonical":"https:\/\/climatemaster.ge\/fr\/produit\/bure-variable-geometry-diffusers-high-induction-diffuser-for-heating-and-cooling-in-big-halls-and-industrial-buildings\/","og_locale":"fr_FR","og_type":"article","og_title":"Diffuseurs \u00e0 g\u00e9om\u00e9trie variable BURE Diffuseur \u00e0 haute induction pour le chauffage et le refroidissement des grands halls et b\u00e2timents industriels - Climate Master","og_description":"G\u00e9om\u00e9trie r\u00e9glable  Grande capacit\u00e9  Format compact  Grande port\u00e9e      Size (DN) 250315400500630    BURE-250-TC-SW#268580","og_url":"https:\/\/climatemaster.ge\/fr\/produit\/bure-variable-geometry-diffusers-high-induction-diffuser-for-heating-and-cooling-in-big-halls-and-industrial-buildings\/","og_site_name":"Climate Master","article_modified_time":"2025-09-08T15:02:34+00:00","og_image":[{"width":384,"height":288,"url":"https:\/\/climatemaster.ge\/wp-content\/uploads\/2025\/09\/PRODUCT-MAIN-IMAGE_BURE.jpg","type":"image\/jpeg"}],"twitter_card":"summary_large_image","twitter_misc":{"Dur\u00e9e de lecture estim\u00e9e":"1 minute"},"schema":{"@context":"https:\/\/schema.org","@graph":[{"@type":"WebPage","@id":"https:\/\/climatemaster.ge\/fr\/produit\/bure-variable-geometry-diffusers-high-induction-diffuser-for-heating-and-cooling-in-big-halls-and-industrial-buildings\/","url":"https:\/\/climatemaster.ge\/fr\/produit\/bure-variable-geometry-diffusers-high-induction-diffuser-for-heating-and-cooling-in-big-halls-and-industrial-buildings\/","name":"Diffuseurs \u00e0 g\u00e9om\u00e9trie variable BURE Diffuseur \u00e0 haute induction pour le chauffage et le refroidissement des grands halls et b\u00e2timents industriels - Climate Master","isPartOf":{"@id":"https:\/\/climatemaster.ge\/#website"},"primaryImageOfPage":{"@id":"https:\/\/climatemaster.ge\/fr\/produit\/bure-variable-geometry-diffusers-high-induction-diffuser-for-heating-and-cooling-in-big-halls-and-industrial-buildings\/#primaryimage"},"image":{"@id":"https:\/\/climatemaster.ge\/fr\/produit\/bure-variable-geometry-diffusers-high-induction-diffuser-for-heating-and-cooling-in-big-halls-and-industrial-buildings\/#primaryimage"},"thumbnailUrl":"https:\/\/climatemaster.ge\/wp-content\/uploads\/2025\/09\/PRODUCT-MAIN-IMAGE_BURE.jpg","datePublished":"2025-09-08T14:58:56+00:00","dateModified":"2025-09-08T15:02:34+00:00","breadcrumb":{"@id":"https:\/\/climatemaster.ge\/fr\/produit\/bure-variable-geometry-diffusers-high-induction-diffuser-for-heating-and-cooling-in-big-halls-and-industrial-buildings\/#breadcrumb"},"inLanguage":"fr-FR","potentialAction":[{"@type":"ReadAction","target":["https:\/\/climatemaster.ge\/fr\/produit\/bure-variable-geometry-diffusers-high-induction-diffuser-for-heating-and-cooling-in-big-halls-and-industrial-buildings\/"]}]},{"@type":"ImageObject","inLanguage":"fr-FR","@id":"https:\/\/climatemaster.ge\/fr\/produit\/bure-variable-geometry-diffusers-high-induction-diffuser-for-heating-and-cooling-in-big-halls-and-industrial-buildings\/#primaryimage","url":"https:\/\/climatemaster.ge\/wp-content\/uploads\/2025\/09\/PRODUCT-MAIN-IMAGE_BURE.jpg","contentUrl":"https:\/\/climatemaster.ge\/wp-content\/uploads\/2025\/09\/PRODUCT-MAIN-IMAGE_BURE.jpg","width":384,"height":288},{"@type":"BreadcrumbList","@id":"https:\/\/climatemaster.ge\/fr\/produit\/bure-variable-geometry-diffusers-high-induction-diffuser-for-heating-and-cooling-in-big-halls-and-industrial-buildings\/#breadcrumb","itemListElement":[{"@type":"ListItem","position":1,"name":"Home","item":"https:\/\/climatemaster.ge\/"},{"@type":"ListItem","position":2,"name":"Products","item":"https:\/\/climatemaster.ge\/products\/"},{"@type":"ListItem","position":3,"name":"Diffuseurs \u00e0 g\u00e9om\u00e9trie variable BURE Diffuseur \u00e0 haute induction pour le chauffage et le refroidissement des grands halls et b\u00e2timents industriels"}]},{"@type":"WebSite","@id":"https:\/\/climatemaster.ge\/#website","url":"https:\/\/climatemaster.ge\/","name":"Climate Master","description":"","publisher":{"@id":"https:\/\/climatemaster.ge\/#organization"},"potentialAction":[{"@type":"SearchAction","target":{"@type":"EntryPoint","urlTemplate":"https:\/\/climatemaster.ge\/?s={search_term_string}"},"query-input":{"@type":"PropertyValueSpecification","valueRequired":true,"valueName":"search_term_string"}}],"inLanguage":"fr-FR"},{"@type":"Organization","@id":"https:\/\/climatemaster.ge\/#organization","name":"Climate Master","url":"https:\/\/climatemaster.ge\/","logo":{"@type":"ImageObject","inLanguage":"fr-FR","@id":"https:\/\/climatemaster.ge\/#\/schema\/logo\/image\/","url":"https:\/\/climatemaster.ge\/wp-content\/uploads\/2026\/03\/Untitled-2.png","contentUrl":"https:\/\/climatemaster.ge\/wp-content\/uploads\/2026\/03\/Untitled-2.png","width":600,"height":338,"caption":"Climate Master"},"image":{"@id":"https:\/\/climatemaster.ge\/#\/schema\/logo\/image\/"}}]}},"_links":{"self":[{"href":"https:\/\/climatemaster.ge\/fr\/wp-json\/wp\/v2\/product\/38116","targetHints":{"allow":["GET"]}}],"collection":[{"href":"https:\/\/climatemaster.ge\/fr\/wp-json\/wp\/v2\/product"}],"about":[{"href":"https:\/\/climatemaster.ge\/fr\/wp-json\/wp\/v2\/types\/product"}],"wp:featuredmedia":[{"embeddable":true,"href":"https:\/\/climatemaster.ge\/fr\/wp-json\/wp\/v2\/media\/38086"}],"wp:attachment":[{"href":"https:\/\/climatemaster.ge\/fr\/wp-json\/wp\/v2\/media?parent=38116"}],"wp:term":[{"taxonomy":"product_brand","embeddable":true,"href":"https:\/\/climatemaster.ge\/fr\/wp-json\/wp\/v2\/product_brand?post=38116"},{"taxonomy":"product_cat","embeddable":true,"href":"https:\/\/climatemaster.ge\/fr\/wp-json\/wp\/v2\/product_cat?post=38116"},{"taxonomy":"product_tag","embeddable":true,"href":"https:\/\/climatemaster.ge\/fr\/wp-json\/wp\/v2\/product_tag?post=38116"}],"curies":[{"name":"wp","href":"https:\/\/api.w.org\/{rel}","templated":true}]}}