{"id":38039,"date":"2025-09-08T18:35:02","date_gmt":"2025-09-08T14:35:02","guid":{"rendered":"https:\/\/airsystems.ge\/shop\/product\/vvt-variable-geometry-diffusers-adjustable-swirl-ceiling-diffuser-for-effective-air-supply-in-working-areas\/"},"modified":"2025-09-08T18:38:35","modified_gmt":"2025-09-08T14:38:35","slug":"vvt-variable-geometry-diffusers-adjustable-swirl-ceiling-diffuser-for-effective-air-supply-in-working-areas","status":"publish","type":"product","link":"https:\/\/climatemaster.ge\/fr\/produit\/vvt-variable-geometry-diffusers-adjustable-swirl-ceiling-diffuser-for-effective-air-supply-in-working-areas\/","title":{"rendered":"Diffuseurs \u00e0 g\u00e9om\u00e9trie variable VVT Diffuseur plafonnier h\u00e9lico\u00efdal r\u00e9glable pour une ventilation efficace des espaces de travail"},"content":{"rendered":"<div class=\"mb-400 gtm-product-section container-fluid\" data-gtm-name=\"Benefits\" data-gtm-label=\"Benefits (en)\" data-gtm-vis-first-on-screen53434917_103=\"40410\" data-gtm-vis-total-visible-time53434917_103=\"1500\" data-gtm-vis-has-fired53434917_103=\"1\">\n<div class=\"row\">\n<div class=\"content-element content-element-product-benefit col-12 sm:col-6 mb-400\">\n<div class=\"bg-card px-300 py-250 mobile-nav:px-200 mobile-nav:py-150 h-full flex overflow-hidden card-border\">\n<div class=\"min-w-0\">\n<p><strong>M\u00e9lange d&rsquo;air intense<\/strong><br \/>\nLa sortie h\u00e9lico\u00efdale du diffuseur VVT permet un brassage d&rsquo;air intense.<\/p>\n<p><strong>R\u00e9gulation automatique<\/strong><br \/>\nLe diffuseur VVT est dot\u00e9 d&rsquo;une r\u00e9gulation automatique et ne n\u00e9cessite aucune alimentation \u00e9lectrique suppl\u00e9mentaire.<\/p>\n<p><strong>Syst\u00e8me de distribution d&rsquo;air<\/strong><br \/>\nLe diffuseur h\u00e9lico\u00efdal VWT peut \u00eatre raccord\u00e9 \u00e0 un syst\u00e8me de distribution d&rsquo;air avec pl\u00e9num.<\/p>\n<p>Le diffuseur plafonnier h\u00e9lico\u00efdal VVT \u00e0 r\u00e9gulation thermostatique et \u00e0 ailettes fixes est un \u00e9l\u00e9ment de distribution d&rsquo;air performant. Sa face avant est \u00e9quip\u00e9e d&rsquo;ailettes radiales de diff\u00e9rentes formes, assurant une diffusion homog\u00e8ne de l&rsquo;air h\u00e9lico\u00efdal dans la zone de travail. \u00c0 l&rsquo;int\u00e9rieur, la r\u00e9gulation thermostatique du diffuseur assure un flux d&rsquo;air vertical descendant.<\/p>\n<p>La r\u00e9gulation du VVT est automatique et ne n\u00e9cessite aucune alimentation \u00e9lectrique suppl\u00e9mentaire. Le diffuseur h\u00e9lico\u00efdal VVT peut \u00eatre raccord\u00e9 \u00e0 un syst\u00e8me de distribution d&rsquo;air via un pl\u00e9num de raccordement horizontal ou vertical, \u00e0 l&rsquo;aide d&rsquo;une tuyauterie circulaire flexible ou rigide. La sortie h\u00e9lico\u00efdale permet un brassage d&rsquo;air intensif.<\/p>\n<p>Le VVT \u200b\u200best dot\u00e9 d&rsquo;une face avant carr\u00e9e en acier galvanis\u00e9. Sa surface est peinte par poudrage. Chaque face avant VVT est fournie avec une vis avec un capuchon blanc d\u00e9coratif pour sa fixation sur un pl\u00e9num de raccordement, ainsi qu&rsquo;un joint autocollant \u00e0 placer sur la face avant du diffuseur lors de l&rsquo;installation. D&rsquo;autres dimensions sont disponibles dans cette gamme.<\/p>\n<p><strong>Votre commande, votre style\u00a0!<\/strong><br \/>\nNotre produit est personnalisable selon vos pr\u00e9f\u00e9rences, vous permettant de le commander avec n&rsquo;importe quelle finition RAL pour une harmonie parfaite avec votre esth\u00e9tique.<\/p>\n<\/div>\n<\/div>\n<\/div>\n<\/div>\n<\/div>\n","protected":false},"excerpt":{"rendered":"<div>\n<p>Diffuseurs \u00e0 g\u00e9om\u00e9trie variable VVT<br \/>\nDiffuseur plafonnier h\u00e9lico\u00efdal r\u00e9glable pour une ventilation efficace des espaces de travail<\/p>\n<p>R\u00e9gulation thermostatique<\/p>\n<p>Construction en acier<\/p>\n<p>Ailettes radiales align\u00e9es<\/p>\n<p>Diffusion homog\u00e8ne<\/p>\n<\/div>\n<div class=\"flex flex-col gap-200\">\n<div class=\"flex flex-col flex-wrap gap-100 md:flex-row md:items-center gtm-purchase-option\" data-gtm-name=\"size\" data-gtm-label=\"Size\">\n<p><label class=\"flex gap-050 md:w-700 leading-none hyphens-auto print:w-full print:max-w-2\/5 text-label-small\">Size<\/label><\/p>\n<div class=\"flex flex-1 flex-wrap gap-050\"><button class=\"select-btn select-btn-small select-btn-selected gtm-purchase-option-value\" type=\"button\" data-gtm-name=\"300\" data-gtm-label=\"300\">300<\/button><button class=\"select-btn select-btn-small select-btn-default gtm-purchase-option-value\" type=\"button\" data-gtm-name=\"400\" data-gtm-label=\"400\">400<\/button><button class=\"select-btn select-btn-small select-btn-default gtm-purchase-option-value\" type=\"button\" data-gtm-name=\"500\" data-gtm-label=\"500\">500<\/button><button class=\"select-btn select-btn-small select-btn-default gtm-purchase-option-value\" type=\"button\" data-gtm-name=\"600\" data-gtm-label=\"600\">600<\/button><button class=\"select-btn select-btn-small select-btn-default gtm-purchase-option-value\" type=\"button\" data-gtm-name=\"625\" data-gtm-label=\"625\">625<\/button><\/div>\n<\/div>\n<\/div>\n<div class=\"gtm-sku-info flex flex-col gap-y-050 text-label-tiny text-neutral-600\">\n<div class=\"flex flex-wrap items-baseline gap-x-100 gap-y-025\"><span class=\"gtm-article-name\">VVT-A-300-SW<\/span><span class=\"whitespace-nowrap gtm-article-number text-base font-bold\">#325748<\/span><\/div>\n<\/div>\n","protected":false},"featured_media":38009,"template":"","meta":[],"product_brand":[],"product_cat":[1939,1895,1841],"product_tag":[],"class_list":{"0":"post-38039","1":"product","2":"type-product","3":"status-publish","4":"has-post-thumbnail","6":"product_cat-diffuseurs-a-geometrie-variable","7":"product_cat-diffuseurs-diffuseurs-pour-la-ventilation","8":"product_cat-produits-de-distribution-dair","10":"first","11":"instock","12":"shipping-taxable","13":"product-type-simple"},"yoast_head":"<!-- This site is optimized with the Yoast SEO plugin v27.1.1 - https:\/\/yoast.com\/product\/yoast-seo-wordpress\/ -->\n<title>Diffuseurs \u00e0 g\u00e9om\u00e9trie variable VVT Diffuseur plafonnier h\u00e9lico\u00efdal r\u00e9glable pour une ventilation efficace des espaces de travail - Climate Master<\/title>\n<meta name=\"robots\" content=\"index, follow, max-snippet:-1, max-image-preview:large, max-video-preview:-1\" \/>\n<link rel=\"canonical\" href=\"https:\/\/climatemaster.ge\/fr\/produit\/vvt-variable-geometry-diffusers-adjustable-swirl-ceiling-diffuser-for-effective-air-supply-in-working-areas\/\" \/>\n<meta property=\"og:locale\" content=\"fr_FR\" \/>\n<meta property=\"og:type\" content=\"article\" \/>\n<meta property=\"og:title\" content=\"Diffuseurs \u00e0 g\u00e9om\u00e9trie variable VVT Diffuseur plafonnier h\u00e9lico\u00efdal r\u00e9glable pour une ventilation efficace des espaces de travail - Climate Master\" \/>\n<meta property=\"og:description\" content=\"Diffuseurs \u00e0 g\u00e9om\u00e9trie variable VVT Diffuseur plafonnier h\u00e9lico\u00efdal r\u00e9glable pour une ventilation efficace des espaces de travail  R\u00e9gulation thermostatique  Construction en acier  Ailettes radiales align\u00e9es  Diffusion homog\u00e8ne      Size 300400500600625    VVT-A-300-SW#325748\" \/>\n<meta property=\"og:url\" content=\"https:\/\/climatemaster.ge\/fr\/produit\/vvt-variable-geometry-diffusers-adjustable-swirl-ceiling-diffuser-for-effective-air-supply-in-working-areas\/\" \/>\n<meta property=\"og:site_name\" content=\"Climate Master\" \/>\n<meta property=\"article:modified_time\" content=\"2025-09-08T14:38:35+00:00\" \/>\n<meta property=\"og:image\" content=\"https:\/\/climatemaster.ge\/wp-content\/uploads\/2025\/09\/PRODUCT-MAIN-IMAGE_VVT.jpg\" \/>\n\t<meta property=\"og:image:width\" content=\"384\" \/>\n\t<meta property=\"og:image:height\" content=\"288\" \/>\n\t<meta property=\"og:image:type\" content=\"image\/jpeg\" \/>\n<meta name=\"twitter:card\" content=\"summary_large_image\" \/>\n<meta name=\"twitter:label1\" content=\"Dur\u00e9e de lecture estim\u00e9e\" \/>\n\t<meta name=\"twitter:data1\" content=\"1 minute\" \/>\n<script type=\"application\/ld+json\" class=\"yoast-schema-graph\">{\"@context\":\"https:\/\/schema.org\",\"@graph\":[{\"@type\":\"WebPage\",\"@id\":\"https:\/\/climatemaster.ge\/fr\/produit\/vvt-variable-geometry-diffusers-adjustable-swirl-ceiling-diffuser-for-effective-air-supply-in-working-areas\/\",\"url\":\"https:\/\/climatemaster.ge\/fr\/produit\/vvt-variable-geometry-diffusers-adjustable-swirl-ceiling-diffuser-for-effective-air-supply-in-working-areas\/\",\"name\":\"Diffuseurs \u00e0 g\u00e9om\u00e9trie variable VVT Diffuseur plafonnier h\u00e9lico\u00efdal r\u00e9glable pour une ventilation efficace des espaces de travail - Climate Master\",\"isPartOf\":{\"@id\":\"https:\/\/climatemaster.ge\/#website\"},\"primaryImageOfPage\":{\"@id\":\"https:\/\/climatemaster.ge\/fr\/produit\/vvt-variable-geometry-diffusers-adjustable-swirl-ceiling-diffuser-for-effective-air-supply-in-working-areas\/#primaryimage\"},\"image\":{\"@id\":\"https:\/\/climatemaster.ge\/fr\/produit\/vvt-variable-geometry-diffusers-adjustable-swirl-ceiling-diffuser-for-effective-air-supply-in-working-areas\/#primaryimage\"},\"thumbnailUrl\":\"https:\/\/climatemaster.ge\/wp-content\/uploads\/2025\/09\/PRODUCT-MAIN-IMAGE_VVT.jpg\",\"datePublished\":\"2025-09-08T14:35:02+00:00\",\"dateModified\":\"2025-09-08T14:38:35+00:00\",\"breadcrumb\":{\"@id\":\"https:\/\/climatemaster.ge\/fr\/produit\/vvt-variable-geometry-diffusers-adjustable-swirl-ceiling-diffuser-for-effective-air-supply-in-working-areas\/#breadcrumb\"},\"inLanguage\":\"fr-FR\",\"potentialAction\":[{\"@type\":\"ReadAction\",\"target\":[\"https:\/\/climatemaster.ge\/fr\/produit\/vvt-variable-geometry-diffusers-adjustable-swirl-ceiling-diffuser-for-effective-air-supply-in-working-areas\/\"]}]},{\"@type\":\"ImageObject\",\"inLanguage\":\"fr-FR\",\"@id\":\"https:\/\/climatemaster.ge\/fr\/produit\/vvt-variable-geometry-diffusers-adjustable-swirl-ceiling-diffuser-for-effective-air-supply-in-working-areas\/#primaryimage\",\"url\":\"https:\/\/climatemaster.ge\/wp-content\/uploads\/2025\/09\/PRODUCT-MAIN-IMAGE_VVT.jpg\",\"contentUrl\":\"https:\/\/climatemaster.ge\/wp-content\/uploads\/2025\/09\/PRODUCT-MAIN-IMAGE_VVT.jpg\",\"width\":384,\"height\":288},{\"@type\":\"BreadcrumbList\",\"@id\":\"https:\/\/climatemaster.ge\/fr\/produit\/vvt-variable-geometry-diffusers-adjustable-swirl-ceiling-diffuser-for-effective-air-supply-in-working-areas\/#breadcrumb\",\"itemListElement\":[{\"@type\":\"ListItem\",\"position\":1,\"name\":\"Home\",\"item\":\"https:\/\/climatemaster.ge\/\"},{\"@type\":\"ListItem\",\"position\":2,\"name\":\"Products\",\"item\":\"https:\/\/climatemaster.ge\/products\/\"},{\"@type\":\"ListItem\",\"position\":3,\"name\":\"Diffuseurs \u00e0 g\u00e9om\u00e9trie variable VVT Diffuseur plafonnier h\u00e9lico\u00efdal r\u00e9glable pour une ventilation efficace des espaces de travail\"}]},{\"@type\":\"WebSite\",\"@id\":\"https:\/\/climatemaster.ge\/#website\",\"url\":\"https:\/\/climatemaster.ge\/\",\"name\":\"Climate Master\",\"description\":\"\",\"publisher\":{\"@id\":\"https:\/\/climatemaster.ge\/#organization\"},\"potentialAction\":[{\"@type\":\"SearchAction\",\"target\":{\"@type\":\"EntryPoint\",\"urlTemplate\":\"https:\/\/climatemaster.ge\/?s={search_term_string}\"},\"query-input\":{\"@type\":\"PropertyValueSpecification\",\"valueRequired\":true,\"valueName\":\"search_term_string\"}}],\"inLanguage\":\"fr-FR\"},{\"@type\":\"Organization\",\"@id\":\"https:\/\/climatemaster.ge\/#organization\",\"name\":\"Climate Master\",\"url\":\"https:\/\/climatemaster.ge\/\",\"logo\":{\"@type\":\"ImageObject\",\"inLanguage\":\"fr-FR\",\"@id\":\"https:\/\/climatemaster.ge\/#\/schema\/logo\/image\/\",\"url\":\"https:\/\/climatemaster.ge\/wp-content\/uploads\/2026\/03\/Untitled-2.png\",\"contentUrl\":\"https:\/\/climatemaster.ge\/wp-content\/uploads\/2026\/03\/Untitled-2.png\",\"width\":600,\"height\":338,\"caption\":\"Climate Master\"},\"image\":{\"@id\":\"https:\/\/climatemaster.ge\/#\/schema\/logo\/image\/\"}}]}<\/script>\n<!-- \/ Yoast SEO plugin. -->","yoast_head_json":{"title":"Diffuseurs \u00e0 g\u00e9om\u00e9trie variable VVT Diffuseur plafonnier h\u00e9lico\u00efdal r\u00e9glable pour une ventilation efficace des espaces de travail - Climate Master","robots":{"index":"index","follow":"follow","max-snippet":"max-snippet:-1","max-image-preview":"max-image-preview:large","max-video-preview":"max-video-preview:-1"},"canonical":"https:\/\/climatemaster.ge\/fr\/produit\/vvt-variable-geometry-diffusers-adjustable-swirl-ceiling-diffuser-for-effective-air-supply-in-working-areas\/","og_locale":"fr_FR","og_type":"article","og_title":"Diffuseurs \u00e0 g\u00e9om\u00e9trie variable VVT Diffuseur plafonnier h\u00e9lico\u00efdal r\u00e9glable pour une ventilation efficace des espaces de travail - Climate Master","og_description":"Diffuseurs \u00e0 g\u00e9om\u00e9trie variable VVT Diffuseur plafonnier h\u00e9lico\u00efdal r\u00e9glable pour une ventilation efficace des espaces de travail  R\u00e9gulation thermostatique  Construction en acier  Ailettes radiales align\u00e9es  Diffusion homog\u00e8ne      Size 300400500600625    VVT-A-300-SW#325748","og_url":"https:\/\/climatemaster.ge\/fr\/produit\/vvt-variable-geometry-diffusers-adjustable-swirl-ceiling-diffuser-for-effective-air-supply-in-working-areas\/","og_site_name":"Climate Master","article_modified_time":"2025-09-08T14:38:35+00:00","og_image":[{"width":384,"height":288,"url":"https:\/\/climatemaster.ge\/wp-content\/uploads\/2025\/09\/PRODUCT-MAIN-IMAGE_VVT.jpg","type":"image\/jpeg"}],"twitter_card":"summary_large_image","twitter_misc":{"Dur\u00e9e de lecture estim\u00e9e":"1 minute"},"schema":{"@context":"https:\/\/schema.org","@graph":[{"@type":"WebPage","@id":"https:\/\/climatemaster.ge\/fr\/produit\/vvt-variable-geometry-diffusers-adjustable-swirl-ceiling-diffuser-for-effective-air-supply-in-working-areas\/","url":"https:\/\/climatemaster.ge\/fr\/produit\/vvt-variable-geometry-diffusers-adjustable-swirl-ceiling-diffuser-for-effective-air-supply-in-working-areas\/","name":"Diffuseurs \u00e0 g\u00e9om\u00e9trie variable VVT Diffuseur plafonnier h\u00e9lico\u00efdal r\u00e9glable pour une ventilation efficace des espaces de travail - Climate Master","isPartOf":{"@id":"https:\/\/climatemaster.ge\/#website"},"primaryImageOfPage":{"@id":"https:\/\/climatemaster.ge\/fr\/produit\/vvt-variable-geometry-diffusers-adjustable-swirl-ceiling-diffuser-for-effective-air-supply-in-working-areas\/#primaryimage"},"image":{"@id":"https:\/\/climatemaster.ge\/fr\/produit\/vvt-variable-geometry-diffusers-adjustable-swirl-ceiling-diffuser-for-effective-air-supply-in-working-areas\/#primaryimage"},"thumbnailUrl":"https:\/\/climatemaster.ge\/wp-content\/uploads\/2025\/09\/PRODUCT-MAIN-IMAGE_VVT.jpg","datePublished":"2025-09-08T14:35:02+00:00","dateModified":"2025-09-08T14:38:35+00:00","breadcrumb":{"@id":"https:\/\/climatemaster.ge\/fr\/produit\/vvt-variable-geometry-diffusers-adjustable-swirl-ceiling-diffuser-for-effective-air-supply-in-working-areas\/#breadcrumb"},"inLanguage":"fr-FR","potentialAction":[{"@type":"ReadAction","target":["https:\/\/climatemaster.ge\/fr\/produit\/vvt-variable-geometry-diffusers-adjustable-swirl-ceiling-diffuser-for-effective-air-supply-in-working-areas\/"]}]},{"@type":"ImageObject","inLanguage":"fr-FR","@id":"https:\/\/climatemaster.ge\/fr\/produit\/vvt-variable-geometry-diffusers-adjustable-swirl-ceiling-diffuser-for-effective-air-supply-in-working-areas\/#primaryimage","url":"https:\/\/climatemaster.ge\/wp-content\/uploads\/2025\/09\/PRODUCT-MAIN-IMAGE_VVT.jpg","contentUrl":"https:\/\/climatemaster.ge\/wp-content\/uploads\/2025\/09\/PRODUCT-MAIN-IMAGE_VVT.jpg","width":384,"height":288},{"@type":"BreadcrumbList","@id":"https:\/\/climatemaster.ge\/fr\/produit\/vvt-variable-geometry-diffusers-adjustable-swirl-ceiling-diffuser-for-effective-air-supply-in-working-areas\/#breadcrumb","itemListElement":[{"@type":"ListItem","position":1,"name":"Home","item":"https:\/\/climatemaster.ge\/"},{"@type":"ListItem","position":2,"name":"Products","item":"https:\/\/climatemaster.ge\/products\/"},{"@type":"ListItem","position":3,"name":"Diffuseurs \u00e0 g\u00e9om\u00e9trie variable VVT Diffuseur plafonnier h\u00e9lico\u00efdal r\u00e9glable pour une ventilation efficace des espaces de travail"}]},{"@type":"WebSite","@id":"https:\/\/climatemaster.ge\/#website","url":"https:\/\/climatemaster.ge\/","name":"Climate Master","description":"","publisher":{"@id":"https:\/\/climatemaster.ge\/#organization"},"potentialAction":[{"@type":"SearchAction","target":{"@type":"EntryPoint","urlTemplate":"https:\/\/climatemaster.ge\/?s={search_term_string}"},"query-input":{"@type":"PropertyValueSpecification","valueRequired":true,"valueName":"search_term_string"}}],"inLanguage":"fr-FR"},{"@type":"Organization","@id":"https:\/\/climatemaster.ge\/#organization","name":"Climate Master","url":"https:\/\/climatemaster.ge\/","logo":{"@type":"ImageObject","inLanguage":"fr-FR","@id":"https:\/\/climatemaster.ge\/#\/schema\/logo\/image\/","url":"https:\/\/climatemaster.ge\/wp-content\/uploads\/2026\/03\/Untitled-2.png","contentUrl":"https:\/\/climatemaster.ge\/wp-content\/uploads\/2026\/03\/Untitled-2.png","width":600,"height":338,"caption":"Climate Master"},"image":{"@id":"https:\/\/climatemaster.ge\/#\/schema\/logo\/image\/"}}]}},"_links":{"self":[{"href":"https:\/\/climatemaster.ge\/fr\/wp-json\/wp\/v2\/product\/38039","targetHints":{"allow":["GET"]}}],"collection":[{"href":"https:\/\/climatemaster.ge\/fr\/wp-json\/wp\/v2\/product"}],"about":[{"href":"https:\/\/climatemaster.ge\/fr\/wp-json\/wp\/v2\/types\/product"}],"wp:featuredmedia":[{"embeddable":true,"href":"https:\/\/climatemaster.ge\/fr\/wp-json\/wp\/v2\/media\/38009"}],"wp:attachment":[{"href":"https:\/\/climatemaster.ge\/fr\/wp-json\/wp\/v2\/media?parent=38039"}],"wp:term":[{"taxonomy":"product_brand","embeddable":true,"href":"https:\/\/climatemaster.ge\/fr\/wp-json\/wp\/v2\/product_brand?post=38039"},{"taxonomy":"product_cat","embeddable":true,"href":"https:\/\/climatemaster.ge\/fr\/wp-json\/wp\/v2\/product_cat?post=38039"},{"taxonomy":"product_tag","embeddable":true,"href":"https:\/\/climatemaster.ge\/fr\/wp-json\/wp\/v2\/product_tag?post=38039"}],"curies":[{"name":"wp","href":"https:\/\/api.w.org\/{rel}","templated":true}]}}