{"id":37928,"date":"2025-09-08T17:36:00","date_gmt":"2025-09-08T13:36:00","guid":{"rendered":"https:\/\/airsystems.ge\/shop\/product\/jsr-jet-diffusers-circular-multiple-cone-diffuser-for-supplying-air-to-large-areas\/"},"modified":"2025-09-08T17:40:15","modified_gmt":"2025-09-08T13:40:15","slug":"jsr-jet-diffusers-circular-multiple-cone-diffuser-for-supplying-air-to-large-areas","status":"publish","type":"product","link":"https:\/\/climatemaster.ge\/fr\/produit\/jsr-jet-diffusers-circular-multiple-cone-diffuser-for-supplying-air-to-large-areas\/","title":{"rendered":"Diffuseurs \u00e0 jet JSR Diffuseur circulaire multic\u00f4ne pour la diffusion d&rsquo;air dans de grandes surfaces"},"content":{"rendered":"<div class=\"mb-400 gtm-product-section container-fluid\" data-gtm-name=\"Benefits\" data-gtm-label=\"Benefits (en)\" data-gtm-vis-first-on-screen53434917_103=\"52702\" data-gtm-vis-total-visible-time53434917_103=\"1500\" data-gtm-vis-recent-on-screen53434917_103=\"138021\" data-gtm-vis-has-fired53434917_103=\"1\">\n<div class=\"row\">\n<div class=\"content-element content-element-product-benefit col-12 sm:col-6 mb-400\">\n<div class=\"bg-card px-300 py-250 mobile-nav:px-200 mobile-nav:py-150 h-full flex overflow-hidden card-border\">\n<div class=\"min-w-0\">\n<p><strong>Conception circulaire<\/strong><br \/>\nLe JSR est un diffuseur circulaire multic\u00f4ne con\u00e7u pour la diffusion d&rsquo;air dans de grandes surfaces.<\/p>\n<p><strong>Fixation flexible<\/strong><br \/>\nL&rsquo;appareil peut \u00eatre install\u00e9 au mur ou au plafond.<\/p>\n<p><strong>Robuste<\/strong><br \/>\nLe JSR est fabriqu\u00e9 en t\u00f4le d&rsquo;acier galvanis\u00e9e avec une finition thermolaqu\u00e9e.<\/p>\n<p>Le JSR est un diffuseur circulaire multic\u00f4ne con\u00e7u pour la diffusion d&rsquo;air dans de grandes surfaces. Il peut \u00eatre install\u00e9 sur un pl\u00e9num THOR ou directement sur une gaine. Le pl\u00e9num THOR est utilis\u00e9 avec des diffuseurs d&rsquo;air pour la r\u00e9duction de pression, l&rsquo;\u00e9quilibrage du d\u00e9bit d&rsquo;air et l&rsquo;att\u00e9nuation acoustique, ainsi que pour la mesure et le r\u00e9glage du d\u00e9bit d&rsquo;air.<\/p>\n<p>Le diffuseur s&rsquo;installe directement sur la gaine spiral\u00e9e et se fixe \u00e0 l&rsquo;aide de rivets pop. Si le diffuseur est install\u00e9 sur un pl\u00e9num THOR, une longueur droite, \u00e9gale \u00e0 4 fois le diam\u00e8tre du conduit, doit \u00eatre pr\u00e9vue devant le pl\u00e9num THOR. L&rsquo;appareil offre le choix entre une diffusion diffuse ou concentr\u00e9e. La diffusion concentr\u00e9e est r\u00e9glable en tournant le diffuseur \u00e0 180\u00b0.<\/p>\n<p>Ce diffuseur peut \u00eatre mont\u00e9 au mur ou au plafond et convient aussi bien au soufflage d&rsquo;air chaud que froid. L&rsquo;angle du diffuseur est r\u00e9glable entre 15 et 30\u00b0 selon la diffusion. Le JSR est fabriqu\u00e9 en t\u00f4le d&rsquo;acier galvanis\u00e9e avec une finition thermolaqu\u00e9e. D&rsquo;autres dimensions sont disponibles dans cette gamme.<\/p>\n<p><strong>Votre commande, votre style\u00a0!<\/strong><br \/>\nNotre produit est personnalisable selon vos pr\u00e9f\u00e9rences, vous permettant de le commander avec n&rsquo;importe quelle finition RAL pour une harmonie parfaite avec votre esth\u00e9tique.<\/p>\n<\/div>\n<\/div>\n<\/div>\n<\/div>\n<\/div>\n<div class=\"mb-400 mt-700 relative container-fluid\">\n<div class=\"gtm-product-section\" data-gtm-name=\"Tech specs\" data-gtm-label=\"Tech specs\" data-offset=\"0\" data-gtm-vis-first-on-screen53434917_103=\"61930\" data-gtm-vis-total-visible-time53434917_103=\"1500\" data-gtm-vis-has-fired53434917_103=\"1\">\n<div class=\"row gap-y-150 mb-200 desktop-nav:mb-0 md ProductPageISSections_product-info-header___9p5M\">\n<div class=\"col-12 md:col-6 flex flex-row gap-100\"><\/div>\n<\/div>\n<\/div>\n<\/div>\n","protected":false},"excerpt":{"rendered":"<div>\n<p>Diffuseurs \u00e0 jet JSR<br \/>\nDiffuseur circulaire multic\u00f4ne pour la diffusion d&rsquo;air dans de grandes surfaces<\/p>\n<p>Large couverture<\/p>\n<p>Options de diffusion<\/p>\n<p>Fonctionnement efficace<\/p>\n<p>Durable<\/p>\n<\/div>\n<div class=\"flex flex-col gap-200\">\n<div class=\"flex flex-col flex-wrap gap-100 md:flex-row md:items-center gtm-purchase-option\" data-gtm-name=\"size\" data-gtm-label=\"Size\">\n<p><label class=\"flex gap-050 md:w-700 leading-none hyphens-auto print:w-full print:max-w-2\/5 text-label-small\">Size<\/label><\/p>\n<div class=\"flex flex-1 flex-wrap gap-050\"><button class=\"select-btn select-btn-small select-btn-selected gtm-purchase-option-value\" type=\"button\" data-gtm-name=\"200\" data-gtm-label=\"200\">200<\/button><button class=\"select-btn select-btn-small select-btn-default gtm-purchase-option-value\" type=\"button\" data-gtm-name=\"250\" data-gtm-label=\"250\">250<\/button><button class=\"select-btn select-btn-small select-btn-default gtm-purchase-option-value\" type=\"button\" data-gtm-name=\"315\" data-gtm-label=\"315\">315<\/button><button class=\"select-btn select-btn-small select-btn-default gtm-purchase-option-value\" type=\"button\" data-gtm-name=\"400\" data-gtm-label=\"400\">400<\/button><button class=\"select-btn select-btn-small select-btn-default gtm-purchase-option-value\" type=\"button\" data-gtm-name=\"500\" data-gtm-label=\"500\">500<\/button><\/div>\n<\/div>\n<\/div>\n<div class=\"gtm-sku-info flex flex-col gap-y-050 text-label-tiny text-neutral-600\">\n<div class=\"flex flex-wrap items-baseline gap-x-100 gap-y-025\"><span class=\"gtm-article-name\">JSR-200-SW<\/span><span class=\"whitespace-nowrap gtm-article-number text-base font-bold\">#157747<\/span><\/div>\n<\/div>\n","protected":false},"featured_media":37911,"template":"","meta":[],"product_brand":[],"product_cat":[1955,1895,1841],"product_tag":[],"class_list":{"0":"post-37928","1":"product","2":"type-product","3":"status-publish","4":"has-post-thumbnail","6":"product_cat-diffuseurs-a-jet","7":"product_cat-diffuseurs-diffuseurs-pour-la-ventilation","8":"product_cat-produits-de-distribution-dair","10":"first","11":"instock","12":"shipping-taxable","13":"product-type-simple"},"yoast_head":"<!-- This site is optimized with the Yoast SEO plugin v27.1.1 - https:\/\/yoast.com\/product\/yoast-seo-wordpress\/ -->\n<title>Diffuseurs \u00e0 jet JSR Diffuseur circulaire multic\u00f4ne pour la diffusion d&#039;air dans de grandes surfaces - Climate Master<\/title>\n<meta name=\"robots\" content=\"index, follow, max-snippet:-1, max-image-preview:large, max-video-preview:-1\" \/>\n<link rel=\"canonical\" href=\"https:\/\/climatemaster.ge\/fr\/produit\/jsr-jet-diffusers-circular-multiple-cone-diffuser-for-supplying-air-to-large-areas\/\" \/>\n<meta property=\"og:locale\" content=\"fr_FR\" \/>\n<meta property=\"og:type\" content=\"article\" \/>\n<meta property=\"og:title\" content=\"Diffuseurs \u00e0 jet JSR Diffuseur circulaire multic\u00f4ne pour la diffusion d&#039;air dans de grandes surfaces - Climate Master\" \/>\n<meta property=\"og:description\" content=\"Diffuseurs \u00e0 jet JSR Diffuseur circulaire multic\u00f4ne pour la diffusion d&#039;air dans de grandes surfaces  Large couverture  Options de diffusion  Fonctionnement efficace  Durable      Size 200250315400500    JSR-200-SW#157747\" \/>\n<meta property=\"og:url\" content=\"https:\/\/climatemaster.ge\/fr\/produit\/jsr-jet-diffusers-circular-multiple-cone-diffuser-for-supplying-air-to-large-areas\/\" \/>\n<meta property=\"og:site_name\" content=\"Climate Master\" \/>\n<meta property=\"article:modified_time\" content=\"2025-09-08T13:40:15+00:00\" \/>\n<meta property=\"og:image\" content=\"https:\/\/climatemaster.ge\/wp-content\/uploads\/2025\/09\/PRODUCT-MAIN-IMAGE_JSR.jpg\" \/>\n\t<meta property=\"og:image:width\" content=\"384\" \/>\n\t<meta property=\"og:image:height\" content=\"288\" \/>\n\t<meta property=\"og:image:type\" content=\"image\/jpeg\" \/>\n<meta name=\"twitter:card\" content=\"summary_large_image\" \/>\n<meta name=\"twitter:label1\" content=\"Dur\u00e9e de lecture estim\u00e9e\" \/>\n\t<meta name=\"twitter:data1\" content=\"1 minute\" \/>\n<script type=\"application\/ld+json\" class=\"yoast-schema-graph\">{\"@context\":\"https:\/\/schema.org\",\"@graph\":[{\"@type\":\"WebPage\",\"@id\":\"https:\/\/climatemaster.ge\/fr\/produit\/jsr-jet-diffusers-circular-multiple-cone-diffuser-for-supplying-air-to-large-areas\/\",\"url\":\"https:\/\/climatemaster.ge\/fr\/produit\/jsr-jet-diffusers-circular-multiple-cone-diffuser-for-supplying-air-to-large-areas\/\",\"name\":\"Diffuseurs \u00e0 jet JSR Diffuseur circulaire multic\u00f4ne pour la diffusion d'air dans de grandes surfaces - Climate Master\",\"isPartOf\":{\"@id\":\"https:\/\/climatemaster.ge\/#website\"},\"primaryImageOfPage\":{\"@id\":\"https:\/\/climatemaster.ge\/fr\/produit\/jsr-jet-diffusers-circular-multiple-cone-diffuser-for-supplying-air-to-large-areas\/#primaryimage\"},\"image\":{\"@id\":\"https:\/\/climatemaster.ge\/fr\/produit\/jsr-jet-diffusers-circular-multiple-cone-diffuser-for-supplying-air-to-large-areas\/#primaryimage\"},\"thumbnailUrl\":\"https:\/\/climatemaster.ge\/wp-content\/uploads\/2025\/09\/PRODUCT-MAIN-IMAGE_JSR.jpg\",\"datePublished\":\"2025-09-08T13:36:00+00:00\",\"dateModified\":\"2025-09-08T13:40:15+00:00\",\"breadcrumb\":{\"@id\":\"https:\/\/climatemaster.ge\/fr\/produit\/jsr-jet-diffusers-circular-multiple-cone-diffuser-for-supplying-air-to-large-areas\/#breadcrumb\"},\"inLanguage\":\"fr-FR\",\"potentialAction\":[{\"@type\":\"ReadAction\",\"target\":[\"https:\/\/climatemaster.ge\/fr\/produit\/jsr-jet-diffusers-circular-multiple-cone-diffuser-for-supplying-air-to-large-areas\/\"]}]},{\"@type\":\"ImageObject\",\"inLanguage\":\"fr-FR\",\"@id\":\"https:\/\/climatemaster.ge\/fr\/produit\/jsr-jet-diffusers-circular-multiple-cone-diffuser-for-supplying-air-to-large-areas\/#primaryimage\",\"url\":\"https:\/\/climatemaster.ge\/wp-content\/uploads\/2025\/09\/PRODUCT-MAIN-IMAGE_JSR.jpg\",\"contentUrl\":\"https:\/\/climatemaster.ge\/wp-content\/uploads\/2025\/09\/PRODUCT-MAIN-IMAGE_JSR.jpg\",\"width\":384,\"height\":288},{\"@type\":\"BreadcrumbList\",\"@id\":\"https:\/\/climatemaster.ge\/fr\/produit\/jsr-jet-diffusers-circular-multiple-cone-diffuser-for-supplying-air-to-large-areas\/#breadcrumb\",\"itemListElement\":[{\"@type\":\"ListItem\",\"position\":1,\"name\":\"Home\",\"item\":\"https:\/\/climatemaster.ge\/\"},{\"@type\":\"ListItem\",\"position\":2,\"name\":\"Products\",\"item\":\"https:\/\/climatemaster.ge\/products\/\"},{\"@type\":\"ListItem\",\"position\":3,\"name\":\"Diffuseurs \u00e0 jet JSR Diffuseur circulaire multic\u00f4ne pour la diffusion d&rsquo;air dans de grandes surfaces\"}]},{\"@type\":\"WebSite\",\"@id\":\"https:\/\/climatemaster.ge\/#website\",\"url\":\"https:\/\/climatemaster.ge\/\",\"name\":\"Climate Master\",\"description\":\"\",\"publisher\":{\"@id\":\"https:\/\/climatemaster.ge\/#organization\"},\"potentialAction\":[{\"@type\":\"SearchAction\",\"target\":{\"@type\":\"EntryPoint\",\"urlTemplate\":\"https:\/\/climatemaster.ge\/?s={search_term_string}\"},\"query-input\":{\"@type\":\"PropertyValueSpecification\",\"valueRequired\":true,\"valueName\":\"search_term_string\"}}],\"inLanguage\":\"fr-FR\"},{\"@type\":\"Organization\",\"@id\":\"https:\/\/climatemaster.ge\/#organization\",\"name\":\"Climate Master\",\"url\":\"https:\/\/climatemaster.ge\/\",\"logo\":{\"@type\":\"ImageObject\",\"inLanguage\":\"fr-FR\",\"@id\":\"https:\/\/climatemaster.ge\/#\/schema\/logo\/image\/\",\"url\":\"https:\/\/climatemaster.ge\/wp-content\/uploads\/2026\/03\/Untitled-2.png\",\"contentUrl\":\"https:\/\/climatemaster.ge\/wp-content\/uploads\/2026\/03\/Untitled-2.png\",\"width\":600,\"height\":338,\"caption\":\"Climate Master\"},\"image\":{\"@id\":\"https:\/\/climatemaster.ge\/#\/schema\/logo\/image\/\"}}]}<\/script>\n<!-- \/ Yoast SEO plugin. -->","yoast_head_json":{"title":"Diffuseurs \u00e0 jet JSR Diffuseur circulaire multic\u00f4ne pour la diffusion d'air dans de grandes surfaces - Climate Master","robots":{"index":"index","follow":"follow","max-snippet":"max-snippet:-1","max-image-preview":"max-image-preview:large","max-video-preview":"max-video-preview:-1"},"canonical":"https:\/\/climatemaster.ge\/fr\/produit\/jsr-jet-diffusers-circular-multiple-cone-diffuser-for-supplying-air-to-large-areas\/","og_locale":"fr_FR","og_type":"article","og_title":"Diffuseurs \u00e0 jet JSR Diffuseur circulaire multic\u00f4ne pour la diffusion d'air dans de grandes surfaces - Climate Master","og_description":"Diffuseurs \u00e0 jet JSR Diffuseur circulaire multic\u00f4ne pour la diffusion d'air dans de grandes surfaces  Large couverture  Options de diffusion  Fonctionnement efficace  Durable      Size 200250315400500    JSR-200-SW#157747","og_url":"https:\/\/climatemaster.ge\/fr\/produit\/jsr-jet-diffusers-circular-multiple-cone-diffuser-for-supplying-air-to-large-areas\/","og_site_name":"Climate Master","article_modified_time":"2025-09-08T13:40:15+00:00","og_image":[{"width":384,"height":288,"url":"https:\/\/climatemaster.ge\/wp-content\/uploads\/2025\/09\/PRODUCT-MAIN-IMAGE_JSR.jpg","type":"image\/jpeg"}],"twitter_card":"summary_large_image","twitter_misc":{"Dur\u00e9e de lecture estim\u00e9e":"1 minute"},"schema":{"@context":"https:\/\/schema.org","@graph":[{"@type":"WebPage","@id":"https:\/\/climatemaster.ge\/fr\/produit\/jsr-jet-diffusers-circular-multiple-cone-diffuser-for-supplying-air-to-large-areas\/","url":"https:\/\/climatemaster.ge\/fr\/produit\/jsr-jet-diffusers-circular-multiple-cone-diffuser-for-supplying-air-to-large-areas\/","name":"Diffuseurs \u00e0 jet JSR Diffuseur circulaire multic\u00f4ne pour la diffusion d'air dans de grandes surfaces - Climate Master","isPartOf":{"@id":"https:\/\/climatemaster.ge\/#website"},"primaryImageOfPage":{"@id":"https:\/\/climatemaster.ge\/fr\/produit\/jsr-jet-diffusers-circular-multiple-cone-diffuser-for-supplying-air-to-large-areas\/#primaryimage"},"image":{"@id":"https:\/\/climatemaster.ge\/fr\/produit\/jsr-jet-diffusers-circular-multiple-cone-diffuser-for-supplying-air-to-large-areas\/#primaryimage"},"thumbnailUrl":"https:\/\/climatemaster.ge\/wp-content\/uploads\/2025\/09\/PRODUCT-MAIN-IMAGE_JSR.jpg","datePublished":"2025-09-08T13:36:00+00:00","dateModified":"2025-09-08T13:40:15+00:00","breadcrumb":{"@id":"https:\/\/climatemaster.ge\/fr\/produit\/jsr-jet-diffusers-circular-multiple-cone-diffuser-for-supplying-air-to-large-areas\/#breadcrumb"},"inLanguage":"fr-FR","potentialAction":[{"@type":"ReadAction","target":["https:\/\/climatemaster.ge\/fr\/produit\/jsr-jet-diffusers-circular-multiple-cone-diffuser-for-supplying-air-to-large-areas\/"]}]},{"@type":"ImageObject","inLanguage":"fr-FR","@id":"https:\/\/climatemaster.ge\/fr\/produit\/jsr-jet-diffusers-circular-multiple-cone-diffuser-for-supplying-air-to-large-areas\/#primaryimage","url":"https:\/\/climatemaster.ge\/wp-content\/uploads\/2025\/09\/PRODUCT-MAIN-IMAGE_JSR.jpg","contentUrl":"https:\/\/climatemaster.ge\/wp-content\/uploads\/2025\/09\/PRODUCT-MAIN-IMAGE_JSR.jpg","width":384,"height":288},{"@type":"BreadcrumbList","@id":"https:\/\/climatemaster.ge\/fr\/produit\/jsr-jet-diffusers-circular-multiple-cone-diffuser-for-supplying-air-to-large-areas\/#breadcrumb","itemListElement":[{"@type":"ListItem","position":1,"name":"Home","item":"https:\/\/climatemaster.ge\/"},{"@type":"ListItem","position":2,"name":"Products","item":"https:\/\/climatemaster.ge\/products\/"},{"@type":"ListItem","position":3,"name":"Diffuseurs \u00e0 jet JSR Diffuseur circulaire multic\u00f4ne pour la diffusion d&rsquo;air dans de grandes surfaces"}]},{"@type":"WebSite","@id":"https:\/\/climatemaster.ge\/#website","url":"https:\/\/climatemaster.ge\/","name":"Climate Master","description":"","publisher":{"@id":"https:\/\/climatemaster.ge\/#organization"},"potentialAction":[{"@type":"SearchAction","target":{"@type":"EntryPoint","urlTemplate":"https:\/\/climatemaster.ge\/?s={search_term_string}"},"query-input":{"@type":"PropertyValueSpecification","valueRequired":true,"valueName":"search_term_string"}}],"inLanguage":"fr-FR"},{"@type":"Organization","@id":"https:\/\/climatemaster.ge\/#organization","name":"Climate Master","url":"https:\/\/climatemaster.ge\/","logo":{"@type":"ImageObject","inLanguage":"fr-FR","@id":"https:\/\/climatemaster.ge\/#\/schema\/logo\/image\/","url":"https:\/\/climatemaster.ge\/wp-content\/uploads\/2026\/03\/Untitled-2.png","contentUrl":"https:\/\/climatemaster.ge\/wp-content\/uploads\/2026\/03\/Untitled-2.png","width":600,"height":338,"caption":"Climate Master"},"image":{"@id":"https:\/\/climatemaster.ge\/#\/schema\/logo\/image\/"}}]}},"_links":{"self":[{"href":"https:\/\/climatemaster.ge\/fr\/wp-json\/wp\/v2\/product\/37928","targetHints":{"allow":["GET"]}}],"collection":[{"href":"https:\/\/climatemaster.ge\/fr\/wp-json\/wp\/v2\/product"}],"about":[{"href":"https:\/\/climatemaster.ge\/fr\/wp-json\/wp\/v2\/types\/product"}],"wp:featuredmedia":[{"embeddable":true,"href":"https:\/\/climatemaster.ge\/fr\/wp-json\/wp\/v2\/media\/37911"}],"wp:attachment":[{"href":"https:\/\/climatemaster.ge\/fr\/wp-json\/wp\/v2\/media?parent=37928"}],"wp:term":[{"taxonomy":"product_brand","embeddable":true,"href":"https:\/\/climatemaster.ge\/fr\/wp-json\/wp\/v2\/product_brand?post=37928"},{"taxonomy":"product_cat","embeddable":true,"href":"https:\/\/climatemaster.ge\/fr\/wp-json\/wp\/v2\/product_cat?post=37928"},{"taxonomy":"product_tag","embeddable":true,"href":"https:\/\/climatemaster.ge\/fr\/wp-json\/wp\/v2\/product_tag?post=37928"}],"curies":[{"name":"wp","href":"https:\/\/api.w.org\/{rel}","templated":true}]}}