{"id":37531,"date":"2025-09-07T23:58:55","date_gmt":"2025-09-07T19:58:55","guid":{"rendered":"https:\/\/airsystems.ge\/shop\/product\/optima-s-pc_bm-variable-air-volume-controllers-variable-pressure-controller-for-a-ventilation-system\/"},"modified":"2025-09-08T00:04:20","modified_gmt":"2025-09-07T20:04:20","slug":"optima-s-pc_bm-variable-air-volume-controllers-variable-pressure-controller-for-a-ventilation-system","status":"publish","type":"product","link":"https:\/\/climatemaster.ge\/fr\/produit\/optima-s-pc_bm-variable-air-volume-controllers-variable-pressure-controller-for-a-ventilation-system\/","title":{"rendered":"R\u00e9gulateurs de d\u00e9bit d&rsquo;air variable OPTIMA-S-PC_BM R\u00e9gulateur de pression variable pour syst\u00e8me de ventilation"},"content":{"rendered":"<div class=\"mb-400 gtm-product-section container-fluid\" data-gtm-name=\"Benefits\" data-gtm-label=\"Benefits (en)\" data-gtm-vis-first-on-screen53434917_103=\"39089\" data-gtm-vis-total-visible-time53434917_103=\"1500\" data-gtm-vis-recent-on-screen53434917_103=\"150474\" data-gtm-vis-has-fired53434917_103=\"1\">\n<div class=\"row\">\n<div class=\"content-element content-element-product-benefit col-12 sm:col-6 mb-400\">\n<div class=\"bg-card px-300 py-250 mobile-nav:px-200 mobile-nav:py-150 h-full flex overflow-hidden card-border\">\n<div class=\"min-w-0\">\n<p><strong>T\u00f4le d&rsquo;acier galvanis\u00e9e<\/strong><br \/>\nLe r\u00e9gulateur de pression variable OPTIMA-S-PC_BM est fabriqu\u00e9 en t\u00f4le d&rsquo;acier galvanis\u00e9e.<\/p>\n<p><strong>Installation en gaine rectangulaire<\/strong><br \/>\nL&rsquo;OPTIMA-S-PC_BM est con\u00e7u pour une installation dans des gaines rectangulaires via un raccord \u00e0 bride.<\/p>\n<p><strong>Insonorisation<\/strong><br \/>\nL&rsquo;OPTIMA-SI-PC_BM est \u00e9quip\u00e9 d&rsquo;une isolation pour une isolation acoustique efficace.<\/p>\n<p>L&rsquo;OPTIMA-S-PC_BM est un r\u00e9gulateur de pression variable disponible avec ou sans isolation pour une insonorisation efficace. Ce produit est destin\u00e9 \u00e0 r\u00e9guler la pression d&rsquo;air dans un syst\u00e8me de ventilation et convient \u00e0 diverses applications telles que les bureaux, les laboratoires, les espaces publics, les installations industrielles et les \u00e9tablissements de sant\u00e9. Ce produit est con\u00e7u pour \u00eatre install\u00e9 dans des conduits rectangulaires au moyen d&rsquo;un raccord de conduit \u00e9quip\u00e9 d&rsquo;une bride.<\/p>\n<p>L&rsquo;OPTIMA-S-PC_BM est fabriqu\u00e9 en t\u00f4le d&rsquo;acier galvanis\u00e9e pour une r\u00e9sistance et une durabilit\u00e9 accrues. Il se compose d&rsquo;un bo\u00eetier, d&rsquo;un raccord de conduit avec bride, de plusieurs volets et d&rsquo;un joint en caoutchouc. Il est \u00e9galement \u00e9quip\u00e9 d&rsquo;un dispositif de contr\u00f4le de pression modulaire compos\u00e9 de tubes de mesure en polyur\u00e9thane pour le raccordement aux prises de pression, d&rsquo;un transmetteur de pression d&rsquo;air, d&rsquo;une unit\u00e9 de commande modulaire et d&rsquo;un actionneur. L&rsquo;isolation acoustique de l&rsquo;OPTIMA-SI-PC est assur\u00e9e par un tapis de mousse \u00e0 cellules ferm\u00e9es de 19 mm d&rsquo;\u00e9paisseur, prot\u00e9g\u00e9 par une t\u00f4le d&rsquo;acier galvanis\u00e9e.<\/p>\n<\/div>\n<\/div>\n<\/div>\n<\/div>\n<\/div>\n","protected":false},"excerpt":{"rendered":"<div>\n<p>R\u00e9gulateurs de d\u00e9bit d&rsquo;air variable OPTIMA-S-PC_BM<br \/>\nR\u00e9gulateur de pression variable pour syst\u00e8me de ventilation<\/p>\n<p>Installation en gaine rectangulaire<\/p>\n<p>T\u00f4le d&rsquo;acier galvanis\u00e9e<\/p>\n<p>Haute pr\u00e9cision de mesure<\/p>\n<p>Plage de r\u00e9gulation de pression jusqu&rsquo;\u00e0 600 Pa<\/p>\n<\/div>\n<div class=\"flex flex-col gap-200\">\n<div class=\"flex flex-col flex-wrap gap-100 md:flex-row md:items-center gtm-purchase-option\" data-gtm-name=\"width\" data-gtm-label=\"Width\">\n<p><label class=\"flex gap-050 md:w-700 leading-none hyphens-auto print:w-full print:max-w-2\/5 text-label-small\">Width<\/label><\/p>\n<div class=\"flex flex-1 flex-wrap gap-050\">\n<div class=\"dropdown-wrapper dropdown-wrapper-small w-full gtm-purchase-option-value gtm-purchase-option-value-dropdown\"><select class=\"form-dropdown form-input form-dropdown-small\"><option value=\"200\" data-gtm-name=\"200\" data-gtm-label=\"200\">200<\/option><option value=\"250\" data-gtm-name=\"250\" data-gtm-label=\"250\">250<\/option><option value=\"300\" data-gtm-name=\"300\" data-gtm-label=\"300\">300<\/option><option value=\"350\" data-gtm-name=\"350\" data-gtm-label=\"350\">350<\/option><option value=\"400\" data-gtm-name=\"400\" data-gtm-label=\"400\">400<\/option><option value=\"450\" data-gtm-name=\"450\" data-gtm-label=\"450\">450<\/option><option value=\"500\" data-gtm-name=\"500\" data-gtm-label=\"500\">500<\/option><option value=\"550\" data-gtm-name=\"550\" data-gtm-label=\"550\">550<\/option><option value=\"600\" data-gtm-name=\"600\" data-gtm-label=\"600\">600<\/option><option value=\"650\" data-gtm-name=\"650\" data-gtm-label=\"650\">650<\/option><option value=\"700\" data-gtm-name=\"700\" data-gtm-label=\"700\">700<\/option><option value=\"750\" data-gtm-name=\"750\" data-gtm-label=\"750\">750<\/option><option value=\"800\" data-gtm-name=\"800\" data-gtm-label=\"800\">800<\/option><option value=\"850\" data-gtm-name=\"850\" data-gtm-label=\"850\">850<\/option><option value=\"900\" data-gtm-name=\"900\" data-gtm-label=\"900\">900<\/option><option value=\"950\" data-gtm-name=\"950\" data-gtm-label=\"950\">950<\/option><option value=\"1000\" data-gtm-name=\"1000\" data-gtm-label=\"1000\">1000<\/option><option value=\"1050\" data-gtm-name=\"1050\" data-gtm-label=\"1050\">1050<\/option><option value=\"1100\" data-gtm-name=\"1100\" data-gtm-label=\"1100\">1100<\/option><option value=\"1150\" data-gtm-name=\"1150\" data-gtm-label=\"1150\">1150<\/option><option value=\"1200\" data-gtm-name=\"1200\" data-gtm-label=\"1200\">1200<\/option><\/select><\/div>\n<\/div>\n<\/div>\n<div class=\"flex flex-col flex-wrap gap-100 md:flex-row md:items-center gtm-purchase-option\" data-gtm-name=\"height\" data-gtm-label=\"Height\">\n<p><label class=\"flex gap-050 md:w-700 leading-none hyphens-auto print:w-full print:max-w-2\/5 text-label-small\">Height<\/label><\/p>\n<div class=\"flex flex-1 flex-wrap gap-050\"><button class=\"select-btn select-btn-small select-btn-selected gtm-purchase-option-value\" type=\"button\" data-gtm-name=\"100\" data-gtm-label=\"100\">100<\/button><button class=\"select-btn select-btn-small select-btn-default gtm-purchase-option-value\" type=\"button\" data-gtm-name=\"150\" data-gtm-label=\"150\">150<\/button><button class=\"select-btn select-btn-small select-btn-default gtm-purchase-option-value\" type=\"button\" data-gtm-name=\"200\" data-gtm-label=\"200\">200<\/button><button class=\"select-btn select-btn-small select-btn-default select-btn-disabled gtm-purchase-option-value\" type=\"button\" data-gtm-name=\"250\" data-gtm-label=\"250\">250<\/button><button class=\"select-btn select-btn-small select-btn-default select-btn-disabled gtm-purchase-option-value\" type=\"button\" data-gtm-name=\"300\" data-gtm-label=\"300\">300<\/button><button class=\"select-btn select-btn-small select-btn-default select-btn-disabled gtm-purchase-option-value\" type=\"button\" data-gtm-name=\"350\" data-gtm-label=\"350\">350<\/button><button class=\"select-btn select-btn-small select-btn-default select-btn-disabled gtm-purchase-option-value\" type=\"button\" data-gtm-name=\"400\" data-gtm-label=\"400\">400<\/button><button class=\"select-btn select-btn-small select-btn-default select-btn-disabled gtm-purchase-option-value\" type=\"button\" data-gtm-name=\"450\" data-gtm-label=\"450\">450<\/button><button class=\"select-btn select-btn-small select-btn-default select-btn-disabled gtm-purchase-option-value\" type=\"button\" data-gtm-name=\"500\" data-gtm-label=\"500\">500<\/button><button class=\"select-btn select-btn-small select-btn-default select-btn-disabled gtm-purchase-option-value\" type=\"button\" data-gtm-name=\"550\" data-gtm-label=\"550\">550<\/button><button class=\"select-btn select-btn-small select-btn-default select-btn-disabled gtm-purchase-option-value\" type=\"button\" data-gtm-name=\"600\" data-gtm-label=\"600\">600<\/button><button class=\"select-btn select-btn-small select-btn-default select-btn-disabled gtm-purchase-option-value\" type=\"button\" data-gtm-name=\"650\" data-gtm-label=\"650\">650<\/button><button class=\"select-btn select-btn-small select-btn-default select-btn-disabled gtm-purchase-option-value\" type=\"button\" data-gtm-name=\"700\" data-gtm-label=\"700\">700<\/button><button class=\"select-btn select-btn-small select-btn-default select-btn-disabled gtm-purchase-option-value\" type=\"button\" data-gtm-name=\"750\" data-gtm-label=\"750\">750<\/button><button class=\"select-btn select-btn-small select-btn-default select-btn-disabled gtm-purchase-option-value\" type=\"button\" data-gtm-name=\"800\" data-gtm-label=\"800\">800<\/button><button class=\"select-btn select-btn-small select-btn-default select-btn-disabled gtm-purchase-option-value\" type=\"button\" data-gtm-name=\"850\" data-gtm-label=\"850\">850<\/button><button class=\"select-btn select-btn-small select-btn-default select-btn-disabled gtm-purchase-option-value\" type=\"button\" data-gtm-name=\"900\" data-gtm-label=\"900\">900<\/button><button class=\"select-btn select-btn-small select-btn-default select-btn-disabled gtm-purchase-option-value\" type=\"button\" data-gtm-name=\"950\" data-gtm-label=\"950\">950<\/button><button class=\"select-btn select-btn-small select-btn-default select-btn-disabled gtm-purchase-option-value\" type=\"button\" data-gtm-name=\"1000\" data-gtm-label=\"1000\">1000<\/button><\/div>\n<\/div>\n<div class=\"flex flex-col flex-wrap gap-100 md:flex-row md:items-center gtm-purchase-option\" data-gtm-name=\"insulation\" data-gtm-label=\"Insulation\">\n<p><label class=\"flex gap-050 md:w-700 leading-none hyphens-auto print:w-full print:max-w-2\/5 text-label-small\">Insulation<\/label><\/p>\n<div class=\"flex flex-1 flex-wrap gap-050\"><button class=\"select-btn select-btn-small select-btn-selected gtm-purchase-option-value\" type=\"button\" data-gtm-name=\"Without insulation\" data-gtm-label=\"Without insulation\">Without insulation<\/button><button class=\"select-btn select-btn-small select-btn-default gtm-purchase-option-value\" type=\"button\" data-gtm-name=\"With insulation\" data-gtm-label=\"With insulation\">With insulation<\/button><\/div>\n<\/div>\n<div class=\"flex flex-col flex-wrap gap-100 md:flex-row md:items-center gtm-purchase-option\" data-gtm-name=\"communication_type\" data-gtm-label=\"Equipment, Communication type\">\n<p><label class=\"flex gap-050 md:w-700 leading-none hyphens-auto print:w-full print:max-w-2\/5 text-label-small\">Equipment, Communication type<\/label><\/p>\n<div class=\"flex flex-1 flex-wrap gap-050\">\n<div class=\"dropdown-wrapper dropdown-wrapper-small w-full gtm-purchase-option-value gtm-purchase-option-value-dropdown\"><select class=\"form-dropdown form-input form-dropdown-small\"><option value=\"0\" data-gtm-name=\"S: Standard actuator with transition time 120 s\" data-gtm-label=\"S: Standard actuator with transition time 120 s\">S: Standard actuator with transition time 120 s<\/option><option value=\"1\" data-gtm-name=\"Q: Actuator with short transition time 2,5 s \/ 4 s\" data-gtm-label=\"Q: Actuator with short transition time 2,5 s \/ 4 s\">Q: Actuator with short transition time 2,5 s \/ 4 s<\/option><option value=\"2\" data-gtm-name=\"QE: Actuator with short transition time 2,5 s and electric safety function (only for size DN 400 or smaller)\" data-gtm-label=\"QE: Actuator with short transition time 2,5 s and electric safety function (only for size DN 400 or smaller)\">QE: Actuator with short transition time 2,5 s and electric safety function (only for size DN 400 or smaller)<\/option><option value=\"3\" data-gtm-name=\"F: Actuator with mechanical safety function \u2013 spring return\" data-gtm-label=\"F: Actuator with mechanical safety function \u2013 spring return\">F: Actuator with mechanical safety function \u2013 spring return<\/option><\/select><\/div>\n<\/div>\n<\/div>\n<\/div>\n<div class=\"gtm-sku-info flex flex-col gap-y-050 text-label-tiny text-neutral-600\">\n<div class=\"flex flex-wrap items-baseline gap-x-100 gap-y-025\"><span class=\"gtm-article-name\">OPTIMA-S-PC-200&#215;100-BM-S<\/span><span class=\"whitespace-nowrap gtm-article-number text-base font-bold\">#338877<\/span><\/div>\n<\/div>\n","protected":false},"featured_media":37520,"template":"","meta":[],"product_brand":[],"product_cat":[1866,1878,1841],"product_tag":[],"class_list":{"0":"post-37531","1":"product","2":"type-product","3":"status-publish","4":"has-post-thumbnail","6":"product_cat-controle-du-debit-dair","7":"product_cat-controleurs-de-volume-dair-variable","8":"product_cat-produits-de-distribution-dair","10":"first","11":"instock","12":"shipping-taxable","13":"product-type-simple"},"yoast_head":"<!-- This site is optimized with the Yoast SEO plugin v27.1.1 - https:\/\/yoast.com\/product\/yoast-seo-wordpress\/ -->\n<title>R\u00e9gulateurs de d\u00e9bit d&#039;air variable OPTIMA-S-PC_BM R\u00e9gulateur de pression variable pour syst\u00e8me de ventilation - Climate Master<\/title>\n<meta name=\"robots\" content=\"index, follow, max-snippet:-1, max-image-preview:large, max-video-preview:-1\" \/>\n<link rel=\"canonical\" href=\"https:\/\/climatemaster.ge\/fr\/produit\/optima-s-pc_bm-variable-air-volume-controllers-variable-pressure-controller-for-a-ventilation-system\/\" \/>\n<meta property=\"og:locale\" content=\"fr_FR\" \/>\n<meta property=\"og:type\" content=\"article\" \/>\n<meta property=\"og:title\" content=\"R\u00e9gulateurs de d\u00e9bit d&#039;air variable OPTIMA-S-PC_BM R\u00e9gulateur de pression variable pour syst\u00e8me de ventilation - Climate Master\" \/>\n<meta property=\"og:description\" content=\"R\u00e9gulateurs de d\u00e9bit d&#039;air variable OPTIMA-S-PC_BM R\u00e9gulateur de pression variable pour syst\u00e8me de ventilation  Installation en gaine rectangulaire  T\u00f4le d&#039;acier galvanis\u00e9e  Haute pr\u00e9cision de mesure  Plage de r\u00e9gulation de pression jusqu&#039;\u00e0 600 Pa      Width   200 250 300 350 400 450 500 550 600 650 700 750 800 850 900 950 1000 1050 1100 1150 1200      Height 1001502002503003504004505005506006507007508008509009501000    Insulation Without insulationWith insulation    Equipment, Communication type   S: Standard actuator with transition time 120 s Q: Actuator with short transition time 2,5 s \/ 4 s QE: Actuator with short transition time 2,5 s and electric safety function (only for size DN 400 or smaller) F: Actuator with mechanical safety function \u2013 spring return      OPTIMA-S-PC-200x100-BM-S#338877\" \/>\n<meta property=\"og:url\" content=\"https:\/\/climatemaster.ge\/fr\/produit\/optima-s-pc_bm-variable-air-volume-controllers-variable-pressure-controller-for-a-ventilation-system\/\" \/>\n<meta property=\"og:site_name\" content=\"Climate Master\" \/>\n<meta property=\"article:modified_time\" content=\"2025-09-07T20:04:20+00:00\" \/>\n<meta property=\"og:image\" content=\"https:\/\/climatemaster.ge\/wp-content\/uploads\/2025\/09\/COLLAGE_OPTIMA-R-LPC-BM_HQ_20221014_142355480.jpg\" \/>\n\t<meta property=\"og:image:width\" content=\"384\" \/>\n\t<meta property=\"og:image:height\" content=\"288\" \/>\n\t<meta property=\"og:image:type\" content=\"image\/jpeg\" \/>\n<meta name=\"twitter:card\" content=\"summary_large_image\" \/>\n<meta name=\"twitter:label1\" content=\"Dur\u00e9e de lecture estim\u00e9e\" \/>\n\t<meta name=\"twitter:data1\" content=\"1 minute\" \/>\n<script type=\"application\/ld+json\" class=\"yoast-schema-graph\">{\"@context\":\"https:\/\/schema.org\",\"@graph\":[{\"@type\":\"WebPage\",\"@id\":\"https:\/\/climatemaster.ge\/fr\/produit\/optima-s-pc_bm-variable-air-volume-controllers-variable-pressure-controller-for-a-ventilation-system\/\",\"url\":\"https:\/\/climatemaster.ge\/fr\/produit\/optima-s-pc_bm-variable-air-volume-controllers-variable-pressure-controller-for-a-ventilation-system\/\",\"name\":\"R\u00e9gulateurs de d\u00e9bit d'air variable OPTIMA-S-PC_BM R\u00e9gulateur de pression variable pour syst\u00e8me de ventilation - Climate Master\",\"isPartOf\":{\"@id\":\"https:\/\/climatemaster.ge\/#website\"},\"primaryImageOfPage\":{\"@id\":\"https:\/\/climatemaster.ge\/fr\/produit\/optima-s-pc_bm-variable-air-volume-controllers-variable-pressure-controller-for-a-ventilation-system\/#primaryimage\"},\"image\":{\"@id\":\"https:\/\/climatemaster.ge\/fr\/produit\/optima-s-pc_bm-variable-air-volume-controllers-variable-pressure-controller-for-a-ventilation-system\/#primaryimage\"},\"thumbnailUrl\":\"https:\/\/climatemaster.ge\/wp-content\/uploads\/2025\/09\/COLLAGE_OPTIMA-R-LPC-BM_HQ_20221014_142355480.jpg\",\"datePublished\":\"2025-09-07T19:58:55+00:00\",\"dateModified\":\"2025-09-07T20:04:20+00:00\",\"breadcrumb\":{\"@id\":\"https:\/\/climatemaster.ge\/fr\/produit\/optima-s-pc_bm-variable-air-volume-controllers-variable-pressure-controller-for-a-ventilation-system\/#breadcrumb\"},\"inLanguage\":\"fr-FR\",\"potentialAction\":[{\"@type\":\"ReadAction\",\"target\":[\"https:\/\/climatemaster.ge\/fr\/produit\/optima-s-pc_bm-variable-air-volume-controllers-variable-pressure-controller-for-a-ventilation-system\/\"]}]},{\"@type\":\"ImageObject\",\"inLanguage\":\"fr-FR\",\"@id\":\"https:\/\/climatemaster.ge\/fr\/produit\/optima-s-pc_bm-variable-air-volume-controllers-variable-pressure-controller-for-a-ventilation-system\/#primaryimage\",\"url\":\"https:\/\/climatemaster.ge\/wp-content\/uploads\/2025\/09\/COLLAGE_OPTIMA-R-LPC-BM_HQ_20221014_142355480.jpg\",\"contentUrl\":\"https:\/\/climatemaster.ge\/wp-content\/uploads\/2025\/09\/COLLAGE_OPTIMA-R-LPC-BM_HQ_20221014_142355480.jpg\",\"width\":384,\"height\":288},{\"@type\":\"BreadcrumbList\",\"@id\":\"https:\/\/climatemaster.ge\/fr\/produit\/optima-s-pc_bm-variable-air-volume-controllers-variable-pressure-controller-for-a-ventilation-system\/#breadcrumb\",\"itemListElement\":[{\"@type\":\"ListItem\",\"position\":1,\"name\":\"Home\",\"item\":\"https:\/\/climatemaster.ge\/\"},{\"@type\":\"ListItem\",\"position\":2,\"name\":\"Products\",\"item\":\"https:\/\/climatemaster.ge\/products\/\"},{\"@type\":\"ListItem\",\"position\":3,\"name\":\"R\u00e9gulateurs de d\u00e9bit d&rsquo;air variable OPTIMA-S-PC_BM R\u00e9gulateur de pression variable pour syst\u00e8me de ventilation\"}]},{\"@type\":\"WebSite\",\"@id\":\"https:\/\/climatemaster.ge\/#website\",\"url\":\"https:\/\/climatemaster.ge\/\",\"name\":\"Climate Master\",\"description\":\"\",\"publisher\":{\"@id\":\"https:\/\/climatemaster.ge\/#organization\"},\"potentialAction\":[{\"@type\":\"SearchAction\",\"target\":{\"@type\":\"EntryPoint\",\"urlTemplate\":\"https:\/\/climatemaster.ge\/?s={search_term_string}\"},\"query-input\":{\"@type\":\"PropertyValueSpecification\",\"valueRequired\":true,\"valueName\":\"search_term_string\"}}],\"inLanguage\":\"fr-FR\"},{\"@type\":\"Organization\",\"@id\":\"https:\/\/climatemaster.ge\/#organization\",\"name\":\"Climate Master\",\"url\":\"https:\/\/climatemaster.ge\/\",\"logo\":{\"@type\":\"ImageObject\",\"inLanguage\":\"fr-FR\",\"@id\":\"https:\/\/climatemaster.ge\/#\/schema\/logo\/image\/\",\"url\":\"https:\/\/climatemaster.ge\/wp-content\/uploads\/2026\/03\/Untitled-2.png\",\"contentUrl\":\"https:\/\/climatemaster.ge\/wp-content\/uploads\/2026\/03\/Untitled-2.png\",\"width\":600,\"height\":338,\"caption\":\"Climate Master\"},\"image\":{\"@id\":\"https:\/\/climatemaster.ge\/#\/schema\/logo\/image\/\"}}]}<\/script>\n<!-- \/ Yoast SEO plugin. -->","yoast_head_json":{"title":"R\u00e9gulateurs de d\u00e9bit d'air variable OPTIMA-S-PC_BM R\u00e9gulateur de pression variable pour syst\u00e8me de ventilation - Climate Master","robots":{"index":"index","follow":"follow","max-snippet":"max-snippet:-1","max-image-preview":"max-image-preview:large","max-video-preview":"max-video-preview:-1"},"canonical":"https:\/\/climatemaster.ge\/fr\/produit\/optima-s-pc_bm-variable-air-volume-controllers-variable-pressure-controller-for-a-ventilation-system\/","og_locale":"fr_FR","og_type":"article","og_title":"R\u00e9gulateurs de d\u00e9bit d'air variable OPTIMA-S-PC_BM R\u00e9gulateur de pression variable pour syst\u00e8me de ventilation - Climate Master","og_description":"R\u00e9gulateurs de d\u00e9bit d'air variable OPTIMA-S-PC_BM R\u00e9gulateur de pression variable pour syst\u00e8me de ventilation  Installation en gaine rectangulaire  T\u00f4le d'acier galvanis\u00e9e  Haute pr\u00e9cision de mesure  Plage de r\u00e9gulation de pression jusqu'\u00e0 600 Pa      Width   200 250 300 350 400 450 500 550 600 650 700 750 800 850 900 950 1000 1050 1100 1150 1200      Height 1001502002503003504004505005506006507007508008509009501000    Insulation Without insulationWith insulation    Equipment, Communication type   S: Standard actuator with transition time 120 s Q: Actuator with short transition time 2,5 s \/ 4 s QE: Actuator with short transition time 2,5 s and electric safety function (only for size DN 400 or smaller) F: Actuator with mechanical safety function \u2013 spring return      OPTIMA-S-PC-200x100-BM-S#338877","og_url":"https:\/\/climatemaster.ge\/fr\/produit\/optima-s-pc_bm-variable-air-volume-controllers-variable-pressure-controller-for-a-ventilation-system\/","og_site_name":"Climate Master","article_modified_time":"2025-09-07T20:04:20+00:00","og_image":[{"width":384,"height":288,"url":"https:\/\/climatemaster.ge\/wp-content\/uploads\/2025\/09\/COLLAGE_OPTIMA-R-LPC-BM_HQ_20221014_142355480.jpg","type":"image\/jpeg"}],"twitter_card":"summary_large_image","twitter_misc":{"Dur\u00e9e de lecture estim\u00e9e":"1 minute"},"schema":{"@context":"https:\/\/schema.org","@graph":[{"@type":"WebPage","@id":"https:\/\/climatemaster.ge\/fr\/produit\/optima-s-pc_bm-variable-air-volume-controllers-variable-pressure-controller-for-a-ventilation-system\/","url":"https:\/\/climatemaster.ge\/fr\/produit\/optima-s-pc_bm-variable-air-volume-controllers-variable-pressure-controller-for-a-ventilation-system\/","name":"R\u00e9gulateurs de d\u00e9bit d'air variable OPTIMA-S-PC_BM R\u00e9gulateur de pression variable pour syst\u00e8me de ventilation - Climate Master","isPartOf":{"@id":"https:\/\/climatemaster.ge\/#website"},"primaryImageOfPage":{"@id":"https:\/\/climatemaster.ge\/fr\/produit\/optima-s-pc_bm-variable-air-volume-controllers-variable-pressure-controller-for-a-ventilation-system\/#primaryimage"},"image":{"@id":"https:\/\/climatemaster.ge\/fr\/produit\/optima-s-pc_bm-variable-air-volume-controllers-variable-pressure-controller-for-a-ventilation-system\/#primaryimage"},"thumbnailUrl":"https:\/\/climatemaster.ge\/wp-content\/uploads\/2025\/09\/COLLAGE_OPTIMA-R-LPC-BM_HQ_20221014_142355480.jpg","datePublished":"2025-09-07T19:58:55+00:00","dateModified":"2025-09-07T20:04:20+00:00","breadcrumb":{"@id":"https:\/\/climatemaster.ge\/fr\/produit\/optima-s-pc_bm-variable-air-volume-controllers-variable-pressure-controller-for-a-ventilation-system\/#breadcrumb"},"inLanguage":"fr-FR","potentialAction":[{"@type":"ReadAction","target":["https:\/\/climatemaster.ge\/fr\/produit\/optima-s-pc_bm-variable-air-volume-controllers-variable-pressure-controller-for-a-ventilation-system\/"]}]},{"@type":"ImageObject","inLanguage":"fr-FR","@id":"https:\/\/climatemaster.ge\/fr\/produit\/optima-s-pc_bm-variable-air-volume-controllers-variable-pressure-controller-for-a-ventilation-system\/#primaryimage","url":"https:\/\/climatemaster.ge\/wp-content\/uploads\/2025\/09\/COLLAGE_OPTIMA-R-LPC-BM_HQ_20221014_142355480.jpg","contentUrl":"https:\/\/climatemaster.ge\/wp-content\/uploads\/2025\/09\/COLLAGE_OPTIMA-R-LPC-BM_HQ_20221014_142355480.jpg","width":384,"height":288},{"@type":"BreadcrumbList","@id":"https:\/\/climatemaster.ge\/fr\/produit\/optima-s-pc_bm-variable-air-volume-controllers-variable-pressure-controller-for-a-ventilation-system\/#breadcrumb","itemListElement":[{"@type":"ListItem","position":1,"name":"Home","item":"https:\/\/climatemaster.ge\/"},{"@type":"ListItem","position":2,"name":"Products","item":"https:\/\/climatemaster.ge\/products\/"},{"@type":"ListItem","position":3,"name":"R\u00e9gulateurs de d\u00e9bit d&rsquo;air variable OPTIMA-S-PC_BM R\u00e9gulateur de pression variable pour syst\u00e8me de ventilation"}]},{"@type":"WebSite","@id":"https:\/\/climatemaster.ge\/#website","url":"https:\/\/climatemaster.ge\/","name":"Climate Master","description":"","publisher":{"@id":"https:\/\/climatemaster.ge\/#organization"},"potentialAction":[{"@type":"SearchAction","target":{"@type":"EntryPoint","urlTemplate":"https:\/\/climatemaster.ge\/?s={search_term_string}"},"query-input":{"@type":"PropertyValueSpecification","valueRequired":true,"valueName":"search_term_string"}}],"inLanguage":"fr-FR"},{"@type":"Organization","@id":"https:\/\/climatemaster.ge\/#organization","name":"Climate Master","url":"https:\/\/climatemaster.ge\/","logo":{"@type":"ImageObject","inLanguage":"fr-FR","@id":"https:\/\/climatemaster.ge\/#\/schema\/logo\/image\/","url":"https:\/\/climatemaster.ge\/wp-content\/uploads\/2026\/03\/Untitled-2.png","contentUrl":"https:\/\/climatemaster.ge\/wp-content\/uploads\/2026\/03\/Untitled-2.png","width":600,"height":338,"caption":"Climate Master"},"image":{"@id":"https:\/\/climatemaster.ge\/#\/schema\/logo\/image\/"}}]}},"_links":{"self":[{"href":"https:\/\/climatemaster.ge\/fr\/wp-json\/wp\/v2\/product\/37531","targetHints":{"allow":["GET"]}}],"collection":[{"href":"https:\/\/climatemaster.ge\/fr\/wp-json\/wp\/v2\/product"}],"about":[{"href":"https:\/\/climatemaster.ge\/fr\/wp-json\/wp\/v2\/types\/product"}],"wp:featuredmedia":[{"embeddable":true,"href":"https:\/\/climatemaster.ge\/fr\/wp-json\/wp\/v2\/media\/37520"}],"wp:attachment":[{"href":"https:\/\/climatemaster.ge\/fr\/wp-json\/wp\/v2\/media?parent=37531"}],"wp:term":[{"taxonomy":"product_brand","embeddable":true,"href":"https:\/\/climatemaster.ge\/fr\/wp-json\/wp\/v2\/product_brand?post=37531"},{"taxonomy":"product_cat","embeddable":true,"href":"https:\/\/climatemaster.ge\/fr\/wp-json\/wp\/v2\/product_cat?post=37531"},{"taxonomy":"product_tag","embeddable":true,"href":"https:\/\/climatemaster.ge\/fr\/wp-json\/wp\/v2\/product_tag?post=37531"}],"curies":[{"name":"wp","href":"https:\/\/api.w.org\/{rel}","templated":true}]}}