{"id":37397,"date":"2025-09-07T22:50:34","date_gmt":"2025-09-07T18:50:34","guid":{"rendered":"https:\/\/airsystems.ge\/shop\/product\/tune-r-ex-dampers-control-shut-off-damper-suitable-for-explosive-atmospheres\/"},"modified":"2025-09-07T22:59:20","modified_gmt":"2025-09-07T18:59:20","slug":"tune-r-ex-dampers-control-shut-off-damper-suitable-for-explosive-atmospheres","status":"publish","type":"product","link":"https:\/\/climatemaster.ge\/fr\/produit\/tune-r-ex-dampers-control-shut-off-damper-suitable-for-explosive-atmospheres\/","title":{"rendered":"Registres TUNE-R-EX Registre de r\u00e9gulation et d&rsquo;arr\u00eat adapt\u00e9 aux atmosph\u00e8res explosives"},"content":{"rendered":"<div class=\"mb-400 gtm-product-section container-fluid\" data-gtm-name=\"Benefits\" data-gtm-label=\"Benefits (en)\" data-gtm-vis-first-on-screen53434917_103=\"118852\" data-gtm-vis-total-visible-time53434917_103=\"1500\" data-gtm-vis-has-fired53434917_103=\"1\">\n<div class=\"row\">\n<div class=\"content-element content-element-product-benefit col-12 sm:col-6 mb-400\">\n<div class=\"bg-card px-300 py-250 mobile-nav:px-200 mobile-nav:py-150 h-full flex overflow-hidden card-border\">\n<div class=\"min-w-0\">\n<p><strong>Utilisation en atmosph\u00e8res explosives<\/strong><br \/>\nLe TUNE-R-EX est un registre de r\u00e9gulation et d&rsquo;arr\u00eat con\u00e7u pour assurer une ventilation s\u00fbre et efficace en atmosph\u00e8res explosives et dangereuses.<\/p>\n<p><strong>Versions avec servomoteur et manuelles<\/strong><br \/>\nLe registre TUNE-R-EX est disponible en versions avec servomoteur et manuelle.<\/p>\n<p><strong>Construction en acier<\/strong><br \/>\nLe bo\u00eetier du TUNE-R-EX, la lame du registre et la plateforme du servomoteur sont tous en acier galvanis\u00e9.<\/p>\n<p>Le TUNE-R-EX est un registre de r\u00e9gulation et d&rsquo;arr\u00eat con\u00e7u pour assurer une ventilation s\u00fbre et efficace en atmosph\u00e8res explosives et potentiellement dangereuses. Disponible en diff\u00e9rentes tailles, il est fr\u00e9quemment utilis\u00e9 dans les applications industrielles et de fabrication. Ce registre est disponible en versions avec servomoteur et en versions pr\u00e9-install\u00e9es avec un levier de r\u00e9glage manuel. Le registre pr\u00e9sente une classe d&rsquo;\u00e9tanch\u00e9it\u00e9 C4 selon la norme EN1751 pour une pression statique en gaine jusqu&rsquo;\u00e0 1000 Pa.<\/p>\n<p>Le bo\u00eetier du TUNE-R-EX, la lame du registre et la plateforme de l&rsquo;actionneur sont en acier galvanis\u00e9. Une version avec bo\u00eetier et lame en acier inoxydable A316 est \u00e9galement disponible. Les parties m\u00e9talliques du registre sont \u00e9quip\u00e9es d&rsquo;une interconnexion \u00e9quipotentielle. Un connecteur pour syst\u00e8me d&rsquo;\u00e9quipotentialit\u00e9 ou de mise \u00e0 la terre est disponible sur le bo\u00eetier. Les raccords de gaine et la lame du registre sont \u00e9quip\u00e9s de joints en EPDM \u00e0 conductivit\u00e9 \u00e9lectrique accrue, offrant une protection efficace contre les charges \u00e9lectrostatiques.<\/p>\n<\/div>\n<\/div>\n<\/div>\n<\/div>\n<\/div>\n","protected":false},"excerpt":{"rendered":"<div>\n<p>Registres TUNE-R-EX<br \/>\nRegistre de r\u00e9gulation et d&rsquo;arr\u00eat adapt\u00e9 aux atmosph\u00e8res explosives<\/p>\n<p>R\u00e9gulation et arr\u00eat<\/p>\n<p>Atmosph\u00e8res explosives<\/p>\n<p>Versions avec servomoteur et manuelles<\/p>\n<p>Bo\u00eetier en acier<\/p>\n<\/div>\n<div class=\"flex flex-col gap-200\">\n<div class=\"flex flex-col flex-wrap gap-100 md:flex-row md:items-center gtm-purchase-option\" data-gtm-name=\"size\" data-gtm-label=\"Dimension (Nominal Diameter)\">\n<p><label class=\"flex gap-050 md:w-700 leading-none hyphens-auto print:w-full print:max-w-2\/5 text-label-small\">Dimension (Nominal Diameter)<\/label><\/p>\n<div class=\"flex flex-1 flex-wrap gap-050\"><button class=\"select-btn select-btn-small select-btn-selected gtm-purchase-option-value\" type=\"button\" data-gtm-name=\"100\" data-gtm-label=\"100\">100<\/button><button class=\"select-btn select-btn-small select-btn-default gtm-purchase-option-value\" type=\"button\" data-gtm-name=\"125\" data-gtm-label=\"125\">125<\/button><button class=\"select-btn select-btn-small select-btn-default gtm-purchase-option-value\" type=\"button\" data-gtm-name=\"140\" data-gtm-label=\"140\">140<\/button><button class=\"select-btn select-btn-small select-btn-default gtm-purchase-option-value\" type=\"button\" data-gtm-name=\"160\" data-gtm-label=\"160\">160<\/button><button class=\"select-btn select-btn-small select-btn-default gtm-purchase-option-value\" type=\"button\" data-gtm-name=\"180\" data-gtm-label=\"180\">180<\/button><button class=\"select-btn select-btn-small select-btn-default gtm-purchase-option-value\" type=\"button\" data-gtm-name=\"200\" data-gtm-label=\"200\">200<\/button><button class=\"select-btn select-btn-small select-btn-default gtm-purchase-option-value\" type=\"button\" data-gtm-name=\"225\" data-gtm-label=\"225\">225<\/button><button class=\"select-btn select-btn-small select-btn-default gtm-purchase-option-value\" type=\"button\" data-gtm-name=\"250\" data-gtm-label=\"250\">250<\/button><button class=\"select-btn select-btn-small select-btn-default gtm-purchase-option-value\" type=\"button\" data-gtm-name=\"280\" data-gtm-label=\"280\">280<\/button><button class=\"select-btn select-btn-small select-btn-default gtm-purchase-option-value\" type=\"button\" data-gtm-name=\"315\" data-gtm-label=\"315\">315<\/button><button class=\"select-btn select-btn-small select-btn-default gtm-purchase-option-value\" type=\"button\" data-gtm-name=\"355\" data-gtm-label=\"355\">355<\/button><button class=\"select-btn select-btn-small select-btn-default gtm-purchase-option-value\" type=\"button\" data-gtm-name=\"400\" data-gtm-label=\"400\">400<\/button><button class=\"select-btn select-btn-small select-btn-default gtm-purchase-option-value\" type=\"button\" data-gtm-name=\"450\" data-gtm-label=\"450\">450<\/button><button class=\"select-btn select-btn-small select-btn-default gtm-purchase-option-value\" type=\"button\" data-gtm-name=\"500\" data-gtm-label=\"500\">500<\/button><button class=\"select-btn select-btn-small select-btn-default gtm-purchase-option-value\" type=\"button\" data-gtm-name=\"560\" data-gtm-label=\"560\">560<\/button><button class=\"select-btn select-btn-small select-btn-default gtm-purchase-option-value\" type=\"button\" data-gtm-name=\"630\" data-gtm-label=\"630\">630<\/button><\/div>\n<\/div>\n<div class=\"flex flex-col flex-wrap gap-100 md:flex-row md:items-center gtm-purchase-option\" data-gtm-name=\"product_type\" data-gtm-label=\"Product Type\">\n<p><label class=\"flex gap-050 md:w-700 leading-none hyphens-auto print:w-full print:max-w-2\/5 text-label-small\">Product Type<\/label><\/p>\n<div class=\"flex flex-1 flex-wrap gap-050\">\n<div class=\"dropdown-wrapper dropdown-wrapper-small w-full gtm-purchase-option-value gtm-purchase-option-value-dropdown\"><select class=\"form-dropdown form-input form-dropdown-small\"><option value=\"0\" data-gtm-name=\"Preparation for actuator with manual adjustment lever\" data-gtm-label=\"Preparation for actuator with manual adjustment lever\">Preparation for actuator with manual adjustment lever<\/option><option value=\"3\" data-gtm-name=\"Stepless (0 V ... 10 V) actuator AC\/DC 24 V, elevated ATEX classification for zone 1, 2, 21, 22\" data-gtm-label=\"Stepless (0 V ... 10 V) actuator AC\/DC 24 V, elevated ATEX classification for zone 1, 2, 21, 22\">Stepless (0 V &#8230; 10 V) actuator AC\/DC 24 V, elevated ATEX classification for zone 1, 2, 21, 22<\/option><option value=\"6\" data-gtm-name=\"Stepless (0 V ... 10 V) spring return actuator AC\/DC 24 V, elevated ATEX classification for zone 1, 2, 21, 22\" data-gtm-label=\"Stepless (0 V ... 10 V) spring return actuator AC\/DC 24 V, elevated ATEX classification for zone 1, 2, 21, 22\">Stepless (0 V &#8230; 10 V) spring return actuator AC\/DC 24 V, elevated ATEX classification for zone 1, 2, 21, 22<\/option><option value=\"10\" data-gtm-name=\"Stepless (0 V ... 10 V) actuator AC\/DC 24 V, basic ATEX classification for zone 2, 22\" data-gtm-label=\"Stepless (0 V ... 10 V) actuator AC\/DC 24 V, basic ATEX classification for zone 2, 22\">Stepless (0 V &#8230; 10 V) actuator AC\/DC 24 V, basic ATEX classification for zone 2, 22<\/option><option value=\"11\" data-gtm-name=\"Stepless (0 V ... 10 V) spring return actuator AC\/DC 24 V, basic ATEX classification for zone 2, 22\" data-gtm-label=\"Stepless (0 V ... 10 V) spring return actuator AC\/DC 24 V, basic ATEX classification for zone 2, 22\">Stepless (0 V &#8230; 10 V) spring return actuator AC\/DC 24 V, basic ATEX classification for zone 2, 22<\/option><\/select><\/div>\n<\/div>\n<\/div>\n<div class=\"flex flex-col flex-wrap gap-100 md:flex-row md:items-center gtm-purchase-option\" data-gtm-name=\"damper_material\" data-gtm-label=\"Damper Material\">\n<p><label class=\"flex gap-050 md:w-700 leading-none hyphens-auto print:w-full print:max-w-2\/5 text-label-small\">Damper Material<\/label><\/p>\n<div class=\"flex flex-1 flex-wrap gap-050\"><button class=\"select-btn select-btn-small select-btn-selected gtm-purchase-option-value\" type=\"button\" data-gtm-name=\"Galvanized steel\" data-gtm-label=\"Galvanized steel\">Galvanized steel<\/button><button class=\"select-btn select-btn-small select-btn-default gtm-purchase-option-value\" type=\"button\" data-gtm-name=\"Stainless steel A316\" data-gtm-label=\"Stainless steel A316\">Stainless steel A316<\/button><\/div>\n<\/div>\n<\/div>\n<div class=\"gtm-sku-info flex flex-col gap-y-050 text-label-tiny text-neutral-600\">\n<div class=\"flex flex-wrap items-baseline gap-x-100 gap-y-025\"><span class=\"gtm-article-name\">TUNE-R-EX-100-M0<\/span><span class=\"whitespace-nowrap gtm-article-number text-base font-bold\">#251529<\/span><\/div>\n<\/div>\n","protected":false},"featured_media":37386,"template":"","meta":[],"product_brand":[],"product_cat":[1884,1866,1841],"product_tag":[],"class_list":{"0":"post-37397","1":"product","2":"type-product","3":"status-publish","4":"has-post-thumbnail","6":"product_cat-amortisseurs","7":"product_cat-controle-du-debit-dair","8":"product_cat-produits-de-distribution-dair","10":"first","11":"instock","12":"shipping-taxable","13":"product-type-simple"},"yoast_head":"<!-- This site is optimized with the Yoast SEO plugin v27.1.1 - https:\/\/yoast.com\/product\/yoast-seo-wordpress\/ -->\n<title>Registres TUNE-R-EX Registre de r\u00e9gulation et d&#039;arr\u00eat adapt\u00e9 aux atmosph\u00e8res explosives - Climate Master<\/title>\n<meta name=\"robots\" content=\"index, follow, max-snippet:-1, max-image-preview:large, max-video-preview:-1\" \/>\n<link rel=\"canonical\" href=\"https:\/\/climatemaster.ge\/fr\/produit\/tune-r-ex-dampers-control-shut-off-damper-suitable-for-explosive-atmospheres\/\" \/>\n<meta property=\"og:locale\" content=\"fr_FR\" \/>\n<meta property=\"og:type\" content=\"article\" \/>\n<meta property=\"og:title\" content=\"Registres TUNE-R-EX Registre de r\u00e9gulation et d&#039;arr\u00eat adapt\u00e9 aux atmosph\u00e8res explosives - Climate Master\" \/>\n<meta property=\"og:description\" content=\"Registres TUNE-R-EX Registre de r\u00e9gulation et d&#039;arr\u00eat adapt\u00e9 aux atmosph\u00e8res explosives  R\u00e9gulation et arr\u00eat  Atmosph\u00e8res explosives  Versions avec servomoteur et manuelles  Bo\u00eetier en acier      Dimension (Nominal Diameter) 100125140160180200225250280315355400450500560630    Product Type   Preparation for actuator with manual adjustment lever Stepless (0 V ... 10 V) actuator AC\/DC 24 V, elevated ATEX classification for zone 1, 2, 21, 22 Stepless (0 V ... 10 V) spring return actuator AC\/DC 24 V, elevated ATEX classification for zone 1, 2, 21, 22 Stepless (0 V ... 10 V) actuator AC\/DC 24 V, basic ATEX classification for zone 2, 22 Stepless (0 V ... 10 V) spring return actuator AC\/DC 24 V, basic ATEX classification for zone 2, 22      Damper Material Galvanized steelStainless steel A316    TUNE-R-EX-100-M0#251529\" \/>\n<meta property=\"og:url\" content=\"https:\/\/climatemaster.ge\/fr\/produit\/tune-r-ex-dampers-control-shut-off-damper-suitable-for-explosive-atmospheres\/\" \/>\n<meta property=\"og:site_name\" content=\"Climate Master\" \/>\n<meta property=\"article:modified_time\" content=\"2025-09-07T18:59:20+00:00\" \/>\n<meta property=\"og:image\" content=\"https:\/\/climatemaster.ge\/wp-content\/uploads\/2025\/09\/PRODUCT-MAIN-IMAGE_TUNE_R_EX.jpg\" \/>\n\t<meta property=\"og:image:width\" content=\"384\" \/>\n\t<meta property=\"og:image:height\" content=\"288\" \/>\n\t<meta property=\"og:image:type\" content=\"image\/jpeg\" \/>\n<meta name=\"twitter:card\" content=\"summary_large_image\" \/>\n<meta name=\"twitter:label1\" content=\"Dur\u00e9e de lecture estim\u00e9e\" \/>\n\t<meta name=\"twitter:data1\" content=\"1 minute\" \/>\n<script type=\"application\/ld+json\" class=\"yoast-schema-graph\">{\"@context\":\"https:\/\/schema.org\",\"@graph\":[{\"@type\":\"WebPage\",\"@id\":\"https:\/\/climatemaster.ge\/fr\/produit\/tune-r-ex-dampers-control-shut-off-damper-suitable-for-explosive-atmospheres\/\",\"url\":\"https:\/\/climatemaster.ge\/fr\/produit\/tune-r-ex-dampers-control-shut-off-damper-suitable-for-explosive-atmospheres\/\",\"name\":\"Registres TUNE-R-EX Registre de r\u00e9gulation et d'arr\u00eat adapt\u00e9 aux atmosph\u00e8res explosives - Climate Master\",\"isPartOf\":{\"@id\":\"https:\/\/climatemaster.ge\/#website\"},\"primaryImageOfPage\":{\"@id\":\"https:\/\/climatemaster.ge\/fr\/produit\/tune-r-ex-dampers-control-shut-off-damper-suitable-for-explosive-atmospheres\/#primaryimage\"},\"image\":{\"@id\":\"https:\/\/climatemaster.ge\/fr\/produit\/tune-r-ex-dampers-control-shut-off-damper-suitable-for-explosive-atmospheres\/#primaryimage\"},\"thumbnailUrl\":\"https:\/\/climatemaster.ge\/wp-content\/uploads\/2025\/09\/PRODUCT-MAIN-IMAGE_TUNE_R_EX.jpg\",\"datePublished\":\"2025-09-07T18:50:34+00:00\",\"dateModified\":\"2025-09-07T18:59:20+00:00\",\"breadcrumb\":{\"@id\":\"https:\/\/climatemaster.ge\/fr\/produit\/tune-r-ex-dampers-control-shut-off-damper-suitable-for-explosive-atmospheres\/#breadcrumb\"},\"inLanguage\":\"fr-FR\",\"potentialAction\":[{\"@type\":\"ReadAction\",\"target\":[\"https:\/\/climatemaster.ge\/fr\/produit\/tune-r-ex-dampers-control-shut-off-damper-suitable-for-explosive-atmospheres\/\"]}]},{\"@type\":\"ImageObject\",\"inLanguage\":\"fr-FR\",\"@id\":\"https:\/\/climatemaster.ge\/fr\/produit\/tune-r-ex-dampers-control-shut-off-damper-suitable-for-explosive-atmospheres\/#primaryimage\",\"url\":\"https:\/\/climatemaster.ge\/wp-content\/uploads\/2025\/09\/PRODUCT-MAIN-IMAGE_TUNE_R_EX.jpg\",\"contentUrl\":\"https:\/\/climatemaster.ge\/wp-content\/uploads\/2025\/09\/PRODUCT-MAIN-IMAGE_TUNE_R_EX.jpg\",\"width\":384,\"height\":288},{\"@type\":\"BreadcrumbList\",\"@id\":\"https:\/\/climatemaster.ge\/fr\/produit\/tune-r-ex-dampers-control-shut-off-damper-suitable-for-explosive-atmospheres\/#breadcrumb\",\"itemListElement\":[{\"@type\":\"ListItem\",\"position\":1,\"name\":\"Home\",\"item\":\"https:\/\/climatemaster.ge\/\"},{\"@type\":\"ListItem\",\"position\":2,\"name\":\"Products\",\"item\":\"https:\/\/climatemaster.ge\/products\/\"},{\"@type\":\"ListItem\",\"position\":3,\"name\":\"Registres TUNE-R-EX Registre de r\u00e9gulation et d&rsquo;arr\u00eat adapt\u00e9 aux atmosph\u00e8res explosives\"}]},{\"@type\":\"WebSite\",\"@id\":\"https:\/\/climatemaster.ge\/#website\",\"url\":\"https:\/\/climatemaster.ge\/\",\"name\":\"Climate Master\",\"description\":\"\",\"publisher\":{\"@id\":\"https:\/\/climatemaster.ge\/#organization\"},\"potentialAction\":[{\"@type\":\"SearchAction\",\"target\":{\"@type\":\"EntryPoint\",\"urlTemplate\":\"https:\/\/climatemaster.ge\/?s={search_term_string}\"},\"query-input\":{\"@type\":\"PropertyValueSpecification\",\"valueRequired\":true,\"valueName\":\"search_term_string\"}}],\"inLanguage\":\"fr-FR\"},{\"@type\":\"Organization\",\"@id\":\"https:\/\/climatemaster.ge\/#organization\",\"name\":\"Climate Master\",\"url\":\"https:\/\/climatemaster.ge\/\",\"logo\":{\"@type\":\"ImageObject\",\"inLanguage\":\"fr-FR\",\"@id\":\"https:\/\/climatemaster.ge\/#\/schema\/logo\/image\/\",\"url\":\"https:\/\/climatemaster.ge\/wp-content\/uploads\/2026\/03\/Untitled-2.png\",\"contentUrl\":\"https:\/\/climatemaster.ge\/wp-content\/uploads\/2026\/03\/Untitled-2.png\",\"width\":600,\"height\":338,\"caption\":\"Climate Master\"},\"image\":{\"@id\":\"https:\/\/climatemaster.ge\/#\/schema\/logo\/image\/\"}}]}<\/script>\n<!-- \/ Yoast SEO plugin. -->","yoast_head_json":{"title":"Registres TUNE-R-EX Registre de r\u00e9gulation et d'arr\u00eat adapt\u00e9 aux atmosph\u00e8res explosives - Climate Master","robots":{"index":"index","follow":"follow","max-snippet":"max-snippet:-1","max-image-preview":"max-image-preview:large","max-video-preview":"max-video-preview:-1"},"canonical":"https:\/\/climatemaster.ge\/fr\/produit\/tune-r-ex-dampers-control-shut-off-damper-suitable-for-explosive-atmospheres\/","og_locale":"fr_FR","og_type":"article","og_title":"Registres TUNE-R-EX Registre de r\u00e9gulation et d'arr\u00eat adapt\u00e9 aux atmosph\u00e8res explosives - Climate Master","og_description":"Registres TUNE-R-EX Registre de r\u00e9gulation et d'arr\u00eat adapt\u00e9 aux atmosph\u00e8res explosives  R\u00e9gulation et arr\u00eat  Atmosph\u00e8res explosives  Versions avec servomoteur et manuelles  Bo\u00eetier en acier      Dimension (Nominal Diameter) 100125140160180200225250280315355400450500560630    Product Type   Preparation for actuator with manual adjustment lever Stepless (0 V ... 10 V) actuator AC\/DC 24 V, elevated ATEX classification for zone 1, 2, 21, 22 Stepless (0 V ... 10 V) spring return actuator AC\/DC 24 V, elevated ATEX classification for zone 1, 2, 21, 22 Stepless (0 V ... 10 V) actuator AC\/DC 24 V, basic ATEX classification for zone 2, 22 Stepless (0 V ... 10 V) spring return actuator AC\/DC 24 V, basic ATEX classification for zone 2, 22      Damper Material Galvanized steelStainless steel A316    TUNE-R-EX-100-M0#251529","og_url":"https:\/\/climatemaster.ge\/fr\/produit\/tune-r-ex-dampers-control-shut-off-damper-suitable-for-explosive-atmospheres\/","og_site_name":"Climate Master","article_modified_time":"2025-09-07T18:59:20+00:00","og_image":[{"width":384,"height":288,"url":"https:\/\/climatemaster.ge\/wp-content\/uploads\/2025\/09\/PRODUCT-MAIN-IMAGE_TUNE_R_EX.jpg","type":"image\/jpeg"}],"twitter_card":"summary_large_image","twitter_misc":{"Dur\u00e9e de lecture estim\u00e9e":"1 minute"},"schema":{"@context":"https:\/\/schema.org","@graph":[{"@type":"WebPage","@id":"https:\/\/climatemaster.ge\/fr\/produit\/tune-r-ex-dampers-control-shut-off-damper-suitable-for-explosive-atmospheres\/","url":"https:\/\/climatemaster.ge\/fr\/produit\/tune-r-ex-dampers-control-shut-off-damper-suitable-for-explosive-atmospheres\/","name":"Registres TUNE-R-EX Registre de r\u00e9gulation et d'arr\u00eat adapt\u00e9 aux atmosph\u00e8res explosives - Climate Master","isPartOf":{"@id":"https:\/\/climatemaster.ge\/#website"},"primaryImageOfPage":{"@id":"https:\/\/climatemaster.ge\/fr\/produit\/tune-r-ex-dampers-control-shut-off-damper-suitable-for-explosive-atmospheres\/#primaryimage"},"image":{"@id":"https:\/\/climatemaster.ge\/fr\/produit\/tune-r-ex-dampers-control-shut-off-damper-suitable-for-explosive-atmospheres\/#primaryimage"},"thumbnailUrl":"https:\/\/climatemaster.ge\/wp-content\/uploads\/2025\/09\/PRODUCT-MAIN-IMAGE_TUNE_R_EX.jpg","datePublished":"2025-09-07T18:50:34+00:00","dateModified":"2025-09-07T18:59:20+00:00","breadcrumb":{"@id":"https:\/\/climatemaster.ge\/fr\/produit\/tune-r-ex-dampers-control-shut-off-damper-suitable-for-explosive-atmospheres\/#breadcrumb"},"inLanguage":"fr-FR","potentialAction":[{"@type":"ReadAction","target":["https:\/\/climatemaster.ge\/fr\/produit\/tune-r-ex-dampers-control-shut-off-damper-suitable-for-explosive-atmospheres\/"]}]},{"@type":"ImageObject","inLanguage":"fr-FR","@id":"https:\/\/climatemaster.ge\/fr\/produit\/tune-r-ex-dampers-control-shut-off-damper-suitable-for-explosive-atmospheres\/#primaryimage","url":"https:\/\/climatemaster.ge\/wp-content\/uploads\/2025\/09\/PRODUCT-MAIN-IMAGE_TUNE_R_EX.jpg","contentUrl":"https:\/\/climatemaster.ge\/wp-content\/uploads\/2025\/09\/PRODUCT-MAIN-IMAGE_TUNE_R_EX.jpg","width":384,"height":288},{"@type":"BreadcrumbList","@id":"https:\/\/climatemaster.ge\/fr\/produit\/tune-r-ex-dampers-control-shut-off-damper-suitable-for-explosive-atmospheres\/#breadcrumb","itemListElement":[{"@type":"ListItem","position":1,"name":"Home","item":"https:\/\/climatemaster.ge\/"},{"@type":"ListItem","position":2,"name":"Products","item":"https:\/\/climatemaster.ge\/products\/"},{"@type":"ListItem","position":3,"name":"Registres TUNE-R-EX Registre de r\u00e9gulation et d&rsquo;arr\u00eat adapt\u00e9 aux atmosph\u00e8res explosives"}]},{"@type":"WebSite","@id":"https:\/\/climatemaster.ge\/#website","url":"https:\/\/climatemaster.ge\/","name":"Climate Master","description":"","publisher":{"@id":"https:\/\/climatemaster.ge\/#organization"},"potentialAction":[{"@type":"SearchAction","target":{"@type":"EntryPoint","urlTemplate":"https:\/\/climatemaster.ge\/?s={search_term_string}"},"query-input":{"@type":"PropertyValueSpecification","valueRequired":true,"valueName":"search_term_string"}}],"inLanguage":"fr-FR"},{"@type":"Organization","@id":"https:\/\/climatemaster.ge\/#organization","name":"Climate Master","url":"https:\/\/climatemaster.ge\/","logo":{"@type":"ImageObject","inLanguage":"fr-FR","@id":"https:\/\/climatemaster.ge\/#\/schema\/logo\/image\/","url":"https:\/\/climatemaster.ge\/wp-content\/uploads\/2026\/03\/Untitled-2.png","contentUrl":"https:\/\/climatemaster.ge\/wp-content\/uploads\/2026\/03\/Untitled-2.png","width":600,"height":338,"caption":"Climate Master"},"image":{"@id":"https:\/\/climatemaster.ge\/#\/schema\/logo\/image\/"}}]}},"_links":{"self":[{"href":"https:\/\/climatemaster.ge\/fr\/wp-json\/wp\/v2\/product\/37397","targetHints":{"allow":["GET"]}}],"collection":[{"href":"https:\/\/climatemaster.ge\/fr\/wp-json\/wp\/v2\/product"}],"about":[{"href":"https:\/\/climatemaster.ge\/fr\/wp-json\/wp\/v2\/types\/product"}],"wp:featuredmedia":[{"embeddable":true,"href":"https:\/\/climatemaster.ge\/fr\/wp-json\/wp\/v2\/media\/37386"}],"wp:attachment":[{"href":"https:\/\/climatemaster.ge\/fr\/wp-json\/wp\/v2\/media?parent=37397"}],"wp:term":[{"taxonomy":"product_brand","embeddable":true,"href":"https:\/\/climatemaster.ge\/fr\/wp-json\/wp\/v2\/product_brand?post=37397"},{"taxonomy":"product_cat","embeddable":true,"href":"https:\/\/climatemaster.ge\/fr\/wp-json\/wp\/v2\/product_cat?post=37397"},{"taxonomy":"product_tag","embeddable":true,"href":"https:\/\/climatemaster.ge\/fr\/wp-json\/wp\/v2\/product_tag?post=37397"}],"curies":[{"name":"wp","href":"https:\/\/api.w.org\/{rel}","templated":true}]}}