{"id":37361,"date":"2025-09-07T22:35:22","date_gmt":"2025-09-07T18:35:22","guid":{"rendered":"https:\/\/airsystems.ge\/shop\/product\/tune-s-dampers-control-and-shut-off-damper-suitable-for-rectangular-ducts\/"},"modified":"2025-09-07T22:38:03","modified_gmt":"2025-09-07T18:38:03","slug":"tune-s-dampers-control-and-shut-off-damper-suitable-for-rectangular-ducts","status":"publish","type":"product","link":"https:\/\/climatemaster.ge\/fr\/produit\/tune-s-dampers-control-and-shut-off-damper-suitable-for-rectangular-ducts\/","title":{"rendered":"Registres TUNE-S Registre de r\u00e9gulation et d&rsquo;arr\u00eat adapt\u00e9 aux conduits rectangulaires"},"content":{"rendered":"<div class=\"mb-400 gtm-product-section container-fluid\" data-gtm-name=\"Benefits\" data-gtm-label=\"Benefits (en)\" data-gtm-vis-recent-on-screen53434917_103=\"37351\" data-gtm-vis-first-on-screen53434917_103=\"37351\" data-gtm-vis-total-visible-time53434917_103=\"1500\" data-gtm-vis-has-fired53434917_103=\"1\">\n<div class=\"row\">\n<div class=\"content-element content-element-product-benefit col-12 sm:col-6 mb-400\">\n<div class=\"bg-card px-300 py-250 mobile-nav:px-200 mobile-nav:py-150 h-full flex overflow-hidden card-border\">\n<div class=\"min-w-0\">\n<p><strong>Conduits rectangulaires<\/strong><br \/>\nTUNE-S est un registre de r\u00e9gulation et d&rsquo;arr\u00eat performant, con\u00e7u pour les exigences particuli\u00e8res des conduits rectangulaires.<\/p>\n<p><strong>Manuel ou motoris\u00e9<\/strong><br \/>\nCe registre peut \u00eatre utilis\u00e9 sur les centrales de traitement d&rsquo;air comme registre d&rsquo;arr\u00eat ext\u00e9rieur ou, avec un servomoteur modulant, comme registre de r\u00e9gulation.<\/p>\n<p><strong>Acier et aluminium<\/strong><br \/>\nLes ch\u00e2ssis des unit\u00e9s TUNE-S sont en t\u00f4le d&rsquo;acier galvanis\u00e9e. Les ailettes profil\u00e9es en aluminium les rendent l\u00e9g\u00e8res et robustes. Le ch\u00e2ssis est dot\u00e9 de brides de 20 mm de large.<\/p>\n<p>TUNE-S est un registre de r\u00e9gulation et d&rsquo;arr\u00eat con\u00e7u pour les conduits rectangulaires. Il est compos\u00e9 d&rsquo;un ch\u00e2ssis en t\u00f4le d&rsquo;acier et d&rsquo;ailettes profil\u00e9es en aluminium. Le ch\u00e2ssis est dot\u00e9 de brides de 20 mm de large. Il est disponible avec une classe d&rsquo;\u00e9tanch\u00e9it\u00e9 des lames C4, test\u00e9e selon la norme EN 1751. Il est id\u00e9al comme registre de r\u00e9gulation et d&rsquo;arr\u00eat lorsque les diff\u00e9rentes parties du syst\u00e8me doivent \u00eatre \u00e9tanches et s\u00e9par\u00e9es les unes des autres.<\/p>\n<p>Disponible en diff\u00e9rentes tailles, ce registre est disponible en version manuelle ou motoris\u00e9e. Il peut \u00eatre utilis\u00e9 sur les centrales de traitement d&rsquo;air comme registre d&rsquo;arr\u00eat ext\u00e9rieur ou avec un servomoteur modulant comme registre de r\u00e9gulation. La pression maximale recommand\u00e9e dans les gaines est de 1\u00a0000 Pa. Les lames profil\u00e9es sont \u00e9quip\u00e9es de joints en caoutchouc qui minimisent les fuites en position ferm\u00e9e. L&rsquo;axe des lames repose sur des paliers autolubrifiants, reli\u00e9s entre eux par une combinaison de cr\u00e9maill\u00e8re et de biellette. Cela garantit un rapport de transmission et une transition fluides d&rsquo;une lame \u00e0 l&rsquo;autre.<\/p>\n<\/div>\n<\/div>\n<\/div>\n<\/div>\n<\/div>\n","protected":false},"excerpt":{"rendered":"<div>\n<p>Registres TUNE-S<br \/>\nRegistre de r\u00e9gulation et d&rsquo;arr\u00eat adapt\u00e9 aux conduits rectangulaires<\/p>\n<p>Conduits rectangulaires<\/p>\n<p>Manuel ou motoris\u00e9<\/p>\n<p>Construction en acier<\/p>\n<p>\u00c9tanche \u00e0 l&rsquo;air<\/p>\n<\/div>\n<div class=\"flex flex-col gap-200\">\n<div class=\"flex flex-col flex-wrap gap-100 md:flex-row md:items-center gtm-purchase-option\" data-gtm-name=\"w\" data-gtm-label=\"W\">\n<p><label class=\"flex gap-050 md:w-700 leading-none hyphens-auto print:w-full print:max-w-2\/5 text-label-small\">W<\/label><\/p>\n<div class=\"flex flex-1 flex-wrap gap-050\">\n<div class=\"dropdown-wrapper dropdown-wrapper-small w-full gtm-purchase-option-value gtm-purchase-option-value-dropdown\"><select class=\"form-dropdown form-input form-dropdown-small\"><option value=\"200\" data-gtm-name=\"200\" data-gtm-label=\"200\">200<\/option><option value=\"250\" data-gtm-name=\"250\" data-gtm-label=\"250\">250<\/option><option value=\"300\" data-gtm-name=\"300\" data-gtm-label=\"300\">300<\/option><option value=\"350\" data-gtm-name=\"350\" data-gtm-label=\"350\">350<\/option><option value=\"400\" data-gtm-name=\"400\" data-gtm-label=\"400\">400<\/option><option value=\"450\" data-gtm-name=\"450\" data-gtm-label=\"450\">450<\/option><option value=\"500\" data-gtm-name=\"500\" data-gtm-label=\"500\">500<\/option><option value=\"550\" data-gtm-name=\"550\" data-gtm-label=\"550\">550<\/option><option value=\"600\" data-gtm-name=\"600\" data-gtm-label=\"600\">600<\/option><option value=\"650\" data-gtm-name=\"650\" data-gtm-label=\"650\">650<\/option><option value=\"700\" data-gtm-name=\"700\" data-gtm-label=\"700\">700<\/option><option value=\"750\" data-gtm-name=\"750\" data-gtm-label=\"750\">750<\/option><option value=\"800\" data-gtm-name=\"800\" data-gtm-label=\"800\">800<\/option><option value=\"850\" data-gtm-name=\"850\" data-gtm-label=\"850\">850<\/option><option value=\"900\" data-gtm-name=\"900\" data-gtm-label=\"900\">900<\/option><option value=\"950\" data-gtm-name=\"950\" data-gtm-label=\"950\">950<\/option><option value=\"1000\" data-gtm-name=\"1000\" data-gtm-label=\"1000\">1000<\/option><option value=\"1050\" data-gtm-name=\"1050\" data-gtm-label=\"1050\">1050<\/option><option value=\"1100\" data-gtm-name=\"1100\" data-gtm-label=\"1100\">1100<\/option><option value=\"1150\" data-gtm-name=\"1150\" data-gtm-label=\"1150\">1150<\/option><option value=\"1200\" data-gtm-name=\"1200\" data-gtm-label=\"1200\">1200<\/option><\/select><\/div>\n<\/div>\n<\/div>\n<div class=\"flex flex-col flex-wrap gap-100 md:flex-row md:items-center gtm-purchase-option\" data-gtm-name=\"h\" data-gtm-label=\"H\">\n<p><label class=\"flex gap-050 md:w-700 leading-none hyphens-auto print:w-full print:max-w-2\/5 text-label-small\">H<\/label><\/p>\n<div class=\"flex flex-1 flex-wrap gap-050\"><button class=\"select-btn select-btn-small select-btn-selected gtm-purchase-option-value\" type=\"button\" data-gtm-name=\"100\" data-gtm-label=\"100\">100<\/button><button class=\"select-btn select-btn-small select-btn-default gtm-purchase-option-value\" type=\"button\" data-gtm-name=\"150\" data-gtm-label=\"150\">150<\/button><button class=\"select-btn select-btn-small select-btn-default gtm-purchase-option-value\" type=\"button\" data-gtm-name=\"200\" data-gtm-label=\"200\">200<\/button><button class=\"select-btn select-btn-small select-btn-default select-btn-disabled gtm-purchase-option-value\" type=\"button\" data-gtm-name=\"250\" data-gtm-label=\"250\">250<\/button><button class=\"select-btn select-btn-small select-btn-default select-btn-disabled gtm-purchase-option-value\" type=\"button\" data-gtm-name=\"300\" data-gtm-label=\"300\">300<\/button><button class=\"select-btn select-btn-small select-btn-default select-btn-disabled gtm-purchase-option-value\" type=\"button\" data-gtm-name=\"350\" data-gtm-label=\"350\">350<\/button><button class=\"select-btn select-btn-small select-btn-default select-btn-disabled gtm-purchase-option-value\" type=\"button\" data-gtm-name=\"400\" data-gtm-label=\"400\">400<\/button><button class=\"select-btn select-btn-small select-btn-default select-btn-disabled gtm-purchase-option-value\" type=\"button\" data-gtm-name=\"450\" data-gtm-label=\"450\">450<\/button><button class=\"select-btn select-btn-small select-btn-default select-btn-disabled gtm-purchase-option-value\" type=\"button\" data-gtm-name=\"500\" data-gtm-label=\"500\">500<\/button><button class=\"select-btn select-btn-small select-btn-default select-btn-disabled gtm-purchase-option-value\" type=\"button\" data-gtm-name=\"550\" data-gtm-label=\"550\">550<\/button><button class=\"select-btn select-btn-small select-btn-default select-btn-disabled gtm-purchase-option-value\" type=\"button\" data-gtm-name=\"600\" data-gtm-label=\"600\">600<\/button><button class=\"select-btn select-btn-small select-btn-default select-btn-disabled gtm-purchase-option-value\" type=\"button\" data-gtm-name=\"650\" data-gtm-label=\"650\">650<\/button><button class=\"select-btn select-btn-small select-btn-default select-btn-disabled gtm-purchase-option-value\" type=\"button\" data-gtm-name=\"700\" data-gtm-label=\"700\">700<\/button><button class=\"select-btn select-btn-small select-btn-default select-btn-disabled gtm-purchase-option-value\" type=\"button\" data-gtm-name=\"750\" data-gtm-label=\"750\">750<\/button><button class=\"select-btn select-btn-small select-btn-default select-btn-disabled gtm-purchase-option-value\" type=\"button\" data-gtm-name=\"800\" data-gtm-label=\"800\">800<\/button><button class=\"select-btn select-btn-small select-btn-default select-btn-disabled gtm-purchase-option-value\" type=\"button\" data-gtm-name=\"850\" data-gtm-label=\"850\">850<\/button><button class=\"select-btn select-btn-small select-btn-default select-btn-disabled gtm-purchase-option-value\" type=\"button\" data-gtm-name=\"900\" data-gtm-label=\"900\">900<\/button><button class=\"select-btn select-btn-small select-btn-default select-btn-disabled gtm-purchase-option-value\" type=\"button\" data-gtm-name=\"950\" data-gtm-label=\"950\">950<\/button><button class=\"select-btn select-btn-small select-btn-default select-btn-disabled gtm-purchase-option-value\" type=\"button\" data-gtm-name=\"1000\" data-gtm-label=\"1000\">1000<\/button><\/div>\n<\/div>\n<div class=\"flex flex-col flex-wrap gap-100 md:flex-row md:items-center gtm-purchase-option\" data-gtm-name=\"type_of_actualtion\" data-gtm-label=\"Type of actuation\">\n<p><label class=\"flex gap-050 md:w-700 leading-none hyphens-auto print:w-full print:max-w-2\/5 text-label-small\">Type of actuation<\/label><\/p>\n<div class=\"flex flex-1 flex-wrap gap-050\">\n<div class=\"dropdown-wrapper dropdown-wrapper-small w-full gtm-purchase-option-value gtm-purchase-option-value-dropdown\"><select class=\"form-dropdown form-input form-dropdown-small\"><option value=\"0\" data-gtm-name=\"Handle (-H)\" data-gtm-label=\"Handle (-H)\">Handle (-H)<\/option><option value=\"1\" data-gtm-name=\"Preparation for actuator (-M0)\" data-gtm-label=\"Preparation for actuator (-M0)\">Preparation for actuator (-M0)<\/option><option value=\"2\" data-gtm-name=\"230V actuator (-M1)\" data-gtm-label=\"230V actuator (-M1)\">230V actuator (-M1)<\/option><option value=\"3\" data-gtm-name=\"24V actuator (-M2)\" data-gtm-label=\"24V actuator (-M2)\">24V actuator (-M2)<\/option><option value=\"4\" data-gtm-name=\"24V, 0-10V stepless actuator (-M3)\" data-gtm-label=\"24V, 0-10V stepless actuator (-M3)\">24V, 0-10V stepless actuator (-M3)<\/option><option value=\"5\" data-gtm-name=\"230V spring actuator (-M4)\" data-gtm-label=\"230V spring actuator (-M4)\">230V spring actuator (-M4)<\/option><option value=\"6\" data-gtm-name=\"24V spring actuator (-M5)\" data-gtm-label=\"24V spring actuator (-M5)\">24V spring actuator (-M5)<\/option><option value=\"7\" data-gtm-name=\"24V, 0-10V stepless spring actuator (-M6)\" data-gtm-label=\"24V, 0-10V stepless spring actuator (-M6)\">24V, 0-10V stepless spring actuator (-M6)<\/option><\/select><\/div>\n<\/div>\n<\/div>\n<\/div>\n<div class=\"gtm-sku-info flex flex-col gap-y-050 text-label-tiny text-neutral-600\">\n<div class=\"flex flex-wrap items-baseline gap-x-100 gap-y-025\"><span class=\"gtm-article-name\">TUNE-S-200&#215;100-H<\/span><span class=\"whitespace-nowrap gtm-article-number text-base font-bold\">#420514<\/span><\/div>\n<\/div>\n","protected":false},"featured_media":37356,"template":"","meta":[],"product_brand":[],"product_cat":[1884,1866,1841],"product_tag":[],"class_list":{"0":"post-37361","1":"product","2":"type-product","3":"status-publish","4":"has-post-thumbnail","6":"product_cat-amortisseurs","7":"product_cat-controle-du-debit-dair","8":"product_cat-produits-de-distribution-dair","10":"first","11":"instock","12":"shipping-taxable","13":"product-type-simple"},"yoast_head":"<!-- This site is optimized with the Yoast SEO plugin v27.1.1 - https:\/\/yoast.com\/product\/yoast-seo-wordpress\/ -->\n<title>Registres TUNE-S Registre de r\u00e9gulation et d&#039;arr\u00eat adapt\u00e9 aux conduits rectangulaires - Climate Master<\/title>\n<meta name=\"robots\" content=\"index, follow, max-snippet:-1, max-image-preview:large, max-video-preview:-1\" \/>\n<link rel=\"canonical\" href=\"https:\/\/climatemaster.ge\/fr\/produit\/tune-s-dampers-control-and-shut-off-damper-suitable-for-rectangular-ducts\/\" \/>\n<meta property=\"og:locale\" content=\"fr_FR\" \/>\n<meta property=\"og:type\" content=\"article\" \/>\n<meta property=\"og:title\" content=\"Registres TUNE-S Registre de r\u00e9gulation et d&#039;arr\u00eat adapt\u00e9 aux conduits rectangulaires - Climate Master\" \/>\n<meta property=\"og:description\" content=\"Registres TUNE-S Registre de r\u00e9gulation et d&#039;arr\u00eat adapt\u00e9 aux conduits rectangulaires  Conduits rectangulaires  Manuel ou motoris\u00e9  Construction en acier  \u00c9tanche \u00e0 l&#039;air      W   200 250 300 350 400 450 500 550 600 650 700 750 800 850 900 950 1000 1050 1100 1150 1200      H 1001502002503003504004505005506006507007508008509009501000    Type of actuation   Handle (-H) Preparation for actuator (-M0) 230V actuator (-M1) 24V actuator (-M2) 24V, 0-10V stepless actuator (-M3) 230V spring actuator (-M4) 24V spring actuator (-M5) 24V, 0-10V stepless spring actuator (-M6)      TUNE-S-200x100-H#420514\" \/>\n<meta property=\"og:url\" content=\"https:\/\/climatemaster.ge\/fr\/produit\/tune-s-dampers-control-and-shut-off-damper-suitable-for-rectangular-ducts\/\" \/>\n<meta property=\"og:site_name\" content=\"Climate Master\" \/>\n<meta property=\"article:modified_time\" content=\"2025-09-07T18:38:03+00:00\" \/>\n<meta property=\"og:image\" content=\"https:\/\/climatemaster.ge\/wp-content\/uploads\/2025\/09\/PRODUCT-MAIN-IMAGE_TUNE_S.jpg\" \/>\n\t<meta property=\"og:image:width\" content=\"384\" \/>\n\t<meta property=\"og:image:height\" content=\"288\" \/>\n\t<meta property=\"og:image:type\" content=\"image\/jpeg\" \/>\n<meta name=\"twitter:card\" content=\"summary_large_image\" \/>\n<meta name=\"twitter:label1\" content=\"Dur\u00e9e de lecture estim\u00e9e\" \/>\n\t<meta name=\"twitter:data1\" content=\"1 minute\" \/>\n<script type=\"application\/ld+json\" class=\"yoast-schema-graph\">{\"@context\":\"https:\/\/schema.org\",\"@graph\":[{\"@type\":\"WebPage\",\"@id\":\"https:\/\/climatemaster.ge\/fr\/produit\/tune-s-dampers-control-and-shut-off-damper-suitable-for-rectangular-ducts\/\",\"url\":\"https:\/\/climatemaster.ge\/fr\/produit\/tune-s-dampers-control-and-shut-off-damper-suitable-for-rectangular-ducts\/\",\"name\":\"Registres TUNE-S Registre de r\u00e9gulation et d'arr\u00eat adapt\u00e9 aux conduits rectangulaires - Climate Master\",\"isPartOf\":{\"@id\":\"https:\/\/climatemaster.ge\/#website\"},\"primaryImageOfPage\":{\"@id\":\"https:\/\/climatemaster.ge\/fr\/produit\/tune-s-dampers-control-and-shut-off-damper-suitable-for-rectangular-ducts\/#primaryimage\"},\"image\":{\"@id\":\"https:\/\/climatemaster.ge\/fr\/produit\/tune-s-dampers-control-and-shut-off-damper-suitable-for-rectangular-ducts\/#primaryimage\"},\"thumbnailUrl\":\"https:\/\/climatemaster.ge\/wp-content\/uploads\/2025\/09\/PRODUCT-MAIN-IMAGE_TUNE_S.jpg\",\"datePublished\":\"2025-09-07T18:35:22+00:00\",\"dateModified\":\"2025-09-07T18:38:03+00:00\",\"breadcrumb\":{\"@id\":\"https:\/\/climatemaster.ge\/fr\/produit\/tune-s-dampers-control-and-shut-off-damper-suitable-for-rectangular-ducts\/#breadcrumb\"},\"inLanguage\":\"fr-FR\",\"potentialAction\":[{\"@type\":\"ReadAction\",\"target\":[\"https:\/\/climatemaster.ge\/fr\/produit\/tune-s-dampers-control-and-shut-off-damper-suitable-for-rectangular-ducts\/\"]}]},{\"@type\":\"ImageObject\",\"inLanguage\":\"fr-FR\",\"@id\":\"https:\/\/climatemaster.ge\/fr\/produit\/tune-s-dampers-control-and-shut-off-damper-suitable-for-rectangular-ducts\/#primaryimage\",\"url\":\"https:\/\/climatemaster.ge\/wp-content\/uploads\/2025\/09\/PRODUCT-MAIN-IMAGE_TUNE_S.jpg\",\"contentUrl\":\"https:\/\/climatemaster.ge\/wp-content\/uploads\/2025\/09\/PRODUCT-MAIN-IMAGE_TUNE_S.jpg\",\"width\":384,\"height\":288},{\"@type\":\"BreadcrumbList\",\"@id\":\"https:\/\/climatemaster.ge\/fr\/produit\/tune-s-dampers-control-and-shut-off-damper-suitable-for-rectangular-ducts\/#breadcrumb\",\"itemListElement\":[{\"@type\":\"ListItem\",\"position\":1,\"name\":\"Home\",\"item\":\"https:\/\/climatemaster.ge\/\"},{\"@type\":\"ListItem\",\"position\":2,\"name\":\"Products\",\"item\":\"https:\/\/climatemaster.ge\/products\/\"},{\"@type\":\"ListItem\",\"position\":3,\"name\":\"Registres TUNE-S Registre de r\u00e9gulation et d&rsquo;arr\u00eat adapt\u00e9 aux conduits rectangulaires\"}]},{\"@type\":\"WebSite\",\"@id\":\"https:\/\/climatemaster.ge\/#website\",\"url\":\"https:\/\/climatemaster.ge\/\",\"name\":\"Climate Master\",\"description\":\"\",\"publisher\":{\"@id\":\"https:\/\/climatemaster.ge\/#organization\"},\"potentialAction\":[{\"@type\":\"SearchAction\",\"target\":{\"@type\":\"EntryPoint\",\"urlTemplate\":\"https:\/\/climatemaster.ge\/?s={search_term_string}\"},\"query-input\":{\"@type\":\"PropertyValueSpecification\",\"valueRequired\":true,\"valueName\":\"search_term_string\"}}],\"inLanguage\":\"fr-FR\"},{\"@type\":\"Organization\",\"@id\":\"https:\/\/climatemaster.ge\/#organization\",\"name\":\"Climate Master\",\"url\":\"https:\/\/climatemaster.ge\/\",\"logo\":{\"@type\":\"ImageObject\",\"inLanguage\":\"fr-FR\",\"@id\":\"https:\/\/climatemaster.ge\/#\/schema\/logo\/image\/\",\"url\":\"https:\/\/climatemaster.ge\/wp-content\/uploads\/2026\/03\/Untitled-2.png\",\"contentUrl\":\"https:\/\/climatemaster.ge\/wp-content\/uploads\/2026\/03\/Untitled-2.png\",\"width\":600,\"height\":338,\"caption\":\"Climate Master\"},\"image\":{\"@id\":\"https:\/\/climatemaster.ge\/#\/schema\/logo\/image\/\"}}]}<\/script>\n<!-- \/ Yoast SEO plugin. -->","yoast_head_json":{"title":"Registres TUNE-S Registre de r\u00e9gulation et d'arr\u00eat adapt\u00e9 aux conduits rectangulaires - Climate Master","robots":{"index":"index","follow":"follow","max-snippet":"max-snippet:-1","max-image-preview":"max-image-preview:large","max-video-preview":"max-video-preview:-1"},"canonical":"https:\/\/climatemaster.ge\/fr\/produit\/tune-s-dampers-control-and-shut-off-damper-suitable-for-rectangular-ducts\/","og_locale":"fr_FR","og_type":"article","og_title":"Registres TUNE-S Registre de r\u00e9gulation et d'arr\u00eat adapt\u00e9 aux conduits rectangulaires - Climate Master","og_description":"Registres TUNE-S Registre de r\u00e9gulation et d'arr\u00eat adapt\u00e9 aux conduits rectangulaires  Conduits rectangulaires  Manuel ou motoris\u00e9  Construction en acier  \u00c9tanche \u00e0 l'air      W   200 250 300 350 400 450 500 550 600 650 700 750 800 850 900 950 1000 1050 1100 1150 1200      H 1001502002503003504004505005506006507007508008509009501000    Type of actuation   Handle (-H) Preparation for actuator (-M0) 230V actuator (-M1) 24V actuator (-M2) 24V, 0-10V stepless actuator (-M3) 230V spring actuator (-M4) 24V spring actuator (-M5) 24V, 0-10V stepless spring actuator (-M6)      TUNE-S-200x100-H#420514","og_url":"https:\/\/climatemaster.ge\/fr\/produit\/tune-s-dampers-control-and-shut-off-damper-suitable-for-rectangular-ducts\/","og_site_name":"Climate Master","article_modified_time":"2025-09-07T18:38:03+00:00","og_image":[{"width":384,"height":288,"url":"https:\/\/climatemaster.ge\/wp-content\/uploads\/2025\/09\/PRODUCT-MAIN-IMAGE_TUNE_S.jpg","type":"image\/jpeg"}],"twitter_card":"summary_large_image","twitter_misc":{"Dur\u00e9e de lecture estim\u00e9e":"1 minute"},"schema":{"@context":"https:\/\/schema.org","@graph":[{"@type":"WebPage","@id":"https:\/\/climatemaster.ge\/fr\/produit\/tune-s-dampers-control-and-shut-off-damper-suitable-for-rectangular-ducts\/","url":"https:\/\/climatemaster.ge\/fr\/produit\/tune-s-dampers-control-and-shut-off-damper-suitable-for-rectangular-ducts\/","name":"Registres TUNE-S Registre de r\u00e9gulation et d'arr\u00eat adapt\u00e9 aux conduits rectangulaires - Climate Master","isPartOf":{"@id":"https:\/\/climatemaster.ge\/#website"},"primaryImageOfPage":{"@id":"https:\/\/climatemaster.ge\/fr\/produit\/tune-s-dampers-control-and-shut-off-damper-suitable-for-rectangular-ducts\/#primaryimage"},"image":{"@id":"https:\/\/climatemaster.ge\/fr\/produit\/tune-s-dampers-control-and-shut-off-damper-suitable-for-rectangular-ducts\/#primaryimage"},"thumbnailUrl":"https:\/\/climatemaster.ge\/wp-content\/uploads\/2025\/09\/PRODUCT-MAIN-IMAGE_TUNE_S.jpg","datePublished":"2025-09-07T18:35:22+00:00","dateModified":"2025-09-07T18:38:03+00:00","breadcrumb":{"@id":"https:\/\/climatemaster.ge\/fr\/produit\/tune-s-dampers-control-and-shut-off-damper-suitable-for-rectangular-ducts\/#breadcrumb"},"inLanguage":"fr-FR","potentialAction":[{"@type":"ReadAction","target":["https:\/\/climatemaster.ge\/fr\/produit\/tune-s-dampers-control-and-shut-off-damper-suitable-for-rectangular-ducts\/"]}]},{"@type":"ImageObject","inLanguage":"fr-FR","@id":"https:\/\/climatemaster.ge\/fr\/produit\/tune-s-dampers-control-and-shut-off-damper-suitable-for-rectangular-ducts\/#primaryimage","url":"https:\/\/climatemaster.ge\/wp-content\/uploads\/2025\/09\/PRODUCT-MAIN-IMAGE_TUNE_S.jpg","contentUrl":"https:\/\/climatemaster.ge\/wp-content\/uploads\/2025\/09\/PRODUCT-MAIN-IMAGE_TUNE_S.jpg","width":384,"height":288},{"@type":"BreadcrumbList","@id":"https:\/\/climatemaster.ge\/fr\/produit\/tune-s-dampers-control-and-shut-off-damper-suitable-for-rectangular-ducts\/#breadcrumb","itemListElement":[{"@type":"ListItem","position":1,"name":"Home","item":"https:\/\/climatemaster.ge\/"},{"@type":"ListItem","position":2,"name":"Products","item":"https:\/\/climatemaster.ge\/products\/"},{"@type":"ListItem","position":3,"name":"Registres TUNE-S Registre de r\u00e9gulation et d&rsquo;arr\u00eat adapt\u00e9 aux conduits rectangulaires"}]},{"@type":"WebSite","@id":"https:\/\/climatemaster.ge\/#website","url":"https:\/\/climatemaster.ge\/","name":"Climate Master","description":"","publisher":{"@id":"https:\/\/climatemaster.ge\/#organization"},"potentialAction":[{"@type":"SearchAction","target":{"@type":"EntryPoint","urlTemplate":"https:\/\/climatemaster.ge\/?s={search_term_string}"},"query-input":{"@type":"PropertyValueSpecification","valueRequired":true,"valueName":"search_term_string"}}],"inLanguage":"fr-FR"},{"@type":"Organization","@id":"https:\/\/climatemaster.ge\/#organization","name":"Climate Master","url":"https:\/\/climatemaster.ge\/","logo":{"@type":"ImageObject","inLanguage":"fr-FR","@id":"https:\/\/climatemaster.ge\/#\/schema\/logo\/image\/","url":"https:\/\/climatemaster.ge\/wp-content\/uploads\/2026\/03\/Untitled-2.png","contentUrl":"https:\/\/climatemaster.ge\/wp-content\/uploads\/2026\/03\/Untitled-2.png","width":600,"height":338,"caption":"Climate Master"},"image":{"@id":"https:\/\/climatemaster.ge\/#\/schema\/logo\/image\/"}}]}},"_links":{"self":[{"href":"https:\/\/climatemaster.ge\/fr\/wp-json\/wp\/v2\/product\/37361","targetHints":{"allow":["GET"]}}],"collection":[{"href":"https:\/\/climatemaster.ge\/fr\/wp-json\/wp\/v2\/product"}],"about":[{"href":"https:\/\/climatemaster.ge\/fr\/wp-json\/wp\/v2\/types\/product"}],"wp:featuredmedia":[{"embeddable":true,"href":"https:\/\/climatemaster.ge\/fr\/wp-json\/wp\/v2\/media\/37356"}],"wp:attachment":[{"href":"https:\/\/climatemaster.ge\/fr\/wp-json\/wp\/v2\/media?parent=37361"}],"wp:term":[{"taxonomy":"product_brand","embeddable":true,"href":"https:\/\/climatemaster.ge\/fr\/wp-json\/wp\/v2\/product_brand?post=37361"},{"taxonomy":"product_cat","embeddable":true,"href":"https:\/\/climatemaster.ge\/fr\/wp-json\/wp\/v2\/product_cat?post=37361"},{"taxonomy":"product_tag","embeddable":true,"href":"https:\/\/climatemaster.ge\/fr\/wp-json\/wp\/v2\/product_tag?post=37361"}],"curies":[{"name":"wp","href":"https:\/\/api.w.org\/{rel}","templated":true}]}}