{"id":37290,"date":"2025-09-07T22:02:11","date_gmt":"2025-09-07T18:02:11","guid":{"rendered":"https:\/\/airsystems.ge\/shop\/product\/spi-dampers-standard-volume-control-damper-for-measurement-and-adjustment-of-the-airflow\/"},"modified":"2025-09-07T22:05:10","modified_gmt":"2025-09-07T18:05:10","slug":"spi-dampers-standard-volume-control-damper-for-measurement-and-adjustment-of-the-airflow","status":"publish","type":"product","link":"https:\/\/climatemaster.ge\/fr\/produit\/spi-dampers-standard-volume-control-damper-for-measurement-and-adjustment-of-the-airflow\/","title":{"rendered":"Registres SPI Registre de contr\u00f4le de volume standard pour la mesure et le r\u00e9glage du d\u00e9bit d&rsquo;air"},"content":{"rendered":"<div class=\"mb-400 gtm-product-section container-fluid\" data-gtm-name=\"Benefits\" data-gtm-label=\"Benefits (en)\" data-gtm-vis-recent-on-screen53434917_103=\"53799\" data-gtm-vis-first-on-screen53434917_103=\"53799\" data-gtm-vis-total-visible-time53434917_103=\"1500\" data-gtm-vis-has-fired53434917_103=\"1\">\n<div class=\"row\">\n<div class=\"content-element content-element-product-benefit col-12 sm:col-6 mb-400\">\n<div class=\"bg-card px-300 py-250 mobile-nav:px-200 mobile-nav:py-150 h-full flex overflow-hidden card-border\">\n<div class=\"min-w-0\">\n<p><strong>Mesure et r\u00e9glage<\/strong><br \/>\nLe SPI est un registre \u00e0 iris pour la mesure et le r\u00e9glage du d\u00e9bit d&rsquo;air.<\/p>\n<p><strong>Conception robuste<\/strong><br \/>\nLe bo\u00eetier du registre est fabriqu\u00e9 en t\u00f4le d&rsquo;acier galvanis\u00e9e et est \u00e9quip\u00e9 d&rsquo;un joint en caoutchouc dont l&rsquo;\u00e9tanch\u00e9it\u00e9 a \u00e9t\u00e9 test\u00e9e.<\/p>\n<p><strong>Ouverture de r\u00e9glage<\/strong><br \/>\nLe SPI est dot\u00e9 d&rsquo;une ouverture de r\u00e9glage permettant d&rsquo;ouvrir toute la section transversale, \u00e9liminant ainsi le besoin d&rsquo;une trappe d&rsquo;acc\u00e8s pour le nettoyage.<\/p>\n<p>Disponible en diff\u00e9rentes tailles, le SPI est un registre \u00e0 iris con\u00e7u pour la mesure et le r\u00e9glage du d\u00e9bit d&rsquo;air. Il offre un faible niveau sonore, un d\u00e9bit d&rsquo;air centr\u00e9 et des points de test fixes pour des mesures pr\u00e9cises. Cet appareil peut \u00eatre utilis\u00e9 aussi bien pour le soufflage que pour l&rsquo;extraction d&rsquo;air.<\/p>\n<p>Le registre est fabriqu\u00e9 en t\u00f4le d&rsquo;acier galvanis\u00e9e et est \u00e9quip\u00e9 d&rsquo;un joint en caoutchouc. Le joint a \u00e9t\u00e9 test\u00e9 pour son \u00e9tanch\u00e9it\u00e9 \u00e0 l&rsquo;air de classe C selon la norme EN 1751. Une ouverture de r\u00e9glage permet d&rsquo;ouvrir toute la section transversale, \u00e9vitant ainsi la n\u00e9cessit\u00e9 d&rsquo;une trappe d&rsquo;acc\u00e8s pour le nettoyage.<\/p>\n<p>Le registre de r\u00e9glage SPI doit \u00eatre install\u00e9 en respectant les distances requises pour minimiser les \u00e9carts de d\u00e9bit d&rsquo;air. La r\u00e9duction ou l&rsquo;agrandissement du conduit \u00e0 la taille sup\u00e9rieure ne n\u00e9cessite aucune distance sp\u00e9cifique pour minimiser les \u00e9carts. Le SPI permet de mesurer pr\u00e9cis\u00e9ment le d\u00e9bit d&rsquo;air en tous points, y compris \u00e0 proximit\u00e9 des jonctions en T et des coudes, ainsi qu&rsquo;en amont des conduits d&rsquo;air ou des appareils terminaux.<\/p>\n<\/div>\n<\/div>\n<\/div>\n<\/div>\n<\/div>\n","protected":false},"excerpt":{"rendered":"<div>\n<p>Registres SPI<br \/>\nRegistre de contr\u00f4le de volume standard pour la mesure et le r\u00e9glage du d\u00e9bit d&rsquo;air<\/p>\n<p>Faible niveau sonore<\/p>\n<p>D\u00e9bit d&rsquo;air centr\u00e9<\/p>\n<p>Point de test fixe<\/p>\n<p>Soufflage et extraction d&rsquo;air<\/p>\n<\/div>\n<div class=\"flex flex-col gap-200\">\n<div class=\"flex flex-col flex-wrap gap-100 md:flex-row md:items-center gtm-purchase-option\" data-gtm-name=\"size\" data-gtm-label=\"Size\">\n<p><label class=\"flex gap-050 md:w-700 leading-none hyphens-auto print:w-full print:max-w-2\/5 text-label-small\">Size<\/label><\/p>\n<div class=\"flex flex-1 flex-wrap gap-050\"><button class=\"select-btn select-btn-small select-btn-selected gtm-purchase-option-value\" type=\"button\" data-gtm-name=\"80\" data-gtm-label=\"80\">80<\/button><button class=\"select-btn select-btn-small select-btn-default gtm-purchase-option-value\" type=\"button\" data-gtm-name=\"100\" data-gtm-label=\"100\">100<\/button><button class=\"select-btn select-btn-small select-btn-default gtm-purchase-option-value\" type=\"button\" data-gtm-name=\"125\" data-gtm-label=\"125\">125<\/button><button class=\"select-btn select-btn-small select-btn-default gtm-purchase-option-value\" type=\"button\" data-gtm-name=\"150\" data-gtm-label=\"150\">150<\/button><button class=\"select-btn select-btn-small select-btn-default gtm-purchase-option-value\" type=\"button\" data-gtm-name=\"160\" data-gtm-label=\"160\">160<\/button><button class=\"select-btn select-btn-small select-btn-default gtm-purchase-option-value\" type=\"button\" data-gtm-name=\"200\" data-gtm-label=\"200\">200<\/button><button class=\"select-btn select-btn-small select-btn-default gtm-purchase-option-value\" type=\"button\" data-gtm-name=\"250\" data-gtm-label=\"250\">250<\/button><button class=\"select-btn select-btn-small select-btn-default gtm-purchase-option-value\" type=\"button\" data-gtm-name=\"300\" data-gtm-label=\"300\">300<\/button><button class=\"select-btn select-btn-small select-btn-default gtm-purchase-option-value\" type=\"button\" data-gtm-name=\"315\" data-gtm-label=\"315\">315<\/button><button class=\"select-btn select-btn-small select-btn-default gtm-purchase-option-value\" type=\"button\" data-gtm-name=\"400\" data-gtm-label=\"400\">400<\/button><button class=\"select-btn select-btn-small select-btn-default gtm-purchase-option-value\" type=\"button\" data-gtm-name=\"500\" data-gtm-label=\"500\">500<\/button><button class=\"select-btn select-btn-small select-btn-default gtm-purchase-option-value\" type=\"button\" data-gtm-name=\"630\" data-gtm-label=\"630\">630<\/button><button class=\"select-btn select-btn-small select-btn-default gtm-purchase-option-value\" type=\"button\" data-gtm-name=\"800\" data-gtm-label=\"800\">800<\/button><\/div>\n<\/div>\n<\/div>\n<div class=\"gtm-sku-info flex flex-col gap-y-050 text-label-tiny text-neutral-600\">\n<div class=\"flex flex-wrap items-baseline gap-x-100 gap-y-025\"><span class=\"gtm-article-name\">SPI-080 C Iris damper<\/span><span class=\"whitespace-nowrap gtm-article-number text-base font-bold\">#7621<\/span><\/div>\n<\/div>\n","protected":false},"featured_media":37285,"template":"","meta":[],"product_brand":[],"product_cat":[1884,1866,1841],"product_tag":[],"class_list":{"0":"post-37290","1":"product","2":"type-product","3":"status-publish","4":"has-post-thumbnail","6":"product_cat-amortisseurs","7":"product_cat-controle-du-debit-dair","8":"product_cat-produits-de-distribution-dair","10":"first","11":"instock","12":"shipping-taxable","13":"product-type-simple"},"yoast_head":"<!-- This site is optimized with the Yoast SEO plugin v27.1.1 - https:\/\/yoast.com\/product\/yoast-seo-wordpress\/ -->\n<title>Registres SPI Registre de contr\u00f4le de volume standard pour la mesure et le r\u00e9glage du d\u00e9bit d&#039;air - Climate Master<\/title>\n<meta name=\"robots\" content=\"index, follow, max-snippet:-1, max-image-preview:large, max-video-preview:-1\" \/>\n<link rel=\"canonical\" href=\"https:\/\/climatemaster.ge\/fr\/produit\/spi-dampers-standard-volume-control-damper-for-measurement-and-adjustment-of-the-airflow\/\" \/>\n<meta property=\"og:locale\" content=\"fr_FR\" \/>\n<meta property=\"og:type\" content=\"article\" \/>\n<meta property=\"og:title\" content=\"Registres SPI Registre de contr\u00f4le de volume standard pour la mesure et le r\u00e9glage du d\u00e9bit d&#039;air - Climate Master\" \/>\n<meta property=\"og:description\" content=\"Registres SPI Registre de contr\u00f4le de volume standard pour la mesure et le r\u00e9glage du d\u00e9bit d&#039;air  Faible niveau sonore  D\u00e9bit d&#039;air centr\u00e9  Point de test fixe  Soufflage et extraction d&#039;air      Size 80100125150160200250300315400500630800    SPI-080 C Iris damper#7621\" \/>\n<meta property=\"og:url\" content=\"https:\/\/climatemaster.ge\/fr\/produit\/spi-dampers-standard-volume-control-damper-for-measurement-and-adjustment-of-the-airflow\/\" \/>\n<meta property=\"og:site_name\" content=\"Climate Master\" \/>\n<meta property=\"article:modified_time\" content=\"2025-09-07T18:05:10+00:00\" \/>\n<meta property=\"og:image\" content=\"https:\/\/climatemaster.ge\/wp-content\/uploads\/2025\/09\/PRODUCT-MAIN-IMAGE_SPI.jpg\" \/>\n\t<meta property=\"og:image:width\" content=\"384\" \/>\n\t<meta property=\"og:image:height\" content=\"210\" \/>\n\t<meta property=\"og:image:type\" content=\"image\/jpeg\" \/>\n<meta name=\"twitter:card\" content=\"summary_large_image\" \/>\n<meta name=\"twitter:label1\" content=\"Dur\u00e9e de lecture estim\u00e9e\" \/>\n\t<meta name=\"twitter:data1\" content=\"1 minute\" \/>\n<script type=\"application\/ld+json\" class=\"yoast-schema-graph\">{\"@context\":\"https:\/\/schema.org\",\"@graph\":[{\"@type\":\"WebPage\",\"@id\":\"https:\/\/climatemaster.ge\/fr\/produit\/spi-dampers-standard-volume-control-damper-for-measurement-and-adjustment-of-the-airflow\/\",\"url\":\"https:\/\/climatemaster.ge\/fr\/produit\/spi-dampers-standard-volume-control-damper-for-measurement-and-adjustment-of-the-airflow\/\",\"name\":\"Registres SPI Registre de contr\u00f4le de volume standard pour la mesure et le r\u00e9glage du d\u00e9bit d'air - Climate Master\",\"isPartOf\":{\"@id\":\"https:\/\/climatemaster.ge\/#website\"},\"primaryImageOfPage\":{\"@id\":\"https:\/\/climatemaster.ge\/fr\/produit\/spi-dampers-standard-volume-control-damper-for-measurement-and-adjustment-of-the-airflow\/#primaryimage\"},\"image\":{\"@id\":\"https:\/\/climatemaster.ge\/fr\/produit\/spi-dampers-standard-volume-control-damper-for-measurement-and-adjustment-of-the-airflow\/#primaryimage\"},\"thumbnailUrl\":\"https:\/\/climatemaster.ge\/wp-content\/uploads\/2025\/09\/PRODUCT-MAIN-IMAGE_SPI.jpg\",\"datePublished\":\"2025-09-07T18:02:11+00:00\",\"dateModified\":\"2025-09-07T18:05:10+00:00\",\"breadcrumb\":{\"@id\":\"https:\/\/climatemaster.ge\/fr\/produit\/spi-dampers-standard-volume-control-damper-for-measurement-and-adjustment-of-the-airflow\/#breadcrumb\"},\"inLanguage\":\"fr-FR\",\"potentialAction\":[{\"@type\":\"ReadAction\",\"target\":[\"https:\/\/climatemaster.ge\/fr\/produit\/spi-dampers-standard-volume-control-damper-for-measurement-and-adjustment-of-the-airflow\/\"]}]},{\"@type\":\"ImageObject\",\"inLanguage\":\"fr-FR\",\"@id\":\"https:\/\/climatemaster.ge\/fr\/produit\/spi-dampers-standard-volume-control-damper-for-measurement-and-adjustment-of-the-airflow\/#primaryimage\",\"url\":\"https:\/\/climatemaster.ge\/wp-content\/uploads\/2025\/09\/PRODUCT-MAIN-IMAGE_SPI.jpg\",\"contentUrl\":\"https:\/\/climatemaster.ge\/wp-content\/uploads\/2025\/09\/PRODUCT-MAIN-IMAGE_SPI.jpg\",\"width\":384,\"height\":210},{\"@type\":\"BreadcrumbList\",\"@id\":\"https:\/\/climatemaster.ge\/fr\/produit\/spi-dampers-standard-volume-control-damper-for-measurement-and-adjustment-of-the-airflow\/#breadcrumb\",\"itemListElement\":[{\"@type\":\"ListItem\",\"position\":1,\"name\":\"Home\",\"item\":\"https:\/\/climatemaster.ge\/\"},{\"@type\":\"ListItem\",\"position\":2,\"name\":\"Products\",\"item\":\"https:\/\/climatemaster.ge\/products\/\"},{\"@type\":\"ListItem\",\"position\":3,\"name\":\"Registres SPI Registre de contr\u00f4le de volume standard pour la mesure et le r\u00e9glage du d\u00e9bit d&rsquo;air\"}]},{\"@type\":\"WebSite\",\"@id\":\"https:\/\/climatemaster.ge\/#website\",\"url\":\"https:\/\/climatemaster.ge\/\",\"name\":\"Climate Master\",\"description\":\"\",\"publisher\":{\"@id\":\"https:\/\/climatemaster.ge\/#organization\"},\"potentialAction\":[{\"@type\":\"SearchAction\",\"target\":{\"@type\":\"EntryPoint\",\"urlTemplate\":\"https:\/\/climatemaster.ge\/?s={search_term_string}\"},\"query-input\":{\"@type\":\"PropertyValueSpecification\",\"valueRequired\":true,\"valueName\":\"search_term_string\"}}],\"inLanguage\":\"fr-FR\"},{\"@type\":\"Organization\",\"@id\":\"https:\/\/climatemaster.ge\/#organization\",\"name\":\"Climate Master\",\"url\":\"https:\/\/climatemaster.ge\/\",\"logo\":{\"@type\":\"ImageObject\",\"inLanguage\":\"fr-FR\",\"@id\":\"https:\/\/climatemaster.ge\/#\/schema\/logo\/image\/\",\"url\":\"https:\/\/climatemaster.ge\/wp-content\/uploads\/2026\/03\/Untitled-2.png\",\"contentUrl\":\"https:\/\/climatemaster.ge\/wp-content\/uploads\/2026\/03\/Untitled-2.png\",\"width\":600,\"height\":338,\"caption\":\"Climate Master\"},\"image\":{\"@id\":\"https:\/\/climatemaster.ge\/#\/schema\/logo\/image\/\"}}]}<\/script>\n<!-- \/ Yoast SEO plugin. -->","yoast_head_json":{"title":"Registres SPI Registre de contr\u00f4le de volume standard pour la mesure et le r\u00e9glage du d\u00e9bit d'air - Climate Master","robots":{"index":"index","follow":"follow","max-snippet":"max-snippet:-1","max-image-preview":"max-image-preview:large","max-video-preview":"max-video-preview:-1"},"canonical":"https:\/\/climatemaster.ge\/fr\/produit\/spi-dampers-standard-volume-control-damper-for-measurement-and-adjustment-of-the-airflow\/","og_locale":"fr_FR","og_type":"article","og_title":"Registres SPI Registre de contr\u00f4le de volume standard pour la mesure et le r\u00e9glage du d\u00e9bit d'air - Climate Master","og_description":"Registres SPI Registre de contr\u00f4le de volume standard pour la mesure et le r\u00e9glage du d\u00e9bit d'air  Faible niveau sonore  D\u00e9bit d'air centr\u00e9  Point de test fixe  Soufflage et extraction d'air      Size 80100125150160200250300315400500630800    SPI-080 C Iris damper#7621","og_url":"https:\/\/climatemaster.ge\/fr\/produit\/spi-dampers-standard-volume-control-damper-for-measurement-and-adjustment-of-the-airflow\/","og_site_name":"Climate Master","article_modified_time":"2025-09-07T18:05:10+00:00","og_image":[{"width":384,"height":210,"url":"https:\/\/climatemaster.ge\/wp-content\/uploads\/2025\/09\/PRODUCT-MAIN-IMAGE_SPI.jpg","type":"image\/jpeg"}],"twitter_card":"summary_large_image","twitter_misc":{"Dur\u00e9e de lecture estim\u00e9e":"1 minute"},"schema":{"@context":"https:\/\/schema.org","@graph":[{"@type":"WebPage","@id":"https:\/\/climatemaster.ge\/fr\/produit\/spi-dampers-standard-volume-control-damper-for-measurement-and-adjustment-of-the-airflow\/","url":"https:\/\/climatemaster.ge\/fr\/produit\/spi-dampers-standard-volume-control-damper-for-measurement-and-adjustment-of-the-airflow\/","name":"Registres SPI Registre de contr\u00f4le de volume standard pour la mesure et le r\u00e9glage du d\u00e9bit d'air - Climate Master","isPartOf":{"@id":"https:\/\/climatemaster.ge\/#website"},"primaryImageOfPage":{"@id":"https:\/\/climatemaster.ge\/fr\/produit\/spi-dampers-standard-volume-control-damper-for-measurement-and-adjustment-of-the-airflow\/#primaryimage"},"image":{"@id":"https:\/\/climatemaster.ge\/fr\/produit\/spi-dampers-standard-volume-control-damper-for-measurement-and-adjustment-of-the-airflow\/#primaryimage"},"thumbnailUrl":"https:\/\/climatemaster.ge\/wp-content\/uploads\/2025\/09\/PRODUCT-MAIN-IMAGE_SPI.jpg","datePublished":"2025-09-07T18:02:11+00:00","dateModified":"2025-09-07T18:05:10+00:00","breadcrumb":{"@id":"https:\/\/climatemaster.ge\/fr\/produit\/spi-dampers-standard-volume-control-damper-for-measurement-and-adjustment-of-the-airflow\/#breadcrumb"},"inLanguage":"fr-FR","potentialAction":[{"@type":"ReadAction","target":["https:\/\/climatemaster.ge\/fr\/produit\/spi-dampers-standard-volume-control-damper-for-measurement-and-adjustment-of-the-airflow\/"]}]},{"@type":"ImageObject","inLanguage":"fr-FR","@id":"https:\/\/climatemaster.ge\/fr\/produit\/spi-dampers-standard-volume-control-damper-for-measurement-and-adjustment-of-the-airflow\/#primaryimage","url":"https:\/\/climatemaster.ge\/wp-content\/uploads\/2025\/09\/PRODUCT-MAIN-IMAGE_SPI.jpg","contentUrl":"https:\/\/climatemaster.ge\/wp-content\/uploads\/2025\/09\/PRODUCT-MAIN-IMAGE_SPI.jpg","width":384,"height":210},{"@type":"BreadcrumbList","@id":"https:\/\/climatemaster.ge\/fr\/produit\/spi-dampers-standard-volume-control-damper-for-measurement-and-adjustment-of-the-airflow\/#breadcrumb","itemListElement":[{"@type":"ListItem","position":1,"name":"Home","item":"https:\/\/climatemaster.ge\/"},{"@type":"ListItem","position":2,"name":"Products","item":"https:\/\/climatemaster.ge\/products\/"},{"@type":"ListItem","position":3,"name":"Registres SPI Registre de contr\u00f4le de volume standard pour la mesure et le r\u00e9glage du d\u00e9bit d&rsquo;air"}]},{"@type":"WebSite","@id":"https:\/\/climatemaster.ge\/#website","url":"https:\/\/climatemaster.ge\/","name":"Climate Master","description":"","publisher":{"@id":"https:\/\/climatemaster.ge\/#organization"},"potentialAction":[{"@type":"SearchAction","target":{"@type":"EntryPoint","urlTemplate":"https:\/\/climatemaster.ge\/?s={search_term_string}"},"query-input":{"@type":"PropertyValueSpecification","valueRequired":true,"valueName":"search_term_string"}}],"inLanguage":"fr-FR"},{"@type":"Organization","@id":"https:\/\/climatemaster.ge\/#organization","name":"Climate Master","url":"https:\/\/climatemaster.ge\/","logo":{"@type":"ImageObject","inLanguage":"fr-FR","@id":"https:\/\/climatemaster.ge\/#\/schema\/logo\/image\/","url":"https:\/\/climatemaster.ge\/wp-content\/uploads\/2026\/03\/Untitled-2.png","contentUrl":"https:\/\/climatemaster.ge\/wp-content\/uploads\/2026\/03\/Untitled-2.png","width":600,"height":338,"caption":"Climate Master"},"image":{"@id":"https:\/\/climatemaster.ge\/#\/schema\/logo\/image\/"}}]}},"_links":{"self":[{"href":"https:\/\/climatemaster.ge\/fr\/wp-json\/wp\/v2\/product\/37290","targetHints":{"allow":["GET"]}}],"collection":[{"href":"https:\/\/climatemaster.ge\/fr\/wp-json\/wp\/v2\/product"}],"about":[{"href":"https:\/\/climatemaster.ge\/fr\/wp-json\/wp\/v2\/types\/product"}],"wp:featuredmedia":[{"embeddable":true,"href":"https:\/\/climatemaster.ge\/fr\/wp-json\/wp\/v2\/media\/37285"}],"wp:attachment":[{"href":"https:\/\/climatemaster.ge\/fr\/wp-json\/wp\/v2\/media?parent=37290"}],"wp:term":[{"taxonomy":"product_brand","embeddable":true,"href":"https:\/\/climatemaster.ge\/fr\/wp-json\/wp\/v2\/product_brand?post=37290"},{"taxonomy":"product_cat","embeddable":true,"href":"https:\/\/climatemaster.ge\/fr\/wp-json\/wp\/v2\/product_cat?post=37290"},{"taxonomy":"product_tag","embeddable":true,"href":"https:\/\/climatemaster.ge\/fr\/wp-json\/wp\/v2\/product_tag?post=37290"}],"curies":[{"name":"wp","href":"https:\/\/api.w.org\/{rel}","templated":true}]}}