{"id":37278,"date":"2025-09-07T21:53:21","date_gmt":"2025-09-07T17:53:21","guid":{"rendered":"https:\/\/airsystems.ge\/shop\/product\/spm-dampers-iris-damper-with-enhanced-choking-ability-for-measuring-and-adjusting-airflow\/"},"modified":"2025-09-07T21:57:10","modified_gmt":"2025-09-07T17:57:10","slug":"spm-dampers-iris-damper-with-enhanced-choking-ability-for-measuring-and-adjusting-airflow","status":"publish","type":"product","link":"https:\/\/climatemaster.ge\/fr\/produit\/spm-dampers-iris-damper-with-enhanced-choking-ability-for-measuring-and-adjusting-airflow\/","title":{"rendered":"Registres SPM Registre \u00e0 iris avec capacit\u00e9 d&rsquo;\u00e9tranglement am\u00e9lior\u00e9e pour la mesure et le r\u00e9glage du d\u00e9bit d&rsquo;air"},"content":{"rendered":"<div class=\"mb-400 gtm-product-section container-fluid\" data-gtm-name=\"Benefits\" data-gtm-label=\"Benefits (en)\" data-gtm-vis-first-on-screen53434917_103=\"14743\" data-gtm-vis-total-visible-time53434917_103=\"1500\" data-gtm-vis-has-fired53434917_103=\"1\">\n<div class=\"row\">\n<div class=\"content-element content-element-product-benefit col-12 sm:col-6 mb-400\">\n<div class=\"bg-card px-300 py-250 mobile-nav:px-200 mobile-nav:py-150 h-full flex overflow-hidden card-border\">\n<div class=\"min-w-0\">\n<p><strong>Capacit\u00e9 d&rsquo;\u00e9tranglement am\u00e9lior\u00e9e<\/strong><br \/>\nLe SPM est un registre \u00e0 iris permettant de mesurer et de r\u00e9gler le d\u00e9bit d&rsquo;air avec une capacit\u00e9 d&rsquo;\u00e9tranglement am\u00e9lior\u00e9e.<\/p>\n<p><strong>Fabrication de l&rsquo;acier<\/strong><br \/>\nLe registre \u00e0 iris SPM est fabriqu\u00e9 en t\u00f4le d&rsquo;acier galvanis\u00e9e et est \u00e9quip\u00e9 d&rsquo;un joint en caoutchouc pour une \u00e9tanch\u00e9it\u00e9 optimale.<\/p>\n<p><strong>Points de test fixes<\/strong><br \/>\nLe registre \u00e0 iris SPM est \u00e9quip\u00e9 de points de test fixes pour des mesures pr\u00e9cises.<\/p>\n<p>Disponible en diff\u00e9rentes tailles, le SPM est un registre \u00e0 iris efficace et robuste pour la mesure et le r\u00e9glage du d\u00e9bit d&rsquo;air. Il offre une capacit\u00e9 d&rsquo;\u00e9tranglement am\u00e9lior\u00e9e. Le SPM pr\u00e9sente diverses caract\u00e9ristiques, notamment un faible niveau sonore, un d\u00e9bit d&rsquo;air centr\u00e9 et des points de test fixes pour des mesures pr\u00e9cises. L&rsquo;appareil peut \u00eatre utilis\u00e9 pour l&rsquo;alimentation comme pour l&rsquo;extraction d&rsquo;air.<\/p>\n<p>Le registre est fabriqu\u00e9 en t\u00f4le d&rsquo;acier galvanis\u00e9e et \u00e9quip\u00e9 d&rsquo;un joint en caoutchouc dont l&rsquo;\u00e9tanch\u00e9it\u00e9 \u00e0 l&rsquo;air du bo\u00eetier est test\u00e9e en classe C selon la norme EN 1751. Son ouverture r\u00e9glable, combin\u00e9e \u00e0 une bille d&rsquo;\u00e9tanch\u00e9it\u00e9 centrale en caoutchouc, permet de fermer toute la section. Le registre \u00e0 iris SPM est disponible dans les tailles \u00f8 160-400, 300 et 315. Il doit \u00eatre install\u00e9 en respectant les distances requises pour minimiser les variations du flux d&rsquo;air.<\/p>\n<\/div>\n<\/div>\n<\/div>\n<\/div>\n<\/div>\n","protected":false},"excerpt":{"rendered":"<div>\n<p>Registres SPM<br \/>\nRegistre \u00e0 iris avec capacit\u00e9 d&rsquo;\u00e9tranglement am\u00e9lior\u00e9e pour la mesure et le r\u00e9glage du d\u00e9bit d&rsquo;air<\/p>\n<p>Capacit\u00e9 d&rsquo;\u00e9tranglement am\u00e9lior\u00e9e<\/p>\n<p>Faible niveau sonore<\/p>\n<p>Construction en acier galvanis\u00e9<\/p>\n<p>Admission et extraction d&rsquo;air<\/p>\n<\/div>\n<div class=\"flex flex-col gap-200\">\n<div class=\"flex flex-col flex-wrap gap-100 md:flex-row md:items-center gtm-purchase-option\" data-gtm-name=\"size\" data-gtm-label=\"Size\">\n<p><label class=\"flex gap-050 md:w-700 leading-none hyphens-auto print:w-full print:max-w-2\/5 text-label-small\">Size<\/label><\/p>\n<div class=\"flex flex-1 flex-wrap gap-050\"><button class=\"select-btn select-btn-small select-btn-selected gtm-purchase-option-value\" type=\"button\" data-gtm-name=\"160\" data-gtm-label=\"160\">160<\/button><button class=\"select-btn select-btn-small select-btn-default gtm-purchase-option-value\" type=\"button\" data-gtm-name=\"200\" data-gtm-label=\"200\">200<\/button><button class=\"select-btn select-btn-small select-btn-default gtm-purchase-option-value\" type=\"button\" data-gtm-name=\"250\" data-gtm-label=\"250\">250<\/button><button class=\"select-btn select-btn-small select-btn-default gtm-purchase-option-value\" type=\"button\" data-gtm-name=\"300\" data-gtm-label=\"300\">300<\/button><button class=\"select-btn select-btn-small select-btn-default gtm-purchase-option-value\" type=\"button\" data-gtm-name=\"315\" data-gtm-label=\"315\">315<\/button><button class=\"select-btn select-btn-small select-btn-default gtm-purchase-option-value\" type=\"button\" data-gtm-name=\"400\" data-gtm-label=\"400\">400<\/button><\/div>\n<\/div>\n<\/div>\n<div class=\"gtm-sku-info flex flex-col gap-y-050 text-label-tiny text-neutral-600\">\n<div class=\"flex flex-wrap items-baseline gap-x-100 gap-y-025\"><span class=\"gtm-article-name\">SPM-160 Iris damper with bulb<\/span><span class=\"whitespace-nowrap gtm-article-number text-base font-bold\">#6257<\/span><\/div>\n<\/div>\n","protected":false},"featured_media":37273,"template":"","meta":[],"product_brand":[],"product_cat":[1884,1841],"product_tag":[],"class_list":{"0":"post-37278","1":"product","2":"type-product","3":"status-publish","4":"has-post-thumbnail","6":"product_cat-amortisseurs","7":"product_cat-produits-de-distribution-dair","9":"first","10":"instock","11":"shipping-taxable","12":"product-type-simple"},"yoast_head":"<!-- This site is optimized with the Yoast SEO plugin v27.1.1 - https:\/\/yoast.com\/product\/yoast-seo-wordpress\/ -->\n<title>Registres SPM Registre \u00e0 iris avec capacit\u00e9 d&#039;\u00e9tranglement am\u00e9lior\u00e9e pour la mesure et le r\u00e9glage du d\u00e9bit d&#039;air - Climate Master<\/title>\n<meta name=\"robots\" content=\"index, follow, max-snippet:-1, max-image-preview:large, max-video-preview:-1\" \/>\n<link rel=\"canonical\" href=\"https:\/\/climatemaster.ge\/fr\/produit\/spm-dampers-iris-damper-with-enhanced-choking-ability-for-measuring-and-adjusting-airflow\/\" \/>\n<meta property=\"og:locale\" content=\"fr_FR\" \/>\n<meta property=\"og:type\" content=\"article\" \/>\n<meta property=\"og:title\" content=\"Registres SPM Registre \u00e0 iris avec capacit\u00e9 d&#039;\u00e9tranglement am\u00e9lior\u00e9e pour la mesure et le r\u00e9glage du d\u00e9bit d&#039;air - Climate Master\" \/>\n<meta property=\"og:description\" content=\"Registres SPM Registre \u00e0 iris avec capacit\u00e9 d&#039;\u00e9tranglement am\u00e9lior\u00e9e pour la mesure et le r\u00e9glage du d\u00e9bit d&#039;air  Capacit\u00e9 d&#039;\u00e9tranglement am\u00e9lior\u00e9e  Faible niveau sonore  Construction en acier galvanis\u00e9  Admission et extraction d&#039;air      Size 160200250300315400    SPM-160 Iris damper with bulb#6257\" \/>\n<meta property=\"og:url\" content=\"https:\/\/climatemaster.ge\/fr\/produit\/spm-dampers-iris-damper-with-enhanced-choking-ability-for-measuring-and-adjusting-airflow\/\" \/>\n<meta property=\"og:site_name\" content=\"Climate Master\" \/>\n<meta property=\"article:modified_time\" content=\"2025-09-07T17:57:10+00:00\" \/>\n<meta property=\"og:image\" content=\"https:\/\/climatemaster.ge\/wp-content\/uploads\/2025\/09\/PRODUCT-MAIN-IMAGE_SPM.jpg\" \/>\n\t<meta property=\"og:image:width\" content=\"384\" \/>\n\t<meta property=\"og:image:height\" content=\"288\" \/>\n\t<meta property=\"og:image:type\" content=\"image\/jpeg\" \/>\n<meta name=\"twitter:card\" content=\"summary_large_image\" \/>\n<meta name=\"twitter:label1\" content=\"Dur\u00e9e de lecture estim\u00e9e\" \/>\n\t<meta name=\"twitter:data1\" content=\"1 minute\" \/>\n<script type=\"application\/ld+json\" class=\"yoast-schema-graph\">{\"@context\":\"https:\/\/schema.org\",\"@graph\":[{\"@type\":\"WebPage\",\"@id\":\"https:\/\/climatemaster.ge\/fr\/produit\/spm-dampers-iris-damper-with-enhanced-choking-ability-for-measuring-and-adjusting-airflow\/\",\"url\":\"https:\/\/climatemaster.ge\/fr\/produit\/spm-dampers-iris-damper-with-enhanced-choking-ability-for-measuring-and-adjusting-airflow\/\",\"name\":\"Registres SPM Registre \u00e0 iris avec capacit\u00e9 d'\u00e9tranglement am\u00e9lior\u00e9e pour la mesure et le r\u00e9glage du d\u00e9bit d'air - Climate Master\",\"isPartOf\":{\"@id\":\"https:\/\/climatemaster.ge\/#website\"},\"primaryImageOfPage\":{\"@id\":\"https:\/\/climatemaster.ge\/fr\/produit\/spm-dampers-iris-damper-with-enhanced-choking-ability-for-measuring-and-adjusting-airflow\/#primaryimage\"},\"image\":{\"@id\":\"https:\/\/climatemaster.ge\/fr\/produit\/spm-dampers-iris-damper-with-enhanced-choking-ability-for-measuring-and-adjusting-airflow\/#primaryimage\"},\"thumbnailUrl\":\"https:\/\/climatemaster.ge\/wp-content\/uploads\/2025\/09\/PRODUCT-MAIN-IMAGE_SPM.jpg\",\"datePublished\":\"2025-09-07T17:53:21+00:00\",\"dateModified\":\"2025-09-07T17:57:10+00:00\",\"breadcrumb\":{\"@id\":\"https:\/\/climatemaster.ge\/fr\/produit\/spm-dampers-iris-damper-with-enhanced-choking-ability-for-measuring-and-adjusting-airflow\/#breadcrumb\"},\"inLanguage\":\"fr-FR\",\"potentialAction\":[{\"@type\":\"ReadAction\",\"target\":[\"https:\/\/climatemaster.ge\/fr\/produit\/spm-dampers-iris-damper-with-enhanced-choking-ability-for-measuring-and-adjusting-airflow\/\"]}]},{\"@type\":\"ImageObject\",\"inLanguage\":\"fr-FR\",\"@id\":\"https:\/\/climatemaster.ge\/fr\/produit\/spm-dampers-iris-damper-with-enhanced-choking-ability-for-measuring-and-adjusting-airflow\/#primaryimage\",\"url\":\"https:\/\/climatemaster.ge\/wp-content\/uploads\/2025\/09\/PRODUCT-MAIN-IMAGE_SPM.jpg\",\"contentUrl\":\"https:\/\/climatemaster.ge\/wp-content\/uploads\/2025\/09\/PRODUCT-MAIN-IMAGE_SPM.jpg\",\"width\":384,\"height\":288},{\"@type\":\"BreadcrumbList\",\"@id\":\"https:\/\/climatemaster.ge\/fr\/produit\/spm-dampers-iris-damper-with-enhanced-choking-ability-for-measuring-and-adjusting-airflow\/#breadcrumb\",\"itemListElement\":[{\"@type\":\"ListItem\",\"position\":1,\"name\":\"Home\",\"item\":\"https:\/\/climatemaster.ge\/\"},{\"@type\":\"ListItem\",\"position\":2,\"name\":\"Products\",\"item\":\"https:\/\/climatemaster.ge\/products\/\"},{\"@type\":\"ListItem\",\"position\":3,\"name\":\"Registres SPM Registre \u00e0 iris avec capacit\u00e9 d&rsquo;\u00e9tranglement am\u00e9lior\u00e9e pour la mesure et le r\u00e9glage du d\u00e9bit d&rsquo;air\"}]},{\"@type\":\"WebSite\",\"@id\":\"https:\/\/climatemaster.ge\/#website\",\"url\":\"https:\/\/climatemaster.ge\/\",\"name\":\"Climate Master\",\"description\":\"\",\"publisher\":{\"@id\":\"https:\/\/climatemaster.ge\/#organization\"},\"potentialAction\":[{\"@type\":\"SearchAction\",\"target\":{\"@type\":\"EntryPoint\",\"urlTemplate\":\"https:\/\/climatemaster.ge\/?s={search_term_string}\"},\"query-input\":{\"@type\":\"PropertyValueSpecification\",\"valueRequired\":true,\"valueName\":\"search_term_string\"}}],\"inLanguage\":\"fr-FR\"},{\"@type\":\"Organization\",\"@id\":\"https:\/\/climatemaster.ge\/#organization\",\"name\":\"Climate Master\",\"url\":\"https:\/\/climatemaster.ge\/\",\"logo\":{\"@type\":\"ImageObject\",\"inLanguage\":\"fr-FR\",\"@id\":\"https:\/\/climatemaster.ge\/#\/schema\/logo\/image\/\",\"url\":\"https:\/\/climatemaster.ge\/wp-content\/uploads\/2026\/03\/Untitled-2.png\",\"contentUrl\":\"https:\/\/climatemaster.ge\/wp-content\/uploads\/2026\/03\/Untitled-2.png\",\"width\":600,\"height\":338,\"caption\":\"Climate Master\"},\"image\":{\"@id\":\"https:\/\/climatemaster.ge\/#\/schema\/logo\/image\/\"}}]}<\/script>\n<!-- \/ Yoast SEO plugin. -->","yoast_head_json":{"title":"Registres SPM Registre \u00e0 iris avec capacit\u00e9 d'\u00e9tranglement am\u00e9lior\u00e9e pour la mesure et le r\u00e9glage du d\u00e9bit d'air - Climate Master","robots":{"index":"index","follow":"follow","max-snippet":"max-snippet:-1","max-image-preview":"max-image-preview:large","max-video-preview":"max-video-preview:-1"},"canonical":"https:\/\/climatemaster.ge\/fr\/produit\/spm-dampers-iris-damper-with-enhanced-choking-ability-for-measuring-and-adjusting-airflow\/","og_locale":"fr_FR","og_type":"article","og_title":"Registres SPM Registre \u00e0 iris avec capacit\u00e9 d'\u00e9tranglement am\u00e9lior\u00e9e pour la mesure et le r\u00e9glage du d\u00e9bit d'air - Climate Master","og_description":"Registres SPM Registre \u00e0 iris avec capacit\u00e9 d'\u00e9tranglement am\u00e9lior\u00e9e pour la mesure et le r\u00e9glage du d\u00e9bit d'air  Capacit\u00e9 d'\u00e9tranglement am\u00e9lior\u00e9e  Faible niveau sonore  Construction en acier galvanis\u00e9  Admission et extraction d'air      Size 160200250300315400    SPM-160 Iris damper with bulb#6257","og_url":"https:\/\/climatemaster.ge\/fr\/produit\/spm-dampers-iris-damper-with-enhanced-choking-ability-for-measuring-and-adjusting-airflow\/","og_site_name":"Climate Master","article_modified_time":"2025-09-07T17:57:10+00:00","og_image":[{"width":384,"height":288,"url":"https:\/\/climatemaster.ge\/wp-content\/uploads\/2025\/09\/PRODUCT-MAIN-IMAGE_SPM.jpg","type":"image\/jpeg"}],"twitter_card":"summary_large_image","twitter_misc":{"Dur\u00e9e de lecture estim\u00e9e":"1 minute"},"schema":{"@context":"https:\/\/schema.org","@graph":[{"@type":"WebPage","@id":"https:\/\/climatemaster.ge\/fr\/produit\/spm-dampers-iris-damper-with-enhanced-choking-ability-for-measuring-and-adjusting-airflow\/","url":"https:\/\/climatemaster.ge\/fr\/produit\/spm-dampers-iris-damper-with-enhanced-choking-ability-for-measuring-and-adjusting-airflow\/","name":"Registres SPM Registre \u00e0 iris avec capacit\u00e9 d'\u00e9tranglement am\u00e9lior\u00e9e pour la mesure et le r\u00e9glage du d\u00e9bit d'air - Climate Master","isPartOf":{"@id":"https:\/\/climatemaster.ge\/#website"},"primaryImageOfPage":{"@id":"https:\/\/climatemaster.ge\/fr\/produit\/spm-dampers-iris-damper-with-enhanced-choking-ability-for-measuring-and-adjusting-airflow\/#primaryimage"},"image":{"@id":"https:\/\/climatemaster.ge\/fr\/produit\/spm-dampers-iris-damper-with-enhanced-choking-ability-for-measuring-and-adjusting-airflow\/#primaryimage"},"thumbnailUrl":"https:\/\/climatemaster.ge\/wp-content\/uploads\/2025\/09\/PRODUCT-MAIN-IMAGE_SPM.jpg","datePublished":"2025-09-07T17:53:21+00:00","dateModified":"2025-09-07T17:57:10+00:00","breadcrumb":{"@id":"https:\/\/climatemaster.ge\/fr\/produit\/spm-dampers-iris-damper-with-enhanced-choking-ability-for-measuring-and-adjusting-airflow\/#breadcrumb"},"inLanguage":"fr-FR","potentialAction":[{"@type":"ReadAction","target":["https:\/\/climatemaster.ge\/fr\/produit\/spm-dampers-iris-damper-with-enhanced-choking-ability-for-measuring-and-adjusting-airflow\/"]}]},{"@type":"ImageObject","inLanguage":"fr-FR","@id":"https:\/\/climatemaster.ge\/fr\/produit\/spm-dampers-iris-damper-with-enhanced-choking-ability-for-measuring-and-adjusting-airflow\/#primaryimage","url":"https:\/\/climatemaster.ge\/wp-content\/uploads\/2025\/09\/PRODUCT-MAIN-IMAGE_SPM.jpg","contentUrl":"https:\/\/climatemaster.ge\/wp-content\/uploads\/2025\/09\/PRODUCT-MAIN-IMAGE_SPM.jpg","width":384,"height":288},{"@type":"BreadcrumbList","@id":"https:\/\/climatemaster.ge\/fr\/produit\/spm-dampers-iris-damper-with-enhanced-choking-ability-for-measuring-and-adjusting-airflow\/#breadcrumb","itemListElement":[{"@type":"ListItem","position":1,"name":"Home","item":"https:\/\/climatemaster.ge\/"},{"@type":"ListItem","position":2,"name":"Products","item":"https:\/\/climatemaster.ge\/products\/"},{"@type":"ListItem","position":3,"name":"Registres SPM Registre \u00e0 iris avec capacit\u00e9 d&rsquo;\u00e9tranglement am\u00e9lior\u00e9e pour la mesure et le r\u00e9glage du d\u00e9bit d&rsquo;air"}]},{"@type":"WebSite","@id":"https:\/\/climatemaster.ge\/#website","url":"https:\/\/climatemaster.ge\/","name":"Climate Master","description":"","publisher":{"@id":"https:\/\/climatemaster.ge\/#organization"},"potentialAction":[{"@type":"SearchAction","target":{"@type":"EntryPoint","urlTemplate":"https:\/\/climatemaster.ge\/?s={search_term_string}"},"query-input":{"@type":"PropertyValueSpecification","valueRequired":true,"valueName":"search_term_string"}}],"inLanguage":"fr-FR"},{"@type":"Organization","@id":"https:\/\/climatemaster.ge\/#organization","name":"Climate Master","url":"https:\/\/climatemaster.ge\/","logo":{"@type":"ImageObject","inLanguage":"fr-FR","@id":"https:\/\/climatemaster.ge\/#\/schema\/logo\/image\/","url":"https:\/\/climatemaster.ge\/wp-content\/uploads\/2026\/03\/Untitled-2.png","contentUrl":"https:\/\/climatemaster.ge\/wp-content\/uploads\/2026\/03\/Untitled-2.png","width":600,"height":338,"caption":"Climate Master"},"image":{"@id":"https:\/\/climatemaster.ge\/#\/schema\/logo\/image\/"}}]}},"_links":{"self":[{"href":"https:\/\/climatemaster.ge\/fr\/wp-json\/wp\/v2\/product\/37278","targetHints":{"allow":["GET"]}}],"collection":[{"href":"https:\/\/climatemaster.ge\/fr\/wp-json\/wp\/v2\/product"}],"about":[{"href":"https:\/\/climatemaster.ge\/fr\/wp-json\/wp\/v2\/types\/product"}],"wp:featuredmedia":[{"embeddable":true,"href":"https:\/\/climatemaster.ge\/fr\/wp-json\/wp\/v2\/media\/37273"}],"wp:attachment":[{"href":"https:\/\/climatemaster.ge\/fr\/wp-json\/wp\/v2\/media?parent=37278"}],"wp:term":[{"taxonomy":"product_brand","embeddable":true,"href":"https:\/\/climatemaster.ge\/fr\/wp-json\/wp\/v2\/product_brand?post=37278"},{"taxonomy":"product_cat","embeddable":true,"href":"https:\/\/climatemaster.ge\/fr\/wp-json\/wp\/v2\/product_cat?post=37278"},{"taxonomy":"product_tag","embeddable":true,"href":"https:\/\/climatemaster.ge\/fr\/wp-json\/wp\/v2\/product_tag?post=37278"}],"curies":[{"name":"wp","href":"https:\/\/api.w.org\/{rel}","templated":true}]}}