{"id":37207,"date":"2025-09-07T15:47:14","date_gmt":"2025-09-07T11:47:14","guid":{"rendered":"https:\/\/airsystems.ge\/shop\/product\/oden-f-plenum-box-with-advanced-air-adjustment\/"},"modified":"2025-09-07T15:57:09","modified_gmt":"2025-09-07T11:57:09","slug":"oden-f-plenum-box-with-advanced-air-adjustment","status":"publish","type":"product","link":"https:\/\/climatemaster.ge\/fr\/produit\/oden-f-plenum-box-with-advanced-air-adjustment\/","title":{"rendered":"ODEN-F Pl\u00e9num de raccordement avec r\u00e9glage d&rsquo;air avanc\u00e9 Plenum Box"},"content":{"rendered":"<div class=\"mb-400 gtm-product-section container-fluid\" data-gtm-name=\"Benefits\" data-gtm-label=\"Benefits (en)\" data-gtm-vis-first-on-screen53434917_103=\"1992\" data-gtm-vis-total-visible-time53434917_103=\"1500\" data-gtm-vis-has-fired53434917_103=\"1\">\n<div class=\"row\">\n<div class=\"content-element content-element-product-benefit col-12 sm:col-6 mb-400\">\n<div class=\"bg-card px-300 py-250 mobile-nav:px-200 mobile-nav:py-150 h-full flex overflow-hidden card-border\">\n<div class=\"min-w-0\">\n<p><strong>Compatibilit\u00e9 avec les grilles NOVA<\/strong><br \/>\nL&rsquo;ODEN-F est un pl\u00e9num de raccordement con\u00e7u pour le soufflage et la reprise d&rsquo;air. Il est compatible avec les grilles NOVA-A, NOVA-B et NOVA-L.<\/p>\n<p><strong>Construction robuste<\/strong><br \/>\nLe pl\u00e9num ODEN-F est fabriqu\u00e9 en t\u00f4le d&rsquo;acier galvanis\u00e9e et dot\u00e9 d&rsquo;un raccord de conduit circulaire arri\u00e8re ou lat\u00e9ral, avec joint en caoutchouc.<\/p>\n<p><strong>R\u00e9glage simple<\/strong><br \/>\nLe registre se r\u00e8gle de l&rsquo;ext\u00e9rieur du pl\u00e9num gr\u00e2ce \u00e0 un m\u00e9canisme de traction par c\u00e2ble. La mesure et le r\u00e9glage ne n\u00e9cessitent aucun outil de montage suppl\u00e9mentaire.<\/p>\n<p>L&rsquo;ODEN-F est un pl\u00e9num de raccordement con\u00e7u pour le soufflage et la reprise d&rsquo;air. Il est con\u00e7u pour \u00eatre utilis\u00e9 avec les grilles NOVA-A, NOVA-B, NOVA-E et NOVA-L. Il permet de r\u00e9duire la vitesse du flux d&rsquo;air souffl\u00e9 et d&rsquo;optimiser sa r\u00e9partition \u00e0 travers la grille. Il permet \u00e9galement de r\u00e9gler et de mesurer le d\u00e9bit d&rsquo;air.<\/p>\n<p>Le pl\u00e9num ODEN-F est fabriqu\u00e9 en t\u00f4le d&rsquo;acier galvanis\u00e9e et dot\u00e9 d&rsquo;un raccordement de gaine circulaire arri\u00e8re ou lat\u00e9ral avec joint en caoutchouc. Il est \u00e9quip\u00e9 d&rsquo;un registre de r\u00e9glage perfor\u00e9 de forme cylindrique dans le manchon de raccordement. Une sonde de mesure int\u00e9gr\u00e9e au registre permet l&rsquo;alimentation ou l&rsquo;extraction des mesures de d\u00e9bit d&rsquo;air, lisibles \u00e0 l&rsquo;ext\u00e9rieur du pl\u00e9num par des tubes d&rsquo;impulsion de pression.<\/p>\n<\/div>\n<\/div>\n<\/div>\n<\/div>\n<\/div>\n","protected":false},"excerpt":{"rendered":"<p>Pl\u00e9num de raccordement avec r\u00e9glage d&rsquo;air avanc\u00e9<\/p>\n<p>Soufflage et reprise d&rsquo;air<\/p>\n<p>T\u00f4le d&rsquo;acier galvanis\u00e9e<\/p>\n<p>Volet de r\u00e9glage<\/p>\n<p>Robuste<\/p>\n","protected":false},"featured_media":38339,"template":"","meta":[],"product_brand":[],"product_cat":[1860,1850,1841],"product_tag":[],"class_list":{"0":"post-37207","1":"product","2":"type-product","3":"status-publish","4":"has-post-thumbnail","6":"product_cat-accessoires-grilles-de-ventilation","7":"product_cat-grilles-de-ventilation","8":"product_cat-produits-de-distribution-dair","10":"first","11":"instock","12":"shipping-taxable","13":"product-type-simple"},"yoast_head":"<!-- This site is optimized with the Yoast SEO plugin v27.1.1 - https:\/\/yoast.com\/product\/yoast-seo-wordpress\/ -->\n<title>ODEN-F Pl\u00e9num de raccordement avec r\u00e9glage d&#039;air avanc\u00e9 Plenum Box - Climate Master<\/title>\n<meta name=\"robots\" content=\"index, follow, max-snippet:-1, max-image-preview:large, max-video-preview:-1\" \/>\n<link rel=\"canonical\" href=\"https:\/\/climatemaster.ge\/fr\/produit\/oden-f-plenum-box-with-advanced-air-adjustment\/\" \/>\n<meta property=\"og:locale\" content=\"fr_FR\" \/>\n<meta property=\"og:type\" content=\"article\" \/>\n<meta property=\"og:title\" content=\"ODEN-F Pl\u00e9num de raccordement avec r\u00e9glage d&#039;air avanc\u00e9 Plenum Box - Climate Master\" \/>\n<meta property=\"og:description\" content=\"Pl\u00e9num de raccordement avec r\u00e9glage d&#039;air avanc\u00e9  Soufflage et reprise d&#039;air  T\u00f4le d&#039;acier galvanis\u00e9e  Volet de r\u00e9glage  Robuste\" \/>\n<meta property=\"og:url\" content=\"https:\/\/climatemaster.ge\/fr\/produit\/oden-f-plenum-box-with-advanced-air-adjustment\/\" \/>\n<meta property=\"og:site_name\" content=\"Climate Master\" \/>\n<meta property=\"article:modified_time\" content=\"2025-09-07T11:57:09+00:00\" \/>\n<meta property=\"og:image\" content=\"https:\/\/climatemaster.ge\/wp-content\/uploads\/2025\/09\/STORYBLOK_ODEN-F_HQ.jpg\" \/>\n\t<meta property=\"og:image:width\" content=\"384\" \/>\n\t<meta property=\"og:image:height\" content=\"288\" \/>\n\t<meta property=\"og:image:type\" content=\"image\/jpeg\" \/>\n<meta name=\"twitter:card\" content=\"summary_large_image\" \/>\n<meta name=\"twitter:label1\" content=\"Dur\u00e9e de lecture estim\u00e9e\" \/>\n\t<meta name=\"twitter:data1\" content=\"1 minute\" \/>\n<script type=\"application\/ld+json\" class=\"yoast-schema-graph\">{\"@context\":\"https:\/\/schema.org\",\"@graph\":[{\"@type\":\"WebPage\",\"@id\":\"https:\/\/climatemaster.ge\/fr\/produit\/oden-f-plenum-box-with-advanced-air-adjustment\/\",\"url\":\"https:\/\/climatemaster.ge\/fr\/produit\/oden-f-plenum-box-with-advanced-air-adjustment\/\",\"name\":\"ODEN-F Pl\u00e9num de raccordement avec r\u00e9glage d'air avanc\u00e9 Plenum Box - Climate Master\",\"isPartOf\":{\"@id\":\"https:\/\/climatemaster.ge\/#website\"},\"primaryImageOfPage\":{\"@id\":\"https:\/\/climatemaster.ge\/fr\/produit\/oden-f-plenum-box-with-advanced-air-adjustment\/#primaryimage\"},\"image\":{\"@id\":\"https:\/\/climatemaster.ge\/fr\/produit\/oden-f-plenum-box-with-advanced-air-adjustment\/#primaryimage\"},\"thumbnailUrl\":\"https:\/\/climatemaster.ge\/wp-content\/uploads\/2025\/09\/STORYBLOK_ODEN-F_HQ.jpg\",\"datePublished\":\"2025-09-07T11:47:14+00:00\",\"dateModified\":\"2025-09-07T11:57:09+00:00\",\"breadcrumb\":{\"@id\":\"https:\/\/climatemaster.ge\/fr\/produit\/oden-f-plenum-box-with-advanced-air-adjustment\/#breadcrumb\"},\"inLanguage\":\"fr-FR\",\"potentialAction\":[{\"@type\":\"ReadAction\",\"target\":[\"https:\/\/climatemaster.ge\/fr\/produit\/oden-f-plenum-box-with-advanced-air-adjustment\/\"]}]},{\"@type\":\"ImageObject\",\"inLanguage\":\"fr-FR\",\"@id\":\"https:\/\/climatemaster.ge\/fr\/produit\/oden-f-plenum-box-with-advanced-air-adjustment\/#primaryimage\",\"url\":\"https:\/\/climatemaster.ge\/wp-content\/uploads\/2025\/09\/STORYBLOK_ODEN-F_HQ.jpg\",\"contentUrl\":\"https:\/\/climatemaster.ge\/wp-content\/uploads\/2025\/09\/STORYBLOK_ODEN-F_HQ.jpg\",\"width\":384,\"height\":288},{\"@type\":\"BreadcrumbList\",\"@id\":\"https:\/\/climatemaster.ge\/fr\/produit\/oden-f-plenum-box-with-advanced-air-adjustment\/#breadcrumb\",\"itemListElement\":[{\"@type\":\"ListItem\",\"position\":1,\"name\":\"Home\",\"item\":\"https:\/\/climatemaster.ge\/\"},{\"@type\":\"ListItem\",\"position\":2,\"name\":\"Products\",\"item\":\"https:\/\/climatemaster.ge\/products\/\"},{\"@type\":\"ListItem\",\"position\":3,\"name\":\"ODEN-F Pl\u00e9num de raccordement avec r\u00e9glage d&rsquo;air avanc\u00e9 Plenum Box\"}]},{\"@type\":\"WebSite\",\"@id\":\"https:\/\/climatemaster.ge\/#website\",\"url\":\"https:\/\/climatemaster.ge\/\",\"name\":\"Climate Master\",\"description\":\"\",\"publisher\":{\"@id\":\"https:\/\/climatemaster.ge\/#organization\"},\"potentialAction\":[{\"@type\":\"SearchAction\",\"target\":{\"@type\":\"EntryPoint\",\"urlTemplate\":\"https:\/\/climatemaster.ge\/?s={search_term_string}\"},\"query-input\":{\"@type\":\"PropertyValueSpecification\",\"valueRequired\":true,\"valueName\":\"search_term_string\"}}],\"inLanguage\":\"fr-FR\"},{\"@type\":\"Organization\",\"@id\":\"https:\/\/climatemaster.ge\/#organization\",\"name\":\"Climate Master\",\"url\":\"https:\/\/climatemaster.ge\/\",\"logo\":{\"@type\":\"ImageObject\",\"inLanguage\":\"fr-FR\",\"@id\":\"https:\/\/climatemaster.ge\/#\/schema\/logo\/image\/\",\"url\":\"https:\/\/climatemaster.ge\/wp-content\/uploads\/2026\/03\/Untitled-2.png\",\"contentUrl\":\"https:\/\/climatemaster.ge\/wp-content\/uploads\/2026\/03\/Untitled-2.png\",\"width\":600,\"height\":338,\"caption\":\"Climate Master\"},\"image\":{\"@id\":\"https:\/\/climatemaster.ge\/#\/schema\/logo\/image\/\"}}]}<\/script>\n<!-- \/ Yoast SEO plugin. -->","yoast_head_json":{"title":"ODEN-F Pl\u00e9num de raccordement avec r\u00e9glage d'air avanc\u00e9 Plenum Box - Climate Master","robots":{"index":"index","follow":"follow","max-snippet":"max-snippet:-1","max-image-preview":"max-image-preview:large","max-video-preview":"max-video-preview:-1"},"canonical":"https:\/\/climatemaster.ge\/fr\/produit\/oden-f-plenum-box-with-advanced-air-adjustment\/","og_locale":"fr_FR","og_type":"article","og_title":"ODEN-F Pl\u00e9num de raccordement avec r\u00e9glage d'air avanc\u00e9 Plenum Box - Climate Master","og_description":"Pl\u00e9num de raccordement avec r\u00e9glage d'air avanc\u00e9  Soufflage et reprise d'air  T\u00f4le d'acier galvanis\u00e9e  Volet de r\u00e9glage  Robuste","og_url":"https:\/\/climatemaster.ge\/fr\/produit\/oden-f-plenum-box-with-advanced-air-adjustment\/","og_site_name":"Climate Master","article_modified_time":"2025-09-07T11:57:09+00:00","og_image":[{"width":384,"height":288,"url":"https:\/\/climatemaster.ge\/wp-content\/uploads\/2025\/09\/STORYBLOK_ODEN-F_HQ.jpg","type":"image\/jpeg"}],"twitter_card":"summary_large_image","twitter_misc":{"Dur\u00e9e de lecture estim\u00e9e":"1 minute"},"schema":{"@context":"https:\/\/schema.org","@graph":[{"@type":"WebPage","@id":"https:\/\/climatemaster.ge\/fr\/produit\/oden-f-plenum-box-with-advanced-air-adjustment\/","url":"https:\/\/climatemaster.ge\/fr\/produit\/oden-f-plenum-box-with-advanced-air-adjustment\/","name":"ODEN-F Pl\u00e9num de raccordement avec r\u00e9glage d'air avanc\u00e9 Plenum Box - Climate Master","isPartOf":{"@id":"https:\/\/climatemaster.ge\/#website"},"primaryImageOfPage":{"@id":"https:\/\/climatemaster.ge\/fr\/produit\/oden-f-plenum-box-with-advanced-air-adjustment\/#primaryimage"},"image":{"@id":"https:\/\/climatemaster.ge\/fr\/produit\/oden-f-plenum-box-with-advanced-air-adjustment\/#primaryimage"},"thumbnailUrl":"https:\/\/climatemaster.ge\/wp-content\/uploads\/2025\/09\/STORYBLOK_ODEN-F_HQ.jpg","datePublished":"2025-09-07T11:47:14+00:00","dateModified":"2025-09-07T11:57:09+00:00","breadcrumb":{"@id":"https:\/\/climatemaster.ge\/fr\/produit\/oden-f-plenum-box-with-advanced-air-adjustment\/#breadcrumb"},"inLanguage":"fr-FR","potentialAction":[{"@type":"ReadAction","target":["https:\/\/climatemaster.ge\/fr\/produit\/oden-f-plenum-box-with-advanced-air-adjustment\/"]}]},{"@type":"ImageObject","inLanguage":"fr-FR","@id":"https:\/\/climatemaster.ge\/fr\/produit\/oden-f-plenum-box-with-advanced-air-adjustment\/#primaryimage","url":"https:\/\/climatemaster.ge\/wp-content\/uploads\/2025\/09\/STORYBLOK_ODEN-F_HQ.jpg","contentUrl":"https:\/\/climatemaster.ge\/wp-content\/uploads\/2025\/09\/STORYBLOK_ODEN-F_HQ.jpg","width":384,"height":288},{"@type":"BreadcrumbList","@id":"https:\/\/climatemaster.ge\/fr\/produit\/oden-f-plenum-box-with-advanced-air-adjustment\/#breadcrumb","itemListElement":[{"@type":"ListItem","position":1,"name":"Home","item":"https:\/\/climatemaster.ge\/"},{"@type":"ListItem","position":2,"name":"Products","item":"https:\/\/climatemaster.ge\/products\/"},{"@type":"ListItem","position":3,"name":"ODEN-F Pl\u00e9num de raccordement avec r\u00e9glage d&rsquo;air avanc\u00e9 Plenum Box"}]},{"@type":"WebSite","@id":"https:\/\/climatemaster.ge\/#website","url":"https:\/\/climatemaster.ge\/","name":"Climate Master","description":"","publisher":{"@id":"https:\/\/climatemaster.ge\/#organization"},"potentialAction":[{"@type":"SearchAction","target":{"@type":"EntryPoint","urlTemplate":"https:\/\/climatemaster.ge\/?s={search_term_string}"},"query-input":{"@type":"PropertyValueSpecification","valueRequired":true,"valueName":"search_term_string"}}],"inLanguage":"fr-FR"},{"@type":"Organization","@id":"https:\/\/climatemaster.ge\/#organization","name":"Climate Master","url":"https:\/\/climatemaster.ge\/","logo":{"@type":"ImageObject","inLanguage":"fr-FR","@id":"https:\/\/climatemaster.ge\/#\/schema\/logo\/image\/","url":"https:\/\/climatemaster.ge\/wp-content\/uploads\/2026\/03\/Untitled-2.png","contentUrl":"https:\/\/climatemaster.ge\/wp-content\/uploads\/2026\/03\/Untitled-2.png","width":600,"height":338,"caption":"Climate Master"},"image":{"@id":"https:\/\/climatemaster.ge\/#\/schema\/logo\/image\/"}}]}},"_links":{"self":[{"href":"https:\/\/climatemaster.ge\/fr\/wp-json\/wp\/v2\/product\/37207","targetHints":{"allow":["GET"]}}],"collection":[{"href":"https:\/\/climatemaster.ge\/fr\/wp-json\/wp\/v2\/product"}],"about":[{"href":"https:\/\/climatemaster.ge\/fr\/wp-json\/wp\/v2\/types\/product"}],"wp:featuredmedia":[{"embeddable":true,"href":"https:\/\/climatemaster.ge\/fr\/wp-json\/wp\/v2\/media\/38339"}],"wp:attachment":[{"href":"https:\/\/climatemaster.ge\/fr\/wp-json\/wp\/v2\/media?parent=37207"}],"wp:term":[{"taxonomy":"product_brand","embeddable":true,"href":"https:\/\/climatemaster.ge\/fr\/wp-json\/wp\/v2\/product_brand?post=37207"},{"taxonomy":"product_cat","embeddable":true,"href":"https:\/\/climatemaster.ge\/fr\/wp-json\/wp\/v2\/product_cat?post=37207"},{"taxonomy":"product_tag","embeddable":true,"href":"https:\/\/climatemaster.ge\/fr\/wp-json\/wp\/v2\/product_tag?post=37207"}],"curies":[{"name":"wp","href":"https:\/\/api.w.org\/{rel}","templated":true}]}}