{"id":37119,"date":"2025-09-07T14:30:15","date_gmt":"2025-09-07T10:30:15","guid":{"rendered":"https:\/\/airsystems.ge\/shop\/product\/nova-b-grilles-adjustable-air-diffusion-grille-for-supply-or-extract-air-ideal-for-commercial-and-industrial-premises\/"},"modified":"2025-09-07T14:38:23","modified_gmt":"2025-09-07T10:38:23","slug":"nova-b-grilles-adjustable-air-diffusion-grille-for-supply-or-extract-air-ideal-for-commercial-and-industrial-premises","status":"publish","type":"product","link":"https:\/\/climatemaster.ge\/fr\/produit\/nova-b-grilles-adjustable-air-diffusion-grille-for-supply-or-extract-air-ideal-for-commercial-and-industrial-premises\/","title":{"rendered":"Grilles NOVA-B Grille de diffusion d&rsquo;air r\u00e9glable, pour le soufflage ou l&rsquo;extraction d&rsquo;air. Id\u00e9ale pour les locaux commerciaux et industriels."},"content":{"rendered":"<div class=\"mb-400 gtm-product-section container-fluid\" data-gtm-name=\"Benefits\" data-gtm-label=\"Benefits (en)\" data-gtm-vis-first-on-screen53434917_103=\"212066\" data-gtm-vis-total-visible-time53434917_103=\"1500\" data-gtm-vis-has-fired53434917_103=\"1\">\n<div class=\"row\">\n<div class=\"content-element content-element-product-benefit col-12 sm:col-6 mb-400\">\n<div class=\"bg-card px-300 py-250 mobile-nav:px-200 mobile-nav:py-150 h-full flex overflow-hidden card-border\">\n<div class=\"min-w-0\">\n<p><strong>Acier galvanis\u00e9<\/strong><br \/>\nLa grille de diffusion d&rsquo;air NOVA-B est con\u00e7ue pour une installation dans les locaux commerciaux et industriels. Elle permet des \u00e9changes d&rsquo;air plus importants gr\u00e2ce \u00e0 ses d\u00e9flecteurs r\u00e9glables.<\/p>\n<p><strong>Diffusion d&rsquo;air r\u00e9glable<\/strong><br \/>\nLa grille NOVA-B est fabriqu\u00e9e \u00e0 partir d&rsquo;un cadre et de d\u00e9flecteurs en t\u00f4le d&rsquo;acier lamin\u00e9e galvanis\u00e9e. Sa construction robuste et flexible est assur\u00e9e par ses d\u00e9flecteurs r\u00e9glables mont\u00e9s sur roulements pour un mouvement fluide et un r\u00e9glage du d\u00e9bit d&rsquo;air optimal.<\/p>\n<p><strong>Design esth\u00e9tique<\/strong><br \/>\nLa conception de la grille de diffusion NOVA-B la rend id\u00e9ale pour une utilisation dans les locaux o\u00f9 l&rsquo;esth\u00e9tique est primordiale.<\/p>\n<p>La grille de diffusion d&rsquo;air r\u00e9glable NOVA-B est con\u00e7ue pour le soufflage ou l&rsquo;extraction d&rsquo;air dans les locaux commerciaux et industriels. Disponible en diff\u00e9rentes tailles, la grille de soufflage ou de reprise s&rsquo;installe g\u00e9n\u00e9ralement dans des conduits rectangulaires, mais peut \u00e9galement \u00eatre install\u00e9e directement sur les murs. Sa finition standard est en t\u00f4le d&rsquo;acier galvanis\u00e9e (aspect proche du RAL9006), mais une finition peinte aux couleurs RAL est disponible sur demande.<\/p>\n<p>Les grilles NOVA-B sont disponibles en simple ou double d\u00e9flexion de s\u00e9rie. Les grilles \u00e0 double d\u00e9flexion sont \u00e9quip\u00e9es de d\u00e9flecteurs \u00e0 r\u00e9glage perpendiculaire.<\/p>\n<p>Le r\u00e9glage de la position du d\u00e9flecteur d\u00e9termine le flux d&rsquo;air. La grille permet de diriger l&rsquo;air \u00e0 l&rsquo;horizontale ou \u00e0 la verticale gr\u00e2ce \u00e0 des ailettes r\u00e9glables.<\/p>\n<p>Pour une distribution d&rsquo;air \u00e9quilibr\u00e9e sur toute la grille, il est recommand\u00e9 d&rsquo;utiliser le registre R1-NOVA ou un pl\u00e9num de raccordement.<\/p>\n<p>Une gamme d&rsquo;accessoires est disponible, notamment le registre R1-NOVA et le cadre de montage UR-NOVA.<\/p>\n<p>Les grilles NOVA-B peuvent \u00eatre livr\u00e9es avec une finition de surface peinte par poudrage (RAL 9003 &#8211; blanc de s\u00e9curit\u00e9)\u00a0; d&rsquo;autres teintes RAL sont disponibles sur demande.<\/p>\n<p>Une version en acier inoxydable est disponible sur demande.<\/p>\n<p><strong>Votre commande, votre style\u00a0!<\/strong><br \/>\nNotre produit est personnalisable selon vos pr\u00e9f\u00e9rences, vous permettant de le commander avec n&rsquo;importe quelle finition RAL pour une harmonie parfaite avec votre vision esth\u00e9tique.<\/p>\n<\/div>\n<\/div>\n<\/div>\n<\/div>\n<\/div>\n","protected":false},"excerpt":{"rendered":"<p>Grille de diffusion d&rsquo;air r\u00e9glable, pour le soufflage ou l&rsquo;extraction d&rsquo;air. Id\u00e9ale pour les locaux commerciaux et industriels.<\/p>\n<p>R\u00e9glable<\/p>\n<p>Grande surface libre<\/p>\n<p>Faible perte de charge et faible niveau sonore<\/p>\n<p>Robuste<\/p>\n<p>Utilisation commerciale et industrielle<\/p>\n<p>T\u00f4le d&rsquo;acier lamin\u00e9e<\/p>\n","protected":false},"featured_media":37090,"template":"","meta":[],"product_brand":[],"product_cat":[1850,1854,1841],"product_tag":[],"class_list":{"0":"post-37119","1":"product","2":"type-product","3":"status-publish","4":"has-post-thumbnail","6":"product_cat-grilles-de-ventilation","7":"product_cat-grilles-nova","8":"product_cat-produits-de-distribution-dair","10":"first","11":"instock","12":"shipping-taxable","13":"product-type-simple"},"yoast_head":"<!-- This site is optimized with the Yoast SEO plugin v27.1.1 - https:\/\/yoast.com\/product\/yoast-seo-wordpress\/ -->\n<title>Grilles NOVA-B Grille de diffusion d&#039;air r\u00e9glable, pour le soufflage ou l&#039;extraction d&#039;air. Id\u00e9ale pour les locaux commerciaux et industriels. - Climate Master<\/title>\n<meta name=\"robots\" content=\"index, follow, max-snippet:-1, max-image-preview:large, max-video-preview:-1\" \/>\n<link rel=\"canonical\" href=\"https:\/\/climatemaster.ge\/fr\/produit\/nova-b-grilles-adjustable-air-diffusion-grille-for-supply-or-extract-air-ideal-for-commercial-and-industrial-premises\/\" \/>\n<meta property=\"og:locale\" content=\"fr_FR\" \/>\n<meta property=\"og:type\" content=\"article\" \/>\n<meta property=\"og:title\" content=\"Grilles NOVA-B Grille de diffusion d&#039;air r\u00e9glable, pour le soufflage ou l&#039;extraction d&#039;air. Id\u00e9ale pour les locaux commerciaux et industriels. - Climate Master\" \/>\n<meta property=\"og:description\" content=\"Grille de diffusion d&#039;air r\u00e9glable, pour le soufflage ou l&#039;extraction d&#039;air. Id\u00e9ale pour les locaux commerciaux et industriels.  R\u00e9glable  Grande surface libre  Faible perte de charge et faible niveau sonore  Robuste  Utilisation commerciale et industrielle  T\u00f4le d&#039;acier lamin\u00e9e\" \/>\n<meta property=\"og:url\" content=\"https:\/\/climatemaster.ge\/fr\/produit\/nova-b-grilles-adjustable-air-diffusion-grille-for-supply-or-extract-air-ideal-for-commercial-and-industrial-premises\/\" \/>\n<meta property=\"og:site_name\" content=\"Climate Master\" \/>\n<meta property=\"article:modified_time\" content=\"2025-09-07T10:38:23+00:00\" \/>\n<meta property=\"og:image\" content=\"https:\/\/climatemaster.ge\/wp-content\/uploads\/2025\/09\/filters_quality80-1-6.webp\" \/>\n\t<meta property=\"og:image:width\" content=\"384\" \/>\n\t<meta property=\"og:image:height\" content=\"271\" \/>\n\t<meta property=\"og:image:type\" content=\"image\/webp\" \/>\n<meta name=\"twitter:card\" content=\"summary_large_image\" \/>\n<meta name=\"twitter:label1\" content=\"Dur\u00e9e de lecture estim\u00e9e\" \/>\n\t<meta name=\"twitter:data1\" content=\"2 minutes\" \/>\n<script type=\"application\/ld+json\" class=\"yoast-schema-graph\">{\"@context\":\"https:\/\/schema.org\",\"@graph\":[{\"@type\":\"WebPage\",\"@id\":\"https:\/\/climatemaster.ge\/fr\/produit\/nova-b-grilles-adjustable-air-diffusion-grille-for-supply-or-extract-air-ideal-for-commercial-and-industrial-premises\/\",\"url\":\"https:\/\/climatemaster.ge\/fr\/produit\/nova-b-grilles-adjustable-air-diffusion-grille-for-supply-or-extract-air-ideal-for-commercial-and-industrial-premises\/\",\"name\":\"Grilles NOVA-B Grille de diffusion d'air r\u00e9glable, pour le soufflage ou l'extraction d'air. Id\u00e9ale pour les locaux commerciaux et industriels. - Climate Master\",\"isPartOf\":{\"@id\":\"https:\/\/climatemaster.ge\/#website\"},\"primaryImageOfPage\":{\"@id\":\"https:\/\/climatemaster.ge\/fr\/produit\/nova-b-grilles-adjustable-air-diffusion-grille-for-supply-or-extract-air-ideal-for-commercial-and-industrial-premises\/#primaryimage\"},\"image\":{\"@id\":\"https:\/\/climatemaster.ge\/fr\/produit\/nova-b-grilles-adjustable-air-diffusion-grille-for-supply-or-extract-air-ideal-for-commercial-and-industrial-premises\/#primaryimage\"},\"thumbnailUrl\":\"https:\/\/climatemaster.ge\/wp-content\/uploads\/2025\/09\/filters_quality80-1-6.webp\",\"datePublished\":\"2025-09-07T10:30:15+00:00\",\"dateModified\":\"2025-09-07T10:38:23+00:00\",\"breadcrumb\":{\"@id\":\"https:\/\/climatemaster.ge\/fr\/produit\/nova-b-grilles-adjustable-air-diffusion-grille-for-supply-or-extract-air-ideal-for-commercial-and-industrial-premises\/#breadcrumb\"},\"inLanguage\":\"fr-FR\",\"potentialAction\":[{\"@type\":\"ReadAction\",\"target\":[\"https:\/\/climatemaster.ge\/fr\/produit\/nova-b-grilles-adjustable-air-diffusion-grille-for-supply-or-extract-air-ideal-for-commercial-and-industrial-premises\/\"]}]},{\"@type\":\"ImageObject\",\"inLanguage\":\"fr-FR\",\"@id\":\"https:\/\/climatemaster.ge\/fr\/produit\/nova-b-grilles-adjustable-air-diffusion-grille-for-supply-or-extract-air-ideal-for-commercial-and-industrial-premises\/#primaryimage\",\"url\":\"https:\/\/climatemaster.ge\/wp-content\/uploads\/2025\/09\/filters_quality80-1-6.webp\",\"contentUrl\":\"https:\/\/climatemaster.ge\/wp-content\/uploads\/2025\/09\/filters_quality80-1-6.webp\",\"width\":384,\"height\":271},{\"@type\":\"BreadcrumbList\",\"@id\":\"https:\/\/climatemaster.ge\/fr\/produit\/nova-b-grilles-adjustable-air-diffusion-grille-for-supply-or-extract-air-ideal-for-commercial-and-industrial-premises\/#breadcrumb\",\"itemListElement\":[{\"@type\":\"ListItem\",\"position\":1,\"name\":\"Home\",\"item\":\"https:\/\/climatemaster.ge\/\"},{\"@type\":\"ListItem\",\"position\":2,\"name\":\"Products\",\"item\":\"https:\/\/climatemaster.ge\/products\/\"},{\"@type\":\"ListItem\",\"position\":3,\"name\":\"Grilles NOVA-B Grille de diffusion d&rsquo;air r\u00e9glable, pour le soufflage ou l&rsquo;extraction d&rsquo;air. Id\u00e9ale pour les locaux commerciaux et industriels.\"}]},{\"@type\":\"WebSite\",\"@id\":\"https:\/\/climatemaster.ge\/#website\",\"url\":\"https:\/\/climatemaster.ge\/\",\"name\":\"Climate Master\",\"description\":\"\",\"publisher\":{\"@id\":\"https:\/\/climatemaster.ge\/#organization\"},\"potentialAction\":[{\"@type\":\"SearchAction\",\"target\":{\"@type\":\"EntryPoint\",\"urlTemplate\":\"https:\/\/climatemaster.ge\/?s={search_term_string}\"},\"query-input\":{\"@type\":\"PropertyValueSpecification\",\"valueRequired\":true,\"valueName\":\"search_term_string\"}}],\"inLanguage\":\"fr-FR\"},{\"@type\":\"Organization\",\"@id\":\"https:\/\/climatemaster.ge\/#organization\",\"name\":\"Climate Master\",\"url\":\"https:\/\/climatemaster.ge\/\",\"logo\":{\"@type\":\"ImageObject\",\"inLanguage\":\"fr-FR\",\"@id\":\"https:\/\/climatemaster.ge\/#\/schema\/logo\/image\/\",\"url\":\"https:\/\/climatemaster.ge\/wp-content\/uploads\/2026\/03\/Untitled-2.png\",\"contentUrl\":\"https:\/\/climatemaster.ge\/wp-content\/uploads\/2026\/03\/Untitled-2.png\",\"width\":600,\"height\":338,\"caption\":\"Climate Master\"},\"image\":{\"@id\":\"https:\/\/climatemaster.ge\/#\/schema\/logo\/image\/\"}}]}<\/script>\n<!-- \/ Yoast SEO plugin. -->","yoast_head_json":{"title":"Grilles NOVA-B Grille de diffusion d'air r\u00e9glable, pour le soufflage ou l'extraction d'air. Id\u00e9ale pour les locaux commerciaux et industriels. - Climate Master","robots":{"index":"index","follow":"follow","max-snippet":"max-snippet:-1","max-image-preview":"max-image-preview:large","max-video-preview":"max-video-preview:-1"},"canonical":"https:\/\/climatemaster.ge\/fr\/produit\/nova-b-grilles-adjustable-air-diffusion-grille-for-supply-or-extract-air-ideal-for-commercial-and-industrial-premises\/","og_locale":"fr_FR","og_type":"article","og_title":"Grilles NOVA-B Grille de diffusion d'air r\u00e9glable, pour le soufflage ou l'extraction d'air. Id\u00e9ale pour les locaux commerciaux et industriels. - Climate Master","og_description":"Grille de diffusion d'air r\u00e9glable, pour le soufflage ou l'extraction d'air. Id\u00e9ale pour les locaux commerciaux et industriels.  R\u00e9glable  Grande surface libre  Faible perte de charge et faible niveau sonore  Robuste  Utilisation commerciale et industrielle  T\u00f4le d'acier lamin\u00e9e","og_url":"https:\/\/climatemaster.ge\/fr\/produit\/nova-b-grilles-adjustable-air-diffusion-grille-for-supply-or-extract-air-ideal-for-commercial-and-industrial-premises\/","og_site_name":"Climate Master","article_modified_time":"2025-09-07T10:38:23+00:00","og_image":[{"width":384,"height":271,"url":"https:\/\/climatemaster.ge\/wp-content\/uploads\/2025\/09\/filters_quality80-1-6.webp","type":"image\/webp"}],"twitter_card":"summary_large_image","twitter_misc":{"Dur\u00e9e de lecture estim\u00e9e":"2 minutes"},"schema":{"@context":"https:\/\/schema.org","@graph":[{"@type":"WebPage","@id":"https:\/\/climatemaster.ge\/fr\/produit\/nova-b-grilles-adjustable-air-diffusion-grille-for-supply-or-extract-air-ideal-for-commercial-and-industrial-premises\/","url":"https:\/\/climatemaster.ge\/fr\/produit\/nova-b-grilles-adjustable-air-diffusion-grille-for-supply-or-extract-air-ideal-for-commercial-and-industrial-premises\/","name":"Grilles NOVA-B Grille de diffusion d'air r\u00e9glable, pour le soufflage ou l'extraction d'air. Id\u00e9ale pour les locaux commerciaux et industriels. - Climate Master","isPartOf":{"@id":"https:\/\/climatemaster.ge\/#website"},"primaryImageOfPage":{"@id":"https:\/\/climatemaster.ge\/fr\/produit\/nova-b-grilles-adjustable-air-diffusion-grille-for-supply-or-extract-air-ideal-for-commercial-and-industrial-premises\/#primaryimage"},"image":{"@id":"https:\/\/climatemaster.ge\/fr\/produit\/nova-b-grilles-adjustable-air-diffusion-grille-for-supply-or-extract-air-ideal-for-commercial-and-industrial-premises\/#primaryimage"},"thumbnailUrl":"https:\/\/climatemaster.ge\/wp-content\/uploads\/2025\/09\/filters_quality80-1-6.webp","datePublished":"2025-09-07T10:30:15+00:00","dateModified":"2025-09-07T10:38:23+00:00","breadcrumb":{"@id":"https:\/\/climatemaster.ge\/fr\/produit\/nova-b-grilles-adjustable-air-diffusion-grille-for-supply-or-extract-air-ideal-for-commercial-and-industrial-premises\/#breadcrumb"},"inLanguage":"fr-FR","potentialAction":[{"@type":"ReadAction","target":["https:\/\/climatemaster.ge\/fr\/produit\/nova-b-grilles-adjustable-air-diffusion-grille-for-supply-or-extract-air-ideal-for-commercial-and-industrial-premises\/"]}]},{"@type":"ImageObject","inLanguage":"fr-FR","@id":"https:\/\/climatemaster.ge\/fr\/produit\/nova-b-grilles-adjustable-air-diffusion-grille-for-supply-or-extract-air-ideal-for-commercial-and-industrial-premises\/#primaryimage","url":"https:\/\/climatemaster.ge\/wp-content\/uploads\/2025\/09\/filters_quality80-1-6.webp","contentUrl":"https:\/\/climatemaster.ge\/wp-content\/uploads\/2025\/09\/filters_quality80-1-6.webp","width":384,"height":271},{"@type":"BreadcrumbList","@id":"https:\/\/climatemaster.ge\/fr\/produit\/nova-b-grilles-adjustable-air-diffusion-grille-for-supply-or-extract-air-ideal-for-commercial-and-industrial-premises\/#breadcrumb","itemListElement":[{"@type":"ListItem","position":1,"name":"Home","item":"https:\/\/climatemaster.ge\/"},{"@type":"ListItem","position":2,"name":"Products","item":"https:\/\/climatemaster.ge\/products\/"},{"@type":"ListItem","position":3,"name":"Grilles NOVA-B Grille de diffusion d&rsquo;air r\u00e9glable, pour le soufflage ou l&rsquo;extraction d&rsquo;air. Id\u00e9ale pour les locaux commerciaux et industriels."}]},{"@type":"WebSite","@id":"https:\/\/climatemaster.ge\/#website","url":"https:\/\/climatemaster.ge\/","name":"Climate Master","description":"","publisher":{"@id":"https:\/\/climatemaster.ge\/#organization"},"potentialAction":[{"@type":"SearchAction","target":{"@type":"EntryPoint","urlTemplate":"https:\/\/climatemaster.ge\/?s={search_term_string}"},"query-input":{"@type":"PropertyValueSpecification","valueRequired":true,"valueName":"search_term_string"}}],"inLanguage":"fr-FR"},{"@type":"Organization","@id":"https:\/\/climatemaster.ge\/#organization","name":"Climate Master","url":"https:\/\/climatemaster.ge\/","logo":{"@type":"ImageObject","inLanguage":"fr-FR","@id":"https:\/\/climatemaster.ge\/#\/schema\/logo\/image\/","url":"https:\/\/climatemaster.ge\/wp-content\/uploads\/2026\/03\/Untitled-2.png","contentUrl":"https:\/\/climatemaster.ge\/wp-content\/uploads\/2026\/03\/Untitled-2.png","width":600,"height":338,"caption":"Climate Master"},"image":{"@id":"https:\/\/climatemaster.ge\/#\/schema\/logo\/image\/"}}]}},"_links":{"self":[{"href":"https:\/\/climatemaster.ge\/fr\/wp-json\/wp\/v2\/product\/37119","targetHints":{"allow":["GET"]}}],"collection":[{"href":"https:\/\/climatemaster.ge\/fr\/wp-json\/wp\/v2\/product"}],"about":[{"href":"https:\/\/climatemaster.ge\/fr\/wp-json\/wp\/v2\/types\/product"}],"wp:featuredmedia":[{"embeddable":true,"href":"https:\/\/climatemaster.ge\/fr\/wp-json\/wp\/v2\/media\/37090"}],"wp:attachment":[{"href":"https:\/\/climatemaster.ge\/fr\/wp-json\/wp\/v2\/media?parent=37119"}],"wp:term":[{"taxonomy":"product_brand","embeddable":true,"href":"https:\/\/climatemaster.ge\/fr\/wp-json\/wp\/v2\/product_brand?post=37119"},{"taxonomy":"product_cat","embeddable":true,"href":"https:\/\/climatemaster.ge\/fr\/wp-json\/wp\/v2\/product_cat?post=37119"},{"taxonomy":"product_tag","embeddable":true,"href":"https:\/\/climatemaster.ge\/fr\/wp-json\/wp\/v2\/product_tag?post=37119"}],"curies":[{"name":"wp","href":"https:\/\/api.w.org\/{rel}","templated":true}]}}