{"id":37063,"date":"2025-09-07T14:05:54","date_gmt":"2025-09-07T10:05:54","guid":{"rendered":"https:\/\/airsystems.ge\/shop\/product\/37042\/"},"modified":"2025-09-07T14:10:04","modified_gmt":"2025-09-07T10:10:04","slug":"37042","status":"publish","type":"product","link":"https:\/\/climatemaster.ge\/fr\/produit\/37042\/","title":{"rendered":"Grilles NOVA-EF Grille d&rsquo;extraction d&rsquo;air en aluminium avec filtre, adapt\u00e9e aux installations murales ou au plafond."},"content":{"rendered":"<div class=\"mb-400 gtm-product-section container-fluid\" data-gtm-name=\"Benefits\" data-gtm-label=\"Benefits (en)\" data-gtm-vis-first-on-screen53434917_103=\"47566\" data-gtm-vis-total-visible-time53434917_103=\"1500\" data-gtm-vis-has-fired53434917_103=\"1\">\n<div class=\"row\">\n<div class=\"content-element content-element-product-benefit col-12 sm:col-6 mb-400\">\n<div class=\"bg-card px-300 py-250 mobile-nav:px-200 mobile-nav:py-150 h-full flex overflow-hidden card-border\">\n<div class=\"min-w-0\">\n<p><strong>Utilisation polyvalente<\/strong><br \/>\nNOVA-EF est une grille de ventilation avec filtre, pour une installation murale ou au plafond dans divers environnements. Elle est principalement utilis\u00e9e pour l&rsquo;extraction d&rsquo;air dans les syst\u00e8mes de recirculation avec ventilo-convecteurs.<\/p>\n<p><strong>Haute stabilit\u00e9<\/strong><br \/>\nLa NOVA-EF offre une stabilit\u00e9, une s\u00e9curit\u00e9 et un fonctionnement \u00e9lev\u00e9s dans les murs et les plafonds, dans toutes les dimensions disponibles.<\/p>\n<p><strong>Entretien facile<\/strong><br \/>\nAucun outil n&rsquo;est requis pour un acc\u00e8s rapide et ais\u00e9 au filtre pour le nettoyage et l&rsquo;entretien.<\/p>\n<p>NOVA-EF est une grille de ventilation avec filtre, robuste, durable et l\u00e9g\u00e8re. Disponible en diff\u00e9rentes tailles, elle est con\u00e7ue pour une installation rapide et facile dans les murs ou les plafonds, dans divers environnements tels que les bureaux, les locaux r\u00e9sidentiels ou les h\u00f4tels. Elle est principalement destin\u00e9e \u00e0 l&rsquo;extraction d&rsquo;air, principalement dans les syst\u00e8mes de recirculation avec ventilo-convecteurs. Elle assure une ventilation efficace dans divers environnements.<\/p>\n<p>NOVA-EF se compose de deux parties principales. Le cadre de montage mural ou au plafond est en acier galvanis\u00e9 et est dot\u00e9 d&rsquo;une grille amovible et d&rsquo;un filtre. La grille offre une faible r\u00e9sistance et un d\u00e9bit d&rsquo;air \u00e9lev\u00e9. Facile \u00e0 installer, elle offre une grande stabilit\u00e9 et un acc\u00e8s rapide et facile au filtre pour le nettoyage et l&rsquo;entretien. La grille avant est maintenue en place par des clips \u00e0 ressort, ce qui facilite son ouverture et le retrait du filtre. Le filtre lui-m\u00eame est de classe grossi\u00e8re 65 %.<\/p>\n<p><strong>Votre commande, votre style\u00a0!<\/strong><br \/>\nNotre produit est personnalisable selon vos pr\u00e9f\u00e9rences, vous permettant de le commander avec n&rsquo;importe quelle finition RAL pour une harmonie parfaite avec votre esth\u00e9tique.<\/p>\n<\/div>\n<\/div>\n<\/div>\n<\/div>\n<\/div>\n","protected":false},"excerpt":{"rendered":"<p>Grille d&rsquo;extraction d&rsquo;air en aluminium avec filtre, adapt\u00e9e aux installations murales ou au plafond.<\/p>\n<p>Faible r\u00e9sistance<\/p>\n<p>Adaptable<\/p>\n<p>Haute stabilit\u00e9<\/p>\n<p>Installation facile<\/p>\n","protected":false},"featured_media":37046,"template":"","meta":[],"product_brand":[],"product_cat":[1850,1854,1841],"product_tag":[],"class_list":{"0":"post-37063","1":"product","2":"type-product","3":"status-publish","4":"has-post-thumbnail","6":"product_cat-grilles-de-ventilation","7":"product_cat-grilles-nova","8":"product_cat-produits-de-distribution-dair","10":"first","11":"instock","12":"shipping-taxable","13":"product-type-simple"},"yoast_head":"<!-- This site is optimized with the Yoast SEO plugin v27.1.1 - https:\/\/yoast.com\/product\/yoast-seo-wordpress\/ -->\n<title>Grilles NOVA-EF Grille d&#039;extraction d&#039;air en aluminium avec filtre, adapt\u00e9e aux installations murales ou au plafond. - Climate Master<\/title>\n<meta name=\"robots\" content=\"index, follow, max-snippet:-1, max-image-preview:large, max-video-preview:-1\" \/>\n<link rel=\"canonical\" href=\"https:\/\/climatemaster.ge\/fr\/produit\/37042\/\" \/>\n<meta property=\"og:locale\" content=\"fr_FR\" \/>\n<meta property=\"og:type\" content=\"article\" \/>\n<meta property=\"og:title\" content=\"Grilles NOVA-EF Grille d&#039;extraction d&#039;air en aluminium avec filtre, adapt\u00e9e aux installations murales ou au plafond. - Climate Master\" \/>\n<meta property=\"og:description\" content=\"Grille d&#039;extraction d&#039;air en aluminium avec filtre, adapt\u00e9e aux installations murales ou au plafond.  Faible r\u00e9sistance  Adaptable  Haute stabilit\u00e9  Installation facile\" \/>\n<meta property=\"og:url\" content=\"https:\/\/climatemaster.ge\/fr\/produit\/37042\/\" \/>\n<meta property=\"og:site_name\" content=\"Climate Master\" \/>\n<meta property=\"article:modified_time\" content=\"2025-09-07T10:10:04+00:00\" \/>\n<meta property=\"og:image\" content=\"https:\/\/climatemaster.ge\/wp-content\/uploads\/2025\/09\/filters_quality80-1-5.webp\" \/>\n\t<meta property=\"og:image:width\" content=\"384\" \/>\n\t<meta property=\"og:image:height\" content=\"281\" \/>\n\t<meta property=\"og:image:type\" content=\"image\/webp\" \/>\n<meta name=\"twitter:card\" content=\"summary_large_image\" \/>\n<meta name=\"twitter:label1\" content=\"Dur\u00e9e de lecture estim\u00e9e\" \/>\n\t<meta name=\"twitter:data1\" content=\"1 minute\" \/>\n<script type=\"application\/ld+json\" class=\"yoast-schema-graph\">{\"@context\":\"https:\/\/schema.org\",\"@graph\":[{\"@type\":\"WebPage\",\"@id\":\"https:\/\/climatemaster.ge\/fr\/produit\/37042\/\",\"url\":\"https:\/\/climatemaster.ge\/fr\/produit\/37042\/\",\"name\":\"Grilles NOVA-EF Grille d'extraction d'air en aluminium avec filtre, adapt\u00e9e aux installations murales ou au plafond. - Climate Master\",\"isPartOf\":{\"@id\":\"https:\/\/climatemaster.ge\/#website\"},\"primaryImageOfPage\":{\"@id\":\"https:\/\/climatemaster.ge\/fr\/produit\/37042\/#primaryimage\"},\"image\":{\"@id\":\"https:\/\/climatemaster.ge\/fr\/produit\/37042\/#primaryimage\"},\"thumbnailUrl\":\"https:\/\/climatemaster.ge\/wp-content\/uploads\/2025\/09\/filters_quality80-1-5.webp\",\"datePublished\":\"2025-09-07T10:05:54+00:00\",\"dateModified\":\"2025-09-07T10:10:04+00:00\",\"breadcrumb\":{\"@id\":\"https:\/\/climatemaster.ge\/fr\/produit\/37042\/#breadcrumb\"},\"inLanguage\":\"fr-FR\",\"potentialAction\":[{\"@type\":\"ReadAction\",\"target\":[\"https:\/\/climatemaster.ge\/fr\/produit\/37042\/\"]}]},{\"@type\":\"ImageObject\",\"inLanguage\":\"fr-FR\",\"@id\":\"https:\/\/climatemaster.ge\/fr\/produit\/37042\/#primaryimage\",\"url\":\"https:\/\/climatemaster.ge\/wp-content\/uploads\/2025\/09\/filters_quality80-1-5.webp\",\"contentUrl\":\"https:\/\/climatemaster.ge\/wp-content\/uploads\/2025\/09\/filters_quality80-1-5.webp\",\"width\":384,\"height\":281},{\"@type\":\"BreadcrumbList\",\"@id\":\"https:\/\/climatemaster.ge\/fr\/produit\/37042\/#breadcrumb\",\"itemListElement\":[{\"@type\":\"ListItem\",\"position\":1,\"name\":\"Home\",\"item\":\"https:\/\/climatemaster.ge\/\"},{\"@type\":\"ListItem\",\"position\":2,\"name\":\"Products\",\"item\":\"https:\/\/climatemaster.ge\/products\/\"},{\"@type\":\"ListItem\",\"position\":3,\"name\":\"Grilles NOVA-EF Grille d&rsquo;extraction d&rsquo;air en aluminium avec filtre, adapt\u00e9e aux installations murales ou au plafond.\"}]},{\"@type\":\"WebSite\",\"@id\":\"https:\/\/climatemaster.ge\/#website\",\"url\":\"https:\/\/climatemaster.ge\/\",\"name\":\"Climate Master\",\"description\":\"\",\"publisher\":{\"@id\":\"https:\/\/climatemaster.ge\/#organization\"},\"potentialAction\":[{\"@type\":\"SearchAction\",\"target\":{\"@type\":\"EntryPoint\",\"urlTemplate\":\"https:\/\/climatemaster.ge\/?s={search_term_string}\"},\"query-input\":{\"@type\":\"PropertyValueSpecification\",\"valueRequired\":true,\"valueName\":\"search_term_string\"}}],\"inLanguage\":\"fr-FR\"},{\"@type\":\"Organization\",\"@id\":\"https:\/\/climatemaster.ge\/#organization\",\"name\":\"Climate Master\",\"url\":\"https:\/\/climatemaster.ge\/\",\"logo\":{\"@type\":\"ImageObject\",\"inLanguage\":\"fr-FR\",\"@id\":\"https:\/\/climatemaster.ge\/#\/schema\/logo\/image\/\",\"url\":\"https:\/\/climatemaster.ge\/wp-content\/uploads\/2026\/03\/Untitled-2.png\",\"contentUrl\":\"https:\/\/climatemaster.ge\/wp-content\/uploads\/2026\/03\/Untitled-2.png\",\"width\":600,\"height\":338,\"caption\":\"Climate Master\"},\"image\":{\"@id\":\"https:\/\/climatemaster.ge\/#\/schema\/logo\/image\/\"}}]}<\/script>\n<!-- \/ Yoast SEO plugin. -->","yoast_head_json":{"title":"Grilles NOVA-EF Grille d'extraction d'air en aluminium avec filtre, adapt\u00e9e aux installations murales ou au plafond. - Climate Master","robots":{"index":"index","follow":"follow","max-snippet":"max-snippet:-1","max-image-preview":"max-image-preview:large","max-video-preview":"max-video-preview:-1"},"canonical":"https:\/\/climatemaster.ge\/fr\/produit\/37042\/","og_locale":"fr_FR","og_type":"article","og_title":"Grilles NOVA-EF Grille d'extraction d'air en aluminium avec filtre, adapt\u00e9e aux installations murales ou au plafond. - Climate Master","og_description":"Grille d'extraction d'air en aluminium avec filtre, adapt\u00e9e aux installations murales ou au plafond.  Faible r\u00e9sistance  Adaptable  Haute stabilit\u00e9  Installation facile","og_url":"https:\/\/climatemaster.ge\/fr\/produit\/37042\/","og_site_name":"Climate Master","article_modified_time":"2025-09-07T10:10:04+00:00","og_image":[{"width":384,"height":281,"url":"https:\/\/climatemaster.ge\/wp-content\/uploads\/2025\/09\/filters_quality80-1-5.webp","type":"image\/webp"}],"twitter_card":"summary_large_image","twitter_misc":{"Dur\u00e9e de lecture estim\u00e9e":"1 minute"},"schema":{"@context":"https:\/\/schema.org","@graph":[{"@type":"WebPage","@id":"https:\/\/climatemaster.ge\/fr\/produit\/37042\/","url":"https:\/\/climatemaster.ge\/fr\/produit\/37042\/","name":"Grilles NOVA-EF Grille d'extraction d'air en aluminium avec filtre, adapt\u00e9e aux installations murales ou au plafond. - Climate Master","isPartOf":{"@id":"https:\/\/climatemaster.ge\/#website"},"primaryImageOfPage":{"@id":"https:\/\/climatemaster.ge\/fr\/produit\/37042\/#primaryimage"},"image":{"@id":"https:\/\/climatemaster.ge\/fr\/produit\/37042\/#primaryimage"},"thumbnailUrl":"https:\/\/climatemaster.ge\/wp-content\/uploads\/2025\/09\/filters_quality80-1-5.webp","datePublished":"2025-09-07T10:05:54+00:00","dateModified":"2025-09-07T10:10:04+00:00","breadcrumb":{"@id":"https:\/\/climatemaster.ge\/fr\/produit\/37042\/#breadcrumb"},"inLanguage":"fr-FR","potentialAction":[{"@type":"ReadAction","target":["https:\/\/climatemaster.ge\/fr\/produit\/37042\/"]}]},{"@type":"ImageObject","inLanguage":"fr-FR","@id":"https:\/\/climatemaster.ge\/fr\/produit\/37042\/#primaryimage","url":"https:\/\/climatemaster.ge\/wp-content\/uploads\/2025\/09\/filters_quality80-1-5.webp","contentUrl":"https:\/\/climatemaster.ge\/wp-content\/uploads\/2025\/09\/filters_quality80-1-5.webp","width":384,"height":281},{"@type":"BreadcrumbList","@id":"https:\/\/climatemaster.ge\/fr\/produit\/37042\/#breadcrumb","itemListElement":[{"@type":"ListItem","position":1,"name":"Home","item":"https:\/\/climatemaster.ge\/"},{"@type":"ListItem","position":2,"name":"Products","item":"https:\/\/climatemaster.ge\/products\/"},{"@type":"ListItem","position":3,"name":"Grilles NOVA-EF Grille d&rsquo;extraction d&rsquo;air en aluminium avec filtre, adapt\u00e9e aux installations murales ou au plafond."}]},{"@type":"WebSite","@id":"https:\/\/climatemaster.ge\/#website","url":"https:\/\/climatemaster.ge\/","name":"Climate Master","description":"","publisher":{"@id":"https:\/\/climatemaster.ge\/#organization"},"potentialAction":[{"@type":"SearchAction","target":{"@type":"EntryPoint","urlTemplate":"https:\/\/climatemaster.ge\/?s={search_term_string}"},"query-input":{"@type":"PropertyValueSpecification","valueRequired":true,"valueName":"search_term_string"}}],"inLanguage":"fr-FR"},{"@type":"Organization","@id":"https:\/\/climatemaster.ge\/#organization","name":"Climate Master","url":"https:\/\/climatemaster.ge\/","logo":{"@type":"ImageObject","inLanguage":"fr-FR","@id":"https:\/\/climatemaster.ge\/#\/schema\/logo\/image\/","url":"https:\/\/climatemaster.ge\/wp-content\/uploads\/2026\/03\/Untitled-2.png","contentUrl":"https:\/\/climatemaster.ge\/wp-content\/uploads\/2026\/03\/Untitled-2.png","width":600,"height":338,"caption":"Climate Master"},"image":{"@id":"https:\/\/climatemaster.ge\/#\/schema\/logo\/image\/"}}]}},"_links":{"self":[{"href":"https:\/\/climatemaster.ge\/fr\/wp-json\/wp\/v2\/product\/37063","targetHints":{"allow":["GET"]}}],"collection":[{"href":"https:\/\/climatemaster.ge\/fr\/wp-json\/wp\/v2\/product"}],"about":[{"href":"https:\/\/climatemaster.ge\/fr\/wp-json\/wp\/v2\/types\/product"}],"wp:featuredmedia":[{"embeddable":true,"href":"https:\/\/climatemaster.ge\/fr\/wp-json\/wp\/v2\/media\/37046"}],"wp:attachment":[{"href":"https:\/\/climatemaster.ge\/fr\/wp-json\/wp\/v2\/media?parent=37063"}],"wp:term":[{"taxonomy":"product_brand","embeddable":true,"href":"https:\/\/climatemaster.ge\/fr\/wp-json\/wp\/v2\/product_brand?post=37063"},{"taxonomy":"product_cat","embeddable":true,"href":"https:\/\/climatemaster.ge\/fr\/wp-json\/wp\/v2\/product_cat?post=37063"},{"taxonomy":"product_tag","embeddable":true,"href":"https:\/\/climatemaster.ge\/fr\/wp-json\/wp\/v2\/product_tag?post=37063"}],"curies":[{"name":"wp","href":"https:\/\/api.w.org\/{rel}","templated":true}]}}