{"id":36996,"date":"2025-09-07T13:37:09","date_gmt":"2025-09-07T09:37:09","guid":{"rendered":"https:\/\/airsystems.ge\/shop\/product\/nova-rf-grilles-ventilation-grille-with-filter-ideal-for-air-extraction-in-re-circulation-systems-with-fan-coils\/"},"modified":"2025-09-07T13:41:48","modified_gmt":"2025-09-07T09:41:48","slug":"nova-rf-grilles-ventilation-grille-with-filter-ideal-for-air-extraction-in-re-circulation-systems-with-fan-coils","status":"publish","type":"product","link":"https:\/\/climatemaster.ge\/fr\/produit\/nova-rf-grilles-ventilation-grille-with-filter-ideal-for-air-extraction-in-re-circulation-systems-with-fan-coils\/","title":{"rendered":"Grilles NOVA-R Grille rectangulaire en aluminium opaque, id\u00e9ale pour les h\u00f4tels, les bureaux et les restaurants."},"content":{"rendered":"<div class=\"mb-400 gtm-product-section container-fluid\" data-gtm-name=\"Benefits\" data-gtm-label=\"Benefits (en)\" data-gtm-vis-recent-on-screen53434917_103=\"50012\" data-gtm-vis-first-on-screen53434917_103=\"50012\" data-gtm-vis-total-visible-time53434917_103=\"1500\" data-gtm-vis-has-fired53434917_103=\"1\">\n<div class=\"row\">\n<div class=\"content-element content-element-product-benefit col-12 sm:col-6 mb-400\">\n<div class=\"bg-card px-300 py-250 mobile-nav:px-200 mobile-nav:py-150 h-full flex overflow-hidden card-border\">\n<div class=\"min-w-0\">\n<p><strong>Installation murale ou au plafond<\/strong><\/p>\n<p>La NOVA-RF est une grille de ventilation avec filtre, con\u00e7ue pour une installation murale ou au plafond dans les bureaux, les locaux r\u00e9sidentiels ou les h\u00f4tels.<\/p>\n<p><strong>Design esth\u00e9tique<\/strong><\/p>\n<p>La grille filtrante NOVA-RF, au design esth\u00e9tique et pr\u00e9cis, est id\u00e9ale pour les environnements o\u00f9 l&rsquo;esth\u00e9tique est primordiale.<\/p>\n<p><strong>Haute stabilit\u00e9<\/strong><br \/>\nLa NOVA-RF offre une grande stabilit\u00e9 et une grande s\u00e9curit\u00e9, facilitant ainsi son installation et son utilisation dans les murs et les plafonds.<\/p>\n<p>La grille de ventilation avec filtre NOVA-RF assure une extraction d&rsquo;air efficace dans les syst\u00e8mes de recirculation avec ventilo-convecteurs. Elle offre une grande stabilit\u00e9 et une grande s\u00e9curit\u00e9 pour une installation murale et au plafond, et est disponible dans une large gamme de dimensions. Sa finition soign\u00e9e et son design \u00e9l\u00e9gant la rendent id\u00e9ale pour une installation dans les environnements o\u00f9 l&rsquo;esth\u00e9tique est primordiale. Aucun outil n&rsquo;est requis pour un acc\u00e8s rapide et facile au filtre pour le nettoyage et l&rsquo;entretien.<\/p>\n<p>NOVA RF se compose de deux parties principales. Le cadre de montage mural ou au plafond est en acier galvanis\u00e9 et comprend un filtre int\u00e9gr\u00e9 et une grille amovible. Le filtre, de classe \u00ab\u00a0grossier 65\u00a0%\u00a0\u00bb, est accessible sans outils. Pour acc\u00e9der au filtre, la grille avant, maintenue par des clips \u00e0 ressort, s&rsquo;ouvre et se retire facilement.<\/p>\n<p><strong>Votre commande, votre style\u00a0!<\/strong><\/p>\n<p>Notre produit est personnalisable selon vos pr\u00e9f\u00e9rences, vous permettant de le commander avec n&rsquo;importe quelle finition RAL pour une esth\u00e9tique parfaite.<\/p>\n<\/div>\n<\/div>\n<\/div>\n<\/div>\n<\/div>\n","protected":false},"excerpt":{"rendered":"<div>\n<p>Grille rectangulaire en aluminium opaque, id\u00e9ale pour les h\u00f4tels, les bureaux et les restaurants.<\/p>\n<p>L\u00e9g\u00e8re<\/p>\n<p>Design esth\u00e9tique<\/p>\n<p>Construction en aluminium<\/p>\n<p>Extraction d&rsquo;air<\/p>\n<\/div>\n<div><\/div>\n<div class=\"gtm-sku-info flex flex-col gap-y-050 text-label-tiny text-neutral-600\">\n<div class=\"flex flex-wrap items-baseline gap-x-100 gap-y-025\"><span class=\"gtm-article-name\">NOVA-RF<\/span><span class=\"whitespace-nowrap gtm-article-number text-base font-bold\">#AN-RF<\/span><\/div>\n<\/div>\n","protected":false},"featured_media":38313,"template":"","meta":[],"product_brand":[],"product_cat":[1850,1854,1841],"product_tag":[],"class_list":{"0":"post-36996","1":"product","2":"type-product","3":"status-publish","4":"has-post-thumbnail","6":"product_cat-grilles-de-ventilation","7":"product_cat-grilles-nova","8":"product_cat-produits-de-distribution-dair","10":"first","11":"instock","12":"shipping-taxable","13":"product-type-simple"},"yoast_head":"<!-- This site is optimized with the Yoast SEO plugin v27.1.1 - https:\/\/yoast.com\/product\/yoast-seo-wordpress\/ -->\n<title>Grilles NOVA-R Grille rectangulaire en aluminium opaque, id\u00e9ale pour les h\u00f4tels, les bureaux et les restaurants. - Climate Master<\/title>\n<meta name=\"robots\" content=\"index, follow, max-snippet:-1, max-image-preview:large, max-video-preview:-1\" \/>\n<link rel=\"canonical\" href=\"https:\/\/climatemaster.ge\/fr\/produit\/nova-rf-grilles-ventilation-grille-with-filter-ideal-for-air-extraction-in-re-circulation-systems-with-fan-coils\/\" \/>\n<meta property=\"og:locale\" content=\"fr_FR\" \/>\n<meta property=\"og:type\" content=\"article\" \/>\n<meta property=\"og:title\" content=\"Grilles NOVA-R Grille rectangulaire en aluminium opaque, id\u00e9ale pour les h\u00f4tels, les bureaux et les restaurants. - Climate Master\" \/>\n<meta property=\"og:description\" content=\"Grille rectangulaire en aluminium opaque, id\u00e9ale pour les h\u00f4tels, les bureaux et les restaurants.  L\u00e9g\u00e8re  Design esth\u00e9tique  Construction en aluminium  Extraction d&#039;air     NOVA-RF#AN-RF\" \/>\n<meta property=\"og:url\" content=\"https:\/\/climatemaster.ge\/fr\/produit\/nova-rf-grilles-ventilation-grille-with-filter-ideal-for-air-extraction-in-re-circulation-systems-with-fan-coils\/\" \/>\n<meta property=\"og:site_name\" content=\"Climate Master\" \/>\n<meta property=\"article:modified_time\" content=\"2025-09-07T09:41:48+00:00\" \/>\n<meta property=\"og:image\" content=\"https:\/\/climatemaster.ge\/wp-content\/uploads\/2025\/09\/PRODUCT-MAIN-IMAGE_NOVA_RF.jpg\" \/>\n\t<meta property=\"og:image:width\" content=\"384\" \/>\n\t<meta property=\"og:image:height\" content=\"288\" \/>\n\t<meta property=\"og:image:type\" content=\"image\/jpeg\" \/>\n<meta name=\"twitter:card\" content=\"summary_large_image\" \/>\n<meta name=\"twitter:label1\" content=\"Dur\u00e9e de lecture estim\u00e9e\" \/>\n\t<meta name=\"twitter:data1\" content=\"1 minute\" \/>\n<script type=\"application\/ld+json\" class=\"yoast-schema-graph\">{\"@context\":\"https:\/\/schema.org\",\"@graph\":[{\"@type\":\"WebPage\",\"@id\":\"https:\/\/climatemaster.ge\/fr\/produit\/nova-rf-grilles-ventilation-grille-with-filter-ideal-for-air-extraction-in-re-circulation-systems-with-fan-coils\/\",\"url\":\"https:\/\/climatemaster.ge\/fr\/produit\/nova-rf-grilles-ventilation-grille-with-filter-ideal-for-air-extraction-in-re-circulation-systems-with-fan-coils\/\",\"name\":\"Grilles NOVA-R Grille rectangulaire en aluminium opaque, id\u00e9ale pour les h\u00f4tels, les bureaux et les restaurants. - Climate Master\",\"isPartOf\":{\"@id\":\"https:\/\/climatemaster.ge\/#website\"},\"primaryImageOfPage\":{\"@id\":\"https:\/\/climatemaster.ge\/fr\/produit\/nova-rf-grilles-ventilation-grille-with-filter-ideal-for-air-extraction-in-re-circulation-systems-with-fan-coils\/#primaryimage\"},\"image\":{\"@id\":\"https:\/\/climatemaster.ge\/fr\/produit\/nova-rf-grilles-ventilation-grille-with-filter-ideal-for-air-extraction-in-re-circulation-systems-with-fan-coils\/#primaryimage\"},\"thumbnailUrl\":\"https:\/\/climatemaster.ge\/wp-content\/uploads\/2025\/09\/PRODUCT-MAIN-IMAGE_NOVA_RF.jpg\",\"datePublished\":\"2025-09-07T09:37:09+00:00\",\"dateModified\":\"2025-09-07T09:41:48+00:00\",\"breadcrumb\":{\"@id\":\"https:\/\/climatemaster.ge\/fr\/produit\/nova-rf-grilles-ventilation-grille-with-filter-ideal-for-air-extraction-in-re-circulation-systems-with-fan-coils\/#breadcrumb\"},\"inLanguage\":\"fr-FR\",\"potentialAction\":[{\"@type\":\"ReadAction\",\"target\":[\"https:\/\/climatemaster.ge\/fr\/produit\/nova-rf-grilles-ventilation-grille-with-filter-ideal-for-air-extraction-in-re-circulation-systems-with-fan-coils\/\"]}]},{\"@type\":\"ImageObject\",\"inLanguage\":\"fr-FR\",\"@id\":\"https:\/\/climatemaster.ge\/fr\/produit\/nova-rf-grilles-ventilation-grille-with-filter-ideal-for-air-extraction-in-re-circulation-systems-with-fan-coils\/#primaryimage\",\"url\":\"https:\/\/climatemaster.ge\/wp-content\/uploads\/2025\/09\/PRODUCT-MAIN-IMAGE_NOVA_RF.jpg\",\"contentUrl\":\"https:\/\/climatemaster.ge\/wp-content\/uploads\/2025\/09\/PRODUCT-MAIN-IMAGE_NOVA_RF.jpg\",\"width\":384,\"height\":288},{\"@type\":\"BreadcrumbList\",\"@id\":\"https:\/\/climatemaster.ge\/fr\/produit\/nova-rf-grilles-ventilation-grille-with-filter-ideal-for-air-extraction-in-re-circulation-systems-with-fan-coils\/#breadcrumb\",\"itemListElement\":[{\"@type\":\"ListItem\",\"position\":1,\"name\":\"Home\",\"item\":\"https:\/\/climatemaster.ge\/\"},{\"@type\":\"ListItem\",\"position\":2,\"name\":\"Products\",\"item\":\"https:\/\/climatemaster.ge\/products\/\"},{\"@type\":\"ListItem\",\"position\":3,\"name\":\"Grilles NOVA-R Grille rectangulaire en aluminium opaque, id\u00e9ale pour les h\u00f4tels, les bureaux et les restaurants.\"}]},{\"@type\":\"WebSite\",\"@id\":\"https:\/\/climatemaster.ge\/#website\",\"url\":\"https:\/\/climatemaster.ge\/\",\"name\":\"Climate Master\",\"description\":\"\",\"publisher\":{\"@id\":\"https:\/\/climatemaster.ge\/#organization\"},\"potentialAction\":[{\"@type\":\"SearchAction\",\"target\":{\"@type\":\"EntryPoint\",\"urlTemplate\":\"https:\/\/climatemaster.ge\/?s={search_term_string}\"},\"query-input\":{\"@type\":\"PropertyValueSpecification\",\"valueRequired\":true,\"valueName\":\"search_term_string\"}}],\"inLanguage\":\"fr-FR\"},{\"@type\":\"Organization\",\"@id\":\"https:\/\/climatemaster.ge\/#organization\",\"name\":\"Climate Master\",\"url\":\"https:\/\/climatemaster.ge\/\",\"logo\":{\"@type\":\"ImageObject\",\"inLanguage\":\"fr-FR\",\"@id\":\"https:\/\/climatemaster.ge\/#\/schema\/logo\/image\/\",\"url\":\"https:\/\/climatemaster.ge\/wp-content\/uploads\/2026\/03\/Untitled-2.png\",\"contentUrl\":\"https:\/\/climatemaster.ge\/wp-content\/uploads\/2026\/03\/Untitled-2.png\",\"width\":600,\"height\":338,\"caption\":\"Climate Master\"},\"image\":{\"@id\":\"https:\/\/climatemaster.ge\/#\/schema\/logo\/image\/\"}}]}<\/script>\n<!-- \/ Yoast SEO plugin. -->","yoast_head_json":{"title":"Grilles NOVA-R Grille rectangulaire en aluminium opaque, id\u00e9ale pour les h\u00f4tels, les bureaux et les restaurants. - Climate Master","robots":{"index":"index","follow":"follow","max-snippet":"max-snippet:-1","max-image-preview":"max-image-preview:large","max-video-preview":"max-video-preview:-1"},"canonical":"https:\/\/climatemaster.ge\/fr\/produit\/nova-rf-grilles-ventilation-grille-with-filter-ideal-for-air-extraction-in-re-circulation-systems-with-fan-coils\/","og_locale":"fr_FR","og_type":"article","og_title":"Grilles NOVA-R Grille rectangulaire en aluminium opaque, id\u00e9ale pour les h\u00f4tels, les bureaux et les restaurants. - Climate Master","og_description":"Grille rectangulaire en aluminium opaque, id\u00e9ale pour les h\u00f4tels, les bureaux et les restaurants.  L\u00e9g\u00e8re  Design esth\u00e9tique  Construction en aluminium  Extraction d'air     NOVA-RF#AN-RF","og_url":"https:\/\/climatemaster.ge\/fr\/produit\/nova-rf-grilles-ventilation-grille-with-filter-ideal-for-air-extraction-in-re-circulation-systems-with-fan-coils\/","og_site_name":"Climate Master","article_modified_time":"2025-09-07T09:41:48+00:00","og_image":[{"width":384,"height":288,"url":"https:\/\/climatemaster.ge\/wp-content\/uploads\/2025\/09\/PRODUCT-MAIN-IMAGE_NOVA_RF.jpg","type":"image\/jpeg"}],"twitter_card":"summary_large_image","twitter_misc":{"Dur\u00e9e de lecture estim\u00e9e":"1 minute"},"schema":{"@context":"https:\/\/schema.org","@graph":[{"@type":"WebPage","@id":"https:\/\/climatemaster.ge\/fr\/produit\/nova-rf-grilles-ventilation-grille-with-filter-ideal-for-air-extraction-in-re-circulation-systems-with-fan-coils\/","url":"https:\/\/climatemaster.ge\/fr\/produit\/nova-rf-grilles-ventilation-grille-with-filter-ideal-for-air-extraction-in-re-circulation-systems-with-fan-coils\/","name":"Grilles NOVA-R Grille rectangulaire en aluminium opaque, id\u00e9ale pour les h\u00f4tels, les bureaux et les restaurants. - Climate Master","isPartOf":{"@id":"https:\/\/climatemaster.ge\/#website"},"primaryImageOfPage":{"@id":"https:\/\/climatemaster.ge\/fr\/produit\/nova-rf-grilles-ventilation-grille-with-filter-ideal-for-air-extraction-in-re-circulation-systems-with-fan-coils\/#primaryimage"},"image":{"@id":"https:\/\/climatemaster.ge\/fr\/produit\/nova-rf-grilles-ventilation-grille-with-filter-ideal-for-air-extraction-in-re-circulation-systems-with-fan-coils\/#primaryimage"},"thumbnailUrl":"https:\/\/climatemaster.ge\/wp-content\/uploads\/2025\/09\/PRODUCT-MAIN-IMAGE_NOVA_RF.jpg","datePublished":"2025-09-07T09:37:09+00:00","dateModified":"2025-09-07T09:41:48+00:00","breadcrumb":{"@id":"https:\/\/climatemaster.ge\/fr\/produit\/nova-rf-grilles-ventilation-grille-with-filter-ideal-for-air-extraction-in-re-circulation-systems-with-fan-coils\/#breadcrumb"},"inLanguage":"fr-FR","potentialAction":[{"@type":"ReadAction","target":["https:\/\/climatemaster.ge\/fr\/produit\/nova-rf-grilles-ventilation-grille-with-filter-ideal-for-air-extraction-in-re-circulation-systems-with-fan-coils\/"]}]},{"@type":"ImageObject","inLanguage":"fr-FR","@id":"https:\/\/climatemaster.ge\/fr\/produit\/nova-rf-grilles-ventilation-grille-with-filter-ideal-for-air-extraction-in-re-circulation-systems-with-fan-coils\/#primaryimage","url":"https:\/\/climatemaster.ge\/wp-content\/uploads\/2025\/09\/PRODUCT-MAIN-IMAGE_NOVA_RF.jpg","contentUrl":"https:\/\/climatemaster.ge\/wp-content\/uploads\/2025\/09\/PRODUCT-MAIN-IMAGE_NOVA_RF.jpg","width":384,"height":288},{"@type":"BreadcrumbList","@id":"https:\/\/climatemaster.ge\/fr\/produit\/nova-rf-grilles-ventilation-grille-with-filter-ideal-for-air-extraction-in-re-circulation-systems-with-fan-coils\/#breadcrumb","itemListElement":[{"@type":"ListItem","position":1,"name":"Home","item":"https:\/\/climatemaster.ge\/"},{"@type":"ListItem","position":2,"name":"Products","item":"https:\/\/climatemaster.ge\/products\/"},{"@type":"ListItem","position":3,"name":"Grilles NOVA-R Grille rectangulaire en aluminium opaque, id\u00e9ale pour les h\u00f4tels, les bureaux et les restaurants."}]},{"@type":"WebSite","@id":"https:\/\/climatemaster.ge\/#website","url":"https:\/\/climatemaster.ge\/","name":"Climate Master","description":"","publisher":{"@id":"https:\/\/climatemaster.ge\/#organization"},"potentialAction":[{"@type":"SearchAction","target":{"@type":"EntryPoint","urlTemplate":"https:\/\/climatemaster.ge\/?s={search_term_string}"},"query-input":{"@type":"PropertyValueSpecification","valueRequired":true,"valueName":"search_term_string"}}],"inLanguage":"fr-FR"},{"@type":"Organization","@id":"https:\/\/climatemaster.ge\/#organization","name":"Climate Master","url":"https:\/\/climatemaster.ge\/","logo":{"@type":"ImageObject","inLanguage":"fr-FR","@id":"https:\/\/climatemaster.ge\/#\/schema\/logo\/image\/","url":"https:\/\/climatemaster.ge\/wp-content\/uploads\/2026\/03\/Untitled-2.png","contentUrl":"https:\/\/climatemaster.ge\/wp-content\/uploads\/2026\/03\/Untitled-2.png","width":600,"height":338,"caption":"Climate Master"},"image":{"@id":"https:\/\/climatemaster.ge\/#\/schema\/logo\/image\/"}}]}},"_links":{"self":[{"href":"https:\/\/climatemaster.ge\/fr\/wp-json\/wp\/v2\/product\/36996","targetHints":{"allow":["GET"]}}],"collection":[{"href":"https:\/\/climatemaster.ge\/fr\/wp-json\/wp\/v2\/product"}],"about":[{"href":"https:\/\/climatemaster.ge\/fr\/wp-json\/wp\/v2\/types\/product"}],"wp:featuredmedia":[{"embeddable":true,"href":"https:\/\/climatemaster.ge\/fr\/wp-json\/wp\/v2\/media\/38313"}],"wp:attachment":[{"href":"https:\/\/climatemaster.ge\/fr\/wp-json\/wp\/v2\/media?parent=36996"}],"wp:term":[{"taxonomy":"product_brand","embeddable":true,"href":"https:\/\/climatemaster.ge\/fr\/wp-json\/wp\/v2\/product_brand?post=36996"},{"taxonomy":"product_cat","embeddable":true,"href":"https:\/\/climatemaster.ge\/fr\/wp-json\/wp\/v2\/product_cat?post=36996"},{"taxonomy":"product_tag","embeddable":true,"href":"https:\/\/climatemaster.ge\/fr\/wp-json\/wp\/v2\/product_tag?post=36996"}],"curies":[{"name":"wp","href":"https:\/\/api.w.org\/{rel}","templated":true}]}}