{"id":36926,"date":"2025-09-07T12:42:30","date_gmt":"2025-09-07T08:42:30","guid":{"rendered":"https:\/\/airsystems.ge\/shop\/product\/nova-l-grilles-aluminium-fixed-blade-grille-suitable-for-discreet-installations\/"},"modified":"2025-09-07T12:53:27","modified_gmt":"2025-09-07T08:53:27","slug":"nova-l-grilles-aluminium-fixed-blade-grille-suitable-for-discreet-installations","status":"publish","type":"product","link":"https:\/\/climatemaster.ge\/fr\/produit\/nova-l-grilles-aluminium-fixed-blade-grille-suitable-for-discreet-installations\/","title":{"rendered":"Grilles NOVA-L Grille \u00e0 lames fixes en aluminium pour installations discr\u00e8tes"},"content":{"rendered":"<div class=\"mb-400 gtm-product-section container-fluid\" data-gtm-name=\"Benefits\" data-gtm-label=\"Benefits (en)\" data-gtm-vis-first-on-screen53434917_103=\"36553\" data-gtm-vis-total-visible-time53434917_103=\"1500\" data-gtm-vis-has-fired53434917_103=\"1\">\n<div class=\"row\">\n<div class=\"content-element content-element-product-benefit col-12 sm:col-6 mb-400\">\n<div class=\"bg-card px-300 py-250 mobile-nav:px-200 mobile-nav:py-150 h-full flex overflow-hidden card-border\">\n<div class=\"min-w-0\">\n<p><strong>Soufflage et extraction d&rsquo;air<\/strong><br \/>\nLa grille de diffusion NOVA-L assure le soufflage et l&rsquo;extraction d&rsquo;air lorsqu&rsquo;elle est install\u00e9e dans des conduits rectangulaires, des murs ou des plafonds.<\/p>\n<p><strong>Design esth\u00e9tique<\/strong><br \/>\nGr\u00e2ce \u00e0 son design esth\u00e9tique, la grille de diffusion NOVA-L est id\u00e9ale pour les applications o\u00f9 l&rsquo;esth\u00e9tique g\u00e9n\u00e9rale est primordiale, comme les bureaux, les h\u00f4tels et les restaurants.<\/p>\n<p><strong>Construction en aluminium<\/strong><br \/>\nLa grille NOVA-L est fabriqu\u00e9e \u00e0 partir de profil\u00e9s en aluminium anodis\u00e9s ou peints par poudrage (RAL 9003 &#8211; blanc de s\u00e9curit\u00e9).<\/p>\n<p>La NOVA-L est une grille de diffusion \u00e0 lames fixes en aluminium destin\u00e9e au soufflage et \u00e0 l&rsquo;extraction d&rsquo;air. Disponible en diff\u00e9rentes tailles, elle s&rsquo;installe dans des conduits rectangulaires, des murs ou des plafonds. Elle peut \u00eatre divis\u00e9e en plusieurs parties et install\u00e9e en ligne continue. Des lames simples ou doubles sont disponibles. Avec deux lames, les lames int\u00e9rieures r\u00e9glables permettent un soufflage d&rsquo;air bien dessin\u00e9. Sa conception permet une installation dans des environnements o\u00f9 une esth\u00e9tique discr\u00e8te est requise, comme les bureaux, les h\u00f4tels et les restaurants.<\/p>\n<p>NOVA-L est fabriqu\u00e9 \u00e0 partir de profil\u00e9s en aluminium anodis\u00e9. Le produit se compose d&rsquo;un cadre et d&rsquo;une ou deux lames. La premi\u00e8re lame est toujours fixe et la seconde est r\u00e9glable. Les grilles simples et doubles peuvent avoir un alignement frontal horizontal ou vertical. Les lames de la seconde lame sont toujours perpendiculaires \u00e0 la premi\u00e8re. La grille est livr\u00e9e avec une finition de surface anodis\u00e9e ou peinte en poudre RAL9003 (blanc de s\u00e9curit\u00e9) en standard. D&rsquo;autres couleurs RAL sont disponibles sur demande.<\/p>\n<p><strong>Votre commande, votre style\u00a0!<\/strong><br \/>\nNotre produit est personnalisable selon vos pr\u00e9f\u00e9rences, vous permettant de le commander avec n&rsquo;importe quelle finition RAL pour une harmonie parfaite avec votre esth\u00e9tique.<\/p>\n<\/div>\n<\/div>\n<\/div>\n<\/div>\n<\/div>\n","protected":false},"excerpt":{"rendered":"<p>Grille \u00e0 lames fixes en aluminium pour installations discr\u00e8tes<\/p>\n<p>Aluminium<\/p>\n<p>L\u00e9g\u00e8re<\/p>\n<p>Soufflage et extraction d&rsquo;air<\/p>\n<p>Lames simples ou doubles<\/p>\n","protected":false},"featured_media":38300,"template":"","meta":[],"product_brand":[],"product_cat":[1850,1854,1841],"product_tag":[],"class_list":{"0":"post-36926","1":"product","2":"type-product","3":"status-publish","4":"has-post-thumbnail","6":"product_cat-grilles-de-ventilation","7":"product_cat-grilles-nova","8":"product_cat-produits-de-distribution-dair","10":"first","11":"instock","12":"shipping-taxable","13":"product-type-simple"},"yoast_head":"<!-- This site is optimized with the Yoast SEO plugin v27.1.1 - https:\/\/yoast.com\/product\/yoast-seo-wordpress\/ -->\n<title>Grilles NOVA-L Grille \u00e0 lames fixes en aluminium pour installations discr\u00e8tes - Climate Master<\/title>\n<meta name=\"robots\" content=\"index, follow, max-snippet:-1, max-image-preview:large, max-video-preview:-1\" \/>\n<link rel=\"canonical\" href=\"https:\/\/climatemaster.ge\/fr\/produit\/nova-l-grilles-aluminium-fixed-blade-grille-suitable-for-discreet-installations\/\" \/>\n<meta property=\"og:locale\" content=\"fr_FR\" \/>\n<meta property=\"og:type\" content=\"article\" \/>\n<meta property=\"og:title\" content=\"Grilles NOVA-L Grille \u00e0 lames fixes en aluminium pour installations discr\u00e8tes - Climate Master\" \/>\n<meta property=\"og:description\" content=\"Grille \u00e0 lames fixes en aluminium pour installations discr\u00e8tes  Aluminium  L\u00e9g\u00e8re  Soufflage et extraction d&#039;air  Lames simples ou doubles\" \/>\n<meta property=\"og:url\" content=\"https:\/\/climatemaster.ge\/fr\/produit\/nova-l-grilles-aluminium-fixed-blade-grille-suitable-for-discreet-installations\/\" \/>\n<meta property=\"og:site_name\" content=\"Climate Master\" \/>\n<meta property=\"article:modified_time\" content=\"2025-09-07T08:53:27+00:00\" \/>\n<meta property=\"og:image\" content=\"https:\/\/climatemaster.ge\/wp-content\/uploads\/2025\/09\/PRODUCT-MAIN-IMAGE_NOVA_L-5.jpg\" \/>\n\t<meta property=\"og:image:width\" content=\"384\" \/>\n\t<meta property=\"og:image:height\" content=\"288\" \/>\n\t<meta property=\"og:image:type\" content=\"image\/jpeg\" \/>\n<meta name=\"twitter:card\" content=\"summary_large_image\" \/>\n<meta name=\"twitter:label1\" content=\"Dur\u00e9e de lecture estim\u00e9e\" \/>\n\t<meta name=\"twitter:data1\" content=\"2 minutes\" \/>\n<script type=\"application\/ld+json\" class=\"yoast-schema-graph\">{\"@context\":\"https:\/\/schema.org\",\"@graph\":[{\"@type\":\"WebPage\",\"@id\":\"https:\/\/climatemaster.ge\/fr\/produit\/nova-l-grilles-aluminium-fixed-blade-grille-suitable-for-discreet-installations\/\",\"url\":\"https:\/\/climatemaster.ge\/fr\/produit\/nova-l-grilles-aluminium-fixed-blade-grille-suitable-for-discreet-installations\/\",\"name\":\"Grilles NOVA-L Grille \u00e0 lames fixes en aluminium pour installations discr\u00e8tes - Climate Master\",\"isPartOf\":{\"@id\":\"https:\/\/climatemaster.ge\/#website\"},\"primaryImageOfPage\":{\"@id\":\"https:\/\/climatemaster.ge\/fr\/produit\/nova-l-grilles-aluminium-fixed-blade-grille-suitable-for-discreet-installations\/#primaryimage\"},\"image\":{\"@id\":\"https:\/\/climatemaster.ge\/fr\/produit\/nova-l-grilles-aluminium-fixed-blade-grille-suitable-for-discreet-installations\/#primaryimage\"},\"thumbnailUrl\":\"https:\/\/climatemaster.ge\/wp-content\/uploads\/2025\/09\/PRODUCT-MAIN-IMAGE_NOVA_L-5.jpg\",\"datePublished\":\"2025-09-07T08:42:30+00:00\",\"dateModified\":\"2025-09-07T08:53:27+00:00\",\"breadcrumb\":{\"@id\":\"https:\/\/climatemaster.ge\/fr\/produit\/nova-l-grilles-aluminium-fixed-blade-grille-suitable-for-discreet-installations\/#breadcrumb\"},\"inLanguage\":\"fr-FR\",\"potentialAction\":[{\"@type\":\"ReadAction\",\"target\":[\"https:\/\/climatemaster.ge\/fr\/produit\/nova-l-grilles-aluminium-fixed-blade-grille-suitable-for-discreet-installations\/\"]}]},{\"@type\":\"ImageObject\",\"inLanguage\":\"fr-FR\",\"@id\":\"https:\/\/climatemaster.ge\/fr\/produit\/nova-l-grilles-aluminium-fixed-blade-grille-suitable-for-discreet-installations\/#primaryimage\",\"url\":\"https:\/\/climatemaster.ge\/wp-content\/uploads\/2025\/09\/PRODUCT-MAIN-IMAGE_NOVA_L-5.jpg\",\"contentUrl\":\"https:\/\/climatemaster.ge\/wp-content\/uploads\/2025\/09\/PRODUCT-MAIN-IMAGE_NOVA_L-5.jpg\",\"width\":384,\"height\":288},{\"@type\":\"BreadcrumbList\",\"@id\":\"https:\/\/climatemaster.ge\/fr\/produit\/nova-l-grilles-aluminium-fixed-blade-grille-suitable-for-discreet-installations\/#breadcrumb\",\"itemListElement\":[{\"@type\":\"ListItem\",\"position\":1,\"name\":\"Home\",\"item\":\"https:\/\/climatemaster.ge\/\"},{\"@type\":\"ListItem\",\"position\":2,\"name\":\"Products\",\"item\":\"https:\/\/climatemaster.ge\/products\/\"},{\"@type\":\"ListItem\",\"position\":3,\"name\":\"Grilles NOVA-L Grille \u00e0 lames fixes en aluminium pour installations discr\u00e8tes\"}]},{\"@type\":\"WebSite\",\"@id\":\"https:\/\/climatemaster.ge\/#website\",\"url\":\"https:\/\/climatemaster.ge\/\",\"name\":\"Climate Master\",\"description\":\"\",\"publisher\":{\"@id\":\"https:\/\/climatemaster.ge\/#organization\"},\"potentialAction\":[{\"@type\":\"SearchAction\",\"target\":{\"@type\":\"EntryPoint\",\"urlTemplate\":\"https:\/\/climatemaster.ge\/?s={search_term_string}\"},\"query-input\":{\"@type\":\"PropertyValueSpecification\",\"valueRequired\":true,\"valueName\":\"search_term_string\"}}],\"inLanguage\":\"fr-FR\"},{\"@type\":\"Organization\",\"@id\":\"https:\/\/climatemaster.ge\/#organization\",\"name\":\"Climate Master\",\"url\":\"https:\/\/climatemaster.ge\/\",\"logo\":{\"@type\":\"ImageObject\",\"inLanguage\":\"fr-FR\",\"@id\":\"https:\/\/climatemaster.ge\/#\/schema\/logo\/image\/\",\"url\":\"https:\/\/climatemaster.ge\/wp-content\/uploads\/2026\/03\/Untitled-2.png\",\"contentUrl\":\"https:\/\/climatemaster.ge\/wp-content\/uploads\/2026\/03\/Untitled-2.png\",\"width\":600,\"height\":338,\"caption\":\"Climate Master\"},\"image\":{\"@id\":\"https:\/\/climatemaster.ge\/#\/schema\/logo\/image\/\"}}]}<\/script>\n<!-- \/ Yoast SEO plugin. -->","yoast_head_json":{"title":"Grilles NOVA-L Grille \u00e0 lames fixes en aluminium pour installations discr\u00e8tes - Climate Master","robots":{"index":"index","follow":"follow","max-snippet":"max-snippet:-1","max-image-preview":"max-image-preview:large","max-video-preview":"max-video-preview:-1"},"canonical":"https:\/\/climatemaster.ge\/fr\/produit\/nova-l-grilles-aluminium-fixed-blade-grille-suitable-for-discreet-installations\/","og_locale":"fr_FR","og_type":"article","og_title":"Grilles NOVA-L Grille \u00e0 lames fixes en aluminium pour installations discr\u00e8tes - Climate Master","og_description":"Grille \u00e0 lames fixes en aluminium pour installations discr\u00e8tes  Aluminium  L\u00e9g\u00e8re  Soufflage et extraction d'air  Lames simples ou doubles","og_url":"https:\/\/climatemaster.ge\/fr\/produit\/nova-l-grilles-aluminium-fixed-blade-grille-suitable-for-discreet-installations\/","og_site_name":"Climate Master","article_modified_time":"2025-09-07T08:53:27+00:00","og_image":[{"width":384,"height":288,"url":"https:\/\/climatemaster.ge\/wp-content\/uploads\/2025\/09\/PRODUCT-MAIN-IMAGE_NOVA_L-5.jpg","type":"image\/jpeg"}],"twitter_card":"summary_large_image","twitter_misc":{"Dur\u00e9e de lecture estim\u00e9e":"2 minutes"},"schema":{"@context":"https:\/\/schema.org","@graph":[{"@type":"WebPage","@id":"https:\/\/climatemaster.ge\/fr\/produit\/nova-l-grilles-aluminium-fixed-blade-grille-suitable-for-discreet-installations\/","url":"https:\/\/climatemaster.ge\/fr\/produit\/nova-l-grilles-aluminium-fixed-blade-grille-suitable-for-discreet-installations\/","name":"Grilles NOVA-L Grille \u00e0 lames fixes en aluminium pour installations discr\u00e8tes - Climate Master","isPartOf":{"@id":"https:\/\/climatemaster.ge\/#website"},"primaryImageOfPage":{"@id":"https:\/\/climatemaster.ge\/fr\/produit\/nova-l-grilles-aluminium-fixed-blade-grille-suitable-for-discreet-installations\/#primaryimage"},"image":{"@id":"https:\/\/climatemaster.ge\/fr\/produit\/nova-l-grilles-aluminium-fixed-blade-grille-suitable-for-discreet-installations\/#primaryimage"},"thumbnailUrl":"https:\/\/climatemaster.ge\/wp-content\/uploads\/2025\/09\/PRODUCT-MAIN-IMAGE_NOVA_L-5.jpg","datePublished":"2025-09-07T08:42:30+00:00","dateModified":"2025-09-07T08:53:27+00:00","breadcrumb":{"@id":"https:\/\/climatemaster.ge\/fr\/produit\/nova-l-grilles-aluminium-fixed-blade-grille-suitable-for-discreet-installations\/#breadcrumb"},"inLanguage":"fr-FR","potentialAction":[{"@type":"ReadAction","target":["https:\/\/climatemaster.ge\/fr\/produit\/nova-l-grilles-aluminium-fixed-blade-grille-suitable-for-discreet-installations\/"]}]},{"@type":"ImageObject","inLanguage":"fr-FR","@id":"https:\/\/climatemaster.ge\/fr\/produit\/nova-l-grilles-aluminium-fixed-blade-grille-suitable-for-discreet-installations\/#primaryimage","url":"https:\/\/climatemaster.ge\/wp-content\/uploads\/2025\/09\/PRODUCT-MAIN-IMAGE_NOVA_L-5.jpg","contentUrl":"https:\/\/climatemaster.ge\/wp-content\/uploads\/2025\/09\/PRODUCT-MAIN-IMAGE_NOVA_L-5.jpg","width":384,"height":288},{"@type":"BreadcrumbList","@id":"https:\/\/climatemaster.ge\/fr\/produit\/nova-l-grilles-aluminium-fixed-blade-grille-suitable-for-discreet-installations\/#breadcrumb","itemListElement":[{"@type":"ListItem","position":1,"name":"Home","item":"https:\/\/climatemaster.ge\/"},{"@type":"ListItem","position":2,"name":"Products","item":"https:\/\/climatemaster.ge\/products\/"},{"@type":"ListItem","position":3,"name":"Grilles NOVA-L Grille \u00e0 lames fixes en aluminium pour installations discr\u00e8tes"}]},{"@type":"WebSite","@id":"https:\/\/climatemaster.ge\/#website","url":"https:\/\/climatemaster.ge\/","name":"Climate Master","description":"","publisher":{"@id":"https:\/\/climatemaster.ge\/#organization"},"potentialAction":[{"@type":"SearchAction","target":{"@type":"EntryPoint","urlTemplate":"https:\/\/climatemaster.ge\/?s={search_term_string}"},"query-input":{"@type":"PropertyValueSpecification","valueRequired":true,"valueName":"search_term_string"}}],"inLanguage":"fr-FR"},{"@type":"Organization","@id":"https:\/\/climatemaster.ge\/#organization","name":"Climate Master","url":"https:\/\/climatemaster.ge\/","logo":{"@type":"ImageObject","inLanguage":"fr-FR","@id":"https:\/\/climatemaster.ge\/#\/schema\/logo\/image\/","url":"https:\/\/climatemaster.ge\/wp-content\/uploads\/2026\/03\/Untitled-2.png","contentUrl":"https:\/\/climatemaster.ge\/wp-content\/uploads\/2026\/03\/Untitled-2.png","width":600,"height":338,"caption":"Climate Master"},"image":{"@id":"https:\/\/climatemaster.ge\/#\/schema\/logo\/image\/"}}]}},"_links":{"self":[{"href":"https:\/\/climatemaster.ge\/fr\/wp-json\/wp\/v2\/product\/36926","targetHints":{"allow":["GET"]}}],"collection":[{"href":"https:\/\/climatemaster.ge\/fr\/wp-json\/wp\/v2\/product"}],"about":[{"href":"https:\/\/climatemaster.ge\/fr\/wp-json\/wp\/v2\/types\/product"}],"wp:featuredmedia":[{"embeddable":true,"href":"https:\/\/climatemaster.ge\/fr\/wp-json\/wp\/v2\/media\/38300"}],"wp:attachment":[{"href":"https:\/\/climatemaster.ge\/fr\/wp-json\/wp\/v2\/media?parent=36926"}],"wp:term":[{"taxonomy":"product_brand","embeddable":true,"href":"https:\/\/climatemaster.ge\/fr\/wp-json\/wp\/v2\/product_brand?post=36926"},{"taxonomy":"product_cat","embeddable":true,"href":"https:\/\/climatemaster.ge\/fr\/wp-json\/wp\/v2\/product_cat?post=36926"},{"taxonomy":"product_tag","embeddable":true,"href":"https:\/\/climatemaster.ge\/fr\/wp-json\/wp\/v2\/product_tag?post=36926"}],"curies":[{"name":"wp","href":"https:\/\/api.w.org\/{rel}","templated":true}]}}