{"id":36614,"date":"2025-09-04T17:25:43","date_gmt":"2025-09-04T13:25:43","guid":{"rendered":"https:\/\/airsystems.ge\/shop\/product\/c-c120-backdraft-smoke-closure\/"},"modified":"2025-09-04T17:38:24","modified_gmt":"2025-09-04T13:38:24","slug":"c-c120-backdraft-smoke-closure","status":"publish","type":"product","link":"https:\/\/climatemaster.ge\/fr\/produit\/c-c120-backdraft-smoke-closure\/","title":{"rendered":"C-C120 Fermeture anti-retour de fum\u00e9e"},"content":{"rendered":"<div class=\"mb-400 gtm-product-section container-fluid\" data-gtm-name=\"Benefits\" data-gtm-label=\"Benefits (en)\" data-gtm-vis-first-on-screen53434917_103=\"2033\" data-gtm-vis-total-visible-time53434917_103=\"1500\" data-gtm-vis-has-fired53434917_103=\"1\">\n<div class=\"row\">\n<div class=\"content-element content-element-product-benefit col-12 sm:col-6 mb-400\">\n<div class=\"bg-card px-300 py-250 mobile-nav:px-200 mobile-nav:py-150 h-full flex overflow-hidden card-border\">\n<div class=\"min-w-0\">\n<p><strong>\u00c9conomie d&rsquo;\u00e9nergie et durabilit\u00e9<\/strong><br \/>\nL&rsquo;alimentation en air n&rsquo;est pas n\u00e9cessaire en cas d&rsquo;incendie\u00a0; le gel des batteries d&rsquo;alimentation ne repr\u00e9sente donc aucun risque. Cette solution purement m\u00e9canique r\u00e9duit les co\u00fbts et l&rsquo;impact environnemental.<\/p>\n<p><strong>Protection int\u00e9grale, quelle que soit la position<\/strong><br \/>\nLa pr\u00e9vention automatique des fum\u00e9es froides, associ\u00e9e aux performances du E120S, garantit d&rsquo;excellentes performances quelle que soit la position d&rsquo;installation.<\/p>\n<p><strong>Silencieux et conforme<\/strong><br \/>\nLe C-C120 est silencieux et offre un faible niveau de fuite. Il est disponible en diff\u00e9rentes dimensions pour les syst\u00e8mes neufs et existants, conform\u00e9ment aux r\u00e9glementations en vigueur.<\/p>\n<p>Installation facile, maintenance r\u00e9duite<br \/>\nSa conception compacte \u00e9limine le besoin de conduits droits avant ou apr\u00e8s l&rsquo;installation, offrant une solution fiable, durable et n\u00e9cessitant peu d&rsquo;entretien.<\/p>\n<p>La protection contre la propagation des fum\u00e9es, qu&rsquo;elles soient froides ou chaudes, est assur\u00e9e par la fermeture des clapets anti-retour en cas de changement de direction du flux d&rsquo;air, emp\u00eachant ainsi la propagation de l&rsquo;air et des gaz d&rsquo;incendie dans le syst\u00e8me de ventilation.<\/p>\n<p>Le C-C120 est test\u00e9 selon les crit\u00e8res ES selon la norme EN 1366\u20132. Il se ferme instantan\u00e9ment en cas d&rsquo;interruption du flux d&rsquo;air. Son fonctionnement est enti\u00e8rement automatique, sans intervention ext\u00e9rieure, gr\u00e2ce \u00e0 des ailettes \u00e9quilibr\u00e9es. Cela garantit une protection anti-fum\u00e9e fiable et \u00e9conomique. Il reste \u00e9galement ferm\u00e9 en cas d&rsquo;incendie, qui g\u00e9n\u00e8re une surpression dans la zone concern\u00e9e.<\/p>\n<p>Pour faciliter l&rsquo;inspection du clapet anti-retour, un raccord de conduit flexible ou un accessoire d&rsquo;inspection peuvent \u00eatre utilis\u00e9s.<\/p>\n<\/div>\n<\/div>\n<\/div>\n<\/div>\n<\/div>\n<div class=\"content-container content-container-page gtm-product-section\" data-gtm-name=\"Content\" data-gtm-label=\"Content (en)\" data-gtm-vis-first-on-screen53434917_103=\"1342575\" data-gtm-vis-total-visible-time53434917_103=\"1500\" data-gtm-vis-has-fired53434917_103=\"1\">\n<div id=\"scroll-b5e3af27\" class=\"content-element content-element-grid gtm-component-grid mb-400 container-fluid\">\n<div class=\"row\">\n<div class=\"md:col-10 md:offset-1\">\n<div class=\"row gap-y-200 sm:gap-y-400\">\n<div class=\"content-container content-container-grid-cell col-12 md:col-6 lg:col-6\">\n<div id=\"scroll-6ef452e7\" class=\"content-element content-element-video gtm-component-video\">\n<div class=\"relative\">\n<p><iframe class=\"absolute inset-0 w-full h-full object-center object-contain\" title=\"Youtube Video\" src=\"https:\/\/www.youtube.com\/embed\/eiPsc60AB6g\" frameborder=\"0\" allowfullscreen=\"allowfullscreen\" data-mce-fragment=\"1\"><\/iframe><\/p>\n<\/div>\n<\/div>\n<\/div>\n<div class=\"content-container content-container-grid-cell col-12 md:col-6 lg:col-6\">\n<div id=\"scroll-bceb3092\" class=\"content-element content-element-video gtm-component-video\">\n<div class=\"relative\">\n<div class=\"block w-full\"><\/div>\n<p><iframe class=\"absolute inset-0 w-full h-full object-center object-contain\" title=\"Youtube Video\" src=\"https:\/\/www.youtube.com\/embed\/uCm0lECi0cs\" frameborder=\"0\" allowfullscreen=\"allowfullscreen\" data-mce-fragment=\"1\"><\/iframe><\/p>\n<\/div>\n<\/div>\n<\/div>\n<\/div>\n<\/div>\n<\/div>\n<\/div>\n<div id=\"scroll-Backdraft-Smoke-Closure\" class=\"content-element content-element-text-image component-is-flushed gtm-component-text-image TextImage_text-image-background-image__wcI_P py-200 md:py-400 TextImage_text-image--text-style-gradient__c6Qfr TextImage_text-image--inverted__5OHyc TextImage_text-container--height-auto__0A4BX\">\n<figure class=\"TextImage_image-container__cMVxK TextImage_text-image-col-image-caption--has-bg__VlYZ6\">\n<div class=\"TextImage_image-wrap__8ZLZA TextImage_image-wrap--crop-cover__wBKBY\"><img decoding=\"async\" id=\"\" class=\"object-right\" src=\"https:\/\/a.storyblok.com\/f\/108972\/3800x1280\/7f1e60e924\/heroimage_01_landscape_3to1.png\/m\/1920x0\/filters:quality(80)\" sizes=\"100vw\" srcset=\"https:\/\/a.storyblok.com\/f\/108972\/3800x1280\/7f1e60e924\/heroimage_01_landscape_3to1.png\/m\/640x0\/filters:quality(80) 640w, https:\/\/a.storyblok.com\/f\/108972\/3800x1280\/7f1e60e924\/heroimage_01_landscape_3to1.png\/m\/750x0\/filters:quality(80) 750w, https:\/\/a.storyblok.com\/f\/108972\/3800x1280\/7f1e60e924\/heroimage_01_landscape_3to1.png\/m\/828x0\/filters:quality(80) 828w, https:\/\/a.storyblok.com\/f\/108972\/3800x1280\/7f1e60e924\/heroimage_01_landscape_3to1.png\/m\/1080x0\/filters:quality(80) 1080w, https:\/\/a.storyblok.com\/f\/108972\/3800x1280\/7f1e60e924\/heroimage_01_landscape_3to1.png\/m\/1200x0\/filters:quality(80) 1200w, https:\/\/a.storyblok.com\/f\/108972\/3800x1280\/7f1e60e924\/heroimage_01_landscape_3to1.png\/m\/1920x0\/filters:quality(80) 1920w\" alt=\"\" data-nimg=\"responsive\" \/><\/div>\n<\/figure>\n<div class=\"TextImage_text-container__5GQB3 container-fluid\">\n<div class=\"row\">\n<div class=\"md:pb-100 md:self-center md:offset-1 md:col-4\">\n<div class=\"TextImage_text-inner__fNByg\">\n<div class=\"flex flex-col text-flow\">\n<h2 class=\"TextImage_text-image-headline__FwqZ7 whitespace-pre-line\">Fermeture anti-retour de fum\u00e9e<\/h2>\n<div class=\"richtext-wrap reset-margin-last TextImage_text-image-text-wrap__B_mcT\">\n<p>C-C120<\/p>\n<\/div>\n<\/div>\n<\/div>\n<\/div>\n<\/div>\n<\/div>\n<\/div>\n<div id=\"scroll-All-Round-Protection-In-Every-Position\" class=\"content-element content-element-text-image gtm-component-text-image container-fluid\">\n<div class=\"row flex-row-reverse justify-end\">\n<div class=\"flex items-center md:col-6\">\n<figure class=\"w-full flex flex-col\">\n<div class=\"TextImage_text-image-col-image-img-container__3Fpb_ flex flex-1 relative\"><img decoding=\"async\" id=\"\" class=\"object-center\" src=\"https:\/\/a.storyblok.com\/f\/108972\/6051x4000\/1e60b9b64f\/c-c120_web01.png\/m\/1920x0\/filters:quality(80)\" sizes=\"(min-width: 768px) 40vw, 90vw\" srcset=\"https:\/\/a.storyblok.com\/f\/108972\/6051x4000\/1e60b9b64f\/c-c120_web01.png\/m\/256x0\/filters:quality(80) 256w, https:\/\/a.storyblok.com\/f\/108972\/6051x4000\/1e60b9b64f\/c-c120_web01.png\/m\/384x0\/filters:quality(80) 384w, https:\/\/a.storyblok.com\/f\/108972\/6051x4000\/1e60b9b64f\/c-c120_web01.png\/m\/640x0\/filters:quality(80) 640w, https:\/\/a.storyblok.com\/f\/108972\/6051x4000\/1e60b9b64f\/c-c120_web01.png\/m\/750x0\/filters:quality(80) 750w, https:\/\/a.storyblok.com\/f\/108972\/6051x4000\/1e60b9b64f\/c-c120_web01.png\/m\/828x0\/filters:quality(80) 828w, https:\/\/a.storyblok.com\/f\/108972\/6051x4000\/1e60b9b64f\/c-c120_web01.png\/m\/1080x0\/filters:quality(80) 1080w, https:\/\/a.storyblok.com\/f\/108972\/6051x4000\/1e60b9b64f\/c-c120_web01.png\/m\/1200x0\/filters:quality(80) 1200w, https:\/\/a.storyblok.com\/f\/108972\/6051x4000\/1e60b9b64f\/c-c120_web01.png\/m\/1920x0\/filters:quality(80) 1920w\" alt=\"\" data-nimg=\"responsive\" \/><\/div>\n<\/figure>\n<\/div>\n<div class=\"md:offset-1 md:col-4 md:mr-auto sm-max:pt-200 md:pb-100 md:self-center\">\n<div class=\"flex flex-col text-flow first-heading\">\n<h2 class=\"TextImage_text-image-headline__FwqZ7 whitespace-pre-line\">Protection int\u00e9grale, quelle que soit la position<br \/>\nLa fermeture automatique de la fum\u00e9e froide, associ\u00e9e aux performances du E120S, garantit d&rsquo;excellentes performances quelle que soit la position d&rsquo;installation.<\/h2>\n<\/div>\n<\/div>\n<\/div>\n<\/div>\n<div id=\"scroll-Energy-Saving-and-Sustainable\" class=\"content-element content-element-text-image gtm-component-text-image container-fluid\">\n<div class=\"row\">\n<div class=\"flex items-center md:offset-1 md:col-6\">\n<figure class=\"w-full flex flex-col\">\n<div class=\"TextImage_text-image-col-image-img-container__3Fpb_ flex flex-1 relative\"><img decoding=\"async\" id=\"\" class=\"object-center\" src=\"https:\/\/a.storyblok.com\/f\/108972\/5103x4000\/9c80d8b6f2\/c-c120_web03.png\/m\/1920x0\/filters:quality(80)\" sizes=\"(min-width: 768px) 40vw, 90vw\" srcset=\"https:\/\/a.storyblok.com\/f\/108972\/5103x4000\/9c80d8b6f2\/c-c120_web03.png\/m\/256x0\/filters:quality(80) 256w, https:\/\/a.storyblok.com\/f\/108972\/5103x4000\/9c80d8b6f2\/c-c120_web03.png\/m\/384x0\/filters:quality(80) 384w, https:\/\/a.storyblok.com\/f\/108972\/5103x4000\/9c80d8b6f2\/c-c120_web03.png\/m\/640x0\/filters:quality(80) 640w, https:\/\/a.storyblok.com\/f\/108972\/5103x4000\/9c80d8b6f2\/c-c120_web03.png\/m\/750x0\/filters:quality(80) 750w, https:\/\/a.storyblok.com\/f\/108972\/5103x4000\/9c80d8b6f2\/c-c120_web03.png\/m\/828x0\/filters:quality(80) 828w, https:\/\/a.storyblok.com\/f\/108972\/5103x4000\/9c80d8b6f2\/c-c120_web03.png\/m\/1080x0\/filters:quality(80) 1080w, https:\/\/a.storyblok.com\/f\/108972\/5103x4000\/9c80d8b6f2\/c-c120_web03.png\/m\/1200x0\/filters:quality(80) 1200w, https:\/\/a.storyblok.com\/f\/108972\/5103x4000\/9c80d8b6f2\/c-c120_web03.png\/m\/1920x0\/filters:quality(80) 1920w\" alt=\"\" data-nimg=\"responsive\" \/><\/div>\n<\/figure>\n<\/div>\n<div class=\"md:col-4 md:offset-1 sm-max:pt-200 md:pb-100 md:self-center\">\n<div class=\"flex flex-col text-flow first-heading\">\n<h2 class=\"TextImage_text-image-headline__FwqZ7 whitespace-pre-line\">\u00c9conomie d&rsquo;\u00e9nergie et durabilit\u00e9<br \/>\nL&rsquo;alimentation en air n&rsquo;est pas n\u00e9cessaire en cas d&rsquo;incendie\u00a0; le gel des batteries d&rsquo;alimentation ne repr\u00e9sente donc aucun risque. Cette solution purement m\u00e9canique r\u00e9duit les co\u00fbts et l&rsquo;impact environnemental.<\/h2>\n<\/div>\n<\/div>\n<\/div>\n<\/div>\n<div id=\"scroll-Quiet-and-Compliant\" class=\"content-element content-element-text-image gtm-component-text-image container-fluid\">\n<div class=\"row flex-row-reverse justify-end\">\n<div class=\"flex items-center md:col-6\">\n<figure class=\"w-full flex flex-col\">\n<div class=\"TextImage_text-image-col-image-img-container__3Fpb_ flex flex-1 relative\"><img decoding=\"async\" id=\"\" class=\"object-center\" src=\"https:\/\/a.storyblok.com\/f\/108972\/5103x4000\/76c84f3125\/c-c120_web02.png\/m\/1920x0\/filters:quality(80)\" sizes=\"(min-width: 768px) 40vw, 90vw\" srcset=\"https:\/\/a.storyblok.com\/f\/108972\/5103x4000\/76c84f3125\/c-c120_web02.png\/m\/256x0\/filters:quality(80) 256w, https:\/\/a.storyblok.com\/f\/108972\/5103x4000\/76c84f3125\/c-c120_web02.png\/m\/384x0\/filters:quality(80) 384w, https:\/\/a.storyblok.com\/f\/108972\/5103x4000\/76c84f3125\/c-c120_web02.png\/m\/640x0\/filters:quality(80) 640w, https:\/\/a.storyblok.com\/f\/108972\/5103x4000\/76c84f3125\/c-c120_web02.png\/m\/750x0\/filters:quality(80) 750w, https:\/\/a.storyblok.com\/f\/108972\/5103x4000\/76c84f3125\/c-c120_web02.png\/m\/828x0\/filters:quality(80) 828w, https:\/\/a.storyblok.com\/f\/108972\/5103x4000\/76c84f3125\/c-c120_web02.png\/m\/1080x0\/filters:quality(80) 1080w, https:\/\/a.storyblok.com\/f\/108972\/5103x4000\/76c84f3125\/c-c120_web02.png\/m\/1200x0\/filters:quality(80) 1200w, https:\/\/a.storyblok.com\/f\/108972\/5103x4000\/76c84f3125\/c-c120_web02.png\/m\/1920x0\/filters:quality(80) 1920w\" alt=\"\" data-nimg=\"responsive\" \/><\/div>\n<\/figure>\n<\/div>\n<div class=\"md:offset-1 md:col-4 md:mr-auto sm-max:pt-200 md:pb-100 md:self-center\">\n<div class=\"flex flex-col text-flow first-heading\">\n<h2 class=\"TextImage_text-image-headline__FwqZ7 whitespace-pre-line\">Silencieux et conforme<br \/>\nLe C-C120 est silencieux et offre un faible niveau de fuite. Disponible en diff\u00e9rentes dimensions pour les syst\u00e8mes neufs et existants, il est conforme aux r\u00e9glementations en vigueur.<\/h2>\n<\/div>\n<\/div>\n<\/div>\n<\/div>\n<div id=\"scroll-Effortless-Installation-Low-Maintenance\" class=\"content-element content-element-text-image gtm-component-text-image container-fluid\">\n<div class=\"row\">\n<div class=\"flex items-center md:offset-1 md:col-6\">\n<figure class=\"w-full flex flex-col\">\n<div class=\"TextImage_text-image-col-image-img-container__3Fpb_ flex flex-1 relative\"><img decoding=\"async\" id=\"\" class=\"object-center\" src=\"https:\/\/a.storyblok.com\/f\/108972\/6051x4000\/3e22c4ca23\/c-c120_sizes.png\/m\/1920x0\/filters:quality(80)\" sizes=\"(min-width: 768px) 40vw, 90vw\" srcset=\"https:\/\/a.storyblok.com\/f\/108972\/6051x4000\/3e22c4ca23\/c-c120_sizes.png\/m\/256x0\/filters:quality(80) 256w, https:\/\/a.storyblok.com\/f\/108972\/6051x4000\/3e22c4ca23\/c-c120_sizes.png\/m\/384x0\/filters:quality(80) 384w, https:\/\/a.storyblok.com\/f\/108972\/6051x4000\/3e22c4ca23\/c-c120_sizes.png\/m\/640x0\/filters:quality(80) 640w, https:\/\/a.storyblok.com\/f\/108972\/6051x4000\/3e22c4ca23\/c-c120_sizes.png\/m\/750x0\/filters:quality(80) 750w, https:\/\/a.storyblok.com\/f\/108972\/6051x4000\/3e22c4ca23\/c-c120_sizes.png\/m\/828x0\/filters:quality(80) 828w, https:\/\/a.storyblok.com\/f\/108972\/6051x4000\/3e22c4ca23\/c-c120_sizes.png\/m\/1080x0\/filters:quality(80) 1080w, https:\/\/a.storyblok.com\/f\/108972\/6051x4000\/3e22c4ca23\/c-c120_sizes.png\/m\/1200x0\/filters:quality(80) 1200w, https:\/\/a.storyblok.com\/f\/108972\/6051x4000\/3e22c4ca23\/c-c120_sizes.png\/m\/1920x0\/filters:quality(80) 1920w\" alt=\"\" data-nimg=\"responsive\" \/><\/div>\n<\/figure>\n<\/div>\n<div class=\"md:col-4 md:offset-1 sm-max:pt-200 md:pb-100 md:self-center\">\n<div class=\"flex flex-col text-flow first-heading\">\n<p><strong>nstallation facile, maintenance r\u00e9duite<\/strong><br \/>\nSa conception compacte \u00e9limine le besoin de conduits droits avant ou apr\u00e8s l&rsquo;installation, offrant une solution fiable, durable et n\u00e9cessitant peu d&rsquo;entretien.<\/p>\n<p><strong>Pas besoin d&rsquo;\u00e9lectricit\u00e9\u00a0!<\/strong><br \/>\nLa s\u00e9curit\u00e9 en toute simplicit\u00e9<br \/>\nGr\u00e2ce \u00e0 la physique pure, le C-C120 offre un confinement puissant et durable des incendies et des fum\u00e9es, sans \u00e9lectricit\u00e9 ni \u00e9nergie suppl\u00e9mentaire.<\/p>\n<p>Documentation<\/p>\n<\/div>\n<\/div>\n<\/div>\n<\/div>\n<\/div>\n<div class=\"mb-400 mt-700 relative container-fluid\">\n<div class=\"gtm-product-section\" data-gtm-name=\"Documentation\" data-gtm-label=\"Documentation\" data-offset=\"0\" data-gtm-vis-first-on-screen53434917_103=\"1346364\" data-gtm-vis-total-visible-time53434917_103=\"1500\" data-gtm-vis-has-fired53434917_103=\"1\">\n<div class=\"row gap-y-150 mb-200 desktop-nav:mb-0 md ProductPageISSections_product-info-header___9p5M\">\n<div class=\" col-12 md:col-6 md:text-right print:hidden flex items-center justify-end mobile-nav:flex-col gap-050 \">\n<div class=\"\"><button class=\"gtm-product-specsheet-link btn btn-secondary btn-small btn-icon-left xs-max:btn-block\">Download spec sheet<\/button><\/div>\n<\/div>\n<\/div>\n<\/div>\n<\/div>\n","protected":false},"excerpt":{"rendered":"<p>Fermeture anti-retour de fum\u00e9e<\/p>\n<p>Performances du E120S<\/p>\n<p>Pr\u00e9vention des fum\u00e9es froides<\/p>\n<p>Polyvalent &#8211; Toutes positions d&rsquo;installation<\/p>\n<p>Performances stables, sans oscillation (m\u00eame en phase de refroidissement)<\/p>\n<p>Faible niveau de puissance acoustique et faible perte de charge<\/p>\n<p>\u00c9cologique &#8211; Aucune alimentation \u00e9lectrique n\u00e9cessaire pour l&rsquo;activation<\/p>\n","protected":false},"featured_media":36591,"template":"","meta":[],"product_brand":[],"product_cat":[1829,1823,1772],"product_tag":[],"class_list":{"0":"post-36614","1":"product","2":"type-product","3":"status-publish","4":"has-post-thumbnail","6":"product_cat-fermetures-anti-fumee-circulaires","7":"product_cat-fermetures-etanches-a-la-fumee","8":"product_cat-securite-incendie","10":"first","11":"instock","12":"shipping-taxable","13":"product-type-simple"},"yoast_head":"<!-- This site is optimized with the Yoast SEO plugin v27.1.1 - https:\/\/yoast.com\/product\/yoast-seo-wordpress\/ -->\n<title>C-C120 Fermeture anti-retour de fum\u00e9e - Climate Master<\/title>\n<meta name=\"robots\" content=\"index, follow, max-snippet:-1, max-image-preview:large, max-video-preview:-1\" \/>\n<link rel=\"canonical\" href=\"https:\/\/climatemaster.ge\/fr\/produit\/c-c120-backdraft-smoke-closure\/\" \/>\n<meta property=\"og:locale\" content=\"fr_FR\" \/>\n<meta property=\"og:type\" content=\"article\" \/>\n<meta property=\"og:title\" content=\"C-C120 Fermeture anti-retour de fum\u00e9e - Climate Master\" \/>\n<meta property=\"og:description\" content=\"Fermeture anti-retour de fum\u00e9e  Performances du E120S  Pr\u00e9vention des fum\u00e9es froides  Polyvalent - Toutes positions d&#039;installation  Performances stables, sans oscillation (m\u00eame en phase de refroidissement)  Faible niveau de puissance acoustique et faible perte de charge  \u00c9cologique - Aucune alimentation \u00e9lectrique n\u00e9cessaire pour l&#039;activation\" \/>\n<meta property=\"og:url\" content=\"https:\/\/climatemaster.ge\/fr\/produit\/c-c120-backdraft-smoke-closure\/\" \/>\n<meta property=\"og:site_name\" content=\"Climate Master\" \/>\n<meta property=\"article:modified_time\" content=\"2025-09-04T13:38:24+00:00\" \/>\n<meta property=\"og:image\" content=\"https:\/\/climatemaster.ge\/wp-content\/uploads\/2025\/09\/C-C120_OPEN_HQ.jpg\" \/>\n\t<meta property=\"og:image:width\" content=\"384\" \/>\n\t<meta property=\"og:image:height\" content=\"288\" \/>\n\t<meta property=\"og:image:type\" content=\"image\/jpeg\" \/>\n<meta name=\"twitter:card\" content=\"summary_large_image\" \/>\n<meta name=\"twitter:label1\" content=\"Dur\u00e9e de lecture estim\u00e9e\" \/>\n\t<meta name=\"twitter:data1\" content=\"2 minutes\" \/>\n<script type=\"application\/ld+json\" class=\"yoast-schema-graph\">{\"@context\":\"https:\/\/schema.org\",\"@graph\":[{\"@type\":\"WebPage\",\"@id\":\"https:\/\/climatemaster.ge\/fr\/produit\/c-c120-backdraft-smoke-closure\/\",\"url\":\"https:\/\/climatemaster.ge\/fr\/produit\/c-c120-backdraft-smoke-closure\/\",\"name\":\"C-C120 Fermeture anti-retour de fum\u00e9e - Climate Master\",\"isPartOf\":{\"@id\":\"https:\/\/climatemaster.ge\/#website\"},\"primaryImageOfPage\":{\"@id\":\"https:\/\/climatemaster.ge\/fr\/produit\/c-c120-backdraft-smoke-closure\/#primaryimage\"},\"image\":{\"@id\":\"https:\/\/climatemaster.ge\/fr\/produit\/c-c120-backdraft-smoke-closure\/#primaryimage\"},\"thumbnailUrl\":\"https:\/\/climatemaster.ge\/wp-content\/uploads\/2025\/09\/C-C120_OPEN_HQ.jpg\",\"datePublished\":\"2025-09-04T13:25:43+00:00\",\"dateModified\":\"2025-09-04T13:38:24+00:00\",\"breadcrumb\":{\"@id\":\"https:\/\/climatemaster.ge\/fr\/produit\/c-c120-backdraft-smoke-closure\/#breadcrumb\"},\"inLanguage\":\"fr-FR\",\"potentialAction\":[{\"@type\":\"ReadAction\",\"target\":[\"https:\/\/climatemaster.ge\/fr\/produit\/c-c120-backdraft-smoke-closure\/\"]}]},{\"@type\":\"ImageObject\",\"inLanguage\":\"fr-FR\",\"@id\":\"https:\/\/climatemaster.ge\/fr\/produit\/c-c120-backdraft-smoke-closure\/#primaryimage\",\"url\":\"https:\/\/climatemaster.ge\/wp-content\/uploads\/2025\/09\/C-C120_OPEN_HQ.jpg\",\"contentUrl\":\"https:\/\/climatemaster.ge\/wp-content\/uploads\/2025\/09\/C-C120_OPEN_HQ.jpg\",\"width\":384,\"height\":288},{\"@type\":\"BreadcrumbList\",\"@id\":\"https:\/\/climatemaster.ge\/fr\/produit\/c-c120-backdraft-smoke-closure\/#breadcrumb\",\"itemListElement\":[{\"@type\":\"ListItem\",\"position\":1,\"name\":\"Home\",\"item\":\"https:\/\/climatemaster.ge\/\"},{\"@type\":\"ListItem\",\"position\":2,\"name\":\"Products\",\"item\":\"https:\/\/climatemaster.ge\/products\/\"},{\"@type\":\"ListItem\",\"position\":3,\"name\":\"C-C120 Fermeture anti-retour de fum\u00e9e\"}]},{\"@type\":\"WebSite\",\"@id\":\"https:\/\/climatemaster.ge\/#website\",\"url\":\"https:\/\/climatemaster.ge\/\",\"name\":\"Climate Master\",\"description\":\"\",\"publisher\":{\"@id\":\"https:\/\/climatemaster.ge\/#organization\"},\"potentialAction\":[{\"@type\":\"SearchAction\",\"target\":{\"@type\":\"EntryPoint\",\"urlTemplate\":\"https:\/\/climatemaster.ge\/?s={search_term_string}\"},\"query-input\":{\"@type\":\"PropertyValueSpecification\",\"valueRequired\":true,\"valueName\":\"search_term_string\"}}],\"inLanguage\":\"fr-FR\"},{\"@type\":\"Organization\",\"@id\":\"https:\/\/climatemaster.ge\/#organization\",\"name\":\"Climate Master\",\"url\":\"https:\/\/climatemaster.ge\/\",\"logo\":{\"@type\":\"ImageObject\",\"inLanguage\":\"fr-FR\",\"@id\":\"https:\/\/climatemaster.ge\/#\/schema\/logo\/image\/\",\"url\":\"https:\/\/climatemaster.ge\/wp-content\/uploads\/2026\/03\/Untitled-2.png\",\"contentUrl\":\"https:\/\/climatemaster.ge\/wp-content\/uploads\/2026\/03\/Untitled-2.png\",\"width\":600,\"height\":338,\"caption\":\"Climate Master\"},\"image\":{\"@id\":\"https:\/\/climatemaster.ge\/#\/schema\/logo\/image\/\"}}]}<\/script>\n<!-- \/ Yoast SEO plugin. -->","yoast_head_json":{"title":"C-C120 Fermeture anti-retour de fum\u00e9e - Climate Master","robots":{"index":"index","follow":"follow","max-snippet":"max-snippet:-1","max-image-preview":"max-image-preview:large","max-video-preview":"max-video-preview:-1"},"canonical":"https:\/\/climatemaster.ge\/fr\/produit\/c-c120-backdraft-smoke-closure\/","og_locale":"fr_FR","og_type":"article","og_title":"C-C120 Fermeture anti-retour de fum\u00e9e - Climate Master","og_description":"Fermeture anti-retour de fum\u00e9e  Performances du E120S  Pr\u00e9vention des fum\u00e9es froides  Polyvalent - Toutes positions d'installation  Performances stables, sans oscillation (m\u00eame en phase de refroidissement)  Faible niveau de puissance acoustique et faible perte de charge  \u00c9cologique - Aucune alimentation \u00e9lectrique n\u00e9cessaire pour l'activation","og_url":"https:\/\/climatemaster.ge\/fr\/produit\/c-c120-backdraft-smoke-closure\/","og_site_name":"Climate Master","article_modified_time":"2025-09-04T13:38:24+00:00","og_image":[{"width":384,"height":288,"url":"https:\/\/climatemaster.ge\/wp-content\/uploads\/2025\/09\/C-C120_OPEN_HQ.jpg","type":"image\/jpeg"}],"twitter_card":"summary_large_image","twitter_misc":{"Dur\u00e9e de lecture estim\u00e9e":"2 minutes"},"schema":{"@context":"https:\/\/schema.org","@graph":[{"@type":"WebPage","@id":"https:\/\/climatemaster.ge\/fr\/produit\/c-c120-backdraft-smoke-closure\/","url":"https:\/\/climatemaster.ge\/fr\/produit\/c-c120-backdraft-smoke-closure\/","name":"C-C120 Fermeture anti-retour de fum\u00e9e - Climate Master","isPartOf":{"@id":"https:\/\/climatemaster.ge\/#website"},"primaryImageOfPage":{"@id":"https:\/\/climatemaster.ge\/fr\/produit\/c-c120-backdraft-smoke-closure\/#primaryimage"},"image":{"@id":"https:\/\/climatemaster.ge\/fr\/produit\/c-c120-backdraft-smoke-closure\/#primaryimage"},"thumbnailUrl":"https:\/\/climatemaster.ge\/wp-content\/uploads\/2025\/09\/C-C120_OPEN_HQ.jpg","datePublished":"2025-09-04T13:25:43+00:00","dateModified":"2025-09-04T13:38:24+00:00","breadcrumb":{"@id":"https:\/\/climatemaster.ge\/fr\/produit\/c-c120-backdraft-smoke-closure\/#breadcrumb"},"inLanguage":"fr-FR","potentialAction":[{"@type":"ReadAction","target":["https:\/\/climatemaster.ge\/fr\/produit\/c-c120-backdraft-smoke-closure\/"]}]},{"@type":"ImageObject","inLanguage":"fr-FR","@id":"https:\/\/climatemaster.ge\/fr\/produit\/c-c120-backdraft-smoke-closure\/#primaryimage","url":"https:\/\/climatemaster.ge\/wp-content\/uploads\/2025\/09\/C-C120_OPEN_HQ.jpg","contentUrl":"https:\/\/climatemaster.ge\/wp-content\/uploads\/2025\/09\/C-C120_OPEN_HQ.jpg","width":384,"height":288},{"@type":"BreadcrumbList","@id":"https:\/\/climatemaster.ge\/fr\/produit\/c-c120-backdraft-smoke-closure\/#breadcrumb","itemListElement":[{"@type":"ListItem","position":1,"name":"Home","item":"https:\/\/climatemaster.ge\/"},{"@type":"ListItem","position":2,"name":"Products","item":"https:\/\/climatemaster.ge\/products\/"},{"@type":"ListItem","position":3,"name":"C-C120 Fermeture anti-retour de fum\u00e9e"}]},{"@type":"WebSite","@id":"https:\/\/climatemaster.ge\/#website","url":"https:\/\/climatemaster.ge\/","name":"Climate Master","description":"","publisher":{"@id":"https:\/\/climatemaster.ge\/#organization"},"potentialAction":[{"@type":"SearchAction","target":{"@type":"EntryPoint","urlTemplate":"https:\/\/climatemaster.ge\/?s={search_term_string}"},"query-input":{"@type":"PropertyValueSpecification","valueRequired":true,"valueName":"search_term_string"}}],"inLanguage":"fr-FR"},{"@type":"Organization","@id":"https:\/\/climatemaster.ge\/#organization","name":"Climate Master","url":"https:\/\/climatemaster.ge\/","logo":{"@type":"ImageObject","inLanguage":"fr-FR","@id":"https:\/\/climatemaster.ge\/#\/schema\/logo\/image\/","url":"https:\/\/climatemaster.ge\/wp-content\/uploads\/2026\/03\/Untitled-2.png","contentUrl":"https:\/\/climatemaster.ge\/wp-content\/uploads\/2026\/03\/Untitled-2.png","width":600,"height":338,"caption":"Climate Master"},"image":{"@id":"https:\/\/climatemaster.ge\/#\/schema\/logo\/image\/"}}]}},"_links":{"self":[{"href":"https:\/\/climatemaster.ge\/fr\/wp-json\/wp\/v2\/product\/36614","targetHints":{"allow":["GET"]}}],"collection":[{"href":"https:\/\/climatemaster.ge\/fr\/wp-json\/wp\/v2\/product"}],"about":[{"href":"https:\/\/climatemaster.ge\/fr\/wp-json\/wp\/v2\/types\/product"}],"wp:featuredmedia":[{"embeddable":true,"href":"https:\/\/climatemaster.ge\/fr\/wp-json\/wp\/v2\/media\/36591"}],"wp:attachment":[{"href":"https:\/\/climatemaster.ge\/fr\/wp-json\/wp\/v2\/media?parent=36614"}],"wp:term":[{"taxonomy":"product_brand","embeddable":true,"href":"https:\/\/climatemaster.ge\/fr\/wp-json\/wp\/v2\/product_brand?post=36614"},{"taxonomy":"product_cat","embeddable":true,"href":"https:\/\/climatemaster.ge\/fr\/wp-json\/wp\/v2\/product_cat?post=36614"},{"taxonomy":"product_tag","embeddable":true,"href":"https:\/\/climatemaster.ge\/fr\/wp-json\/wp\/v2\/product_tag?post=36614"}],"curies":[{"name":"wp","href":"https:\/\/api.w.org\/{rel}","templated":true}]}}