{"id":36555,"date":"2025-09-04T16:26:20","date_gmt":"2025-09-04T12:26:20","guid":{"rendered":"https:\/\/airsystems.ge\/shop\/product\/dkis1-rectangular-smoke-control-dampers\/"},"modified":"2025-09-04T16:30:33","modified_gmt":"2025-09-04T12:30:33","slug":"dkis1-rectangular-smoke-control-dampers","status":"publish","type":"product","link":"https:\/\/climatemaster.ge\/fr\/produit\/dkis1-rectangular-smoke-control-dampers\/","title":{"rendered":"Volets de d\u00e9senfumage rectangulaires DKIS1"},"content":{"rendered":"<div class=\"mb-400 gtm-product-section container-fluid\" data-gtm-name=\"Benefits\" data-gtm-label=\"Benefits (en)\" data-gtm-vis-recent-on-screen53434917_103=\"1468\" data-gtm-vis-first-on-screen53434917_103=\"1468\" data-gtm-vis-total-visible-time53434917_103=\"1500\" data-gtm-vis-has-fired53434917_103=\"1\">\n<div class=\"row\">\n<div class=\"content-element content-element-product-benefit col-12 sm:col-6 mb-400\">\n<div class=\"bg-card px-300 py-250 mobile-nav:px-200 mobile-nav:py-150 h-full flex overflow-hidden card-border\">\n<div class=\"min-w-0\">\n<p><strong>Compartiment coupe-feu unique<\/strong><br \/>\nLe DKIS1 est un volet de d\u00e9senfumage rectangulaire destin\u00e9 \u00e0 \u00eatre utilis\u00e9 dans un seul compartiment coupe-feu.<\/p>\n<p><strong>Deux positions de s\u00e9curit\u00e9<\/strong><br \/>\nLe DKIS1 est un composant des syst\u00e8mes de ventilation par \u00e9vacuation de fum\u00e9es et de chaleur et dispose de deux positions de s\u00e9curit\u00e9.<\/p>\n<p><strong>\u00c9tanch\u00e9it\u00e9<\/strong><br \/>\nLes volets de d\u00e9senfumage mono-compartiment DKIS1 pr\u00e9sentent une \u00e9tanch\u00e9it\u00e9 lame\/caisson de classe 2\/B, conform\u00e9ment \u00e0 la norme EN 1751.<\/p>\n<p>Le DKIS1 est un volet de d\u00e9senfumage rectangulaire destin\u00e9 \u00e0 \u00eatre utilis\u00e9 dans un seul compartiment coupe-feu. Il constitue un \u00e9l\u00e9ment de s\u00e9curit\u00e9 essentiel des syst\u00e8mes de ventilation par \u00e9vacuation de fum\u00e9es et de chaleur (DENFC) et est con\u00e7u pour \u00eatre install\u00e9 dans les conduits de DENFC, \u00e0 l&rsquo;abri des intemp\u00e9ries. En cas d&rsquo;incendie, le clapet s&rsquo;ouvre et \u00e9vacue la chaleur et la fum\u00e9e du compartiment concern\u00e9 par l&rsquo;incendie gr\u00e2ce \u00e0 un ventilateur sp\u00e9cial. Il peut \u00e9galement se fermer pour emp\u00eacher la propagation de la fum\u00e9e et de la chaleur dans le compartiment non touch\u00e9 par l&rsquo;incendie. Tous les clapets de d\u00e9senfumage sont \u00e9quip\u00e9s de s\u00e9rie d&rsquo;un servomoteur \u00e9lectrique.<\/p>\n<p>Les clapets de d\u00e9senfumage Systemair sont silencieux. Le bruit est accru uniquement \u00e0 la fermeture ou \u00e0 l&rsquo;ouverture du clapet, en cas d&rsquo;inspection ou d&rsquo;incendie. Par d\u00e9faut, tous les clapets de d\u00e9senfumage DKIS1 sont fournis avec un servomoteur \u00e0 microcontacts. Le clapet de d\u00e9senfumage s&rsquo;ouvre ou se ferme sur signal du syst\u00e8me de gestion technique du b\u00e2timent ou du d\u00e9tecteur de fum\u00e9e connect\u00e9. Le servomoteur se ferme en 60 secondes et ne n\u00e9cessite pas de capot coupe-feu. D&rsquo;autres dimensions sont disponibles dans cette gamme.<\/p>\n<p><strong>Sp\u00e9cifications techniques<\/strong><\/p>\n<\/div>\n<\/div>\n<\/div>\n<\/div>\n<\/div>\n<div class=\"mb-400 mt-700 relative container-fluid\">\n<div class=\"gtm-product-section\" data-gtm-name=\"Tech specs\" data-gtm-label=\"Tech specs\" data-offset=\"0\" data-gtm-vis-recent-on-screen53434917_103=\"86684\" data-gtm-vis-first-on-screen53434917_103=\"86684\" data-gtm-vis-total-visible-time53434917_103=\"1500\" data-gtm-vis-has-fired53434917_103=\"1\">\n<div class=\"row gap-y-150 mb-200 desktop-nav:mb-0 md ProductPageISSections_product-info-header___9p5M\">\n<div class=\" col-12 md:col-6 md:text-right print:hidden flex items-center justify-end mobile-nav:flex-col gap-050 \">\n<div class=\"whitespace-nowrap mobile-nav:w-full\"><button class=\"gtm-product-specsheet-link btn btn-secondary btn-small btn-icon-left xs-max:btn-block\">Download spec sheet<\/button><\/div>\n<\/div>\n<\/div>\n<\/div>\n<\/div>\n","protected":false},"excerpt":{"rendered":"<p>Volet de d\u00e9senfumage mono-compartiment \u00e0 d\u00e9clenchement automatique, adapt\u00e9 aux syst\u00e8mes de ventilation par \u00e9vacuation de fum\u00e9es et de chaleur.<\/p>\n<p>D\u00e9clenchement automatique<\/p>\n<p>Commande par servomoteur<\/p>\n<p>Construction robuste<\/p>\n<p>Conception compacte<\/p>\n","protected":false},"featured_media":36550,"template":"","meta":[],"product_brand":[],"product_cat":[1772,1797,1810],"product_tag":[],"class_list":{"0":"post-36555","1":"product","2":"type-product","3":"status-publish","4":"has-post-thumbnail","6":"product_cat-securite-incendie","7":"product_cat-volets-de-desenfumage","8":"product_cat-volets-de-desenfumage-rectangulaires","10":"first","11":"instock","12":"shipping-taxable","13":"product-type-simple"},"yoast_head":"<!-- This site is optimized with the Yoast SEO plugin v27.1.1 - https:\/\/yoast.com\/product\/yoast-seo-wordpress\/ -->\n<title>Volets de d\u00e9senfumage rectangulaires DKIS1 - Climate Master<\/title>\n<meta name=\"robots\" content=\"index, follow, max-snippet:-1, max-image-preview:large, max-video-preview:-1\" \/>\n<link rel=\"canonical\" href=\"https:\/\/climatemaster.ge\/fr\/produit\/dkis1-rectangular-smoke-control-dampers\/\" \/>\n<meta property=\"og:locale\" content=\"fr_FR\" \/>\n<meta property=\"og:type\" content=\"article\" \/>\n<meta property=\"og:title\" content=\"Volets de d\u00e9senfumage rectangulaires DKIS1 - Climate Master\" \/>\n<meta property=\"og:description\" content=\"Volet de d\u00e9senfumage mono-compartiment \u00e0 d\u00e9clenchement automatique, adapt\u00e9 aux syst\u00e8mes de ventilation par \u00e9vacuation de fum\u00e9es et de chaleur.  D\u00e9clenchement automatique  Commande par servomoteur  Construction robuste  Conception compacte\" \/>\n<meta property=\"og:url\" content=\"https:\/\/climatemaster.ge\/fr\/produit\/dkis1-rectangular-smoke-control-dampers\/\" \/>\n<meta property=\"og:site_name\" content=\"Climate Master\" \/>\n<meta property=\"article:modified_time\" content=\"2025-09-04T12:30:33+00:00\" \/>\n<meta property=\"og:image\" content=\"https:\/\/climatemaster.ge\/wp-content\/uploads\/2025\/09\/PRODUCT-MAIN-IMAGE_DKIS1.jpg\" \/>\n\t<meta property=\"og:image:width\" content=\"384\" \/>\n\t<meta property=\"og:image:height\" content=\"288\" \/>\n\t<meta property=\"og:image:type\" content=\"image\/jpeg\" \/>\n<meta name=\"twitter:card\" content=\"summary_large_image\" \/>\n<meta name=\"twitter:label1\" content=\"Dur\u00e9e de lecture estim\u00e9e\" \/>\n\t<meta name=\"twitter:data1\" content=\"1 minute\" \/>\n<script type=\"application\/ld+json\" class=\"yoast-schema-graph\">{\"@context\":\"https:\/\/schema.org\",\"@graph\":[{\"@type\":\"WebPage\",\"@id\":\"https:\/\/climatemaster.ge\/fr\/produit\/dkis1-rectangular-smoke-control-dampers\/\",\"url\":\"https:\/\/climatemaster.ge\/fr\/produit\/dkis1-rectangular-smoke-control-dampers\/\",\"name\":\"Volets de d\u00e9senfumage rectangulaires DKIS1 - Climate Master\",\"isPartOf\":{\"@id\":\"https:\/\/climatemaster.ge\/#website\"},\"primaryImageOfPage\":{\"@id\":\"https:\/\/climatemaster.ge\/fr\/produit\/dkis1-rectangular-smoke-control-dampers\/#primaryimage\"},\"image\":{\"@id\":\"https:\/\/climatemaster.ge\/fr\/produit\/dkis1-rectangular-smoke-control-dampers\/#primaryimage\"},\"thumbnailUrl\":\"https:\/\/climatemaster.ge\/wp-content\/uploads\/2025\/09\/PRODUCT-MAIN-IMAGE_DKIS1.jpg\",\"datePublished\":\"2025-09-04T12:26:20+00:00\",\"dateModified\":\"2025-09-04T12:30:33+00:00\",\"breadcrumb\":{\"@id\":\"https:\/\/climatemaster.ge\/fr\/produit\/dkis1-rectangular-smoke-control-dampers\/#breadcrumb\"},\"inLanguage\":\"fr-FR\",\"potentialAction\":[{\"@type\":\"ReadAction\",\"target\":[\"https:\/\/climatemaster.ge\/fr\/produit\/dkis1-rectangular-smoke-control-dampers\/\"]}]},{\"@type\":\"ImageObject\",\"inLanguage\":\"fr-FR\",\"@id\":\"https:\/\/climatemaster.ge\/fr\/produit\/dkis1-rectangular-smoke-control-dampers\/#primaryimage\",\"url\":\"https:\/\/climatemaster.ge\/wp-content\/uploads\/2025\/09\/PRODUCT-MAIN-IMAGE_DKIS1.jpg\",\"contentUrl\":\"https:\/\/climatemaster.ge\/wp-content\/uploads\/2025\/09\/PRODUCT-MAIN-IMAGE_DKIS1.jpg\",\"width\":384,\"height\":288},{\"@type\":\"BreadcrumbList\",\"@id\":\"https:\/\/climatemaster.ge\/fr\/produit\/dkis1-rectangular-smoke-control-dampers\/#breadcrumb\",\"itemListElement\":[{\"@type\":\"ListItem\",\"position\":1,\"name\":\"Home\",\"item\":\"https:\/\/climatemaster.ge\/\"},{\"@type\":\"ListItem\",\"position\":2,\"name\":\"Products\",\"item\":\"https:\/\/climatemaster.ge\/products\/\"},{\"@type\":\"ListItem\",\"position\":3,\"name\":\"Volets de d\u00e9senfumage rectangulaires DKIS1\"}]},{\"@type\":\"WebSite\",\"@id\":\"https:\/\/climatemaster.ge\/#website\",\"url\":\"https:\/\/climatemaster.ge\/\",\"name\":\"Climate Master\",\"description\":\"\",\"publisher\":{\"@id\":\"https:\/\/climatemaster.ge\/#organization\"},\"potentialAction\":[{\"@type\":\"SearchAction\",\"target\":{\"@type\":\"EntryPoint\",\"urlTemplate\":\"https:\/\/climatemaster.ge\/?s={search_term_string}\"},\"query-input\":{\"@type\":\"PropertyValueSpecification\",\"valueRequired\":true,\"valueName\":\"search_term_string\"}}],\"inLanguage\":\"fr-FR\"},{\"@type\":\"Organization\",\"@id\":\"https:\/\/climatemaster.ge\/#organization\",\"name\":\"Climate Master\",\"url\":\"https:\/\/climatemaster.ge\/\",\"logo\":{\"@type\":\"ImageObject\",\"inLanguage\":\"fr-FR\",\"@id\":\"https:\/\/climatemaster.ge\/#\/schema\/logo\/image\/\",\"url\":\"https:\/\/climatemaster.ge\/wp-content\/uploads\/2026\/03\/Untitled-2.png\",\"contentUrl\":\"https:\/\/climatemaster.ge\/wp-content\/uploads\/2026\/03\/Untitled-2.png\",\"width\":600,\"height\":338,\"caption\":\"Climate Master\"},\"image\":{\"@id\":\"https:\/\/climatemaster.ge\/#\/schema\/logo\/image\/\"}}]}<\/script>\n<!-- \/ Yoast SEO plugin. -->","yoast_head_json":{"title":"Volets de d\u00e9senfumage rectangulaires DKIS1 - Climate Master","robots":{"index":"index","follow":"follow","max-snippet":"max-snippet:-1","max-image-preview":"max-image-preview:large","max-video-preview":"max-video-preview:-1"},"canonical":"https:\/\/climatemaster.ge\/fr\/produit\/dkis1-rectangular-smoke-control-dampers\/","og_locale":"fr_FR","og_type":"article","og_title":"Volets de d\u00e9senfumage rectangulaires DKIS1 - Climate Master","og_description":"Volet de d\u00e9senfumage mono-compartiment \u00e0 d\u00e9clenchement automatique, adapt\u00e9 aux syst\u00e8mes de ventilation par \u00e9vacuation de fum\u00e9es et de chaleur.  D\u00e9clenchement automatique  Commande par servomoteur  Construction robuste  Conception compacte","og_url":"https:\/\/climatemaster.ge\/fr\/produit\/dkis1-rectangular-smoke-control-dampers\/","og_site_name":"Climate Master","article_modified_time":"2025-09-04T12:30:33+00:00","og_image":[{"width":384,"height":288,"url":"https:\/\/climatemaster.ge\/wp-content\/uploads\/2025\/09\/PRODUCT-MAIN-IMAGE_DKIS1.jpg","type":"image\/jpeg"}],"twitter_card":"summary_large_image","twitter_misc":{"Dur\u00e9e de lecture estim\u00e9e":"1 minute"},"schema":{"@context":"https:\/\/schema.org","@graph":[{"@type":"WebPage","@id":"https:\/\/climatemaster.ge\/fr\/produit\/dkis1-rectangular-smoke-control-dampers\/","url":"https:\/\/climatemaster.ge\/fr\/produit\/dkis1-rectangular-smoke-control-dampers\/","name":"Volets de d\u00e9senfumage rectangulaires DKIS1 - Climate Master","isPartOf":{"@id":"https:\/\/climatemaster.ge\/#website"},"primaryImageOfPage":{"@id":"https:\/\/climatemaster.ge\/fr\/produit\/dkis1-rectangular-smoke-control-dampers\/#primaryimage"},"image":{"@id":"https:\/\/climatemaster.ge\/fr\/produit\/dkis1-rectangular-smoke-control-dampers\/#primaryimage"},"thumbnailUrl":"https:\/\/climatemaster.ge\/wp-content\/uploads\/2025\/09\/PRODUCT-MAIN-IMAGE_DKIS1.jpg","datePublished":"2025-09-04T12:26:20+00:00","dateModified":"2025-09-04T12:30:33+00:00","breadcrumb":{"@id":"https:\/\/climatemaster.ge\/fr\/produit\/dkis1-rectangular-smoke-control-dampers\/#breadcrumb"},"inLanguage":"fr-FR","potentialAction":[{"@type":"ReadAction","target":["https:\/\/climatemaster.ge\/fr\/produit\/dkis1-rectangular-smoke-control-dampers\/"]}]},{"@type":"ImageObject","inLanguage":"fr-FR","@id":"https:\/\/climatemaster.ge\/fr\/produit\/dkis1-rectangular-smoke-control-dampers\/#primaryimage","url":"https:\/\/climatemaster.ge\/wp-content\/uploads\/2025\/09\/PRODUCT-MAIN-IMAGE_DKIS1.jpg","contentUrl":"https:\/\/climatemaster.ge\/wp-content\/uploads\/2025\/09\/PRODUCT-MAIN-IMAGE_DKIS1.jpg","width":384,"height":288},{"@type":"BreadcrumbList","@id":"https:\/\/climatemaster.ge\/fr\/produit\/dkis1-rectangular-smoke-control-dampers\/#breadcrumb","itemListElement":[{"@type":"ListItem","position":1,"name":"Home","item":"https:\/\/climatemaster.ge\/"},{"@type":"ListItem","position":2,"name":"Products","item":"https:\/\/climatemaster.ge\/products\/"},{"@type":"ListItem","position":3,"name":"Volets de d\u00e9senfumage rectangulaires DKIS1"}]},{"@type":"WebSite","@id":"https:\/\/climatemaster.ge\/#website","url":"https:\/\/climatemaster.ge\/","name":"Climate Master","description":"","publisher":{"@id":"https:\/\/climatemaster.ge\/#organization"},"potentialAction":[{"@type":"SearchAction","target":{"@type":"EntryPoint","urlTemplate":"https:\/\/climatemaster.ge\/?s={search_term_string}"},"query-input":{"@type":"PropertyValueSpecification","valueRequired":true,"valueName":"search_term_string"}}],"inLanguage":"fr-FR"},{"@type":"Organization","@id":"https:\/\/climatemaster.ge\/#organization","name":"Climate Master","url":"https:\/\/climatemaster.ge\/","logo":{"@type":"ImageObject","inLanguage":"fr-FR","@id":"https:\/\/climatemaster.ge\/#\/schema\/logo\/image\/","url":"https:\/\/climatemaster.ge\/wp-content\/uploads\/2026\/03\/Untitled-2.png","contentUrl":"https:\/\/climatemaster.ge\/wp-content\/uploads\/2026\/03\/Untitled-2.png","width":600,"height":338,"caption":"Climate Master"},"image":{"@id":"https:\/\/climatemaster.ge\/#\/schema\/logo\/image\/"}}]}},"_links":{"self":[{"href":"https:\/\/climatemaster.ge\/fr\/wp-json\/wp\/v2\/product\/36555","targetHints":{"allow":["GET"]}}],"collection":[{"href":"https:\/\/climatemaster.ge\/fr\/wp-json\/wp\/v2\/product"}],"about":[{"href":"https:\/\/climatemaster.ge\/fr\/wp-json\/wp\/v2\/types\/product"}],"wp:featuredmedia":[{"embeddable":true,"href":"https:\/\/climatemaster.ge\/fr\/wp-json\/wp\/v2\/media\/36550"}],"wp:attachment":[{"href":"https:\/\/climatemaster.ge\/fr\/wp-json\/wp\/v2\/media?parent=36555"}],"wp:term":[{"taxonomy":"product_brand","embeddable":true,"href":"https:\/\/climatemaster.ge\/fr\/wp-json\/wp\/v2\/product_brand?post=36555"},{"taxonomy":"product_cat","embeddable":true,"href":"https:\/\/climatemaster.ge\/fr\/wp-json\/wp\/v2\/product_cat?post=36555"},{"taxonomy":"product_tag","embeddable":true,"href":"https:\/\/climatemaster.ge\/fr\/wp-json\/wp\/v2\/product_tag?post=36555"}],"curies":[{"name":"wp","href":"https:\/\/api.w.org\/{rel}","templated":true}]}}