{"id":36527,"date":"2025-09-04T15:32:51","date_gmt":"2025-09-04T11:32:51","guid":{"rendered":"https:\/\/airsystems.ge\/shop\/product\/s-sa2-rectangular-smoke-control-dampers\/"},"modified":"2025-09-04T15:53:41","modified_gmt":"2025-09-04T11:53:41","slug":"s-sa2-rectangular-smoke-control-dampers","status":"publish","type":"product","link":"https:\/\/climatemaster.ge\/fr\/produit\/s-sa2-rectangular-smoke-control-dampers\/","title":{"rendered":"Volets de d\u00e9senfumage rectangulaires S-SA2"},"content":{"rendered":"<div class=\"mb-400 gtm-product-section container-fluid\" data-gtm-name=\"Benefits\" data-gtm-label=\"Benefits (en)\" data-gtm-vis-recent-on-screen53434917_103=\"1951\" data-gtm-vis-first-on-screen53434917_103=\"1951\" data-gtm-vis-total-visible-time53434917_103=\"1500\" data-gtm-vis-has-fired53434917_103=\"1\">\n<div class=\"row\">\n<div class=\"content-element content-element-product-benefit col-12 sm:col-6 mb-400\">\n<div class=\"bg-card px-300 py-250 mobile-nav:px-200 mobile-nav:py-150 h-full flex overflow-hidden card-border\">\n<div class=\"min-w-0\">\n<p><strong>Multi-usage<\/strong><br \/>\nLe volet de d\u00e9senfumage S-SA2 peut \u00eatre utilis\u00e9 aussi bien dans les compartiments class\u00e9s \u00ab\u00a0Multi\u00a0\u00bb que dans les compartiments class\u00e9s \u00ab\u00a0Single\u00a0\u00bb.<\/p>\n<p><strong>Utilisation polyvalente<\/strong><br \/>\nLes volets de d\u00e9senfumage S-SA2 sont con\u00e7us pour les syst\u00e8mes d&rsquo;extraction de chaleur et de fum\u00e9e m\u00e9caniques ou naturels.<\/p>\n<p><strong>Conception optimis\u00e9e<\/strong><br \/>\nPour faciliter l&rsquo;installation, le corps du S-SA2 est \u00e9quip\u00e9 de supports pliables simples ou multiples. Leur positionnement en fonction de la taille et du poids du caisson simplifie l&rsquo;installation et r\u00e9duit le temps et le nombre de personnes n\u00e9cessaires.<\/p>\n<p>Le S-SA2 offre une protection efficace contre la fum\u00e9e, le feu et les gaz toxiques, qu&rsquo;il soit utilis\u00e9 dans des syst\u00e8mes d&rsquo;extraction de chaleur m\u00e9caniques ou naturels.<\/p>\n<p>Pour renforcer la s\u00e9curit\u00e9, il permet \u00e9galement d&rsquo;alimenter en air frais les compartiments coupe-feu. Les clapets de d\u00e9senfumage S-SA2 sont \u00e9quip\u00e9s d&rsquo;un actionneur sans ressort. Ils offrent ainsi une position de s\u00e9curit\u00e9 ouverte et ferm\u00e9e et n\u00e9cessitent une alimentation \u00e9lectrique m\u00eame en cas d&rsquo;incendie.<\/p>\n<p>Le bo\u00eetier du S-SA2 est fabriqu\u00e9 en t\u00f4le d&rsquo;acier galvanis\u00e9e. La lame du clapet est fabriqu\u00e9e en panneaux de silicate de calcium. Le cadre ext\u00e9rieur du clapet est dot\u00e9 d&rsquo;un joint intumescent actif pour \u00e9viter la propagation de fum\u00e9es et de chaleur dangereuses. Des brides de bo\u00eetier sont pr\u00e9vues pour le raccordement du clapet au conduit continu.<\/p>\n<p><strong>Sp\u00e9cifications techniques<\/strong><\/p>\n<\/div>\n<\/div>\n<\/div>\n<\/div>\n<\/div>\n<div class=\"mb-400 mt-700 relative container-fluid\">\n<div class=\"gtm-product-section\" data-gtm-name=\"Tech specs\" data-gtm-label=\"Tech specs\" data-offset=\"0\" data-gtm-vis-first-on-screen53434917_103=\"78505\" data-gtm-vis-total-visible-time53434917_103=\"1500\" data-gtm-vis-has-fired53434917_103=\"1\">\n<div class=\"row gap-y-150 mb-200 desktop-nav:mb-0 md ProductPageISSections_product-info-header___9p5M\">\n<div class=\" col-12 md:col-6 md:text-right print:hidden flex items-center justify-end mobile-nav:flex-col gap-050 \">\n<div class=\"whitespace-nowrap mobile-nav:w-full\"><button class=\"gtm-product-specsheet-link btn btn-secondary btn-small btn-icon-left xs-max:btn-block\">Download spec sheet<\/button><\/div>\n<\/div>\n<\/div>\n<\/div>\n<\/div>\n","protected":false},"excerpt":{"rendered":"<p>Volets de d\u00e9senfumage pour syst\u00e8mes d&rsquo;extraction de chaleur<\/p>\n<p>Installations murales et au plafond<\/p>\n<p>AA \u2013 activation automatique<\/p>\n<p>Multi-usage \u2013 pour compartiments class\u00e9s \u00ab\u00a0Multi\u00a0\u00bb et \u00ab\u00a0Single\u00a0\u00bb<\/p>\n<p>Niveau de pression 3 (-1\u00a0500 Pa \u00e0 500 Pa)<\/p>\n<p>Classe de fuite 3C en standard<\/p>\n","protected":false},"featured_media":36522,"template":"","meta":[],"product_brand":[],"product_cat":[1772,1797,1810],"product_tag":[],"class_list":{"0":"post-36527","1":"product","2":"type-product","3":"status-publish","4":"has-post-thumbnail","6":"product_cat-securite-incendie","7":"product_cat-volets-de-desenfumage","8":"product_cat-volets-de-desenfumage-rectangulaires","10":"first","11":"instock","12":"shipping-taxable","13":"product-type-simple"},"yoast_head":"<!-- This site is optimized with the Yoast SEO plugin v27.1.1 - https:\/\/yoast.com\/product\/yoast-seo-wordpress\/ -->\n<title>Volets de d\u00e9senfumage rectangulaires S-SA2 - Climate Master<\/title>\n<meta name=\"robots\" content=\"index, follow, max-snippet:-1, max-image-preview:large, max-video-preview:-1\" \/>\n<link rel=\"canonical\" href=\"https:\/\/climatemaster.ge\/fr\/produit\/s-sa2-rectangular-smoke-control-dampers\/\" \/>\n<meta property=\"og:locale\" content=\"fr_FR\" \/>\n<meta property=\"og:type\" content=\"article\" \/>\n<meta property=\"og:title\" content=\"Volets de d\u00e9senfumage rectangulaires S-SA2 - Climate Master\" \/>\n<meta property=\"og:description\" content=\"Volets de d\u00e9senfumage pour syst\u00e8mes d&#039;extraction de chaleur  Installations murales et au plafond  AA \u2013 activation automatique  Multi-usage \u2013 pour compartiments class\u00e9s \u00ab\u00a0Multi\u00a0\u00bb et \u00ab\u00a0Single\u00a0\u00bb  Niveau de pression 3 (-1\u00a0500 Pa \u00e0 500 Pa)  Classe de fuite 3C en standard\" \/>\n<meta property=\"og:url\" content=\"https:\/\/climatemaster.ge\/fr\/produit\/s-sa2-rectangular-smoke-control-dampers\/\" \/>\n<meta property=\"og:site_name\" content=\"Climate Master\" \/>\n<meta property=\"article:modified_time\" content=\"2025-09-04T11:53:41+00:00\" \/>\n<meta property=\"og:image\" content=\"https:\/\/climatemaster.ge\/wp-content\/uploads\/2025\/09\/PRODUCT-MAIN-IMAGE_S_SA2.jpg\" \/>\n\t<meta property=\"og:image:width\" content=\"384\" \/>\n\t<meta property=\"og:image:height\" content=\"288\" \/>\n\t<meta property=\"og:image:type\" content=\"image\/jpeg\" \/>\n<meta name=\"twitter:card\" content=\"summary_large_image\" \/>\n<meta name=\"twitter:label1\" content=\"Dur\u00e9e de lecture estim\u00e9e\" \/>\n\t<meta name=\"twitter:data1\" content=\"1 minute\" \/>\n<script type=\"application\/ld+json\" class=\"yoast-schema-graph\">{\"@context\":\"https:\/\/schema.org\",\"@graph\":[{\"@type\":\"WebPage\",\"@id\":\"https:\/\/climatemaster.ge\/fr\/produit\/s-sa2-rectangular-smoke-control-dampers\/\",\"url\":\"https:\/\/climatemaster.ge\/fr\/produit\/s-sa2-rectangular-smoke-control-dampers\/\",\"name\":\"Volets de d\u00e9senfumage rectangulaires S-SA2 - Climate Master\",\"isPartOf\":{\"@id\":\"https:\/\/climatemaster.ge\/#website\"},\"primaryImageOfPage\":{\"@id\":\"https:\/\/climatemaster.ge\/fr\/produit\/s-sa2-rectangular-smoke-control-dampers\/#primaryimage\"},\"image\":{\"@id\":\"https:\/\/climatemaster.ge\/fr\/produit\/s-sa2-rectangular-smoke-control-dampers\/#primaryimage\"},\"thumbnailUrl\":\"https:\/\/climatemaster.ge\/wp-content\/uploads\/2025\/09\/PRODUCT-MAIN-IMAGE_S_SA2.jpg\",\"datePublished\":\"2025-09-04T11:32:51+00:00\",\"dateModified\":\"2025-09-04T11:53:41+00:00\",\"breadcrumb\":{\"@id\":\"https:\/\/climatemaster.ge\/fr\/produit\/s-sa2-rectangular-smoke-control-dampers\/#breadcrumb\"},\"inLanguage\":\"fr-FR\",\"potentialAction\":[{\"@type\":\"ReadAction\",\"target\":[\"https:\/\/climatemaster.ge\/fr\/produit\/s-sa2-rectangular-smoke-control-dampers\/\"]}]},{\"@type\":\"ImageObject\",\"inLanguage\":\"fr-FR\",\"@id\":\"https:\/\/climatemaster.ge\/fr\/produit\/s-sa2-rectangular-smoke-control-dampers\/#primaryimage\",\"url\":\"https:\/\/climatemaster.ge\/wp-content\/uploads\/2025\/09\/PRODUCT-MAIN-IMAGE_S_SA2.jpg\",\"contentUrl\":\"https:\/\/climatemaster.ge\/wp-content\/uploads\/2025\/09\/PRODUCT-MAIN-IMAGE_S_SA2.jpg\",\"width\":384,\"height\":288},{\"@type\":\"BreadcrumbList\",\"@id\":\"https:\/\/climatemaster.ge\/fr\/produit\/s-sa2-rectangular-smoke-control-dampers\/#breadcrumb\",\"itemListElement\":[{\"@type\":\"ListItem\",\"position\":1,\"name\":\"Home\",\"item\":\"https:\/\/climatemaster.ge\/\"},{\"@type\":\"ListItem\",\"position\":2,\"name\":\"Products\",\"item\":\"https:\/\/climatemaster.ge\/products\/\"},{\"@type\":\"ListItem\",\"position\":3,\"name\":\"Volets de d\u00e9senfumage rectangulaires S-SA2\"}]},{\"@type\":\"WebSite\",\"@id\":\"https:\/\/climatemaster.ge\/#website\",\"url\":\"https:\/\/climatemaster.ge\/\",\"name\":\"Climate Master\",\"description\":\"\",\"publisher\":{\"@id\":\"https:\/\/climatemaster.ge\/#organization\"},\"potentialAction\":[{\"@type\":\"SearchAction\",\"target\":{\"@type\":\"EntryPoint\",\"urlTemplate\":\"https:\/\/climatemaster.ge\/?s={search_term_string}\"},\"query-input\":{\"@type\":\"PropertyValueSpecification\",\"valueRequired\":true,\"valueName\":\"search_term_string\"}}],\"inLanguage\":\"fr-FR\"},{\"@type\":\"Organization\",\"@id\":\"https:\/\/climatemaster.ge\/#organization\",\"name\":\"Climate Master\",\"url\":\"https:\/\/climatemaster.ge\/\",\"logo\":{\"@type\":\"ImageObject\",\"inLanguage\":\"fr-FR\",\"@id\":\"https:\/\/climatemaster.ge\/#\/schema\/logo\/image\/\",\"url\":\"https:\/\/climatemaster.ge\/wp-content\/uploads\/2026\/03\/Untitled-2.png\",\"contentUrl\":\"https:\/\/climatemaster.ge\/wp-content\/uploads\/2026\/03\/Untitled-2.png\",\"width\":600,\"height\":338,\"caption\":\"Climate Master\"},\"image\":{\"@id\":\"https:\/\/climatemaster.ge\/#\/schema\/logo\/image\/\"}}]}<\/script>\n<!-- \/ Yoast SEO plugin. -->","yoast_head_json":{"title":"Volets de d\u00e9senfumage rectangulaires S-SA2 - Climate Master","robots":{"index":"index","follow":"follow","max-snippet":"max-snippet:-1","max-image-preview":"max-image-preview:large","max-video-preview":"max-video-preview:-1"},"canonical":"https:\/\/climatemaster.ge\/fr\/produit\/s-sa2-rectangular-smoke-control-dampers\/","og_locale":"fr_FR","og_type":"article","og_title":"Volets de d\u00e9senfumage rectangulaires S-SA2 - Climate Master","og_description":"Volets de d\u00e9senfumage pour syst\u00e8mes d'extraction de chaleur  Installations murales et au plafond  AA \u2013 activation automatique  Multi-usage \u2013 pour compartiments class\u00e9s \u00ab\u00a0Multi\u00a0\u00bb et \u00ab\u00a0Single\u00a0\u00bb  Niveau de pression 3 (-1\u00a0500 Pa \u00e0 500 Pa)  Classe de fuite 3C en standard","og_url":"https:\/\/climatemaster.ge\/fr\/produit\/s-sa2-rectangular-smoke-control-dampers\/","og_site_name":"Climate Master","article_modified_time":"2025-09-04T11:53:41+00:00","og_image":[{"width":384,"height":288,"url":"https:\/\/climatemaster.ge\/wp-content\/uploads\/2025\/09\/PRODUCT-MAIN-IMAGE_S_SA2.jpg","type":"image\/jpeg"}],"twitter_card":"summary_large_image","twitter_misc":{"Dur\u00e9e de lecture estim\u00e9e":"1 minute"},"schema":{"@context":"https:\/\/schema.org","@graph":[{"@type":"WebPage","@id":"https:\/\/climatemaster.ge\/fr\/produit\/s-sa2-rectangular-smoke-control-dampers\/","url":"https:\/\/climatemaster.ge\/fr\/produit\/s-sa2-rectangular-smoke-control-dampers\/","name":"Volets de d\u00e9senfumage rectangulaires S-SA2 - Climate Master","isPartOf":{"@id":"https:\/\/climatemaster.ge\/#website"},"primaryImageOfPage":{"@id":"https:\/\/climatemaster.ge\/fr\/produit\/s-sa2-rectangular-smoke-control-dampers\/#primaryimage"},"image":{"@id":"https:\/\/climatemaster.ge\/fr\/produit\/s-sa2-rectangular-smoke-control-dampers\/#primaryimage"},"thumbnailUrl":"https:\/\/climatemaster.ge\/wp-content\/uploads\/2025\/09\/PRODUCT-MAIN-IMAGE_S_SA2.jpg","datePublished":"2025-09-04T11:32:51+00:00","dateModified":"2025-09-04T11:53:41+00:00","breadcrumb":{"@id":"https:\/\/climatemaster.ge\/fr\/produit\/s-sa2-rectangular-smoke-control-dampers\/#breadcrumb"},"inLanguage":"fr-FR","potentialAction":[{"@type":"ReadAction","target":["https:\/\/climatemaster.ge\/fr\/produit\/s-sa2-rectangular-smoke-control-dampers\/"]}]},{"@type":"ImageObject","inLanguage":"fr-FR","@id":"https:\/\/climatemaster.ge\/fr\/produit\/s-sa2-rectangular-smoke-control-dampers\/#primaryimage","url":"https:\/\/climatemaster.ge\/wp-content\/uploads\/2025\/09\/PRODUCT-MAIN-IMAGE_S_SA2.jpg","contentUrl":"https:\/\/climatemaster.ge\/wp-content\/uploads\/2025\/09\/PRODUCT-MAIN-IMAGE_S_SA2.jpg","width":384,"height":288},{"@type":"BreadcrumbList","@id":"https:\/\/climatemaster.ge\/fr\/produit\/s-sa2-rectangular-smoke-control-dampers\/#breadcrumb","itemListElement":[{"@type":"ListItem","position":1,"name":"Home","item":"https:\/\/climatemaster.ge\/"},{"@type":"ListItem","position":2,"name":"Products","item":"https:\/\/climatemaster.ge\/products\/"},{"@type":"ListItem","position":3,"name":"Volets de d\u00e9senfumage rectangulaires S-SA2"}]},{"@type":"WebSite","@id":"https:\/\/climatemaster.ge\/#website","url":"https:\/\/climatemaster.ge\/","name":"Climate Master","description":"","publisher":{"@id":"https:\/\/climatemaster.ge\/#organization"},"potentialAction":[{"@type":"SearchAction","target":{"@type":"EntryPoint","urlTemplate":"https:\/\/climatemaster.ge\/?s={search_term_string}"},"query-input":{"@type":"PropertyValueSpecification","valueRequired":true,"valueName":"search_term_string"}}],"inLanguage":"fr-FR"},{"@type":"Organization","@id":"https:\/\/climatemaster.ge\/#organization","name":"Climate Master","url":"https:\/\/climatemaster.ge\/","logo":{"@type":"ImageObject","inLanguage":"fr-FR","@id":"https:\/\/climatemaster.ge\/#\/schema\/logo\/image\/","url":"https:\/\/climatemaster.ge\/wp-content\/uploads\/2026\/03\/Untitled-2.png","contentUrl":"https:\/\/climatemaster.ge\/wp-content\/uploads\/2026\/03\/Untitled-2.png","width":600,"height":338,"caption":"Climate Master"},"image":{"@id":"https:\/\/climatemaster.ge\/#\/schema\/logo\/image\/"}}]}},"_links":{"self":[{"href":"https:\/\/climatemaster.ge\/fr\/wp-json\/wp\/v2\/product\/36527","targetHints":{"allow":["GET"]}}],"collection":[{"href":"https:\/\/climatemaster.ge\/fr\/wp-json\/wp\/v2\/product"}],"about":[{"href":"https:\/\/climatemaster.ge\/fr\/wp-json\/wp\/v2\/types\/product"}],"wp:featuredmedia":[{"embeddable":true,"href":"https:\/\/climatemaster.ge\/fr\/wp-json\/wp\/v2\/media\/36522"}],"wp:attachment":[{"href":"https:\/\/climatemaster.ge\/fr\/wp-json\/wp\/v2\/media?parent=36527"}],"wp:term":[{"taxonomy":"product_brand","embeddable":true,"href":"https:\/\/climatemaster.ge\/fr\/wp-json\/wp\/v2\/product_brand?post=36527"},{"taxonomy":"product_cat","embeddable":true,"href":"https:\/\/climatemaster.ge\/fr\/wp-json\/wp\/v2\/product_cat?post=36527"},{"taxonomy":"product_tag","embeddable":true,"href":"https:\/\/climatemaster.ge\/fr\/wp-json\/wp\/v2\/product_tag?post=36527"}],"curies":[{"name":"wp","href":"https:\/\/api.w.org\/{rel}","templated":true}]}}