{"id":36499,"date":"2025-09-04T15:09:26","date_gmt":"2025-09-04T11:09:26","guid":{"rendered":"https:\/\/airsystems.ge\/shop\/product\/s-ba2-rectangular-smoke-control-dampers\/"},"modified":"2025-09-04T15:13:08","modified_gmt":"2025-09-04T11:13:08","slug":"s-ba2-rectangular-smoke-control-dampers","status":"publish","type":"product","link":"https:\/\/climatemaster.ge\/fr\/produit\/s-ba2-rectangular-smoke-control-dampers\/","title":{"rendered":"Volets de d\u00e9senfumage rectangulaires S-BA2"},"content":{"rendered":"<div class=\"mb-400 gtm-product-section container-fluid\" data-gtm-name=\"Benefits\" data-gtm-label=\"Benefits (en)\" data-gtm-vis-first-on-screen53434917_103=\"106974\" data-gtm-vis-total-visible-time53434917_103=\"1500\" data-gtm-vis-has-fired53434917_103=\"1\">\n<div class=\"row\">\n<div class=\"content-element content-element-product-benefit col-12 sm:col-6 mb-400\">\n<div class=\"bg-card px-300 py-250 mobile-nav:px-200 mobile-nav:py-150 h-full flex overflow-hidden card-border\">\n<div class=\"min-w-0\">\n<p><strong>Polyvalence d&rsquo;utilisation<\/strong><br \/>\nLes volets de d\u00e9senfumage S-BA2 fonctionnent avec des syst\u00e8mes d&rsquo;extraction de fum\u00e9e et de chaleur m\u00e9caniques ou naturels.<\/p>\n<p><strong>Fonctionnement par servomoteur<\/strong><br \/>\nLes volets S-BA2 sont \u00e9quip\u00e9s d&rsquo;un servomoteur sans ressort avec positions de s\u00e9curit\u00e9 ouverte et ferm\u00e9e. Une alimentation \u00e9lectrique est n\u00e9cessaire pour leur fonctionnement.<\/p>\n<p><strong>T\u00f4le galvanis\u00e9e<\/strong><br \/>\nLe bo\u00eetier du S-BA2 est en t\u00f4le galvanis\u00e9e. Les lames et les trappes d&rsquo;acc\u00e8s au m\u00e9canisme sont en panneaux de silicate de calcium.<\/p>\n<p>Les volets de d\u00e9senfumage S-BA2 ont \u00e9t\u00e9 con\u00e7us pour fonctionner avec des syst\u00e8mes d&rsquo;extraction de fum\u00e9e et de chaleur m\u00e9caniques ou naturels. Ils constituent un moyen efficace d&rsquo;\u00e9liminer les gaz toxiques, la fum\u00e9e et le feu. Ils permettent \u00e9galement d&rsquo;alimenter en air propre les compartiments coupe-feu. Les volets S-BA2 fonctionnent gr\u00e2ce \u00e0 un servomoteur sans ressort. Cela signifie qu&rsquo;ils disposent d&rsquo;une position de s\u00e9curit\u00e9 ouverte et ferm\u00e9e. Les volets de d\u00e9senfumage n\u00e9cessitent une alimentation \u00e9lectrique.<\/p>\n<p>Les volets de d\u00e9senfumage ont une longueur de corps de 145 mm et ne pr\u00e9sentent pas de lames en porte-\u00e0-faux. Ils peuvent \u00eatre install\u00e9s dans les murs ou sur des conduits. Le bo\u00eetier du S-BA2 est en t\u00f4le galvanis\u00e9e. Les lames et les trappes d&rsquo;acc\u00e8s au m\u00e9canisme sont en panneaux de silicate de calcium. Un joint en mousse intumescent emp\u00eache les fuites de chaleur ou de fum\u00e9e. Le bo\u00eetier du volet et les deux couvercles lat\u00e9raux prot\u00e8gent le m\u00e9canisme et l&rsquo;actionneur du S-BA2. Ils offrent \u00e9galement un acc\u00e8s facile pour le raccordement.<\/p>\n<\/div>\n<\/div>\n<\/div>\n<\/div>\n<\/div>\n<div class=\"content-container content-container-page gtm-product-section\" data-gtm-name=\"Content\" data-gtm-label=\"Content (en)\" data-gtm-vis-recent-on-screen53434917_103=\"116665\" data-gtm-vis-first-on-screen53434917_103=\"116665\" data-gtm-vis-total-visible-time53434917_103=\"1500\" data-gtm-vis-has-fired53434917_103=\"1\">\n<div class=\"content-element content-element-divider gtm-component-divider container-fluid\">\n<div class=\"row\">\n<div class=\"md:col-7 md:offset-1\">\n<div class=\"py-500 my-100\">\n<hr class=\"m-0 border-none\" \/>\n<\/div>\n<\/div>\n<\/div>\n<\/div>\n<div id=\"scroll-98635edd\" class=\"content-element content-element-video gtm-component-video container-fluid\">\n<div class=\"row\">\n<div class=\"md:col-10 md:offset-1\">\n<div class=\"relative\">\n<div class=\"block w-full\"><\/div>\n<p><iframe class=\"absolute inset-0 w-full h-full object-center object-contain\" title=\"Youtube Video\" src=\"https:\/\/www.youtube.com\/embed\/IPs9v-bgeFU\" frameborder=\"0\" allowfullscreen=\"allowfullscreen\" data-mce-fragment=\"1\"><\/iframe><\/p>\n<\/div>\n<\/div>\n<\/div>\n<\/div>\n<\/div>\n<div class=\"mb-400 mt-700 relative container-fluid\">\n<div class=\"gtm-product-section\" data-gtm-name=\"Documentation\" data-gtm-label=\"Documentation\" data-offset=\"0\" data-gtm-vis-recent-on-screen53434917_103=\"117100\" data-gtm-vis-first-on-screen53434917_103=\"117100\" data-gtm-vis-total-visible-time53434917_103=\"1500\" data-gtm-vis-has-fired53434917_103=\"1\">\n<div class=\"row gap-y-150 mb-200 desktop-nav:mb-0 md ProductPageISSections_product-info-header___9p5M\">\n<div class=\"col-12 md:col-6 flex flex-row gap-100\">\n<h2 class=\"m-0\">Documentation<\/h2>\n<\/div>\n<div class=\" col-12 md:col-6 md:text-right print:hidden flex items-center justify-end mobile-nav:flex-col gap-050 \">\n<div class=\"\"><button class=\"gtm-product-specsheet-link btn btn-secondary btn-small btn-icon-left xs-max:btn-block\">Download spec sheet<\/button><\/div>\n<\/div>\n<\/div>\n<\/div>\n<\/div>\n","protected":false},"excerpt":{"rendered":"<p>Volet de d\u00e9senfumage pour syst\u00e8mes d&rsquo;extraction de fum\u00e9e et de chaleur m\u00e9caniques ou naturels<\/p>\n<p>Installation murale ou en gaine<\/p>\n<p>Polyvalence d&rsquo;utilisation<\/p>\n<p>T\u00f4le galvanis\u00e9e<\/p>\n<p>Raccordement facile<\/p>\n","protected":false},"featured_media":36494,"template":"","meta":[],"product_brand":[],"product_cat":[1772,1797,1810],"product_tag":[],"class_list":{"0":"post-36499","1":"product","2":"type-product","3":"status-publish","4":"has-post-thumbnail","6":"product_cat-securite-incendie","7":"product_cat-volets-de-desenfumage","8":"product_cat-volets-de-desenfumage-rectangulaires","10":"first","11":"instock","12":"shipping-taxable","13":"product-type-simple"},"yoast_head":"<!-- This site is optimized with the Yoast SEO plugin v27.1.1 - https:\/\/yoast.com\/product\/yoast-seo-wordpress\/ -->\n<title>Volets de d\u00e9senfumage rectangulaires S-BA2 - Climate Master<\/title>\n<meta name=\"robots\" content=\"index, follow, max-snippet:-1, max-image-preview:large, max-video-preview:-1\" \/>\n<link rel=\"canonical\" href=\"https:\/\/climatemaster.ge\/fr\/produit\/s-ba2-rectangular-smoke-control-dampers\/\" \/>\n<meta property=\"og:locale\" content=\"fr_FR\" \/>\n<meta property=\"og:type\" content=\"article\" \/>\n<meta property=\"og:title\" content=\"Volets de d\u00e9senfumage rectangulaires S-BA2 - Climate Master\" \/>\n<meta property=\"og:description\" content=\"Volet de d\u00e9senfumage pour syst\u00e8mes d&#039;extraction de fum\u00e9e et de chaleur m\u00e9caniques ou naturels  Installation murale ou en gaine  Polyvalence d&#039;utilisation  T\u00f4le galvanis\u00e9e  Raccordement facile\" \/>\n<meta property=\"og:url\" content=\"https:\/\/climatemaster.ge\/fr\/produit\/s-ba2-rectangular-smoke-control-dampers\/\" \/>\n<meta property=\"og:site_name\" content=\"Climate Master\" \/>\n<meta property=\"article:modified_time\" content=\"2025-09-04T11:13:08+00:00\" \/>\n<meta property=\"og:image\" content=\"https:\/\/climatemaster.ge\/wp-content\/uploads\/2025\/09\/COLLAGE_S-BM2_HQ-1-1.jpg\" \/>\n\t<meta property=\"og:image:width\" content=\"384\" \/>\n\t<meta property=\"og:image:height\" content=\"288\" \/>\n\t<meta property=\"og:image:type\" content=\"image\/jpeg\" \/>\n<meta name=\"twitter:card\" content=\"summary_large_image\" \/>\n<meta name=\"twitter:label1\" content=\"Dur\u00e9e de lecture estim\u00e9e\" \/>\n\t<meta name=\"twitter:data1\" content=\"1 minute\" \/>\n<script type=\"application\/ld+json\" class=\"yoast-schema-graph\">{\"@context\":\"https:\/\/schema.org\",\"@graph\":[{\"@type\":\"WebPage\",\"@id\":\"https:\/\/climatemaster.ge\/fr\/produit\/s-ba2-rectangular-smoke-control-dampers\/\",\"url\":\"https:\/\/climatemaster.ge\/fr\/produit\/s-ba2-rectangular-smoke-control-dampers\/\",\"name\":\"Volets de d\u00e9senfumage rectangulaires S-BA2 - Climate Master\",\"isPartOf\":{\"@id\":\"https:\/\/climatemaster.ge\/#website\"},\"primaryImageOfPage\":{\"@id\":\"https:\/\/climatemaster.ge\/fr\/produit\/s-ba2-rectangular-smoke-control-dampers\/#primaryimage\"},\"image\":{\"@id\":\"https:\/\/climatemaster.ge\/fr\/produit\/s-ba2-rectangular-smoke-control-dampers\/#primaryimage\"},\"thumbnailUrl\":\"https:\/\/climatemaster.ge\/wp-content\/uploads\/2025\/09\/COLLAGE_S-BM2_HQ-1-1.jpg\",\"datePublished\":\"2025-09-04T11:09:26+00:00\",\"dateModified\":\"2025-09-04T11:13:08+00:00\",\"breadcrumb\":{\"@id\":\"https:\/\/climatemaster.ge\/fr\/produit\/s-ba2-rectangular-smoke-control-dampers\/#breadcrumb\"},\"inLanguage\":\"fr-FR\",\"potentialAction\":[{\"@type\":\"ReadAction\",\"target\":[\"https:\/\/climatemaster.ge\/fr\/produit\/s-ba2-rectangular-smoke-control-dampers\/\"]}]},{\"@type\":\"ImageObject\",\"inLanguage\":\"fr-FR\",\"@id\":\"https:\/\/climatemaster.ge\/fr\/produit\/s-ba2-rectangular-smoke-control-dampers\/#primaryimage\",\"url\":\"https:\/\/climatemaster.ge\/wp-content\/uploads\/2025\/09\/COLLAGE_S-BM2_HQ-1-1.jpg\",\"contentUrl\":\"https:\/\/climatemaster.ge\/wp-content\/uploads\/2025\/09\/COLLAGE_S-BM2_HQ-1-1.jpg\",\"width\":384,\"height\":288},{\"@type\":\"BreadcrumbList\",\"@id\":\"https:\/\/climatemaster.ge\/fr\/produit\/s-ba2-rectangular-smoke-control-dampers\/#breadcrumb\",\"itemListElement\":[{\"@type\":\"ListItem\",\"position\":1,\"name\":\"Home\",\"item\":\"https:\/\/climatemaster.ge\/\"},{\"@type\":\"ListItem\",\"position\":2,\"name\":\"Products\",\"item\":\"https:\/\/climatemaster.ge\/products\/\"},{\"@type\":\"ListItem\",\"position\":3,\"name\":\"Volets de d\u00e9senfumage rectangulaires S-BA2\"}]},{\"@type\":\"WebSite\",\"@id\":\"https:\/\/climatemaster.ge\/#website\",\"url\":\"https:\/\/climatemaster.ge\/\",\"name\":\"Climate Master\",\"description\":\"\",\"publisher\":{\"@id\":\"https:\/\/climatemaster.ge\/#organization\"},\"potentialAction\":[{\"@type\":\"SearchAction\",\"target\":{\"@type\":\"EntryPoint\",\"urlTemplate\":\"https:\/\/climatemaster.ge\/?s={search_term_string}\"},\"query-input\":{\"@type\":\"PropertyValueSpecification\",\"valueRequired\":true,\"valueName\":\"search_term_string\"}}],\"inLanguage\":\"fr-FR\"},{\"@type\":\"Organization\",\"@id\":\"https:\/\/climatemaster.ge\/#organization\",\"name\":\"Climate Master\",\"url\":\"https:\/\/climatemaster.ge\/\",\"logo\":{\"@type\":\"ImageObject\",\"inLanguage\":\"fr-FR\",\"@id\":\"https:\/\/climatemaster.ge\/#\/schema\/logo\/image\/\",\"url\":\"https:\/\/climatemaster.ge\/wp-content\/uploads\/2026\/03\/Untitled-2.png\",\"contentUrl\":\"https:\/\/climatemaster.ge\/wp-content\/uploads\/2026\/03\/Untitled-2.png\",\"width\":600,\"height\":338,\"caption\":\"Climate Master\"},\"image\":{\"@id\":\"https:\/\/climatemaster.ge\/#\/schema\/logo\/image\/\"}}]}<\/script>\n<!-- \/ Yoast SEO plugin. -->","yoast_head_json":{"title":"Volets de d\u00e9senfumage rectangulaires S-BA2 - Climate Master","robots":{"index":"index","follow":"follow","max-snippet":"max-snippet:-1","max-image-preview":"max-image-preview:large","max-video-preview":"max-video-preview:-1"},"canonical":"https:\/\/climatemaster.ge\/fr\/produit\/s-ba2-rectangular-smoke-control-dampers\/","og_locale":"fr_FR","og_type":"article","og_title":"Volets de d\u00e9senfumage rectangulaires S-BA2 - Climate Master","og_description":"Volet de d\u00e9senfumage pour syst\u00e8mes d'extraction de fum\u00e9e et de chaleur m\u00e9caniques ou naturels  Installation murale ou en gaine  Polyvalence d'utilisation  T\u00f4le galvanis\u00e9e  Raccordement facile","og_url":"https:\/\/climatemaster.ge\/fr\/produit\/s-ba2-rectangular-smoke-control-dampers\/","og_site_name":"Climate Master","article_modified_time":"2025-09-04T11:13:08+00:00","og_image":[{"width":384,"height":288,"url":"https:\/\/climatemaster.ge\/wp-content\/uploads\/2025\/09\/COLLAGE_S-BM2_HQ-1-1.jpg","type":"image\/jpeg"}],"twitter_card":"summary_large_image","twitter_misc":{"Dur\u00e9e de lecture estim\u00e9e":"1 minute"},"schema":{"@context":"https:\/\/schema.org","@graph":[{"@type":"WebPage","@id":"https:\/\/climatemaster.ge\/fr\/produit\/s-ba2-rectangular-smoke-control-dampers\/","url":"https:\/\/climatemaster.ge\/fr\/produit\/s-ba2-rectangular-smoke-control-dampers\/","name":"Volets de d\u00e9senfumage rectangulaires S-BA2 - Climate Master","isPartOf":{"@id":"https:\/\/climatemaster.ge\/#website"},"primaryImageOfPage":{"@id":"https:\/\/climatemaster.ge\/fr\/produit\/s-ba2-rectangular-smoke-control-dampers\/#primaryimage"},"image":{"@id":"https:\/\/climatemaster.ge\/fr\/produit\/s-ba2-rectangular-smoke-control-dampers\/#primaryimage"},"thumbnailUrl":"https:\/\/climatemaster.ge\/wp-content\/uploads\/2025\/09\/COLLAGE_S-BM2_HQ-1-1.jpg","datePublished":"2025-09-04T11:09:26+00:00","dateModified":"2025-09-04T11:13:08+00:00","breadcrumb":{"@id":"https:\/\/climatemaster.ge\/fr\/produit\/s-ba2-rectangular-smoke-control-dampers\/#breadcrumb"},"inLanguage":"fr-FR","potentialAction":[{"@type":"ReadAction","target":["https:\/\/climatemaster.ge\/fr\/produit\/s-ba2-rectangular-smoke-control-dampers\/"]}]},{"@type":"ImageObject","inLanguage":"fr-FR","@id":"https:\/\/climatemaster.ge\/fr\/produit\/s-ba2-rectangular-smoke-control-dampers\/#primaryimage","url":"https:\/\/climatemaster.ge\/wp-content\/uploads\/2025\/09\/COLLAGE_S-BM2_HQ-1-1.jpg","contentUrl":"https:\/\/climatemaster.ge\/wp-content\/uploads\/2025\/09\/COLLAGE_S-BM2_HQ-1-1.jpg","width":384,"height":288},{"@type":"BreadcrumbList","@id":"https:\/\/climatemaster.ge\/fr\/produit\/s-ba2-rectangular-smoke-control-dampers\/#breadcrumb","itemListElement":[{"@type":"ListItem","position":1,"name":"Home","item":"https:\/\/climatemaster.ge\/"},{"@type":"ListItem","position":2,"name":"Products","item":"https:\/\/climatemaster.ge\/products\/"},{"@type":"ListItem","position":3,"name":"Volets de d\u00e9senfumage rectangulaires S-BA2"}]},{"@type":"WebSite","@id":"https:\/\/climatemaster.ge\/#website","url":"https:\/\/climatemaster.ge\/","name":"Climate Master","description":"","publisher":{"@id":"https:\/\/climatemaster.ge\/#organization"},"potentialAction":[{"@type":"SearchAction","target":{"@type":"EntryPoint","urlTemplate":"https:\/\/climatemaster.ge\/?s={search_term_string}"},"query-input":{"@type":"PropertyValueSpecification","valueRequired":true,"valueName":"search_term_string"}}],"inLanguage":"fr-FR"},{"@type":"Organization","@id":"https:\/\/climatemaster.ge\/#organization","name":"Climate Master","url":"https:\/\/climatemaster.ge\/","logo":{"@type":"ImageObject","inLanguage":"fr-FR","@id":"https:\/\/climatemaster.ge\/#\/schema\/logo\/image\/","url":"https:\/\/climatemaster.ge\/wp-content\/uploads\/2026\/03\/Untitled-2.png","contentUrl":"https:\/\/climatemaster.ge\/wp-content\/uploads\/2026\/03\/Untitled-2.png","width":600,"height":338,"caption":"Climate Master"},"image":{"@id":"https:\/\/climatemaster.ge\/#\/schema\/logo\/image\/"}}]}},"_links":{"self":[{"href":"https:\/\/climatemaster.ge\/fr\/wp-json\/wp\/v2\/product\/36499","targetHints":{"allow":["GET"]}}],"collection":[{"href":"https:\/\/climatemaster.ge\/fr\/wp-json\/wp\/v2\/product"}],"about":[{"href":"https:\/\/climatemaster.ge\/fr\/wp-json\/wp\/v2\/types\/product"}],"wp:featuredmedia":[{"embeddable":true,"href":"https:\/\/climatemaster.ge\/fr\/wp-json\/wp\/v2\/media\/36494"}],"wp:attachment":[{"href":"https:\/\/climatemaster.ge\/fr\/wp-json\/wp\/v2\/media?parent=36499"}],"wp:term":[{"taxonomy":"product_brand","embeddable":true,"href":"https:\/\/climatemaster.ge\/fr\/wp-json\/wp\/v2\/product_brand?post=36499"},{"taxonomy":"product_cat","embeddable":true,"href":"https:\/\/climatemaster.ge\/fr\/wp-json\/wp\/v2\/product_cat?post=36499"},{"taxonomy":"product_tag","embeddable":true,"href":"https:\/\/climatemaster.ge\/fr\/wp-json\/wp\/v2\/product_tag?post=36499"}],"curies":[{"name":"wp","href":"https:\/\/api.w.org\/{rel}","templated":true}]}}