{"id":36486,"date":"2025-09-04T14:50:50","date_gmt":"2025-09-04T10:50:50","guid":{"rendered":"https:\/\/airsystems.ge\/shop\/product\/s-bm2-rectangular-smoke-control-dampers\/"},"modified":"2025-09-04T15:04:13","modified_gmt":"2025-09-04T11:04:13","slug":"s-bm2-rectangular-smoke-control-dampers","status":"publish","type":"product","link":"https:\/\/climatemaster.ge\/fr\/produit\/s-bm2-rectangular-smoke-control-dampers\/","title":{"rendered":"Volets de d\u00e9senfumage rectangulaires S-BM2"},"content":{"rendered":"<div class=\"mb-400 gtm-product-section container-fluid\" data-gtm-name=\"Benefits\" data-gtm-label=\"Benefits (en)\" data-gtm-vis-first-on-screen53434917_103=\"1855\" data-gtm-vis-total-visible-time53434917_103=\"1500\" data-gtm-vis-has-fired53434917_103=\"1\">\n<div class=\"row\">\n<div class=\"content-element content-element-product-benefit col-12 sm:col-6 mb-400\">\n<div class=\"bg-card px-300 py-250 mobile-nav:px-200 mobile-nav:py-150 h-full flex overflow-hidden card-border\">\n<div class=\"min-w-0\">\n<div class=\"mb-400 gtm-product-section container-fluid\" data-gtm-name=\"Benefits\" data-gtm-label=\"Benefits (en)\" data-gtm-vis-first-on-screen53434917_103=\"1855\" data-gtm-vis-total-visible-time53434917_103=\"1500\" data-gtm-vis-has-fired53434917_103=\"1\">\n<div class=\"row\">\n<div class=\"content-element content-element-product-benefit col-12 sm:col-6 mb-400\">\n<div class=\"bg-card px-300 py-250 mobile-nav:px-200 mobile-nav:py-150 h-full flex overflow-hidden card-border\">\n<div class=\"min-w-0\"><strong>\u00a0Installation de 4 volets en un seul.<\/strong><\/div>\n<\/div>\n<\/div>\n<\/div>\n<\/div>\n<div class=\"mb-400 container-fluid\">\n<div class=\"row\">\n<div class=\"md:offset-1 md:col-10\">\n<div class=\"richtext-wrap reset-margin-last text-label-small\">\n<p>Installation murale jusqu&rsquo;\u00e0 4 volets en une seule installation.<\/p>\n<p><strong>Facile \u00e0 installer.<\/strong><br \/>\nLes faces avant du S-BM2 sont \u00e9quip\u00e9es d&rsquo;inserts filet\u00e9s, ce qui facilite l&rsquo;installation de grilles ou de brides de conduit en t\u00f4le. De plus, le m\u00e9canisme et l&rsquo;actionneur sont enferm\u00e9s dans le bo\u00eetier du volet et deux couvercles de chaque c\u00f4t\u00e9.<\/p>\n<p><strong>R\u00e9sistivit\u00e9 maximale<\/strong><br \/>\nEn tant que clapet de d\u00e9senfumage \u00e0 intervention manuelle class\u00e9 \u00ab\u00a0MA\u00a0\u00bb, le S-BM2 peut fonctionner m\u00eame en cas d&rsquo;incendie. Vous pouvez modifier la configuration du syst\u00e8me de d\u00e9senfumage pendant les 25 premi\u00e8res minutes. Ce clapet class\u00e9 \u00ab\u00a0MA\u00a0\u00bb peut \u00e9galement \u00eatre utilis\u00e9 comme clapet de d\u00e9senfumage class\u00e9 \u00ab\u00a0AA\u00a0\u00bb.<\/p>\n<p><strong>Con\u00e7u pour la performance<\/strong><br \/>\nLes clapets de d\u00e9senfumage S-BM2 sont fabriqu\u00e9s \u00e0 partir de t\u00f4le galvanis\u00e9e robuste, de panneaux de silicate de calcium et de fibre de verre ignifuge \u2013 des mat\u00e9riaux non dangereux qui contribuent \u00e0 pr\u00e9venir la propagation de la fum\u00e9e et du feu.<\/p>\n<p>Les clapets de d\u00e9senfumage S-BM2 sont certifi\u00e9s CE conform\u00e9ment au R\u00e8glement sur les produits de construction (EN\u00a012101-8). Test\u00e9s selon les normes EN\u00a01366-10 et EN\u00a01366-2, ils sont class\u00e9s selon la norme EN\u00a013501-4.<\/p>\n<p>Le corps du S-BM2 ne mesure que 240\u00a0mm et ne pr\u00e9sente aucun porte-\u00e0-faux. Le niveau de pression est de 2, ce qui repr\u00e9sente une limite de d\u00e9pression de 1\u00a0000 Pa et de surpression de 300 Pa.<\/p>\n<p>Le volet de d\u00e9senfumage et son installation constituent un \u00e9l\u00e9ment indissociable de la r\u00e9sistance au feu.<\/p>\n<p>&nbsp;<\/p>\n<\/div>\n<\/div>\n<\/div>\n<\/div>\n<\/div>\n<\/div>\n<\/div>\n<\/div>\n<\/div>\n<div class=\"content-container content-container-page gtm-product-section\" data-gtm-name=\"Content\" data-gtm-label=\"Content (en)\" data-gtm-vis-first-on-screen53434917_103=\"323776\" data-gtm-vis-total-visible-time53434917_103=\"1500\" data-gtm-vis-has-fired53434917_103=\"1\">\n<div id=\"scroll-b50d590f\" class=\"content-element content-element-video gtm-component-video container-fluid\">\n<div class=\"row\">\n<div class=\"col-12\">\n<div class=\"relative\">\n<p><iframe class=\"absolute inset-0 w-full h-full object-center object-contain\" title=\"Youtube Video\" src=\"https:\/\/www.youtube.com\/embed\/83xZPnJBe50\" frameborder=\"0\" allowfullscreen=\"allowfullscreen\" data-mce-fragment=\"1\"><\/iframe><\/p>\n<\/div>\n<\/div>\n<\/div>\n<\/div>\n<\/div>\n<div class=\"mb-400 mt-700 relative container-fluid\">\n<div class=\"gtm-product-section\" data-gtm-name=\"Tech specs\" data-gtm-label=\"Tech specs\" data-offset=\"0\" data-gtm-vis-first-on-screen53434917_103=\"324209\" data-gtm-vis-total-visible-time53434917_103=\"1500\" data-gtm-vis-recent-on-screen53434917_103=\"327493\" data-gtm-vis-has-fired53434917_103=\"1\">\n<div class=\"row gap-y-150 mb-200 desktop-nav:mb-0 md ProductPageISSections_product-info-header___9p5M\">\n<div class=\"col-12 md:col-6 flex flex-row gap-100\">\n<h2 class=\"m-0\">Sp\u00e9cifications techniques<\/h2>\n<\/div>\n<div class=\" col-12 md:col-6 md:text-right print:hidden flex items-center justify-end mobile-nav:flex-col gap-050 \">\n<div class=\"whitespace-nowrap mobile-nav:w-full\"><button class=\"gtm-product-specsheet-link btn btn-secondary btn-small btn-icon-left xs-max:btn-block\">Download spec sheet<\/button><\/div>\n<\/div>\n<\/div>\n<\/div>\n<\/div>\n","protected":false},"excerpt":{"rendered":"<p>\u00c9limine rapidement les gaz toxiques, la fum\u00e9e et le feu, ou apporte de l&rsquo;air frais aux compartiments coupe-feu.<\/p>\n<p>Installation en batterie jusqu&rsquo;\u00e0 4 volets.<\/p>\n<p>Installation possible dans les murs, les plafonds ou les conduits.<\/p>\n<p>MA \u2013 Classe d&rsquo;intervention manuelle.<\/p>\n<p>Multi \u2013 Utilisation dans les compartiments class\u00e9s \u00ab\u00a0Multi\u00a0\u00bb et \u00ab\u00a0Single\u00a0\u00bb.<\/p>\n<p>Cycle de 30 minutes en cas d&rsquo;incendie\u00a0? Aucun probl\u00e8me\u00a0: HOT 400\/30 est le bienvenu.<\/p>\n<p>Classe d&rsquo;\u00e9tanch\u00e9it\u00e9 3C en standard.<\/p>\n","protected":false},"featured_media":36480,"template":"","meta":[],"product_brand":[],"product_cat":[1772,1797,1810],"product_tag":[],"class_list":{"0":"post-36486","1":"product","2":"type-product","3":"status-publish","4":"has-post-thumbnail","6":"product_cat-securite-incendie","7":"product_cat-volets-de-desenfumage","8":"product_cat-volets-de-desenfumage-rectangulaires","10":"first","11":"instock","12":"shipping-taxable","13":"product-type-simple"},"yoast_head":"<!-- This site is optimized with the Yoast SEO plugin v27.1.1 - https:\/\/yoast.com\/product\/yoast-seo-wordpress\/ -->\n<title>Volets de d\u00e9senfumage rectangulaires S-BM2 - Climate Master<\/title>\n<meta name=\"robots\" content=\"index, follow, max-snippet:-1, max-image-preview:large, max-video-preview:-1\" \/>\n<link rel=\"canonical\" href=\"https:\/\/climatemaster.ge\/fr\/produit\/s-bm2-rectangular-smoke-control-dampers\/\" \/>\n<meta property=\"og:locale\" content=\"fr_FR\" \/>\n<meta property=\"og:type\" content=\"article\" \/>\n<meta property=\"og:title\" content=\"Volets de d\u00e9senfumage rectangulaires S-BM2 - Climate Master\" \/>\n<meta property=\"og:description\" content=\"\u00c9limine rapidement les gaz toxiques, la fum\u00e9e et le feu, ou apporte de l&#039;air frais aux compartiments coupe-feu.  Installation en batterie jusqu&#039;\u00e0 4 volets.  Installation possible dans les murs, les plafonds ou les conduits.  MA \u2013 Classe d&#039;intervention manuelle.  Multi \u2013 Utilisation dans les compartiments class\u00e9s \u00ab\u00a0Multi\u00a0\u00bb et \u00ab\u00a0Single\u00a0\u00bb.  Cycle de 30 minutes en cas d&#039;incendie\u00a0? Aucun probl\u00e8me\u00a0: HOT 400\/30 est le bienvenu.  Classe d&#039;\u00e9tanch\u00e9it\u00e9 3C en standard.\" \/>\n<meta property=\"og:url\" content=\"https:\/\/climatemaster.ge\/fr\/produit\/s-bm2-rectangular-smoke-control-dampers\/\" \/>\n<meta property=\"og:site_name\" content=\"Climate Master\" \/>\n<meta property=\"article:modified_time\" content=\"2025-09-04T11:04:13+00:00\" \/>\n<meta property=\"og:image\" content=\"https:\/\/climatemaster.ge\/wp-content\/uploads\/2025\/09\/COLLAGE_S-BM2_HQ-1.jpg\" \/>\n\t<meta property=\"og:image:width\" content=\"384\" \/>\n\t<meta property=\"og:image:height\" content=\"288\" \/>\n\t<meta property=\"og:image:type\" content=\"image\/jpeg\" \/>\n<meta name=\"twitter:card\" content=\"summary_large_image\" \/>\n<meta name=\"twitter:label1\" content=\"Dur\u00e9e de lecture estim\u00e9e\" \/>\n\t<meta name=\"twitter:data1\" content=\"1 minute\" \/>\n<script type=\"application\/ld+json\" class=\"yoast-schema-graph\">{\"@context\":\"https:\/\/schema.org\",\"@graph\":[{\"@type\":\"WebPage\",\"@id\":\"https:\/\/climatemaster.ge\/fr\/produit\/s-bm2-rectangular-smoke-control-dampers\/\",\"url\":\"https:\/\/climatemaster.ge\/fr\/produit\/s-bm2-rectangular-smoke-control-dampers\/\",\"name\":\"Volets de d\u00e9senfumage rectangulaires S-BM2 - Climate Master\",\"isPartOf\":{\"@id\":\"https:\/\/climatemaster.ge\/#website\"},\"primaryImageOfPage\":{\"@id\":\"https:\/\/climatemaster.ge\/fr\/produit\/s-bm2-rectangular-smoke-control-dampers\/#primaryimage\"},\"image\":{\"@id\":\"https:\/\/climatemaster.ge\/fr\/produit\/s-bm2-rectangular-smoke-control-dampers\/#primaryimage\"},\"thumbnailUrl\":\"https:\/\/climatemaster.ge\/wp-content\/uploads\/2025\/09\/COLLAGE_S-BM2_HQ-1.jpg\",\"datePublished\":\"2025-09-04T10:50:50+00:00\",\"dateModified\":\"2025-09-04T11:04:13+00:00\",\"breadcrumb\":{\"@id\":\"https:\/\/climatemaster.ge\/fr\/produit\/s-bm2-rectangular-smoke-control-dampers\/#breadcrumb\"},\"inLanguage\":\"fr-FR\",\"potentialAction\":[{\"@type\":\"ReadAction\",\"target\":[\"https:\/\/climatemaster.ge\/fr\/produit\/s-bm2-rectangular-smoke-control-dampers\/\"]}]},{\"@type\":\"ImageObject\",\"inLanguage\":\"fr-FR\",\"@id\":\"https:\/\/climatemaster.ge\/fr\/produit\/s-bm2-rectangular-smoke-control-dampers\/#primaryimage\",\"url\":\"https:\/\/climatemaster.ge\/wp-content\/uploads\/2025\/09\/COLLAGE_S-BM2_HQ-1.jpg\",\"contentUrl\":\"https:\/\/climatemaster.ge\/wp-content\/uploads\/2025\/09\/COLLAGE_S-BM2_HQ-1.jpg\",\"width\":384,\"height\":288},{\"@type\":\"BreadcrumbList\",\"@id\":\"https:\/\/climatemaster.ge\/fr\/produit\/s-bm2-rectangular-smoke-control-dampers\/#breadcrumb\",\"itemListElement\":[{\"@type\":\"ListItem\",\"position\":1,\"name\":\"Home\",\"item\":\"https:\/\/climatemaster.ge\/\"},{\"@type\":\"ListItem\",\"position\":2,\"name\":\"Products\",\"item\":\"https:\/\/climatemaster.ge\/products\/\"},{\"@type\":\"ListItem\",\"position\":3,\"name\":\"Volets de d\u00e9senfumage rectangulaires S-BM2\"}]},{\"@type\":\"WebSite\",\"@id\":\"https:\/\/climatemaster.ge\/#website\",\"url\":\"https:\/\/climatemaster.ge\/\",\"name\":\"Climate Master\",\"description\":\"\",\"publisher\":{\"@id\":\"https:\/\/climatemaster.ge\/#organization\"},\"potentialAction\":[{\"@type\":\"SearchAction\",\"target\":{\"@type\":\"EntryPoint\",\"urlTemplate\":\"https:\/\/climatemaster.ge\/?s={search_term_string}\"},\"query-input\":{\"@type\":\"PropertyValueSpecification\",\"valueRequired\":true,\"valueName\":\"search_term_string\"}}],\"inLanguage\":\"fr-FR\"},{\"@type\":\"Organization\",\"@id\":\"https:\/\/climatemaster.ge\/#organization\",\"name\":\"Climate Master\",\"url\":\"https:\/\/climatemaster.ge\/\",\"logo\":{\"@type\":\"ImageObject\",\"inLanguage\":\"fr-FR\",\"@id\":\"https:\/\/climatemaster.ge\/#\/schema\/logo\/image\/\",\"url\":\"https:\/\/climatemaster.ge\/wp-content\/uploads\/2026\/03\/Untitled-2.png\",\"contentUrl\":\"https:\/\/climatemaster.ge\/wp-content\/uploads\/2026\/03\/Untitled-2.png\",\"width\":600,\"height\":338,\"caption\":\"Climate Master\"},\"image\":{\"@id\":\"https:\/\/climatemaster.ge\/#\/schema\/logo\/image\/\"}}]}<\/script>\n<!-- \/ Yoast SEO plugin. -->","yoast_head_json":{"title":"Volets de d\u00e9senfumage rectangulaires S-BM2 - Climate Master","robots":{"index":"index","follow":"follow","max-snippet":"max-snippet:-1","max-image-preview":"max-image-preview:large","max-video-preview":"max-video-preview:-1"},"canonical":"https:\/\/climatemaster.ge\/fr\/produit\/s-bm2-rectangular-smoke-control-dampers\/","og_locale":"fr_FR","og_type":"article","og_title":"Volets de d\u00e9senfumage rectangulaires S-BM2 - Climate Master","og_description":"\u00c9limine rapidement les gaz toxiques, la fum\u00e9e et le feu, ou apporte de l'air frais aux compartiments coupe-feu.  Installation en batterie jusqu'\u00e0 4 volets.  Installation possible dans les murs, les plafonds ou les conduits.  MA \u2013 Classe d'intervention manuelle.  Multi \u2013 Utilisation dans les compartiments class\u00e9s \u00ab\u00a0Multi\u00a0\u00bb et \u00ab\u00a0Single\u00a0\u00bb.  Cycle de 30 minutes en cas d'incendie\u00a0? Aucun probl\u00e8me\u00a0: HOT 400\/30 est le bienvenu.  Classe d'\u00e9tanch\u00e9it\u00e9 3C en standard.","og_url":"https:\/\/climatemaster.ge\/fr\/produit\/s-bm2-rectangular-smoke-control-dampers\/","og_site_name":"Climate Master","article_modified_time":"2025-09-04T11:04:13+00:00","og_image":[{"width":384,"height":288,"url":"https:\/\/climatemaster.ge\/wp-content\/uploads\/2025\/09\/COLLAGE_S-BM2_HQ-1.jpg","type":"image\/jpeg"}],"twitter_card":"summary_large_image","twitter_misc":{"Dur\u00e9e de lecture estim\u00e9e":"1 minute"},"schema":{"@context":"https:\/\/schema.org","@graph":[{"@type":"WebPage","@id":"https:\/\/climatemaster.ge\/fr\/produit\/s-bm2-rectangular-smoke-control-dampers\/","url":"https:\/\/climatemaster.ge\/fr\/produit\/s-bm2-rectangular-smoke-control-dampers\/","name":"Volets de d\u00e9senfumage rectangulaires S-BM2 - Climate Master","isPartOf":{"@id":"https:\/\/climatemaster.ge\/#website"},"primaryImageOfPage":{"@id":"https:\/\/climatemaster.ge\/fr\/produit\/s-bm2-rectangular-smoke-control-dampers\/#primaryimage"},"image":{"@id":"https:\/\/climatemaster.ge\/fr\/produit\/s-bm2-rectangular-smoke-control-dampers\/#primaryimage"},"thumbnailUrl":"https:\/\/climatemaster.ge\/wp-content\/uploads\/2025\/09\/COLLAGE_S-BM2_HQ-1.jpg","datePublished":"2025-09-04T10:50:50+00:00","dateModified":"2025-09-04T11:04:13+00:00","breadcrumb":{"@id":"https:\/\/climatemaster.ge\/fr\/produit\/s-bm2-rectangular-smoke-control-dampers\/#breadcrumb"},"inLanguage":"fr-FR","potentialAction":[{"@type":"ReadAction","target":["https:\/\/climatemaster.ge\/fr\/produit\/s-bm2-rectangular-smoke-control-dampers\/"]}]},{"@type":"ImageObject","inLanguage":"fr-FR","@id":"https:\/\/climatemaster.ge\/fr\/produit\/s-bm2-rectangular-smoke-control-dampers\/#primaryimage","url":"https:\/\/climatemaster.ge\/wp-content\/uploads\/2025\/09\/COLLAGE_S-BM2_HQ-1.jpg","contentUrl":"https:\/\/climatemaster.ge\/wp-content\/uploads\/2025\/09\/COLLAGE_S-BM2_HQ-1.jpg","width":384,"height":288},{"@type":"BreadcrumbList","@id":"https:\/\/climatemaster.ge\/fr\/produit\/s-bm2-rectangular-smoke-control-dampers\/#breadcrumb","itemListElement":[{"@type":"ListItem","position":1,"name":"Home","item":"https:\/\/climatemaster.ge\/"},{"@type":"ListItem","position":2,"name":"Products","item":"https:\/\/climatemaster.ge\/products\/"},{"@type":"ListItem","position":3,"name":"Volets de d\u00e9senfumage rectangulaires S-BM2"}]},{"@type":"WebSite","@id":"https:\/\/climatemaster.ge\/#website","url":"https:\/\/climatemaster.ge\/","name":"Climate Master","description":"","publisher":{"@id":"https:\/\/climatemaster.ge\/#organization"},"potentialAction":[{"@type":"SearchAction","target":{"@type":"EntryPoint","urlTemplate":"https:\/\/climatemaster.ge\/?s={search_term_string}"},"query-input":{"@type":"PropertyValueSpecification","valueRequired":true,"valueName":"search_term_string"}}],"inLanguage":"fr-FR"},{"@type":"Organization","@id":"https:\/\/climatemaster.ge\/#organization","name":"Climate Master","url":"https:\/\/climatemaster.ge\/","logo":{"@type":"ImageObject","inLanguage":"fr-FR","@id":"https:\/\/climatemaster.ge\/#\/schema\/logo\/image\/","url":"https:\/\/climatemaster.ge\/wp-content\/uploads\/2026\/03\/Untitled-2.png","contentUrl":"https:\/\/climatemaster.ge\/wp-content\/uploads\/2026\/03\/Untitled-2.png","width":600,"height":338,"caption":"Climate Master"},"image":{"@id":"https:\/\/climatemaster.ge\/#\/schema\/logo\/image\/"}}]}},"_links":{"self":[{"href":"https:\/\/climatemaster.ge\/fr\/wp-json\/wp\/v2\/product\/36486","targetHints":{"allow":["GET"]}}],"collection":[{"href":"https:\/\/climatemaster.ge\/fr\/wp-json\/wp\/v2\/product"}],"about":[{"href":"https:\/\/climatemaster.ge\/fr\/wp-json\/wp\/v2\/types\/product"}],"wp:featuredmedia":[{"embeddable":true,"href":"https:\/\/climatemaster.ge\/fr\/wp-json\/wp\/v2\/media\/36480"}],"wp:attachment":[{"href":"https:\/\/climatemaster.ge\/fr\/wp-json\/wp\/v2\/media?parent=36486"}],"wp:term":[{"taxonomy":"product_brand","embeddable":true,"href":"https:\/\/climatemaster.ge\/fr\/wp-json\/wp\/v2\/product_brand?post=36486"},{"taxonomy":"product_cat","embeddable":true,"href":"https:\/\/climatemaster.ge\/fr\/wp-json\/wp\/v2\/product_cat?post=36486"},{"taxonomy":"product_tag","embeddable":true,"href":"https:\/\/climatemaster.ge\/fr\/wp-json\/wp\/v2\/product_tag?post=36486"}],"curies":[{"name":"wp","href":"https:\/\/api.w.org\/{rel}","templated":true}]}}