{"id":36454,"date":"2025-09-03T20:41:25","date_gmt":"2025-09-03T16:41:25","guid":{"rendered":"https:\/\/airsystems.ge\/shop\/product\/f-c2-circular-fire-dampers\/"},"modified":"2025-09-03T20:44:46","modified_gmt":"2025-09-03T16:44:46","slug":"f-c2-circular-fire-dampers","status":"publish","type":"product","link":"https:\/\/climatemaster.ge\/fr\/produit\/f-c2-circular-fire-dampers\/","title":{"rendered":"Clapets coupe-feu circulaires F-C2"},"content":{"rendered":"<div class=\"mb-400 gtm-product-section container-fluid\" data-gtm-name=\"Benefits\" data-gtm-label=\"Benefits (en)\" data-gtm-vis-first-on-screen53434917_103=\"13310\" data-gtm-vis-total-visible-time53434917_103=\"1500\" data-gtm-vis-recent-on-screen53434917_103=\"173199\" data-gtm-vis-has-fired53434917_103=\"1\">\n<div class=\"row\">\n<div class=\"content-element content-element-product-benefit col-12 sm:col-6 mb-400\">\n<div class=\"bg-card px-300 py-250 mobile-nav:px-200 mobile-nav:py-150 h-full flex overflow-hidden card-border\">\n<div class=\"min-w-0\">\n<p><strong>Protection incendie passive<\/strong><br \/>\nLes clapets coupe-feu standard offrent une protection efficace contre la propagation du feu, de la fum\u00e9e et des gaz toxiques.<\/p>\n<p><strong>Activation par ressort<\/strong><br \/>\nLes clapets coupe-feu F-C2 sont fabriqu\u00e9s de s\u00e9rie avec une activation par ressort. Un microcontact de fin de course est disponible en option.<\/p>\n<p><strong>Mat\u00e9riaux ignifuges<\/strong><br \/>\nLe F-C2 est fabriqu\u00e9 \u00e0 partir de divers mat\u00e9riaux ignifuges, notamment de la t\u00f4le galvanis\u00e9e, du stratifi\u00e9 ignifuge graphite et de la mousse de polyur\u00e9thane.<\/p>\n<p>Les clapets coupe-feu circulaires F-C2 offrent une protection incendie passive et ont \u00e9t\u00e9 con\u00e7us pour utiliser le compartimentage afin d&#8217;emp\u00eacher la propagation des gaz toxiques, de la fum\u00e9e et du feu. Ils sont con\u00e7us et certifi\u00e9s conform\u00e9ment \u00e0 la norme EN 15650 et test\u00e9s selon les crit\u00e8res EIS selon la norme EN 1366-2.<\/p>\n<p>Le F-C2 est \u00e9quip\u00e9 de s\u00e9rie d&rsquo;un syst\u00e8me d&rsquo;activation par ressort. En cas d&rsquo;incendie, le clapet coupe-feu se ferme automatiquement lorsque la temp\u00e9rature de l&rsquo;air dans le conduit atteint 72 \u00b0C. La fusion du fusible thermique d\u00e9clenche la fermeture du clapet. La lame du clapet est alors verrouill\u00e9e m\u00e9caniquement en position ferm\u00e9e et ne peut \u00eatre ouverte que manuellement. Cette op\u00e9ration n\u00e9cessite l&rsquo;acc\u00e8s du personnel de maintenance au conduit.<\/p>\n<p>Les clapets F-C2 sont dot\u00e9s d&rsquo;un carter en t\u00f4le galvanis\u00e9e thermolaqu\u00e9e. Les lames sont fabriqu\u00e9es sans amiante et sont dot\u00e9es d&rsquo;un joint intumescent qui se dilate en cas d&rsquo;incendie. D&rsquo;autres dimensions sont disponibles dans cette gamme.<\/p>\n<p><strong>Caract\u00e9ristiques techniques<\/strong><\/p>\n<\/div>\n<\/div>\n<\/div>\n<\/div>\n<\/div>\n<div class=\"mb-400 mt-700 relative container-fluid\">\n<div class=\"gtm-product-section\" data-gtm-name=\"Tech specs\" data-gtm-label=\"Tech specs\" data-offset=\"0\" data-gtm-vis-recent-on-screen53434917_103=\"176012\" data-gtm-vis-first-on-screen53434917_103=\"176012\" data-gtm-vis-total-visible-time53434917_103=\"1500\" data-gtm-vis-has-fired53434917_103=\"1\">\n<div class=\"row gap-y-150 mb-200 desktop-nav:mb-0 md ProductPageISSections_product-info-header___9p5M\">\n<div class=\" col-12 md:col-6 md:text-right print:hidden flex items-center justify-end mobile-nav:flex-col gap-050 \">\n<div class=\"whitespace-nowrap mobile-nav:w-full\"><button class=\"gtm-product-specsheet-link btn btn-secondary btn-small btn-icon-left xs-max:btn-block\">Download spec sheet<\/button><\/div>\n<\/div>\n<\/div>\n<\/div>\n<\/div>\n","protected":false},"excerpt":{"rendered":"<p>Claque coupe-feu \u00e0 cartouche pour une protection incendie passive efficace<\/p>\n<p>Conception \u00e0 cartouche<\/p>\n<p>R\u00e9sistivit\u00e9s EI60S, EI90S, EI120S r\u00e9unies dans un seul produit<\/p>\n<p>D\u00e9tection de fermeture<\/p>\n<p>Installation de la vanne<\/p>\n<p>Disponible \u00e0 partir de 80 mm<\/p>\n","protected":false},"featured_media":36449,"template":"","meta":[],"product_brand":[],"product_cat":[1778,1789,1772],"product_tag":[],"class_list":{"0":"post-36454","1":"product","2":"type-product","3":"status-publish","4":"has-post-thumbnail","6":"product_cat-clapets-coupe-feu","7":"product_cat-claques-coupe-feu-circulaires","8":"product_cat-securite-incendie","10":"first","11":"instock","12":"shipping-taxable","13":"product-type-simple"},"yoast_head":"<!-- This site is optimized with the Yoast SEO plugin v27.1.1 - https:\/\/yoast.com\/product\/yoast-seo-wordpress\/ -->\n<title>Clapets coupe-feu circulaires F-C2 - Climate Master<\/title>\n<meta name=\"robots\" content=\"index, follow, max-snippet:-1, max-image-preview:large, max-video-preview:-1\" \/>\n<link rel=\"canonical\" href=\"https:\/\/climatemaster.ge\/fr\/produit\/f-c2-circular-fire-dampers\/\" \/>\n<meta property=\"og:locale\" content=\"fr_FR\" \/>\n<meta property=\"og:type\" content=\"article\" \/>\n<meta property=\"og:title\" content=\"Clapets coupe-feu circulaires F-C2 - Climate Master\" \/>\n<meta property=\"og:description\" content=\"Claque coupe-feu \u00e0 cartouche pour une protection incendie passive efficace  Conception \u00e0 cartouche  R\u00e9sistivit\u00e9s EI60S, EI90S, EI120S r\u00e9unies dans un seul produit  D\u00e9tection de fermeture  Installation de la vanne  Disponible \u00e0 partir de 80 mm\" \/>\n<meta property=\"og:url\" content=\"https:\/\/climatemaster.ge\/fr\/produit\/f-c2-circular-fire-dampers\/\" \/>\n<meta property=\"og:site_name\" content=\"Climate Master\" \/>\n<meta property=\"article:modified_time\" content=\"2025-09-03T16:44:46+00:00\" \/>\n<meta property=\"og:image\" content=\"https:\/\/climatemaster.ge\/wp-content\/uploads\/2025\/09\/converted_PRODUCT-MAIN-IMAGE_F_C2.png\" \/>\n\t<meta property=\"og:image:width\" content=\"384\" \/>\n\t<meta property=\"og:image:height\" content=\"288\" \/>\n\t<meta property=\"og:image:type\" content=\"image\/png\" \/>\n<meta name=\"twitter:card\" content=\"summary_large_image\" \/>\n<meta name=\"twitter:label1\" content=\"Dur\u00e9e de lecture estim\u00e9e\" \/>\n\t<meta name=\"twitter:data1\" content=\"1 minute\" \/>\n<script type=\"application\/ld+json\" class=\"yoast-schema-graph\">{\"@context\":\"https:\/\/schema.org\",\"@graph\":[{\"@type\":\"WebPage\",\"@id\":\"https:\/\/climatemaster.ge\/fr\/produit\/f-c2-circular-fire-dampers\/\",\"url\":\"https:\/\/climatemaster.ge\/fr\/produit\/f-c2-circular-fire-dampers\/\",\"name\":\"Clapets coupe-feu circulaires F-C2 - Climate Master\",\"isPartOf\":{\"@id\":\"https:\/\/climatemaster.ge\/#website\"},\"primaryImageOfPage\":{\"@id\":\"https:\/\/climatemaster.ge\/fr\/produit\/f-c2-circular-fire-dampers\/#primaryimage\"},\"image\":{\"@id\":\"https:\/\/climatemaster.ge\/fr\/produit\/f-c2-circular-fire-dampers\/#primaryimage\"},\"thumbnailUrl\":\"https:\/\/climatemaster.ge\/wp-content\/uploads\/2025\/09\/converted_PRODUCT-MAIN-IMAGE_F_C2.png\",\"datePublished\":\"2025-09-03T16:41:25+00:00\",\"dateModified\":\"2025-09-03T16:44:46+00:00\",\"breadcrumb\":{\"@id\":\"https:\/\/climatemaster.ge\/fr\/produit\/f-c2-circular-fire-dampers\/#breadcrumb\"},\"inLanguage\":\"fr-FR\",\"potentialAction\":[{\"@type\":\"ReadAction\",\"target\":[\"https:\/\/climatemaster.ge\/fr\/produit\/f-c2-circular-fire-dampers\/\"]}]},{\"@type\":\"ImageObject\",\"inLanguage\":\"fr-FR\",\"@id\":\"https:\/\/climatemaster.ge\/fr\/produit\/f-c2-circular-fire-dampers\/#primaryimage\",\"url\":\"https:\/\/climatemaster.ge\/wp-content\/uploads\/2025\/09\/converted_PRODUCT-MAIN-IMAGE_F_C2.png\",\"contentUrl\":\"https:\/\/climatemaster.ge\/wp-content\/uploads\/2025\/09\/converted_PRODUCT-MAIN-IMAGE_F_C2.png\",\"width\":384,\"height\":288},{\"@type\":\"BreadcrumbList\",\"@id\":\"https:\/\/climatemaster.ge\/fr\/produit\/f-c2-circular-fire-dampers\/#breadcrumb\",\"itemListElement\":[{\"@type\":\"ListItem\",\"position\":1,\"name\":\"Home\",\"item\":\"https:\/\/climatemaster.ge\/\"},{\"@type\":\"ListItem\",\"position\":2,\"name\":\"Products\",\"item\":\"https:\/\/climatemaster.ge\/products\/\"},{\"@type\":\"ListItem\",\"position\":3,\"name\":\"Clapets coupe-feu circulaires F-C2\"}]},{\"@type\":\"WebSite\",\"@id\":\"https:\/\/climatemaster.ge\/#website\",\"url\":\"https:\/\/climatemaster.ge\/\",\"name\":\"Climate Master\",\"description\":\"\",\"publisher\":{\"@id\":\"https:\/\/climatemaster.ge\/#organization\"},\"potentialAction\":[{\"@type\":\"SearchAction\",\"target\":{\"@type\":\"EntryPoint\",\"urlTemplate\":\"https:\/\/climatemaster.ge\/?s={search_term_string}\"},\"query-input\":{\"@type\":\"PropertyValueSpecification\",\"valueRequired\":true,\"valueName\":\"search_term_string\"}}],\"inLanguage\":\"fr-FR\"},{\"@type\":\"Organization\",\"@id\":\"https:\/\/climatemaster.ge\/#organization\",\"name\":\"Climate Master\",\"url\":\"https:\/\/climatemaster.ge\/\",\"logo\":{\"@type\":\"ImageObject\",\"inLanguage\":\"fr-FR\",\"@id\":\"https:\/\/climatemaster.ge\/#\/schema\/logo\/image\/\",\"url\":\"https:\/\/climatemaster.ge\/wp-content\/uploads\/2026\/03\/Untitled-2.png\",\"contentUrl\":\"https:\/\/climatemaster.ge\/wp-content\/uploads\/2026\/03\/Untitled-2.png\",\"width\":600,\"height\":338,\"caption\":\"Climate Master\"},\"image\":{\"@id\":\"https:\/\/climatemaster.ge\/#\/schema\/logo\/image\/\"}}]}<\/script>\n<!-- \/ Yoast SEO plugin. -->","yoast_head_json":{"title":"Clapets coupe-feu circulaires F-C2 - Climate Master","robots":{"index":"index","follow":"follow","max-snippet":"max-snippet:-1","max-image-preview":"max-image-preview:large","max-video-preview":"max-video-preview:-1"},"canonical":"https:\/\/climatemaster.ge\/fr\/produit\/f-c2-circular-fire-dampers\/","og_locale":"fr_FR","og_type":"article","og_title":"Clapets coupe-feu circulaires F-C2 - Climate Master","og_description":"Claque coupe-feu \u00e0 cartouche pour une protection incendie passive efficace  Conception \u00e0 cartouche  R\u00e9sistivit\u00e9s EI60S, EI90S, EI120S r\u00e9unies dans un seul produit  D\u00e9tection de fermeture  Installation de la vanne  Disponible \u00e0 partir de 80 mm","og_url":"https:\/\/climatemaster.ge\/fr\/produit\/f-c2-circular-fire-dampers\/","og_site_name":"Climate Master","article_modified_time":"2025-09-03T16:44:46+00:00","og_image":[{"width":384,"height":288,"url":"https:\/\/climatemaster.ge\/wp-content\/uploads\/2025\/09\/converted_PRODUCT-MAIN-IMAGE_F_C2.png","type":"image\/png"}],"twitter_card":"summary_large_image","twitter_misc":{"Dur\u00e9e de lecture estim\u00e9e":"1 minute"},"schema":{"@context":"https:\/\/schema.org","@graph":[{"@type":"WebPage","@id":"https:\/\/climatemaster.ge\/fr\/produit\/f-c2-circular-fire-dampers\/","url":"https:\/\/climatemaster.ge\/fr\/produit\/f-c2-circular-fire-dampers\/","name":"Clapets coupe-feu circulaires F-C2 - Climate Master","isPartOf":{"@id":"https:\/\/climatemaster.ge\/#website"},"primaryImageOfPage":{"@id":"https:\/\/climatemaster.ge\/fr\/produit\/f-c2-circular-fire-dampers\/#primaryimage"},"image":{"@id":"https:\/\/climatemaster.ge\/fr\/produit\/f-c2-circular-fire-dampers\/#primaryimage"},"thumbnailUrl":"https:\/\/climatemaster.ge\/wp-content\/uploads\/2025\/09\/converted_PRODUCT-MAIN-IMAGE_F_C2.png","datePublished":"2025-09-03T16:41:25+00:00","dateModified":"2025-09-03T16:44:46+00:00","breadcrumb":{"@id":"https:\/\/climatemaster.ge\/fr\/produit\/f-c2-circular-fire-dampers\/#breadcrumb"},"inLanguage":"fr-FR","potentialAction":[{"@type":"ReadAction","target":["https:\/\/climatemaster.ge\/fr\/produit\/f-c2-circular-fire-dampers\/"]}]},{"@type":"ImageObject","inLanguage":"fr-FR","@id":"https:\/\/climatemaster.ge\/fr\/produit\/f-c2-circular-fire-dampers\/#primaryimage","url":"https:\/\/climatemaster.ge\/wp-content\/uploads\/2025\/09\/converted_PRODUCT-MAIN-IMAGE_F_C2.png","contentUrl":"https:\/\/climatemaster.ge\/wp-content\/uploads\/2025\/09\/converted_PRODUCT-MAIN-IMAGE_F_C2.png","width":384,"height":288},{"@type":"BreadcrumbList","@id":"https:\/\/climatemaster.ge\/fr\/produit\/f-c2-circular-fire-dampers\/#breadcrumb","itemListElement":[{"@type":"ListItem","position":1,"name":"Home","item":"https:\/\/climatemaster.ge\/"},{"@type":"ListItem","position":2,"name":"Products","item":"https:\/\/climatemaster.ge\/products\/"},{"@type":"ListItem","position":3,"name":"Clapets coupe-feu circulaires F-C2"}]},{"@type":"WebSite","@id":"https:\/\/climatemaster.ge\/#website","url":"https:\/\/climatemaster.ge\/","name":"Climate Master","description":"","publisher":{"@id":"https:\/\/climatemaster.ge\/#organization"},"potentialAction":[{"@type":"SearchAction","target":{"@type":"EntryPoint","urlTemplate":"https:\/\/climatemaster.ge\/?s={search_term_string}"},"query-input":{"@type":"PropertyValueSpecification","valueRequired":true,"valueName":"search_term_string"}}],"inLanguage":"fr-FR"},{"@type":"Organization","@id":"https:\/\/climatemaster.ge\/#organization","name":"Climate Master","url":"https:\/\/climatemaster.ge\/","logo":{"@type":"ImageObject","inLanguage":"fr-FR","@id":"https:\/\/climatemaster.ge\/#\/schema\/logo\/image\/","url":"https:\/\/climatemaster.ge\/wp-content\/uploads\/2026\/03\/Untitled-2.png","contentUrl":"https:\/\/climatemaster.ge\/wp-content\/uploads\/2026\/03\/Untitled-2.png","width":600,"height":338,"caption":"Climate Master"},"image":{"@id":"https:\/\/climatemaster.ge\/#\/schema\/logo\/image\/"}}]}},"_links":{"self":[{"href":"https:\/\/climatemaster.ge\/fr\/wp-json\/wp\/v2\/product\/36454","targetHints":{"allow":["GET"]}}],"collection":[{"href":"https:\/\/climatemaster.ge\/fr\/wp-json\/wp\/v2\/product"}],"about":[{"href":"https:\/\/climatemaster.ge\/fr\/wp-json\/wp\/v2\/types\/product"}],"wp:featuredmedia":[{"embeddable":true,"href":"https:\/\/climatemaster.ge\/fr\/wp-json\/wp\/v2\/media\/36449"}],"wp:attachment":[{"href":"https:\/\/climatemaster.ge\/fr\/wp-json\/wp\/v2\/media?parent=36454"}],"wp:term":[{"taxonomy":"product_brand","embeddable":true,"href":"https:\/\/climatemaster.ge\/fr\/wp-json\/wp\/v2\/product_brand?post=36454"},{"taxonomy":"product_cat","embeddable":true,"href":"https:\/\/climatemaster.ge\/fr\/wp-json\/wp\/v2\/product_cat?post=36454"},{"taxonomy":"product_tag","embeddable":true,"href":"https:\/\/climatemaster.ge\/fr\/wp-json\/wp\/v2\/product_tag?post=36454"}],"curies":[{"name":"wp","href":"https:\/\/api.w.org\/{rel}","templated":true}]}}