{"id":36374,"date":"2025-09-03T20:14:02","date_gmt":"2025-09-03T16:14:02","guid":{"rendered":"https:\/\/airsystems.ge\/shop\/product\/fdr-3g-circular-fire-dampers\/"},"modified":"2025-09-03T20:18:22","modified_gmt":"2025-09-03T16:18:22","slug":"fdr-3g-circular-fire-dampers","status":"publish","type":"product","link":"https:\/\/climatemaster.ge\/fr\/produit\/fdr-3g-circular-fire-dampers\/","title":{"rendered":"Clapets coupe-feu circulaires DR-3G"},"content":{"rendered":"<div class=\"mb-400 gtm-product-section container-fluid\" data-gtm-name=\"Benefits\" data-gtm-label=\"Benefits (en)\" data-gtm-vis-first-on-screen53434917_103=\"2176\" data-gtm-vis-total-visible-time53434917_103=\"1500\" data-gtm-vis-has-fired53434917_103=\"1\">\n<div class=\"row\">\n<div class=\"content-element content-element-product-benefit col-12 sm:col-6 mb-400\">\n<div class=\"bg-card px-300 py-250 mobile-nav:px-200 mobile-nav:py-150 h-full flex overflow-hidden card-border\">\n<div class=\"min-w-0\">\n<p><strong>M\u00e9canisme manuel ou \u00e0 actionneur<\/strong><br \/>\nLes clapets coupe-feu sont fournis par d\u00e9faut avec un m\u00e9canisme manuel ou \u00e0 actionneur.<\/p>\n<p><strong>Efficacit\u00e9 garantie<\/strong><br \/>\nClasse d&rsquo;\u00e9tanch\u00e9it\u00e9 sup\u00e9rieure \u00e0 la limite requise par la norme CE harmonis\u00e9e<\/p>\n<p><strong>Fermeture par d\u00e9clenchement thermique<\/strong><br \/>\nLe clapet se ferme soit apr\u00e8s la fusion du fusible thermique, soit par activation \u00e0 distance via un \u00e9lectroaimant en connexion impulsionnelle.<\/p>\n<p>Le FDR-3G est con\u00e7u pour offrir une protection passive efficace. Sa conception compartiment\u00e9e emp\u00eache la propagation des gaz toxiques, de la fum\u00e9e et du feu. Conforme \u00e0 des normes de s\u00e9curit\u00e9 rigoureuses, il a \u00e9t\u00e9 con\u00e7u et certifi\u00e9 conform\u00e9ment \u00e0 la norme EN 15650 et test\u00e9 selon les crit\u00e8res EIS selon la norme EN 1366-2.<\/p>\n<p>Les clapets coupe-feu sont con\u00e7us pour les installations r\u00e9pertori\u00e9es et d\u00e9crites dans leur manuel.<\/p>\n<p>Tous les clapets coupe-feu sont fournis avec un m\u00e9canisme manuel ou \u00e0 servomoteur. Un bo\u00eetier d&rsquo;alimentation et de communication est \u00e9galement disponible en option. Les m\u00e9canismes d&rsquo;activation sont amovibles et le m\u00e9canisme \u00e0 servomoteur peut \u00eatre remplac\u00e9 par le m\u00e9canisme manuel.<\/p>\n<p>Les clapets coupe-feu sont dot\u00e9s d&rsquo;un carter en t\u00f4le galvanis\u00e9e. Les lames sont fabriqu\u00e9es avec des isolants sans amiante et sont \u00e9quip\u00e9es d&rsquo;un joint en caoutchouc pour les fum\u00e9es froides et d&rsquo;un joint intumescent. Ce joint intumescent se dilate en cas d&rsquo;incendie.<\/p>\n<p><strong>Caract\u00e9ristiques techniques<\/strong><\/p>\n<\/div>\n<\/div>\n<\/div>\n<\/div>\n<\/div>\n<div class=\"mb-400 mt-700 relative container-fluid\">\n<div class=\"gtm-product-section\" data-gtm-name=\"Tech specs\" data-gtm-label=\"Tech specs\" data-offset=\"0\" data-gtm-vis-recent-on-screen53434917_103=\"25736\" data-gtm-vis-first-on-screen53434917_103=\"25736\" data-gtm-vis-total-visible-time53434917_103=\"1500\" data-gtm-vis-has-fired53434917_103=\"1\">\n<div class=\"row gap-y-150 mb-200 desktop-nav:mb-0 md ProductPageISSections_product-info-header___9p5M\">\n<div class=\" col-12 md:col-6 md:text-right print:hidden flex items-center justify-end mobile-nav:flex-col gap-050 \">\n<div class=\"whitespace-nowrap mobile-nav:w-full\"><button class=\"gtm-product-specsheet-link btn btn-secondary btn-small btn-icon-left xs-max:btn-block\">Download spec sheet<\/button><\/div>\n<\/div>\n<\/div>\n<\/div>\n<\/div>\n","protected":false},"excerpt":{"rendered":"<p>Clapet coupe-feu polyvalent r\u00e9pondant \u00e0 la plupart de vos besoins de conception<\/p>\n<p>Grande vari\u00e9t\u00e9 d&rsquo;installations jusqu&rsquo;\u00e0 EI120S<\/p>\n<p>Classe d&rsquo;\u00e9tanch\u00e9it\u00e9 3C en standard<\/p>\n<p>M\u00e9canisme interchangeable<\/p>\n<p>Servomoteur modulable pour l&rsquo;\u00e9quilibrage du syst\u00e8me<\/p>\n","protected":false},"featured_media":36369,"template":"","meta":[],"product_brand":[],"product_cat":[1778,1789,1772],"product_tag":[],"class_list":{"0":"post-36374","1":"product","2":"type-product","3":"status-publish","4":"has-post-thumbnail","6":"product_cat-clapets-coupe-feu","7":"product_cat-claques-coupe-feu-circulaires","8":"product_cat-securite-incendie","10":"first","11":"instock","12":"shipping-taxable","13":"product-type-simple"},"yoast_head":"<!-- This site is optimized with the Yoast SEO plugin v27.1.1 - https:\/\/yoast.com\/product\/yoast-seo-wordpress\/ -->\n<title>Clapets coupe-feu circulaires DR-3G - Climate Master<\/title>\n<meta name=\"robots\" content=\"index, follow, max-snippet:-1, max-image-preview:large, max-video-preview:-1\" \/>\n<link rel=\"canonical\" href=\"https:\/\/climatemaster.ge\/fr\/produit\/fdr-3g-circular-fire-dampers\/\" \/>\n<meta property=\"og:locale\" content=\"fr_FR\" \/>\n<meta property=\"og:type\" content=\"article\" \/>\n<meta property=\"og:title\" content=\"Clapets coupe-feu circulaires DR-3G - Climate Master\" \/>\n<meta property=\"og:description\" content=\"Clapet coupe-feu polyvalent r\u00e9pondant \u00e0 la plupart de vos besoins de conception  Grande vari\u00e9t\u00e9 d&#039;installations jusqu&#039;\u00e0 EI120S  Classe d&#039;\u00e9tanch\u00e9it\u00e9 3C en standard  M\u00e9canisme interchangeable  Servomoteur modulable pour l&#039;\u00e9quilibrage du syst\u00e8me\" \/>\n<meta property=\"og:url\" content=\"https:\/\/climatemaster.ge\/fr\/produit\/fdr-3g-circular-fire-dampers\/\" \/>\n<meta property=\"og:site_name\" content=\"Climate Master\" \/>\n<meta property=\"article:modified_time\" content=\"2025-09-03T16:18:22+00:00\" \/>\n<meta property=\"og:image\" content=\"https:\/\/climatemaster.ge\/wp-content\/uploads\/2025\/09\/converted_PRODUCT-MAIN-IMAGE_FDR_3G.png\" \/>\n\t<meta property=\"og:image:width\" content=\"384\" \/>\n\t<meta property=\"og:image:height\" content=\"288\" \/>\n\t<meta property=\"og:image:type\" content=\"image\/png\" \/>\n<meta name=\"twitter:card\" content=\"summary_large_image\" \/>\n<meta name=\"twitter:label1\" content=\"Dur\u00e9e de lecture estim\u00e9e\" \/>\n\t<meta name=\"twitter:data1\" content=\"1 minute\" \/>\n<script type=\"application\/ld+json\" class=\"yoast-schema-graph\">{\"@context\":\"https:\/\/schema.org\",\"@graph\":[{\"@type\":\"WebPage\",\"@id\":\"https:\/\/climatemaster.ge\/fr\/produit\/fdr-3g-circular-fire-dampers\/\",\"url\":\"https:\/\/climatemaster.ge\/fr\/produit\/fdr-3g-circular-fire-dampers\/\",\"name\":\"Clapets coupe-feu circulaires DR-3G - Climate Master\",\"isPartOf\":{\"@id\":\"https:\/\/climatemaster.ge\/#website\"},\"primaryImageOfPage\":{\"@id\":\"https:\/\/climatemaster.ge\/fr\/produit\/fdr-3g-circular-fire-dampers\/#primaryimage\"},\"image\":{\"@id\":\"https:\/\/climatemaster.ge\/fr\/produit\/fdr-3g-circular-fire-dampers\/#primaryimage\"},\"thumbnailUrl\":\"https:\/\/climatemaster.ge\/wp-content\/uploads\/2025\/09\/converted_PRODUCT-MAIN-IMAGE_FDR_3G.png\",\"datePublished\":\"2025-09-03T16:14:02+00:00\",\"dateModified\":\"2025-09-03T16:18:22+00:00\",\"breadcrumb\":{\"@id\":\"https:\/\/climatemaster.ge\/fr\/produit\/fdr-3g-circular-fire-dampers\/#breadcrumb\"},\"inLanguage\":\"fr-FR\",\"potentialAction\":[{\"@type\":\"ReadAction\",\"target\":[\"https:\/\/climatemaster.ge\/fr\/produit\/fdr-3g-circular-fire-dampers\/\"]}]},{\"@type\":\"ImageObject\",\"inLanguage\":\"fr-FR\",\"@id\":\"https:\/\/climatemaster.ge\/fr\/produit\/fdr-3g-circular-fire-dampers\/#primaryimage\",\"url\":\"https:\/\/climatemaster.ge\/wp-content\/uploads\/2025\/09\/converted_PRODUCT-MAIN-IMAGE_FDR_3G.png\",\"contentUrl\":\"https:\/\/climatemaster.ge\/wp-content\/uploads\/2025\/09\/converted_PRODUCT-MAIN-IMAGE_FDR_3G.png\",\"width\":384,\"height\":288},{\"@type\":\"BreadcrumbList\",\"@id\":\"https:\/\/climatemaster.ge\/fr\/produit\/fdr-3g-circular-fire-dampers\/#breadcrumb\",\"itemListElement\":[{\"@type\":\"ListItem\",\"position\":1,\"name\":\"Home\",\"item\":\"https:\/\/climatemaster.ge\/\"},{\"@type\":\"ListItem\",\"position\":2,\"name\":\"Products\",\"item\":\"https:\/\/climatemaster.ge\/products\/\"},{\"@type\":\"ListItem\",\"position\":3,\"name\":\"Clapets coupe-feu circulaires DR-3G\"}]},{\"@type\":\"WebSite\",\"@id\":\"https:\/\/climatemaster.ge\/#website\",\"url\":\"https:\/\/climatemaster.ge\/\",\"name\":\"Climate Master\",\"description\":\"\",\"publisher\":{\"@id\":\"https:\/\/climatemaster.ge\/#organization\"},\"potentialAction\":[{\"@type\":\"SearchAction\",\"target\":{\"@type\":\"EntryPoint\",\"urlTemplate\":\"https:\/\/climatemaster.ge\/?s={search_term_string}\"},\"query-input\":{\"@type\":\"PropertyValueSpecification\",\"valueRequired\":true,\"valueName\":\"search_term_string\"}}],\"inLanguage\":\"fr-FR\"},{\"@type\":\"Organization\",\"@id\":\"https:\/\/climatemaster.ge\/#organization\",\"name\":\"Climate Master\",\"url\":\"https:\/\/climatemaster.ge\/\",\"logo\":{\"@type\":\"ImageObject\",\"inLanguage\":\"fr-FR\",\"@id\":\"https:\/\/climatemaster.ge\/#\/schema\/logo\/image\/\",\"url\":\"https:\/\/climatemaster.ge\/wp-content\/uploads\/2026\/03\/Untitled-2.png\",\"contentUrl\":\"https:\/\/climatemaster.ge\/wp-content\/uploads\/2026\/03\/Untitled-2.png\",\"width\":600,\"height\":338,\"caption\":\"Climate Master\"},\"image\":{\"@id\":\"https:\/\/climatemaster.ge\/#\/schema\/logo\/image\/\"}}]}<\/script>\n<!-- \/ Yoast SEO plugin. -->","yoast_head_json":{"title":"Clapets coupe-feu circulaires DR-3G - Climate Master","robots":{"index":"index","follow":"follow","max-snippet":"max-snippet:-1","max-image-preview":"max-image-preview:large","max-video-preview":"max-video-preview:-1"},"canonical":"https:\/\/climatemaster.ge\/fr\/produit\/fdr-3g-circular-fire-dampers\/","og_locale":"fr_FR","og_type":"article","og_title":"Clapets coupe-feu circulaires DR-3G - Climate Master","og_description":"Clapet coupe-feu polyvalent r\u00e9pondant \u00e0 la plupart de vos besoins de conception  Grande vari\u00e9t\u00e9 d'installations jusqu'\u00e0 EI120S  Classe d'\u00e9tanch\u00e9it\u00e9 3C en standard  M\u00e9canisme interchangeable  Servomoteur modulable pour l'\u00e9quilibrage du syst\u00e8me","og_url":"https:\/\/climatemaster.ge\/fr\/produit\/fdr-3g-circular-fire-dampers\/","og_site_name":"Climate Master","article_modified_time":"2025-09-03T16:18:22+00:00","og_image":[{"width":384,"height":288,"url":"https:\/\/climatemaster.ge\/wp-content\/uploads\/2025\/09\/converted_PRODUCT-MAIN-IMAGE_FDR_3G.png","type":"image\/png"}],"twitter_card":"summary_large_image","twitter_misc":{"Dur\u00e9e de lecture estim\u00e9e":"1 minute"},"schema":{"@context":"https:\/\/schema.org","@graph":[{"@type":"WebPage","@id":"https:\/\/climatemaster.ge\/fr\/produit\/fdr-3g-circular-fire-dampers\/","url":"https:\/\/climatemaster.ge\/fr\/produit\/fdr-3g-circular-fire-dampers\/","name":"Clapets coupe-feu circulaires DR-3G - Climate Master","isPartOf":{"@id":"https:\/\/climatemaster.ge\/#website"},"primaryImageOfPage":{"@id":"https:\/\/climatemaster.ge\/fr\/produit\/fdr-3g-circular-fire-dampers\/#primaryimage"},"image":{"@id":"https:\/\/climatemaster.ge\/fr\/produit\/fdr-3g-circular-fire-dampers\/#primaryimage"},"thumbnailUrl":"https:\/\/climatemaster.ge\/wp-content\/uploads\/2025\/09\/converted_PRODUCT-MAIN-IMAGE_FDR_3G.png","datePublished":"2025-09-03T16:14:02+00:00","dateModified":"2025-09-03T16:18:22+00:00","breadcrumb":{"@id":"https:\/\/climatemaster.ge\/fr\/produit\/fdr-3g-circular-fire-dampers\/#breadcrumb"},"inLanguage":"fr-FR","potentialAction":[{"@type":"ReadAction","target":["https:\/\/climatemaster.ge\/fr\/produit\/fdr-3g-circular-fire-dampers\/"]}]},{"@type":"ImageObject","inLanguage":"fr-FR","@id":"https:\/\/climatemaster.ge\/fr\/produit\/fdr-3g-circular-fire-dampers\/#primaryimage","url":"https:\/\/climatemaster.ge\/wp-content\/uploads\/2025\/09\/converted_PRODUCT-MAIN-IMAGE_FDR_3G.png","contentUrl":"https:\/\/climatemaster.ge\/wp-content\/uploads\/2025\/09\/converted_PRODUCT-MAIN-IMAGE_FDR_3G.png","width":384,"height":288},{"@type":"BreadcrumbList","@id":"https:\/\/climatemaster.ge\/fr\/produit\/fdr-3g-circular-fire-dampers\/#breadcrumb","itemListElement":[{"@type":"ListItem","position":1,"name":"Home","item":"https:\/\/climatemaster.ge\/"},{"@type":"ListItem","position":2,"name":"Products","item":"https:\/\/climatemaster.ge\/products\/"},{"@type":"ListItem","position":3,"name":"Clapets coupe-feu circulaires DR-3G"}]},{"@type":"WebSite","@id":"https:\/\/climatemaster.ge\/#website","url":"https:\/\/climatemaster.ge\/","name":"Climate Master","description":"","publisher":{"@id":"https:\/\/climatemaster.ge\/#organization"},"potentialAction":[{"@type":"SearchAction","target":{"@type":"EntryPoint","urlTemplate":"https:\/\/climatemaster.ge\/?s={search_term_string}"},"query-input":{"@type":"PropertyValueSpecification","valueRequired":true,"valueName":"search_term_string"}}],"inLanguage":"fr-FR"},{"@type":"Organization","@id":"https:\/\/climatemaster.ge\/#organization","name":"Climate Master","url":"https:\/\/climatemaster.ge\/","logo":{"@type":"ImageObject","inLanguage":"fr-FR","@id":"https:\/\/climatemaster.ge\/#\/schema\/logo\/image\/","url":"https:\/\/climatemaster.ge\/wp-content\/uploads\/2026\/03\/Untitled-2.png","contentUrl":"https:\/\/climatemaster.ge\/wp-content\/uploads\/2026\/03\/Untitled-2.png","width":600,"height":338,"caption":"Climate Master"},"image":{"@id":"https:\/\/climatemaster.ge\/#\/schema\/logo\/image\/"}}]}},"_links":{"self":[{"href":"https:\/\/climatemaster.ge\/fr\/wp-json\/wp\/v2\/product\/36374","targetHints":{"allow":["GET"]}}],"collection":[{"href":"https:\/\/climatemaster.ge\/fr\/wp-json\/wp\/v2\/product"}],"about":[{"href":"https:\/\/climatemaster.ge\/fr\/wp-json\/wp\/v2\/types\/product"}],"wp:featuredmedia":[{"embeddable":true,"href":"https:\/\/climatemaster.ge\/fr\/wp-json\/wp\/v2\/media\/36369"}],"wp:attachment":[{"href":"https:\/\/climatemaster.ge\/fr\/wp-json\/wp\/v2\/media?parent=36374"}],"wp:term":[{"taxonomy":"product_brand","embeddable":true,"href":"https:\/\/climatemaster.ge\/fr\/wp-json\/wp\/v2\/product_brand?post=36374"},{"taxonomy":"product_cat","embeddable":true,"href":"https:\/\/climatemaster.ge\/fr\/wp-json\/wp\/v2\/product_cat?post=36374"},{"taxonomy":"product_tag","embeddable":true,"href":"https:\/\/climatemaster.ge\/fr\/wp-json\/wp\/v2\/product_tag?post=36374"}],"curies":[{"name":"wp","href":"https:\/\/api.w.org\/{rel}","templated":true}]}}