{"id":36276,"date":"2025-09-03T18:20:04","date_gmt":"2025-09-03T14:20:04","guid":{"rendered":"https:\/\/airsystems.ge\/shop\/product\/fds-3g-rectangular-fire-dampers\/"},"modified":"2025-09-03T18:25:35","modified_gmt":"2025-09-03T14:25:35","slug":"fds-3g-rectangular-fire-dampers","status":"publish","type":"product","link":"https:\/\/climatemaster.ge\/fr\/produit\/fds-3g-rectangular-fire-dampers\/","title":{"rendered":"Clapets coupe-feu rectangulaires FDS-3G"},"content":{"rendered":"<div class=\"mb-400 gtm-product-section container-fluid\" data-gtm-name=\"Benefits\" data-gtm-label=\"Benefits (en)\" data-gtm-vis-first-on-screen53434917_103=\"1823\" data-gtm-vis-total-visible-time53434917_103=\"1500\" data-gtm-vis-recent-on-screen53434917_103=\"13009\" data-gtm-vis-has-fired53434917_103=\"1\">\n<div class=\"row\">\n<div class=\"content-element content-element-product-benefit col-12 sm:col-6 mb-400\">\n<div class=\"bg-card px-300 py-250 mobile-nav:px-200 mobile-nav:py-150 h-full flex overflow-hidden card-border\">\n<div class=\"min-w-0\">\n<p><strong>Servomoteur modul\u00e9<\/strong><br \/>\nLe servomoteur modul\u00e9 permet l&rsquo;\u00e9quilibrage du syst\u00e8me. Il permet d&rsquo;ouvrir la lame \u00e0 l&rsquo;angle souhait\u00e9.<\/p>\n<p><strong>Trous d&rsquo;inspection<\/strong><br \/>\nTous les clapets rectangulaires FDS-3G de dimensions sup\u00e9rieures \u00e0 200 x 200 mm sont \u00e9quip\u00e9s de deux trappes d&rsquo;inspection.<\/p>\n<p>Les clapets coupe-feu FDS offrent une protection passive contre l&rsquo;incendie dans diverses installations gr\u00e2ce au compartimentage. Ils contribuent \u00e0 pr\u00e9venir la propagation des gaz toxiques, de la fum\u00e9e et du feu, ce qui permet une \u00e9vacuation plus rapide du b\u00e2timent. Les clapets coupe-feu standard sont con\u00e7us et certifi\u00e9s conform\u00e9ment \u00e0 la norme EN 15650 et test\u00e9s selon les crit\u00e8res EIS conform\u00e9ment \u00e0 la norme EN 1366-2. Les clapets coupe-feu sont indissociables de la r\u00e9sistance au feu.<\/p>\n<p>Tous les clapets coupe-feu FDS sont fournis avec un m\u00e9canisme manuel ou un m\u00e9canisme d&rsquo;actionnement, et une unit\u00e9 d&rsquo;alimentation et de communication est disponible en option. Les m\u00e9canismes d&rsquo;actionnement sont amovibles et interchangeables. Un m\u00e9canisme actionn\u00e9 par un actionneur peut \u00eatre remplac\u00e9 par un m\u00e9canisme manuel et inversement.<\/p>\n<p>Les clapets coupe-feu FDS sont fabriqu\u00e9s \u00e0 partir de mat\u00e9riaux r\u00e9sistants au feu pour une installation simple et s\u00fbre dans divers environnements. D&rsquo;autres dimensions sont disponibles dans cette gamme.<\/p>\n<p>Caract\u00e9ristiques techniques<\/p>\n<\/div>\n<\/div>\n<\/div>\n<\/div>\n<\/div>\n<div class=\"mb-400 mt-700 relative container-fluid\">\n<div class=\"gtm-product-section\" data-gtm-name=\"Tech specs\" data-gtm-label=\"Tech specs\" data-offset=\"0\" data-gtm-vis-recent-on-screen53434917_103=\"14005\" data-gtm-vis-first-on-screen53434917_103=\"14006\" data-gtm-vis-total-visible-time53434917_103=\"1500\" data-gtm-vis-has-fired53434917_103=\"1\">\n<div class=\"row gap-y-150 mb-200 desktop-nav:mb-0 md ProductPageISSections_product-info-header___9p5M\">\n<div class=\" col-12 md:col-6 md:text-right print:hidden flex items-center justify-end mobile-nav:flex-col gap-050 \">\n<div class=\"whitespace-nowrap mobile-nav:w-full\"><button class=\"gtm-product-specsheet-link btn btn-secondary btn-small btn-icon-left xs-max:btn-block\">Download spec sheet<\/button><\/div>\n<\/div>\n<\/div>\n<\/div>\n<\/div>\n","protected":false},"excerpt":{"rendered":"<p>Claques coupe-feu rectangulaires pour une protection passive contre l&rsquo;incendie, avec de multiples possibilit\u00e9s d&rsquo;installation<\/p>\n<p>\u00c9tanch\u00e9it\u00e9 du caisson\u00a0: classe C en standard<\/p>\n<p>M\u00e9canisme interchangeable<\/p>\n<p>Deux trappes d&rsquo;inspection<\/p>\n<p>Grande vari\u00e9t\u00e9 d&rsquo;installations jusqu&rsquo;\u00e0 EI120S<\/p>\n<p>Installations murales et hors mur<\/p>\n","protected":false},"featured_media":36271,"template":"","meta":[],"product_brand":[],"product_cat":[1778,1788,1772],"product_tag":[],"class_list":{"0":"post-36276","1":"product","2":"type-product","3":"status-publish","4":"has-post-thumbnail","6":"product_cat-clapets-coupe-feu","7":"product_cat-claques-coupe-feu-rectangulaires","8":"product_cat-securite-incendie","10":"first","11":"instock","12":"shipping-taxable","13":"product-type-simple"},"yoast_head":"<!-- This site is optimized with the Yoast SEO plugin v27.1.1 - https:\/\/yoast.com\/product\/yoast-seo-wordpress\/ -->\n<title>Clapets coupe-feu rectangulaires FDS-3G - Climate Master<\/title>\n<meta name=\"robots\" content=\"index, follow, max-snippet:-1, max-image-preview:large, max-video-preview:-1\" \/>\n<link rel=\"canonical\" href=\"https:\/\/climatemaster.ge\/fr\/produit\/fds-3g-rectangular-fire-dampers\/\" \/>\n<meta property=\"og:locale\" content=\"fr_FR\" \/>\n<meta property=\"og:type\" content=\"article\" \/>\n<meta property=\"og:title\" content=\"Clapets coupe-feu rectangulaires FDS-3G - Climate Master\" \/>\n<meta property=\"og:description\" content=\"Claques coupe-feu rectangulaires pour une protection passive contre l&#039;incendie, avec de multiples possibilit\u00e9s d&#039;installation  \u00c9tanch\u00e9it\u00e9 du caisson\u00a0: classe C en standard  M\u00e9canisme interchangeable  Deux trappes d&#039;inspection  Grande vari\u00e9t\u00e9 d&#039;installations jusqu&#039;\u00e0 EI120S  Installations murales et hors mur\" \/>\n<meta property=\"og:url\" content=\"https:\/\/climatemaster.ge\/fr\/produit\/fds-3g-rectangular-fire-dampers\/\" \/>\n<meta property=\"og:site_name\" content=\"Climate Master\" \/>\n<meta property=\"article:modified_time\" content=\"2025-09-03T14:25:35+00:00\" \/>\n<meta property=\"og:image\" content=\"https:\/\/climatemaster.ge\/wp-content\/uploads\/2025\/09\/converted_COLLAGE_FDS-3G_HQ.png\" \/>\n\t<meta property=\"og:image:width\" content=\"384\" \/>\n\t<meta property=\"og:image:height\" content=\"288\" \/>\n\t<meta property=\"og:image:type\" content=\"image\/png\" \/>\n<meta name=\"twitter:card\" content=\"summary_large_image\" \/>\n<meta name=\"twitter:label1\" content=\"Dur\u00e9e de lecture estim\u00e9e\" \/>\n\t<meta name=\"twitter:data1\" content=\"1 minute\" \/>\n<script type=\"application\/ld+json\" class=\"yoast-schema-graph\">{\"@context\":\"https:\/\/schema.org\",\"@graph\":[{\"@type\":\"WebPage\",\"@id\":\"https:\/\/climatemaster.ge\/fr\/produit\/fds-3g-rectangular-fire-dampers\/\",\"url\":\"https:\/\/climatemaster.ge\/fr\/produit\/fds-3g-rectangular-fire-dampers\/\",\"name\":\"Clapets coupe-feu rectangulaires FDS-3G - Climate Master\",\"isPartOf\":{\"@id\":\"https:\/\/climatemaster.ge\/#website\"},\"primaryImageOfPage\":{\"@id\":\"https:\/\/climatemaster.ge\/fr\/produit\/fds-3g-rectangular-fire-dampers\/#primaryimage\"},\"image\":{\"@id\":\"https:\/\/climatemaster.ge\/fr\/produit\/fds-3g-rectangular-fire-dampers\/#primaryimage\"},\"thumbnailUrl\":\"https:\/\/climatemaster.ge\/wp-content\/uploads\/2025\/09\/converted_COLLAGE_FDS-3G_HQ.png\",\"datePublished\":\"2025-09-03T14:20:04+00:00\",\"dateModified\":\"2025-09-03T14:25:35+00:00\",\"breadcrumb\":{\"@id\":\"https:\/\/climatemaster.ge\/fr\/produit\/fds-3g-rectangular-fire-dampers\/#breadcrumb\"},\"inLanguage\":\"fr-FR\",\"potentialAction\":[{\"@type\":\"ReadAction\",\"target\":[\"https:\/\/climatemaster.ge\/fr\/produit\/fds-3g-rectangular-fire-dampers\/\"]}]},{\"@type\":\"ImageObject\",\"inLanguage\":\"fr-FR\",\"@id\":\"https:\/\/climatemaster.ge\/fr\/produit\/fds-3g-rectangular-fire-dampers\/#primaryimage\",\"url\":\"https:\/\/climatemaster.ge\/wp-content\/uploads\/2025\/09\/converted_COLLAGE_FDS-3G_HQ.png\",\"contentUrl\":\"https:\/\/climatemaster.ge\/wp-content\/uploads\/2025\/09\/converted_COLLAGE_FDS-3G_HQ.png\",\"width\":384,\"height\":288},{\"@type\":\"BreadcrumbList\",\"@id\":\"https:\/\/climatemaster.ge\/fr\/produit\/fds-3g-rectangular-fire-dampers\/#breadcrumb\",\"itemListElement\":[{\"@type\":\"ListItem\",\"position\":1,\"name\":\"Home\",\"item\":\"https:\/\/climatemaster.ge\/\"},{\"@type\":\"ListItem\",\"position\":2,\"name\":\"Products\",\"item\":\"https:\/\/climatemaster.ge\/products\/\"},{\"@type\":\"ListItem\",\"position\":3,\"name\":\"Clapets coupe-feu rectangulaires FDS-3G\"}]},{\"@type\":\"WebSite\",\"@id\":\"https:\/\/climatemaster.ge\/#website\",\"url\":\"https:\/\/climatemaster.ge\/\",\"name\":\"Climate Master\",\"description\":\"\",\"publisher\":{\"@id\":\"https:\/\/climatemaster.ge\/#organization\"},\"potentialAction\":[{\"@type\":\"SearchAction\",\"target\":{\"@type\":\"EntryPoint\",\"urlTemplate\":\"https:\/\/climatemaster.ge\/?s={search_term_string}\"},\"query-input\":{\"@type\":\"PropertyValueSpecification\",\"valueRequired\":true,\"valueName\":\"search_term_string\"}}],\"inLanguage\":\"fr-FR\"},{\"@type\":\"Organization\",\"@id\":\"https:\/\/climatemaster.ge\/#organization\",\"name\":\"Climate Master\",\"url\":\"https:\/\/climatemaster.ge\/\",\"logo\":{\"@type\":\"ImageObject\",\"inLanguage\":\"fr-FR\",\"@id\":\"https:\/\/climatemaster.ge\/#\/schema\/logo\/image\/\",\"url\":\"https:\/\/climatemaster.ge\/wp-content\/uploads\/2026\/03\/Untitled-2.png\",\"contentUrl\":\"https:\/\/climatemaster.ge\/wp-content\/uploads\/2026\/03\/Untitled-2.png\",\"width\":600,\"height\":338,\"caption\":\"Climate Master\"},\"image\":{\"@id\":\"https:\/\/climatemaster.ge\/#\/schema\/logo\/image\/\"}}]}<\/script>\n<!-- \/ Yoast SEO plugin. -->","yoast_head_json":{"title":"Clapets coupe-feu rectangulaires FDS-3G - Climate Master","robots":{"index":"index","follow":"follow","max-snippet":"max-snippet:-1","max-image-preview":"max-image-preview:large","max-video-preview":"max-video-preview:-1"},"canonical":"https:\/\/climatemaster.ge\/fr\/produit\/fds-3g-rectangular-fire-dampers\/","og_locale":"fr_FR","og_type":"article","og_title":"Clapets coupe-feu rectangulaires FDS-3G - Climate Master","og_description":"Claques coupe-feu rectangulaires pour une protection passive contre l'incendie, avec de multiples possibilit\u00e9s d'installation  \u00c9tanch\u00e9it\u00e9 du caisson\u00a0: classe C en standard  M\u00e9canisme interchangeable  Deux trappes d'inspection  Grande vari\u00e9t\u00e9 d'installations jusqu'\u00e0 EI120S  Installations murales et hors mur","og_url":"https:\/\/climatemaster.ge\/fr\/produit\/fds-3g-rectangular-fire-dampers\/","og_site_name":"Climate Master","article_modified_time":"2025-09-03T14:25:35+00:00","og_image":[{"width":384,"height":288,"url":"https:\/\/climatemaster.ge\/wp-content\/uploads\/2025\/09\/converted_COLLAGE_FDS-3G_HQ.png","type":"image\/png"}],"twitter_card":"summary_large_image","twitter_misc":{"Dur\u00e9e de lecture estim\u00e9e":"1 minute"},"schema":{"@context":"https:\/\/schema.org","@graph":[{"@type":"WebPage","@id":"https:\/\/climatemaster.ge\/fr\/produit\/fds-3g-rectangular-fire-dampers\/","url":"https:\/\/climatemaster.ge\/fr\/produit\/fds-3g-rectangular-fire-dampers\/","name":"Clapets coupe-feu rectangulaires FDS-3G - Climate Master","isPartOf":{"@id":"https:\/\/climatemaster.ge\/#website"},"primaryImageOfPage":{"@id":"https:\/\/climatemaster.ge\/fr\/produit\/fds-3g-rectangular-fire-dampers\/#primaryimage"},"image":{"@id":"https:\/\/climatemaster.ge\/fr\/produit\/fds-3g-rectangular-fire-dampers\/#primaryimage"},"thumbnailUrl":"https:\/\/climatemaster.ge\/wp-content\/uploads\/2025\/09\/converted_COLLAGE_FDS-3G_HQ.png","datePublished":"2025-09-03T14:20:04+00:00","dateModified":"2025-09-03T14:25:35+00:00","breadcrumb":{"@id":"https:\/\/climatemaster.ge\/fr\/produit\/fds-3g-rectangular-fire-dampers\/#breadcrumb"},"inLanguage":"fr-FR","potentialAction":[{"@type":"ReadAction","target":["https:\/\/climatemaster.ge\/fr\/produit\/fds-3g-rectangular-fire-dampers\/"]}]},{"@type":"ImageObject","inLanguage":"fr-FR","@id":"https:\/\/climatemaster.ge\/fr\/produit\/fds-3g-rectangular-fire-dampers\/#primaryimage","url":"https:\/\/climatemaster.ge\/wp-content\/uploads\/2025\/09\/converted_COLLAGE_FDS-3G_HQ.png","contentUrl":"https:\/\/climatemaster.ge\/wp-content\/uploads\/2025\/09\/converted_COLLAGE_FDS-3G_HQ.png","width":384,"height":288},{"@type":"BreadcrumbList","@id":"https:\/\/climatemaster.ge\/fr\/produit\/fds-3g-rectangular-fire-dampers\/#breadcrumb","itemListElement":[{"@type":"ListItem","position":1,"name":"Home","item":"https:\/\/climatemaster.ge\/"},{"@type":"ListItem","position":2,"name":"Products","item":"https:\/\/climatemaster.ge\/products\/"},{"@type":"ListItem","position":3,"name":"Clapets coupe-feu rectangulaires FDS-3G"}]},{"@type":"WebSite","@id":"https:\/\/climatemaster.ge\/#website","url":"https:\/\/climatemaster.ge\/","name":"Climate Master","description":"","publisher":{"@id":"https:\/\/climatemaster.ge\/#organization"},"potentialAction":[{"@type":"SearchAction","target":{"@type":"EntryPoint","urlTemplate":"https:\/\/climatemaster.ge\/?s={search_term_string}"},"query-input":{"@type":"PropertyValueSpecification","valueRequired":true,"valueName":"search_term_string"}}],"inLanguage":"fr-FR"},{"@type":"Organization","@id":"https:\/\/climatemaster.ge\/#organization","name":"Climate Master","url":"https:\/\/climatemaster.ge\/","logo":{"@type":"ImageObject","inLanguage":"fr-FR","@id":"https:\/\/climatemaster.ge\/#\/schema\/logo\/image\/","url":"https:\/\/climatemaster.ge\/wp-content\/uploads\/2026\/03\/Untitled-2.png","contentUrl":"https:\/\/climatemaster.ge\/wp-content\/uploads\/2026\/03\/Untitled-2.png","width":600,"height":338,"caption":"Climate Master"},"image":{"@id":"https:\/\/climatemaster.ge\/#\/schema\/logo\/image\/"}}]}},"_links":{"self":[{"href":"https:\/\/climatemaster.ge\/fr\/wp-json\/wp\/v2\/product\/36276","targetHints":{"allow":["GET"]}}],"collection":[{"href":"https:\/\/climatemaster.ge\/fr\/wp-json\/wp\/v2\/product"}],"about":[{"href":"https:\/\/climatemaster.ge\/fr\/wp-json\/wp\/v2\/types\/product"}],"wp:featuredmedia":[{"embeddable":true,"href":"https:\/\/climatemaster.ge\/fr\/wp-json\/wp\/v2\/media\/36271"}],"wp:attachment":[{"href":"https:\/\/climatemaster.ge\/fr\/wp-json\/wp\/v2\/media?parent=36276"}],"wp:term":[{"taxonomy":"product_brand","embeddable":true,"href":"https:\/\/climatemaster.ge\/fr\/wp-json\/wp\/v2\/product_brand?post=36276"},{"taxonomy":"product_cat","embeddable":true,"href":"https:\/\/climatemaster.ge\/fr\/wp-json\/wp\/v2\/product_cat?post=36276"},{"taxonomy":"product_tag","embeddable":true,"href":"https:\/\/climatemaster.ge\/fr\/wp-json\/wp\/v2\/product_tag?post=36276"}],"curies":[{"name":"wp","href":"https:\/\/api.w.org\/{rel}","templated":true}]}}