{"id":36245,"date":"2025-09-03T17:49:50","date_gmt":"2025-09-03T13:49:50","guid":{"rendered":"https:\/\/airsystems.ge\/shop\/product\/f-b90-rectangular-fire-dampers\/"},"modified":"2025-09-03T18:00:02","modified_gmt":"2025-09-03T14:00:02","slug":"f-b90-rectangular-fire-dampers","status":"publish","type":"product","link":"https:\/\/climatemaster.ge\/fr\/produit\/f-b90-rectangular-fire-dampers\/","title":{"rendered":"Clapets coupe-feu rectangulaires F-B90"},"content":{"rendered":"<div class=\"mb-400 gtm-product-section container-fluid\" data-gtm-name=\"Benefits\" data-gtm-label=\"Benefits (en)\" data-gtm-vis-recent-on-screen53434917_103=\"1947\" data-gtm-vis-first-on-screen53434917_103=\"1947\" data-gtm-vis-total-visible-time53434917_103=\"1500\" data-gtm-vis-has-fired53434917_103=\"1\">\n<div class=\"row\">\n<div class=\"content-element content-element-product-benefit col-12 sm:col-6 mb-400\">\n<div class=\"bg-card px-300 py-250 mobile-nav:px-200 mobile-nav:py-150 h-full flex overflow-hidden card-border\">\n<div class=\"min-w-0\">\n<p><strong>Grille de transfert d&rsquo;air<\/strong><br \/>\nLe clapet coupe-feu multi-ailettes F-B90 peut \u00eatre utilis\u00e9 comme grille de transfert d&rsquo;air et d&rsquo;\u00e9tanch\u00e9it\u00e9 aux fum\u00e9es froides.<\/p>\n<p><strong>Structure sym\u00e9trique<\/strong><br \/>\nL&rsquo;unit\u00e9 poss\u00e8de une structure sym\u00e9trique et un m\u00e9canisme permettant un acc\u00e8s des deux c\u00f4t\u00e9s.<\/p>\n<p><strong>Activation par la chaleur ou la fum\u00e9e<\/strong><br \/>\nEn cas d&rsquo;incendie, lorsque la temp\u00e9rature de l&rsquo;air dans le conduit d\u00e9passe 72 \u00b0C ou 74 \u00b0C, le fusible thermique fond, activant la fermeture des ailettes du clapet. De plus, une d\u00e9tection de fum\u00e9e autonome est disponible avec certains types d&rsquo;activation.<\/p>\n<p>Le clapet coupe-feu multilames F-B90 offre une protection incendie passive efficace dans de nombreuses installations. Con\u00e7u pour utiliser le compartimentage afin d&#8217;emp\u00eacher la propagation de la fum\u00e9e, du feu et des gaz toxiques. En cas d&rsquo;incendie, lorsque la temp\u00e9rature de l&rsquo;air dans le conduit d\u00e9passe 72 \u00b0C ou 74 \u00b0C, le fusible thermique fond, que ce soit en version motoris\u00e9e ou manuelle. Cela active automatiquement la fermeture de la lame du clapet. Celle-ci est alors verrouill\u00e9e m\u00e9caniquement en position ferm\u00e9e. Un d\u00e9tecteur de fum\u00e9e est \u00e9galement disponible en option pour certains types d&rsquo;activation.<\/p>\n<p>Disponibles en diff\u00e9rentes tailles, les clapets coupe-feu F-B90 sont certifi\u00e9s CE conform\u00e9ment au R\u00e8glement sur les produits de construction (EN 15650:2010). Ils sont test\u00e9s selon la norme EN 1366-2:2015 et class\u00e9s selon la norme EN 13501-3 + A1:2009. Le clapet coupe-feu et son installation constituent un \u00e9l\u00e9ment indissociable de la r\u00e9sistance au feu. Le bo\u00eetier du F-B90 est en t\u00f4le galvanis\u00e9e. Le bo\u00eetier de l&rsquo;amortisseur et deux capots prot\u00e8gent le m\u00e9canisme et l&rsquo;actionneur.<\/p>\n<p>Caract\u00e9ristiques techniques<\/p>\n<\/div>\n<\/div>\n<\/div>\n<\/div>\n<\/div>\n<div class=\"mb-400 mt-700 relative container-fluid\">\n<div class=\"gtm-product-section\" data-gtm-name=\"Tech specs\" data-gtm-label=\"Tech specs\" data-offset=\"0\" data-gtm-vis-recent-on-screen53434917_103=\"18670\" data-gtm-vis-first-on-screen53434917_103=\"18670\" data-gtm-vis-total-visible-time53434917_103=\"1500\" data-gtm-vis-has-fired53434917_103=\"1\">\n<div class=\"row gap-y-150 mb-200 desktop-nav:mb-0 md ProductPageISSections_product-info-header___9p5M\">\n<div class=\" col-12 md:col-6 md:text-right print:hidden flex items-center justify-end mobile-nav:flex-col gap-050 \">\n<div class=\"whitespace-nowrap mobile-nav:w-full\"><button class=\"gtm-product-specsheet-link btn btn-secondary btn-small btn-icon-left xs-max:btn-block\">Download spec sheet<\/button><\/div>\n<\/div>\n<\/div>\n<\/div>\n<\/div>\n","protected":false},"excerpt":{"rendered":"<p>Un seul clapet pour tous vos besoins en mati\u00e8re de s\u00e9curit\u00e9 incendie<\/p>\n<p>Corps court sans ailettes<\/p>\n<p>Utilisable comme grille de transfert d&rsquo;air et d&rsquo;\u00e9tanch\u00e9it\u00e9 aux fum\u00e9es froides<\/p>\n<p>Raccordement de conduit toujours possible des deux c\u00f4t\u00e9s<\/p>\n<p>Structure sym\u00e9trique et m\u00e9canisme accessibles des deux c\u00f4t\u00e9s<\/p>\n<p>Installation sur mesure, remplissage invisible<\/p>\n<p>Disponible avec d\u00e9tection de fum\u00e9e<\/p>\n<p>Raccordement de conduit unilat\u00e9ral termin\u00e9 par une grille<\/p>\n","protected":false},"featured_media":36240,"template":"","meta":[],"product_brand":[],"product_cat":[1778,1788,1772],"product_tag":[],"class_list":{"0":"post-36245","1":"product","2":"type-product","3":"status-publish","4":"has-post-thumbnail","6":"product_cat-clapets-coupe-feu","7":"product_cat-claques-coupe-feu-rectangulaires","8":"product_cat-securite-incendie","10":"first","11":"instock","12":"shipping-taxable","13":"product-type-simple"},"yoast_head":"<!-- This site is optimized with the Yoast SEO plugin v27.1.1 - https:\/\/yoast.com\/product\/yoast-seo-wordpress\/ -->\n<title>Clapets coupe-feu rectangulaires F-B90 - Climate Master<\/title>\n<meta name=\"robots\" content=\"index, follow, max-snippet:-1, max-image-preview:large, max-video-preview:-1\" \/>\n<link rel=\"canonical\" href=\"https:\/\/climatemaster.ge\/fr\/produit\/f-b90-rectangular-fire-dampers\/\" \/>\n<meta property=\"og:locale\" content=\"fr_FR\" \/>\n<meta property=\"og:type\" content=\"article\" \/>\n<meta property=\"og:title\" content=\"Clapets coupe-feu rectangulaires F-B90 - Climate Master\" \/>\n<meta property=\"og:description\" content=\"Un seul clapet pour tous vos besoins en mati\u00e8re de s\u00e9curit\u00e9 incendie  Corps court sans ailettes  Utilisable comme grille de transfert d&#039;air et d&#039;\u00e9tanch\u00e9it\u00e9 aux fum\u00e9es froides  Raccordement de conduit toujours possible des deux c\u00f4t\u00e9s  Structure sym\u00e9trique et m\u00e9canisme accessibles des deux c\u00f4t\u00e9s  Installation sur mesure, remplissage invisible  Disponible avec d\u00e9tection de fum\u00e9e  Raccordement de conduit unilat\u00e9ral termin\u00e9 par une grille\" \/>\n<meta property=\"og:url\" content=\"https:\/\/climatemaster.ge\/fr\/produit\/f-b90-rectangular-fire-dampers\/\" \/>\n<meta property=\"og:site_name\" content=\"Climate Master\" \/>\n<meta property=\"article:modified_time\" content=\"2025-09-03T14:00:02+00:00\" \/>\n<meta property=\"og:image\" content=\"https:\/\/climatemaster.ge\/wp-content\/uploads\/2025\/09\/converted_COLLAGE_F-B90_HQ.png\" \/>\n\t<meta property=\"og:image:width\" content=\"384\" \/>\n\t<meta property=\"og:image:height\" content=\"288\" \/>\n\t<meta property=\"og:image:type\" content=\"image\/png\" \/>\n<meta name=\"twitter:card\" content=\"summary_large_image\" \/>\n<meta name=\"twitter:label1\" content=\"Dur\u00e9e de lecture estim\u00e9e\" \/>\n\t<meta name=\"twitter:data1\" content=\"1 minute\" \/>\n<script type=\"application\/ld+json\" class=\"yoast-schema-graph\">{\"@context\":\"https:\/\/schema.org\",\"@graph\":[{\"@type\":\"WebPage\",\"@id\":\"https:\/\/climatemaster.ge\/fr\/produit\/f-b90-rectangular-fire-dampers\/\",\"url\":\"https:\/\/climatemaster.ge\/fr\/produit\/f-b90-rectangular-fire-dampers\/\",\"name\":\"Clapets coupe-feu rectangulaires F-B90 - Climate Master\",\"isPartOf\":{\"@id\":\"https:\/\/climatemaster.ge\/#website\"},\"primaryImageOfPage\":{\"@id\":\"https:\/\/climatemaster.ge\/fr\/produit\/f-b90-rectangular-fire-dampers\/#primaryimage\"},\"image\":{\"@id\":\"https:\/\/climatemaster.ge\/fr\/produit\/f-b90-rectangular-fire-dampers\/#primaryimage\"},\"thumbnailUrl\":\"https:\/\/climatemaster.ge\/wp-content\/uploads\/2025\/09\/converted_COLLAGE_F-B90_HQ.png\",\"datePublished\":\"2025-09-03T13:49:50+00:00\",\"dateModified\":\"2025-09-03T14:00:02+00:00\",\"breadcrumb\":{\"@id\":\"https:\/\/climatemaster.ge\/fr\/produit\/f-b90-rectangular-fire-dampers\/#breadcrumb\"},\"inLanguage\":\"fr-FR\",\"potentialAction\":[{\"@type\":\"ReadAction\",\"target\":[\"https:\/\/climatemaster.ge\/fr\/produit\/f-b90-rectangular-fire-dampers\/\"]}]},{\"@type\":\"ImageObject\",\"inLanguage\":\"fr-FR\",\"@id\":\"https:\/\/climatemaster.ge\/fr\/produit\/f-b90-rectangular-fire-dampers\/#primaryimage\",\"url\":\"https:\/\/climatemaster.ge\/wp-content\/uploads\/2025\/09\/converted_COLLAGE_F-B90_HQ.png\",\"contentUrl\":\"https:\/\/climatemaster.ge\/wp-content\/uploads\/2025\/09\/converted_COLLAGE_F-B90_HQ.png\",\"width\":384,\"height\":288},{\"@type\":\"BreadcrumbList\",\"@id\":\"https:\/\/climatemaster.ge\/fr\/produit\/f-b90-rectangular-fire-dampers\/#breadcrumb\",\"itemListElement\":[{\"@type\":\"ListItem\",\"position\":1,\"name\":\"Home\",\"item\":\"https:\/\/climatemaster.ge\/\"},{\"@type\":\"ListItem\",\"position\":2,\"name\":\"Products\",\"item\":\"https:\/\/climatemaster.ge\/products\/\"},{\"@type\":\"ListItem\",\"position\":3,\"name\":\"Clapets coupe-feu rectangulaires F-B90\"}]},{\"@type\":\"WebSite\",\"@id\":\"https:\/\/climatemaster.ge\/#website\",\"url\":\"https:\/\/climatemaster.ge\/\",\"name\":\"Climate Master\",\"description\":\"\",\"publisher\":{\"@id\":\"https:\/\/climatemaster.ge\/#organization\"},\"potentialAction\":[{\"@type\":\"SearchAction\",\"target\":{\"@type\":\"EntryPoint\",\"urlTemplate\":\"https:\/\/climatemaster.ge\/?s={search_term_string}\"},\"query-input\":{\"@type\":\"PropertyValueSpecification\",\"valueRequired\":true,\"valueName\":\"search_term_string\"}}],\"inLanguage\":\"fr-FR\"},{\"@type\":\"Organization\",\"@id\":\"https:\/\/climatemaster.ge\/#organization\",\"name\":\"Climate Master\",\"url\":\"https:\/\/climatemaster.ge\/\",\"logo\":{\"@type\":\"ImageObject\",\"inLanguage\":\"fr-FR\",\"@id\":\"https:\/\/climatemaster.ge\/#\/schema\/logo\/image\/\",\"url\":\"https:\/\/climatemaster.ge\/wp-content\/uploads\/2026\/03\/Untitled-2.png\",\"contentUrl\":\"https:\/\/climatemaster.ge\/wp-content\/uploads\/2026\/03\/Untitled-2.png\",\"width\":600,\"height\":338,\"caption\":\"Climate Master\"},\"image\":{\"@id\":\"https:\/\/climatemaster.ge\/#\/schema\/logo\/image\/\"}}]}<\/script>\n<!-- \/ Yoast SEO plugin. -->","yoast_head_json":{"title":"Clapets coupe-feu rectangulaires F-B90 - Climate Master","robots":{"index":"index","follow":"follow","max-snippet":"max-snippet:-1","max-image-preview":"max-image-preview:large","max-video-preview":"max-video-preview:-1"},"canonical":"https:\/\/climatemaster.ge\/fr\/produit\/f-b90-rectangular-fire-dampers\/","og_locale":"fr_FR","og_type":"article","og_title":"Clapets coupe-feu rectangulaires F-B90 - Climate Master","og_description":"Un seul clapet pour tous vos besoins en mati\u00e8re de s\u00e9curit\u00e9 incendie  Corps court sans ailettes  Utilisable comme grille de transfert d'air et d'\u00e9tanch\u00e9it\u00e9 aux fum\u00e9es froides  Raccordement de conduit toujours possible des deux c\u00f4t\u00e9s  Structure sym\u00e9trique et m\u00e9canisme accessibles des deux c\u00f4t\u00e9s  Installation sur mesure, remplissage invisible  Disponible avec d\u00e9tection de fum\u00e9e  Raccordement de conduit unilat\u00e9ral termin\u00e9 par une grille","og_url":"https:\/\/climatemaster.ge\/fr\/produit\/f-b90-rectangular-fire-dampers\/","og_site_name":"Climate Master","article_modified_time":"2025-09-03T14:00:02+00:00","og_image":[{"width":384,"height":288,"url":"https:\/\/climatemaster.ge\/wp-content\/uploads\/2025\/09\/converted_COLLAGE_F-B90_HQ.png","type":"image\/png"}],"twitter_card":"summary_large_image","twitter_misc":{"Dur\u00e9e de lecture estim\u00e9e":"1 minute"},"schema":{"@context":"https:\/\/schema.org","@graph":[{"@type":"WebPage","@id":"https:\/\/climatemaster.ge\/fr\/produit\/f-b90-rectangular-fire-dampers\/","url":"https:\/\/climatemaster.ge\/fr\/produit\/f-b90-rectangular-fire-dampers\/","name":"Clapets coupe-feu rectangulaires F-B90 - Climate Master","isPartOf":{"@id":"https:\/\/climatemaster.ge\/#website"},"primaryImageOfPage":{"@id":"https:\/\/climatemaster.ge\/fr\/produit\/f-b90-rectangular-fire-dampers\/#primaryimage"},"image":{"@id":"https:\/\/climatemaster.ge\/fr\/produit\/f-b90-rectangular-fire-dampers\/#primaryimage"},"thumbnailUrl":"https:\/\/climatemaster.ge\/wp-content\/uploads\/2025\/09\/converted_COLLAGE_F-B90_HQ.png","datePublished":"2025-09-03T13:49:50+00:00","dateModified":"2025-09-03T14:00:02+00:00","breadcrumb":{"@id":"https:\/\/climatemaster.ge\/fr\/produit\/f-b90-rectangular-fire-dampers\/#breadcrumb"},"inLanguage":"fr-FR","potentialAction":[{"@type":"ReadAction","target":["https:\/\/climatemaster.ge\/fr\/produit\/f-b90-rectangular-fire-dampers\/"]}]},{"@type":"ImageObject","inLanguage":"fr-FR","@id":"https:\/\/climatemaster.ge\/fr\/produit\/f-b90-rectangular-fire-dampers\/#primaryimage","url":"https:\/\/climatemaster.ge\/wp-content\/uploads\/2025\/09\/converted_COLLAGE_F-B90_HQ.png","contentUrl":"https:\/\/climatemaster.ge\/wp-content\/uploads\/2025\/09\/converted_COLLAGE_F-B90_HQ.png","width":384,"height":288},{"@type":"BreadcrumbList","@id":"https:\/\/climatemaster.ge\/fr\/produit\/f-b90-rectangular-fire-dampers\/#breadcrumb","itemListElement":[{"@type":"ListItem","position":1,"name":"Home","item":"https:\/\/climatemaster.ge\/"},{"@type":"ListItem","position":2,"name":"Products","item":"https:\/\/climatemaster.ge\/products\/"},{"@type":"ListItem","position":3,"name":"Clapets coupe-feu rectangulaires F-B90"}]},{"@type":"WebSite","@id":"https:\/\/climatemaster.ge\/#website","url":"https:\/\/climatemaster.ge\/","name":"Climate Master","description":"","publisher":{"@id":"https:\/\/climatemaster.ge\/#organization"},"potentialAction":[{"@type":"SearchAction","target":{"@type":"EntryPoint","urlTemplate":"https:\/\/climatemaster.ge\/?s={search_term_string}"},"query-input":{"@type":"PropertyValueSpecification","valueRequired":true,"valueName":"search_term_string"}}],"inLanguage":"fr-FR"},{"@type":"Organization","@id":"https:\/\/climatemaster.ge\/#organization","name":"Climate Master","url":"https:\/\/climatemaster.ge\/","logo":{"@type":"ImageObject","inLanguage":"fr-FR","@id":"https:\/\/climatemaster.ge\/#\/schema\/logo\/image\/","url":"https:\/\/climatemaster.ge\/wp-content\/uploads\/2026\/03\/Untitled-2.png","contentUrl":"https:\/\/climatemaster.ge\/wp-content\/uploads\/2026\/03\/Untitled-2.png","width":600,"height":338,"caption":"Climate Master"},"image":{"@id":"https:\/\/climatemaster.ge\/#\/schema\/logo\/image\/"}}]}},"_links":{"self":[{"href":"https:\/\/climatemaster.ge\/fr\/wp-json\/wp\/v2\/product\/36245","targetHints":{"allow":["GET"]}}],"collection":[{"href":"https:\/\/climatemaster.ge\/fr\/wp-json\/wp\/v2\/product"}],"about":[{"href":"https:\/\/climatemaster.ge\/fr\/wp-json\/wp\/v2\/types\/product"}],"wp:featuredmedia":[{"embeddable":true,"href":"https:\/\/climatemaster.ge\/fr\/wp-json\/wp\/v2\/media\/36240"}],"wp:attachment":[{"href":"https:\/\/climatemaster.ge\/fr\/wp-json\/wp\/v2\/media?parent=36245"}],"wp:term":[{"taxonomy":"product_brand","embeddable":true,"href":"https:\/\/climatemaster.ge\/fr\/wp-json\/wp\/v2\/product_brand?post=36245"},{"taxonomy":"product_cat","embeddable":true,"href":"https:\/\/climatemaster.ge\/fr\/wp-json\/wp\/v2\/product_cat?post=36245"},{"taxonomy":"product_tag","embeddable":true,"href":"https:\/\/climatemaster.ge\/fr\/wp-json\/wp\/v2\/product_tag?post=36245"}],"curies":[{"name":"wp","href":"https:\/\/api.w.org\/{rel}","templated":true}]}}