{"id":36216,"date":"2025-09-03T17:11:41","date_gmt":"2025-09-03T13:11:41","guid":{"rendered":"https:\/\/airsystems.ge\/shop\/product\/fds-3g_ks-rectangular-fire-dampers\/"},"modified":"2025-09-03T17:27:32","modified_gmt":"2025-09-03T13:27:32","slug":"fds-3g_ks-rectangular-fire-dampers","status":"publish","type":"product","link":"https:\/\/climatemaster.ge\/fr\/produit\/fds-3g_ks-rectangular-fire-dampers\/","title":{"rendered":"Clapets coupe-feu rectangulaires FDS-3G_KS"},"content":{"rendered":"<div class=\"mb-400 gtm-product-section container-fluid\" data-gtm-name=\"Benefits\" data-gtm-label=\"Benefits (en)\" data-gtm-vis-first-on-screen53434917_103=\"10165\" data-gtm-vis-total-visible-time53434917_103=\"1500\" data-gtm-vis-has-fired53434917_103=\"1\">\n<div class=\"row\">\n<div class=\"content-element content-element-product-benefit col-12 sm:col-6 mb-400\">\n<div class=\"bg-card px-300 py-250 mobile-nav:px-200 mobile-nav:py-150 h-full flex overflow-hidden card-border\">\n<div class=\"min-w-0\">\n<p><strong>Mat\u00e9riaux r\u00e9sistants au feu<\/strong><br \/>\nLe FDS-3G&#8230;KS est fabriqu\u00e9 \u00e0 partir de mat\u00e9riaux r\u00e9sistants au feu, robustes et l\u00e9gers, pour une installation facile et une protection incendie fiable.<\/p>\n<p><strong>Installation rapide et facile<\/strong><br \/>\nTout en offrant une protection passive efficace contre le feu, la fum\u00e9e et les gaz.<\/p>\n<p><strong>Inspection simplifi\u00e9e<\/strong><br \/>\nDeux ouvertures d&rsquo;inspection pour les dimensions sup\u00e9rieures \u00e0 200 mm de largeur et de hauteur en standard.<\/p>\n<p>Les clapets coupe-feu FDS-3G&#8230;KS \u00e9quip\u00e9s du kit sont faciles \u00e0 installer, tout en facilitant la protection passive contre le feu et en emp\u00eachant la propagation des gaz toxiques, de la fum\u00e9e et du feu gr\u00e2ce au compartimentage.<\/p>\n<p>Les clapets coupe-feu sont certifi\u00e9s CE conform\u00e9ment au R\u00e8glement sur les produits de construction (EN 15650). Ils sont test\u00e9s selon la norme EN 1366-2 et class\u00e9s selon la norme EN 13501-3. Ils sont con\u00e7us pour les installations r\u00e9pertori\u00e9es et d\u00e9crites dans leur manuel.<\/p>\n<p>Les clapets coupe-feu FDS-3G&#8230;KS sont fournis par d\u00e9faut avec un m\u00e9canisme manuel ou un m\u00e9canisme d&rsquo;actionnement. Une unit\u00e9 d&rsquo;alimentation et de communication est \u00e9galement disponible en option.<\/p>\n<p>L&rsquo;ouverture et la fermeture de la lame du clapet peuvent \u00eatre command\u00e9es \u00e0 distance pour les versions \u00e0 actionnement. En cas d&rsquo;incendie, lorsque la temp\u00e9rature de l&rsquo;air dans le conduit d\u00e9passe 72 \u00b0C ou 74 \u00b0C, le fusible thermique fond, que ce soit pour les versions \u00e0 actionnement ou manuelle. La fusion du fusible thermique active automatiquement la fermeture de la lame du clapet. La lame est alors verrouill\u00e9e m\u00e9caniquement en position ferm\u00e9e.<\/p>\n<p>Les clapets coupe-feu sont dot\u00e9s d&rsquo;un carter en t\u00f4le galvanis\u00e9e. Les lames sont fabriqu\u00e9es avec des isolants sans amiante et sont \u00e9quip\u00e9es d&rsquo;un joint en caoutchouc pour les fum\u00e9es froides et d&rsquo;un joint intumescent. Le joint intumescent se dilate en cas d&rsquo;incendie.<\/p>\n<p>Documentation<\/p>\n<\/div>\n<\/div>\n<\/div>\n<\/div>\n<\/div>\n<div class=\"mb-400 mt-700 relative container-fluid\">\n<div class=\"gtm-product-section\" data-gtm-name=\"Documentation\" data-gtm-label=\"Documentation\" data-offset=\"0\" data-gtm-vis-first-on-screen53434917_103=\"126060\" data-gtm-vis-total-visible-time53434917_103=\"1500\" data-gtm-vis-has-fired53434917_103=\"1\">\n<div class=\"row gap-y-150 mb-200 desktop-nav:mb-0 md ProductPageISSections_product-info-header___9p5M\">\n<div class=\" col-12 md:col-6 md:text-right print:hidden flex items-center justify-end mobile-nav:flex-col gap-050 \">\n<div class=\"\"><button class=\"gtm-product-specsheet-link btn btn-secondary btn-small btn-icon-left xs-max:btn-block\">Download spec sheet<\/button><\/div>\n<\/div>\n<\/div>\n<\/div>\n<\/div>\n","protected":false},"excerpt":{"rendered":"<p>Ce clapet coupe-feu avec kit d&rsquo;installation pr\u00e9-mont\u00e9 est con\u00e7u pour \u00eatre simple d&rsquo;utilisation.<\/p>\n<p>Installation rapide, homologu\u00e9 EI60S, EI90S, EI120S<\/p>\n<p>Classe d&rsquo;\u00e9tanch\u00e9it\u00e9 3C en standard<\/p>\n<p>Perte de charge exceptionnellement faible<\/p>\n<p>M\u00e9canisme interchangeable<\/p>\n","protected":false},"featured_media":36211,"template":"","meta":[],"product_brand":[],"product_cat":[1778,1788,1772],"product_tag":[],"class_list":{"0":"post-36216","1":"product","2":"type-product","3":"status-publish","4":"has-post-thumbnail","6":"product_cat-clapets-coupe-feu","7":"product_cat-claques-coupe-feu-rectangulaires","8":"product_cat-securite-incendie","10":"first","11":"instock","12":"shipping-taxable","13":"product-type-simple"},"yoast_head":"<!-- This site is optimized with the Yoast SEO plugin v27.1.1 - https:\/\/yoast.com\/product\/yoast-seo-wordpress\/ -->\n<title>Clapets coupe-feu rectangulaires FDS-3G_KS - Climate Master<\/title>\n<meta name=\"robots\" content=\"index, follow, max-snippet:-1, max-image-preview:large, max-video-preview:-1\" \/>\n<link rel=\"canonical\" href=\"https:\/\/climatemaster.ge\/fr\/produit\/fds-3g_ks-rectangular-fire-dampers\/\" \/>\n<meta property=\"og:locale\" content=\"fr_FR\" \/>\n<meta property=\"og:type\" content=\"article\" \/>\n<meta property=\"og:title\" content=\"Clapets coupe-feu rectangulaires FDS-3G_KS - Climate Master\" \/>\n<meta property=\"og:description\" content=\"Ce clapet coupe-feu avec kit d&#039;installation pr\u00e9-mont\u00e9 est con\u00e7u pour \u00eatre simple d&#039;utilisation.  Installation rapide, homologu\u00e9 EI60S, EI90S, EI120S  Classe d&#039;\u00e9tanch\u00e9it\u00e9 3C en standard  Perte de charge exceptionnellement faible  M\u00e9canisme interchangeable\" \/>\n<meta property=\"og:url\" content=\"https:\/\/climatemaster.ge\/fr\/produit\/fds-3g_ks-rectangular-fire-dampers\/\" \/>\n<meta property=\"og:site_name\" content=\"Climate Master\" \/>\n<meta property=\"article:modified_time\" content=\"2025-09-03T13:27:32+00:00\" \/>\n<meta property=\"og:image\" content=\"https:\/\/climatemaster.ge\/wp-content\/uploads\/2025\/09\/converted_COLLAGE_FDS-3G-KS_HQ.png\" \/>\n\t<meta property=\"og:image:width\" content=\"640\" \/>\n\t<meta property=\"og:image:height\" content=\"480\" \/>\n\t<meta property=\"og:image:type\" content=\"image\/png\" \/>\n<meta name=\"twitter:card\" content=\"summary_large_image\" \/>\n<meta name=\"twitter:label1\" content=\"Dur\u00e9e de lecture estim\u00e9e\" \/>\n\t<meta name=\"twitter:data1\" content=\"2 minutes\" \/>\n<script type=\"application\/ld+json\" class=\"yoast-schema-graph\">{\"@context\":\"https:\/\/schema.org\",\"@graph\":[{\"@type\":\"WebPage\",\"@id\":\"https:\/\/climatemaster.ge\/fr\/produit\/fds-3g_ks-rectangular-fire-dampers\/\",\"url\":\"https:\/\/climatemaster.ge\/fr\/produit\/fds-3g_ks-rectangular-fire-dampers\/\",\"name\":\"Clapets coupe-feu rectangulaires FDS-3G_KS - Climate Master\",\"isPartOf\":{\"@id\":\"https:\/\/climatemaster.ge\/#website\"},\"primaryImageOfPage\":{\"@id\":\"https:\/\/climatemaster.ge\/fr\/produit\/fds-3g_ks-rectangular-fire-dampers\/#primaryimage\"},\"image\":{\"@id\":\"https:\/\/climatemaster.ge\/fr\/produit\/fds-3g_ks-rectangular-fire-dampers\/#primaryimage\"},\"thumbnailUrl\":\"https:\/\/climatemaster.ge\/wp-content\/uploads\/2025\/09\/converted_COLLAGE_FDS-3G-KS_HQ.png\",\"datePublished\":\"2025-09-03T13:11:41+00:00\",\"dateModified\":\"2025-09-03T13:27:32+00:00\",\"breadcrumb\":{\"@id\":\"https:\/\/climatemaster.ge\/fr\/produit\/fds-3g_ks-rectangular-fire-dampers\/#breadcrumb\"},\"inLanguage\":\"fr-FR\",\"potentialAction\":[{\"@type\":\"ReadAction\",\"target\":[\"https:\/\/climatemaster.ge\/fr\/produit\/fds-3g_ks-rectangular-fire-dampers\/\"]}]},{\"@type\":\"ImageObject\",\"inLanguage\":\"fr-FR\",\"@id\":\"https:\/\/climatemaster.ge\/fr\/produit\/fds-3g_ks-rectangular-fire-dampers\/#primaryimage\",\"url\":\"https:\/\/climatemaster.ge\/wp-content\/uploads\/2025\/09\/converted_COLLAGE_FDS-3G-KS_HQ.png\",\"contentUrl\":\"https:\/\/climatemaster.ge\/wp-content\/uploads\/2025\/09\/converted_COLLAGE_FDS-3G-KS_HQ.png\",\"width\":640,\"height\":480},{\"@type\":\"BreadcrumbList\",\"@id\":\"https:\/\/climatemaster.ge\/fr\/produit\/fds-3g_ks-rectangular-fire-dampers\/#breadcrumb\",\"itemListElement\":[{\"@type\":\"ListItem\",\"position\":1,\"name\":\"Home\",\"item\":\"https:\/\/climatemaster.ge\/\"},{\"@type\":\"ListItem\",\"position\":2,\"name\":\"Products\",\"item\":\"https:\/\/climatemaster.ge\/products\/\"},{\"@type\":\"ListItem\",\"position\":3,\"name\":\"Clapets coupe-feu rectangulaires FDS-3G_KS\"}]},{\"@type\":\"WebSite\",\"@id\":\"https:\/\/climatemaster.ge\/#website\",\"url\":\"https:\/\/climatemaster.ge\/\",\"name\":\"Climate Master\",\"description\":\"\",\"publisher\":{\"@id\":\"https:\/\/climatemaster.ge\/#organization\"},\"potentialAction\":[{\"@type\":\"SearchAction\",\"target\":{\"@type\":\"EntryPoint\",\"urlTemplate\":\"https:\/\/climatemaster.ge\/?s={search_term_string}\"},\"query-input\":{\"@type\":\"PropertyValueSpecification\",\"valueRequired\":true,\"valueName\":\"search_term_string\"}}],\"inLanguage\":\"fr-FR\"},{\"@type\":\"Organization\",\"@id\":\"https:\/\/climatemaster.ge\/#organization\",\"name\":\"Climate Master\",\"url\":\"https:\/\/climatemaster.ge\/\",\"logo\":{\"@type\":\"ImageObject\",\"inLanguage\":\"fr-FR\",\"@id\":\"https:\/\/climatemaster.ge\/#\/schema\/logo\/image\/\",\"url\":\"https:\/\/climatemaster.ge\/wp-content\/uploads\/2026\/03\/Untitled-2.png\",\"contentUrl\":\"https:\/\/climatemaster.ge\/wp-content\/uploads\/2026\/03\/Untitled-2.png\",\"width\":600,\"height\":338,\"caption\":\"Climate Master\"},\"image\":{\"@id\":\"https:\/\/climatemaster.ge\/#\/schema\/logo\/image\/\"}}]}<\/script>\n<!-- \/ Yoast SEO plugin. -->","yoast_head_json":{"title":"Clapets coupe-feu rectangulaires FDS-3G_KS - Climate Master","robots":{"index":"index","follow":"follow","max-snippet":"max-snippet:-1","max-image-preview":"max-image-preview:large","max-video-preview":"max-video-preview:-1"},"canonical":"https:\/\/climatemaster.ge\/fr\/produit\/fds-3g_ks-rectangular-fire-dampers\/","og_locale":"fr_FR","og_type":"article","og_title":"Clapets coupe-feu rectangulaires FDS-3G_KS - Climate Master","og_description":"Ce clapet coupe-feu avec kit d'installation pr\u00e9-mont\u00e9 est con\u00e7u pour \u00eatre simple d'utilisation.  Installation rapide, homologu\u00e9 EI60S, EI90S, EI120S  Classe d'\u00e9tanch\u00e9it\u00e9 3C en standard  Perte de charge exceptionnellement faible  M\u00e9canisme interchangeable","og_url":"https:\/\/climatemaster.ge\/fr\/produit\/fds-3g_ks-rectangular-fire-dampers\/","og_site_name":"Climate Master","article_modified_time":"2025-09-03T13:27:32+00:00","og_image":[{"width":640,"height":480,"url":"https:\/\/climatemaster.ge\/wp-content\/uploads\/2025\/09\/converted_COLLAGE_FDS-3G-KS_HQ.png","type":"image\/png"}],"twitter_card":"summary_large_image","twitter_misc":{"Dur\u00e9e de lecture estim\u00e9e":"2 minutes"},"schema":{"@context":"https:\/\/schema.org","@graph":[{"@type":"WebPage","@id":"https:\/\/climatemaster.ge\/fr\/produit\/fds-3g_ks-rectangular-fire-dampers\/","url":"https:\/\/climatemaster.ge\/fr\/produit\/fds-3g_ks-rectangular-fire-dampers\/","name":"Clapets coupe-feu rectangulaires FDS-3G_KS - Climate Master","isPartOf":{"@id":"https:\/\/climatemaster.ge\/#website"},"primaryImageOfPage":{"@id":"https:\/\/climatemaster.ge\/fr\/produit\/fds-3g_ks-rectangular-fire-dampers\/#primaryimage"},"image":{"@id":"https:\/\/climatemaster.ge\/fr\/produit\/fds-3g_ks-rectangular-fire-dampers\/#primaryimage"},"thumbnailUrl":"https:\/\/climatemaster.ge\/wp-content\/uploads\/2025\/09\/converted_COLLAGE_FDS-3G-KS_HQ.png","datePublished":"2025-09-03T13:11:41+00:00","dateModified":"2025-09-03T13:27:32+00:00","breadcrumb":{"@id":"https:\/\/climatemaster.ge\/fr\/produit\/fds-3g_ks-rectangular-fire-dampers\/#breadcrumb"},"inLanguage":"fr-FR","potentialAction":[{"@type":"ReadAction","target":["https:\/\/climatemaster.ge\/fr\/produit\/fds-3g_ks-rectangular-fire-dampers\/"]}]},{"@type":"ImageObject","inLanguage":"fr-FR","@id":"https:\/\/climatemaster.ge\/fr\/produit\/fds-3g_ks-rectangular-fire-dampers\/#primaryimage","url":"https:\/\/climatemaster.ge\/wp-content\/uploads\/2025\/09\/converted_COLLAGE_FDS-3G-KS_HQ.png","contentUrl":"https:\/\/climatemaster.ge\/wp-content\/uploads\/2025\/09\/converted_COLLAGE_FDS-3G-KS_HQ.png","width":640,"height":480},{"@type":"BreadcrumbList","@id":"https:\/\/climatemaster.ge\/fr\/produit\/fds-3g_ks-rectangular-fire-dampers\/#breadcrumb","itemListElement":[{"@type":"ListItem","position":1,"name":"Home","item":"https:\/\/climatemaster.ge\/"},{"@type":"ListItem","position":2,"name":"Products","item":"https:\/\/climatemaster.ge\/products\/"},{"@type":"ListItem","position":3,"name":"Clapets coupe-feu rectangulaires FDS-3G_KS"}]},{"@type":"WebSite","@id":"https:\/\/climatemaster.ge\/#website","url":"https:\/\/climatemaster.ge\/","name":"Climate Master","description":"","publisher":{"@id":"https:\/\/climatemaster.ge\/#organization"},"potentialAction":[{"@type":"SearchAction","target":{"@type":"EntryPoint","urlTemplate":"https:\/\/climatemaster.ge\/?s={search_term_string}"},"query-input":{"@type":"PropertyValueSpecification","valueRequired":true,"valueName":"search_term_string"}}],"inLanguage":"fr-FR"},{"@type":"Organization","@id":"https:\/\/climatemaster.ge\/#organization","name":"Climate Master","url":"https:\/\/climatemaster.ge\/","logo":{"@type":"ImageObject","inLanguage":"fr-FR","@id":"https:\/\/climatemaster.ge\/#\/schema\/logo\/image\/","url":"https:\/\/climatemaster.ge\/wp-content\/uploads\/2026\/03\/Untitled-2.png","contentUrl":"https:\/\/climatemaster.ge\/wp-content\/uploads\/2026\/03\/Untitled-2.png","width":600,"height":338,"caption":"Climate Master"},"image":{"@id":"https:\/\/climatemaster.ge\/#\/schema\/logo\/image\/"}}]}},"_links":{"self":[{"href":"https:\/\/climatemaster.ge\/fr\/wp-json\/wp\/v2\/product\/36216","targetHints":{"allow":["GET"]}}],"collection":[{"href":"https:\/\/climatemaster.ge\/fr\/wp-json\/wp\/v2\/product"}],"about":[{"href":"https:\/\/climatemaster.ge\/fr\/wp-json\/wp\/v2\/types\/product"}],"wp:featuredmedia":[{"embeddable":true,"href":"https:\/\/climatemaster.ge\/fr\/wp-json\/wp\/v2\/media\/36211"}],"wp:attachment":[{"href":"https:\/\/climatemaster.ge\/fr\/wp-json\/wp\/v2\/media?parent=36216"}],"wp:term":[{"taxonomy":"product_brand","embeddable":true,"href":"https:\/\/climatemaster.ge\/fr\/wp-json\/wp\/v2\/product_brand?post=36216"},{"taxonomy":"product_cat","embeddable":true,"href":"https:\/\/climatemaster.ge\/fr\/wp-json\/wp\/v2\/product_cat?post=36216"},{"taxonomy":"product_tag","embeddable":true,"href":"https:\/\/climatemaster.ge\/fr\/wp-json\/wp\/v2\/product_tag?post=36216"}],"curies":[{"name":"wp","href":"https:\/\/api.w.org\/{rel}","templated":true}]}}