{"id":35578,"date":"2025-06-10T14:03:36","date_gmt":"2025-06-10T10:03:36","guid":{"rendered":"https:\/\/airsystems.ge\/shop\/product\/fhe-dehumidifiers-for-radiant-cooling-systems-with-heat-recovery\/"},"modified":"2025-06-10T14:05:36","modified_gmt":"2025-06-10T10:05:36","slug":"fhe-dehumidifiers-for-radiant-cooling-systems-with-heat-recovery","status":"publish","type":"product","link":"https:\/\/climatemaster.ge\/fr\/produit\/fhe-dehumidifiers-for-radiant-cooling-systems-with-heat-recovery\/","title":{"rendered":"FHE D\u00e9shumidificateurs pour syst\u00e8mes de refroidissement radiant avec r\u00e9cup\u00e9ration de chaleur"},"content":{"rendered":"<div class=\"elementor-element elementor-element-70da8153 elementor-widget elementor-widget-theme-page-title elementor-page-title elementor-widget-heading\" data-id=\"70da8153\" data-element_type=\"widget\" data-widget_type=\"theme-page-title.default\">\n<div class=\"elementor-widget-container\">\n<p>Les d\u00e9shumidificateurs \u00e0 r\u00e9cup\u00e9ration de chaleur haute efficacit\u00e9 de la s\u00e9rie FHE ont \u00e9t\u00e9 con\u00e7us pour assurer la d\u00e9shumidification et le renouvellement d&rsquo;air dans les zones r\u00e9sidentielles, avec une tr\u00e8s haute efficacit\u00e9 \u00e9nerg\u00e9tique, en association avec des syst\u00e8mes de refroidissement radiant.<\/p>\n<p>Ces unit\u00e9s sont con\u00e7ues pour assurer la d\u00e9shumidification en conditions d&rsquo;air neutre ou refroidi par air, g\u00e9rant de faibles d\u00e9bits d&rsquo;air et \u00e9vitant ainsi les courants d&rsquo;air infimes g\u00eanants typiques des syst\u00e8mes de climatisation traditionnels.<\/p>\n<p>Ces unit\u00e9s sont \u00e9quip\u00e9es d&rsquo;un syst\u00e8me de refroidissement \u00e0 d\u00e9tente directe associ\u00e9 \u00e0 un \u00e9changeur de chaleur \u00e0 flux crois\u00e9s haute performance, con\u00e7u pour la r\u00e9cup\u00e9ration de chaleur et le renouvellement d&rsquo;air, conform\u00e9ment aux normes r\u00e9gionales et nationales en vigueur.<\/p>\n<\/div>\n<\/div>\n","protected":false},"excerpt":{"rendered":"<div class=\"elementor-element elementor-element-f80f489 elementor-widget elementor-widget-heading\" data-id=\"f80f489\" data-element_type=\"widget\" data-widget_type=\"heading.default\">\n<div class=\"elementor-widget-container\">\n<div class=\"elementor-heading-title elementor-size-default\">Capacit\u00e9 de d\u00e9shumidification : 30 l\/24 h<br \/>\nD\u00e9bit d&rsquo;air de 130\u00a0m\u00b3\/h \u00e0 260\u00a0m\u00b3\/h<\/div>\n<\/div>\n<\/div>\n","protected":false},"featured_media":35573,"template":"","meta":[],"product_brand":[],"product_cat":[682,1723],"product_tag":[],"class_list":{"0":"post-35578","1":"product","2":"type-product","3":"status-publish","4":"has-post-thumbnail","6":"product_cat-climatiseurs-fr-industriels","7":"product_cat-deshumidificateur-fr","9":"first","10":"instock","11":"shipping-taxable","12":"product-type-simple"},"yoast_head":"<!-- This site is optimized with the Yoast SEO plugin v27.1.1 - https:\/\/yoast.com\/product\/yoast-seo-wordpress\/ -->\n<title>FHE D\u00e9shumidificateurs pour syst\u00e8mes de refroidissement radiant avec r\u00e9cup\u00e9ration de chaleur - Climate Master<\/title>\n<meta name=\"robots\" content=\"index, follow, max-snippet:-1, max-image-preview:large, max-video-preview:-1\" \/>\n<link rel=\"canonical\" href=\"https:\/\/climatemaster.ge\/fr\/produit\/fhe-dehumidifiers-for-radiant-cooling-systems-with-heat-recovery\/\" \/>\n<meta property=\"og:locale\" content=\"fr_FR\" \/>\n<meta property=\"og:type\" content=\"article\" \/>\n<meta property=\"og:title\" content=\"FHE D\u00e9shumidificateurs pour syst\u00e8mes de refroidissement radiant avec r\u00e9cup\u00e9ration de chaleur - Climate Master\" \/>\n<meta property=\"og:description\" content=\"Capacit\u00e9 de d\u00e9shumidification : 30 l\/24 h D\u00e9bit d&#039;air de 130\u00a0m\u00b3\/h \u00e0 260\u00a0m\u00b3\/h\" \/>\n<meta property=\"og:url\" content=\"https:\/\/climatemaster.ge\/fr\/produit\/fhe-dehumidifiers-for-radiant-cooling-systems-with-heat-recovery\/\" \/>\n<meta property=\"og:site_name\" content=\"Climate Master\" \/>\n<meta property=\"article:modified_time\" content=\"2025-06-10T10:05:36+00:00\" \/>\n<meta property=\"og:image\" content=\"https:\/\/climatemaster.ge\/wp-content\/uploads\/2025\/06\/FHE.jpg\" \/>\n\t<meta property=\"og:image:width\" content=\"472\" \/>\n\t<meta property=\"og:image:height\" content=\"622\" \/>\n\t<meta property=\"og:image:type\" content=\"image\/jpeg\" \/>\n<meta name=\"twitter:card\" content=\"summary_large_image\" \/>\n<meta name=\"twitter:label1\" content=\"Dur\u00e9e de lecture estim\u00e9e\" \/>\n\t<meta name=\"twitter:data1\" content=\"1 minute\" \/>\n<script type=\"application\/ld+json\" class=\"yoast-schema-graph\">{\"@context\":\"https:\/\/schema.org\",\"@graph\":[{\"@type\":\"WebPage\",\"@id\":\"https:\/\/climatemaster.ge\/fr\/produit\/fhe-dehumidifiers-for-radiant-cooling-systems-with-heat-recovery\/\",\"url\":\"https:\/\/climatemaster.ge\/fr\/produit\/fhe-dehumidifiers-for-radiant-cooling-systems-with-heat-recovery\/\",\"name\":\"FHE D\u00e9shumidificateurs pour syst\u00e8mes de refroidissement radiant avec r\u00e9cup\u00e9ration de chaleur - Climate Master\",\"isPartOf\":{\"@id\":\"https:\/\/climatemaster.ge\/#website\"},\"primaryImageOfPage\":{\"@id\":\"https:\/\/climatemaster.ge\/fr\/produit\/fhe-dehumidifiers-for-radiant-cooling-systems-with-heat-recovery\/#primaryimage\"},\"image\":{\"@id\":\"https:\/\/climatemaster.ge\/fr\/produit\/fhe-dehumidifiers-for-radiant-cooling-systems-with-heat-recovery\/#primaryimage\"},\"thumbnailUrl\":\"https:\/\/climatemaster.ge\/wp-content\/uploads\/2025\/06\/FHE.jpg\",\"datePublished\":\"2025-06-10T10:03:36+00:00\",\"dateModified\":\"2025-06-10T10:05:36+00:00\",\"breadcrumb\":{\"@id\":\"https:\/\/climatemaster.ge\/fr\/produit\/fhe-dehumidifiers-for-radiant-cooling-systems-with-heat-recovery\/#breadcrumb\"},\"inLanguage\":\"fr-FR\",\"potentialAction\":[{\"@type\":\"ReadAction\",\"target\":[\"https:\/\/climatemaster.ge\/fr\/produit\/fhe-dehumidifiers-for-radiant-cooling-systems-with-heat-recovery\/\"]}]},{\"@type\":\"ImageObject\",\"inLanguage\":\"fr-FR\",\"@id\":\"https:\/\/climatemaster.ge\/fr\/produit\/fhe-dehumidifiers-for-radiant-cooling-systems-with-heat-recovery\/#primaryimage\",\"url\":\"https:\/\/climatemaster.ge\/wp-content\/uploads\/2025\/06\/FHE.jpg\",\"contentUrl\":\"https:\/\/climatemaster.ge\/wp-content\/uploads\/2025\/06\/FHE.jpg\",\"width\":472,\"height\":622},{\"@type\":\"BreadcrumbList\",\"@id\":\"https:\/\/climatemaster.ge\/fr\/produit\/fhe-dehumidifiers-for-radiant-cooling-systems-with-heat-recovery\/#breadcrumb\",\"itemListElement\":[{\"@type\":\"ListItem\",\"position\":1,\"name\":\"Home\",\"item\":\"https:\/\/climatemaster.ge\/\"},{\"@type\":\"ListItem\",\"position\":2,\"name\":\"Products\",\"item\":\"https:\/\/climatemaster.ge\/products\/\"},{\"@type\":\"ListItem\",\"position\":3,\"name\":\"FHE D\u00e9shumidificateurs pour syst\u00e8mes de refroidissement radiant avec r\u00e9cup\u00e9ration de chaleur\"}]},{\"@type\":\"WebSite\",\"@id\":\"https:\/\/climatemaster.ge\/#website\",\"url\":\"https:\/\/climatemaster.ge\/\",\"name\":\"Climate Master\",\"description\":\"\",\"publisher\":{\"@id\":\"https:\/\/climatemaster.ge\/#organization\"},\"potentialAction\":[{\"@type\":\"SearchAction\",\"target\":{\"@type\":\"EntryPoint\",\"urlTemplate\":\"https:\/\/climatemaster.ge\/?s={search_term_string}\"},\"query-input\":{\"@type\":\"PropertyValueSpecification\",\"valueRequired\":true,\"valueName\":\"search_term_string\"}}],\"inLanguage\":\"fr-FR\"},{\"@type\":\"Organization\",\"@id\":\"https:\/\/climatemaster.ge\/#organization\",\"name\":\"Climate Master\",\"url\":\"https:\/\/climatemaster.ge\/\",\"logo\":{\"@type\":\"ImageObject\",\"inLanguage\":\"fr-FR\",\"@id\":\"https:\/\/climatemaster.ge\/#\/schema\/logo\/image\/\",\"url\":\"https:\/\/climatemaster.ge\/wp-content\/uploads\/2026\/03\/Untitled-2.png\",\"contentUrl\":\"https:\/\/climatemaster.ge\/wp-content\/uploads\/2026\/03\/Untitled-2.png\",\"width\":600,\"height\":338,\"caption\":\"Climate Master\"},\"image\":{\"@id\":\"https:\/\/climatemaster.ge\/#\/schema\/logo\/image\/\"}}]}<\/script>\n<!-- \/ Yoast SEO plugin. -->","yoast_head_json":{"title":"FHE D\u00e9shumidificateurs pour syst\u00e8mes de refroidissement radiant avec r\u00e9cup\u00e9ration de chaleur - Climate Master","robots":{"index":"index","follow":"follow","max-snippet":"max-snippet:-1","max-image-preview":"max-image-preview:large","max-video-preview":"max-video-preview:-1"},"canonical":"https:\/\/climatemaster.ge\/fr\/produit\/fhe-dehumidifiers-for-radiant-cooling-systems-with-heat-recovery\/","og_locale":"fr_FR","og_type":"article","og_title":"FHE D\u00e9shumidificateurs pour syst\u00e8mes de refroidissement radiant avec r\u00e9cup\u00e9ration de chaleur - Climate Master","og_description":"Capacit\u00e9 de d\u00e9shumidification : 30 l\/24 h D\u00e9bit d'air de 130\u00a0m\u00b3\/h \u00e0 260\u00a0m\u00b3\/h","og_url":"https:\/\/climatemaster.ge\/fr\/produit\/fhe-dehumidifiers-for-radiant-cooling-systems-with-heat-recovery\/","og_site_name":"Climate Master","article_modified_time":"2025-06-10T10:05:36+00:00","og_image":[{"width":472,"height":622,"url":"https:\/\/climatemaster.ge\/wp-content\/uploads\/2025\/06\/FHE.jpg","type":"image\/jpeg"}],"twitter_card":"summary_large_image","twitter_misc":{"Dur\u00e9e de lecture estim\u00e9e":"1 minute"},"schema":{"@context":"https:\/\/schema.org","@graph":[{"@type":"WebPage","@id":"https:\/\/climatemaster.ge\/fr\/produit\/fhe-dehumidifiers-for-radiant-cooling-systems-with-heat-recovery\/","url":"https:\/\/climatemaster.ge\/fr\/produit\/fhe-dehumidifiers-for-radiant-cooling-systems-with-heat-recovery\/","name":"FHE D\u00e9shumidificateurs pour syst\u00e8mes de refroidissement radiant avec r\u00e9cup\u00e9ration de chaleur - Climate Master","isPartOf":{"@id":"https:\/\/climatemaster.ge\/#website"},"primaryImageOfPage":{"@id":"https:\/\/climatemaster.ge\/fr\/produit\/fhe-dehumidifiers-for-radiant-cooling-systems-with-heat-recovery\/#primaryimage"},"image":{"@id":"https:\/\/climatemaster.ge\/fr\/produit\/fhe-dehumidifiers-for-radiant-cooling-systems-with-heat-recovery\/#primaryimage"},"thumbnailUrl":"https:\/\/climatemaster.ge\/wp-content\/uploads\/2025\/06\/FHE.jpg","datePublished":"2025-06-10T10:03:36+00:00","dateModified":"2025-06-10T10:05:36+00:00","breadcrumb":{"@id":"https:\/\/climatemaster.ge\/fr\/produit\/fhe-dehumidifiers-for-radiant-cooling-systems-with-heat-recovery\/#breadcrumb"},"inLanguage":"fr-FR","potentialAction":[{"@type":"ReadAction","target":["https:\/\/climatemaster.ge\/fr\/produit\/fhe-dehumidifiers-for-radiant-cooling-systems-with-heat-recovery\/"]}]},{"@type":"ImageObject","inLanguage":"fr-FR","@id":"https:\/\/climatemaster.ge\/fr\/produit\/fhe-dehumidifiers-for-radiant-cooling-systems-with-heat-recovery\/#primaryimage","url":"https:\/\/climatemaster.ge\/wp-content\/uploads\/2025\/06\/FHE.jpg","contentUrl":"https:\/\/climatemaster.ge\/wp-content\/uploads\/2025\/06\/FHE.jpg","width":472,"height":622},{"@type":"BreadcrumbList","@id":"https:\/\/climatemaster.ge\/fr\/produit\/fhe-dehumidifiers-for-radiant-cooling-systems-with-heat-recovery\/#breadcrumb","itemListElement":[{"@type":"ListItem","position":1,"name":"Home","item":"https:\/\/climatemaster.ge\/"},{"@type":"ListItem","position":2,"name":"Products","item":"https:\/\/climatemaster.ge\/products\/"},{"@type":"ListItem","position":3,"name":"FHE D\u00e9shumidificateurs pour syst\u00e8mes de refroidissement radiant avec r\u00e9cup\u00e9ration de chaleur"}]},{"@type":"WebSite","@id":"https:\/\/climatemaster.ge\/#website","url":"https:\/\/climatemaster.ge\/","name":"Climate Master","description":"","publisher":{"@id":"https:\/\/climatemaster.ge\/#organization"},"potentialAction":[{"@type":"SearchAction","target":{"@type":"EntryPoint","urlTemplate":"https:\/\/climatemaster.ge\/?s={search_term_string}"},"query-input":{"@type":"PropertyValueSpecification","valueRequired":true,"valueName":"search_term_string"}}],"inLanguage":"fr-FR"},{"@type":"Organization","@id":"https:\/\/climatemaster.ge\/#organization","name":"Climate Master","url":"https:\/\/climatemaster.ge\/","logo":{"@type":"ImageObject","inLanguage":"fr-FR","@id":"https:\/\/climatemaster.ge\/#\/schema\/logo\/image\/","url":"https:\/\/climatemaster.ge\/wp-content\/uploads\/2026\/03\/Untitled-2.png","contentUrl":"https:\/\/climatemaster.ge\/wp-content\/uploads\/2026\/03\/Untitled-2.png","width":600,"height":338,"caption":"Climate Master"},"image":{"@id":"https:\/\/climatemaster.ge\/#\/schema\/logo\/image\/"}}]}},"_links":{"self":[{"href":"https:\/\/climatemaster.ge\/fr\/wp-json\/wp\/v2\/product\/35578","targetHints":{"allow":["GET"]}}],"collection":[{"href":"https:\/\/climatemaster.ge\/fr\/wp-json\/wp\/v2\/product"}],"about":[{"href":"https:\/\/climatemaster.ge\/fr\/wp-json\/wp\/v2\/types\/product"}],"wp:featuredmedia":[{"embeddable":true,"href":"https:\/\/climatemaster.ge\/fr\/wp-json\/wp\/v2\/media\/35573"}],"wp:attachment":[{"href":"https:\/\/climatemaster.ge\/fr\/wp-json\/wp\/v2\/media?parent=35578"}],"wp:term":[{"taxonomy":"product_brand","embeddable":true,"href":"https:\/\/climatemaster.ge\/fr\/wp-json\/wp\/v2\/product_brand?post=35578"},{"taxonomy":"product_cat","embeddable":true,"href":"https:\/\/climatemaster.ge\/fr\/wp-json\/wp\/v2\/product_cat?post=35578"},{"taxonomy":"product_tag","embeddable":true,"href":"https:\/\/climatemaster.ge\/fr\/wp-json\/wp\/v2\/product_tag?post=35578"}],"curies":[{"name":"wp","href":"https:\/\/api.w.org\/{rel}","templated":true}]}}