{"id":34825,"date":"2025-06-09T16:11:29","date_gmt":"2025-06-09T12:11:29","guid":{"rendered":"https:\/\/airsystems.ge\/shop\/product\/pah-vs-high-efficiency-air-to-water-heat-pumps-equipped-with-inverter-screw-compressors-and-axial-fan\/"},"modified":"2025-06-09T16:13:32","modified_gmt":"2025-06-09T12:13:32","slug":"pah-vs-high-efficiency-air-to-water-heat-pumps-equipped-with-inverter-screw-compressors-and-axial-fan","status":"publish","type":"product","link":"https:\/\/climatemaster.ge\/fr\/produit\/pah-vs-high-efficiency-air-to-water-heat-pumps-equipped-with-inverter-screw-compressors-and-axial-fan\/","title":{"rendered":"PAH VS Pompes \u00e0 chaleur air-eau \u00e0 haut rendement \u00e9quip\u00e9es de compresseurs \u00e0 vis Inverter et d&rsquo;un ventilateur axial"},"content":{"rendered":"<p>Les pompes \u00e0 chaleur monoblocs \u00e0 condensation par air de la s\u00e9rie PAH VS Ke sont adapt\u00e9es \u00e0 une installation ext\u00e9rieure et peuvent \u00eatre utilis\u00e9es pour refroidir et chauffer des fluides pour la climatisation ou les applications industrielles. La technologie de compresseur \u00e0 vis semi-herm\u00e9tique avec commande de moteur Inverter, \u00e0 modulation constante, garantit une grande capacit\u00e9 de partialisation des puissances frigorifiques et calorifiques fournies, augmentant ainsi le rendement saisonnier, m\u00eame dans les applications \u00e0 charges tr\u00e8s variables. Toutes les unit\u00e9s sont enti\u00e8rement assembl\u00e9es et test\u00e9es en usine, selon des proc\u00e9dures de qualit\u00e9 sp\u00e9cifiques. De plus, elles sont enti\u00e8rement raccord\u00e9es hydrauliquement, frigorifiques et \u00e9lectriques, ce qui permet une installation rapide sur site. Avant le test, les circuits de refroidissement de chaque unit\u00e9 sont soumis \u00e0 un essai de pression, puis charg\u00e9s en r\u00e9frig\u00e9rant R513A et en huile antigel.<\/p>\n","protected":false},"excerpt":{"rendered":"<p>Puissance de chauffage de 480 kW \u00e0 1380 kW<\/p>\n","protected":false},"featured_media":34820,"template":"","meta":[],"product_brand":[],"product_cat":[682,1667],"product_tag":[],"class_list":{"0":"post-34825","1":"product","2":"type-product","3":"status-publish","4":"has-post-thumbnail","6":"product_cat-climatiseurs-fr-industriels","7":"product_cat-pompe-a-chaleur","9":"first","10":"instock","11":"shipping-taxable","12":"product-type-simple"},"yoast_head":"<!-- This site is optimized with the Yoast SEO plugin v27.1.1 - https:\/\/yoast.com\/product\/yoast-seo-wordpress\/ -->\n<title>PAH VS Pompes \u00e0 chaleur air-eau \u00e0 haut rendement \u00e9quip\u00e9es de compresseurs \u00e0 vis Inverter et d&#039;un ventilateur axial - Climate Master<\/title>\n<meta name=\"robots\" content=\"index, follow, max-snippet:-1, max-image-preview:large, max-video-preview:-1\" \/>\n<link rel=\"canonical\" href=\"https:\/\/climatemaster.ge\/fr\/produit\/pah-vs-high-efficiency-air-to-water-heat-pumps-equipped-with-inverter-screw-compressors-and-axial-fan\/\" \/>\n<meta property=\"og:locale\" content=\"fr_FR\" \/>\n<meta property=\"og:type\" content=\"article\" \/>\n<meta property=\"og:title\" content=\"PAH VS Pompes \u00e0 chaleur air-eau \u00e0 haut rendement \u00e9quip\u00e9es de compresseurs \u00e0 vis Inverter et d&#039;un ventilateur axial - Climate Master\" \/>\n<meta property=\"og:description\" content=\"Puissance de chauffage de 480 kW \u00e0 1380 kW\" \/>\n<meta property=\"og:url\" content=\"https:\/\/climatemaster.ge\/fr\/produit\/pah-vs-high-efficiency-air-to-water-heat-pumps-equipped-with-inverter-screw-compressors-and-axial-fan\/\" \/>\n<meta property=\"og:site_name\" content=\"Climate Master\" \/>\n<meta property=\"article:modified_time\" content=\"2025-06-09T12:13:32+00:00\" \/>\n<meta property=\"og:image\" content=\"https:\/\/climatemaster.ge\/wp-content\/uploads\/2025\/06\/PAH-VS-KE.jpg\" \/>\n\t<meta property=\"og:image:width\" content=\"2560\" \/>\n\t<meta property=\"og:image:height\" content=\"1920\" \/>\n\t<meta property=\"og:image:type\" content=\"image\/jpeg\" \/>\n<meta name=\"twitter:card\" content=\"summary_large_image\" \/>\n<meta name=\"twitter:label1\" content=\"Dur\u00e9e de lecture estim\u00e9e\" \/>\n\t<meta name=\"twitter:data1\" content=\"1 minute\" \/>\n<script type=\"application\/ld+json\" class=\"yoast-schema-graph\">{\"@context\":\"https:\/\/schema.org\",\"@graph\":[{\"@type\":\"WebPage\",\"@id\":\"https:\/\/climatemaster.ge\/fr\/produit\/pah-vs-high-efficiency-air-to-water-heat-pumps-equipped-with-inverter-screw-compressors-and-axial-fan\/\",\"url\":\"https:\/\/climatemaster.ge\/fr\/produit\/pah-vs-high-efficiency-air-to-water-heat-pumps-equipped-with-inverter-screw-compressors-and-axial-fan\/\",\"name\":\"PAH VS Pompes \u00e0 chaleur air-eau \u00e0 haut rendement \u00e9quip\u00e9es de compresseurs \u00e0 vis Inverter et d'un ventilateur axial - Climate Master\",\"isPartOf\":{\"@id\":\"https:\/\/climatemaster.ge\/#website\"},\"primaryImageOfPage\":{\"@id\":\"https:\/\/climatemaster.ge\/fr\/produit\/pah-vs-high-efficiency-air-to-water-heat-pumps-equipped-with-inverter-screw-compressors-and-axial-fan\/#primaryimage\"},\"image\":{\"@id\":\"https:\/\/climatemaster.ge\/fr\/produit\/pah-vs-high-efficiency-air-to-water-heat-pumps-equipped-with-inverter-screw-compressors-and-axial-fan\/#primaryimage\"},\"thumbnailUrl\":\"https:\/\/climatemaster.ge\/wp-content\/uploads\/2025\/06\/PAH-VS-KE.jpg\",\"datePublished\":\"2025-06-09T12:11:29+00:00\",\"dateModified\":\"2025-06-09T12:13:32+00:00\",\"breadcrumb\":{\"@id\":\"https:\/\/climatemaster.ge\/fr\/produit\/pah-vs-high-efficiency-air-to-water-heat-pumps-equipped-with-inverter-screw-compressors-and-axial-fan\/#breadcrumb\"},\"inLanguage\":\"fr-FR\",\"potentialAction\":[{\"@type\":\"ReadAction\",\"target\":[\"https:\/\/climatemaster.ge\/fr\/produit\/pah-vs-high-efficiency-air-to-water-heat-pumps-equipped-with-inverter-screw-compressors-and-axial-fan\/\"]}]},{\"@type\":\"ImageObject\",\"inLanguage\":\"fr-FR\",\"@id\":\"https:\/\/climatemaster.ge\/fr\/produit\/pah-vs-high-efficiency-air-to-water-heat-pumps-equipped-with-inverter-screw-compressors-and-axial-fan\/#primaryimage\",\"url\":\"https:\/\/climatemaster.ge\/wp-content\/uploads\/2025\/06\/PAH-VS-KE.jpg\",\"contentUrl\":\"https:\/\/climatemaster.ge\/wp-content\/uploads\/2025\/06\/PAH-VS-KE.jpg\",\"width\":2560,\"height\":1920},{\"@type\":\"BreadcrumbList\",\"@id\":\"https:\/\/climatemaster.ge\/fr\/produit\/pah-vs-high-efficiency-air-to-water-heat-pumps-equipped-with-inverter-screw-compressors-and-axial-fan\/#breadcrumb\",\"itemListElement\":[{\"@type\":\"ListItem\",\"position\":1,\"name\":\"Home\",\"item\":\"https:\/\/climatemaster.ge\/\"},{\"@type\":\"ListItem\",\"position\":2,\"name\":\"Products\",\"item\":\"https:\/\/climatemaster.ge\/products\/\"},{\"@type\":\"ListItem\",\"position\":3,\"name\":\"PAH VS Pompes \u00e0 chaleur air-eau \u00e0 haut rendement \u00e9quip\u00e9es de compresseurs \u00e0 vis Inverter et d&rsquo;un ventilateur axial\"}]},{\"@type\":\"WebSite\",\"@id\":\"https:\/\/climatemaster.ge\/#website\",\"url\":\"https:\/\/climatemaster.ge\/\",\"name\":\"Climate Master\",\"description\":\"\",\"publisher\":{\"@id\":\"https:\/\/climatemaster.ge\/#organization\"},\"potentialAction\":[{\"@type\":\"SearchAction\",\"target\":{\"@type\":\"EntryPoint\",\"urlTemplate\":\"https:\/\/climatemaster.ge\/?s={search_term_string}\"},\"query-input\":{\"@type\":\"PropertyValueSpecification\",\"valueRequired\":true,\"valueName\":\"search_term_string\"}}],\"inLanguage\":\"fr-FR\"},{\"@type\":\"Organization\",\"@id\":\"https:\/\/climatemaster.ge\/#organization\",\"name\":\"Climate Master\",\"url\":\"https:\/\/climatemaster.ge\/\",\"logo\":{\"@type\":\"ImageObject\",\"inLanguage\":\"fr-FR\",\"@id\":\"https:\/\/climatemaster.ge\/#\/schema\/logo\/image\/\",\"url\":\"https:\/\/climatemaster.ge\/wp-content\/uploads\/2026\/03\/Untitled-2.png\",\"contentUrl\":\"https:\/\/climatemaster.ge\/wp-content\/uploads\/2026\/03\/Untitled-2.png\",\"width\":600,\"height\":338,\"caption\":\"Climate Master\"},\"image\":{\"@id\":\"https:\/\/climatemaster.ge\/#\/schema\/logo\/image\/\"}}]}<\/script>\n<!-- \/ Yoast SEO plugin. -->","yoast_head_json":{"title":"PAH VS Pompes \u00e0 chaleur air-eau \u00e0 haut rendement \u00e9quip\u00e9es de compresseurs \u00e0 vis Inverter et d'un ventilateur axial - Climate Master","robots":{"index":"index","follow":"follow","max-snippet":"max-snippet:-1","max-image-preview":"max-image-preview:large","max-video-preview":"max-video-preview:-1"},"canonical":"https:\/\/climatemaster.ge\/fr\/produit\/pah-vs-high-efficiency-air-to-water-heat-pumps-equipped-with-inverter-screw-compressors-and-axial-fan\/","og_locale":"fr_FR","og_type":"article","og_title":"PAH VS Pompes \u00e0 chaleur air-eau \u00e0 haut rendement \u00e9quip\u00e9es de compresseurs \u00e0 vis Inverter et d'un ventilateur axial - Climate Master","og_description":"Puissance de chauffage de 480 kW \u00e0 1380 kW","og_url":"https:\/\/climatemaster.ge\/fr\/produit\/pah-vs-high-efficiency-air-to-water-heat-pumps-equipped-with-inverter-screw-compressors-and-axial-fan\/","og_site_name":"Climate Master","article_modified_time":"2025-06-09T12:13:32+00:00","og_image":[{"width":2560,"height":1920,"url":"https:\/\/climatemaster.ge\/wp-content\/uploads\/2025\/06\/PAH-VS-KE.jpg","type":"image\/jpeg"}],"twitter_card":"summary_large_image","twitter_misc":{"Dur\u00e9e de lecture estim\u00e9e":"1 minute"},"schema":{"@context":"https:\/\/schema.org","@graph":[{"@type":"WebPage","@id":"https:\/\/climatemaster.ge\/fr\/produit\/pah-vs-high-efficiency-air-to-water-heat-pumps-equipped-with-inverter-screw-compressors-and-axial-fan\/","url":"https:\/\/climatemaster.ge\/fr\/produit\/pah-vs-high-efficiency-air-to-water-heat-pumps-equipped-with-inverter-screw-compressors-and-axial-fan\/","name":"PAH VS Pompes \u00e0 chaleur air-eau \u00e0 haut rendement \u00e9quip\u00e9es de compresseurs \u00e0 vis Inverter et d'un ventilateur axial - Climate Master","isPartOf":{"@id":"https:\/\/climatemaster.ge\/#website"},"primaryImageOfPage":{"@id":"https:\/\/climatemaster.ge\/fr\/produit\/pah-vs-high-efficiency-air-to-water-heat-pumps-equipped-with-inverter-screw-compressors-and-axial-fan\/#primaryimage"},"image":{"@id":"https:\/\/climatemaster.ge\/fr\/produit\/pah-vs-high-efficiency-air-to-water-heat-pumps-equipped-with-inverter-screw-compressors-and-axial-fan\/#primaryimage"},"thumbnailUrl":"https:\/\/climatemaster.ge\/wp-content\/uploads\/2025\/06\/PAH-VS-KE.jpg","datePublished":"2025-06-09T12:11:29+00:00","dateModified":"2025-06-09T12:13:32+00:00","breadcrumb":{"@id":"https:\/\/climatemaster.ge\/fr\/produit\/pah-vs-high-efficiency-air-to-water-heat-pumps-equipped-with-inverter-screw-compressors-and-axial-fan\/#breadcrumb"},"inLanguage":"fr-FR","potentialAction":[{"@type":"ReadAction","target":["https:\/\/climatemaster.ge\/fr\/produit\/pah-vs-high-efficiency-air-to-water-heat-pumps-equipped-with-inverter-screw-compressors-and-axial-fan\/"]}]},{"@type":"ImageObject","inLanguage":"fr-FR","@id":"https:\/\/climatemaster.ge\/fr\/produit\/pah-vs-high-efficiency-air-to-water-heat-pumps-equipped-with-inverter-screw-compressors-and-axial-fan\/#primaryimage","url":"https:\/\/climatemaster.ge\/wp-content\/uploads\/2025\/06\/PAH-VS-KE.jpg","contentUrl":"https:\/\/climatemaster.ge\/wp-content\/uploads\/2025\/06\/PAH-VS-KE.jpg","width":2560,"height":1920},{"@type":"BreadcrumbList","@id":"https:\/\/climatemaster.ge\/fr\/produit\/pah-vs-high-efficiency-air-to-water-heat-pumps-equipped-with-inverter-screw-compressors-and-axial-fan\/#breadcrumb","itemListElement":[{"@type":"ListItem","position":1,"name":"Home","item":"https:\/\/climatemaster.ge\/"},{"@type":"ListItem","position":2,"name":"Products","item":"https:\/\/climatemaster.ge\/products\/"},{"@type":"ListItem","position":3,"name":"PAH VS Pompes \u00e0 chaleur air-eau \u00e0 haut rendement \u00e9quip\u00e9es de compresseurs \u00e0 vis Inverter et d&rsquo;un ventilateur axial"}]},{"@type":"WebSite","@id":"https:\/\/climatemaster.ge\/#website","url":"https:\/\/climatemaster.ge\/","name":"Climate Master","description":"","publisher":{"@id":"https:\/\/climatemaster.ge\/#organization"},"potentialAction":[{"@type":"SearchAction","target":{"@type":"EntryPoint","urlTemplate":"https:\/\/climatemaster.ge\/?s={search_term_string}"},"query-input":{"@type":"PropertyValueSpecification","valueRequired":true,"valueName":"search_term_string"}}],"inLanguage":"fr-FR"},{"@type":"Organization","@id":"https:\/\/climatemaster.ge\/#organization","name":"Climate Master","url":"https:\/\/climatemaster.ge\/","logo":{"@type":"ImageObject","inLanguage":"fr-FR","@id":"https:\/\/climatemaster.ge\/#\/schema\/logo\/image\/","url":"https:\/\/climatemaster.ge\/wp-content\/uploads\/2026\/03\/Untitled-2.png","contentUrl":"https:\/\/climatemaster.ge\/wp-content\/uploads\/2026\/03\/Untitled-2.png","width":600,"height":338,"caption":"Climate Master"},"image":{"@id":"https:\/\/climatemaster.ge\/#\/schema\/logo\/image\/"}}]}},"_links":{"self":[{"href":"https:\/\/climatemaster.ge\/fr\/wp-json\/wp\/v2\/product\/34825","targetHints":{"allow":["GET"]}}],"collection":[{"href":"https:\/\/climatemaster.ge\/fr\/wp-json\/wp\/v2\/product"}],"about":[{"href":"https:\/\/climatemaster.ge\/fr\/wp-json\/wp\/v2\/types\/product"}],"wp:featuredmedia":[{"embeddable":true,"href":"https:\/\/climatemaster.ge\/fr\/wp-json\/wp\/v2\/media\/34820"}],"wp:attachment":[{"href":"https:\/\/climatemaster.ge\/fr\/wp-json\/wp\/v2\/media?parent=34825"}],"wp:term":[{"taxonomy":"product_brand","embeddable":true,"href":"https:\/\/climatemaster.ge\/fr\/wp-json\/wp\/v2\/product_brand?post=34825"},{"taxonomy":"product_cat","embeddable":true,"href":"https:\/\/climatemaster.ge\/fr\/wp-json\/wp\/v2\/product_cat?post=34825"},{"taxonomy":"product_tag","embeddable":true,"href":"https:\/\/climatemaster.ge\/fr\/wp-json\/wp\/v2\/product_tag?post=34825"}],"curies":[{"name":"wp","href":"https:\/\/api.w.org\/{rel}","templated":true}]}}