{"id":34812,"date":"2025-06-09T16:07:14","date_gmt":"2025-06-09T12:07:14","guid":{"rendered":"https:\/\/airsystems.ge\/shop\/product\/pae-n-high-efficiency-air-to-water-heat-pumps-equipped-with-scroll-compressor-and-axial-fans-with-low-gwp-refrigerant\/"},"modified":"2025-06-09T16:08:58","modified_gmt":"2025-06-09T12:08:58","slug":"pae-n-high-efficiency-air-to-water-heat-pumps-equipped-with-scroll-compressor-and-axial-fans-with-low-gwp-refrigerant","status":"publish","type":"product","link":"https:\/\/climatemaster.ge\/fr\/produit\/pae-n-high-efficiency-air-to-water-heat-pumps-equipped-with-scroll-compressor-and-axial-fans-with-low-gwp-refrigerant\/","title":{"rendered":"PAE N Pompes \u00e0 chaleur air-eau \u00e0 haut rendement \u00e9quip\u00e9es d&rsquo;un compresseur scroll et de ventilateurs axiaux avec r\u00e9frig\u00e9rant \u00e0 faible PRG"},"content":{"rendered":"<div class=\"elementor-element elementor-element-391e72ec elementor-widget elementor-widget-theme-post-content\" data-id=\"391e72ec\" data-element_type=\"widget\" data-widget_type=\"theme-post-content.default\">\n<div class=\"elementor-widget-container\">\n<p>Les pompes \u00e0 chaleur air-eau monoblocs de la s\u00e9rie PAE N Kc\/Kr sont adapt\u00e9es \u00e0 une installation ext\u00e9rieure et peuvent \u00eatre utilis\u00e9es pour refroidir et chauffer des fluides pour la climatisation ou les applications industrielles. La technologie Multiscroll permet d&rsquo;obtenir d&rsquo;importantes am\u00e9liorations de rendement \u00e0 charge partielle. Toutes les unit\u00e9s sont enti\u00e8rement assembl\u00e9es et test\u00e9es en usine, selon des proc\u00e9dures de qualit\u00e9 sp\u00e9cifiques. De plus, elles sont enti\u00e8rement raccord\u00e9es hydrauliquement, frigorifiques et \u00e9lectriques, ce qui permet une installation rapide sur site. Avant le test, les circuits de refroidissement de chaque unit\u00e9 sont soumis \u00e0 un essai de pression, puis charg\u00e9s en fluide frigorig\u00e8ne R410A ou R454B et en huile antigel.<\/p>\n<\/div>\n<\/div>\n<div class=\"elementor-element elementor-element-427e8a79 e-flex e-con-boxed e-con e-child\" data-id=\"427e8a79\" data-element_type=\"container\">\n<div class=\"e-con-inner\">\n<div class=\"elementor-element elementor-element-6e19ed90 hidebutton mc-bl elementor-align-left elementor-widget elementor-widget-button\" data-id=\"6e19ed90\" data-element_type=\"widget\" data-widget_type=\"button.default\">\n<div class=\"elementor-widget-container\">\n<div class=\"elementor-button-wrapper\"><a class=\"elementor-button elementor-button-link elementor-size-sm\" href=\"https:\/\/www.enextechnologies.com\/wp-content\/uploads\/2024\/09\/PAE-N-Kc-Kr_ENG.pdf\" target=\"_blank\" rel=\"noopener\"><span class=\"elementor-button-content-wrapper\"><span class=\"elementor-button-text\">BROCHURE<\/span><\/span><\/a><\/div>\n<\/div>\n<\/div>\n<\/div>\n<\/div>\n","protected":false},"excerpt":{"rendered":"<p>Puissance de chauffage de 78 kW \u00e0 1\u00a0200 kW<\/p>\n","protected":false},"featured_media":34807,"template":"","meta":[],"product_brand":[],"product_cat":[682,1667],"product_tag":[],"class_list":{"0":"post-34812","1":"product","2":"type-product","3":"status-publish","4":"has-post-thumbnail","6":"product_cat-climatiseurs-fr-industriels","7":"product_cat-pompe-a-chaleur","9":"first","10":"instock","11":"shipping-taxable","12":"product-type-simple"},"yoast_head":"<!-- This site is optimized with the Yoast SEO plugin v27.1.1 - https:\/\/yoast.com\/product\/yoast-seo-wordpress\/ -->\n<title>PAE N Pompes \u00e0 chaleur air-eau \u00e0 haut rendement \u00e9quip\u00e9es d&#039;un compresseur scroll et de ventilateurs axiaux avec r\u00e9frig\u00e9rant \u00e0 faible PRG - Climate Master<\/title>\n<meta name=\"robots\" content=\"index, follow, max-snippet:-1, max-image-preview:large, max-video-preview:-1\" \/>\n<link rel=\"canonical\" href=\"https:\/\/climatemaster.ge\/fr\/produit\/pae-n-high-efficiency-air-to-water-heat-pumps-equipped-with-scroll-compressor-and-axial-fans-with-low-gwp-refrigerant\/\" \/>\n<meta property=\"og:locale\" content=\"fr_FR\" \/>\n<meta property=\"og:type\" content=\"article\" \/>\n<meta property=\"og:title\" content=\"PAE N Pompes \u00e0 chaleur air-eau \u00e0 haut rendement \u00e9quip\u00e9es d&#039;un compresseur scroll et de ventilateurs axiaux avec r\u00e9frig\u00e9rant \u00e0 faible PRG - Climate Master\" \/>\n<meta property=\"og:description\" content=\"Puissance de chauffage de 78 kW \u00e0 1\u00a0200 kW\" \/>\n<meta property=\"og:url\" content=\"https:\/\/climatemaster.ge\/fr\/produit\/pae-n-high-efficiency-air-to-water-heat-pumps-equipped-with-scroll-compressor-and-axial-fans-with-low-gwp-refrigerant\/\" \/>\n<meta property=\"og:site_name\" content=\"Climate Master\" \/>\n<meta property=\"article:modified_time\" content=\"2025-06-09T12:08:58+00:00\" \/>\n<meta property=\"og:image\" content=\"https:\/\/climatemaster.ge\/wp-content\/uploads\/2025\/06\/PAE-N-KC-KR.jpg\" \/>\n\t<meta property=\"og:image:width\" content=\"2560\" \/>\n\t<meta property=\"og:image:height\" content=\"2221\" \/>\n\t<meta property=\"og:image:type\" content=\"image\/jpeg\" \/>\n<meta name=\"twitter:card\" content=\"summary_large_image\" \/>\n<meta name=\"twitter:label1\" content=\"Dur\u00e9e de lecture estim\u00e9e\" \/>\n\t<meta name=\"twitter:data1\" content=\"1 minute\" \/>\n<script type=\"application\/ld+json\" class=\"yoast-schema-graph\">{\"@context\":\"https:\/\/schema.org\",\"@graph\":[{\"@type\":\"WebPage\",\"@id\":\"https:\/\/climatemaster.ge\/fr\/produit\/pae-n-high-efficiency-air-to-water-heat-pumps-equipped-with-scroll-compressor-and-axial-fans-with-low-gwp-refrigerant\/\",\"url\":\"https:\/\/climatemaster.ge\/fr\/produit\/pae-n-high-efficiency-air-to-water-heat-pumps-equipped-with-scroll-compressor-and-axial-fans-with-low-gwp-refrigerant\/\",\"name\":\"PAE N Pompes \u00e0 chaleur air-eau \u00e0 haut rendement \u00e9quip\u00e9es d'un compresseur scroll et de ventilateurs axiaux avec r\u00e9frig\u00e9rant \u00e0 faible PRG - Climate Master\",\"isPartOf\":{\"@id\":\"https:\/\/climatemaster.ge\/#website\"},\"primaryImageOfPage\":{\"@id\":\"https:\/\/climatemaster.ge\/fr\/produit\/pae-n-high-efficiency-air-to-water-heat-pumps-equipped-with-scroll-compressor-and-axial-fans-with-low-gwp-refrigerant\/#primaryimage\"},\"image\":{\"@id\":\"https:\/\/climatemaster.ge\/fr\/produit\/pae-n-high-efficiency-air-to-water-heat-pumps-equipped-with-scroll-compressor-and-axial-fans-with-low-gwp-refrigerant\/#primaryimage\"},\"thumbnailUrl\":\"https:\/\/climatemaster.ge\/wp-content\/uploads\/2025\/06\/PAE-N-KC-KR.jpg\",\"datePublished\":\"2025-06-09T12:07:14+00:00\",\"dateModified\":\"2025-06-09T12:08:58+00:00\",\"breadcrumb\":{\"@id\":\"https:\/\/climatemaster.ge\/fr\/produit\/pae-n-high-efficiency-air-to-water-heat-pumps-equipped-with-scroll-compressor-and-axial-fans-with-low-gwp-refrigerant\/#breadcrumb\"},\"inLanguage\":\"fr-FR\",\"potentialAction\":[{\"@type\":\"ReadAction\",\"target\":[\"https:\/\/climatemaster.ge\/fr\/produit\/pae-n-high-efficiency-air-to-water-heat-pumps-equipped-with-scroll-compressor-and-axial-fans-with-low-gwp-refrigerant\/\"]}]},{\"@type\":\"ImageObject\",\"inLanguage\":\"fr-FR\",\"@id\":\"https:\/\/climatemaster.ge\/fr\/produit\/pae-n-high-efficiency-air-to-water-heat-pumps-equipped-with-scroll-compressor-and-axial-fans-with-low-gwp-refrigerant\/#primaryimage\",\"url\":\"https:\/\/climatemaster.ge\/wp-content\/uploads\/2025\/06\/PAE-N-KC-KR.jpg\",\"contentUrl\":\"https:\/\/climatemaster.ge\/wp-content\/uploads\/2025\/06\/PAE-N-KC-KR.jpg\",\"width\":2560,\"height\":2221},{\"@type\":\"BreadcrumbList\",\"@id\":\"https:\/\/climatemaster.ge\/fr\/produit\/pae-n-high-efficiency-air-to-water-heat-pumps-equipped-with-scroll-compressor-and-axial-fans-with-low-gwp-refrigerant\/#breadcrumb\",\"itemListElement\":[{\"@type\":\"ListItem\",\"position\":1,\"name\":\"Home\",\"item\":\"https:\/\/climatemaster.ge\/\"},{\"@type\":\"ListItem\",\"position\":2,\"name\":\"Products\",\"item\":\"https:\/\/climatemaster.ge\/products\/\"},{\"@type\":\"ListItem\",\"position\":3,\"name\":\"PAE N Pompes \u00e0 chaleur air-eau \u00e0 haut rendement \u00e9quip\u00e9es d&rsquo;un compresseur scroll et de ventilateurs axiaux avec r\u00e9frig\u00e9rant \u00e0 faible PRG\"}]},{\"@type\":\"WebSite\",\"@id\":\"https:\/\/climatemaster.ge\/#website\",\"url\":\"https:\/\/climatemaster.ge\/\",\"name\":\"Climate Master\",\"description\":\"\",\"publisher\":{\"@id\":\"https:\/\/climatemaster.ge\/#organization\"},\"potentialAction\":[{\"@type\":\"SearchAction\",\"target\":{\"@type\":\"EntryPoint\",\"urlTemplate\":\"https:\/\/climatemaster.ge\/?s={search_term_string}\"},\"query-input\":{\"@type\":\"PropertyValueSpecification\",\"valueRequired\":true,\"valueName\":\"search_term_string\"}}],\"inLanguage\":\"fr-FR\"},{\"@type\":\"Organization\",\"@id\":\"https:\/\/climatemaster.ge\/#organization\",\"name\":\"Climate Master\",\"url\":\"https:\/\/climatemaster.ge\/\",\"logo\":{\"@type\":\"ImageObject\",\"inLanguage\":\"fr-FR\",\"@id\":\"https:\/\/climatemaster.ge\/#\/schema\/logo\/image\/\",\"url\":\"https:\/\/climatemaster.ge\/wp-content\/uploads\/2026\/03\/Untitled-2.png\",\"contentUrl\":\"https:\/\/climatemaster.ge\/wp-content\/uploads\/2026\/03\/Untitled-2.png\",\"width\":600,\"height\":338,\"caption\":\"Climate Master\"},\"image\":{\"@id\":\"https:\/\/climatemaster.ge\/#\/schema\/logo\/image\/\"}}]}<\/script>\n<!-- \/ Yoast SEO plugin. -->","yoast_head_json":{"title":"PAE N Pompes \u00e0 chaleur air-eau \u00e0 haut rendement \u00e9quip\u00e9es d'un compresseur scroll et de ventilateurs axiaux avec r\u00e9frig\u00e9rant \u00e0 faible PRG - Climate Master","robots":{"index":"index","follow":"follow","max-snippet":"max-snippet:-1","max-image-preview":"max-image-preview:large","max-video-preview":"max-video-preview:-1"},"canonical":"https:\/\/climatemaster.ge\/fr\/produit\/pae-n-high-efficiency-air-to-water-heat-pumps-equipped-with-scroll-compressor-and-axial-fans-with-low-gwp-refrigerant\/","og_locale":"fr_FR","og_type":"article","og_title":"PAE N Pompes \u00e0 chaleur air-eau \u00e0 haut rendement \u00e9quip\u00e9es d'un compresseur scroll et de ventilateurs axiaux avec r\u00e9frig\u00e9rant \u00e0 faible PRG - Climate Master","og_description":"Puissance de chauffage de 78 kW \u00e0 1\u00a0200 kW","og_url":"https:\/\/climatemaster.ge\/fr\/produit\/pae-n-high-efficiency-air-to-water-heat-pumps-equipped-with-scroll-compressor-and-axial-fans-with-low-gwp-refrigerant\/","og_site_name":"Climate Master","article_modified_time":"2025-06-09T12:08:58+00:00","og_image":[{"width":2560,"height":2221,"url":"https:\/\/climatemaster.ge\/wp-content\/uploads\/2025\/06\/PAE-N-KC-KR.jpg","type":"image\/jpeg"}],"twitter_card":"summary_large_image","twitter_misc":{"Dur\u00e9e de lecture estim\u00e9e":"1 minute"},"schema":{"@context":"https:\/\/schema.org","@graph":[{"@type":"WebPage","@id":"https:\/\/climatemaster.ge\/fr\/produit\/pae-n-high-efficiency-air-to-water-heat-pumps-equipped-with-scroll-compressor-and-axial-fans-with-low-gwp-refrigerant\/","url":"https:\/\/climatemaster.ge\/fr\/produit\/pae-n-high-efficiency-air-to-water-heat-pumps-equipped-with-scroll-compressor-and-axial-fans-with-low-gwp-refrigerant\/","name":"PAE N Pompes \u00e0 chaleur air-eau \u00e0 haut rendement \u00e9quip\u00e9es d'un compresseur scroll et de ventilateurs axiaux avec r\u00e9frig\u00e9rant \u00e0 faible PRG - Climate Master","isPartOf":{"@id":"https:\/\/climatemaster.ge\/#website"},"primaryImageOfPage":{"@id":"https:\/\/climatemaster.ge\/fr\/produit\/pae-n-high-efficiency-air-to-water-heat-pumps-equipped-with-scroll-compressor-and-axial-fans-with-low-gwp-refrigerant\/#primaryimage"},"image":{"@id":"https:\/\/climatemaster.ge\/fr\/produit\/pae-n-high-efficiency-air-to-water-heat-pumps-equipped-with-scroll-compressor-and-axial-fans-with-low-gwp-refrigerant\/#primaryimage"},"thumbnailUrl":"https:\/\/climatemaster.ge\/wp-content\/uploads\/2025\/06\/PAE-N-KC-KR.jpg","datePublished":"2025-06-09T12:07:14+00:00","dateModified":"2025-06-09T12:08:58+00:00","breadcrumb":{"@id":"https:\/\/climatemaster.ge\/fr\/produit\/pae-n-high-efficiency-air-to-water-heat-pumps-equipped-with-scroll-compressor-and-axial-fans-with-low-gwp-refrigerant\/#breadcrumb"},"inLanguage":"fr-FR","potentialAction":[{"@type":"ReadAction","target":["https:\/\/climatemaster.ge\/fr\/produit\/pae-n-high-efficiency-air-to-water-heat-pumps-equipped-with-scroll-compressor-and-axial-fans-with-low-gwp-refrigerant\/"]}]},{"@type":"ImageObject","inLanguage":"fr-FR","@id":"https:\/\/climatemaster.ge\/fr\/produit\/pae-n-high-efficiency-air-to-water-heat-pumps-equipped-with-scroll-compressor-and-axial-fans-with-low-gwp-refrigerant\/#primaryimage","url":"https:\/\/climatemaster.ge\/wp-content\/uploads\/2025\/06\/PAE-N-KC-KR.jpg","contentUrl":"https:\/\/climatemaster.ge\/wp-content\/uploads\/2025\/06\/PAE-N-KC-KR.jpg","width":2560,"height":2221},{"@type":"BreadcrumbList","@id":"https:\/\/climatemaster.ge\/fr\/produit\/pae-n-high-efficiency-air-to-water-heat-pumps-equipped-with-scroll-compressor-and-axial-fans-with-low-gwp-refrigerant\/#breadcrumb","itemListElement":[{"@type":"ListItem","position":1,"name":"Home","item":"https:\/\/climatemaster.ge\/"},{"@type":"ListItem","position":2,"name":"Products","item":"https:\/\/climatemaster.ge\/products\/"},{"@type":"ListItem","position":3,"name":"PAE N Pompes \u00e0 chaleur air-eau \u00e0 haut rendement \u00e9quip\u00e9es d&rsquo;un compresseur scroll et de ventilateurs axiaux avec r\u00e9frig\u00e9rant \u00e0 faible PRG"}]},{"@type":"WebSite","@id":"https:\/\/climatemaster.ge\/#website","url":"https:\/\/climatemaster.ge\/","name":"Climate Master","description":"","publisher":{"@id":"https:\/\/climatemaster.ge\/#organization"},"potentialAction":[{"@type":"SearchAction","target":{"@type":"EntryPoint","urlTemplate":"https:\/\/climatemaster.ge\/?s={search_term_string}"},"query-input":{"@type":"PropertyValueSpecification","valueRequired":true,"valueName":"search_term_string"}}],"inLanguage":"fr-FR"},{"@type":"Organization","@id":"https:\/\/climatemaster.ge\/#organization","name":"Climate Master","url":"https:\/\/climatemaster.ge\/","logo":{"@type":"ImageObject","inLanguage":"fr-FR","@id":"https:\/\/climatemaster.ge\/#\/schema\/logo\/image\/","url":"https:\/\/climatemaster.ge\/wp-content\/uploads\/2026\/03\/Untitled-2.png","contentUrl":"https:\/\/climatemaster.ge\/wp-content\/uploads\/2026\/03\/Untitled-2.png","width":600,"height":338,"caption":"Climate Master"},"image":{"@id":"https:\/\/climatemaster.ge\/#\/schema\/logo\/image\/"}}]}},"_links":{"self":[{"href":"https:\/\/climatemaster.ge\/fr\/wp-json\/wp\/v2\/product\/34812","targetHints":{"allow":["GET"]}}],"collection":[{"href":"https:\/\/climatemaster.ge\/fr\/wp-json\/wp\/v2\/product"}],"about":[{"href":"https:\/\/climatemaster.ge\/fr\/wp-json\/wp\/v2\/types\/product"}],"wp:featuredmedia":[{"embeddable":true,"href":"https:\/\/climatemaster.ge\/fr\/wp-json\/wp\/v2\/media\/34807"}],"wp:attachment":[{"href":"https:\/\/climatemaster.ge\/fr\/wp-json\/wp\/v2\/media?parent=34812"}],"wp:term":[{"taxonomy":"product_brand","embeddable":true,"href":"https:\/\/climatemaster.ge\/fr\/wp-json\/wp\/v2\/product_brand?post=34812"},{"taxonomy":"product_cat","embeddable":true,"href":"https:\/\/climatemaster.ge\/fr\/wp-json\/wp\/v2\/product_cat?post=34812"},{"taxonomy":"product_tag","embeddable":true,"href":"https:\/\/climatemaster.ge\/fr\/wp-json\/wp\/v2\/product_tag?post=34812"}],"curies":[{"name":"wp","href":"https:\/\/api.w.org\/{rel}","templated":true}]}}