{"id":34790,"date":"2025-06-09T15:47:00","date_gmt":"2025-06-09T11:47:00","guid":{"rendered":"https:\/\/airsystems.ge\/shop\/product\/wzt-p4-high-efficiency-air-to-water-split-system-heat-pumps-equipped-with-e-v-i-compressors-in-two-sections\/"},"modified":"2025-06-09T16:04:35","modified_gmt":"2025-06-09T12:04:35","slug":"wzt-p4-high-efficiency-air-to-water-split-system-heat-pumps-equipped-with-e-v-i-compressors-in-two-sections","status":"publish","type":"product","link":"https:\/\/climatemaster.ge\/fr\/produit\/wzt-p4-high-efficiency-air-to-water-split-system-heat-pumps-equipped-with-e-v-i-compressors-in-two-sections\/","title":{"rendered":"WZT P4 Pompes \u00e0 chaleur air-eau split haute performance \u00e9quip\u00e9es de compresseurs e.v.i. en deux parties"},"content":{"rendered":"<div class=\"elementor-element elementor-element-391e72ec elementor-widget elementor-widget-theme-post-content\" data-id=\"391e72ec\" data-element_type=\"widget\" data-widget_type=\"theme-post-content.default\">\n<div class=\"elementor-widget-container\">\n<p>Les pompes \u00e0 chaleur air-eau haute performance de la s\u00e9rie WZT, en configuration NN, sont particuli\u00e8rement adapt\u00e9es aux applications exigeant une efficacit\u00e9 maximale en chauffage et un niveau sonore extr\u00eamement faible. Elles sont donc propos\u00e9es en deux parties, reli\u00e9es entre elles par des conduites de fluide frigorig\u00e8ne, le compresseur \u00e9tant install\u00e9 en partie interne. Con\u00e7ues sp\u00e9cifiquement pour un rendement optimal, ces unit\u00e9s peuvent fonctionner jusqu&rsquo;\u00e0 -20 \u00b0C et produire de l&rsquo;eau chaude sanitaire jusqu&rsquo;\u00e0 65 \u00b0C. Elles sont disponibles en versions 2 tubes (P2S, P2U), 2 + 2 tubes (P4S) et 4 tubes (P4U). Les unit\u00e9s P2U ne produisent pas d&rsquo;eau chaude sanitaire. Les versions P2S produisent de l&rsquo;eau chaude sanitaire gr\u00e2ce \u00e0 une vanne 3 voies externe (non fournie). Les versions P4S et P4U produisent de l&rsquo;eau chaude quel que soit le mode de fonctionnement de l&rsquo;unit\u00e9, gr\u00e2ce \u00e0 un circuit frigorifique sp\u00e9cifique. Tous les mod\u00e8les sont \u00e9quip\u00e9s d&rsquo;une vanne d&rsquo;inversion de cycle pour le d\u00e9givrage hivernal. Les versions RV produisent \u00e9galement de l&rsquo;eau froide en \u00e9t\u00e9 (non disponible pour la version HH). Le niveau sonore est extr\u00eamement faible gr\u00e2ce \u00e0 l&rsquo;utilisation d&rsquo;un syst\u00e8me flottant sp\u00e9cial d&rsquo;amortissement des vibrations, qui permet une r\u00e9duction du bruit d&rsquo;environ 6 \u00e0 8 dB(A) c\u00f4t\u00e9 compresseurs et ventilateurs, combin\u00e9e \u00e0 un r\u00e9gime extr\u00eamement bas (environ 450 tr\/min).<\/p>\n<\/div>\n<\/div>\n<div class=\"elementor-element elementor-element-427e8a79 e-flex e-con-boxed e-con e-child\" data-id=\"427e8a79\" data-element_type=\"container\">\n<div class=\"e-con-inner\">\n<div class=\"elementor-element elementor-element-6e19ed90 hidebutton mc-bl elementor-align-left elementor-widget elementor-widget-button\" data-id=\"6e19ed90\" data-element_type=\"widget\" data-widget_type=\"button.default\">\n<div class=\"elementor-widget-container\">\n<div class=\"elementor-button-wrapper\"><a class=\"elementor-button elementor-button-link elementor-size-sm\" href=\"https:\/\/www.enextechnologies.com\/wp-content\/uploads\/2024\/09\/WZT_ENG.pdf\" target=\"_blank\" rel=\"noopener\"><span class=\"elementor-button-content-wrapper\"><span class=\"elementor-button-text\">BROCHURE<\/span><\/span><\/a><\/div>\n<\/div>\n<\/div>\n<\/div>\n<\/div>\n","protected":false},"excerpt":{"rendered":"<p>Puissance calorifique de 24 kW \u00e0 102 kW<\/p>\n","protected":false},"featured_media":34784,"template":"","meta":[],"product_brand":[],"product_cat":[682,1667],"product_tag":[],"class_list":{"0":"post-34790","1":"product","2":"type-product","3":"status-publish","4":"has-post-thumbnail","6":"product_cat-climatiseurs-fr-industriels","7":"product_cat-pompe-a-chaleur","9":"first","10":"instock","11":"shipping-taxable","12":"product-type-simple"},"yoast_head":"<!-- This site is optimized with the Yoast SEO plugin v27.1.1 - https:\/\/yoast.com\/product\/yoast-seo-wordpress\/ -->\n<title>WZT P4 Pompes \u00e0 chaleur air-eau split haute performance \u00e9quip\u00e9es de compresseurs e.v.i. en deux parties - Climate Master<\/title>\n<meta name=\"robots\" content=\"index, follow, max-snippet:-1, max-image-preview:large, max-video-preview:-1\" \/>\n<link rel=\"canonical\" href=\"https:\/\/climatemaster.ge\/fr\/produit\/wzt-p4-high-efficiency-air-to-water-split-system-heat-pumps-equipped-with-e-v-i-compressors-in-two-sections\/\" \/>\n<meta property=\"og:locale\" content=\"fr_FR\" \/>\n<meta property=\"og:type\" content=\"article\" \/>\n<meta property=\"og:title\" content=\"WZT P4 Pompes \u00e0 chaleur air-eau split haute performance \u00e9quip\u00e9es de compresseurs e.v.i. en deux parties - Climate Master\" \/>\n<meta property=\"og:description\" content=\"Puissance calorifique de 24 kW \u00e0 102 kW\" \/>\n<meta property=\"og:url\" content=\"https:\/\/climatemaster.ge\/fr\/produit\/wzt-p4-high-efficiency-air-to-water-split-system-heat-pumps-equipped-with-e-v-i-compressors-in-two-sections\/\" \/>\n<meta property=\"og:site_name\" content=\"Climate Master\" \/>\n<meta property=\"article:modified_time\" content=\"2025-06-09T12:04:35+00:00\" \/>\n<meta property=\"og:image\" content=\"https:\/\/climatemaster.ge\/wp-content\/uploads\/2025\/06\/WZT-1.jpg\" \/>\n\t<meta property=\"og:image:width\" content=\"1863\" \/>\n\t<meta property=\"og:image:height\" content=\"1084\" \/>\n\t<meta property=\"og:image:type\" content=\"image\/jpeg\" \/>\n<meta name=\"twitter:card\" content=\"summary_large_image\" \/>\n<meta name=\"twitter:label1\" content=\"Dur\u00e9e de lecture estim\u00e9e\" \/>\n\t<meta name=\"twitter:data1\" content=\"1 minute\" \/>\n<script type=\"application\/ld+json\" class=\"yoast-schema-graph\">{\"@context\":\"https:\/\/schema.org\",\"@graph\":[{\"@type\":\"WebPage\",\"@id\":\"https:\/\/climatemaster.ge\/fr\/produit\/wzt-p4-high-efficiency-air-to-water-split-system-heat-pumps-equipped-with-e-v-i-compressors-in-two-sections\/\",\"url\":\"https:\/\/climatemaster.ge\/fr\/produit\/wzt-p4-high-efficiency-air-to-water-split-system-heat-pumps-equipped-with-e-v-i-compressors-in-two-sections\/\",\"name\":\"WZT P4 Pompes \u00e0 chaleur air-eau split haute performance \u00e9quip\u00e9es de compresseurs e.v.i. en deux parties - Climate Master\",\"isPartOf\":{\"@id\":\"https:\/\/climatemaster.ge\/#website\"},\"primaryImageOfPage\":{\"@id\":\"https:\/\/climatemaster.ge\/fr\/produit\/wzt-p4-high-efficiency-air-to-water-split-system-heat-pumps-equipped-with-e-v-i-compressors-in-two-sections\/#primaryimage\"},\"image\":{\"@id\":\"https:\/\/climatemaster.ge\/fr\/produit\/wzt-p4-high-efficiency-air-to-water-split-system-heat-pumps-equipped-with-e-v-i-compressors-in-two-sections\/#primaryimage\"},\"thumbnailUrl\":\"https:\/\/climatemaster.ge\/wp-content\/uploads\/2025\/06\/WZT-1.jpg\",\"datePublished\":\"2025-06-09T11:47:00+00:00\",\"dateModified\":\"2025-06-09T12:04:35+00:00\",\"breadcrumb\":{\"@id\":\"https:\/\/climatemaster.ge\/fr\/produit\/wzt-p4-high-efficiency-air-to-water-split-system-heat-pumps-equipped-with-e-v-i-compressors-in-two-sections\/#breadcrumb\"},\"inLanguage\":\"fr-FR\",\"potentialAction\":[{\"@type\":\"ReadAction\",\"target\":[\"https:\/\/climatemaster.ge\/fr\/produit\/wzt-p4-high-efficiency-air-to-water-split-system-heat-pumps-equipped-with-e-v-i-compressors-in-two-sections\/\"]}]},{\"@type\":\"ImageObject\",\"inLanguage\":\"fr-FR\",\"@id\":\"https:\/\/climatemaster.ge\/fr\/produit\/wzt-p4-high-efficiency-air-to-water-split-system-heat-pumps-equipped-with-e-v-i-compressors-in-two-sections\/#primaryimage\",\"url\":\"https:\/\/climatemaster.ge\/wp-content\/uploads\/2025\/06\/WZT-1.jpg\",\"contentUrl\":\"https:\/\/climatemaster.ge\/wp-content\/uploads\/2025\/06\/WZT-1.jpg\",\"width\":1863,\"height\":1084},{\"@type\":\"BreadcrumbList\",\"@id\":\"https:\/\/climatemaster.ge\/fr\/produit\/wzt-p4-high-efficiency-air-to-water-split-system-heat-pumps-equipped-with-e-v-i-compressors-in-two-sections\/#breadcrumb\",\"itemListElement\":[{\"@type\":\"ListItem\",\"position\":1,\"name\":\"Home\",\"item\":\"https:\/\/climatemaster.ge\/\"},{\"@type\":\"ListItem\",\"position\":2,\"name\":\"Products\",\"item\":\"https:\/\/climatemaster.ge\/products\/\"},{\"@type\":\"ListItem\",\"position\":3,\"name\":\"WZT P4 Pompes \u00e0 chaleur air-eau split haute performance \u00e9quip\u00e9es de compresseurs e.v.i. en deux parties\"}]},{\"@type\":\"WebSite\",\"@id\":\"https:\/\/climatemaster.ge\/#website\",\"url\":\"https:\/\/climatemaster.ge\/\",\"name\":\"Climate Master\",\"description\":\"\",\"publisher\":{\"@id\":\"https:\/\/climatemaster.ge\/#organization\"},\"potentialAction\":[{\"@type\":\"SearchAction\",\"target\":{\"@type\":\"EntryPoint\",\"urlTemplate\":\"https:\/\/climatemaster.ge\/?s={search_term_string}\"},\"query-input\":{\"@type\":\"PropertyValueSpecification\",\"valueRequired\":true,\"valueName\":\"search_term_string\"}}],\"inLanguage\":\"fr-FR\"},{\"@type\":\"Organization\",\"@id\":\"https:\/\/climatemaster.ge\/#organization\",\"name\":\"Climate Master\",\"url\":\"https:\/\/climatemaster.ge\/\",\"logo\":{\"@type\":\"ImageObject\",\"inLanguage\":\"fr-FR\",\"@id\":\"https:\/\/climatemaster.ge\/#\/schema\/logo\/image\/\",\"url\":\"https:\/\/climatemaster.ge\/wp-content\/uploads\/2026\/03\/Untitled-2.png\",\"contentUrl\":\"https:\/\/climatemaster.ge\/wp-content\/uploads\/2026\/03\/Untitled-2.png\",\"width\":600,\"height\":338,\"caption\":\"Climate Master\"},\"image\":{\"@id\":\"https:\/\/climatemaster.ge\/#\/schema\/logo\/image\/\"}}]}<\/script>\n<!-- \/ Yoast SEO plugin. -->","yoast_head_json":{"title":"WZT P4 Pompes \u00e0 chaleur air-eau split haute performance \u00e9quip\u00e9es de compresseurs e.v.i. en deux parties - Climate Master","robots":{"index":"index","follow":"follow","max-snippet":"max-snippet:-1","max-image-preview":"max-image-preview:large","max-video-preview":"max-video-preview:-1"},"canonical":"https:\/\/climatemaster.ge\/fr\/produit\/wzt-p4-high-efficiency-air-to-water-split-system-heat-pumps-equipped-with-e-v-i-compressors-in-two-sections\/","og_locale":"fr_FR","og_type":"article","og_title":"WZT P4 Pompes \u00e0 chaleur air-eau split haute performance \u00e9quip\u00e9es de compresseurs e.v.i. en deux parties - Climate Master","og_description":"Puissance calorifique de 24 kW \u00e0 102 kW","og_url":"https:\/\/climatemaster.ge\/fr\/produit\/wzt-p4-high-efficiency-air-to-water-split-system-heat-pumps-equipped-with-e-v-i-compressors-in-two-sections\/","og_site_name":"Climate Master","article_modified_time":"2025-06-09T12:04:35+00:00","og_image":[{"width":1863,"height":1084,"url":"https:\/\/climatemaster.ge\/wp-content\/uploads\/2025\/06\/WZT-1.jpg","type":"image\/jpeg"}],"twitter_card":"summary_large_image","twitter_misc":{"Dur\u00e9e de lecture estim\u00e9e":"1 minute"},"schema":{"@context":"https:\/\/schema.org","@graph":[{"@type":"WebPage","@id":"https:\/\/climatemaster.ge\/fr\/produit\/wzt-p4-high-efficiency-air-to-water-split-system-heat-pumps-equipped-with-e-v-i-compressors-in-two-sections\/","url":"https:\/\/climatemaster.ge\/fr\/produit\/wzt-p4-high-efficiency-air-to-water-split-system-heat-pumps-equipped-with-e-v-i-compressors-in-two-sections\/","name":"WZT P4 Pompes \u00e0 chaleur air-eau split haute performance \u00e9quip\u00e9es de compresseurs e.v.i. en deux parties - Climate Master","isPartOf":{"@id":"https:\/\/climatemaster.ge\/#website"},"primaryImageOfPage":{"@id":"https:\/\/climatemaster.ge\/fr\/produit\/wzt-p4-high-efficiency-air-to-water-split-system-heat-pumps-equipped-with-e-v-i-compressors-in-two-sections\/#primaryimage"},"image":{"@id":"https:\/\/climatemaster.ge\/fr\/produit\/wzt-p4-high-efficiency-air-to-water-split-system-heat-pumps-equipped-with-e-v-i-compressors-in-two-sections\/#primaryimage"},"thumbnailUrl":"https:\/\/climatemaster.ge\/wp-content\/uploads\/2025\/06\/WZT-1.jpg","datePublished":"2025-06-09T11:47:00+00:00","dateModified":"2025-06-09T12:04:35+00:00","breadcrumb":{"@id":"https:\/\/climatemaster.ge\/fr\/produit\/wzt-p4-high-efficiency-air-to-water-split-system-heat-pumps-equipped-with-e-v-i-compressors-in-two-sections\/#breadcrumb"},"inLanguage":"fr-FR","potentialAction":[{"@type":"ReadAction","target":["https:\/\/climatemaster.ge\/fr\/produit\/wzt-p4-high-efficiency-air-to-water-split-system-heat-pumps-equipped-with-e-v-i-compressors-in-two-sections\/"]}]},{"@type":"ImageObject","inLanguage":"fr-FR","@id":"https:\/\/climatemaster.ge\/fr\/produit\/wzt-p4-high-efficiency-air-to-water-split-system-heat-pumps-equipped-with-e-v-i-compressors-in-two-sections\/#primaryimage","url":"https:\/\/climatemaster.ge\/wp-content\/uploads\/2025\/06\/WZT-1.jpg","contentUrl":"https:\/\/climatemaster.ge\/wp-content\/uploads\/2025\/06\/WZT-1.jpg","width":1863,"height":1084},{"@type":"BreadcrumbList","@id":"https:\/\/climatemaster.ge\/fr\/produit\/wzt-p4-high-efficiency-air-to-water-split-system-heat-pumps-equipped-with-e-v-i-compressors-in-two-sections\/#breadcrumb","itemListElement":[{"@type":"ListItem","position":1,"name":"Home","item":"https:\/\/climatemaster.ge\/"},{"@type":"ListItem","position":2,"name":"Products","item":"https:\/\/climatemaster.ge\/products\/"},{"@type":"ListItem","position":3,"name":"WZT P4 Pompes \u00e0 chaleur air-eau split haute performance \u00e9quip\u00e9es de compresseurs e.v.i. en deux parties"}]},{"@type":"WebSite","@id":"https:\/\/climatemaster.ge\/#website","url":"https:\/\/climatemaster.ge\/","name":"Climate Master","description":"","publisher":{"@id":"https:\/\/climatemaster.ge\/#organization"},"potentialAction":[{"@type":"SearchAction","target":{"@type":"EntryPoint","urlTemplate":"https:\/\/climatemaster.ge\/?s={search_term_string}"},"query-input":{"@type":"PropertyValueSpecification","valueRequired":true,"valueName":"search_term_string"}}],"inLanguage":"fr-FR"},{"@type":"Organization","@id":"https:\/\/climatemaster.ge\/#organization","name":"Climate Master","url":"https:\/\/climatemaster.ge\/","logo":{"@type":"ImageObject","inLanguage":"fr-FR","@id":"https:\/\/climatemaster.ge\/#\/schema\/logo\/image\/","url":"https:\/\/climatemaster.ge\/wp-content\/uploads\/2026\/03\/Untitled-2.png","contentUrl":"https:\/\/climatemaster.ge\/wp-content\/uploads\/2026\/03\/Untitled-2.png","width":600,"height":338,"caption":"Climate Master"},"image":{"@id":"https:\/\/climatemaster.ge\/#\/schema\/logo\/image\/"}}]}},"_links":{"self":[{"href":"https:\/\/climatemaster.ge\/fr\/wp-json\/wp\/v2\/product\/34790","targetHints":{"allow":["GET"]}}],"collection":[{"href":"https:\/\/climatemaster.ge\/fr\/wp-json\/wp\/v2\/product"}],"about":[{"href":"https:\/\/climatemaster.ge\/fr\/wp-json\/wp\/v2\/types\/product"}],"wp:featuredmedia":[{"embeddable":true,"href":"https:\/\/climatemaster.ge\/fr\/wp-json\/wp\/v2\/media\/34784"}],"wp:attachment":[{"href":"https:\/\/climatemaster.ge\/fr\/wp-json\/wp\/v2\/media?parent=34790"}],"wp:term":[{"taxonomy":"product_brand","embeddable":true,"href":"https:\/\/climatemaster.ge\/fr\/wp-json\/wp\/v2\/product_brand?post=34790"},{"taxonomy":"product_cat","embeddable":true,"href":"https:\/\/climatemaster.ge\/fr\/wp-json\/wp\/v2\/product_cat?post=34790"},{"taxonomy":"product_tag","embeddable":true,"href":"https:\/\/climatemaster.ge\/fr\/wp-json\/wp\/v2\/product_tag?post=34790"}],"curies":[{"name":"wp","href":"https:\/\/api.w.org\/{rel}","templated":true}]}}