{"id":34714,"date":"2025-06-07T21:00:18","date_gmt":"2025-06-07T17:00:18","guid":{"rendered":"https:\/\/airsystems.ge\/shop\/product\/wza-ground-source-water-to-water-heat-pumps-equipped-with-scroll-compressor\/"},"modified":"2025-06-07T21:04:35","modified_gmt":"2025-06-07T17:04:35","slug":"wza-ground-source-water-to-water-heat-pumps-equipped-with-scroll-compressor","status":"publish","type":"product","link":"https:\/\/climatemaster.ge\/fr\/produit\/wza-ground-source-water-to-water-heat-pumps-equipped-with-scroll-compressor\/","title":{"rendered":"WZA Pompes \u00e0 chaleur g\u00e9othermiques eau\/eau \u00e9quip\u00e9es d&rsquo;un compresseur scroll"},"content":{"rendered":"<div class=\"elementor-element elementor-element-391e72ec elementor-widget elementor-widget-theme-post-content\" data-id=\"391e72ec\" data-element_type=\"widget\" data-widget_type=\"theme-post-content.default\">\n<div class=\"elementor-widget-container\">\n<p>Les pompes \u00e0 chaleur WZA sont particuli\u00e8rement adapt\u00e9es aux applications utilisant l&rsquo;eau de puits ou des sondes g\u00e9othermiques. Ces unit\u00e9s ont \u00e9t\u00e9 con\u00e7ues pour \u00eatre utilis\u00e9es avec des syst\u00e8mes de chauffage par le sol ou pour les applications n\u00e9cessitant une efficacit\u00e9 de chauffage maximale. Optimis\u00e9es pour le chauffage, elles peuvent produire de l&rsquo;eau jusqu&rsquo;\u00e0 60 \u00b0C. Les pompes \u00e0 chaleur WZA sont disponibles en plusieurs versions. La plus simple est une unit\u00e9 \u00e0 2 tubes, capable de fournir uniquement le chauffage. Gr\u00e2ce \u00e0 une vanne 3 voies externe, l&rsquo;unit\u00e9 peut produire soit du chauffage, soit de l&rsquo;eau chaude sanitaire. Il existe \u00e9galement une unit\u00e9 \u00e0 4 tubes, qui produit de l&rsquo;eau chaude sanitaire dans un circuit hydraulique s\u00e9par\u00e9, que l&rsquo;unit\u00e9 soit en mode chauffage ou climatisation. Diff\u00e9rentes versions et une large gamme d&rsquo;accessoires permettent de choisir la solution optimale.<\/p>\n<\/div>\n<\/div>\n<div class=\"elementor-element elementor-element-427e8a79 e-flex e-con-boxed e-con e-child\" data-id=\"427e8a79\" data-element_type=\"container\">\n<div class=\"e-con-inner\">\n<div class=\"elementor-element elementor-element-6e19ed90 hidebutton mc-bl elementor-align-left elementor-widget elementor-widget-button\" data-id=\"6e19ed90\" data-element_type=\"widget\" data-widget_type=\"button.default\">\n<div class=\"elementor-widget-container\">\n<div class=\"elementor-button-wrapper\"><a class=\"elementor-button elementor-button-link elementor-size-sm\" href=\"https:\/\/www.enextechnologies.com\/wp-content\/uploads\/2024\/09\/WZA_ENG.pdf\" target=\"_blank\" rel=\"noopener\"><span class=\"elementor-button-content-wrapper\"><span class=\"elementor-button-text\">BROCHURE<\/span><\/span><\/a><\/div>\n<\/div>\n<\/div>\n<\/div>\n<\/div>\n","protected":false},"excerpt":{"rendered":"<p>Puissance de chauffage de 7 kW \u00e0 45 kW<\/p>\n","protected":false},"featured_media":34709,"template":"","meta":[],"product_brand":[],"product_cat":[682,1667],"product_tag":[],"class_list":{"0":"post-34714","1":"product","2":"type-product","3":"status-publish","4":"has-post-thumbnail","6":"product_cat-climatiseurs-fr-industriels","7":"product_cat-pompe-a-chaleur","9":"first","10":"instock","11":"shipping-taxable","12":"product-type-simple"},"yoast_head":"<!-- This site is optimized with the Yoast SEO plugin v27.1.1 - https:\/\/yoast.com\/product\/yoast-seo-wordpress\/ -->\n<title>WZA Pompes \u00e0 chaleur g\u00e9othermiques eau\/eau \u00e9quip\u00e9es d&#039;un compresseur scroll - Climate Master<\/title>\n<meta name=\"robots\" content=\"index, follow, max-snippet:-1, max-image-preview:large, max-video-preview:-1\" \/>\n<link rel=\"canonical\" href=\"https:\/\/climatemaster.ge\/fr\/produit\/wza-ground-source-water-to-water-heat-pumps-equipped-with-scroll-compressor\/\" \/>\n<meta property=\"og:locale\" content=\"fr_FR\" \/>\n<meta property=\"og:type\" content=\"article\" \/>\n<meta property=\"og:title\" content=\"WZA Pompes \u00e0 chaleur g\u00e9othermiques eau\/eau \u00e9quip\u00e9es d&#039;un compresseur scroll - Climate Master\" \/>\n<meta property=\"og:description\" content=\"Puissance de chauffage de 7 kW \u00e0 45 kW\" \/>\n<meta property=\"og:url\" content=\"https:\/\/climatemaster.ge\/fr\/produit\/wza-ground-source-water-to-water-heat-pumps-equipped-with-scroll-compressor\/\" \/>\n<meta property=\"og:site_name\" content=\"Climate Master\" \/>\n<meta property=\"article:modified_time\" content=\"2025-06-07T17:04:35+00:00\" \/>\n<meta property=\"og:image\" content=\"https:\/\/climatemaster.ge\/wp-content\/uploads\/2025\/06\/WZA.jpg\" \/>\n\t<meta property=\"og:image:width\" content=\"886\" \/>\n\t<meta property=\"og:image:height\" content=\"886\" \/>\n\t<meta property=\"og:image:type\" content=\"image\/jpeg\" \/>\n<meta name=\"twitter:card\" content=\"summary_large_image\" \/>\n<meta name=\"twitter:label1\" content=\"Dur\u00e9e de lecture estim\u00e9e\" \/>\n\t<meta name=\"twitter:data1\" content=\"1 minute\" \/>\n<script type=\"application\/ld+json\" class=\"yoast-schema-graph\">{\"@context\":\"https:\/\/schema.org\",\"@graph\":[{\"@type\":\"WebPage\",\"@id\":\"https:\/\/climatemaster.ge\/fr\/produit\/wza-ground-source-water-to-water-heat-pumps-equipped-with-scroll-compressor\/\",\"url\":\"https:\/\/climatemaster.ge\/fr\/produit\/wza-ground-source-water-to-water-heat-pumps-equipped-with-scroll-compressor\/\",\"name\":\"WZA Pompes \u00e0 chaleur g\u00e9othermiques eau\/eau \u00e9quip\u00e9es d'un compresseur scroll - Climate Master\",\"isPartOf\":{\"@id\":\"https:\/\/climatemaster.ge\/#website\"},\"primaryImageOfPage\":{\"@id\":\"https:\/\/climatemaster.ge\/fr\/produit\/wza-ground-source-water-to-water-heat-pumps-equipped-with-scroll-compressor\/#primaryimage\"},\"image\":{\"@id\":\"https:\/\/climatemaster.ge\/fr\/produit\/wza-ground-source-water-to-water-heat-pumps-equipped-with-scroll-compressor\/#primaryimage\"},\"thumbnailUrl\":\"https:\/\/climatemaster.ge\/wp-content\/uploads\/2025\/06\/WZA.jpg\",\"datePublished\":\"2025-06-07T17:00:18+00:00\",\"dateModified\":\"2025-06-07T17:04:35+00:00\",\"breadcrumb\":{\"@id\":\"https:\/\/climatemaster.ge\/fr\/produit\/wza-ground-source-water-to-water-heat-pumps-equipped-with-scroll-compressor\/#breadcrumb\"},\"inLanguage\":\"fr-FR\",\"potentialAction\":[{\"@type\":\"ReadAction\",\"target\":[\"https:\/\/climatemaster.ge\/fr\/produit\/wza-ground-source-water-to-water-heat-pumps-equipped-with-scroll-compressor\/\"]}]},{\"@type\":\"ImageObject\",\"inLanguage\":\"fr-FR\",\"@id\":\"https:\/\/climatemaster.ge\/fr\/produit\/wza-ground-source-water-to-water-heat-pumps-equipped-with-scroll-compressor\/#primaryimage\",\"url\":\"https:\/\/climatemaster.ge\/wp-content\/uploads\/2025\/06\/WZA.jpg\",\"contentUrl\":\"https:\/\/climatemaster.ge\/wp-content\/uploads\/2025\/06\/WZA.jpg\",\"width\":886,\"height\":886},{\"@type\":\"BreadcrumbList\",\"@id\":\"https:\/\/climatemaster.ge\/fr\/produit\/wza-ground-source-water-to-water-heat-pumps-equipped-with-scroll-compressor\/#breadcrumb\",\"itemListElement\":[{\"@type\":\"ListItem\",\"position\":1,\"name\":\"Home\",\"item\":\"https:\/\/climatemaster.ge\/\"},{\"@type\":\"ListItem\",\"position\":2,\"name\":\"Products\",\"item\":\"https:\/\/climatemaster.ge\/products\/\"},{\"@type\":\"ListItem\",\"position\":3,\"name\":\"WZA Pompes \u00e0 chaleur g\u00e9othermiques eau\/eau \u00e9quip\u00e9es d&rsquo;un compresseur scroll\"}]},{\"@type\":\"WebSite\",\"@id\":\"https:\/\/climatemaster.ge\/#website\",\"url\":\"https:\/\/climatemaster.ge\/\",\"name\":\"Climate Master\",\"description\":\"\",\"publisher\":{\"@id\":\"https:\/\/climatemaster.ge\/#organization\"},\"potentialAction\":[{\"@type\":\"SearchAction\",\"target\":{\"@type\":\"EntryPoint\",\"urlTemplate\":\"https:\/\/climatemaster.ge\/?s={search_term_string}\"},\"query-input\":{\"@type\":\"PropertyValueSpecification\",\"valueRequired\":true,\"valueName\":\"search_term_string\"}}],\"inLanguage\":\"fr-FR\"},{\"@type\":\"Organization\",\"@id\":\"https:\/\/climatemaster.ge\/#organization\",\"name\":\"Climate Master\",\"url\":\"https:\/\/climatemaster.ge\/\",\"logo\":{\"@type\":\"ImageObject\",\"inLanguage\":\"fr-FR\",\"@id\":\"https:\/\/climatemaster.ge\/#\/schema\/logo\/image\/\",\"url\":\"https:\/\/climatemaster.ge\/wp-content\/uploads\/2026\/03\/Untitled-2.png\",\"contentUrl\":\"https:\/\/climatemaster.ge\/wp-content\/uploads\/2026\/03\/Untitled-2.png\",\"width\":600,\"height\":338,\"caption\":\"Climate Master\"},\"image\":{\"@id\":\"https:\/\/climatemaster.ge\/#\/schema\/logo\/image\/\"}}]}<\/script>\n<!-- \/ Yoast SEO plugin. -->","yoast_head_json":{"title":"WZA Pompes \u00e0 chaleur g\u00e9othermiques eau\/eau \u00e9quip\u00e9es d'un compresseur scroll - Climate Master","robots":{"index":"index","follow":"follow","max-snippet":"max-snippet:-1","max-image-preview":"max-image-preview:large","max-video-preview":"max-video-preview:-1"},"canonical":"https:\/\/climatemaster.ge\/fr\/produit\/wza-ground-source-water-to-water-heat-pumps-equipped-with-scroll-compressor\/","og_locale":"fr_FR","og_type":"article","og_title":"WZA Pompes \u00e0 chaleur g\u00e9othermiques eau\/eau \u00e9quip\u00e9es d'un compresseur scroll - Climate Master","og_description":"Puissance de chauffage de 7 kW \u00e0 45 kW","og_url":"https:\/\/climatemaster.ge\/fr\/produit\/wza-ground-source-water-to-water-heat-pumps-equipped-with-scroll-compressor\/","og_site_name":"Climate Master","article_modified_time":"2025-06-07T17:04:35+00:00","og_image":[{"width":886,"height":886,"url":"https:\/\/climatemaster.ge\/wp-content\/uploads\/2025\/06\/WZA.jpg","type":"image\/jpeg"}],"twitter_card":"summary_large_image","twitter_misc":{"Dur\u00e9e de lecture estim\u00e9e":"1 minute"},"schema":{"@context":"https:\/\/schema.org","@graph":[{"@type":"WebPage","@id":"https:\/\/climatemaster.ge\/fr\/produit\/wza-ground-source-water-to-water-heat-pumps-equipped-with-scroll-compressor\/","url":"https:\/\/climatemaster.ge\/fr\/produit\/wza-ground-source-water-to-water-heat-pumps-equipped-with-scroll-compressor\/","name":"WZA Pompes \u00e0 chaleur g\u00e9othermiques eau\/eau \u00e9quip\u00e9es d'un compresseur scroll - Climate Master","isPartOf":{"@id":"https:\/\/climatemaster.ge\/#website"},"primaryImageOfPage":{"@id":"https:\/\/climatemaster.ge\/fr\/produit\/wza-ground-source-water-to-water-heat-pumps-equipped-with-scroll-compressor\/#primaryimage"},"image":{"@id":"https:\/\/climatemaster.ge\/fr\/produit\/wza-ground-source-water-to-water-heat-pumps-equipped-with-scroll-compressor\/#primaryimage"},"thumbnailUrl":"https:\/\/climatemaster.ge\/wp-content\/uploads\/2025\/06\/WZA.jpg","datePublished":"2025-06-07T17:00:18+00:00","dateModified":"2025-06-07T17:04:35+00:00","breadcrumb":{"@id":"https:\/\/climatemaster.ge\/fr\/produit\/wza-ground-source-water-to-water-heat-pumps-equipped-with-scroll-compressor\/#breadcrumb"},"inLanguage":"fr-FR","potentialAction":[{"@type":"ReadAction","target":["https:\/\/climatemaster.ge\/fr\/produit\/wza-ground-source-water-to-water-heat-pumps-equipped-with-scroll-compressor\/"]}]},{"@type":"ImageObject","inLanguage":"fr-FR","@id":"https:\/\/climatemaster.ge\/fr\/produit\/wza-ground-source-water-to-water-heat-pumps-equipped-with-scroll-compressor\/#primaryimage","url":"https:\/\/climatemaster.ge\/wp-content\/uploads\/2025\/06\/WZA.jpg","contentUrl":"https:\/\/climatemaster.ge\/wp-content\/uploads\/2025\/06\/WZA.jpg","width":886,"height":886},{"@type":"BreadcrumbList","@id":"https:\/\/climatemaster.ge\/fr\/produit\/wza-ground-source-water-to-water-heat-pumps-equipped-with-scroll-compressor\/#breadcrumb","itemListElement":[{"@type":"ListItem","position":1,"name":"Home","item":"https:\/\/climatemaster.ge\/"},{"@type":"ListItem","position":2,"name":"Products","item":"https:\/\/climatemaster.ge\/products\/"},{"@type":"ListItem","position":3,"name":"WZA Pompes \u00e0 chaleur g\u00e9othermiques eau\/eau \u00e9quip\u00e9es d&rsquo;un compresseur scroll"}]},{"@type":"WebSite","@id":"https:\/\/climatemaster.ge\/#website","url":"https:\/\/climatemaster.ge\/","name":"Climate Master","description":"","publisher":{"@id":"https:\/\/climatemaster.ge\/#organization"},"potentialAction":[{"@type":"SearchAction","target":{"@type":"EntryPoint","urlTemplate":"https:\/\/climatemaster.ge\/?s={search_term_string}"},"query-input":{"@type":"PropertyValueSpecification","valueRequired":true,"valueName":"search_term_string"}}],"inLanguage":"fr-FR"},{"@type":"Organization","@id":"https:\/\/climatemaster.ge\/#organization","name":"Climate Master","url":"https:\/\/climatemaster.ge\/","logo":{"@type":"ImageObject","inLanguage":"fr-FR","@id":"https:\/\/climatemaster.ge\/#\/schema\/logo\/image\/","url":"https:\/\/climatemaster.ge\/wp-content\/uploads\/2026\/03\/Untitled-2.png","contentUrl":"https:\/\/climatemaster.ge\/wp-content\/uploads\/2026\/03\/Untitled-2.png","width":600,"height":338,"caption":"Climate Master"},"image":{"@id":"https:\/\/climatemaster.ge\/#\/schema\/logo\/image\/"}}]}},"_links":{"self":[{"href":"https:\/\/climatemaster.ge\/fr\/wp-json\/wp\/v2\/product\/34714","targetHints":{"allow":["GET"]}}],"collection":[{"href":"https:\/\/climatemaster.ge\/fr\/wp-json\/wp\/v2\/product"}],"about":[{"href":"https:\/\/climatemaster.ge\/fr\/wp-json\/wp\/v2\/types\/product"}],"wp:featuredmedia":[{"embeddable":true,"href":"https:\/\/climatemaster.ge\/fr\/wp-json\/wp\/v2\/media\/34709"}],"wp:attachment":[{"href":"https:\/\/climatemaster.ge\/fr\/wp-json\/wp\/v2\/media?parent=34714"}],"wp:term":[{"taxonomy":"product_brand","embeddable":true,"href":"https:\/\/climatemaster.ge\/fr\/wp-json\/wp\/v2\/product_brand?post=34714"},{"taxonomy":"product_cat","embeddable":true,"href":"https:\/\/climatemaster.ge\/fr\/wp-json\/wp\/v2\/product_cat?post=34714"},{"taxonomy":"product_tag","embeddable":true,"href":"https:\/\/climatemaster.ge\/fr\/wp-json\/wp\/v2\/product_tag?post=34714"}],"curies":[{"name":"wp","href":"https:\/\/api.w.org\/{rel}","templated":true}]}}