{"id":34506,"date":"2025-06-03T18:57:57","date_gmt":"2025-06-03T14:57:57","guid":{"rendered":"https:\/\/airsystems.ge\/shop\/product\/steel-coating-hot-dip-galvanizisation\/"},"modified":"2025-06-03T19:10:05","modified_gmt":"2025-06-03T15:10:05","slug":"steel-coating-hot-dip-galvanizisation","status":"publish","type":"product","link":"https:\/\/climatemaster.ge\/fr\/produit\/steel-coating-hot-dip-galvanizisation\/","title":{"rendered":"Rev\u00eatement de l&rsquo;acier\u00a0: Galvanisation \u00e0 chaud"},"content":{"rendered":"","protected":false},"excerpt":{"rendered":"<p>La galvanisation \u00e0 chaud est la m\u00e9thode la plus efficace et la plus durable pour prot\u00e9ger l&rsquo;acier contre la corrosion. Toutes les surfaces sont recouvertes d&rsquo;une couche de zinc totalement passive, prot\u00e9geant ainsi l&rsquo;acier de la corrosion atmosph\u00e9rique. C&rsquo;est la solution id\u00e9ale pour les r\u00e9servoirs d&rsquo;eau non potable.<\/p>\n","protected":false},"featured_media":34489,"template":"","meta":[],"product_brand":[],"product_cat":[1691,673,1697],"product_tag":[],"class_list":{"0":"post-34506","1":"product","2":"type-product","3":"status-publish","4":"has-post-thumbnail","6":"product_cat-reservoir-deau-en-acier-revetu","7":"product_cat-water-tanks-fr","8":"product_cat-revetement-de-lacier-galvanisation-a-chaud","10":"first","11":"instock","12":"shipping-taxable","13":"product-type-simple"},"yoast_head":"<!-- This site is optimized with the Yoast SEO plugin v27.1.1 - https:\/\/yoast.com\/product\/yoast-seo-wordpress\/ -->\n<title>Rev\u00eatement de l&#039;acier\u00a0: Galvanisation \u00e0 chaud - Climate Master<\/title>\n<meta name=\"robots\" content=\"index, follow, max-snippet:-1, max-image-preview:large, max-video-preview:-1\" \/>\n<link rel=\"canonical\" href=\"https:\/\/climatemaster.ge\/fr\/produit\/steel-coating-hot-dip-galvanizisation\/\" \/>\n<meta property=\"og:locale\" content=\"fr_FR\" \/>\n<meta property=\"og:type\" content=\"article\" \/>\n<meta property=\"og:title\" content=\"Rev\u00eatement de l&#039;acier\u00a0: Galvanisation \u00e0 chaud - Climate Master\" \/>\n<meta property=\"og:description\" content=\"La galvanisation \u00e0 chaud est la m\u00e9thode la plus efficace et la plus durable pour prot\u00e9ger l&#039;acier contre la corrosion. Toutes les surfaces sont recouvertes d&#039;une couche de zinc totalement passive, prot\u00e9geant ainsi l&#039;acier de la corrosion atmosph\u00e9rique. C&#039;est la solution id\u00e9ale pour les r\u00e9servoirs d&#039;eau non potable.\" \/>\n<meta property=\"og:url\" content=\"https:\/\/climatemaster.ge\/fr\/produit\/steel-coating-hot-dip-galvanizisation\/\" \/>\n<meta property=\"og:site_name\" content=\"Climate Master\" \/>\n<meta property=\"article:modified_time\" content=\"2025-06-03T15:10:05+00:00\" \/>\n<meta property=\"og:image\" content=\"https:\/\/climatemaster.ge\/wp-content\/uploads\/2025\/06\/ybuhj5yz6899.jpg\" \/>\n\t<meta property=\"og:image:width\" content=\"800\" \/>\n\t<meta property=\"og:image:height\" content=\"600\" \/>\n\t<meta property=\"og:image:type\" content=\"image\/jpeg\" \/>\n<meta name=\"twitter:card\" content=\"summary_large_image\" \/>\n<script type=\"application\/ld+json\" class=\"yoast-schema-graph\">{\"@context\":\"https:\/\/schema.org\",\"@graph\":[{\"@type\":\"WebPage\",\"@id\":\"https:\/\/climatemaster.ge\/fr\/produit\/steel-coating-hot-dip-galvanizisation\/\",\"url\":\"https:\/\/climatemaster.ge\/fr\/produit\/steel-coating-hot-dip-galvanizisation\/\",\"name\":\"Rev\u00eatement de l'acier\u00a0: Galvanisation \u00e0 chaud - Climate Master\",\"isPartOf\":{\"@id\":\"https:\/\/climatemaster.ge\/#website\"},\"primaryImageOfPage\":{\"@id\":\"https:\/\/climatemaster.ge\/fr\/produit\/steel-coating-hot-dip-galvanizisation\/#primaryimage\"},\"image\":{\"@id\":\"https:\/\/climatemaster.ge\/fr\/produit\/steel-coating-hot-dip-galvanizisation\/#primaryimage\"},\"thumbnailUrl\":\"https:\/\/climatemaster.ge\/wp-content\/uploads\/2025\/06\/ybuhj5yz6899.jpg\",\"datePublished\":\"2025-06-03T14:57:57+00:00\",\"dateModified\":\"2025-06-03T15:10:05+00:00\",\"breadcrumb\":{\"@id\":\"https:\/\/climatemaster.ge\/fr\/produit\/steel-coating-hot-dip-galvanizisation\/#breadcrumb\"},\"inLanguage\":\"fr-FR\",\"potentialAction\":[{\"@type\":\"ReadAction\",\"target\":[\"https:\/\/climatemaster.ge\/fr\/produit\/steel-coating-hot-dip-galvanizisation\/\"]}]},{\"@type\":\"ImageObject\",\"inLanguage\":\"fr-FR\",\"@id\":\"https:\/\/climatemaster.ge\/fr\/produit\/steel-coating-hot-dip-galvanizisation\/#primaryimage\",\"url\":\"https:\/\/climatemaster.ge\/wp-content\/uploads\/2025\/06\/ybuhj5yz6899.jpg\",\"contentUrl\":\"https:\/\/climatemaster.ge\/wp-content\/uploads\/2025\/06\/ybuhj5yz6899.jpg\",\"width\":800,\"height\":600},{\"@type\":\"BreadcrumbList\",\"@id\":\"https:\/\/climatemaster.ge\/fr\/produit\/steel-coating-hot-dip-galvanizisation\/#breadcrumb\",\"itemListElement\":[{\"@type\":\"ListItem\",\"position\":1,\"name\":\"Home\",\"item\":\"https:\/\/climatemaster.ge\/\"},{\"@type\":\"ListItem\",\"position\":2,\"name\":\"Products\",\"item\":\"https:\/\/climatemaster.ge\/products\/\"},{\"@type\":\"ListItem\",\"position\":3,\"name\":\"Rev\u00eatement de l&rsquo;acier\u00a0: Galvanisation \u00e0 chaud\"}]},{\"@type\":\"WebSite\",\"@id\":\"https:\/\/climatemaster.ge\/#website\",\"url\":\"https:\/\/climatemaster.ge\/\",\"name\":\"Climate Master\",\"description\":\"\",\"publisher\":{\"@id\":\"https:\/\/climatemaster.ge\/#organization\"},\"potentialAction\":[{\"@type\":\"SearchAction\",\"target\":{\"@type\":\"EntryPoint\",\"urlTemplate\":\"https:\/\/climatemaster.ge\/?s={search_term_string}\"},\"query-input\":{\"@type\":\"PropertyValueSpecification\",\"valueRequired\":true,\"valueName\":\"search_term_string\"}}],\"inLanguage\":\"fr-FR\"},{\"@type\":\"Organization\",\"@id\":\"https:\/\/climatemaster.ge\/#organization\",\"name\":\"Climate Master\",\"url\":\"https:\/\/climatemaster.ge\/\",\"logo\":{\"@type\":\"ImageObject\",\"inLanguage\":\"fr-FR\",\"@id\":\"https:\/\/climatemaster.ge\/#\/schema\/logo\/image\/\",\"url\":\"https:\/\/climatemaster.ge\/wp-content\/uploads\/2026\/03\/Untitled-2.png\",\"contentUrl\":\"https:\/\/climatemaster.ge\/wp-content\/uploads\/2026\/03\/Untitled-2.png\",\"width\":600,\"height\":338,\"caption\":\"Climate Master\"},\"image\":{\"@id\":\"https:\/\/climatemaster.ge\/#\/schema\/logo\/image\/\"}}]}<\/script>\n<!-- \/ Yoast SEO plugin. -->","yoast_head_json":{"title":"Rev\u00eatement de l'acier\u00a0: Galvanisation \u00e0 chaud - Climate Master","robots":{"index":"index","follow":"follow","max-snippet":"max-snippet:-1","max-image-preview":"max-image-preview:large","max-video-preview":"max-video-preview:-1"},"canonical":"https:\/\/climatemaster.ge\/fr\/produit\/steel-coating-hot-dip-galvanizisation\/","og_locale":"fr_FR","og_type":"article","og_title":"Rev\u00eatement de l'acier\u00a0: Galvanisation \u00e0 chaud - Climate Master","og_description":"La galvanisation \u00e0 chaud est la m\u00e9thode la plus efficace et la plus durable pour prot\u00e9ger l'acier contre la corrosion. Toutes les surfaces sont recouvertes d'une couche de zinc totalement passive, prot\u00e9geant ainsi l'acier de la corrosion atmosph\u00e9rique. C'est la solution id\u00e9ale pour les r\u00e9servoirs d'eau non potable.","og_url":"https:\/\/climatemaster.ge\/fr\/produit\/steel-coating-hot-dip-galvanizisation\/","og_site_name":"Climate Master","article_modified_time":"2025-06-03T15:10:05+00:00","og_image":[{"width":800,"height":600,"url":"https:\/\/climatemaster.ge\/wp-content\/uploads\/2025\/06\/ybuhj5yz6899.jpg","type":"image\/jpeg"}],"twitter_card":"summary_large_image","schema":{"@context":"https:\/\/schema.org","@graph":[{"@type":"WebPage","@id":"https:\/\/climatemaster.ge\/fr\/produit\/steel-coating-hot-dip-galvanizisation\/","url":"https:\/\/climatemaster.ge\/fr\/produit\/steel-coating-hot-dip-galvanizisation\/","name":"Rev\u00eatement de l'acier\u00a0: Galvanisation \u00e0 chaud - Climate Master","isPartOf":{"@id":"https:\/\/climatemaster.ge\/#website"},"primaryImageOfPage":{"@id":"https:\/\/climatemaster.ge\/fr\/produit\/steel-coating-hot-dip-galvanizisation\/#primaryimage"},"image":{"@id":"https:\/\/climatemaster.ge\/fr\/produit\/steel-coating-hot-dip-galvanizisation\/#primaryimage"},"thumbnailUrl":"https:\/\/climatemaster.ge\/wp-content\/uploads\/2025\/06\/ybuhj5yz6899.jpg","datePublished":"2025-06-03T14:57:57+00:00","dateModified":"2025-06-03T15:10:05+00:00","breadcrumb":{"@id":"https:\/\/climatemaster.ge\/fr\/produit\/steel-coating-hot-dip-galvanizisation\/#breadcrumb"},"inLanguage":"fr-FR","potentialAction":[{"@type":"ReadAction","target":["https:\/\/climatemaster.ge\/fr\/produit\/steel-coating-hot-dip-galvanizisation\/"]}]},{"@type":"ImageObject","inLanguage":"fr-FR","@id":"https:\/\/climatemaster.ge\/fr\/produit\/steel-coating-hot-dip-galvanizisation\/#primaryimage","url":"https:\/\/climatemaster.ge\/wp-content\/uploads\/2025\/06\/ybuhj5yz6899.jpg","contentUrl":"https:\/\/climatemaster.ge\/wp-content\/uploads\/2025\/06\/ybuhj5yz6899.jpg","width":800,"height":600},{"@type":"BreadcrumbList","@id":"https:\/\/climatemaster.ge\/fr\/produit\/steel-coating-hot-dip-galvanizisation\/#breadcrumb","itemListElement":[{"@type":"ListItem","position":1,"name":"Home","item":"https:\/\/climatemaster.ge\/"},{"@type":"ListItem","position":2,"name":"Products","item":"https:\/\/climatemaster.ge\/products\/"},{"@type":"ListItem","position":3,"name":"Rev\u00eatement de l&rsquo;acier\u00a0: Galvanisation \u00e0 chaud"}]},{"@type":"WebSite","@id":"https:\/\/climatemaster.ge\/#website","url":"https:\/\/climatemaster.ge\/","name":"Climate Master","description":"","publisher":{"@id":"https:\/\/climatemaster.ge\/#organization"},"potentialAction":[{"@type":"SearchAction","target":{"@type":"EntryPoint","urlTemplate":"https:\/\/climatemaster.ge\/?s={search_term_string}"},"query-input":{"@type":"PropertyValueSpecification","valueRequired":true,"valueName":"search_term_string"}}],"inLanguage":"fr-FR"},{"@type":"Organization","@id":"https:\/\/climatemaster.ge\/#organization","name":"Climate Master","url":"https:\/\/climatemaster.ge\/","logo":{"@type":"ImageObject","inLanguage":"fr-FR","@id":"https:\/\/climatemaster.ge\/#\/schema\/logo\/image\/","url":"https:\/\/climatemaster.ge\/wp-content\/uploads\/2026\/03\/Untitled-2.png","contentUrl":"https:\/\/climatemaster.ge\/wp-content\/uploads\/2026\/03\/Untitled-2.png","width":600,"height":338,"caption":"Climate Master"},"image":{"@id":"https:\/\/climatemaster.ge\/#\/schema\/logo\/image\/"}}]}},"_links":{"self":[{"href":"https:\/\/climatemaster.ge\/fr\/wp-json\/wp\/v2\/product\/34506","targetHints":{"allow":["GET"]}}],"collection":[{"href":"https:\/\/climatemaster.ge\/fr\/wp-json\/wp\/v2\/product"}],"about":[{"href":"https:\/\/climatemaster.ge\/fr\/wp-json\/wp\/v2\/types\/product"}],"wp:featuredmedia":[{"embeddable":true,"href":"https:\/\/climatemaster.ge\/fr\/wp-json\/wp\/v2\/media\/34489"}],"wp:attachment":[{"href":"https:\/\/climatemaster.ge\/fr\/wp-json\/wp\/v2\/media?parent=34506"}],"wp:term":[{"taxonomy":"product_brand","embeddable":true,"href":"https:\/\/climatemaster.ge\/fr\/wp-json\/wp\/v2\/product_brand?post=34506"},{"taxonomy":"product_cat","embeddable":true,"href":"https:\/\/climatemaster.ge\/fr\/wp-json\/wp\/v2\/product_cat?post=34506"},{"taxonomy":"product_tag","embeddable":true,"href":"https:\/\/climatemaster.ge\/fr\/wp-json\/wp\/v2\/product_tag?post=34506"}],"curies":[{"name":"wp","href":"https:\/\/api.w.org\/{rel}","templated":true}]}}