{"id":33999,"date":"2025-05-28T20:56:49","date_gmt":"2025-05-28T16:56:49","guid":{"rendered":"https:\/\/airsystems.ge\/shop\/product\/33977\/"},"modified":"2025-05-28T21:19:55","modified_gmt":"2025-05-28T17:19:55","slug":"33977","status":"publish","type":"product","link":"https:\/\/climatemaster.ge\/fr\/produit\/33977\/","title":{"rendered":"Panneau solaire IBEX 132BF-MHC-EIGER 500-505 bifacial Solar Panel"},"content":{"rendered":"<h2>TECHNICAL DATA<\/h2>\n<div class=\"technical-data-table\">\n<div class=\"row no-gutters technical-data-table-row\">\n<div class=\"col-6\">Power classes: 500, 505 Wp<\/div>\n<\/div>\n<div class=\"row no-gutters technical-data-table-row\">\n<div class=\"col-6\">Efficiency: Up to 21.26% (up to +25% from back side)<\/div>\n<\/div>\n<div class=\"row no-gutters technical-data-table-row\">\n<div class=\"col-6\">Size: 2094 x 1134 x 35 mm<\/div>\n<\/div>\n<div class=\"row no-gutters technical-data-table-row\">\n<div class=\"col-6\">Weight: Up to 26. 1 kg<\/div>\n<\/div>\n<div class=\"row no-gutters technical-data-table-row small\">\n<div class=\"col-6\">Warranty<\/div>\n<div class=\"col-6\">At least 97% of nominal power during the first year.<br \/>\nThereafter max. 0.415% degradation per year.<br \/>\nAt least 86.63% of nominal power up to 25 years.<br \/>\nAt least 84.55% of nominal power up to 30 years.<\/div>\n<\/div>\n<div>\n<p>YOU CAN READ MORE INFORMATION IN OUR DATA SHEET:<\/p>\n<p><a class=\"btn btn--theme\" href=\"https:\/\/www.swissenergy-solar.ch\/wp-content\/uploads\/2023\/11\/IBEX-132BF-MHC-EiGER-500-505_compressed.pdf\" target=\"_blank\" rel=\"noopener\">DATA SHEET<\/a><\/p>\n<\/div>\n<\/div>\n","protected":false},"excerpt":{"rendered":"<div class=\"country\"><b>Con\u00e7u en Suisse<\/b><\/div>\n<div class=\"description\">\n<h2>TECHNOLOGIE EIGER<\/h2>\n<ul>\n<li>Plaquette monocristalline dop\u00e9e au gallium M10<br \/>\nCellule PERC de type P<br \/>\nTechnologie 10BB Half Cut<br \/>\nFeuille arri\u00e8re color\u00e9e \u2013 Transparente<br \/>\nRendement jusqu&rsquo;\u00e0 21,26 % (jusqu&rsquo;\u00e0 +25 % par rapport \u00e0 la face arri\u00e8re)<br \/>\nGrande taille de cellule (182 \u00d7 91)<br \/>\n&nbsp;<\/li>\n<\/ul>\n<h3>ID\u00c9AL POUR<\/h3>\n<ul class=\"applications-list custom_list\">\n<li>Installations commerciales et industrielles<br \/>\nCentrales solaires au sol<\/li>\n<\/ul>\n<\/div>\n","protected":false},"featured_media":33982,"template":"","meta":[],"product_brand":[],"product_cat":[1674],"product_tag":[],"class_list":{"0":"post-33999","1":"product","2":"type-product","3":"status-publish","4":"has-post-thumbnail","6":"product_cat-panneau-solaire-energie-energy-fr","8":"first","9":"instock","10":"shipping-taxable","11":"product-type-simple"},"yoast_head":"<!-- This site is optimized with the Yoast SEO plugin v27.1.1 - https:\/\/yoast.com\/product\/yoast-seo-wordpress\/ -->\n<title>Panneau solaire IBEX 132BF-MHC-EIGER 500-505 bifacial Solar Panel - Climate Master<\/title>\n<meta name=\"robots\" content=\"index, follow, max-snippet:-1, max-image-preview:large, max-video-preview:-1\" \/>\n<link rel=\"canonical\" href=\"https:\/\/climatemaster.ge\/fr\/produit\/33977\/\" \/>\n<meta property=\"og:locale\" content=\"fr_FR\" \/>\n<meta property=\"og:type\" content=\"article\" \/>\n<meta property=\"og:title\" content=\"Panneau solaire IBEX 132BF-MHC-EIGER 500-505 bifacial Solar Panel - Climate Master\" \/>\n<meta property=\"og:description\" content=\"Con\u00e7u en Suisse  TECHNOLOGIE EIGER   Plaquette monocristalline dop\u00e9e au gallium M10 Cellule PERC de type P Technologie 10BB Half Cut Feuille arri\u00e8re color\u00e9e \u2013 Transparente Rendement jusqu&#039;\u00e0 21,26 % (jusqu&#039;\u00e0 +25 % par rapport \u00e0 la face arri\u00e8re) Grande taille de cellule (182 \u00d7 91) &nbsp;  ID\u00c9AL POUR   Installations commerciales et industrielles Centrales solaires au sol\" \/>\n<meta property=\"og:url\" content=\"https:\/\/climatemaster.ge\/fr\/produit\/33977\/\" \/>\n<meta property=\"og:site_name\" content=\"Climate Master\" \/>\n<meta property=\"article:modified_time\" content=\"2025-05-28T17:19:55+00:00\" \/>\n<meta property=\"og:image\" content=\"https:\/\/climatemaster.ge\/wp-content\/uploads\/2025\/05\/IBEX-132MHC-EIGER-BIFACIAL-1-scaled.png\" \/>\n\t<meta property=\"og:image:width\" content=\"1363\" \/>\n\t<meta property=\"og:image:height\" content=\"2560\" \/>\n\t<meta property=\"og:image:type\" content=\"image\/png\" \/>\n<meta name=\"twitter:card\" content=\"summary_large_image\" \/>\n<script type=\"application\/ld+json\" class=\"yoast-schema-graph\">{\"@context\":\"https:\/\/schema.org\",\"@graph\":[{\"@type\":\"WebPage\",\"@id\":\"https:\/\/climatemaster.ge\/fr\/produit\/33977\/\",\"url\":\"https:\/\/climatemaster.ge\/fr\/produit\/33977\/\",\"name\":\"Panneau solaire IBEX 132BF-MHC-EIGER 500-505 bifacial Solar Panel - Climate Master\",\"isPartOf\":{\"@id\":\"https:\/\/climatemaster.ge\/#website\"},\"primaryImageOfPage\":{\"@id\":\"https:\/\/climatemaster.ge\/fr\/produit\/33977\/#primaryimage\"},\"image\":{\"@id\":\"https:\/\/climatemaster.ge\/fr\/produit\/33977\/#primaryimage\"},\"thumbnailUrl\":\"https:\/\/climatemaster.ge\/wp-content\/uploads\/2025\/05\/IBEX-132MHC-EIGER-BIFACIAL-1-scaled.png\",\"datePublished\":\"2025-05-28T16:56:49+00:00\",\"dateModified\":\"2025-05-28T17:19:55+00:00\",\"breadcrumb\":{\"@id\":\"https:\/\/climatemaster.ge\/fr\/produit\/33977\/#breadcrumb\"},\"inLanguage\":\"fr-FR\",\"potentialAction\":[{\"@type\":\"ReadAction\",\"target\":[\"https:\/\/climatemaster.ge\/fr\/produit\/33977\/\"]}]},{\"@type\":\"ImageObject\",\"inLanguage\":\"fr-FR\",\"@id\":\"https:\/\/climatemaster.ge\/fr\/produit\/33977\/#primaryimage\",\"url\":\"https:\/\/climatemaster.ge\/wp-content\/uploads\/2025\/05\/IBEX-132MHC-EIGER-BIFACIAL-1-scaled.png\",\"contentUrl\":\"https:\/\/climatemaster.ge\/wp-content\/uploads\/2025\/05\/IBEX-132MHC-EIGER-BIFACIAL-1-scaled.png\",\"width\":1363,\"height\":2560},{\"@type\":\"BreadcrumbList\",\"@id\":\"https:\/\/climatemaster.ge\/fr\/produit\/33977\/#breadcrumb\",\"itemListElement\":[{\"@type\":\"ListItem\",\"position\":1,\"name\":\"Home\",\"item\":\"https:\/\/climatemaster.ge\/\"},{\"@type\":\"ListItem\",\"position\":2,\"name\":\"Products\",\"item\":\"https:\/\/climatemaster.ge\/products\/\"},{\"@type\":\"ListItem\",\"position\":3,\"name\":\"Panneau solaire IBEX 132BF-MHC-EIGER 500-505 bifacial Solar Panel\"}]},{\"@type\":\"WebSite\",\"@id\":\"https:\/\/climatemaster.ge\/#website\",\"url\":\"https:\/\/climatemaster.ge\/\",\"name\":\"Climate Master\",\"description\":\"\",\"publisher\":{\"@id\":\"https:\/\/climatemaster.ge\/#organization\"},\"potentialAction\":[{\"@type\":\"SearchAction\",\"target\":{\"@type\":\"EntryPoint\",\"urlTemplate\":\"https:\/\/climatemaster.ge\/?s={search_term_string}\"},\"query-input\":{\"@type\":\"PropertyValueSpecification\",\"valueRequired\":true,\"valueName\":\"search_term_string\"}}],\"inLanguage\":\"fr-FR\"},{\"@type\":\"Organization\",\"@id\":\"https:\/\/climatemaster.ge\/#organization\",\"name\":\"Climate Master\",\"url\":\"https:\/\/climatemaster.ge\/\",\"logo\":{\"@type\":\"ImageObject\",\"inLanguage\":\"fr-FR\",\"@id\":\"https:\/\/climatemaster.ge\/#\/schema\/logo\/image\/\",\"url\":\"https:\/\/climatemaster.ge\/wp-content\/uploads\/2026\/03\/Untitled-2.png\",\"contentUrl\":\"https:\/\/climatemaster.ge\/wp-content\/uploads\/2026\/03\/Untitled-2.png\",\"width\":600,\"height\":338,\"caption\":\"Climate Master\"},\"image\":{\"@id\":\"https:\/\/climatemaster.ge\/#\/schema\/logo\/image\/\"}}]}<\/script>\n<!-- \/ Yoast SEO plugin. -->","yoast_head_json":{"title":"Panneau solaire IBEX 132BF-MHC-EIGER 500-505 bifacial Solar Panel - Climate Master","robots":{"index":"index","follow":"follow","max-snippet":"max-snippet:-1","max-image-preview":"max-image-preview:large","max-video-preview":"max-video-preview:-1"},"canonical":"https:\/\/climatemaster.ge\/fr\/produit\/33977\/","og_locale":"fr_FR","og_type":"article","og_title":"Panneau solaire IBEX 132BF-MHC-EIGER 500-505 bifacial Solar Panel - Climate Master","og_description":"Con\u00e7u en Suisse  TECHNOLOGIE EIGER   Plaquette monocristalline dop\u00e9e au gallium M10 Cellule PERC de type P Technologie 10BB Half Cut Feuille arri\u00e8re color\u00e9e \u2013 Transparente Rendement jusqu'\u00e0 21,26 % (jusqu'\u00e0 +25 % par rapport \u00e0 la face arri\u00e8re) Grande taille de cellule (182 \u00d7 91) &nbsp;  ID\u00c9AL POUR   Installations commerciales et industrielles Centrales solaires au sol","og_url":"https:\/\/climatemaster.ge\/fr\/produit\/33977\/","og_site_name":"Climate Master","article_modified_time":"2025-05-28T17:19:55+00:00","og_image":[{"width":1363,"height":2560,"url":"https:\/\/climatemaster.ge\/wp-content\/uploads\/2025\/05\/IBEX-132MHC-EIGER-BIFACIAL-1-scaled.png","type":"image\/png"}],"twitter_card":"summary_large_image","schema":{"@context":"https:\/\/schema.org","@graph":[{"@type":"WebPage","@id":"https:\/\/climatemaster.ge\/fr\/produit\/33977\/","url":"https:\/\/climatemaster.ge\/fr\/produit\/33977\/","name":"Panneau solaire IBEX 132BF-MHC-EIGER 500-505 bifacial Solar Panel - Climate Master","isPartOf":{"@id":"https:\/\/climatemaster.ge\/#website"},"primaryImageOfPage":{"@id":"https:\/\/climatemaster.ge\/fr\/produit\/33977\/#primaryimage"},"image":{"@id":"https:\/\/climatemaster.ge\/fr\/produit\/33977\/#primaryimage"},"thumbnailUrl":"https:\/\/climatemaster.ge\/wp-content\/uploads\/2025\/05\/IBEX-132MHC-EIGER-BIFACIAL-1-scaled.png","datePublished":"2025-05-28T16:56:49+00:00","dateModified":"2025-05-28T17:19:55+00:00","breadcrumb":{"@id":"https:\/\/climatemaster.ge\/fr\/produit\/33977\/#breadcrumb"},"inLanguage":"fr-FR","potentialAction":[{"@type":"ReadAction","target":["https:\/\/climatemaster.ge\/fr\/produit\/33977\/"]}]},{"@type":"ImageObject","inLanguage":"fr-FR","@id":"https:\/\/climatemaster.ge\/fr\/produit\/33977\/#primaryimage","url":"https:\/\/climatemaster.ge\/wp-content\/uploads\/2025\/05\/IBEX-132MHC-EIGER-BIFACIAL-1-scaled.png","contentUrl":"https:\/\/climatemaster.ge\/wp-content\/uploads\/2025\/05\/IBEX-132MHC-EIGER-BIFACIAL-1-scaled.png","width":1363,"height":2560},{"@type":"BreadcrumbList","@id":"https:\/\/climatemaster.ge\/fr\/produit\/33977\/#breadcrumb","itemListElement":[{"@type":"ListItem","position":1,"name":"Home","item":"https:\/\/climatemaster.ge\/"},{"@type":"ListItem","position":2,"name":"Products","item":"https:\/\/climatemaster.ge\/products\/"},{"@type":"ListItem","position":3,"name":"Panneau solaire IBEX 132BF-MHC-EIGER 500-505 bifacial Solar Panel"}]},{"@type":"WebSite","@id":"https:\/\/climatemaster.ge\/#website","url":"https:\/\/climatemaster.ge\/","name":"Climate Master","description":"","publisher":{"@id":"https:\/\/climatemaster.ge\/#organization"},"potentialAction":[{"@type":"SearchAction","target":{"@type":"EntryPoint","urlTemplate":"https:\/\/climatemaster.ge\/?s={search_term_string}"},"query-input":{"@type":"PropertyValueSpecification","valueRequired":true,"valueName":"search_term_string"}}],"inLanguage":"fr-FR"},{"@type":"Organization","@id":"https:\/\/climatemaster.ge\/#organization","name":"Climate Master","url":"https:\/\/climatemaster.ge\/","logo":{"@type":"ImageObject","inLanguage":"fr-FR","@id":"https:\/\/climatemaster.ge\/#\/schema\/logo\/image\/","url":"https:\/\/climatemaster.ge\/wp-content\/uploads\/2026\/03\/Untitled-2.png","contentUrl":"https:\/\/climatemaster.ge\/wp-content\/uploads\/2026\/03\/Untitled-2.png","width":600,"height":338,"caption":"Climate Master"},"image":{"@id":"https:\/\/climatemaster.ge\/#\/schema\/logo\/image\/"}}]}},"_links":{"self":[{"href":"https:\/\/climatemaster.ge\/fr\/wp-json\/wp\/v2\/product\/33999","targetHints":{"allow":["GET"]}}],"collection":[{"href":"https:\/\/climatemaster.ge\/fr\/wp-json\/wp\/v2\/product"}],"about":[{"href":"https:\/\/climatemaster.ge\/fr\/wp-json\/wp\/v2\/types\/product"}],"wp:featuredmedia":[{"embeddable":true,"href":"https:\/\/climatemaster.ge\/fr\/wp-json\/wp\/v2\/media\/33982"}],"wp:attachment":[{"href":"https:\/\/climatemaster.ge\/fr\/wp-json\/wp\/v2\/media?parent=33999"}],"wp:term":[{"taxonomy":"product_brand","embeddable":true,"href":"https:\/\/climatemaster.ge\/fr\/wp-json\/wp\/v2\/product_brand?post=33999"},{"taxonomy":"product_cat","embeddable":true,"href":"https:\/\/climatemaster.ge\/fr\/wp-json\/wp\/v2\/product_cat?post=33999"},{"taxonomy":"product_tag","embeddable":true,"href":"https:\/\/climatemaster.ge\/fr\/wp-json\/wp\/v2\/product_tag?post=33999"}],"curies":[{"name":"wp","href":"https:\/\/api.w.org\/{rel}","templated":true}]}}