{"id":33742,"date":"2025-05-26T12:05:30","date_gmt":"2025-05-26T08:05:30","guid":{"rendered":"https:\/\/airsystems.ge\/shop\/product\/lzt-high-efficiency-air-to-water-split-system-heat-pumps-equipped-with-e-v-i-compressors-in-two-sections\/"},"modified":"2025-05-26T12:07:22","modified_gmt":"2025-05-26T08:07:22","slug":"lzt-high-efficiency-air-to-water-split-system-heat-pumps-equipped-with-e-v-i-compressors-in-two-sections","status":"publish","type":"product","link":"https:\/\/climatemaster.ge\/fr\/produit\/lzt-high-efficiency-air-to-water-split-system-heat-pumps-equipped-with-e-v-i-compressors-in-two-sections\/","title":{"rendered":"LZT Pompes \u00e0 chaleur air-eau split system \u00e0 haut rendement, \u00e9quip\u00e9es de compresseurs E.V.I. en deux parties"},"content":{"rendered":"<div class=\"elementor-element elementor-element-70da8153 elementor-widget elementor-widget-theme-page-title elementor-page-title elementor-widget-heading\" data-id=\"70da8153\" data-element_type=\"widget\" data-widget_type=\"theme-page-title.default\">\n<div class=\"elementor-widget-container\">\n<p>Puissance de chauffage de 23 kW \u00e0 218 kW<\/p>\n<p>La s\u00e9rie LZT de pompes \u00e0 chaleur \u00e0 haut rendement a \u00e9t\u00e9 sp\u00e9cialement con\u00e7ue pour les syst\u00e8mes de chauffage par le sol ou pour les applications n\u00e9cessitant une efficacit\u00e9 de chauffage maximale.<br \/>\nOptimis\u00e9es en mode chauffage, elles peuvent produire de l&rsquo;eau jusqu&rsquo;\u00e0 65 \u00b0C et fonctionner jusqu&rsquo;\u00e0 -20 \u00b0C de temp\u00e9rature ambiante. Toutes les versions sont \u00e9quip\u00e9es d&rsquo;une vanne d&rsquo;inversion de cycle pour le d\u00e9givrage hivernal\u00a0; la version HH est adapt\u00e9e aux pays b\u00e9n\u00e9ficiant de programmes de soutien \u00e0 l&rsquo;utilisation de la technologie des pompes \u00e0 chaleur pour le chauffage. Les versions RV permettent \u00e9galement de produire de l&rsquo;eau froide. La version HH chauffage seul est configur\u00e9e et verrouill\u00e9e en usine pour fonctionner uniquement en mode chauffage. Le niveau sonore des versions XL et NN est extr\u00eamement faible gr\u00e2ce \u00e0 un syst\u00e8me sp\u00e9cial d&rsquo;amortissement des vibrations flottantes, permettant une r\u00e9duction du bruit d&rsquo;environ 6 \u00e0 8 dB(A).<\/p>\n<\/div>\n<\/div>\n<div class=\"elementor-element elementor-element-427e8a79 e-flex e-con-boxed e-con e-child\" data-id=\"427e8a79\" data-element_type=\"container\">\n<div class=\"e-con-inner\">\n<div class=\"elementor-element elementor-element-6e19ed90 hidebutton mc-bl elementor-align-left elementor-widget elementor-widget-button\" data-id=\"6e19ed90\" data-element_type=\"widget\" data-widget_type=\"button.default\">\n<div class=\"elementor-widget-container\">\n<div class=\"elementor-button-wrapper\"><a class=\"elementor-button elementor-button-link elementor-size-sm\" href=\"https:\/\/www.enextechnologies.com\/wp-content\/uploads\/2024\/09\/LZT-P2_ENG.pdf\" target=\"_blank\" rel=\"noopener\"><span class=\"elementor-button-content-wrapper\"><span class=\"elementor-button-text\">BROCHURE<\/span><\/span><\/a><\/div>\n<\/div>\n<\/div>\n<\/div>\n<\/div>\n","protected":false},"excerpt":{"rendered":"<p>Puissance de chauffage de 23 kW \u00e0 218 kW La s\u00e9rie LZT de pompes \u00e0 chaleur \u00e0 haut rendement a<\/p>\n","protected":false},"featured_media":33736,"template":"","meta":[],"product_brand":[],"product_cat":[682,1667],"product_tag":[],"class_list":{"0":"post-33742","1":"product","2":"type-product","3":"status-publish","4":"has-post-thumbnail","6":"product_cat-climatiseurs-fr-industriels","7":"product_cat-pompe-a-chaleur","9":"first","10":"instock","11":"shipping-taxable","12":"product-type-simple"},"yoast_head":"<!-- This site is optimized with the Yoast SEO plugin v27.1.1 - https:\/\/yoast.com\/product\/yoast-seo-wordpress\/ -->\n<title>LZT Pompes \u00e0 chaleur air-eau split system \u00e0 haut rendement, \u00e9quip\u00e9es de compresseurs E.V.I. en deux parties - Climate Master<\/title>\n<meta name=\"robots\" content=\"index, follow, max-snippet:-1, max-image-preview:large, max-video-preview:-1\" \/>\n<link rel=\"canonical\" href=\"https:\/\/climatemaster.ge\/fr\/produit\/lzt-high-efficiency-air-to-water-split-system-heat-pumps-equipped-with-e-v-i-compressors-in-two-sections\/\" \/>\n<meta property=\"og:locale\" content=\"fr_FR\" \/>\n<meta property=\"og:type\" content=\"article\" \/>\n<meta property=\"og:title\" content=\"LZT Pompes \u00e0 chaleur air-eau split system \u00e0 haut rendement, \u00e9quip\u00e9es de compresseurs E.V.I. en deux parties - Climate Master\" \/>\n<meta property=\"og:description\" content=\"Puissance de chauffage de 23 kW \u00e0 218 kW La s\u00e9rie LZT de pompes \u00e0 chaleur \u00e0 haut rendement a\" \/>\n<meta property=\"og:url\" content=\"https:\/\/climatemaster.ge\/fr\/produit\/lzt-high-efficiency-air-to-water-split-system-heat-pumps-equipped-with-e-v-i-compressors-in-two-sections\/\" \/>\n<meta property=\"og:site_name\" content=\"Climate Master\" \/>\n<meta property=\"article:modified_time\" content=\"2025-05-26T08:07:22+00:00\" \/>\n<meta property=\"og:image\" content=\"https:\/\/climatemaster.ge\/wp-content\/uploads\/2025\/05\/LZT.jpg\" \/>\n\t<meta property=\"og:image:width\" content=\"1298\" \/>\n\t<meta property=\"og:image:height\" content=\"1202\" \/>\n\t<meta property=\"og:image:type\" content=\"image\/jpeg\" \/>\n<meta name=\"twitter:card\" content=\"summary_large_image\" \/>\n<meta name=\"twitter:label1\" content=\"Dur\u00e9e de lecture estim\u00e9e\" \/>\n\t<meta name=\"twitter:data1\" content=\"1 minute\" \/>\n<script type=\"application\/ld+json\" class=\"yoast-schema-graph\">{\"@context\":\"https:\/\/schema.org\",\"@graph\":[{\"@type\":\"WebPage\",\"@id\":\"https:\/\/climatemaster.ge\/fr\/produit\/lzt-high-efficiency-air-to-water-split-system-heat-pumps-equipped-with-e-v-i-compressors-in-two-sections\/\",\"url\":\"https:\/\/climatemaster.ge\/fr\/produit\/lzt-high-efficiency-air-to-water-split-system-heat-pumps-equipped-with-e-v-i-compressors-in-two-sections\/\",\"name\":\"LZT Pompes \u00e0 chaleur air-eau split system \u00e0 haut rendement, \u00e9quip\u00e9es de compresseurs E.V.I. en deux parties - Climate Master\",\"isPartOf\":{\"@id\":\"https:\/\/climatemaster.ge\/#website\"},\"primaryImageOfPage\":{\"@id\":\"https:\/\/climatemaster.ge\/fr\/produit\/lzt-high-efficiency-air-to-water-split-system-heat-pumps-equipped-with-e-v-i-compressors-in-two-sections\/#primaryimage\"},\"image\":{\"@id\":\"https:\/\/climatemaster.ge\/fr\/produit\/lzt-high-efficiency-air-to-water-split-system-heat-pumps-equipped-with-e-v-i-compressors-in-two-sections\/#primaryimage\"},\"thumbnailUrl\":\"https:\/\/climatemaster.ge\/wp-content\/uploads\/2025\/05\/LZT.jpg\",\"datePublished\":\"2025-05-26T08:05:30+00:00\",\"dateModified\":\"2025-05-26T08:07:22+00:00\",\"breadcrumb\":{\"@id\":\"https:\/\/climatemaster.ge\/fr\/produit\/lzt-high-efficiency-air-to-water-split-system-heat-pumps-equipped-with-e-v-i-compressors-in-two-sections\/#breadcrumb\"},\"inLanguage\":\"fr-FR\",\"potentialAction\":[{\"@type\":\"ReadAction\",\"target\":[\"https:\/\/climatemaster.ge\/fr\/produit\/lzt-high-efficiency-air-to-water-split-system-heat-pumps-equipped-with-e-v-i-compressors-in-two-sections\/\"]}]},{\"@type\":\"ImageObject\",\"inLanguage\":\"fr-FR\",\"@id\":\"https:\/\/climatemaster.ge\/fr\/produit\/lzt-high-efficiency-air-to-water-split-system-heat-pumps-equipped-with-e-v-i-compressors-in-two-sections\/#primaryimage\",\"url\":\"https:\/\/climatemaster.ge\/wp-content\/uploads\/2025\/05\/LZT.jpg\",\"contentUrl\":\"https:\/\/climatemaster.ge\/wp-content\/uploads\/2025\/05\/LZT.jpg\",\"width\":1298,\"height\":1202},{\"@type\":\"BreadcrumbList\",\"@id\":\"https:\/\/climatemaster.ge\/fr\/produit\/lzt-high-efficiency-air-to-water-split-system-heat-pumps-equipped-with-e-v-i-compressors-in-two-sections\/#breadcrumb\",\"itemListElement\":[{\"@type\":\"ListItem\",\"position\":1,\"name\":\"Home\",\"item\":\"https:\/\/climatemaster.ge\/\"},{\"@type\":\"ListItem\",\"position\":2,\"name\":\"Products\",\"item\":\"https:\/\/climatemaster.ge\/products\/\"},{\"@type\":\"ListItem\",\"position\":3,\"name\":\"LZT Pompes \u00e0 chaleur air-eau split system \u00e0 haut rendement, \u00e9quip\u00e9es de compresseurs E.V.I. en deux parties\"}]},{\"@type\":\"WebSite\",\"@id\":\"https:\/\/climatemaster.ge\/#website\",\"url\":\"https:\/\/climatemaster.ge\/\",\"name\":\"Climate Master\",\"description\":\"\",\"publisher\":{\"@id\":\"https:\/\/climatemaster.ge\/#organization\"},\"potentialAction\":[{\"@type\":\"SearchAction\",\"target\":{\"@type\":\"EntryPoint\",\"urlTemplate\":\"https:\/\/climatemaster.ge\/?s={search_term_string}\"},\"query-input\":{\"@type\":\"PropertyValueSpecification\",\"valueRequired\":true,\"valueName\":\"search_term_string\"}}],\"inLanguage\":\"fr-FR\"},{\"@type\":\"Organization\",\"@id\":\"https:\/\/climatemaster.ge\/#organization\",\"name\":\"Climate Master\",\"url\":\"https:\/\/climatemaster.ge\/\",\"logo\":{\"@type\":\"ImageObject\",\"inLanguage\":\"fr-FR\",\"@id\":\"https:\/\/climatemaster.ge\/#\/schema\/logo\/image\/\",\"url\":\"https:\/\/climatemaster.ge\/wp-content\/uploads\/2026\/03\/Untitled-2.png\",\"contentUrl\":\"https:\/\/climatemaster.ge\/wp-content\/uploads\/2026\/03\/Untitled-2.png\",\"width\":600,\"height\":338,\"caption\":\"Climate Master\"},\"image\":{\"@id\":\"https:\/\/climatemaster.ge\/#\/schema\/logo\/image\/\"}}]}<\/script>\n<!-- \/ Yoast SEO plugin. -->","yoast_head_json":{"title":"LZT Pompes \u00e0 chaleur air-eau split system \u00e0 haut rendement, \u00e9quip\u00e9es de compresseurs E.V.I. en deux parties - Climate Master","robots":{"index":"index","follow":"follow","max-snippet":"max-snippet:-1","max-image-preview":"max-image-preview:large","max-video-preview":"max-video-preview:-1"},"canonical":"https:\/\/climatemaster.ge\/fr\/produit\/lzt-high-efficiency-air-to-water-split-system-heat-pumps-equipped-with-e-v-i-compressors-in-two-sections\/","og_locale":"fr_FR","og_type":"article","og_title":"LZT Pompes \u00e0 chaleur air-eau split system \u00e0 haut rendement, \u00e9quip\u00e9es de compresseurs E.V.I. en deux parties - Climate Master","og_description":"Puissance de chauffage de 23 kW \u00e0 218 kW La s\u00e9rie LZT de pompes \u00e0 chaleur \u00e0 haut rendement a","og_url":"https:\/\/climatemaster.ge\/fr\/produit\/lzt-high-efficiency-air-to-water-split-system-heat-pumps-equipped-with-e-v-i-compressors-in-two-sections\/","og_site_name":"Climate Master","article_modified_time":"2025-05-26T08:07:22+00:00","og_image":[{"width":1298,"height":1202,"url":"https:\/\/climatemaster.ge\/wp-content\/uploads\/2025\/05\/LZT.jpg","type":"image\/jpeg"}],"twitter_card":"summary_large_image","twitter_misc":{"Dur\u00e9e de lecture estim\u00e9e":"1 minute"},"schema":{"@context":"https:\/\/schema.org","@graph":[{"@type":"WebPage","@id":"https:\/\/climatemaster.ge\/fr\/produit\/lzt-high-efficiency-air-to-water-split-system-heat-pumps-equipped-with-e-v-i-compressors-in-two-sections\/","url":"https:\/\/climatemaster.ge\/fr\/produit\/lzt-high-efficiency-air-to-water-split-system-heat-pumps-equipped-with-e-v-i-compressors-in-two-sections\/","name":"LZT Pompes \u00e0 chaleur air-eau split system \u00e0 haut rendement, \u00e9quip\u00e9es de compresseurs E.V.I. en deux parties - Climate Master","isPartOf":{"@id":"https:\/\/climatemaster.ge\/#website"},"primaryImageOfPage":{"@id":"https:\/\/climatemaster.ge\/fr\/produit\/lzt-high-efficiency-air-to-water-split-system-heat-pumps-equipped-with-e-v-i-compressors-in-two-sections\/#primaryimage"},"image":{"@id":"https:\/\/climatemaster.ge\/fr\/produit\/lzt-high-efficiency-air-to-water-split-system-heat-pumps-equipped-with-e-v-i-compressors-in-two-sections\/#primaryimage"},"thumbnailUrl":"https:\/\/climatemaster.ge\/wp-content\/uploads\/2025\/05\/LZT.jpg","datePublished":"2025-05-26T08:05:30+00:00","dateModified":"2025-05-26T08:07:22+00:00","breadcrumb":{"@id":"https:\/\/climatemaster.ge\/fr\/produit\/lzt-high-efficiency-air-to-water-split-system-heat-pumps-equipped-with-e-v-i-compressors-in-two-sections\/#breadcrumb"},"inLanguage":"fr-FR","potentialAction":[{"@type":"ReadAction","target":["https:\/\/climatemaster.ge\/fr\/produit\/lzt-high-efficiency-air-to-water-split-system-heat-pumps-equipped-with-e-v-i-compressors-in-two-sections\/"]}]},{"@type":"ImageObject","inLanguage":"fr-FR","@id":"https:\/\/climatemaster.ge\/fr\/produit\/lzt-high-efficiency-air-to-water-split-system-heat-pumps-equipped-with-e-v-i-compressors-in-two-sections\/#primaryimage","url":"https:\/\/climatemaster.ge\/wp-content\/uploads\/2025\/05\/LZT.jpg","contentUrl":"https:\/\/climatemaster.ge\/wp-content\/uploads\/2025\/05\/LZT.jpg","width":1298,"height":1202},{"@type":"BreadcrumbList","@id":"https:\/\/climatemaster.ge\/fr\/produit\/lzt-high-efficiency-air-to-water-split-system-heat-pumps-equipped-with-e-v-i-compressors-in-two-sections\/#breadcrumb","itemListElement":[{"@type":"ListItem","position":1,"name":"Home","item":"https:\/\/climatemaster.ge\/"},{"@type":"ListItem","position":2,"name":"Products","item":"https:\/\/climatemaster.ge\/products\/"},{"@type":"ListItem","position":3,"name":"LZT Pompes \u00e0 chaleur air-eau split system \u00e0 haut rendement, \u00e9quip\u00e9es de compresseurs E.V.I. en deux parties"}]},{"@type":"WebSite","@id":"https:\/\/climatemaster.ge\/#website","url":"https:\/\/climatemaster.ge\/","name":"Climate Master","description":"","publisher":{"@id":"https:\/\/climatemaster.ge\/#organization"},"potentialAction":[{"@type":"SearchAction","target":{"@type":"EntryPoint","urlTemplate":"https:\/\/climatemaster.ge\/?s={search_term_string}"},"query-input":{"@type":"PropertyValueSpecification","valueRequired":true,"valueName":"search_term_string"}}],"inLanguage":"fr-FR"},{"@type":"Organization","@id":"https:\/\/climatemaster.ge\/#organization","name":"Climate Master","url":"https:\/\/climatemaster.ge\/","logo":{"@type":"ImageObject","inLanguage":"fr-FR","@id":"https:\/\/climatemaster.ge\/#\/schema\/logo\/image\/","url":"https:\/\/climatemaster.ge\/wp-content\/uploads\/2026\/03\/Untitled-2.png","contentUrl":"https:\/\/climatemaster.ge\/wp-content\/uploads\/2026\/03\/Untitled-2.png","width":600,"height":338,"caption":"Climate Master"},"image":{"@id":"https:\/\/climatemaster.ge\/#\/schema\/logo\/image\/"}}]}},"_links":{"self":[{"href":"https:\/\/climatemaster.ge\/fr\/wp-json\/wp\/v2\/product\/33742","targetHints":{"allow":["GET"]}}],"collection":[{"href":"https:\/\/climatemaster.ge\/fr\/wp-json\/wp\/v2\/product"}],"about":[{"href":"https:\/\/climatemaster.ge\/fr\/wp-json\/wp\/v2\/types\/product"}],"wp:featuredmedia":[{"embeddable":true,"href":"https:\/\/climatemaster.ge\/fr\/wp-json\/wp\/v2\/media\/33736"}],"wp:attachment":[{"href":"https:\/\/climatemaster.ge\/fr\/wp-json\/wp\/v2\/media?parent=33742"}],"wp:term":[{"taxonomy":"product_brand","embeddable":true,"href":"https:\/\/climatemaster.ge\/fr\/wp-json\/wp\/v2\/product_brand?post=33742"},{"taxonomy":"product_cat","embeddable":true,"href":"https:\/\/climatemaster.ge\/fr\/wp-json\/wp\/v2\/product_cat?post=33742"},{"taxonomy":"product_tag","embeddable":true,"href":"https:\/\/climatemaster.ge\/fr\/wp-json\/wp\/v2\/product_tag?post=33742"}],"curies":[{"name":"wp","href":"https:\/\/api.w.org\/{rel}","templated":true}]}}