{"id":33683,"date":"2025-05-26T11:44:54","date_gmt":"2025-05-26T07:44:54","guid":{"rendered":"https:\/\/airsystems.ge\/shop\/product\/lha-p4-high-efficiency-air-to-water-multipurpose-unit-and-4-pipe-heat-pumps-equipped-with-scroll-compressor-and-axial-fans\/"},"modified":"2025-05-26T11:46:48","modified_gmt":"2025-05-26T07:46:48","slug":"lha-p4-high-efficiency-air-to-water-multipurpose-unit-and-4-pipe-heat-pumps-equipped-with-scroll-compressor-and-axial-fans","status":"publish","type":"product","link":"https:\/\/climatemaster.ge\/fr\/produit\/lha-p4-high-efficiency-air-to-water-multipurpose-unit-and-4-pipe-heat-pumps-equipped-with-scroll-compressor-and-axial-fans\/","title":{"rendered":"LHA P4 Unit\u00e9 polyvalente air\/eau \u00e0 haut rendement et pompes \u00e0 chaleur 4 tubes \u00e9quip\u00e9es d&rsquo;un compresseur scroll et de ventilateurs axiaux"},"content":{"rendered":"<div class=\"elementor-element elementor-element-70da8153 elementor-widget elementor-widget-theme-page-title elementor-page-title elementor-widget-heading\" data-id=\"70da8153\" data-element_type=\"widget\" data-widget_type=\"theme-page-title.default\">\n<div class=\"elementor-widget-container\">\n<p>Puissance calorifique de 22 kW \u00e0 432 kW<\/p>\n<p>Les pompes \u00e0 chaleur air\/eau \u00e0 haut rendement de la s\u00e9rie LHA sont des unit\u00e9s con\u00e7ues pour les syst\u00e8mes de climatisation et de chauffage 4 tubes. Elles permettent la production simultan\u00e9e ou s\u00e9par\u00e9e d&rsquo;eau froide pour le refroidissement et d&rsquo;eau chaude pour le chauffage. Elles sont \u00e9quip\u00e9es d&rsquo;un \u00e9changeur suppl\u00e9mentaire, utilis\u00e9 comme condenseur pour l&rsquo;eau chaude, dont la production est ind\u00e9pendante du mode de fonctionnement de l&rsquo;unit\u00e9. L&rsquo;activation de l&rsquo;\u00e9changeur s&rsquo;effectue automatiquement via la commande \u00e0 microprocesseur lorsque la temp\u00e9rature de retour de l&rsquo;eau chaude est inf\u00e9rieure \u00e0 la consigne. Ces unit\u00e9s permettent de produire de l&rsquo;eau chaude et de l&rsquo;eau froide simultan\u00e9ment et\/ou s\u00e9par\u00e9ment, avec un rendement \u00e9nerg\u00e9tique tr\u00e8s \u00e9lev\u00e9. Elles sont toutes \u00e9quip\u00e9es d&rsquo;une commande \u00e0 microprocesseur avanc\u00e9e sp\u00e9cifique, dot\u00e9e d&rsquo;un logiciel de gestion des diff\u00e9rentes priorit\u00e9s. Les versions XL pr\u00e9sentent \u00e9galement un niveau sonore extr\u00eamement faible gr\u00e2ce \u00e0 l&rsquo;utilisation d&rsquo;un syst\u00e8me sp\u00e9cial d&rsquo;amortissement des vibrations flottant qui permet une r\u00e9duction du bruit d&rsquo;environ 6 \u00e0 8 dB (A) (en option).<\/p>\n<\/div>\n<\/div>\n<div class=\"elementor-element elementor-element-427e8a79 e-flex e-con-boxed e-con e-child\" data-id=\"427e8a79\" data-element_type=\"container\">\n<div class=\"e-con-inner\">\n<div class=\"elementor-element elementor-element-6e19ed90 hidebutton mc-bl elementor-align-left elementor-widget elementor-widget-button\" data-id=\"6e19ed90\" data-element_type=\"widget\" data-widget_type=\"button.default\">\n<div class=\"elementor-widget-container\">\n<div class=\"elementor-button-wrapper\"><a class=\"elementor-button elementor-button-link elementor-size-sm\" href=\"https:\/\/www.enextechnologies.com\/wp-content\/uploads\/2025\/02\/LHA-P4_ENG.pdf\" target=\"_blank\" rel=\"noopener\"><span class=\"elementor-button-content-wrapper\"><span class=\"elementor-button-text\">BROCHURE<\/span><\/span><\/a><\/div>\n<\/div>\n<\/div>\n<\/div>\n<\/div>\n","protected":false},"excerpt":{"rendered":"<p>Puissance calorifique de 22 kW \u00e0 432 kW Les pompes \u00e0 chaleur air\/eau \u00e0 haut rendement de la s\u00e9rie LHA<\/p>\n","protected":false},"featured_media":33678,"template":"","meta":[],"product_brand":[],"product_cat":[682,1667],"product_tag":[],"class_list":{"0":"post-33683","1":"product","2":"type-product","3":"status-publish","4":"has-post-thumbnail","6":"product_cat-climatiseurs-fr-industriels","7":"product_cat-pompe-a-chaleur","9":"first","10":"instock","11":"shipping-taxable","12":"product-type-simple"},"yoast_head":"<!-- This site is optimized with the Yoast SEO plugin v27.1.1 - https:\/\/yoast.com\/product\/yoast-seo-wordpress\/ -->\n<title>LHA P4 Unit\u00e9 polyvalente air\/eau \u00e0 haut rendement et pompes \u00e0 chaleur 4 tubes \u00e9quip\u00e9es d&#039;un compresseur scroll et de ventilateurs axiaux - Climate Master<\/title>\n<meta name=\"robots\" content=\"index, follow, max-snippet:-1, max-image-preview:large, max-video-preview:-1\" \/>\n<link rel=\"canonical\" href=\"https:\/\/climatemaster.ge\/fr\/produit\/lha-p4-high-efficiency-air-to-water-multipurpose-unit-and-4-pipe-heat-pumps-equipped-with-scroll-compressor-and-axial-fans\/\" \/>\n<meta property=\"og:locale\" content=\"fr_FR\" \/>\n<meta property=\"og:type\" content=\"article\" \/>\n<meta property=\"og:title\" content=\"LHA P4 Unit\u00e9 polyvalente air\/eau \u00e0 haut rendement et pompes \u00e0 chaleur 4 tubes \u00e9quip\u00e9es d&#039;un compresseur scroll et de ventilateurs axiaux - Climate Master\" \/>\n<meta property=\"og:description\" content=\"Puissance calorifique de 22 kW \u00e0 432 kW Les pompes \u00e0 chaleur air\/eau \u00e0 haut rendement de la s\u00e9rie LHA\" \/>\n<meta property=\"og:url\" content=\"https:\/\/climatemaster.ge\/fr\/produit\/lha-p4-high-efficiency-air-to-water-multipurpose-unit-and-4-pipe-heat-pumps-equipped-with-scroll-compressor-and-axial-fans\/\" \/>\n<meta property=\"og:site_name\" content=\"Climate Master\" \/>\n<meta property=\"article:modified_time\" content=\"2025-05-26T07:46:48+00:00\" \/>\n<meta property=\"og:image\" content=\"https:\/\/climatemaster.ge\/wp-content\/uploads\/2025\/05\/LHA-P4-scaled-1.jpg\" \/>\n\t<meta property=\"og:image:width\" content=\"2560\" \/>\n\t<meta property=\"og:image:height\" content=\"1920\" \/>\n\t<meta property=\"og:image:type\" content=\"image\/jpeg\" \/>\n<meta name=\"twitter:card\" content=\"summary_large_image\" \/>\n<meta name=\"twitter:label1\" content=\"Dur\u00e9e de lecture estim\u00e9e\" \/>\n\t<meta name=\"twitter:data1\" content=\"1 minute\" \/>\n<script type=\"application\/ld+json\" class=\"yoast-schema-graph\">{\"@context\":\"https:\/\/schema.org\",\"@graph\":[{\"@type\":\"WebPage\",\"@id\":\"https:\/\/climatemaster.ge\/fr\/produit\/lha-p4-high-efficiency-air-to-water-multipurpose-unit-and-4-pipe-heat-pumps-equipped-with-scroll-compressor-and-axial-fans\/\",\"url\":\"https:\/\/climatemaster.ge\/fr\/produit\/lha-p4-high-efficiency-air-to-water-multipurpose-unit-and-4-pipe-heat-pumps-equipped-with-scroll-compressor-and-axial-fans\/\",\"name\":\"LHA P4 Unit\u00e9 polyvalente air\/eau \u00e0 haut rendement et pompes \u00e0 chaleur 4 tubes \u00e9quip\u00e9es d'un compresseur scroll et de ventilateurs axiaux - Climate Master\",\"isPartOf\":{\"@id\":\"https:\/\/climatemaster.ge\/#website\"},\"primaryImageOfPage\":{\"@id\":\"https:\/\/climatemaster.ge\/fr\/produit\/lha-p4-high-efficiency-air-to-water-multipurpose-unit-and-4-pipe-heat-pumps-equipped-with-scroll-compressor-and-axial-fans\/#primaryimage\"},\"image\":{\"@id\":\"https:\/\/climatemaster.ge\/fr\/produit\/lha-p4-high-efficiency-air-to-water-multipurpose-unit-and-4-pipe-heat-pumps-equipped-with-scroll-compressor-and-axial-fans\/#primaryimage\"},\"thumbnailUrl\":\"https:\/\/climatemaster.ge\/wp-content\/uploads\/2025\/05\/LHA-P4-scaled-1.jpg\",\"datePublished\":\"2025-05-26T07:44:54+00:00\",\"dateModified\":\"2025-05-26T07:46:48+00:00\",\"breadcrumb\":{\"@id\":\"https:\/\/climatemaster.ge\/fr\/produit\/lha-p4-high-efficiency-air-to-water-multipurpose-unit-and-4-pipe-heat-pumps-equipped-with-scroll-compressor-and-axial-fans\/#breadcrumb\"},\"inLanguage\":\"fr-FR\",\"potentialAction\":[{\"@type\":\"ReadAction\",\"target\":[\"https:\/\/climatemaster.ge\/fr\/produit\/lha-p4-high-efficiency-air-to-water-multipurpose-unit-and-4-pipe-heat-pumps-equipped-with-scroll-compressor-and-axial-fans\/\"]}]},{\"@type\":\"ImageObject\",\"inLanguage\":\"fr-FR\",\"@id\":\"https:\/\/climatemaster.ge\/fr\/produit\/lha-p4-high-efficiency-air-to-water-multipurpose-unit-and-4-pipe-heat-pumps-equipped-with-scroll-compressor-and-axial-fans\/#primaryimage\",\"url\":\"https:\/\/climatemaster.ge\/wp-content\/uploads\/2025\/05\/LHA-P4-scaled-1.jpg\",\"contentUrl\":\"https:\/\/climatemaster.ge\/wp-content\/uploads\/2025\/05\/LHA-P4-scaled-1.jpg\",\"width\":2560,\"height\":1920},{\"@type\":\"BreadcrumbList\",\"@id\":\"https:\/\/climatemaster.ge\/fr\/produit\/lha-p4-high-efficiency-air-to-water-multipurpose-unit-and-4-pipe-heat-pumps-equipped-with-scroll-compressor-and-axial-fans\/#breadcrumb\",\"itemListElement\":[{\"@type\":\"ListItem\",\"position\":1,\"name\":\"Home\",\"item\":\"https:\/\/climatemaster.ge\/\"},{\"@type\":\"ListItem\",\"position\":2,\"name\":\"Products\",\"item\":\"https:\/\/climatemaster.ge\/products\/\"},{\"@type\":\"ListItem\",\"position\":3,\"name\":\"LHA P4 Unit\u00e9 polyvalente air\/eau \u00e0 haut rendement et pompes \u00e0 chaleur 4 tubes \u00e9quip\u00e9es d&rsquo;un compresseur scroll et de ventilateurs axiaux\"}]},{\"@type\":\"WebSite\",\"@id\":\"https:\/\/climatemaster.ge\/#website\",\"url\":\"https:\/\/climatemaster.ge\/\",\"name\":\"Climate Master\",\"description\":\"\",\"publisher\":{\"@id\":\"https:\/\/climatemaster.ge\/#organization\"},\"potentialAction\":[{\"@type\":\"SearchAction\",\"target\":{\"@type\":\"EntryPoint\",\"urlTemplate\":\"https:\/\/climatemaster.ge\/?s={search_term_string}\"},\"query-input\":{\"@type\":\"PropertyValueSpecification\",\"valueRequired\":true,\"valueName\":\"search_term_string\"}}],\"inLanguage\":\"fr-FR\"},{\"@type\":\"Organization\",\"@id\":\"https:\/\/climatemaster.ge\/#organization\",\"name\":\"Climate Master\",\"url\":\"https:\/\/climatemaster.ge\/\",\"logo\":{\"@type\":\"ImageObject\",\"inLanguage\":\"fr-FR\",\"@id\":\"https:\/\/climatemaster.ge\/#\/schema\/logo\/image\/\",\"url\":\"https:\/\/climatemaster.ge\/wp-content\/uploads\/2026\/03\/Untitled-2.png\",\"contentUrl\":\"https:\/\/climatemaster.ge\/wp-content\/uploads\/2026\/03\/Untitled-2.png\",\"width\":600,\"height\":338,\"caption\":\"Climate Master\"},\"image\":{\"@id\":\"https:\/\/climatemaster.ge\/#\/schema\/logo\/image\/\"}}]}<\/script>\n<!-- \/ Yoast SEO plugin. -->","yoast_head_json":{"title":"LHA P4 Unit\u00e9 polyvalente air\/eau \u00e0 haut rendement et pompes \u00e0 chaleur 4 tubes \u00e9quip\u00e9es d'un compresseur scroll et de ventilateurs axiaux - Climate Master","robots":{"index":"index","follow":"follow","max-snippet":"max-snippet:-1","max-image-preview":"max-image-preview:large","max-video-preview":"max-video-preview:-1"},"canonical":"https:\/\/climatemaster.ge\/fr\/produit\/lha-p4-high-efficiency-air-to-water-multipurpose-unit-and-4-pipe-heat-pumps-equipped-with-scroll-compressor-and-axial-fans\/","og_locale":"fr_FR","og_type":"article","og_title":"LHA P4 Unit\u00e9 polyvalente air\/eau \u00e0 haut rendement et pompes \u00e0 chaleur 4 tubes \u00e9quip\u00e9es d'un compresseur scroll et de ventilateurs axiaux - Climate Master","og_description":"Puissance calorifique de 22 kW \u00e0 432 kW Les pompes \u00e0 chaleur air\/eau \u00e0 haut rendement de la s\u00e9rie LHA","og_url":"https:\/\/climatemaster.ge\/fr\/produit\/lha-p4-high-efficiency-air-to-water-multipurpose-unit-and-4-pipe-heat-pumps-equipped-with-scroll-compressor-and-axial-fans\/","og_site_name":"Climate Master","article_modified_time":"2025-05-26T07:46:48+00:00","og_image":[{"width":2560,"height":1920,"url":"https:\/\/climatemaster.ge\/wp-content\/uploads\/2025\/05\/LHA-P4-scaled-1.jpg","type":"image\/jpeg"}],"twitter_card":"summary_large_image","twitter_misc":{"Dur\u00e9e de lecture estim\u00e9e":"1 minute"},"schema":{"@context":"https:\/\/schema.org","@graph":[{"@type":"WebPage","@id":"https:\/\/climatemaster.ge\/fr\/produit\/lha-p4-high-efficiency-air-to-water-multipurpose-unit-and-4-pipe-heat-pumps-equipped-with-scroll-compressor-and-axial-fans\/","url":"https:\/\/climatemaster.ge\/fr\/produit\/lha-p4-high-efficiency-air-to-water-multipurpose-unit-and-4-pipe-heat-pumps-equipped-with-scroll-compressor-and-axial-fans\/","name":"LHA P4 Unit\u00e9 polyvalente air\/eau \u00e0 haut rendement et pompes \u00e0 chaleur 4 tubes \u00e9quip\u00e9es d'un compresseur scroll et de ventilateurs axiaux - Climate Master","isPartOf":{"@id":"https:\/\/climatemaster.ge\/#website"},"primaryImageOfPage":{"@id":"https:\/\/climatemaster.ge\/fr\/produit\/lha-p4-high-efficiency-air-to-water-multipurpose-unit-and-4-pipe-heat-pumps-equipped-with-scroll-compressor-and-axial-fans\/#primaryimage"},"image":{"@id":"https:\/\/climatemaster.ge\/fr\/produit\/lha-p4-high-efficiency-air-to-water-multipurpose-unit-and-4-pipe-heat-pumps-equipped-with-scroll-compressor-and-axial-fans\/#primaryimage"},"thumbnailUrl":"https:\/\/climatemaster.ge\/wp-content\/uploads\/2025\/05\/LHA-P4-scaled-1.jpg","datePublished":"2025-05-26T07:44:54+00:00","dateModified":"2025-05-26T07:46:48+00:00","breadcrumb":{"@id":"https:\/\/climatemaster.ge\/fr\/produit\/lha-p4-high-efficiency-air-to-water-multipurpose-unit-and-4-pipe-heat-pumps-equipped-with-scroll-compressor-and-axial-fans\/#breadcrumb"},"inLanguage":"fr-FR","potentialAction":[{"@type":"ReadAction","target":["https:\/\/climatemaster.ge\/fr\/produit\/lha-p4-high-efficiency-air-to-water-multipurpose-unit-and-4-pipe-heat-pumps-equipped-with-scroll-compressor-and-axial-fans\/"]}]},{"@type":"ImageObject","inLanguage":"fr-FR","@id":"https:\/\/climatemaster.ge\/fr\/produit\/lha-p4-high-efficiency-air-to-water-multipurpose-unit-and-4-pipe-heat-pumps-equipped-with-scroll-compressor-and-axial-fans\/#primaryimage","url":"https:\/\/climatemaster.ge\/wp-content\/uploads\/2025\/05\/LHA-P4-scaled-1.jpg","contentUrl":"https:\/\/climatemaster.ge\/wp-content\/uploads\/2025\/05\/LHA-P4-scaled-1.jpg","width":2560,"height":1920},{"@type":"BreadcrumbList","@id":"https:\/\/climatemaster.ge\/fr\/produit\/lha-p4-high-efficiency-air-to-water-multipurpose-unit-and-4-pipe-heat-pumps-equipped-with-scroll-compressor-and-axial-fans\/#breadcrumb","itemListElement":[{"@type":"ListItem","position":1,"name":"Home","item":"https:\/\/climatemaster.ge\/"},{"@type":"ListItem","position":2,"name":"Products","item":"https:\/\/climatemaster.ge\/products\/"},{"@type":"ListItem","position":3,"name":"LHA P4 Unit\u00e9 polyvalente air\/eau \u00e0 haut rendement et pompes \u00e0 chaleur 4 tubes \u00e9quip\u00e9es d&rsquo;un compresseur scroll et de ventilateurs axiaux"}]},{"@type":"WebSite","@id":"https:\/\/climatemaster.ge\/#website","url":"https:\/\/climatemaster.ge\/","name":"Climate Master","description":"","publisher":{"@id":"https:\/\/climatemaster.ge\/#organization"},"potentialAction":[{"@type":"SearchAction","target":{"@type":"EntryPoint","urlTemplate":"https:\/\/climatemaster.ge\/?s={search_term_string}"},"query-input":{"@type":"PropertyValueSpecification","valueRequired":true,"valueName":"search_term_string"}}],"inLanguage":"fr-FR"},{"@type":"Organization","@id":"https:\/\/climatemaster.ge\/#organization","name":"Climate Master","url":"https:\/\/climatemaster.ge\/","logo":{"@type":"ImageObject","inLanguage":"fr-FR","@id":"https:\/\/climatemaster.ge\/#\/schema\/logo\/image\/","url":"https:\/\/climatemaster.ge\/wp-content\/uploads\/2026\/03\/Untitled-2.png","contentUrl":"https:\/\/climatemaster.ge\/wp-content\/uploads\/2026\/03\/Untitled-2.png","width":600,"height":338,"caption":"Climate Master"},"image":{"@id":"https:\/\/climatemaster.ge\/#\/schema\/logo\/image\/"}}]}},"_links":{"self":[{"href":"https:\/\/climatemaster.ge\/fr\/wp-json\/wp\/v2\/product\/33683","targetHints":{"allow":["GET"]}}],"collection":[{"href":"https:\/\/climatemaster.ge\/fr\/wp-json\/wp\/v2\/product"}],"about":[{"href":"https:\/\/climatemaster.ge\/fr\/wp-json\/wp\/v2\/types\/product"}],"wp:featuredmedia":[{"embeddable":true,"href":"https:\/\/climatemaster.ge\/fr\/wp-json\/wp\/v2\/media\/33678"}],"wp:attachment":[{"href":"https:\/\/climatemaster.ge\/fr\/wp-json\/wp\/v2\/media?parent=33683"}],"wp:term":[{"taxonomy":"product_brand","embeddable":true,"href":"https:\/\/climatemaster.ge\/fr\/wp-json\/wp\/v2\/product_brand?post=33683"},{"taxonomy":"product_cat","embeddable":true,"href":"https:\/\/climatemaster.ge\/fr\/wp-json\/wp\/v2\/product_cat?post=33683"},{"taxonomy":"product_tag","embeddable":true,"href":"https:\/\/climatemaster.ge\/fr\/wp-json\/wp\/v2\/product_tag?post=33683"}],"curies":[{"name":"wp","href":"https:\/\/api.w.org\/{rel}","templated":true}]}}