{"id":33654,"date":"2025-05-26T11:35:56","date_gmt":"2025-05-26T07:35:56","guid":{"rendered":"https:\/\/airsystems.ge\/shop\/product\/air-to-water-reciprocating-heat-pump-pas-kp-packaged-air-to-water-reversible-reciprocating-heat-pump-for-outdoor-use\/"},"modified":"2025-05-26T11:38:12","modified_gmt":"2025-05-26T07:38:12","slug":"air-to-water-reciprocating-heat-pump-pas-kp-packaged-air-to-water-reversible-reciprocating-heat-pump-for-outdoor-use","status":"publish","type":"product","link":"https:\/\/climatemaster.ge\/fr\/produit\/air-to-water-reciprocating-heat-pump-pas-kp-packaged-air-to-water-reversible-reciprocating-heat-pump-for-outdoor-use\/","title":{"rendered":"Pompe \u00e0 chaleur air-eau \u00e0 piston PAS Kp\u00a0: Pompe \u00e0 chaleur air-eau \u00e0 piston r\u00e9versible monobloc pour usage ext\u00e9rieur"},"content":{"rendered":"<div class=\"elementor-element elementor-element-391e72ec elementor-widget elementor-widget-theme-post-content\" data-id=\"391e72ec\" data-element_type=\"widget\" data-widget_type=\"theme-post-content.default\">\n<div class=\"elementor-widget-container\">\n<p>Puissance frigorifique de 36 kW \u00e0 297 kW<br \/>\nPuissance calorifique de 43 kW \u00e0 335 kW<\/p>\n<p>La pompe \u00e0 chaleur air-eau \u00e0 piston r\u00e9versible monobloc au propane d&rsquo;EMICON, utilisant le fluide frigorig\u00e8ne R290 hautement durable, est adapt\u00e9e \u00e0 une utilisation ext\u00e9rieure, pour toutes les applications CVC.<\/p>\n<p>CARACT\u00c9RISTIQUES<\/p>\n<p>\u2022 1 ou 2 circuits de refroidissement ind\u00e9pendants \u00e9quip\u00e9s de 1 ou 2 compresseurs pour chaque circuit.<br \/>\n\u2022 Possibilit\u00e9 d&rsquo;interfa\u00e7age avec un syst\u00e8me de gestion technique de b\u00e2timent (GTC).<br \/>\n\u2022 Un capteur de fuite coupe les compresseurs et active le ventilateur d&rsquo;extraction en cas de fuite de fluide frigorig\u00e8ne. \u2022 Fonctionnement en mode froid jusqu&rsquo;\u00e0 -10 \u00b0C<\/p>\n<p>OPTIONS<\/p>\n<p>\u2022 Fonctionnement en mode froid jusqu&rsquo;\u00e0 -20 \u00b0C (option BF)<br \/>\n\u2022 Coffret compresseur insonoris\u00e9 avec mat\u00e9riau plus \u00e9pais<br \/>\n\u2022 R\u00e9cup\u00e9ration de chaleur partielle<br \/>\n\u2022 Vanne thermostatique \u00e9lectronique<br \/>\n\u2022 Syst\u00e8me de d\u00e9marrage du compresseur \u00e0 enroulement partiel<br \/>\n\u2022 Syst\u00e8me en cascade avanc\u00e9 \u2013 jusqu&rsquo;\u00e0 6 unit\u00e9s<br \/>\n\u2022 Interface s\u00e9rie BACNET ou TCP\/IP avec RS 485<br \/>\n\u2022 Variateur de fr\u00e9quence pour pompe<br \/>\n\u2022 Syst\u00e8me de supervision Hiweb<\/p>\n<\/div>\n<\/div>\n<div class=\"elementor-element elementor-element-427e8a79 e-flex e-con-boxed e-con e-child\" data-id=\"427e8a79\" data-element_type=\"container\">\n<div class=\"e-con-inner\">\n<div class=\"elementor-element elementor-element-6e19ed90 hidebutton mc-bl elementor-align-left elementor-widget elementor-widget-button\" data-id=\"6e19ed90\" data-element_type=\"widget\" data-widget_type=\"button.default\">\n<div class=\"elementor-widget-container\">\n<div class=\"elementor-button-wrapper\"><a class=\"elementor-button elementor-button-link elementor-size-sm\" href=\"https:\/\/www.enextechnologies.com\/wp-content\/uploads\/2024\/09\/ONE-PAGER-PAS-KP_ENG.pdf\" target=\"_blank\" rel=\"noopener\"><span class=\"elementor-button-content-wrapper\"><span class=\"elementor-button-text\">ONE PAGER<\/span><\/span><\/a><\/div>\n<\/div>\n<\/div>\n<div class=\"elementor-element elementor-element-13f5f820 hidebutton mc-bl elementor-align-left elementor-widget elementor-widget-button\" data-id=\"13f5f820\" data-element_type=\"widget\" data-widget_type=\"button.default\">\n<div class=\"elementor-widget-container\">\n<div class=\"elementor-button-wrapper\"><a class=\"elementor-button elementor-button-link elementor-size-sm\" href=\"https:\/\/www.enextechnologies.com\/wp-content\/uploads\/2024\/09\/PAS-KP_ENG.pdf\" target=\"_blank\" rel=\"noopener\"><span class=\"elementor-button-content-wrapper\"><span class=\"elementor-button-text\">BROCHURE<\/span><\/span><\/a><\/div>\n<\/div>\n<\/div>\n<\/div>\n<\/div>\n","protected":false},"excerpt":{"rendered":"<p>Puissance frigorifique de 36 kW \u00e0 297 kW Puissance calorifique de 43 kW \u00e0 335 kW La pompe \u00e0 chaleur<\/p>\n","protected":false},"featured_media":33649,"template":"","meta":[],"product_brand":[],"product_cat":[682,1667],"product_tag":[],"class_list":{"0":"post-33654","1":"product","2":"type-product","3":"status-publish","4":"has-post-thumbnail","6":"product_cat-climatiseurs-fr-industriels","7":"product_cat-pompe-a-chaleur","9":"first","10":"instock","11":"shipping-taxable","12":"product-type-simple"},"yoast_head":"<!-- This site is optimized with the Yoast SEO plugin v27.1.1 - https:\/\/yoast.com\/product\/yoast-seo-wordpress\/ -->\n<title>Pompe \u00e0 chaleur air-eau \u00e0 piston PAS Kp\u00a0: Pompe \u00e0 chaleur air-eau \u00e0 piston r\u00e9versible monobloc pour usage ext\u00e9rieur - Climate Master<\/title>\n<meta name=\"robots\" content=\"index, follow, max-snippet:-1, max-image-preview:large, max-video-preview:-1\" \/>\n<link rel=\"canonical\" href=\"https:\/\/climatemaster.ge\/fr\/produit\/air-to-water-reciprocating-heat-pump-pas-kp-packaged-air-to-water-reversible-reciprocating-heat-pump-for-outdoor-use\/\" \/>\n<meta property=\"og:locale\" content=\"fr_FR\" \/>\n<meta property=\"og:type\" content=\"article\" \/>\n<meta property=\"og:title\" content=\"Pompe \u00e0 chaleur air-eau \u00e0 piston PAS Kp\u00a0: Pompe \u00e0 chaleur air-eau \u00e0 piston r\u00e9versible monobloc pour usage ext\u00e9rieur - Climate Master\" \/>\n<meta property=\"og:description\" content=\"Puissance frigorifique de 36 kW \u00e0 297 kW Puissance calorifique de 43 kW \u00e0 335 kW La pompe \u00e0 chaleur\" \/>\n<meta property=\"og:url\" content=\"https:\/\/climatemaster.ge\/fr\/produit\/air-to-water-reciprocating-heat-pump-pas-kp-packaged-air-to-water-reversible-reciprocating-heat-pump-for-outdoor-use\/\" \/>\n<meta property=\"og:site_name\" content=\"Climate Master\" \/>\n<meta property=\"article:modified_time\" content=\"2025-05-26T07:38:12+00:00\" \/>\n<meta property=\"og:image\" content=\"https:\/\/climatemaster.ge\/wp-content\/uploads\/2025\/05\/PAS-Kp-1-qjoxhpm78p2zn7edc3yomfwh8339mkdlyo2t94otaw.png\" \/>\n\t<meta property=\"og:image:width\" content=\"700\" \/>\n\t<meta property=\"og:image:height\" content=\"700\" \/>\n\t<meta property=\"og:image:type\" content=\"image\/png\" \/>\n<meta name=\"twitter:card\" content=\"summary_large_image\" \/>\n<meta name=\"twitter:label1\" content=\"Dur\u00e9e de lecture estim\u00e9e\" \/>\n\t<meta name=\"twitter:data1\" content=\"1 minute\" \/>\n<script type=\"application\/ld+json\" class=\"yoast-schema-graph\">{\"@context\":\"https:\/\/schema.org\",\"@graph\":[{\"@type\":\"WebPage\",\"@id\":\"https:\/\/climatemaster.ge\/fr\/produit\/air-to-water-reciprocating-heat-pump-pas-kp-packaged-air-to-water-reversible-reciprocating-heat-pump-for-outdoor-use\/\",\"url\":\"https:\/\/climatemaster.ge\/fr\/produit\/air-to-water-reciprocating-heat-pump-pas-kp-packaged-air-to-water-reversible-reciprocating-heat-pump-for-outdoor-use\/\",\"name\":\"Pompe \u00e0 chaleur air-eau \u00e0 piston PAS Kp\u00a0: Pompe \u00e0 chaleur air-eau \u00e0 piston r\u00e9versible monobloc pour usage ext\u00e9rieur - Climate Master\",\"isPartOf\":{\"@id\":\"https:\/\/climatemaster.ge\/#website\"},\"primaryImageOfPage\":{\"@id\":\"https:\/\/climatemaster.ge\/fr\/produit\/air-to-water-reciprocating-heat-pump-pas-kp-packaged-air-to-water-reversible-reciprocating-heat-pump-for-outdoor-use\/#primaryimage\"},\"image\":{\"@id\":\"https:\/\/climatemaster.ge\/fr\/produit\/air-to-water-reciprocating-heat-pump-pas-kp-packaged-air-to-water-reversible-reciprocating-heat-pump-for-outdoor-use\/#primaryimage\"},\"thumbnailUrl\":\"https:\/\/climatemaster.ge\/wp-content\/uploads\/2025\/05\/PAS-Kp-1-qjoxhpm78p2zn7edc3yomfwh8339mkdlyo2t94otaw.png\",\"datePublished\":\"2025-05-26T07:35:56+00:00\",\"dateModified\":\"2025-05-26T07:38:12+00:00\",\"breadcrumb\":{\"@id\":\"https:\/\/climatemaster.ge\/fr\/produit\/air-to-water-reciprocating-heat-pump-pas-kp-packaged-air-to-water-reversible-reciprocating-heat-pump-for-outdoor-use\/#breadcrumb\"},\"inLanguage\":\"fr-FR\",\"potentialAction\":[{\"@type\":\"ReadAction\",\"target\":[\"https:\/\/climatemaster.ge\/fr\/produit\/air-to-water-reciprocating-heat-pump-pas-kp-packaged-air-to-water-reversible-reciprocating-heat-pump-for-outdoor-use\/\"]}]},{\"@type\":\"ImageObject\",\"inLanguage\":\"fr-FR\",\"@id\":\"https:\/\/climatemaster.ge\/fr\/produit\/air-to-water-reciprocating-heat-pump-pas-kp-packaged-air-to-water-reversible-reciprocating-heat-pump-for-outdoor-use\/#primaryimage\",\"url\":\"https:\/\/climatemaster.ge\/wp-content\/uploads\/2025\/05\/PAS-Kp-1-qjoxhpm78p2zn7edc3yomfwh8339mkdlyo2t94otaw.png\",\"contentUrl\":\"https:\/\/climatemaster.ge\/wp-content\/uploads\/2025\/05\/PAS-Kp-1-qjoxhpm78p2zn7edc3yomfwh8339mkdlyo2t94otaw.png\",\"width\":700,\"height\":700},{\"@type\":\"BreadcrumbList\",\"@id\":\"https:\/\/climatemaster.ge\/fr\/produit\/air-to-water-reciprocating-heat-pump-pas-kp-packaged-air-to-water-reversible-reciprocating-heat-pump-for-outdoor-use\/#breadcrumb\",\"itemListElement\":[{\"@type\":\"ListItem\",\"position\":1,\"name\":\"Home\",\"item\":\"https:\/\/climatemaster.ge\/\"},{\"@type\":\"ListItem\",\"position\":2,\"name\":\"Products\",\"item\":\"https:\/\/climatemaster.ge\/products\/\"},{\"@type\":\"ListItem\",\"position\":3,\"name\":\"Pompe \u00e0 chaleur air-eau \u00e0 piston PAS Kp\u00a0: Pompe \u00e0 chaleur air-eau \u00e0 piston r\u00e9versible monobloc pour usage ext\u00e9rieur\"}]},{\"@type\":\"WebSite\",\"@id\":\"https:\/\/climatemaster.ge\/#website\",\"url\":\"https:\/\/climatemaster.ge\/\",\"name\":\"Climate Master\",\"description\":\"\",\"publisher\":{\"@id\":\"https:\/\/climatemaster.ge\/#organization\"},\"potentialAction\":[{\"@type\":\"SearchAction\",\"target\":{\"@type\":\"EntryPoint\",\"urlTemplate\":\"https:\/\/climatemaster.ge\/?s={search_term_string}\"},\"query-input\":{\"@type\":\"PropertyValueSpecification\",\"valueRequired\":true,\"valueName\":\"search_term_string\"}}],\"inLanguage\":\"fr-FR\"},{\"@type\":\"Organization\",\"@id\":\"https:\/\/climatemaster.ge\/#organization\",\"name\":\"Climate Master\",\"url\":\"https:\/\/climatemaster.ge\/\",\"logo\":{\"@type\":\"ImageObject\",\"inLanguage\":\"fr-FR\",\"@id\":\"https:\/\/climatemaster.ge\/#\/schema\/logo\/image\/\",\"url\":\"https:\/\/climatemaster.ge\/wp-content\/uploads\/2026\/03\/Untitled-2.png\",\"contentUrl\":\"https:\/\/climatemaster.ge\/wp-content\/uploads\/2026\/03\/Untitled-2.png\",\"width\":600,\"height\":338,\"caption\":\"Climate Master\"},\"image\":{\"@id\":\"https:\/\/climatemaster.ge\/#\/schema\/logo\/image\/\"}}]}<\/script>\n<!-- \/ Yoast SEO plugin. -->","yoast_head_json":{"title":"Pompe \u00e0 chaleur air-eau \u00e0 piston PAS Kp\u00a0: Pompe \u00e0 chaleur air-eau \u00e0 piston r\u00e9versible monobloc pour usage ext\u00e9rieur - Climate Master","robots":{"index":"index","follow":"follow","max-snippet":"max-snippet:-1","max-image-preview":"max-image-preview:large","max-video-preview":"max-video-preview:-1"},"canonical":"https:\/\/climatemaster.ge\/fr\/produit\/air-to-water-reciprocating-heat-pump-pas-kp-packaged-air-to-water-reversible-reciprocating-heat-pump-for-outdoor-use\/","og_locale":"fr_FR","og_type":"article","og_title":"Pompe \u00e0 chaleur air-eau \u00e0 piston PAS Kp\u00a0: Pompe \u00e0 chaleur air-eau \u00e0 piston r\u00e9versible monobloc pour usage ext\u00e9rieur - Climate Master","og_description":"Puissance frigorifique de 36 kW \u00e0 297 kW Puissance calorifique de 43 kW \u00e0 335 kW La pompe \u00e0 chaleur","og_url":"https:\/\/climatemaster.ge\/fr\/produit\/air-to-water-reciprocating-heat-pump-pas-kp-packaged-air-to-water-reversible-reciprocating-heat-pump-for-outdoor-use\/","og_site_name":"Climate Master","article_modified_time":"2025-05-26T07:38:12+00:00","og_image":[{"width":700,"height":700,"url":"https:\/\/climatemaster.ge\/wp-content\/uploads\/2025\/05\/PAS-Kp-1-qjoxhpm78p2zn7edc3yomfwh8339mkdlyo2t94otaw.png","type":"image\/png"}],"twitter_card":"summary_large_image","twitter_misc":{"Dur\u00e9e de lecture estim\u00e9e":"1 minute"},"schema":{"@context":"https:\/\/schema.org","@graph":[{"@type":"WebPage","@id":"https:\/\/climatemaster.ge\/fr\/produit\/air-to-water-reciprocating-heat-pump-pas-kp-packaged-air-to-water-reversible-reciprocating-heat-pump-for-outdoor-use\/","url":"https:\/\/climatemaster.ge\/fr\/produit\/air-to-water-reciprocating-heat-pump-pas-kp-packaged-air-to-water-reversible-reciprocating-heat-pump-for-outdoor-use\/","name":"Pompe \u00e0 chaleur air-eau \u00e0 piston PAS Kp\u00a0: Pompe \u00e0 chaleur air-eau \u00e0 piston r\u00e9versible monobloc pour usage ext\u00e9rieur - Climate Master","isPartOf":{"@id":"https:\/\/climatemaster.ge\/#website"},"primaryImageOfPage":{"@id":"https:\/\/climatemaster.ge\/fr\/produit\/air-to-water-reciprocating-heat-pump-pas-kp-packaged-air-to-water-reversible-reciprocating-heat-pump-for-outdoor-use\/#primaryimage"},"image":{"@id":"https:\/\/climatemaster.ge\/fr\/produit\/air-to-water-reciprocating-heat-pump-pas-kp-packaged-air-to-water-reversible-reciprocating-heat-pump-for-outdoor-use\/#primaryimage"},"thumbnailUrl":"https:\/\/climatemaster.ge\/wp-content\/uploads\/2025\/05\/PAS-Kp-1-qjoxhpm78p2zn7edc3yomfwh8339mkdlyo2t94otaw.png","datePublished":"2025-05-26T07:35:56+00:00","dateModified":"2025-05-26T07:38:12+00:00","breadcrumb":{"@id":"https:\/\/climatemaster.ge\/fr\/produit\/air-to-water-reciprocating-heat-pump-pas-kp-packaged-air-to-water-reversible-reciprocating-heat-pump-for-outdoor-use\/#breadcrumb"},"inLanguage":"fr-FR","potentialAction":[{"@type":"ReadAction","target":["https:\/\/climatemaster.ge\/fr\/produit\/air-to-water-reciprocating-heat-pump-pas-kp-packaged-air-to-water-reversible-reciprocating-heat-pump-for-outdoor-use\/"]}]},{"@type":"ImageObject","inLanguage":"fr-FR","@id":"https:\/\/climatemaster.ge\/fr\/produit\/air-to-water-reciprocating-heat-pump-pas-kp-packaged-air-to-water-reversible-reciprocating-heat-pump-for-outdoor-use\/#primaryimage","url":"https:\/\/climatemaster.ge\/wp-content\/uploads\/2025\/05\/PAS-Kp-1-qjoxhpm78p2zn7edc3yomfwh8339mkdlyo2t94otaw.png","contentUrl":"https:\/\/climatemaster.ge\/wp-content\/uploads\/2025\/05\/PAS-Kp-1-qjoxhpm78p2zn7edc3yomfwh8339mkdlyo2t94otaw.png","width":700,"height":700},{"@type":"BreadcrumbList","@id":"https:\/\/climatemaster.ge\/fr\/produit\/air-to-water-reciprocating-heat-pump-pas-kp-packaged-air-to-water-reversible-reciprocating-heat-pump-for-outdoor-use\/#breadcrumb","itemListElement":[{"@type":"ListItem","position":1,"name":"Home","item":"https:\/\/climatemaster.ge\/"},{"@type":"ListItem","position":2,"name":"Products","item":"https:\/\/climatemaster.ge\/products\/"},{"@type":"ListItem","position":3,"name":"Pompe \u00e0 chaleur air-eau \u00e0 piston PAS Kp\u00a0: Pompe \u00e0 chaleur air-eau \u00e0 piston r\u00e9versible monobloc pour usage ext\u00e9rieur"}]},{"@type":"WebSite","@id":"https:\/\/climatemaster.ge\/#website","url":"https:\/\/climatemaster.ge\/","name":"Climate Master","description":"","publisher":{"@id":"https:\/\/climatemaster.ge\/#organization"},"potentialAction":[{"@type":"SearchAction","target":{"@type":"EntryPoint","urlTemplate":"https:\/\/climatemaster.ge\/?s={search_term_string}"},"query-input":{"@type":"PropertyValueSpecification","valueRequired":true,"valueName":"search_term_string"}}],"inLanguage":"fr-FR"},{"@type":"Organization","@id":"https:\/\/climatemaster.ge\/#organization","name":"Climate Master","url":"https:\/\/climatemaster.ge\/","logo":{"@type":"ImageObject","inLanguage":"fr-FR","@id":"https:\/\/climatemaster.ge\/#\/schema\/logo\/image\/","url":"https:\/\/climatemaster.ge\/wp-content\/uploads\/2026\/03\/Untitled-2.png","contentUrl":"https:\/\/climatemaster.ge\/wp-content\/uploads\/2026\/03\/Untitled-2.png","width":600,"height":338,"caption":"Climate Master"},"image":{"@id":"https:\/\/climatemaster.ge\/#\/schema\/logo\/image\/"}}]}},"_links":{"self":[{"href":"https:\/\/climatemaster.ge\/fr\/wp-json\/wp\/v2\/product\/33654","targetHints":{"allow":["GET"]}}],"collection":[{"href":"https:\/\/climatemaster.ge\/fr\/wp-json\/wp\/v2\/product"}],"about":[{"href":"https:\/\/climatemaster.ge\/fr\/wp-json\/wp\/v2\/types\/product"}],"wp:featuredmedia":[{"embeddable":true,"href":"https:\/\/climatemaster.ge\/fr\/wp-json\/wp\/v2\/media\/33649"}],"wp:attachment":[{"href":"https:\/\/climatemaster.ge\/fr\/wp-json\/wp\/v2\/media?parent=33654"}],"wp:term":[{"taxonomy":"product_brand","embeddable":true,"href":"https:\/\/climatemaster.ge\/fr\/wp-json\/wp\/v2\/product_brand?post=33654"},{"taxonomy":"product_cat","embeddable":true,"href":"https:\/\/climatemaster.ge\/fr\/wp-json\/wp\/v2\/product_cat?post=33654"},{"taxonomy":"product_tag","embeddable":true,"href":"https:\/\/climatemaster.ge\/fr\/wp-json\/wp\/v2\/product_tag?post=33654"}],"curies":[{"name":"wp","href":"https:\/\/api.w.org\/{rel}","templated":true}]}}