{"id":33504,"date":"2025-05-25T21:12:45","date_gmt":"2025-05-25T17:12:45","guid":{"rendered":"https:\/\/airsystems.ge\/shop\/product\/piston-unit-piston-condensing-units\/"},"modified":"2025-05-25T21:15:56","modified_gmt":"2025-05-25T17:15:56","slug":"piston-unit-piston-condensing-units","status":"publish","type":"product","link":"https:\/\/climatemaster.ge\/fr\/produit\/piston-unit-piston-condensing-units\/","title":{"rendered":"Groupe \u00e0 pistons Groupes de condensation \u00e0 pistons AXIAL CENTRIFUGE"},"content":{"rendered":"","protected":false},"excerpt":{"rendered":"<p>Nos groupes de condensation \u00e0 pistons offrent une efficacit\u00e9 maximale et une consommation \u00e9nerg\u00e9tique r\u00e9duite en utilisant tous les r\u00e9frig\u00e9rants disponibles, y compris les A2L avec un PRG &lt; 150.<\/p>\n<p>Compresseurs \u00e0 pistons propos\u00e9s\u00a0:<\/p>\n<p>\u2013 Bitzer<\/p>\n<p>\u2013 Copeland<\/p>\n<p>\u2013 Dorin<\/p>\n<p>Condenseur mont\u00e9 avec ventilateurs axiaux ou centrifuges.<\/p>\n<p>En option\u00a0:<\/p>\n<p>Armoire \u00e9lectrique mont\u00e9e et c\u00e2bl\u00e9e ou d\u00e9port\u00e9e<br \/>\nHabillage (avec ou sans isolation acoustique)<br \/>\nS\u00e9parateur d&rsquo;huile<br \/>\nAccumulateur d&rsquo;air d&rsquo;aspiration<br \/>\nVariateur de fr\u00e9quence<\/p>\n","protected":false},"featured_media":33499,"template":"","meta":[],"product_brand":[],"product_cat":[682,1661],"product_tag":[],"class_list":{"0":"post-33504","1":"product","2":"type-product","3":"status-publish","4":"has-post-thumbnail","6":"product_cat-climatiseurs-fr-industriels","7":"product_cat-unite-de-condensation","9":"first","10":"instock","11":"shipping-taxable","12":"product-type-simple"},"yoast_head":"<!-- This site is optimized with the Yoast SEO plugin v27.1.1 - https:\/\/yoast.com\/product\/yoast-seo-wordpress\/ -->\n<title>Groupe \u00e0 pistons Groupes de condensation \u00e0 pistons AXIAL CENTRIFUGE - Climate Master<\/title>\n<meta name=\"robots\" content=\"index, follow, max-snippet:-1, max-image-preview:large, max-video-preview:-1\" \/>\n<link rel=\"canonical\" href=\"https:\/\/climatemaster.ge\/fr\/produit\/piston-unit-piston-condensing-units\/\" \/>\n<meta property=\"og:locale\" content=\"fr_FR\" \/>\n<meta property=\"og:type\" content=\"article\" \/>\n<meta property=\"og:title\" content=\"Groupe \u00e0 pistons Groupes de condensation \u00e0 pistons AXIAL CENTRIFUGE - Climate Master\" \/>\n<meta property=\"og:description\" content=\"Nos groupes de condensation \u00e0 pistons offrent une efficacit\u00e9 maximale et une consommation \u00e9nerg\u00e9tique r\u00e9duite en utilisant tous les r\u00e9frig\u00e9rants disponibles, y compris les A2L avec un PRG &lt; 150.  Compresseurs \u00e0 pistons propos\u00e9s\u00a0:  \u2013 Bitzer  \u2013 Copeland  \u2013 Dorin  Condenseur mont\u00e9 avec ventilateurs axiaux ou centrifuges.  En option\u00a0:  Armoire \u00e9lectrique mont\u00e9e et c\u00e2bl\u00e9e ou d\u00e9port\u00e9e Habillage (avec ou sans isolation acoustique) S\u00e9parateur d&#039;huile Accumulateur d&#039;air d&#039;aspiration Variateur de fr\u00e9quence\" \/>\n<meta property=\"og:url\" content=\"https:\/\/climatemaster.ge\/fr\/produit\/piston-unit-piston-condensing-units\/\" \/>\n<meta property=\"og:site_name\" content=\"Climate Master\" \/>\n<meta property=\"article:modified_time\" content=\"2025-05-25T17:15:56+00:00\" \/>\n<meta property=\"og:image\" content=\"https:\/\/climatemaster.ge\/wp-content\/uploads\/2025\/05\/SEMI-HERMETIC-CONDENSING-UNIT-ok-big-pywsztcko9fv6m4te0ehrkzclo69wjmg8mj0u9qfto.png\" \/>\n\t<meta property=\"og:image:width\" content=\"500\" \/>\n\t<meta property=\"og:image:height\" content=\"374\" \/>\n\t<meta property=\"og:image:type\" content=\"image\/png\" \/>\n<meta name=\"twitter:card\" content=\"summary_large_image\" \/>\n<script type=\"application\/ld+json\" class=\"yoast-schema-graph\">{\"@context\":\"https:\/\/schema.org\",\"@graph\":[{\"@type\":\"WebPage\",\"@id\":\"https:\/\/climatemaster.ge\/fr\/produit\/piston-unit-piston-condensing-units\/\",\"url\":\"https:\/\/climatemaster.ge\/fr\/produit\/piston-unit-piston-condensing-units\/\",\"name\":\"Groupe \u00e0 pistons Groupes de condensation \u00e0 pistons AXIAL CENTRIFUGE - Climate Master\",\"isPartOf\":{\"@id\":\"https:\/\/climatemaster.ge\/#website\"},\"primaryImageOfPage\":{\"@id\":\"https:\/\/climatemaster.ge\/fr\/produit\/piston-unit-piston-condensing-units\/#primaryimage\"},\"image\":{\"@id\":\"https:\/\/climatemaster.ge\/fr\/produit\/piston-unit-piston-condensing-units\/#primaryimage\"},\"thumbnailUrl\":\"https:\/\/climatemaster.ge\/wp-content\/uploads\/2025\/05\/SEMI-HERMETIC-CONDENSING-UNIT-ok-big-pywsztcko9fv6m4te0ehrkzclo69wjmg8mj0u9qfto.png\",\"datePublished\":\"2025-05-25T17:12:45+00:00\",\"dateModified\":\"2025-05-25T17:15:56+00:00\",\"breadcrumb\":{\"@id\":\"https:\/\/climatemaster.ge\/fr\/produit\/piston-unit-piston-condensing-units\/#breadcrumb\"},\"inLanguage\":\"fr-FR\",\"potentialAction\":[{\"@type\":\"ReadAction\",\"target\":[\"https:\/\/climatemaster.ge\/fr\/produit\/piston-unit-piston-condensing-units\/\"]}]},{\"@type\":\"ImageObject\",\"inLanguage\":\"fr-FR\",\"@id\":\"https:\/\/climatemaster.ge\/fr\/produit\/piston-unit-piston-condensing-units\/#primaryimage\",\"url\":\"https:\/\/climatemaster.ge\/wp-content\/uploads\/2025\/05\/SEMI-HERMETIC-CONDENSING-UNIT-ok-big-pywsztcko9fv6m4te0ehrkzclo69wjmg8mj0u9qfto.png\",\"contentUrl\":\"https:\/\/climatemaster.ge\/wp-content\/uploads\/2025\/05\/SEMI-HERMETIC-CONDENSING-UNIT-ok-big-pywsztcko9fv6m4te0ehrkzclo69wjmg8mj0u9qfto.png\",\"width\":500,\"height\":374},{\"@type\":\"BreadcrumbList\",\"@id\":\"https:\/\/climatemaster.ge\/fr\/produit\/piston-unit-piston-condensing-units\/#breadcrumb\",\"itemListElement\":[{\"@type\":\"ListItem\",\"position\":1,\"name\":\"Home\",\"item\":\"https:\/\/climatemaster.ge\/\"},{\"@type\":\"ListItem\",\"position\":2,\"name\":\"Products\",\"item\":\"https:\/\/climatemaster.ge\/products\/\"},{\"@type\":\"ListItem\",\"position\":3,\"name\":\"Groupe \u00e0 pistons Groupes de condensation \u00e0 pistons AXIAL CENTRIFUGE\"}]},{\"@type\":\"WebSite\",\"@id\":\"https:\/\/climatemaster.ge\/#website\",\"url\":\"https:\/\/climatemaster.ge\/\",\"name\":\"Climate Master\",\"description\":\"\",\"publisher\":{\"@id\":\"https:\/\/climatemaster.ge\/#organization\"},\"potentialAction\":[{\"@type\":\"SearchAction\",\"target\":{\"@type\":\"EntryPoint\",\"urlTemplate\":\"https:\/\/climatemaster.ge\/?s={search_term_string}\"},\"query-input\":{\"@type\":\"PropertyValueSpecification\",\"valueRequired\":true,\"valueName\":\"search_term_string\"}}],\"inLanguage\":\"fr-FR\"},{\"@type\":\"Organization\",\"@id\":\"https:\/\/climatemaster.ge\/#organization\",\"name\":\"Climate Master\",\"url\":\"https:\/\/climatemaster.ge\/\",\"logo\":{\"@type\":\"ImageObject\",\"inLanguage\":\"fr-FR\",\"@id\":\"https:\/\/climatemaster.ge\/#\/schema\/logo\/image\/\",\"url\":\"https:\/\/climatemaster.ge\/wp-content\/uploads\/2026\/03\/Untitled-2.png\",\"contentUrl\":\"https:\/\/climatemaster.ge\/wp-content\/uploads\/2026\/03\/Untitled-2.png\",\"width\":600,\"height\":338,\"caption\":\"Climate Master\"},\"image\":{\"@id\":\"https:\/\/climatemaster.ge\/#\/schema\/logo\/image\/\"}}]}<\/script>\n<!-- \/ Yoast SEO plugin. -->","yoast_head_json":{"title":"Groupe \u00e0 pistons Groupes de condensation \u00e0 pistons AXIAL CENTRIFUGE - Climate Master","robots":{"index":"index","follow":"follow","max-snippet":"max-snippet:-1","max-image-preview":"max-image-preview:large","max-video-preview":"max-video-preview:-1"},"canonical":"https:\/\/climatemaster.ge\/fr\/produit\/piston-unit-piston-condensing-units\/","og_locale":"fr_FR","og_type":"article","og_title":"Groupe \u00e0 pistons Groupes de condensation \u00e0 pistons AXIAL CENTRIFUGE - Climate Master","og_description":"Nos groupes de condensation \u00e0 pistons offrent une efficacit\u00e9 maximale et une consommation \u00e9nerg\u00e9tique r\u00e9duite en utilisant tous les r\u00e9frig\u00e9rants disponibles, y compris les A2L avec un PRG &lt; 150.  Compresseurs \u00e0 pistons propos\u00e9s\u00a0:  \u2013 Bitzer  \u2013 Copeland  \u2013 Dorin  Condenseur mont\u00e9 avec ventilateurs axiaux ou centrifuges.  En option\u00a0:  Armoire \u00e9lectrique mont\u00e9e et c\u00e2bl\u00e9e ou d\u00e9port\u00e9e Habillage (avec ou sans isolation acoustique) S\u00e9parateur d'huile Accumulateur d'air d'aspiration Variateur de fr\u00e9quence","og_url":"https:\/\/climatemaster.ge\/fr\/produit\/piston-unit-piston-condensing-units\/","og_site_name":"Climate Master","article_modified_time":"2025-05-25T17:15:56+00:00","og_image":[{"width":500,"height":374,"url":"https:\/\/climatemaster.ge\/wp-content\/uploads\/2025\/05\/SEMI-HERMETIC-CONDENSING-UNIT-ok-big-pywsztcko9fv6m4te0ehrkzclo69wjmg8mj0u9qfto.png","type":"image\/png"}],"twitter_card":"summary_large_image","schema":{"@context":"https:\/\/schema.org","@graph":[{"@type":"WebPage","@id":"https:\/\/climatemaster.ge\/fr\/produit\/piston-unit-piston-condensing-units\/","url":"https:\/\/climatemaster.ge\/fr\/produit\/piston-unit-piston-condensing-units\/","name":"Groupe \u00e0 pistons Groupes de condensation \u00e0 pistons AXIAL CENTRIFUGE - Climate Master","isPartOf":{"@id":"https:\/\/climatemaster.ge\/#website"},"primaryImageOfPage":{"@id":"https:\/\/climatemaster.ge\/fr\/produit\/piston-unit-piston-condensing-units\/#primaryimage"},"image":{"@id":"https:\/\/climatemaster.ge\/fr\/produit\/piston-unit-piston-condensing-units\/#primaryimage"},"thumbnailUrl":"https:\/\/climatemaster.ge\/wp-content\/uploads\/2025\/05\/SEMI-HERMETIC-CONDENSING-UNIT-ok-big-pywsztcko9fv6m4te0ehrkzclo69wjmg8mj0u9qfto.png","datePublished":"2025-05-25T17:12:45+00:00","dateModified":"2025-05-25T17:15:56+00:00","breadcrumb":{"@id":"https:\/\/climatemaster.ge\/fr\/produit\/piston-unit-piston-condensing-units\/#breadcrumb"},"inLanguage":"fr-FR","potentialAction":[{"@type":"ReadAction","target":["https:\/\/climatemaster.ge\/fr\/produit\/piston-unit-piston-condensing-units\/"]}]},{"@type":"ImageObject","inLanguage":"fr-FR","@id":"https:\/\/climatemaster.ge\/fr\/produit\/piston-unit-piston-condensing-units\/#primaryimage","url":"https:\/\/climatemaster.ge\/wp-content\/uploads\/2025\/05\/SEMI-HERMETIC-CONDENSING-UNIT-ok-big-pywsztcko9fv6m4te0ehrkzclo69wjmg8mj0u9qfto.png","contentUrl":"https:\/\/climatemaster.ge\/wp-content\/uploads\/2025\/05\/SEMI-HERMETIC-CONDENSING-UNIT-ok-big-pywsztcko9fv6m4te0ehrkzclo69wjmg8mj0u9qfto.png","width":500,"height":374},{"@type":"BreadcrumbList","@id":"https:\/\/climatemaster.ge\/fr\/produit\/piston-unit-piston-condensing-units\/#breadcrumb","itemListElement":[{"@type":"ListItem","position":1,"name":"Home","item":"https:\/\/climatemaster.ge\/"},{"@type":"ListItem","position":2,"name":"Products","item":"https:\/\/climatemaster.ge\/products\/"},{"@type":"ListItem","position":3,"name":"Groupe \u00e0 pistons Groupes de condensation \u00e0 pistons AXIAL CENTRIFUGE"}]},{"@type":"WebSite","@id":"https:\/\/climatemaster.ge\/#website","url":"https:\/\/climatemaster.ge\/","name":"Climate Master","description":"","publisher":{"@id":"https:\/\/climatemaster.ge\/#organization"},"potentialAction":[{"@type":"SearchAction","target":{"@type":"EntryPoint","urlTemplate":"https:\/\/climatemaster.ge\/?s={search_term_string}"},"query-input":{"@type":"PropertyValueSpecification","valueRequired":true,"valueName":"search_term_string"}}],"inLanguage":"fr-FR"},{"@type":"Organization","@id":"https:\/\/climatemaster.ge\/#organization","name":"Climate Master","url":"https:\/\/climatemaster.ge\/","logo":{"@type":"ImageObject","inLanguage":"fr-FR","@id":"https:\/\/climatemaster.ge\/#\/schema\/logo\/image\/","url":"https:\/\/climatemaster.ge\/wp-content\/uploads\/2026\/03\/Untitled-2.png","contentUrl":"https:\/\/climatemaster.ge\/wp-content\/uploads\/2026\/03\/Untitled-2.png","width":600,"height":338,"caption":"Climate Master"},"image":{"@id":"https:\/\/climatemaster.ge\/#\/schema\/logo\/image\/"}}]}},"_links":{"self":[{"href":"https:\/\/climatemaster.ge\/fr\/wp-json\/wp\/v2\/product\/33504","targetHints":{"allow":["GET"]}}],"collection":[{"href":"https:\/\/climatemaster.ge\/fr\/wp-json\/wp\/v2\/product"}],"about":[{"href":"https:\/\/climatemaster.ge\/fr\/wp-json\/wp\/v2\/types\/product"}],"wp:featuredmedia":[{"embeddable":true,"href":"https:\/\/climatemaster.ge\/fr\/wp-json\/wp\/v2\/media\/33499"}],"wp:attachment":[{"href":"https:\/\/climatemaster.ge\/fr\/wp-json\/wp\/v2\/media?parent=33504"}],"wp:term":[{"taxonomy":"product_brand","embeddable":true,"href":"https:\/\/climatemaster.ge\/fr\/wp-json\/wp\/v2\/product_brand?post=33504"},{"taxonomy":"product_cat","embeddable":true,"href":"https:\/\/climatemaster.ge\/fr\/wp-json\/wp\/v2\/product_cat?post=33504"},{"taxonomy":"product_tag","embeddable":true,"href":"https:\/\/climatemaster.ge\/fr\/wp-json\/wp\/v2\/product_tag?post=33504"}],"curies":[{"name":"wp","href":"https:\/\/api.w.org\/{rel}","templated":true}]}}